{"id":36388,"date":"2022-11-25T16:17:20","date_gmt":"2022-11-25T09:17:20","guid":{"rendered":"https:\/\/mouldking.store\/?post_type=product&#038;p=36388"},"modified":"2022-11-25T16:17:20","modified_gmt":"2022-11-25T09:17:20","slug":"rihio-g5-02-smash-up","status":"publish","type":"product","link":"https:\/\/mouldking.store\/de\/shop\/rihio-g5-02-smash-up\/","title":{"rendered":"RIHIO G5-02 ZERST\u00d6REN"},"content":{"rendered":"<p>Produktinformation:<\/p>\n<ol>\n<li>Marke: RIHIO<\/li>\n<li>Geschlecht: Unisex<\/li>\n<li>Name: ZERSCHLAGEN<\/li>\n<li>Altersspanne: &gt; 6 Jahre alt<\/li>\n<li>Modellnummer: G5-02<\/li>\n<li>Einstufung: Assemblage<\/li>\n<li>Kunststoffblockform: Selbstsichernde Steine<\/li>\n<li>Material: Kunststoff<\/li>\n<li>Kunststofftyp: ABS<\/li>\n<li>Gr\u00f6\u00dfe: 9 x 13 cm<\/li>\n<li>Enth\u00e4lt eine ausf\u00fchrliche Montageanleitung.<\/li>\n<\/ol>\n<p>Notiz:<br \/>\n1. Ohne Originalverpackung, aber wir garantieren, dass unsere Produkte eine Qualit\u00e4tssicherung und eine sch\u00f6ne Verpackung haben.<br \/>\n2. Wie alle Teile, die wir vor dem Versand \u00fcberpr\u00fcft haben, machen Sie sich keine Sorgen, wenn Sie feststellen, dass einige Teile fehlen oder besch\u00e4digt sind, und kontaktieren Sie uns einfach, und wir k\u00f6nnen sie Ihnen umgehend kostenlos erneut zusenden.<\/p>\n<figure id=\"attachment_36389\" aria-describedby=\"caption-attachment-36389\" style=\"width: 800px\" class=\"wp-caption aligncenter\"><img fetchpriority=\"high\" decoding=\"async\" class=\"wp-image-36389 size-full\" src=\"https:\/\/mouldking.store\/wp-content\/uploads\/2022\/11\/RIHIO-G5-02-SMASH-UP-10.jpg\" alt=\"RIHIO G5-02 SMASH UP\" width=\"800\" height=\"800\" title=\"-\" srcset=\"https:\/\/mouldking.store\/wp-content\/uploads\/2022\/11\/RIHIO-G5-02-SMASH-UP-10.jpg 800w, https:\/\/mouldking.store\/wp-content\/uploads\/2022\/11\/RIHIO-G5-02-SMASH-UP-10-300x300.jpg 300w, https:\/\/mouldking.store\/wp-content\/uploads\/2022\/11\/RIHIO-G5-02-SMASH-UP-10-768x768.jpg 768w, https:\/\/mouldking.store\/wp-content\/uploads\/2022\/11\/RIHIO-G5-02-SMASH-UP-10-600x600.jpg 600w, https:\/\/mouldking.store\/wp-content\/uploads\/2022\/11\/RIHIO-G5-02-SMASH-UP-10-150x150.jpg 150w, https:\/\/mouldking.store\/wp-content\/uploads\/2022\/11\/RIHIO-G5-02-SMASH-UP-10-60x60.jpg 60w, https:\/\/mouldking.store\/wp-content\/uploads\/2022\/11\/RIHIO-G5-02-SMASH-UP-10-90x90.jpg 90w\" sizes=\"(max-width: 800px) 100vw, 800px\" \/><figcaption id=\"caption-attachment-36389\" class=\"wp-caption-text\">RIHIO G5-02 ZERST\u00d6REN<\/figcaption><\/figure>\n<figure id=\"attachment_36390\" aria-describedby=\"caption-attachment-36390\" style=\"width: 800px\" class=\"wp-caption aligncenter\"><img decoding=\"async\" class=\"wp-image-36390 size-full\" src=\"https:\/\/mouldking.store\/wp-content\/uploads\/2022\/11\/RIHIO-G5-02-SMASH-UP-9.jpg\" alt=\"RIHIO G5-02 SMASH UP\" width=\"800\" height=\"800\" title=\"-\" srcset=\"https:\/\/mouldking.store\/wp-content\/uploads\/2022\/11\/RIHIO-G5-02-SMASH-UP-9.jpg 800w, https:\/\/mouldking.store\/wp-content\/uploads\/2022\/11\/RIHIO-G5-02-SMASH-UP-9-300x300.jpg 300w, https:\/\/mouldking.store\/wp-content\/uploads\/2022\/11\/RIHIO-G5-02-SMASH-UP-9-768x768.jpg 768w, https:\/\/mouldking.store\/wp-content\/uploads\/2022\/11\/RIHIO-G5-02-SMASH-UP-9-600x600.jpg 600w, https:\/\/mouldking.store\/wp-content\/uploads\/2022\/11\/RIHIO-G5-02-SMASH-UP-9-150x150.jpg 150w, https:\/\/mouldking.store\/wp-content\/uploads\/2022\/11\/RIHIO-G5-02-SMASH-UP-9-60x60.jpg 60w, https:\/\/mouldking.store\/wp-content\/uploads\/2022\/11\/RIHIO-G5-02-SMASH-UP-9-90x90.jpg 90w\" sizes=\"(max-width: 800px) 100vw, 800px\" \/><figcaption id=\"caption-attachment-36390\" class=\"wp-caption-text\">RIHIO G5-02 ZERST\u00d6REN<\/figcaption><\/figure>\n<figure id=\"attachment_36391\" aria-describedby=\"caption-attachment-36391\" style=\"width: 800px\" class=\"wp-caption aligncenter\"><img decoding=\"async\" class=\"wp-image-36391 size-full\" src=\"https:\/\/mouldking.store\/wp-content\/uploads\/2022\/11\/RIHIO-G5-02-SMASH-UP-8.jpg\" alt=\"RIHIO G5-02 SMASH UP\" width=\"800\" height=\"800\" title=\"-\" srcset=\"https:\/\/mouldking.store\/wp-content\/uploads\/2022\/11\/RIHIO-G5-02-SMASH-UP-8.jpg 800w, https:\/\/mouldking.store\/wp-content\/uploads\/2022\/11\/RIHIO-G5-02-SMASH-UP-8-300x300.jpg 300w, https:\/\/mouldking.store\/wp-content\/uploads\/2022\/11\/RIHIO-G5-02-SMASH-UP-8-768x768.jpg 768w, https:\/\/mouldking.store\/wp-content\/uploads\/2022\/11\/RIHIO-G5-02-SMASH-UP-8-600x600.jpg 600w, https:\/\/mouldking.store\/wp-content\/uploads\/2022\/11\/RIHIO-G5-02-SMASH-UP-8-150x150.jpg 150w, https:\/\/mouldking.store\/wp-content\/uploads\/2022\/11\/RIHIO-G5-02-SMASH-UP-8-60x60.jpg 60w, https:\/\/mouldking.store\/wp-content\/uploads\/2022\/11\/RIHIO-G5-02-SMASH-UP-8-90x90.jpg 90w\" sizes=\"(max-width: 800px) 100vw, 800px\" \/><figcaption id=\"caption-attachment-36391\" class=\"wp-caption-text\">RIHIO G5-02 ZERST\u00d6REN<\/figcaption><\/figure>\n<figure id=\"attachment_36392\" aria-describedby=\"caption-attachment-36392\" style=\"width: 800px\" class=\"wp-caption aligncenter\"><img loading=\"lazy\" decoding=\"async\" class=\"wp-image-36392 size-full\" src=\"https:\/\/mouldking.store\/wp-content\/uploads\/2022\/11\/RIHIO-G5-02-SMASH-UP-7.jpg\" alt=\"RIHIO G5-02 SMASH UP\" width=\"800\" height=\"800\" title=\"-\" srcset=\"https:\/\/mouldking.store\/wp-content\/uploads\/2022\/11\/RIHIO-G5-02-SMASH-UP-7.jpg 800w, https:\/\/mouldking.store\/wp-content\/uploads\/2022\/11\/RIHIO-G5-02-SMASH-UP-7-300x300.jpg 300w, https:\/\/mouldking.store\/wp-content\/uploads\/2022\/11\/RIHIO-G5-02-SMASH-UP-7-768x768.jpg 768w, https:\/\/mouldking.store\/wp-content\/uploads\/2022\/11\/RIHIO-G5-02-SMASH-UP-7-600x600.jpg 600w, https:\/\/mouldking.store\/wp-content\/uploads\/2022\/11\/RIHIO-G5-02-SMASH-UP-7-150x150.jpg 150w, https:\/\/mouldking.store\/wp-content\/uploads\/2022\/11\/RIHIO-G5-02-SMASH-UP-7-60x60.jpg 60w, https:\/\/mouldking.store\/wp-content\/uploads\/2022\/11\/RIHIO-G5-02-SMASH-UP-7-90x90.jpg 90w\" sizes=\"(max-width: 800px) 100vw, 800px\" \/><figcaption id=\"caption-attachment-36392\" class=\"wp-caption-text\">RIHIO G5-02 ZERST\u00d6REN<\/figcaption><\/figure>\n<figure id=\"attachment_36393\" aria-describedby=\"caption-attachment-36393\" style=\"width: 1024px\" class=\"wp-caption aligncenter\"><img loading=\"lazy\" decoding=\"async\" class=\"wp-image-36393 size-full\" src=\"https:\/\/mouldking.store\/wp-content\/uploads\/2022\/11\/RIHIO-G5-02-SMASH-UP-6.jpg\" alt=\"RIHIO G5-02 SMASH UP\" width=\"1024\" height=\"1013\" title=\"-\" srcset=\"https:\/\/mouldking.store\/wp-content\/uploads\/2022\/11\/RIHIO-G5-02-SMASH-UP-6.jpg 1024w, https:\/\/mouldking.store\/wp-content\/uploads\/2022\/11\/RIHIO-G5-02-SMASH-UP-6-300x297.jpg 300w, https:\/\/mouldking.store\/wp-content\/uploads\/2022\/11\/RIHIO-G5-02-SMASH-UP-6-768x760.jpg 768w, https:\/\/mouldking.store\/wp-content\/uploads\/2022\/11\/RIHIO-G5-02-SMASH-UP-6-600x594.jpg 600w, https:\/\/mouldking.store\/wp-content\/uploads\/2022\/11\/RIHIO-G5-02-SMASH-UP-6-150x148.jpg 150w, https:\/\/mouldking.store\/wp-content\/uploads\/2022\/11\/RIHIO-G5-02-SMASH-UP-6-61x60.jpg 61w, https:\/\/mouldking.store\/wp-content\/uploads\/2022\/11\/RIHIO-G5-02-SMASH-UP-6-91x90.jpg 91w\" sizes=\"(max-width: 1024px) 100vw, 1024px\" \/><figcaption id=\"caption-attachment-36393\" class=\"wp-caption-text\">RIHIO G5-02 ZERST\u00d6REN<\/figcaption><\/figure>\n<figure id=\"attachment_36394\" aria-describedby=\"caption-attachment-36394\" style=\"width: 797px\" class=\"wp-caption aligncenter\"><img loading=\"lazy\" decoding=\"async\" class=\"wp-image-36394 size-full\" src=\"https:\/\/mouldking.store\/wp-content\/uploads\/2022\/11\/RIHIO-G5-02-SMASH-UP-5.jpg\" alt=\"RIHIO G5-02 SMASH UP\" width=\"797\" height=\"1024\" title=\"-\" srcset=\"https:\/\/mouldking.store\/wp-content\/uploads\/2022\/11\/RIHIO-G5-02-SMASH-UP-5.jpg 797w, https:\/\/mouldking.store\/wp-content\/uploads\/2022\/11\/RIHIO-G5-02-SMASH-UP-5-233x300.jpg 233w, https:\/\/mouldking.store\/wp-content\/uploads\/2022\/11\/RIHIO-G5-02-SMASH-UP-5-768x987.jpg 768w, https:\/\/mouldking.store\/wp-content\/uploads\/2022\/11\/RIHIO-G5-02-SMASH-UP-5-300x385.jpg 300w, https:\/\/mouldking.store\/wp-content\/uploads\/2022\/11\/RIHIO-G5-02-SMASH-UP-5-600x771.jpg 600w, https:\/\/mouldking.store\/wp-content\/uploads\/2022\/11\/RIHIO-G5-02-SMASH-UP-5-117x150.jpg 117w, https:\/\/mouldking.store\/wp-content\/uploads\/2022\/11\/RIHIO-G5-02-SMASH-UP-5-47x60.jpg 47w, https:\/\/mouldking.store\/wp-content\/uploads\/2022\/11\/RIHIO-G5-02-SMASH-UP-5-70x90.jpg 70w\" sizes=\"(max-width: 797px) 100vw, 797px\" \/><figcaption id=\"caption-attachment-36394\" class=\"wp-caption-text\">RIHIO G5-02 ZERST\u00d6REN<\/figcaption><\/figure>\n<figure id=\"attachment_36395\" aria-describedby=\"caption-attachment-36395\" style=\"width: 991px\" class=\"wp-caption aligncenter\"><img loading=\"lazy\" decoding=\"async\" class=\"wp-image-36395 size-full\" src=\"https:\/\/mouldking.store\/wp-content\/uploads\/2022\/11\/RIHIO-G5-02-SMASH-UP-4.jpg\" alt=\"RIHIO G5-02 SMASH UP\" width=\"991\" height=\"1024\" title=\"-\" srcset=\"https:\/\/mouldking.store\/wp-content\/uploads\/2022\/11\/RIHIO-G5-02-SMASH-UP-4.jpg 991w, https:\/\/mouldking.store\/wp-content\/uploads\/2022\/11\/RIHIO-G5-02-SMASH-UP-4-290x300.jpg 290w, https:\/\/mouldking.store\/wp-content\/uploads\/2022\/11\/RIHIO-G5-02-SMASH-UP-4-768x794.jpg 768w, https:\/\/mouldking.store\/wp-content\/uploads\/2022\/11\/RIHIO-G5-02-SMASH-UP-4-300x310.jpg 300w, https:\/\/mouldking.store\/wp-content\/uploads\/2022\/11\/RIHIO-G5-02-SMASH-UP-4-600x620.jpg 600w, https:\/\/mouldking.store\/wp-content\/uploads\/2022\/11\/RIHIO-G5-02-SMASH-UP-4-145x150.jpg 145w, https:\/\/mouldking.store\/wp-content\/uploads\/2022\/11\/RIHIO-G5-02-SMASH-UP-4-58x60.jpg 58w, https:\/\/mouldking.store\/wp-content\/uploads\/2022\/11\/RIHIO-G5-02-SMASH-UP-4-87x90.jpg 87w\" sizes=\"(max-width: 991px) 100vw, 991px\" \/><figcaption id=\"caption-attachment-36395\" class=\"wp-caption-text\">RIHIO G5-02 ZERST\u00d6REN<\/figcaption><\/figure>\n<figure id=\"attachment_36396\" aria-describedby=\"caption-attachment-36396\" style=\"width: 991px\" class=\"wp-caption aligncenter\"><img loading=\"lazy\" decoding=\"async\" class=\"wp-image-36396 size-full\" src=\"https:\/\/mouldking.store\/wp-content\/uploads\/2022\/11\/RIHIO-G5-02-SMASH-UP-3.jpg\" alt=\"RIHIO G5-02 SMASH UP\" width=\"991\" height=\"1024\" title=\"-\" srcset=\"https:\/\/mouldking.store\/wp-content\/uploads\/2022\/11\/RIHIO-G5-02-SMASH-UP-3.jpg 991w, https:\/\/mouldking.store\/wp-content\/uploads\/2022\/11\/RIHIO-G5-02-SMASH-UP-3-290x300.jpg 290w, https:\/\/mouldking.store\/wp-content\/uploads\/2022\/11\/RIHIO-G5-02-SMASH-UP-3-768x794.jpg 768w, https:\/\/mouldking.store\/wp-content\/uploads\/2022\/11\/RIHIO-G5-02-SMASH-UP-3-300x310.jpg 300w, https:\/\/mouldking.store\/wp-content\/uploads\/2022\/11\/RIHIO-G5-02-SMASH-UP-3-600x620.jpg 600w, https:\/\/mouldking.store\/wp-content\/uploads\/2022\/11\/RIHIO-G5-02-SMASH-UP-3-145x150.jpg 145w, https:\/\/mouldking.store\/wp-content\/uploads\/2022\/11\/RIHIO-G5-02-SMASH-UP-3-58x60.jpg 58w, https:\/\/mouldking.store\/wp-content\/uploads\/2022\/11\/RIHIO-G5-02-SMASH-UP-3-87x90.jpg 87w\" sizes=\"(max-width: 991px) 100vw, 991px\" \/><figcaption id=\"caption-attachment-36396\" class=\"wp-caption-text\">RIHIO G5-02 ZERST\u00d6REN<\/figcaption><\/figure>\n<figure id=\"attachment_36397\" aria-describedby=\"caption-attachment-36397\" style=\"width: 1024px\" class=\"wp-caption aligncenter\"><img loading=\"lazy\" decoding=\"async\" class=\"wp-image-36397 size-full\" src=\"https:\/\/mouldking.store\/wp-content\/uploads\/2022\/11\/RIHIO-G5-02-SMASH-UP-2.jpg\" alt=\"RIHIO G5-02 SMASH UP\" width=\"1024\" height=\"842\" title=\"-\" srcset=\"https:\/\/mouldking.store\/wp-content\/uploads\/2022\/11\/RIHIO-G5-02-SMASH-UP-2.jpg 1024w, https:\/\/mouldking.store\/wp-content\/uploads\/2022\/11\/RIHIO-G5-02-SMASH-UP-2-300x247.jpg 300w, https:\/\/mouldking.store\/wp-content\/uploads\/2022\/11\/RIHIO-G5-02-SMASH-UP-2-768x632.jpg 768w, https:\/\/mouldking.store\/wp-content\/uploads\/2022\/11\/RIHIO-G5-02-SMASH-UP-2-600x493.jpg 600w, https:\/\/mouldking.store\/wp-content\/uploads\/2022\/11\/RIHIO-G5-02-SMASH-UP-2-150x123.jpg 150w, https:\/\/mouldking.store\/wp-content\/uploads\/2022\/11\/RIHIO-G5-02-SMASH-UP-2-73x60.jpg 73w, https:\/\/mouldking.store\/wp-content\/uploads\/2022\/11\/RIHIO-G5-02-SMASH-UP-2-109x90.jpg 109w\" sizes=\"(max-width: 1024px) 100vw, 1024px\" \/><figcaption id=\"caption-attachment-36397\" class=\"wp-caption-text\">RIHIO G5-02 ZERST\u00d6REN<\/figcaption><\/figure>\n<figure id=\"attachment_36398\" aria-describedby=\"caption-attachment-36398\" style=\"width: 1024px\" class=\"wp-caption aligncenter\"><img loading=\"lazy\" decoding=\"async\" class=\"wp-image-36398 size-full\" src=\"https:\/\/mouldking.store\/wp-content\/uploads\/2022\/11\/RIHIO-G5-02-SMASH-UP-1.jpg\" alt=\"RIHIO G5-02 SMASH UP\" width=\"1024\" height=\"605\" title=\"-\" srcset=\"https:\/\/mouldking.store\/wp-content\/uploads\/2022\/11\/RIHIO-G5-02-SMASH-UP-1.jpg 1024w, https:\/\/mouldking.store\/wp-content\/uploads\/2022\/11\/RIHIO-G5-02-SMASH-UP-1-300x177.jpg 300w, https:\/\/mouldking.store\/wp-content\/uploads\/2022\/11\/RIHIO-G5-02-SMASH-UP-1-768x454.jpg 768w, https:\/\/mouldking.store\/wp-content\/uploads\/2022\/11\/RIHIO-G5-02-SMASH-UP-1-600x354.jpg 600w, https:\/\/mouldking.store\/wp-content\/uploads\/2022\/11\/RIHIO-G5-02-SMASH-UP-1-150x89.jpg 150w, https:\/\/mouldking.store\/wp-content\/uploads\/2022\/11\/RIHIO-G5-02-SMASH-UP-1-102x60.jpg 102w, https:\/\/mouldking.store\/wp-content\/uploads\/2022\/11\/RIHIO-G5-02-SMASH-UP-1-152x90.jpg 152w\" sizes=\"(max-width: 1024px) 100vw, 1024px\" \/><figcaption id=\"caption-attachment-36398\" class=\"wp-caption-text\">RIHIO G5-02 ZERST\u00d6REN<\/figcaption><\/figure>","protected":false},"excerpt":{"rendered":"<p>Product information: Brand: RIHIO Gender: Unisex Name: SMASH UP Age Range: &gt; 6 years old Model Number: G5-02 Classification: Assemblage Plastic Block Shape: Self-Locking Bricks Material: Plastic Plastic Type: ABS Size: 9 x 13 cm Contains detailed assembly instructions. Notice: 1. Without an original box, but we guarantee our products have quality assurance and nice [&hellip;]<\/p>","protected":false},"featured_media":36389,"comment_status":"closed","ping_status":"closed","template":"","meta":{"_acf_changed":false},"product_cat":[1365],"product_tag":[8378,8373,8380,8377,8379],"class_list":["product","first","instock","shipping-taxable","purchasable","product-type-simple"],"acf":[],"_links":{"self":[{"href":"https:\/\/mouldking.store\/de\/wp-json\/wp\/v2\/product\/36388","targetHints":{"allow":["GET"]}}],"collection":[{"href":"https:\/\/mouldking.store\/de\/wp-json\/wp\/v2\/product"}],"about":[{"href":"https:\/\/mouldking.store\/de\/wp-json\/wp\/v2\/types\/product"}],"replies":[{"embeddable":true,"href":"https:\/\/mouldking.store\/de\/wp-json\/wp\/v2\/comments?post=36388"}],"wp:featuredmedia":[{"embeddable":true,"href":"https:\/\/mouldking.store\/de\/wp-json\/wp\/v2\/media\/36389"}],"wp:attachment":[{"href":"https:\/\/mouldking.store\/de\/wp-json\/wp\/v2\/media?parent=36388"}],"wp:term":[{"taxonomy":"product_cat","embeddable":true,"href":"https:\/\/mouldking.store\/de\/wp-json\/wp\/v2\/product_cat?post=36388"},{"taxonomy":"product_tag","embeddable":true,"href":"https:\/\/mouldking.store\/de\/wp-json\/wp\/v2\/product_tag?post=36388"}],"curies":[{"name":"wp","href":"https:\/\/api.w.org\/{rel}","templated":true}]}}