{"id":36511,"date":"2022-11-25T17:29:26","date_gmt":"2022-11-25T10:29:26","guid":{"rendered":"https:\/\/mouldking.store\/?post_type=product&#038;p=36511"},"modified":"2024-11-30T17:42:14","modified_gmt":"2024-11-30T10:42:14","slug":"rihio-mm005-vermin-slasher-mk-2mid","status":"publish","type":"product","link":"https:\/\/mouldking.store\/de\/shop\/rihio-mm005-vermin-slasher-mk-2mid\/","title":{"rendered":"RIHIO MM005 VERMIN SLASHER MK 2 (MITTEL)"},"content":{"rendered":"<p>Produktinformation:<\/p>\n<ol>\n<li>Marke: RIHIO<\/li>\n<li>Geschlecht: Unisex<\/li>\n<li>Name: VERMIN SLASHER MK 2(MID)<\/li>\n<li>Altersspanne: &gt; 6 Jahre alt<\/li>\n<li>Model Number: MM005<\/li>\n<li>Einstufung: Assemblage<\/li>\n<li>Kunststoffblockform: Selbstsichernde Steine<\/li>\n<li>Material: Kunststoff<\/li>\n<li>Kunststofftyp: ABS<\/li>\n<li>Size: 9x 12 cm<\/li>\n<li>Enth\u00e4lt eine ausf\u00fchrliche Montageanleitung.<\/li>\n<\/ol>\n<p>Notiz:<br \/>\n1. Ohne Originalverpackung, aber wir garantieren, dass unsere Produkte eine Qualit\u00e4tssicherung und eine sch\u00f6ne Verpackung haben.<br \/>\n2. Wie alle Teile, die wir vor dem Versand \u00fcberpr\u00fcft haben, machen Sie sich keine Sorgen, wenn Sie feststellen, dass einige Teile fehlen oder besch\u00e4digt sind, und kontaktieren Sie uns einfach, und wir k\u00f6nnen sie Ihnen umgehend kostenlos erneut zusenden.<\/p>\n<figure id=\"attachment_36512\" aria-describedby=\"caption-attachment-36512\" style=\"width: 800px\" class=\"wp-caption aligncenter\"><img fetchpriority=\"high\" decoding=\"async\" class=\"wp-image-36512 size-full\" src=\"https:\/\/mouldking.store\/wp-content\/uploads\/2022\/11\/RIHIO-MM005-VERMIN-SLASHER-MK-2-15.jpg\" alt=\"RIHIO MM005 VERMIN SLASHER MK 2(MID) \" width=\"800\" height=\"800\" title=\"-\" srcset=\"https:\/\/mouldking.store\/wp-content\/uploads\/2022\/11\/RIHIO-MM005-VERMIN-SLASHER-MK-2-15.jpg 800w, https:\/\/mouldking.store\/wp-content\/uploads\/2022\/11\/RIHIO-MM005-VERMIN-SLASHER-MK-2-15-300x300.jpg 300w, https:\/\/mouldking.store\/wp-content\/uploads\/2022\/11\/RIHIO-MM005-VERMIN-SLASHER-MK-2-15-768x768.jpg 768w, https:\/\/mouldking.store\/wp-content\/uploads\/2022\/11\/RIHIO-MM005-VERMIN-SLASHER-MK-2-15-600x600.jpg 600w, https:\/\/mouldking.store\/wp-content\/uploads\/2022\/11\/RIHIO-MM005-VERMIN-SLASHER-MK-2-15-150x150.jpg 150w, https:\/\/mouldking.store\/wp-content\/uploads\/2022\/11\/RIHIO-MM005-VERMIN-SLASHER-MK-2-15-60x60.jpg 60w, https:\/\/mouldking.store\/wp-content\/uploads\/2022\/11\/RIHIO-MM005-VERMIN-SLASHER-MK-2-15-90x90.jpg 90w\" sizes=\"(max-width: 800px) 100vw, 800px\" \/><figcaption id=\"caption-attachment-36512\" class=\"wp-caption-text\">RIHIO MM005 VERMIN SLASHER MK 2 (MITTEL)<\/figcaption><\/figure>\n<figure id=\"attachment_36513\" aria-describedby=\"caption-attachment-36513\" style=\"width: 800px\" class=\"wp-caption aligncenter\"><img decoding=\"async\" class=\"wp-image-36513 size-full\" src=\"https:\/\/mouldking.store\/wp-content\/uploads\/2022\/11\/RIHIO-MM005-VERMIN-SLASHER-MK-2-14.jpg\" alt=\"RIHIO MM005 VERMIN SLASHER MK 2(MID) \" width=\"800\" height=\"800\" title=\"-\" srcset=\"https:\/\/mouldking.store\/wp-content\/uploads\/2022\/11\/RIHIO-MM005-VERMIN-SLASHER-MK-2-14.jpg 800w, https:\/\/mouldking.store\/wp-content\/uploads\/2022\/11\/RIHIO-MM005-VERMIN-SLASHER-MK-2-14-300x300.jpg 300w, https:\/\/mouldking.store\/wp-content\/uploads\/2022\/11\/RIHIO-MM005-VERMIN-SLASHER-MK-2-14-768x768.jpg 768w, https:\/\/mouldking.store\/wp-content\/uploads\/2022\/11\/RIHIO-MM005-VERMIN-SLASHER-MK-2-14-600x600.jpg 600w, https:\/\/mouldking.store\/wp-content\/uploads\/2022\/11\/RIHIO-MM005-VERMIN-SLASHER-MK-2-14-150x150.jpg 150w, https:\/\/mouldking.store\/wp-content\/uploads\/2022\/11\/RIHIO-MM005-VERMIN-SLASHER-MK-2-14-60x60.jpg 60w, https:\/\/mouldking.store\/wp-content\/uploads\/2022\/11\/RIHIO-MM005-VERMIN-SLASHER-MK-2-14-90x90.jpg 90w\" sizes=\"(max-width: 800px) 100vw, 800px\" \/><figcaption id=\"caption-attachment-36513\" class=\"wp-caption-text\">RIHIO MM005 VERMIN SLASHER MK 2 (MITTEL)<\/figcaption><\/figure>\n<figure id=\"attachment_36514\" aria-describedby=\"caption-attachment-36514\" style=\"width: 800px\" class=\"wp-caption aligncenter\"><img decoding=\"async\" class=\"wp-image-36514 size-full\" src=\"https:\/\/mouldking.store\/wp-content\/uploads\/2022\/11\/RIHIO-MM005-VERMIN-SLASHER-MK-2-13.jpg\" alt=\"RIHIO MM005 VERMIN SLASHER MK 2(MID) \" width=\"800\" height=\"800\" title=\"-\" srcset=\"https:\/\/mouldking.store\/wp-content\/uploads\/2022\/11\/RIHIO-MM005-VERMIN-SLASHER-MK-2-13.jpg 800w, https:\/\/mouldking.store\/wp-content\/uploads\/2022\/11\/RIHIO-MM005-VERMIN-SLASHER-MK-2-13-300x300.jpg 300w, https:\/\/mouldking.store\/wp-content\/uploads\/2022\/11\/RIHIO-MM005-VERMIN-SLASHER-MK-2-13-768x768.jpg 768w, https:\/\/mouldking.store\/wp-content\/uploads\/2022\/11\/RIHIO-MM005-VERMIN-SLASHER-MK-2-13-600x600.jpg 600w, https:\/\/mouldking.store\/wp-content\/uploads\/2022\/11\/RIHIO-MM005-VERMIN-SLASHER-MK-2-13-150x150.jpg 150w, https:\/\/mouldking.store\/wp-content\/uploads\/2022\/11\/RIHIO-MM005-VERMIN-SLASHER-MK-2-13-60x60.jpg 60w, https:\/\/mouldking.store\/wp-content\/uploads\/2022\/11\/RIHIO-MM005-VERMIN-SLASHER-MK-2-13-90x90.jpg 90w\" sizes=\"(max-width: 800px) 100vw, 800px\" \/><figcaption id=\"caption-attachment-36514\" class=\"wp-caption-text\">RIHIO MM005 VERMIN SLASHER MK 2 (MITTEL)<\/figcaption><\/figure>\n<figure id=\"attachment_36515\" aria-describedby=\"caption-attachment-36515\" style=\"width: 800px\" class=\"wp-caption aligncenter\"><img loading=\"lazy\" decoding=\"async\" class=\"wp-image-36515 size-full\" src=\"https:\/\/mouldking.store\/wp-content\/uploads\/2022\/11\/RIHIO-MM005-VERMIN-SLASHER-MK-2-12.jpg\" alt=\"RIHIO MM005 VERMIN SLASHER MK 2(MID) \" width=\"800\" height=\"800\" title=\"-\" srcset=\"https:\/\/mouldking.store\/wp-content\/uploads\/2022\/11\/RIHIO-MM005-VERMIN-SLASHER-MK-2-12.jpg 800w, https:\/\/mouldking.store\/wp-content\/uploads\/2022\/11\/RIHIO-MM005-VERMIN-SLASHER-MK-2-12-300x300.jpg 300w, https:\/\/mouldking.store\/wp-content\/uploads\/2022\/11\/RIHIO-MM005-VERMIN-SLASHER-MK-2-12-768x768.jpg 768w, https:\/\/mouldking.store\/wp-content\/uploads\/2022\/11\/RIHIO-MM005-VERMIN-SLASHER-MK-2-12-600x600.jpg 600w, https:\/\/mouldking.store\/wp-content\/uploads\/2022\/11\/RIHIO-MM005-VERMIN-SLASHER-MK-2-12-150x150.jpg 150w, https:\/\/mouldking.store\/wp-content\/uploads\/2022\/11\/RIHIO-MM005-VERMIN-SLASHER-MK-2-12-60x60.jpg 60w, https:\/\/mouldking.store\/wp-content\/uploads\/2022\/11\/RIHIO-MM005-VERMIN-SLASHER-MK-2-12-90x90.jpg 90w\" sizes=\"(max-width: 800px) 100vw, 800px\" \/><figcaption id=\"caption-attachment-36515\" class=\"wp-caption-text\">RIHIO MM005 VERMIN SLASHER MK 2 (MITTEL)<\/figcaption><\/figure>\n<figure id=\"attachment_36516\" aria-describedby=\"caption-attachment-36516\" style=\"width: 1024px\" class=\"wp-caption aligncenter\"><img loading=\"lazy\" decoding=\"async\" class=\"wp-image-36516 size-full\" src=\"https:\/\/mouldking.store\/wp-content\/uploads\/2022\/11\/RIHIO-MM005-VERMIN-SLASHER-MK-2-11.jpg\" alt=\"RIHIO MM005 VERMIN SLASHER MK 2(MID) \" width=\"1024\" height=\"846\" title=\"-\" srcset=\"https:\/\/mouldking.store\/wp-content\/uploads\/2022\/11\/RIHIO-MM005-VERMIN-SLASHER-MK-2-11.jpg 1024w, https:\/\/mouldking.store\/wp-content\/uploads\/2022\/11\/RIHIO-MM005-VERMIN-SLASHER-MK-2-11-300x248.jpg 300w, https:\/\/mouldking.store\/wp-content\/uploads\/2022\/11\/RIHIO-MM005-VERMIN-SLASHER-MK-2-11-768x635.jpg 768w, https:\/\/mouldking.store\/wp-content\/uploads\/2022\/11\/RIHIO-MM005-VERMIN-SLASHER-MK-2-11-600x496.jpg 600w, https:\/\/mouldking.store\/wp-content\/uploads\/2022\/11\/RIHIO-MM005-VERMIN-SLASHER-MK-2-11-150x124.jpg 150w, https:\/\/mouldking.store\/wp-content\/uploads\/2022\/11\/RIHIO-MM005-VERMIN-SLASHER-MK-2-11-73x60.jpg 73w, https:\/\/mouldking.store\/wp-content\/uploads\/2022\/11\/RIHIO-MM005-VERMIN-SLASHER-MK-2-11-109x90.jpg 109w\" sizes=\"(max-width: 1024px) 100vw, 1024px\" \/><figcaption id=\"caption-attachment-36516\" class=\"wp-caption-text\">RIHIO MM005 VERMIN SLASHER MK 2 (MITTEL)<\/figcaption><\/figure>\n<figure id=\"attachment_36517\" aria-describedby=\"caption-attachment-36517\" style=\"width: 867px\" class=\"wp-caption aligncenter\"><img loading=\"lazy\" decoding=\"async\" class=\"wp-image-36517 size-full\" src=\"https:\/\/mouldking.store\/wp-content\/uploads\/2022\/11\/RIHIO-MM005-VERMIN-SLASHER-MK-2-10.jpg\" alt=\"RIHIO MM005 VERMIN SLASHER MK 2(MID) \" width=\"867\" height=\"1024\" title=\"-\" srcset=\"https:\/\/mouldking.store\/wp-content\/uploads\/2022\/11\/RIHIO-MM005-VERMIN-SLASHER-MK-2-10.jpg 867w, https:\/\/mouldking.store\/wp-content\/uploads\/2022\/11\/RIHIO-MM005-VERMIN-SLASHER-MK-2-10-254x300.jpg 254w, https:\/\/mouldking.store\/wp-content\/uploads\/2022\/11\/RIHIO-MM005-VERMIN-SLASHER-MK-2-10-768x907.jpg 768w, https:\/\/mouldking.store\/wp-content\/uploads\/2022\/11\/RIHIO-MM005-VERMIN-SLASHER-MK-2-10-300x354.jpg 300w, https:\/\/mouldking.store\/wp-content\/uploads\/2022\/11\/RIHIO-MM005-VERMIN-SLASHER-MK-2-10-600x709.jpg 600w, https:\/\/mouldking.store\/wp-content\/uploads\/2022\/11\/RIHIO-MM005-VERMIN-SLASHER-MK-2-10-127x150.jpg 127w, https:\/\/mouldking.store\/wp-content\/uploads\/2022\/11\/RIHIO-MM005-VERMIN-SLASHER-MK-2-10-51x60.jpg 51w, https:\/\/mouldking.store\/wp-content\/uploads\/2022\/11\/RIHIO-MM005-VERMIN-SLASHER-MK-2-10-76x90.jpg 76w\" sizes=\"(max-width: 867px) 100vw, 867px\" \/><figcaption id=\"caption-attachment-36517\" class=\"wp-caption-text\">RIHIO MM005 VERMIN SLASHER MK 2 (MITTEL)<\/figcaption><\/figure>\n<figure id=\"attachment_36518\" aria-describedby=\"caption-attachment-36518\" style=\"width: 915px\" class=\"wp-caption aligncenter\"><img loading=\"lazy\" decoding=\"async\" class=\"wp-image-36518 size-full\" src=\"https:\/\/mouldking.store\/wp-content\/uploads\/2022\/11\/RIHIO-MM005-VERMIN-SLASHER-MK-2-9.jpg\" alt=\"RIHIO MM005 VERMIN SLASHER MK 2(MID) \" width=\"915\" height=\"1024\" title=\"-\" srcset=\"https:\/\/mouldking.store\/wp-content\/uploads\/2022\/11\/RIHIO-MM005-VERMIN-SLASHER-MK-2-9.jpg 915w, https:\/\/mouldking.store\/wp-content\/uploads\/2022\/11\/RIHIO-MM005-VERMIN-SLASHER-MK-2-9-268x300.jpg 268w, https:\/\/mouldking.store\/wp-content\/uploads\/2022\/11\/RIHIO-MM005-VERMIN-SLASHER-MK-2-9-768x859.jpg 768w, https:\/\/mouldking.store\/wp-content\/uploads\/2022\/11\/RIHIO-MM005-VERMIN-SLASHER-MK-2-9-300x336.jpg 300w, https:\/\/mouldking.store\/wp-content\/uploads\/2022\/11\/RIHIO-MM005-VERMIN-SLASHER-MK-2-9-600x671.jpg 600w, https:\/\/mouldking.store\/wp-content\/uploads\/2022\/11\/RIHIO-MM005-VERMIN-SLASHER-MK-2-9-134x150.jpg 134w, https:\/\/mouldking.store\/wp-content\/uploads\/2022\/11\/RIHIO-MM005-VERMIN-SLASHER-MK-2-9-54x60.jpg 54w, https:\/\/mouldking.store\/wp-content\/uploads\/2022\/11\/RIHIO-MM005-VERMIN-SLASHER-MK-2-9-80x90.jpg 80w\" sizes=\"(max-width: 915px) 100vw, 915px\" \/><figcaption id=\"caption-attachment-36518\" class=\"wp-caption-text\">RIHIO MM005 VERMIN SLASHER MK 2 (MITTEL)<\/figcaption><\/figure>\n<figure id=\"attachment_36519\" aria-describedby=\"caption-attachment-36519\" style=\"width: 963px\" class=\"wp-caption aligncenter\"><img loading=\"lazy\" decoding=\"async\" class=\"wp-image-36519 size-full\" src=\"https:\/\/mouldking.store\/wp-content\/uploads\/2022\/11\/RIHIO-MM005-VERMIN-SLASHER-MK-2-8.jpg\" alt=\"RIHIO MM005 VERMIN SLASHER MK 2(MID) \" width=\"963\" height=\"1024\" title=\"-\" srcset=\"https:\/\/mouldking.store\/wp-content\/uploads\/2022\/11\/RIHIO-MM005-VERMIN-SLASHER-MK-2-8.jpg 963w, https:\/\/mouldking.store\/wp-content\/uploads\/2022\/11\/RIHIO-MM005-VERMIN-SLASHER-MK-2-8-282x300.jpg 282w, https:\/\/mouldking.store\/wp-content\/uploads\/2022\/11\/RIHIO-MM005-VERMIN-SLASHER-MK-2-8-768x817.jpg 768w, https:\/\/mouldking.store\/wp-content\/uploads\/2022\/11\/RIHIO-MM005-VERMIN-SLASHER-MK-2-8-300x319.jpg 300w, https:\/\/mouldking.store\/wp-content\/uploads\/2022\/11\/RIHIO-MM005-VERMIN-SLASHER-MK-2-8-600x638.jpg 600w, https:\/\/mouldking.store\/wp-content\/uploads\/2022\/11\/RIHIO-MM005-VERMIN-SLASHER-MK-2-8-141x150.jpg 141w, https:\/\/mouldking.store\/wp-content\/uploads\/2022\/11\/RIHIO-MM005-VERMIN-SLASHER-MK-2-8-56x60.jpg 56w, https:\/\/mouldking.store\/wp-content\/uploads\/2022\/11\/RIHIO-MM005-VERMIN-SLASHER-MK-2-8-85x90.jpg 85w\" sizes=\"(max-width: 963px) 100vw, 963px\" \/><figcaption id=\"caption-attachment-36519\" class=\"wp-caption-text\">RIHIO MM005 VERMIN SLASHER MK 2 (MITTEL)<\/figcaption><\/figure>\n<figure id=\"attachment_36520\" aria-describedby=\"caption-attachment-36520\" style=\"width: 963px\" class=\"wp-caption aligncenter\"><img loading=\"lazy\" decoding=\"async\" class=\"wp-image-36520 size-full\" src=\"https:\/\/mouldking.store\/wp-content\/uploads\/2022\/11\/RIHIO-MM005-VERMIN-SLASHER-MK-2-7.jpg\" alt=\"RIHIO MM005 VERMIN SLASHER MK 2(MID) \" width=\"963\" height=\"1024\" title=\"-\" srcset=\"https:\/\/mouldking.store\/wp-content\/uploads\/2022\/11\/RIHIO-MM005-VERMIN-SLASHER-MK-2-7.jpg 963w, https:\/\/mouldking.store\/wp-content\/uploads\/2022\/11\/RIHIO-MM005-VERMIN-SLASHER-MK-2-7-282x300.jpg 282w, https:\/\/mouldking.store\/wp-content\/uploads\/2022\/11\/RIHIO-MM005-VERMIN-SLASHER-MK-2-7-768x817.jpg 768w, https:\/\/mouldking.store\/wp-content\/uploads\/2022\/11\/RIHIO-MM005-VERMIN-SLASHER-MK-2-7-300x319.jpg 300w, https:\/\/mouldking.store\/wp-content\/uploads\/2022\/11\/RIHIO-MM005-VERMIN-SLASHER-MK-2-7-600x638.jpg 600w, https:\/\/mouldking.store\/wp-content\/uploads\/2022\/11\/RIHIO-MM005-VERMIN-SLASHER-MK-2-7-141x150.jpg 141w, https:\/\/mouldking.store\/wp-content\/uploads\/2022\/11\/RIHIO-MM005-VERMIN-SLASHER-MK-2-7-56x60.jpg 56w, https:\/\/mouldking.store\/wp-content\/uploads\/2022\/11\/RIHIO-MM005-VERMIN-SLASHER-MK-2-7-85x90.jpg 85w\" sizes=\"(max-width: 963px) 100vw, 963px\" \/><figcaption id=\"caption-attachment-36520\" class=\"wp-caption-text\">RIHIO MM005 VERMIN SLASHER MK 2 (MITTEL)<\/figcaption><\/figure>\n<figure id=\"attachment_36521\" aria-describedby=\"caption-attachment-36521\" style=\"width: 1024px\" class=\"wp-caption aligncenter\"><img loading=\"lazy\" decoding=\"async\" class=\"wp-image-36521 size-full\" src=\"https:\/\/mouldking.store\/wp-content\/uploads\/2022\/11\/RIHIO-MM005-VERMIN-SLASHER-MK-2-6.jpg\" alt=\"RIHIO MM005 VERMIN SLASHER MK 2(MID) \" width=\"1024\" height=\"846\" title=\"-\" srcset=\"https:\/\/mouldking.store\/wp-content\/uploads\/2022\/11\/RIHIO-MM005-VERMIN-SLASHER-MK-2-6.jpg 1024w, https:\/\/mouldking.store\/wp-content\/uploads\/2022\/11\/RIHIO-MM005-VERMIN-SLASHER-MK-2-6-300x248.jpg 300w, https:\/\/mouldking.store\/wp-content\/uploads\/2022\/11\/RIHIO-MM005-VERMIN-SLASHER-MK-2-6-768x635.jpg 768w, https:\/\/mouldking.store\/wp-content\/uploads\/2022\/11\/RIHIO-MM005-VERMIN-SLASHER-MK-2-6-600x496.jpg 600w, https:\/\/mouldking.store\/wp-content\/uploads\/2022\/11\/RIHIO-MM005-VERMIN-SLASHER-MK-2-6-150x124.jpg 150w, https:\/\/mouldking.store\/wp-content\/uploads\/2022\/11\/RIHIO-MM005-VERMIN-SLASHER-MK-2-6-73x60.jpg 73w, https:\/\/mouldking.store\/wp-content\/uploads\/2022\/11\/RIHIO-MM005-VERMIN-SLASHER-MK-2-6-109x90.jpg 109w\" sizes=\"(max-width: 1024px) 100vw, 1024px\" \/><figcaption id=\"caption-attachment-36521\" class=\"wp-caption-text\">RIHIO MM005 VERMIN SLASHER MK 2 (MITTEL)<\/figcaption><\/figure>\n<figure id=\"attachment_36522\" aria-describedby=\"caption-attachment-36522\" style=\"width: 1024px\" class=\"wp-caption aligncenter\"><img loading=\"lazy\" decoding=\"async\" class=\"wp-image-36522 size-full\" src=\"https:\/\/mouldking.store\/wp-content\/uploads\/2022\/11\/RIHIO-MM005-VERMIN-SLASHER-MK-2-5.jpg\" alt=\"RIHIO MM005 VERMIN SLASHER MK 2(MID) \" width=\"1024\" height=\"1024\" title=\"-\" srcset=\"https:\/\/mouldking.store\/wp-content\/uploads\/2022\/11\/RIHIO-MM005-VERMIN-SLASHER-MK-2-5.jpg 1024w, https:\/\/mouldking.store\/wp-content\/uploads\/2022\/11\/RIHIO-MM005-VERMIN-SLASHER-MK-2-5-300x300.jpg 300w, https:\/\/mouldking.store\/wp-content\/uploads\/2022\/11\/RIHIO-MM005-VERMIN-SLASHER-MK-2-5-768x768.jpg 768w, https:\/\/mouldking.store\/wp-content\/uploads\/2022\/11\/RIHIO-MM005-VERMIN-SLASHER-MK-2-5-600x600.jpg 600w, https:\/\/mouldking.store\/wp-content\/uploads\/2022\/11\/RIHIO-MM005-VERMIN-SLASHER-MK-2-5-150x150.jpg 150w, https:\/\/mouldking.store\/wp-content\/uploads\/2022\/11\/RIHIO-MM005-VERMIN-SLASHER-MK-2-5-60x60.jpg 60w, https:\/\/mouldking.store\/wp-content\/uploads\/2022\/11\/RIHIO-MM005-VERMIN-SLASHER-MK-2-5-90x90.jpg 90w\" sizes=\"(max-width: 1024px) 100vw, 1024px\" \/><figcaption id=\"caption-attachment-36522\" class=\"wp-caption-text\">RIHIO MM005 VERMIN SLASHER MK 2 (MITTEL)<\/figcaption><\/figure>\n<figure id=\"attachment_36523\" aria-describedby=\"caption-attachment-36523\" style=\"width: 1024px\" class=\"wp-caption aligncenter\"><img loading=\"lazy\" decoding=\"async\" class=\"wp-image-36523 size-full\" src=\"https:\/\/mouldking.store\/wp-content\/uploads\/2022\/11\/RIHIO-MM005-VERMIN-SLASHER-MK-2-4.jpg\" alt=\"RIHIO MM005 VERMIN SLASHER MK 2(MID) \" width=\"1024\" height=\"1024\" title=\"-\" srcset=\"https:\/\/mouldking.store\/wp-content\/uploads\/2022\/11\/RIHIO-MM005-VERMIN-SLASHER-MK-2-4.jpg 1024w, https:\/\/mouldking.store\/wp-content\/uploads\/2022\/11\/RIHIO-MM005-VERMIN-SLASHER-MK-2-4-300x300.jpg 300w, https:\/\/mouldking.store\/wp-content\/uploads\/2022\/11\/RIHIO-MM005-VERMIN-SLASHER-MK-2-4-768x768.jpg 768w, https:\/\/mouldking.store\/wp-content\/uploads\/2022\/11\/RIHIO-MM005-VERMIN-SLASHER-MK-2-4-600x600.jpg 600w, https:\/\/mouldking.store\/wp-content\/uploads\/2022\/11\/RIHIO-MM005-VERMIN-SLASHER-MK-2-4-150x150.jpg 150w, https:\/\/mouldking.store\/wp-content\/uploads\/2022\/11\/RIHIO-MM005-VERMIN-SLASHER-MK-2-4-60x60.jpg 60w, https:\/\/mouldking.store\/wp-content\/uploads\/2022\/11\/RIHIO-MM005-VERMIN-SLASHER-MK-2-4-90x90.jpg 90w\" sizes=\"(max-width: 1024px) 100vw, 1024px\" \/><figcaption id=\"caption-attachment-36523\" class=\"wp-caption-text\">RIHIO MM005 VERMIN SLASHER MK 2 (MITTEL)<\/figcaption><\/figure>\n<figure id=\"attachment_36524\" aria-describedby=\"caption-attachment-36524\" style=\"width: 1024px\" class=\"wp-caption aligncenter\"><img loading=\"lazy\" decoding=\"async\" class=\"wp-image-36524 size-full\" src=\"https:\/\/mouldking.store\/wp-content\/uploads\/2022\/11\/RIHIO-MM005-VERMIN-SLASHER-MK-2-3.jpg\" alt=\"RIHIO MM005 VERMIN SLASHER MK 2(MID) \" width=\"1024\" height=\"1024\" title=\"-\" srcset=\"https:\/\/mouldking.store\/wp-content\/uploads\/2022\/11\/RIHIO-MM005-VERMIN-SLASHER-MK-2-3.jpg 1024w, https:\/\/mouldking.store\/wp-content\/uploads\/2022\/11\/RIHIO-MM005-VERMIN-SLASHER-MK-2-3-300x300.jpg 300w, https:\/\/mouldking.store\/wp-content\/uploads\/2022\/11\/RIHIO-MM005-VERMIN-SLASHER-MK-2-3-768x768.jpg 768w, https:\/\/mouldking.store\/wp-content\/uploads\/2022\/11\/RIHIO-MM005-VERMIN-SLASHER-MK-2-3-600x600.jpg 600w, https:\/\/mouldking.store\/wp-content\/uploads\/2022\/11\/RIHIO-MM005-VERMIN-SLASHER-MK-2-3-150x150.jpg 150w, https:\/\/mouldking.store\/wp-content\/uploads\/2022\/11\/RIHIO-MM005-VERMIN-SLASHER-MK-2-3-60x60.jpg 60w, https:\/\/mouldking.store\/wp-content\/uploads\/2022\/11\/RIHIO-MM005-VERMIN-SLASHER-MK-2-3-90x90.jpg 90w\" sizes=\"(max-width: 1024px) 100vw, 1024px\" \/><figcaption id=\"caption-attachment-36524\" class=\"wp-caption-text\">RIHIO MM005 VERMIN SLASHER MK 2 (MITTEL)<\/figcaption><\/figure>\n<figure id=\"attachment_36525\" aria-describedby=\"caption-attachment-36525\" style=\"width: 1024px\" class=\"wp-caption aligncenter\"><img loading=\"lazy\" decoding=\"async\" class=\"wp-image-36525 size-full\" src=\"https:\/\/mouldking.store\/wp-content\/uploads\/2022\/11\/RIHIO-MM005-VERMIN-SLASHER-MK-2-2.jpg\" alt=\"RIHIO MM005 VERMIN SLASHER MK 2(MID) \" width=\"1024\" height=\"1024\" title=\"-\" srcset=\"https:\/\/mouldking.store\/wp-content\/uploads\/2022\/11\/RIHIO-MM005-VERMIN-SLASHER-MK-2-2.jpg 1024w, https:\/\/mouldking.store\/wp-content\/uploads\/2022\/11\/RIHIO-MM005-VERMIN-SLASHER-MK-2-2-300x300.jpg 300w, https:\/\/mouldking.store\/wp-content\/uploads\/2022\/11\/RIHIO-MM005-VERMIN-SLASHER-MK-2-2-768x768.jpg 768w, https:\/\/mouldking.store\/wp-content\/uploads\/2022\/11\/RIHIO-MM005-VERMIN-SLASHER-MK-2-2-600x600.jpg 600w, https:\/\/mouldking.store\/wp-content\/uploads\/2022\/11\/RIHIO-MM005-VERMIN-SLASHER-MK-2-2-150x150.jpg 150w, https:\/\/mouldking.store\/wp-content\/uploads\/2022\/11\/RIHIO-MM005-VERMIN-SLASHER-MK-2-2-60x60.jpg 60w, https:\/\/mouldking.store\/wp-content\/uploads\/2022\/11\/RIHIO-MM005-VERMIN-SLASHER-MK-2-2-90x90.jpg 90w\" sizes=\"(max-width: 1024px) 100vw, 1024px\" \/><figcaption id=\"caption-attachment-36525\" class=\"wp-caption-text\">RIHIO MM005 VERMIN SLASHER MK 2 (MITTEL)<\/figcaption><\/figure>\n<figure id=\"attachment_36526\" aria-describedby=\"caption-attachment-36526\" style=\"width: 1024px\" class=\"wp-caption aligncenter\"><img loading=\"lazy\" decoding=\"async\" class=\"wp-image-36526 size-full\" src=\"https:\/\/mouldking.store\/wp-content\/uploads\/2022\/11\/RIHIO-MM005-VERMIN-SLASHER-MK-2-1.jpg\" alt=\"RIHIO MM005 VERMIN SLASHER MK 2(MID) \" width=\"1024\" height=\"1024\" title=\"-\" srcset=\"https:\/\/mouldking.store\/wp-content\/uploads\/2022\/11\/RIHIO-MM005-VERMIN-SLASHER-MK-2-1.jpg 1024w, https:\/\/mouldking.store\/wp-content\/uploads\/2022\/11\/RIHIO-MM005-VERMIN-SLASHER-MK-2-1-300x300.jpg 300w, https:\/\/mouldking.store\/wp-content\/uploads\/2022\/11\/RIHIO-MM005-VERMIN-SLASHER-MK-2-1-768x768.jpg 768w, https:\/\/mouldking.store\/wp-content\/uploads\/2022\/11\/RIHIO-MM005-VERMIN-SLASHER-MK-2-1-600x600.jpg 600w, https:\/\/mouldking.store\/wp-content\/uploads\/2022\/11\/RIHIO-MM005-VERMIN-SLASHER-MK-2-1-150x150.jpg 150w, https:\/\/mouldking.store\/wp-content\/uploads\/2022\/11\/RIHIO-MM005-VERMIN-SLASHER-MK-2-1-60x60.jpg 60w, https:\/\/mouldking.store\/wp-content\/uploads\/2022\/11\/RIHIO-MM005-VERMIN-SLASHER-MK-2-1-90x90.jpg 90w\" sizes=\"(max-width: 1024px) 100vw, 1024px\" \/><figcaption id=\"caption-attachment-36526\" class=\"wp-caption-text\">RIHIO MM005 VERMIN SLASHER MK 2 (MITTEL)<\/figcaption><\/figure>","protected":false},"excerpt":{"rendered":"<p>Product information: Brand: RIHIO Gender: Unisex Name: VERMIN SLASHER MK 2(MID) Age Range: &gt; 6 years old Model Number: MM005 Classification: Assemblage Plastic Block Shape: Self-Locking Bricks Material: Plastic Plastic Type: ABS Size: 9x 12 cm Contains detailed assembly instructions. Notice: 1. Without an original box, but we guarantee our products have quality assurance and [&hellip;]<\/p>","protected":false},"featured_media":36512,"comment_status":"closed","ping_status":"closed","template":"","meta":{"_acf_changed":false},"product_cat":[1365],"product_tag":[8413,8412,8414,8409,8373,8416,8408,8411,8410,8415,8417],"class_list":["product","first","outofstock","shipping-taxable","purchasable","product-type-variable"],"acf":[],"_links":{"self":[{"href":"https:\/\/mouldking.store\/de\/wp-json\/wp\/v2\/product\/36511","targetHints":{"allow":["GET"]}}],"collection":[{"href":"https:\/\/mouldking.store\/de\/wp-json\/wp\/v2\/product"}],"about":[{"href":"https:\/\/mouldking.store\/de\/wp-json\/wp\/v2\/types\/product"}],"replies":[{"embeddable":true,"href":"https:\/\/mouldking.store\/de\/wp-json\/wp\/v2\/comments?post=36511"}],"wp:featuredmedia":[{"embeddable":true,"href":"https:\/\/mouldking.store\/de\/wp-json\/wp\/v2\/media\/36512"}],"wp:attachment":[{"href":"https:\/\/mouldking.store\/de\/wp-json\/wp\/v2\/media?parent=36511"}],"wp:term":[{"taxonomy":"product_cat","embeddable":true,"href":"https:\/\/mouldking.store\/de\/wp-json\/wp\/v2\/product_cat?post=36511"},{"taxonomy":"product_tag","embeddable":true,"href":"https:\/\/mouldking.store\/de\/wp-json\/wp\/v2\/product_tag?post=36511"}],"curies":[{"name":"wp","href":"https:\/\/api.w.org\/{rel}","templated":true}]}}