{"id":36555,"date":"2022-11-25T17:52:22","date_gmt":"2022-11-25T10:52:22","guid":{"rendered":"https:\/\/mouldking.store\/?post_type=product&#038;p=36555"},"modified":"2022-11-25T17:52:22","modified_gmt":"2022-11-25T10:52:22","slug":"rihio-mm003-vermin-slasher","status":"publish","type":"product","link":"https:\/\/mouldking.store\/de\/shop\/rihio-mm003-vermin-slasher\/","title":{"rendered":"RIHIO MM003 Ungeziefer Slasher"},"content":{"rendered":"<p>Produktinformation:<\/p>\n<ol>\n<li>Marke: RIHIO<\/li>\n<li>Geschlecht: Unisex<\/li>\n<li>Name: VERMIN SLASHER<\/li>\n<li>Altersspanne: &gt; 6 Jahre alt<\/li>\n<li>Model Number: MM003<\/li>\n<li>Einstufung: Assemblage<\/li>\n<li>Kunststoffblockform: Selbstsichernde Steine<\/li>\n<li>Material: Kunststoff<\/li>\n<li>Kunststofftyp: ABS<\/li>\n<li>Size: \u00a06.5 x 18 cm<\/li>\n<li>Enth\u00e4lt eine ausf\u00fchrliche Montageanleitung.<\/li>\n<\/ol>\n<p>Notiz:<br \/>\n1. Ohne Originalverpackung, aber wir garantieren, dass unsere Produkte eine Qualit\u00e4tssicherung und eine sch\u00f6ne Verpackung haben.<br \/>\n2. Wie alle Teile, die wir vor dem Versand \u00fcberpr\u00fcft haben, machen Sie sich keine Sorgen, wenn Sie feststellen, dass einige Teile fehlen oder besch\u00e4digt sind, und kontaktieren Sie uns einfach, und wir k\u00f6nnen sie Ihnen umgehend kostenlos erneut zusenden.<\/p>\n<figure id=\"attachment_36556\" aria-describedby=\"caption-attachment-36556\" style=\"width: 800px\" class=\"wp-caption aligncenter\"><img fetchpriority=\"high\" decoding=\"async\" class=\"wp-image-36556 size-full\" src=\"https:\/\/mouldking.store\/wp-content\/uploads\/2022\/11\/RIHIO-MM003-VERMIN-SLASHER-15.jpg\" alt=\"RIHIO MM003 VERMIN SLASHER\" width=\"800\" height=\"800\" title=\"-\" srcset=\"https:\/\/mouldking.store\/wp-content\/uploads\/2022\/11\/RIHIO-MM003-VERMIN-SLASHER-15.jpg 800w, https:\/\/mouldking.store\/wp-content\/uploads\/2022\/11\/RIHIO-MM003-VERMIN-SLASHER-15-300x300.jpg 300w, https:\/\/mouldking.store\/wp-content\/uploads\/2022\/11\/RIHIO-MM003-VERMIN-SLASHER-15-768x768.jpg 768w, https:\/\/mouldking.store\/wp-content\/uploads\/2022\/11\/RIHIO-MM003-VERMIN-SLASHER-15-600x600.jpg 600w, https:\/\/mouldking.store\/wp-content\/uploads\/2022\/11\/RIHIO-MM003-VERMIN-SLASHER-15-150x150.jpg 150w, https:\/\/mouldking.store\/wp-content\/uploads\/2022\/11\/RIHIO-MM003-VERMIN-SLASHER-15-60x60.jpg 60w, https:\/\/mouldking.store\/wp-content\/uploads\/2022\/11\/RIHIO-MM003-VERMIN-SLASHER-15-90x90.jpg 90w\" sizes=\"(max-width: 800px) 100vw, 800px\" \/><figcaption id=\"caption-attachment-36556\" class=\"wp-caption-text\">RIHIO MM003 Ungeziefer Slasher<\/figcaption><\/figure>\n<figure id=\"attachment_36557\" aria-describedby=\"caption-attachment-36557\" style=\"width: 800px\" class=\"wp-caption aligncenter\"><img decoding=\"async\" class=\"wp-image-36557 size-full\" src=\"https:\/\/mouldking.store\/wp-content\/uploads\/2022\/11\/RIHIO-MM003-VERMIN-SLASHER-14.jpg\" alt=\"RIHIO MM003 VERMIN SLASHER\" width=\"800\" height=\"800\" title=\"-\" srcset=\"https:\/\/mouldking.store\/wp-content\/uploads\/2022\/11\/RIHIO-MM003-VERMIN-SLASHER-14.jpg 800w, https:\/\/mouldking.store\/wp-content\/uploads\/2022\/11\/RIHIO-MM003-VERMIN-SLASHER-14-300x300.jpg 300w, https:\/\/mouldking.store\/wp-content\/uploads\/2022\/11\/RIHIO-MM003-VERMIN-SLASHER-14-768x768.jpg 768w, https:\/\/mouldking.store\/wp-content\/uploads\/2022\/11\/RIHIO-MM003-VERMIN-SLASHER-14-600x600.jpg 600w, https:\/\/mouldking.store\/wp-content\/uploads\/2022\/11\/RIHIO-MM003-VERMIN-SLASHER-14-150x150.jpg 150w, https:\/\/mouldking.store\/wp-content\/uploads\/2022\/11\/RIHIO-MM003-VERMIN-SLASHER-14-60x60.jpg 60w, https:\/\/mouldking.store\/wp-content\/uploads\/2022\/11\/RIHIO-MM003-VERMIN-SLASHER-14-90x90.jpg 90w\" sizes=\"(max-width: 800px) 100vw, 800px\" \/><figcaption id=\"caption-attachment-36557\" class=\"wp-caption-text\">RIHIO MM003 Ungeziefer Slasher<\/figcaption><\/figure>\n<figure id=\"attachment_36558\" aria-describedby=\"caption-attachment-36558\" style=\"width: 800px\" class=\"wp-caption aligncenter\"><img decoding=\"async\" class=\"wp-image-36558 size-full\" src=\"https:\/\/mouldking.store\/wp-content\/uploads\/2022\/11\/RIHIO-MM003-VERMIN-SLASHER-13.jpg\" alt=\"RIHIO MM003 VERMIN SLASHER\" width=\"800\" height=\"800\" title=\"-\" srcset=\"https:\/\/mouldking.store\/wp-content\/uploads\/2022\/11\/RIHIO-MM003-VERMIN-SLASHER-13.jpg 800w, https:\/\/mouldking.store\/wp-content\/uploads\/2022\/11\/RIHIO-MM003-VERMIN-SLASHER-13-300x300.jpg 300w, https:\/\/mouldking.store\/wp-content\/uploads\/2022\/11\/RIHIO-MM003-VERMIN-SLASHER-13-768x768.jpg 768w, https:\/\/mouldking.store\/wp-content\/uploads\/2022\/11\/RIHIO-MM003-VERMIN-SLASHER-13-600x600.jpg 600w, https:\/\/mouldking.store\/wp-content\/uploads\/2022\/11\/RIHIO-MM003-VERMIN-SLASHER-13-150x150.jpg 150w, https:\/\/mouldking.store\/wp-content\/uploads\/2022\/11\/RIHIO-MM003-VERMIN-SLASHER-13-60x60.jpg 60w, https:\/\/mouldking.store\/wp-content\/uploads\/2022\/11\/RIHIO-MM003-VERMIN-SLASHER-13-90x90.jpg 90w\" sizes=\"(max-width: 800px) 100vw, 800px\" \/><figcaption id=\"caption-attachment-36558\" class=\"wp-caption-text\">RIHIO MM003 Ungeziefer Slasher<\/figcaption><\/figure>\n<figure id=\"attachment_36559\" aria-describedby=\"caption-attachment-36559\" style=\"width: 800px\" class=\"wp-caption aligncenter\"><img loading=\"lazy\" decoding=\"async\" class=\"wp-image-36559 size-full\" src=\"https:\/\/mouldking.store\/wp-content\/uploads\/2022\/11\/RIHIO-MM003-VERMIN-SLASHER-12.jpg\" alt=\"RIHIO MM003 VERMIN SLASHER\" width=\"800\" height=\"800\" title=\"-\" srcset=\"https:\/\/mouldking.store\/wp-content\/uploads\/2022\/11\/RIHIO-MM003-VERMIN-SLASHER-12.jpg 800w, https:\/\/mouldking.store\/wp-content\/uploads\/2022\/11\/RIHIO-MM003-VERMIN-SLASHER-12-300x300.jpg 300w, https:\/\/mouldking.store\/wp-content\/uploads\/2022\/11\/RIHIO-MM003-VERMIN-SLASHER-12-768x768.jpg 768w, https:\/\/mouldking.store\/wp-content\/uploads\/2022\/11\/RIHIO-MM003-VERMIN-SLASHER-12-600x600.jpg 600w, https:\/\/mouldking.store\/wp-content\/uploads\/2022\/11\/RIHIO-MM003-VERMIN-SLASHER-12-150x150.jpg 150w, https:\/\/mouldking.store\/wp-content\/uploads\/2022\/11\/RIHIO-MM003-VERMIN-SLASHER-12-60x60.jpg 60w, https:\/\/mouldking.store\/wp-content\/uploads\/2022\/11\/RIHIO-MM003-VERMIN-SLASHER-12-90x90.jpg 90w\" sizes=\"(max-width: 800px) 100vw, 800px\" \/><figcaption id=\"caption-attachment-36559\" class=\"wp-caption-text\">RIHIO MM003 Ungeziefer Slasher<\/figcaption><\/figure>\n<figure id=\"attachment_36560\" aria-describedby=\"caption-attachment-36560\" style=\"width: 750px\" class=\"wp-caption aligncenter\"><img loading=\"lazy\" decoding=\"async\" class=\"wp-image-36560 size-full\" src=\"https:\/\/mouldking.store\/wp-content\/uploads\/2022\/11\/RIHIO-MM003-VERMIN-SLASHER-11.jpg\" alt=\"RIHIO MM003 VERMIN SLASHER\" width=\"750\" height=\"639\" title=\"-\" srcset=\"https:\/\/mouldking.store\/wp-content\/uploads\/2022\/11\/RIHIO-MM003-VERMIN-SLASHER-11.jpg 750w, https:\/\/mouldking.store\/wp-content\/uploads\/2022\/11\/RIHIO-MM003-VERMIN-SLASHER-11-300x256.jpg 300w, https:\/\/mouldking.store\/wp-content\/uploads\/2022\/11\/RIHIO-MM003-VERMIN-SLASHER-11-600x511.jpg 600w, https:\/\/mouldking.store\/wp-content\/uploads\/2022\/11\/RIHIO-MM003-VERMIN-SLASHER-11-150x128.jpg 150w, https:\/\/mouldking.store\/wp-content\/uploads\/2022\/11\/RIHIO-MM003-VERMIN-SLASHER-11-70x60.jpg 70w, https:\/\/mouldking.store\/wp-content\/uploads\/2022\/11\/RIHIO-MM003-VERMIN-SLASHER-11-106x90.jpg 106w\" sizes=\"(max-width: 750px) 100vw, 750px\" \/><figcaption id=\"caption-attachment-36560\" class=\"wp-caption-text\">RIHIO MM003 Ungeziefer Slasher<\/figcaption><\/figure>\n<figure id=\"attachment_36561\" aria-describedby=\"caption-attachment-36561\" style=\"width: 788px\" class=\"wp-caption aligncenter\"><img loading=\"lazy\" decoding=\"async\" class=\"wp-image-36561 size-full\" src=\"https:\/\/mouldking.store\/wp-content\/uploads\/2022\/11\/RIHIO-MM003-VERMIN-SLASHER-10.jpg\" alt=\"RIHIO MM003 VERMIN SLASHER\" width=\"788\" height=\"800\" title=\"-\" srcset=\"https:\/\/mouldking.store\/wp-content\/uploads\/2022\/11\/RIHIO-MM003-VERMIN-SLASHER-10.jpg 788w, https:\/\/mouldking.store\/wp-content\/uploads\/2022\/11\/RIHIO-MM003-VERMIN-SLASHER-10-296x300.jpg 296w, https:\/\/mouldking.store\/wp-content\/uploads\/2022\/11\/RIHIO-MM003-VERMIN-SLASHER-10-768x780.jpg 768w, https:\/\/mouldking.store\/wp-content\/uploads\/2022\/11\/RIHIO-MM003-VERMIN-SLASHER-10-300x305.jpg 300w, https:\/\/mouldking.store\/wp-content\/uploads\/2022\/11\/RIHIO-MM003-VERMIN-SLASHER-10-600x609.jpg 600w, https:\/\/mouldking.store\/wp-content\/uploads\/2022\/11\/RIHIO-MM003-VERMIN-SLASHER-10-148x150.jpg 148w, https:\/\/mouldking.store\/wp-content\/uploads\/2022\/11\/RIHIO-MM003-VERMIN-SLASHER-10-59x60.jpg 59w, https:\/\/mouldking.store\/wp-content\/uploads\/2022\/11\/RIHIO-MM003-VERMIN-SLASHER-10-89x90.jpg 89w\" sizes=\"(max-width: 788px) 100vw, 788px\" \/><figcaption id=\"caption-attachment-36561\" class=\"wp-caption-text\">RIHIO MM003 Ungeziefer Slasher<\/figcaption><\/figure>\n<figure id=\"attachment_36562\" aria-describedby=\"caption-attachment-36562\" style=\"width: 1024px\" class=\"wp-caption aligncenter\"><img loading=\"lazy\" decoding=\"async\" class=\"wp-image-36562 size-full\" src=\"https:\/\/mouldking.store\/wp-content\/uploads\/2022\/11\/RIHIO-MM003-VERMIN-SLASHER-9.jpg\" alt=\"RIHIO MM003 VERMIN SLASHER\" width=\"1024\" height=\"793\" title=\"-\" srcset=\"https:\/\/mouldking.store\/wp-content\/uploads\/2022\/11\/RIHIO-MM003-VERMIN-SLASHER-9.jpg 1024w, https:\/\/mouldking.store\/wp-content\/uploads\/2022\/11\/RIHIO-MM003-VERMIN-SLASHER-9-300x232.jpg 300w, https:\/\/mouldking.store\/wp-content\/uploads\/2022\/11\/RIHIO-MM003-VERMIN-SLASHER-9-768x595.jpg 768w, https:\/\/mouldking.store\/wp-content\/uploads\/2022\/11\/RIHIO-MM003-VERMIN-SLASHER-9-600x465.jpg 600w, https:\/\/mouldking.store\/wp-content\/uploads\/2022\/11\/RIHIO-MM003-VERMIN-SLASHER-9-150x116.jpg 150w, https:\/\/mouldking.store\/wp-content\/uploads\/2022\/11\/RIHIO-MM003-VERMIN-SLASHER-9-77x60.jpg 77w, https:\/\/mouldking.store\/wp-content\/uploads\/2022\/11\/RIHIO-MM003-VERMIN-SLASHER-9-116x90.jpg 116w\" sizes=\"(max-width: 1024px) 100vw, 1024px\" \/><figcaption id=\"caption-attachment-36562\" class=\"wp-caption-text\">RIHIO MM003 Ungeziefer Slasher<\/figcaption><\/figure>\n<figure id=\"attachment_36563\" aria-describedby=\"caption-attachment-36563\" style=\"width: 919px\" class=\"wp-caption aligncenter\"><img loading=\"lazy\" decoding=\"async\" class=\"wp-image-36563 size-full\" src=\"https:\/\/mouldking.store\/wp-content\/uploads\/2022\/11\/RIHIO-MM003-VERMIN-SLASHER-8.jpg\" alt=\"RIHIO MM003 VERMIN SLASHER\" width=\"919\" height=\"1024\" title=\"-\" srcset=\"https:\/\/mouldking.store\/wp-content\/uploads\/2022\/11\/RIHIO-MM003-VERMIN-SLASHER-8.jpg 919w, https:\/\/mouldking.store\/wp-content\/uploads\/2022\/11\/RIHIO-MM003-VERMIN-SLASHER-8-269x300.jpg 269w, https:\/\/mouldking.store\/wp-content\/uploads\/2022\/11\/RIHIO-MM003-VERMIN-SLASHER-8-768x856.jpg 768w, https:\/\/mouldking.store\/wp-content\/uploads\/2022\/11\/RIHIO-MM003-VERMIN-SLASHER-8-300x334.jpg 300w, https:\/\/mouldking.store\/wp-content\/uploads\/2022\/11\/RIHIO-MM003-VERMIN-SLASHER-8-600x669.jpg 600w, https:\/\/mouldking.store\/wp-content\/uploads\/2022\/11\/RIHIO-MM003-VERMIN-SLASHER-8-135x150.jpg 135w, https:\/\/mouldking.store\/wp-content\/uploads\/2022\/11\/RIHIO-MM003-VERMIN-SLASHER-8-54x60.jpg 54w, https:\/\/mouldking.store\/wp-content\/uploads\/2022\/11\/RIHIO-MM003-VERMIN-SLASHER-8-81x90.jpg 81w\" sizes=\"(max-width: 919px) 100vw, 919px\" \/><figcaption id=\"caption-attachment-36563\" class=\"wp-caption-text\">RIHIO MM003 Ungeziefer Slasher<\/figcaption><\/figure>\n<figure id=\"attachment_36564\" aria-describedby=\"caption-attachment-36564\" style=\"width: 922px\" class=\"wp-caption aligncenter\"><img loading=\"lazy\" decoding=\"async\" class=\"wp-image-36564 size-full\" src=\"https:\/\/mouldking.store\/wp-content\/uploads\/2022\/11\/RIHIO-MM003-VERMIN-SLASHER-7.jpg\" alt=\"RIHIO MM003 VERMIN SLASHER\" width=\"922\" height=\"1024\" title=\"-\" srcset=\"https:\/\/mouldking.store\/wp-content\/uploads\/2022\/11\/RIHIO-MM003-VERMIN-SLASHER-7.jpg 922w, https:\/\/mouldking.store\/wp-content\/uploads\/2022\/11\/RIHIO-MM003-VERMIN-SLASHER-7-270x300.jpg 270w, https:\/\/mouldking.store\/wp-content\/uploads\/2022\/11\/RIHIO-MM003-VERMIN-SLASHER-7-768x853.jpg 768w, https:\/\/mouldking.store\/wp-content\/uploads\/2022\/11\/RIHIO-MM003-VERMIN-SLASHER-7-300x333.jpg 300w, https:\/\/mouldking.store\/wp-content\/uploads\/2022\/11\/RIHIO-MM003-VERMIN-SLASHER-7-600x666.jpg 600w, https:\/\/mouldking.store\/wp-content\/uploads\/2022\/11\/RIHIO-MM003-VERMIN-SLASHER-7-135x150.jpg 135w, https:\/\/mouldking.store\/wp-content\/uploads\/2022\/11\/RIHIO-MM003-VERMIN-SLASHER-7-54x60.jpg 54w, https:\/\/mouldking.store\/wp-content\/uploads\/2022\/11\/RIHIO-MM003-VERMIN-SLASHER-7-81x90.jpg 81w\" sizes=\"(max-width: 922px) 100vw, 922px\" \/><figcaption id=\"caption-attachment-36564\" class=\"wp-caption-text\">RIHIO MM003 Ungeziefer Slasher<\/figcaption><\/figure>\n<figure id=\"attachment_36565\" aria-describedby=\"caption-attachment-36565\" style=\"width: 963px\" class=\"wp-caption aligncenter\"><img loading=\"lazy\" decoding=\"async\" class=\"wp-image-36565 size-full\" src=\"https:\/\/mouldking.store\/wp-content\/uploads\/2022\/11\/RIHIO-MM003-VERMIN-SLASHER-6.jpg\" alt=\"RIHIO MM003 VERMIN SLASHER\" width=\"963\" height=\"1024\" title=\"-\" srcset=\"https:\/\/mouldking.store\/wp-content\/uploads\/2022\/11\/RIHIO-MM003-VERMIN-SLASHER-6.jpg 963w, https:\/\/mouldking.store\/wp-content\/uploads\/2022\/11\/RIHIO-MM003-VERMIN-SLASHER-6-282x300.jpg 282w, https:\/\/mouldking.store\/wp-content\/uploads\/2022\/11\/RIHIO-MM003-VERMIN-SLASHER-6-768x817.jpg 768w, https:\/\/mouldking.store\/wp-content\/uploads\/2022\/11\/RIHIO-MM003-VERMIN-SLASHER-6-300x319.jpg 300w, https:\/\/mouldking.store\/wp-content\/uploads\/2022\/11\/RIHIO-MM003-VERMIN-SLASHER-6-600x638.jpg 600w, https:\/\/mouldking.store\/wp-content\/uploads\/2022\/11\/RIHIO-MM003-VERMIN-SLASHER-6-141x150.jpg 141w, https:\/\/mouldking.store\/wp-content\/uploads\/2022\/11\/RIHIO-MM003-VERMIN-SLASHER-6-56x60.jpg 56w, https:\/\/mouldking.store\/wp-content\/uploads\/2022\/11\/RIHIO-MM003-VERMIN-SLASHER-6-85x90.jpg 85w\" sizes=\"(max-width: 963px) 100vw, 963px\" \/><figcaption id=\"caption-attachment-36565\" class=\"wp-caption-text\">RIHIO MM003 Ungeziefer Slasher<\/figcaption><\/figure>\n<figure id=\"attachment_36566\" aria-describedby=\"caption-attachment-36566\" style=\"width: 716px\" class=\"wp-caption aligncenter\"><img loading=\"lazy\" decoding=\"async\" class=\"wp-image-36566 size-full\" src=\"https:\/\/mouldking.store\/wp-content\/uploads\/2022\/11\/RIHIO-MM003-VERMIN-SLASHER-5.jpg\" alt=\"RIHIO MM003 VERMIN SLASHER\" width=\"716\" height=\"1024\" title=\"-\" srcset=\"https:\/\/mouldking.store\/wp-content\/uploads\/2022\/11\/RIHIO-MM003-VERMIN-SLASHER-5.jpg 716w, https:\/\/mouldking.store\/wp-content\/uploads\/2022\/11\/RIHIO-MM003-VERMIN-SLASHER-5-210x300.jpg 210w, https:\/\/mouldking.store\/wp-content\/uploads\/2022\/11\/RIHIO-MM003-VERMIN-SLASHER-5-300x429.jpg 300w, https:\/\/mouldking.store\/wp-content\/uploads\/2022\/11\/RIHIO-MM003-VERMIN-SLASHER-5-600x858.jpg 600w, https:\/\/mouldking.store\/wp-content\/uploads\/2022\/11\/RIHIO-MM003-VERMIN-SLASHER-5-105x150.jpg 105w, https:\/\/mouldking.store\/wp-content\/uploads\/2022\/11\/RIHIO-MM003-VERMIN-SLASHER-5-42x60.jpg 42w, https:\/\/mouldking.store\/wp-content\/uploads\/2022\/11\/RIHIO-MM003-VERMIN-SLASHER-5-63x90.jpg 63w\" sizes=\"(max-width: 716px) 100vw, 716px\" \/><figcaption id=\"caption-attachment-36566\" class=\"wp-caption-text\">RIHIO MM003 Ungeziefer Slasher<\/figcaption><\/figure>\n<figure id=\"attachment_36567\" aria-describedby=\"caption-attachment-36567\" style=\"width: 800px\" class=\"wp-caption aligncenter\"><img loading=\"lazy\" decoding=\"async\" class=\"wp-image-36567 size-full\" src=\"https:\/\/mouldking.store\/wp-content\/uploads\/2022\/11\/RIHIO-MM003-VERMIN-SLASHER-4.jpg\" alt=\"RIHIO MM003 VERMIN SLASHER\" width=\"800\" height=\"800\" title=\"-\" srcset=\"https:\/\/mouldking.store\/wp-content\/uploads\/2022\/11\/RIHIO-MM003-VERMIN-SLASHER-4.jpg 800w, https:\/\/mouldking.store\/wp-content\/uploads\/2022\/11\/RIHIO-MM003-VERMIN-SLASHER-4-300x300.jpg 300w, https:\/\/mouldking.store\/wp-content\/uploads\/2022\/11\/RIHIO-MM003-VERMIN-SLASHER-4-768x768.jpg 768w, https:\/\/mouldking.store\/wp-content\/uploads\/2022\/11\/RIHIO-MM003-VERMIN-SLASHER-4-600x600.jpg 600w, https:\/\/mouldking.store\/wp-content\/uploads\/2022\/11\/RIHIO-MM003-VERMIN-SLASHER-4-150x150.jpg 150w, https:\/\/mouldking.store\/wp-content\/uploads\/2022\/11\/RIHIO-MM003-VERMIN-SLASHER-4-60x60.jpg 60w, https:\/\/mouldking.store\/wp-content\/uploads\/2022\/11\/RIHIO-MM003-VERMIN-SLASHER-4-90x90.jpg 90w\" sizes=\"(max-width: 800px) 100vw, 800px\" \/><figcaption id=\"caption-attachment-36567\" class=\"wp-caption-text\">RIHIO MM003 Ungeziefer Slasher<\/figcaption><\/figure>\n<figure id=\"attachment_36568\" aria-describedby=\"caption-attachment-36568\" style=\"width: 800px\" class=\"wp-caption aligncenter\"><img loading=\"lazy\" decoding=\"async\" class=\"wp-image-36568 size-full\" src=\"https:\/\/mouldking.store\/wp-content\/uploads\/2022\/11\/RIHIO-MM003-VERMIN-SLASHER-3.jpg\" alt=\"RIHIO MM003 VERMIN SLASHER\" width=\"800\" height=\"800\" title=\"-\" srcset=\"https:\/\/mouldking.store\/wp-content\/uploads\/2022\/11\/RIHIO-MM003-VERMIN-SLASHER-3.jpg 800w, https:\/\/mouldking.store\/wp-content\/uploads\/2022\/11\/RIHIO-MM003-VERMIN-SLASHER-3-300x300.jpg 300w, https:\/\/mouldking.store\/wp-content\/uploads\/2022\/11\/RIHIO-MM003-VERMIN-SLASHER-3-768x768.jpg 768w, https:\/\/mouldking.store\/wp-content\/uploads\/2022\/11\/RIHIO-MM003-VERMIN-SLASHER-3-600x600.jpg 600w, https:\/\/mouldking.store\/wp-content\/uploads\/2022\/11\/RIHIO-MM003-VERMIN-SLASHER-3-150x150.jpg 150w, https:\/\/mouldking.store\/wp-content\/uploads\/2022\/11\/RIHIO-MM003-VERMIN-SLASHER-3-60x60.jpg 60w, https:\/\/mouldking.store\/wp-content\/uploads\/2022\/11\/RIHIO-MM003-VERMIN-SLASHER-3-90x90.jpg 90w\" sizes=\"(max-width: 800px) 100vw, 800px\" \/><figcaption id=\"caption-attachment-36568\" class=\"wp-caption-text\">RIHIO MM003 Ungeziefer Slasher<\/figcaption><\/figure>\n<figure id=\"attachment_36569\" aria-describedby=\"caption-attachment-36569\" style=\"width: 800px\" class=\"wp-caption aligncenter\"><img loading=\"lazy\" decoding=\"async\" class=\"wp-image-36569 size-full\" src=\"https:\/\/mouldking.store\/wp-content\/uploads\/2022\/11\/RIHIO-MM003-VERMIN-SLASHER-2.jpg\" alt=\"RIHIO MM003 VERMIN SLASHER\" width=\"800\" height=\"800\" title=\"-\" srcset=\"https:\/\/mouldking.store\/wp-content\/uploads\/2022\/11\/RIHIO-MM003-VERMIN-SLASHER-2.jpg 800w, https:\/\/mouldking.store\/wp-content\/uploads\/2022\/11\/RIHIO-MM003-VERMIN-SLASHER-2-300x300.jpg 300w, https:\/\/mouldking.store\/wp-content\/uploads\/2022\/11\/RIHIO-MM003-VERMIN-SLASHER-2-768x768.jpg 768w, https:\/\/mouldking.store\/wp-content\/uploads\/2022\/11\/RIHIO-MM003-VERMIN-SLASHER-2-600x600.jpg 600w, https:\/\/mouldking.store\/wp-content\/uploads\/2022\/11\/RIHIO-MM003-VERMIN-SLASHER-2-150x150.jpg 150w, https:\/\/mouldking.store\/wp-content\/uploads\/2022\/11\/RIHIO-MM003-VERMIN-SLASHER-2-60x60.jpg 60w, https:\/\/mouldking.store\/wp-content\/uploads\/2022\/11\/RIHIO-MM003-VERMIN-SLASHER-2-90x90.jpg 90w\" sizes=\"(max-width: 800px) 100vw, 800px\" \/><figcaption id=\"caption-attachment-36569\" class=\"wp-caption-text\">RIHIO MM003 Ungeziefer Slasher<\/figcaption><\/figure>\n<figure id=\"attachment_36570\" aria-describedby=\"caption-attachment-36570\" style=\"width: 800px\" class=\"wp-caption aligncenter\"><img loading=\"lazy\" decoding=\"async\" class=\"wp-image-36570 size-full\" src=\"https:\/\/mouldking.store\/wp-content\/uploads\/2022\/11\/RIHIO-MM003-VERMIN-SLASHER-1.jpg\" alt=\"RIHIO MM003 VERMIN SLASHER\" width=\"800\" height=\"800\" title=\"-\" srcset=\"https:\/\/mouldking.store\/wp-content\/uploads\/2022\/11\/RIHIO-MM003-VERMIN-SLASHER-1.jpg 800w, https:\/\/mouldking.store\/wp-content\/uploads\/2022\/11\/RIHIO-MM003-VERMIN-SLASHER-1-300x300.jpg 300w, https:\/\/mouldking.store\/wp-content\/uploads\/2022\/11\/RIHIO-MM003-VERMIN-SLASHER-1-768x768.jpg 768w, https:\/\/mouldking.store\/wp-content\/uploads\/2022\/11\/RIHIO-MM003-VERMIN-SLASHER-1-600x600.jpg 600w, https:\/\/mouldking.store\/wp-content\/uploads\/2022\/11\/RIHIO-MM003-VERMIN-SLASHER-1-150x150.jpg 150w, https:\/\/mouldking.store\/wp-content\/uploads\/2022\/11\/RIHIO-MM003-VERMIN-SLASHER-1-60x60.jpg 60w, https:\/\/mouldking.store\/wp-content\/uploads\/2022\/11\/RIHIO-MM003-VERMIN-SLASHER-1-90x90.jpg 90w\" sizes=\"(max-width: 800px) 100vw, 800px\" \/><figcaption id=\"caption-attachment-36570\" class=\"wp-caption-text\">RIHIO MM003 Ungeziefer Slasher<\/figcaption><\/figure>","protected":false},"excerpt":{"rendered":"<p>Product information: Brand: RIHIO Gender: Unisex Name: VERMIN SLASHER Age Range: &gt; 6 years old Model Number: MM003 Classification: Assemblage Plastic Block Shape: Self-Locking Bricks Material: Plastic Plastic Type: ABS Size: \u00a06.5 x 18 cm Contains detailed assembly instructions. Notice: 1. Without an original box, but we guarantee our products have quality assurance and nice [&hellip;]<\/p>","protected":false},"author":1145,"featured_media":36556,"comment_status":"closed","ping_status":"closed","template":"","meta":{"_acf_changed":false},"product_cat":[1365],"product_tag":[8428,8373,8429,8427,8411,8410,8415],"class_list":["product","first","instock","shipping-taxable","purchasable","product-type-variable"],"acf":[],"_links":{"self":[{"href":"https:\/\/mouldking.store\/de\/wp-json\/wp\/v2\/product\/36555","targetHints":{"allow":["GET"]}}],"collection":[{"href":"https:\/\/mouldking.store\/de\/wp-json\/wp\/v2\/product"}],"about":[{"href":"https:\/\/mouldking.store\/de\/wp-json\/wp\/v2\/types\/product"}],"author":[{"embeddable":true,"href":"https:\/\/mouldking.store\/de\/wp-json\/wp\/v2\/users\/1145"}],"replies":[{"embeddable":true,"href":"https:\/\/mouldking.store\/de\/wp-json\/wp\/v2\/comments?post=36555"}],"wp:featuredmedia":[{"embeddable":true,"href":"https:\/\/mouldking.store\/de\/wp-json\/wp\/v2\/media\/36556"}],"wp:attachment":[{"href":"https:\/\/mouldking.store\/de\/wp-json\/wp\/v2\/media?parent=36555"}],"wp:term":[{"taxonomy":"product_cat","embeddable":true,"href":"https:\/\/mouldking.store\/de\/wp-json\/wp\/v2\/product_cat?post=36555"},{"taxonomy":"product_tag","embeddable":true,"href":"https:\/\/mouldking.store\/de\/wp-json\/wp\/v2\/product_tag?post=36555"}],"curies":[{"name":"wp","href":"https:\/\/api.w.org\/{rel}","templated":true}]}}