{"id":36714,"date":"2022-11-28T14:07:17","date_gmt":"2022-11-28T07:07:17","guid":{"rendered":"https:\/\/mouldking.store\/?post_type=product&#038;p=36714"},"modified":"2022-11-28T14:07:17","modified_gmt":"2022-11-28T07:07:17","slug":"k-box-10513-semime-chanical-mk44-hukkrustar-with-4183-pieces","status":"publish","type":"product","link":"https:\/\/mouldking.store\/de\/shop\/k-box-10513-semime-chanical-mk44-hukkrustar-with-4183-pieces\/","title":{"rendered":"K-BOX 10513 Semime Chanical MK44 Hukkrustar mit 4183 St\u00fcck"},"content":{"rendered":"<p>Produktinformation:<\/p>\n<ol>\n<li>Marke: K-BOX<\/li>\n<li>Geschlecht: Unisex<\/li>\n<li>Name: Semime Chanical MK44 Hukkrustar<\/li>\n<li>Altersspanne: &gt; 6 Jahre alt<\/li>\n<li>Model Number: 10513<\/li>\n<li>Einstufung: Assemblage<\/li>\n<li>Kunststoffblockform: Selbstsichernde Steine<\/li>\n<li>Material: Kunststoff<\/li>\n<li>Kunststofftyp: ABS<\/li>\n<li>Bricks Blocks:4183PCS<\/li>\n<li>Size: 38 x 18 x 44 cm<\/li>\n<li>Enth\u00e4lt eine ausf\u00fchrliche Montageanleitung.<\/li>\n<\/ol>\n<p>Notiz:<br \/>\n1. Ohne Originalverpackung, aber wir garantieren, dass unsere Produkte eine Qualit\u00e4tssicherung und eine sch\u00f6ne Verpackung haben.<br \/>\n2. Wie alle Teile, die wir vor dem Versand \u00fcberpr\u00fcft haben, machen Sie sich keine Sorgen, wenn Sie feststellen, dass einige Teile fehlen oder besch\u00e4digt sind, und kontaktieren Sie uns einfach, und wir k\u00f6nnen sie Ihnen umgehend kostenlos erneut zusenden.<\/p>\n<figure id=\"attachment_36715\" aria-describedby=\"caption-attachment-36715\" style=\"width: 800px\" class=\"wp-caption aligncenter\"><img fetchpriority=\"high\" decoding=\"async\" class=\"wp-image-36715 size-full\" src=\"https:\/\/mouldking.store\/wp-content\/uploads\/2022\/11\/K-BOX-10513-Semime-Chanical-MK44-Hukkrustar-5.jpg\" alt=\"K-BOX 10513 Semime Chanical MK44 Hukkrustar With 4183 Pieces\" width=\"800\" height=\"800\" title=\"-\" srcset=\"https:\/\/mouldking.store\/wp-content\/uploads\/2022\/11\/K-BOX-10513-Semime-Chanical-MK44-Hukkrustar-5.jpg 800w, https:\/\/mouldking.store\/wp-content\/uploads\/2022\/11\/K-BOX-10513-Semime-Chanical-MK44-Hukkrustar-5-300x300.jpg 300w, https:\/\/mouldking.store\/wp-content\/uploads\/2022\/11\/K-BOX-10513-Semime-Chanical-MK44-Hukkrustar-5-768x768.jpg 768w, https:\/\/mouldking.store\/wp-content\/uploads\/2022\/11\/K-BOX-10513-Semime-Chanical-MK44-Hukkrustar-5-600x600.jpg 600w, https:\/\/mouldking.store\/wp-content\/uploads\/2022\/11\/K-BOX-10513-Semime-Chanical-MK44-Hukkrustar-5-150x150.jpg 150w, https:\/\/mouldking.store\/wp-content\/uploads\/2022\/11\/K-BOX-10513-Semime-Chanical-MK44-Hukkrustar-5-60x60.jpg 60w, https:\/\/mouldking.store\/wp-content\/uploads\/2022\/11\/K-BOX-10513-Semime-Chanical-MK44-Hukkrustar-5-90x90.jpg 90w\" sizes=\"(max-width: 800px) 100vw, 800px\" \/><figcaption id=\"caption-attachment-36715\" class=\"wp-caption-text\">K-BOX 10513 Semime Chanical MK44 Hukkrustar mit 4183 St\u00fcck<\/figcaption><\/figure>\n<figure id=\"attachment_36716\" aria-describedby=\"caption-attachment-36716\" style=\"width: 800px\" class=\"wp-caption aligncenter\"><img decoding=\"async\" class=\"wp-image-36716 size-full\" src=\"https:\/\/mouldking.store\/wp-content\/uploads\/2022\/11\/K-BOX-10513-Semime-Chanical-MK44-Hukkrustar-4.jpg\" alt=\"K-BOX 10513 Semime Chanical MK44 Hukkrustar With 4183 Pieces\" width=\"800\" height=\"800\" title=\"-\" srcset=\"https:\/\/mouldking.store\/wp-content\/uploads\/2022\/11\/K-BOX-10513-Semime-Chanical-MK44-Hukkrustar-4.jpg 800w, https:\/\/mouldking.store\/wp-content\/uploads\/2022\/11\/K-BOX-10513-Semime-Chanical-MK44-Hukkrustar-4-300x300.jpg 300w, https:\/\/mouldking.store\/wp-content\/uploads\/2022\/11\/K-BOX-10513-Semime-Chanical-MK44-Hukkrustar-4-768x768.jpg 768w, https:\/\/mouldking.store\/wp-content\/uploads\/2022\/11\/K-BOX-10513-Semime-Chanical-MK44-Hukkrustar-4-600x600.jpg 600w, https:\/\/mouldking.store\/wp-content\/uploads\/2022\/11\/K-BOX-10513-Semime-Chanical-MK44-Hukkrustar-4-150x150.jpg 150w, https:\/\/mouldking.store\/wp-content\/uploads\/2022\/11\/K-BOX-10513-Semime-Chanical-MK44-Hukkrustar-4-60x60.jpg 60w, https:\/\/mouldking.store\/wp-content\/uploads\/2022\/11\/K-BOX-10513-Semime-Chanical-MK44-Hukkrustar-4-90x90.jpg 90w\" sizes=\"(max-width: 800px) 100vw, 800px\" \/><figcaption id=\"caption-attachment-36716\" class=\"wp-caption-text\">K-BOX 10513 Semime Chanical MK44 Hukkrustar mit 4183 St\u00fcck<\/figcaption><\/figure>\n<figure id=\"attachment_36717\" aria-describedby=\"caption-attachment-36717\" style=\"width: 800px\" class=\"wp-caption aligncenter\"><img decoding=\"async\" class=\"wp-image-36717 size-full\" src=\"https:\/\/mouldking.store\/wp-content\/uploads\/2022\/11\/K-BOX-10513-Semime-Chanical-MK44-Hukkrustar-3.jpg\" alt=\"K-BOX 10513 Semime Chanical MK44 Hukkrustar With 4183 Pieces\" width=\"800\" height=\"800\" title=\"-\" srcset=\"https:\/\/mouldking.store\/wp-content\/uploads\/2022\/11\/K-BOX-10513-Semime-Chanical-MK44-Hukkrustar-3.jpg 800w, https:\/\/mouldking.store\/wp-content\/uploads\/2022\/11\/K-BOX-10513-Semime-Chanical-MK44-Hukkrustar-3-300x300.jpg 300w, https:\/\/mouldking.store\/wp-content\/uploads\/2022\/11\/K-BOX-10513-Semime-Chanical-MK44-Hukkrustar-3-768x768.jpg 768w, https:\/\/mouldking.store\/wp-content\/uploads\/2022\/11\/K-BOX-10513-Semime-Chanical-MK44-Hukkrustar-3-600x600.jpg 600w, https:\/\/mouldking.store\/wp-content\/uploads\/2022\/11\/K-BOX-10513-Semime-Chanical-MK44-Hukkrustar-3-150x150.jpg 150w, https:\/\/mouldking.store\/wp-content\/uploads\/2022\/11\/K-BOX-10513-Semime-Chanical-MK44-Hukkrustar-3-60x60.jpg 60w, https:\/\/mouldking.store\/wp-content\/uploads\/2022\/11\/K-BOX-10513-Semime-Chanical-MK44-Hukkrustar-3-90x90.jpg 90w\" sizes=\"(max-width: 800px) 100vw, 800px\" \/><figcaption id=\"caption-attachment-36717\" class=\"wp-caption-text\">K-BOX 10513 Semime Chanical MK44 Hukkrustar mit 4183 St\u00fcck<\/figcaption><\/figure>\n<figure id=\"attachment_36718\" aria-describedby=\"caption-attachment-36718\" style=\"width: 800px\" class=\"wp-caption aligncenter\"><img loading=\"lazy\" decoding=\"async\" class=\"wp-image-36718 size-full\" src=\"https:\/\/mouldking.store\/wp-content\/uploads\/2022\/11\/K-BOX-10513-Semime-Chanical-MK44-Hukkrustar-2.jpg\" alt=\"K-BOX 10513 Semime Chanical MK44 Hukkrustar With 4183 Pieces\" width=\"800\" height=\"800\" title=\"-\" srcset=\"https:\/\/mouldking.store\/wp-content\/uploads\/2022\/11\/K-BOX-10513-Semime-Chanical-MK44-Hukkrustar-2.jpg 800w, https:\/\/mouldking.store\/wp-content\/uploads\/2022\/11\/K-BOX-10513-Semime-Chanical-MK44-Hukkrustar-2-300x300.jpg 300w, https:\/\/mouldking.store\/wp-content\/uploads\/2022\/11\/K-BOX-10513-Semime-Chanical-MK44-Hukkrustar-2-768x768.jpg 768w, https:\/\/mouldking.store\/wp-content\/uploads\/2022\/11\/K-BOX-10513-Semime-Chanical-MK44-Hukkrustar-2-600x600.jpg 600w, https:\/\/mouldking.store\/wp-content\/uploads\/2022\/11\/K-BOX-10513-Semime-Chanical-MK44-Hukkrustar-2-150x150.jpg 150w, https:\/\/mouldking.store\/wp-content\/uploads\/2022\/11\/K-BOX-10513-Semime-Chanical-MK44-Hukkrustar-2-60x60.jpg 60w, https:\/\/mouldking.store\/wp-content\/uploads\/2022\/11\/K-BOX-10513-Semime-Chanical-MK44-Hukkrustar-2-90x90.jpg 90w\" sizes=\"(max-width: 800px) 100vw, 800px\" \/><figcaption id=\"caption-attachment-36718\" class=\"wp-caption-text\">K-BOX 10513 Semime Chanical MK44 Hukkrustar mit 4183 St\u00fcck<\/figcaption><\/figure>\n<figure id=\"attachment_36719\" aria-describedby=\"caption-attachment-36719\" style=\"width: 750px\" class=\"wp-caption aligncenter\"><img loading=\"lazy\" decoding=\"async\" class=\"wp-image-36719 size-full\" src=\"https:\/\/mouldking.store\/wp-content\/uploads\/2022\/11\/K-BOX-10513-Semime-Chanical-MK44-Hukkrustar-1.jpg\" alt=\"K-BOX 10513 Semime Chanical MK44 Hukkrustar With 4183 Pieces\" width=\"750\" height=\"1000\" title=\"-\" srcset=\"https:\/\/mouldking.store\/wp-content\/uploads\/2022\/11\/K-BOX-10513-Semime-Chanical-MK44-Hukkrustar-1.jpg 750w, https:\/\/mouldking.store\/wp-content\/uploads\/2022\/11\/K-BOX-10513-Semime-Chanical-MK44-Hukkrustar-1-225x300.jpg 225w, https:\/\/mouldking.store\/wp-content\/uploads\/2022\/11\/K-BOX-10513-Semime-Chanical-MK44-Hukkrustar-1-300x400.jpg 300w, https:\/\/mouldking.store\/wp-content\/uploads\/2022\/11\/K-BOX-10513-Semime-Chanical-MK44-Hukkrustar-1-600x800.jpg 600w, https:\/\/mouldking.store\/wp-content\/uploads\/2022\/11\/K-BOX-10513-Semime-Chanical-MK44-Hukkrustar-1-113x150.jpg 113w, https:\/\/mouldking.store\/wp-content\/uploads\/2022\/11\/K-BOX-10513-Semime-Chanical-MK44-Hukkrustar-1-45x60.jpg 45w, https:\/\/mouldking.store\/wp-content\/uploads\/2022\/11\/K-BOX-10513-Semime-Chanical-MK44-Hukkrustar-1-68x90.jpg 68w\" sizes=\"(max-width: 750px) 100vw, 750px\" \/><figcaption id=\"caption-attachment-36719\" class=\"wp-caption-text\">K-BOX 10513 Semime Chanical MK44 Hukkrustar mit 4183 St\u00fcck<\/figcaption><\/figure>","protected":false},"excerpt":{"rendered":"<p>Product information: Brand: K-BOX Gender: Unisex Name: Semime Chanical MK44 Hukkrustar Age Range: &gt; 6 years old Model Number: 10513 Classification: Assemblage Plastic Block Shape: Self-Locking Bricks Material: Plastic Plastic Type: ABS Bricks Blocks:4183PCS Size: 38 x 18 x 44 cm Contains detailed assembly instructions. Notice: 1. Without an original box, but we guarantee our [&hellip;]<\/p>","protected":false},"featured_media":36715,"comment_status":"closed","ping_status":"closed","template":"","meta":{"_acf_changed":false},"product_cat":[581],"product_tag":[8498,8500,8502,2969,8504,8505,8497,8501,8499,8503],"class_list":["product","first","instock","shipping-taxable","purchasable","product-type-simple"],"acf":[],"_links":{"self":[{"href":"https:\/\/mouldking.store\/de\/wp-json\/wp\/v2\/product\/36714","targetHints":{"allow":["GET"]}}],"collection":[{"href":"https:\/\/mouldking.store\/de\/wp-json\/wp\/v2\/product"}],"about":[{"href":"https:\/\/mouldking.store\/de\/wp-json\/wp\/v2\/types\/product"}],"replies":[{"embeddable":true,"href":"https:\/\/mouldking.store\/de\/wp-json\/wp\/v2\/comments?post=36714"}],"wp:featuredmedia":[{"embeddable":true,"href":"https:\/\/mouldking.store\/de\/wp-json\/wp\/v2\/media\/36715"}],"wp:attachment":[{"href":"https:\/\/mouldking.store\/de\/wp-json\/wp\/v2\/media?parent=36714"}],"wp:term":[{"taxonomy":"product_cat","embeddable":true,"href":"https:\/\/mouldking.store\/de\/wp-json\/wp\/v2\/product_cat?post=36714"},{"taxonomy":"product_tag","embeddable":true,"href":"https:\/\/mouldking.store\/de\/wp-json\/wp\/v2\/product_tag?post=36714"}],"curies":[{"name":"wp","href":"https:\/\/api.w.org\/{rel}","templated":true}]}}