{"id":36798,"date":"2022-11-28T16:03:03","date_gmt":"2022-11-28T09:03:03","guid":{"rendered":"https:\/\/mouldking.store\/?post_type=product&#038;p=36798"},"modified":"2022-11-28T16:03:03","modified_gmt":"2022-11-28T09:03:03","slug":"cenzelon-5706-mosasaur","status":"publish","type":"product","link":"https:\/\/mouldking.store\/de\/shop\/cenzelon-5706-mosasaur\/","title":{"rendered":"CENZELON 5706 Mosasaurus"},"content":{"rendered":"<p>Produktinformation:<\/p>\n<ol>\n<li>Marke: CENZELON<\/li>\n<li>Geschlecht: Unisex<\/li>\n<li>Name: Mosasaur<\/li>\n<li>Altersspanne: &gt; 6 Jahre alt<\/li>\n<li>Model Number: 5706<\/li>\n<li>Einstufung: Assemblage<\/li>\n<li>Kunststoffblockform: Selbstsichernde Steine<\/li>\n<li>Material: Kunststoff<\/li>\n<li>Kunststofftyp: ABS<\/li>\n<li>Size: 35 x 11.5 x 10 cm<\/li>\n<li>Enth\u00e4lt eine ausf\u00fchrliche Montageanleitung.<\/li>\n<\/ol>\n<p>Notiz:<br \/>\n1. Ohne Originalverpackung, aber wir garantieren, dass unsere Produkte eine Qualit\u00e4tssicherung und eine sch\u00f6ne Verpackung haben.<br \/>\n2. Wie alle Teile, die wir vor dem Versand \u00fcberpr\u00fcft haben, machen Sie sich keine Sorgen, wenn Sie feststellen, dass einige Teile fehlen oder besch\u00e4digt sind, und kontaktieren Sie uns einfach, und wir k\u00f6nnen sie Ihnen umgehend kostenlos erneut zusenden.<\/p>\n<figure id=\"attachment_36799\" aria-describedby=\"caption-attachment-36799\" style=\"width: 800px\" class=\"wp-caption aligncenter\"><img fetchpriority=\"high\" decoding=\"async\" class=\"wp-image-36799 size-full\" src=\"https:\/\/mouldking.store\/wp-content\/uploads\/2022\/11\/CENZELON-5706-Mosasaur-4.jpg\" alt=\"CENZELON 5706 Mosasaur \" width=\"800\" height=\"800\" title=\"-\" srcset=\"https:\/\/mouldking.store\/wp-content\/uploads\/2022\/11\/CENZELON-5706-Mosasaur-4.jpg 800w, https:\/\/mouldking.store\/wp-content\/uploads\/2022\/11\/CENZELON-5706-Mosasaur-4-300x300.jpg 300w, https:\/\/mouldking.store\/wp-content\/uploads\/2022\/11\/CENZELON-5706-Mosasaur-4-768x768.jpg 768w, https:\/\/mouldking.store\/wp-content\/uploads\/2022\/11\/CENZELON-5706-Mosasaur-4-600x600.jpg 600w, https:\/\/mouldking.store\/wp-content\/uploads\/2022\/11\/CENZELON-5706-Mosasaur-4-150x150.jpg 150w, https:\/\/mouldking.store\/wp-content\/uploads\/2022\/11\/CENZELON-5706-Mosasaur-4-60x60.jpg 60w, https:\/\/mouldking.store\/wp-content\/uploads\/2022\/11\/CENZELON-5706-Mosasaur-4-90x90.jpg 90w\" sizes=\"(max-width: 800px) 100vw, 800px\" \/><figcaption id=\"caption-attachment-36799\" class=\"wp-caption-text\">CENZELON 5706 Mosasaurus<\/figcaption><\/figure>\n<figure id=\"attachment_36800\" aria-describedby=\"caption-attachment-36800\" style=\"width: 788px\" class=\"wp-caption aligncenter\"><img decoding=\"async\" class=\"wp-image-36800 size-full\" src=\"https:\/\/mouldking.store\/wp-content\/uploads\/2022\/11\/CENZELON-5706-Mosasaur-3.jpg\" alt=\"CENZELON 5706 Mosasaur \" width=\"788\" height=\"788\" title=\"-\" srcset=\"https:\/\/mouldking.store\/wp-content\/uploads\/2022\/11\/CENZELON-5706-Mosasaur-3.jpg 788w, https:\/\/mouldking.store\/wp-content\/uploads\/2022\/11\/CENZELON-5706-Mosasaur-3-300x300.jpg 300w, https:\/\/mouldking.store\/wp-content\/uploads\/2022\/11\/CENZELON-5706-Mosasaur-3-768x768.jpg 768w, https:\/\/mouldking.store\/wp-content\/uploads\/2022\/11\/CENZELON-5706-Mosasaur-3-600x600.jpg 600w, https:\/\/mouldking.store\/wp-content\/uploads\/2022\/11\/CENZELON-5706-Mosasaur-3-150x150.jpg 150w, https:\/\/mouldking.store\/wp-content\/uploads\/2022\/11\/CENZELON-5706-Mosasaur-3-60x60.jpg 60w, https:\/\/mouldking.store\/wp-content\/uploads\/2022\/11\/CENZELON-5706-Mosasaur-3-90x90.jpg 90w\" sizes=\"(max-width: 788px) 100vw, 788px\" \/><figcaption id=\"caption-attachment-36800\" class=\"wp-caption-text\">CENZELON 5706 Mosasaurus<\/figcaption><\/figure>\n<figure id=\"attachment_36801\" aria-describedby=\"caption-attachment-36801\" style=\"width: 947px\" class=\"wp-caption aligncenter\"><img decoding=\"async\" class=\"wp-image-36801 size-full\" src=\"https:\/\/mouldking.store\/wp-content\/uploads\/2022\/11\/CENZELON-5706-Mosasaur-2.jpg\" alt=\"CENZELON 5706 Mosasaur \" width=\"947\" height=\"1024\" title=\"-\" srcset=\"https:\/\/mouldking.store\/wp-content\/uploads\/2022\/11\/CENZELON-5706-Mosasaur-2.jpg 947w, https:\/\/mouldking.store\/wp-content\/uploads\/2022\/11\/CENZELON-5706-Mosasaur-2-277x300.jpg 277w, https:\/\/mouldking.store\/wp-content\/uploads\/2022\/11\/CENZELON-5706-Mosasaur-2-768x830.jpg 768w, https:\/\/mouldking.store\/wp-content\/uploads\/2022\/11\/CENZELON-5706-Mosasaur-2-300x324.jpg 300w, https:\/\/mouldking.store\/wp-content\/uploads\/2022\/11\/CENZELON-5706-Mosasaur-2-600x649.jpg 600w, https:\/\/mouldking.store\/wp-content\/uploads\/2022\/11\/CENZELON-5706-Mosasaur-2-139x150.jpg 139w, https:\/\/mouldking.store\/wp-content\/uploads\/2022\/11\/CENZELON-5706-Mosasaur-2-55x60.jpg 55w, https:\/\/mouldking.store\/wp-content\/uploads\/2022\/11\/CENZELON-5706-Mosasaur-2-83x90.jpg 83w\" sizes=\"(max-width: 947px) 100vw, 947px\" \/><figcaption id=\"caption-attachment-36801\" class=\"wp-caption-text\">CENZELON 5706 Mosasaurus<\/figcaption><\/figure>\n<figure id=\"attachment_36802\" aria-describedby=\"caption-attachment-36802\" style=\"width: 784px\" class=\"wp-caption aligncenter\"><img loading=\"lazy\" decoding=\"async\" class=\"wp-image-36802 size-full\" src=\"https:\/\/mouldking.store\/wp-content\/uploads\/2022\/11\/CENZELON-5706-Mosasaur-1.jpg\" alt=\"CENZELON 5706 Mosasaur \" width=\"784\" height=\"924\" title=\"-\" srcset=\"https:\/\/mouldking.store\/wp-content\/uploads\/2022\/11\/CENZELON-5706-Mosasaur-1.jpg 784w, https:\/\/mouldking.store\/wp-content\/uploads\/2022\/11\/CENZELON-5706-Mosasaur-1-255x300.jpg 255w, https:\/\/mouldking.store\/wp-content\/uploads\/2022\/11\/CENZELON-5706-Mosasaur-1-768x905.jpg 768w, https:\/\/mouldking.store\/wp-content\/uploads\/2022\/11\/CENZELON-5706-Mosasaur-1-300x354.jpg 300w, https:\/\/mouldking.store\/wp-content\/uploads\/2022\/11\/CENZELON-5706-Mosasaur-1-600x707.jpg 600w, https:\/\/mouldking.store\/wp-content\/uploads\/2022\/11\/CENZELON-5706-Mosasaur-1-127x150.jpg 127w, https:\/\/mouldking.store\/wp-content\/uploads\/2022\/11\/CENZELON-5706-Mosasaur-1-51x60.jpg 51w, https:\/\/mouldking.store\/wp-content\/uploads\/2022\/11\/CENZELON-5706-Mosasaur-1-76x90.jpg 76w\" sizes=\"(max-width: 784px) 100vw, 784px\" \/><figcaption id=\"caption-attachment-36802\" class=\"wp-caption-text\">CENZELON 5706 Mosasaurus<\/figcaption><\/figure>","protected":false},"excerpt":{"rendered":"<p>Product information: Brand: CENZELON Gender: Unisex Name: Mosasaur Age Range: &gt; 6 years old Model Number: 5706 Classification: Assemblage Plastic Block Shape: Self-Locking Bricks Material: Plastic Plastic Type: ABS Size: 35 x 11.5 x 10 cm Contains detailed assembly instructions. Notice: 1. Without an original box, but we guarantee our products have quality assurance and [&hellip;]<\/p>","protected":false},"featured_media":36799,"comment_status":"closed","ping_status":"closed","template":"","meta":{"_acf_changed":false},"product_cat":[1365],"product_tag":[8553,8543,8555,8552,8554],"class_list":["product","first","instock","shipping-taxable","purchasable","product-type-simple"],"acf":[],"_links":{"self":[{"href":"https:\/\/mouldking.store\/de\/wp-json\/wp\/v2\/product\/36798","targetHints":{"allow":["GET"]}}],"collection":[{"href":"https:\/\/mouldking.store\/de\/wp-json\/wp\/v2\/product"}],"about":[{"href":"https:\/\/mouldking.store\/de\/wp-json\/wp\/v2\/types\/product"}],"replies":[{"embeddable":true,"href":"https:\/\/mouldking.store\/de\/wp-json\/wp\/v2\/comments?post=36798"}],"wp:featuredmedia":[{"embeddable":true,"href":"https:\/\/mouldking.store\/de\/wp-json\/wp\/v2\/media\/36799"}],"wp:attachment":[{"href":"https:\/\/mouldking.store\/de\/wp-json\/wp\/v2\/media?parent=36798"}],"wp:term":[{"taxonomy":"product_cat","embeddable":true,"href":"https:\/\/mouldking.store\/de\/wp-json\/wp\/v2\/product_cat?post=36798"},{"taxonomy":"product_tag","embeddable":true,"href":"https:\/\/mouldking.store\/de\/wp-json\/wp\/v2\/product_tag?post=36798"}],"curies":[{"name":"wp","href":"https:\/\/api.w.org\/{rel}","templated":true}]}}