{"id":36856,"date":"2022-12-01T11:08:46","date_gmt":"2022-12-01T04:08:46","guid":{"rendered":"https:\/\/mouldking.store\/?post_type=product&#038;p=36856"},"modified":"2025-12-25T09:12:19","modified_gmt":"2025-12-25T02:12:19","slug":"moc-124924-queen-annes-revenge-ship-model-pirate-series-with-4749pcs","status":"publish","type":"product","link":"https:\/\/mouldking.store\/de\/shop\/moc-124924-queen-annes-revenge-ship-model-pirate-series-with-4749pcs\/","title":{"rendered":"MOC-124924 Queen Anne&#039;s Revenge Ship Model Pirate Series mit 4749PCS"},"content":{"rendered":"<p>Produktinformation:<\/p>\n<ol>\n<li>Marke: MOC<\/li>\n<li>Geschlecht: Unisex<\/li>\n<li>Name: Queen Anne\u2019s Revenge Ship Model Pirate Series<\/li>\n<li>Altersspanne: &gt; 6 Jahre alt<\/li>\n<li>Model Number: 124924<\/li>\n<li>Einstufung: Assemblage<\/li>\n<li>Kunststoffblockform: Selbstsichernde Steine<\/li>\n<li>Material: Kunststoff<\/li>\n<li>Kunststofftyp: ABS<\/li>\n<li>Bricks Blocks: 4749PCS<\/li>\n<li>Size: 80 x 24 x 65cm<\/li>\n<li>Weight: 5.5 kg<\/li>\n<li>Enth\u00e4lt eine ausf\u00fchrliche Montageanleitung.<\/li>\n<\/ol>\n<p>Notiz:<br \/>\n1. Ohne Originalverpackung, aber wir garantieren, dass unsere Produkte eine Qualit\u00e4tssicherung und eine sch\u00f6ne Verpackung haben.<br \/>\n2. Wie alle Teile, die wir vor dem Versand \u00fcberpr\u00fcft haben, machen Sie sich keine Sorgen, wenn Sie feststellen, dass einige Teile fehlen oder besch\u00e4digt sind, und kontaktieren Sie uns einfach, und wir k\u00f6nnen sie Ihnen umgehend kostenlos erneut zusenden.<\/p>\n<figure id=\"attachment_36862\" aria-describedby=\"caption-attachment-36862\" style=\"width: 730px\" class=\"wp-caption aligncenter\"><img fetchpriority=\"high\" decoding=\"async\" class=\"wp-image-36862 size-full\" src=\"https:\/\/mouldking.store\/wp-content\/uploads\/2022\/12\/MOC-124924-Movie-Annes-Revenge-Ship-Model-Pirate-Series-MOCFACTORY-Copy.png\" alt=\"MOC-124924 Queen Anne\u2019s Revenge Ship Model Pirate Series With 4749PCS \" width=\"730\" height=\"730\" title=\"-\" srcset=\"https:\/\/mouldking.store\/wp-content\/uploads\/2022\/12\/MOC-124924-Movie-Annes-Revenge-Ship-Model-Pirate-Series-MOCFACTORY-Copy.png 730w, https:\/\/mouldking.store\/wp-content\/uploads\/2022\/12\/MOC-124924-Movie-Annes-Revenge-Ship-Model-Pirate-Series-MOCFACTORY-Copy-300x300.png 300w, https:\/\/mouldking.store\/wp-content\/uploads\/2022\/12\/MOC-124924-Movie-Annes-Revenge-Ship-Model-Pirate-Series-MOCFACTORY-Copy-600x600.png 600w, https:\/\/mouldking.store\/wp-content\/uploads\/2022\/12\/MOC-124924-Movie-Annes-Revenge-Ship-Model-Pirate-Series-MOCFACTORY-Copy-150x150.png 150w, https:\/\/mouldking.store\/wp-content\/uploads\/2022\/12\/MOC-124924-Movie-Annes-Revenge-Ship-Model-Pirate-Series-MOCFACTORY-Copy-60x60.png 60w, https:\/\/mouldking.store\/wp-content\/uploads\/2022\/12\/MOC-124924-Movie-Annes-Revenge-Ship-Model-Pirate-Series-MOCFACTORY-Copy-90x90.png 90w\" sizes=\"(max-width: 730px) 100vw, 730px\" \/><figcaption id=\"caption-attachment-36862\" class=\"wp-caption-text\">MOC-124924 Queen Anne&#039;s Revenge Ship Model Pirate Series mit 4749PCS<\/figcaption><\/figure>\n<figure id=\"attachment_36863\" aria-describedby=\"caption-attachment-36863\" style=\"width: 1024px\" class=\"wp-caption aligncenter\"><img decoding=\"async\" class=\"wp-image-36863 size-large\" src=\"https:\/\/mouldking.store\/wp-content\/uploads\/2022\/12\/moc-124924-queen-annes-revenge-ship-mod_main-5-1024x1024.jpg\" alt=\"MOC-124924 Queen Anne\u2019s Revenge Ship Model Pirate Series With 4749PCS \" width=\"1024\" height=\"1024\" title=\"-\" srcset=\"https:\/\/mouldking.store\/wp-content\/uploads\/2022\/12\/moc-124924-queen-annes-revenge-ship-mod_main-5-1024x1024.jpg 1024w, https:\/\/mouldking.store\/wp-content\/uploads\/2022\/12\/moc-124924-queen-annes-revenge-ship-mod_main-5-300x300.jpg 300w, https:\/\/mouldking.store\/wp-content\/uploads\/2022\/12\/moc-124924-queen-annes-revenge-ship-mod_main-5-768x768.jpg 768w, https:\/\/mouldking.store\/wp-content\/uploads\/2022\/12\/moc-124924-queen-annes-revenge-ship-mod_main-5-600x600.jpg 600w, https:\/\/mouldking.store\/wp-content\/uploads\/2022\/12\/moc-124924-queen-annes-revenge-ship-mod_main-5-150x150.jpg 150w, https:\/\/mouldking.store\/wp-content\/uploads\/2022\/12\/moc-124924-queen-annes-revenge-ship-mod_main-5-60x60.jpg 60w, https:\/\/mouldking.store\/wp-content\/uploads\/2022\/12\/moc-124924-queen-annes-revenge-ship-mod_main-5-90x90.jpg 90w, https:\/\/mouldking.store\/wp-content\/uploads\/2022\/12\/moc-124924-queen-annes-revenge-ship-mod_main-5.jpg 1100w\" sizes=\"(max-width: 1024px) 100vw, 1024px\" \/><figcaption id=\"caption-attachment-36863\" class=\"wp-caption-text\">MOC-124924 Queen Anne&#039;s Revenge Ship Model Pirate Series mit 4749PCS<\/figcaption><\/figure>\n<figure id=\"attachment_36864\" aria-describedby=\"caption-attachment-36864\" style=\"width: 1100px\" class=\"wp-caption aligncenter\"><img decoding=\"async\" class=\"wp-image-36864 size-full\" src=\"https:\/\/mouldking.store\/wp-content\/uploads\/2022\/12\/moc-124924-queen-annes-revenge-ship-mod_main-4.jpg\" alt=\"MOC-124924 Queen Anne\u2019s Revenge Ship Model Pirate Series With 4749PCS \" width=\"1100\" height=\"1100\" title=\"-\" srcset=\"https:\/\/mouldking.store\/wp-content\/uploads\/2022\/12\/moc-124924-queen-annes-revenge-ship-mod_main-4.jpg 1100w, https:\/\/mouldking.store\/wp-content\/uploads\/2022\/12\/moc-124924-queen-annes-revenge-ship-mod_main-4-300x300.jpg 300w, https:\/\/mouldking.store\/wp-content\/uploads\/2022\/12\/moc-124924-queen-annes-revenge-ship-mod_main-4-1024x1024.jpg 1024w, https:\/\/mouldking.store\/wp-content\/uploads\/2022\/12\/moc-124924-queen-annes-revenge-ship-mod_main-4-768x768.jpg 768w, https:\/\/mouldking.store\/wp-content\/uploads\/2022\/12\/moc-124924-queen-annes-revenge-ship-mod_main-4-600x600.jpg 600w, https:\/\/mouldking.store\/wp-content\/uploads\/2022\/12\/moc-124924-queen-annes-revenge-ship-mod_main-4-150x150.jpg 150w, https:\/\/mouldking.store\/wp-content\/uploads\/2022\/12\/moc-124924-queen-annes-revenge-ship-mod_main-4-60x60.jpg 60w, https:\/\/mouldking.store\/wp-content\/uploads\/2022\/12\/moc-124924-queen-annes-revenge-ship-mod_main-4-90x90.jpg 90w\" sizes=\"(max-width: 1100px) 100vw, 1100px\" \/><figcaption id=\"caption-attachment-36864\" class=\"wp-caption-text\">MOC-124924 Queen Anne&#039;s Revenge Ship Model Pirate Series mit 4749PCS<\/figcaption><\/figure>\n<figure id=\"attachment_36865\" aria-describedby=\"caption-attachment-36865\" style=\"width: 1024px\" class=\"wp-caption aligncenter\"><img loading=\"lazy\" decoding=\"async\" class=\"wp-image-36865 size-large\" src=\"https:\/\/mouldking.store\/wp-content\/uploads\/2022\/12\/moc-124924-queen-annes-revenge-ship-mod_main-3-1024x1024.jpg\" alt=\"MOC-124924 Queen Anne\u2019s Revenge Ship Model Pirate Series With 4749PCS \" width=\"1024\" height=\"1024\" title=\"-\" srcset=\"https:\/\/mouldking.store\/wp-content\/uploads\/2022\/12\/moc-124924-queen-annes-revenge-ship-mod_main-3-1024x1024.jpg 1024w, https:\/\/mouldking.store\/wp-content\/uploads\/2022\/12\/moc-124924-queen-annes-revenge-ship-mod_main-3-300x300.jpg 300w, https:\/\/mouldking.store\/wp-content\/uploads\/2022\/12\/moc-124924-queen-annes-revenge-ship-mod_main-3-768x768.jpg 768w, https:\/\/mouldking.store\/wp-content\/uploads\/2022\/12\/moc-124924-queen-annes-revenge-ship-mod_main-3-600x600.jpg 600w, https:\/\/mouldking.store\/wp-content\/uploads\/2022\/12\/moc-124924-queen-annes-revenge-ship-mod_main-3-150x150.jpg 150w, https:\/\/mouldking.store\/wp-content\/uploads\/2022\/12\/moc-124924-queen-annes-revenge-ship-mod_main-3-60x60.jpg 60w, https:\/\/mouldking.store\/wp-content\/uploads\/2022\/12\/moc-124924-queen-annes-revenge-ship-mod_main-3-90x90.jpg 90w, https:\/\/mouldking.store\/wp-content\/uploads\/2022\/12\/moc-124924-queen-annes-revenge-ship-mod_main-3.jpg 1100w\" sizes=\"(max-width: 1024px) 100vw, 1024px\" \/><figcaption id=\"caption-attachment-36865\" class=\"wp-caption-text\">MOC-124924 Queen Anne&#039;s Revenge Ship Model Pirate Series mit 4749PCS<\/figcaption><\/figure>\n<figure id=\"attachment_36859\" aria-describedby=\"caption-attachment-36859\" style=\"width: 1024px\" class=\"wp-caption aligncenter\"><img loading=\"lazy\" decoding=\"async\" class=\"wp-image-36859 size-large\" src=\"https:\/\/mouldking.store\/wp-content\/uploads\/2022\/12\/moc-124924-queen-annes-revenge-ship-mod_main-0-1024x1024.jpg\" alt=\"MOC-124924 Queen Anne\u2019s Revenge Ship Model Pirate Series With 4749PCS \" width=\"1024\" height=\"1024\" title=\"-\" srcset=\"https:\/\/mouldking.store\/wp-content\/uploads\/2022\/12\/moc-124924-queen-annes-revenge-ship-mod_main-0-1024x1024.jpg 1024w, https:\/\/mouldking.store\/wp-content\/uploads\/2022\/12\/moc-124924-queen-annes-revenge-ship-mod_main-0-300x300.jpg 300w, https:\/\/mouldking.store\/wp-content\/uploads\/2022\/12\/moc-124924-queen-annes-revenge-ship-mod_main-0-768x768.jpg 768w, https:\/\/mouldking.store\/wp-content\/uploads\/2022\/12\/moc-124924-queen-annes-revenge-ship-mod_main-0-600x600.jpg 600w, https:\/\/mouldking.store\/wp-content\/uploads\/2022\/12\/moc-124924-queen-annes-revenge-ship-mod_main-0-150x150.jpg 150w, https:\/\/mouldking.store\/wp-content\/uploads\/2022\/12\/moc-124924-queen-annes-revenge-ship-mod_main-0-60x60.jpg 60w, https:\/\/mouldking.store\/wp-content\/uploads\/2022\/12\/moc-124924-queen-annes-revenge-ship-mod_main-0-90x90.jpg 90w, https:\/\/mouldking.store\/wp-content\/uploads\/2022\/12\/moc-124924-queen-annes-revenge-ship-mod_main-0.jpg 1100w\" sizes=\"(max-width: 1024px) 100vw, 1024px\" \/><figcaption id=\"caption-attachment-36859\" class=\"wp-caption-text\">MOC-124924 Queen Anne&#039;s Revenge Ship Model Pirate Series mit 4749PCS<\/figcaption><\/figure>\n<figure id=\"attachment_36861\" aria-describedby=\"caption-attachment-36861\" style=\"width: 1024px\" class=\"wp-caption aligncenter\"><img loading=\"lazy\" decoding=\"async\" class=\"wp-image-36861 size-large\" src=\"https:\/\/mouldking.store\/wp-content\/uploads\/2022\/12\/moc-124924-queen-annes-revenge-ship-mod_main-4-Copy-1024x1024.jpg\" alt=\"MOC-124924 Queen Anne\u2019s Revenge Ship Model Pirate Series With 4749PCS \" width=\"1024\" height=\"1024\" title=\"-\" srcset=\"https:\/\/mouldking.store\/wp-content\/uploads\/2022\/12\/moc-124924-queen-annes-revenge-ship-mod_main-4-Copy-1024x1024.jpg 1024w, https:\/\/mouldking.store\/wp-content\/uploads\/2022\/12\/moc-124924-queen-annes-revenge-ship-mod_main-4-Copy-300x300.jpg 300w, https:\/\/mouldking.store\/wp-content\/uploads\/2022\/12\/moc-124924-queen-annes-revenge-ship-mod_main-4-Copy-768x768.jpg 768w, https:\/\/mouldking.store\/wp-content\/uploads\/2022\/12\/moc-124924-queen-annes-revenge-ship-mod_main-4-Copy-600x600.jpg 600w, https:\/\/mouldking.store\/wp-content\/uploads\/2022\/12\/moc-124924-queen-annes-revenge-ship-mod_main-4-Copy-150x150.jpg 150w, https:\/\/mouldking.store\/wp-content\/uploads\/2022\/12\/moc-124924-queen-annes-revenge-ship-mod_main-4-Copy-60x60.jpg 60w, https:\/\/mouldking.store\/wp-content\/uploads\/2022\/12\/moc-124924-queen-annes-revenge-ship-mod_main-4-Copy-90x90.jpg 90w, https:\/\/mouldking.store\/wp-content\/uploads\/2022\/12\/moc-124924-queen-annes-revenge-ship-mod_main-4-Copy.jpg 1100w\" sizes=\"(max-width: 1024px) 100vw, 1024px\" \/><figcaption id=\"caption-attachment-36861\" class=\"wp-caption-text\">MOC-124924 Queen Anne&#039;s Revenge Ship Model Pirate Series mit 4749PCS<\/figcaption><\/figure>\n<figure id=\"attachment_36860\" aria-describedby=\"caption-attachment-36860\" style=\"width: 1024px\" class=\"wp-caption aligncenter\"><img loading=\"lazy\" decoding=\"async\" class=\"wp-image-36860 size-large\" src=\"https:\/\/mouldking.store\/wp-content\/uploads\/2022\/12\/moc-124924-queen-annes-revenge-ship-mod_main-5-Copy-1024x1024.jpg\" alt=\"MOC-124924 Queen Anne\u2019s Revenge Ship Model Pirate Series With 4749PCS \" width=\"1024\" height=\"1024\" title=\"-\" srcset=\"https:\/\/mouldking.store\/wp-content\/uploads\/2022\/12\/moc-124924-queen-annes-revenge-ship-mod_main-5-Copy-1024x1024.jpg 1024w, https:\/\/mouldking.store\/wp-content\/uploads\/2022\/12\/moc-124924-queen-annes-revenge-ship-mod_main-5-Copy-300x300.jpg 300w, https:\/\/mouldking.store\/wp-content\/uploads\/2022\/12\/moc-124924-queen-annes-revenge-ship-mod_main-5-Copy-768x768.jpg 768w, https:\/\/mouldking.store\/wp-content\/uploads\/2022\/12\/moc-124924-queen-annes-revenge-ship-mod_main-5-Copy-600x600.jpg 600w, https:\/\/mouldking.store\/wp-content\/uploads\/2022\/12\/moc-124924-queen-annes-revenge-ship-mod_main-5-Copy-150x150.jpg 150w, https:\/\/mouldking.store\/wp-content\/uploads\/2022\/12\/moc-124924-queen-annes-revenge-ship-mod_main-5-Copy-60x60.jpg 60w, https:\/\/mouldking.store\/wp-content\/uploads\/2022\/12\/moc-124924-queen-annes-revenge-ship-mod_main-5-Copy-90x90.jpg 90w, https:\/\/mouldking.store\/wp-content\/uploads\/2022\/12\/moc-124924-queen-annes-revenge-ship-mod_main-5-Copy.jpg 1100w\" sizes=\"(max-width: 1024px) 100vw, 1024px\" \/><figcaption id=\"caption-attachment-36860\" class=\"wp-caption-text\">MOC-124924 Queen Anne&#039;s Revenge Ship Model Pirate Series mit 4749PCS<\/figcaption><\/figure>\n<figure id=\"attachment_36857\" aria-describedby=\"caption-attachment-36857\" style=\"width: 1024px\" class=\"wp-caption aligncenter\"><img loading=\"lazy\" decoding=\"async\" class=\"wp-image-36857 size-large\" src=\"https:\/\/mouldking.store\/wp-content\/uploads\/2022\/12\/moc-124924-queen-annes-revenge-ship-mod_main-2-1024x1024.jpg\" alt=\"MOC-124924 Queen Anne\u2019s Revenge Ship Model Pirate Series With 4749PCS \" width=\"1024\" height=\"1024\" title=\"-\" srcset=\"https:\/\/mouldking.store\/wp-content\/uploads\/2022\/12\/moc-124924-queen-annes-revenge-ship-mod_main-2-1024x1024.jpg 1024w, https:\/\/mouldking.store\/wp-content\/uploads\/2022\/12\/moc-124924-queen-annes-revenge-ship-mod_main-2-300x300.jpg 300w, https:\/\/mouldking.store\/wp-content\/uploads\/2022\/12\/moc-124924-queen-annes-revenge-ship-mod_main-2-768x768.jpg 768w, https:\/\/mouldking.store\/wp-content\/uploads\/2022\/12\/moc-124924-queen-annes-revenge-ship-mod_main-2-600x600.jpg 600w, https:\/\/mouldking.store\/wp-content\/uploads\/2022\/12\/moc-124924-queen-annes-revenge-ship-mod_main-2-150x150.jpg 150w, https:\/\/mouldking.store\/wp-content\/uploads\/2022\/12\/moc-124924-queen-annes-revenge-ship-mod_main-2-60x60.jpg 60w, https:\/\/mouldking.store\/wp-content\/uploads\/2022\/12\/moc-124924-queen-annes-revenge-ship-mod_main-2-90x90.jpg 90w, https:\/\/mouldking.store\/wp-content\/uploads\/2022\/12\/moc-124924-queen-annes-revenge-ship-mod_main-2.jpg 1100w\" sizes=\"(max-width: 1024px) 100vw, 1024px\" \/><figcaption id=\"caption-attachment-36857\" class=\"wp-caption-text\">MOC-124924 Queen Anne&#039;s Revenge Ship Model Pirate Series mit 4749PCS<\/figcaption><\/figure>\n<figure id=\"attachment_36858\" aria-describedby=\"caption-attachment-36858\" style=\"width: 1024px\" class=\"wp-caption aligncenter\"><img loading=\"lazy\" decoding=\"async\" class=\"wp-image-36858 size-large\" src=\"https:\/\/mouldking.store\/wp-content\/uploads\/2022\/12\/moc-124924-queen-annes-revenge-ship-mod_main-1-1024x1024.jpg\" alt=\"MOC-124924 Queen Anne\u2019s Revenge Ship Model Pirate Series With 4749PCS \" width=\"1024\" height=\"1024\" title=\"-\" srcset=\"https:\/\/mouldking.store\/wp-content\/uploads\/2022\/12\/moc-124924-queen-annes-revenge-ship-mod_main-1-1024x1024.jpg 1024w, https:\/\/mouldking.store\/wp-content\/uploads\/2022\/12\/moc-124924-queen-annes-revenge-ship-mod_main-1-300x300.jpg 300w, https:\/\/mouldking.store\/wp-content\/uploads\/2022\/12\/moc-124924-queen-annes-revenge-ship-mod_main-1-768x768.jpg 768w, https:\/\/mouldking.store\/wp-content\/uploads\/2022\/12\/moc-124924-queen-annes-revenge-ship-mod_main-1-600x600.jpg 600w, https:\/\/mouldking.store\/wp-content\/uploads\/2022\/12\/moc-124924-queen-annes-revenge-ship-mod_main-1-150x150.jpg 150w, https:\/\/mouldking.store\/wp-content\/uploads\/2022\/12\/moc-124924-queen-annes-revenge-ship-mod_main-1-60x60.jpg 60w, https:\/\/mouldking.store\/wp-content\/uploads\/2022\/12\/moc-124924-queen-annes-revenge-ship-mod_main-1-90x90.jpg 90w, https:\/\/mouldking.store\/wp-content\/uploads\/2022\/12\/moc-124924-queen-annes-revenge-ship-mod_main-1.jpg 1100w\" sizes=\"(max-width: 1024px) 100vw, 1024px\" \/><figcaption id=\"caption-attachment-36858\" class=\"wp-caption-text\">MOC-124924 Queen Anne&#039;s Revenge Ship Model Pirate Series mit 4749PCS<\/figcaption><\/figure>","protected":false},"excerpt":{"rendered":"<p>Zeiteinteilung: 4-8 Wochen<\/p>","protected":false},"featured_media":36862,"comment_status":"closed","ping_status":"closed","template":"","meta":{"_acf_changed":false},"product_cat":[581],"product_tag":[8576,8574,8580,8573,8577,8575,8578,8579,5488,304],"class_list":["product","first","instock","shipping-taxable","purchasable","product-type-simple"],"acf":[],"_links":{"self":[{"href":"https:\/\/mouldking.store\/de\/wp-json\/wp\/v2\/product\/36856","targetHints":{"allow":["GET"]}}],"collection":[{"href":"https:\/\/mouldking.store\/de\/wp-json\/wp\/v2\/product"}],"about":[{"href":"https:\/\/mouldking.store\/de\/wp-json\/wp\/v2\/types\/product"}],"replies":[{"embeddable":true,"href":"https:\/\/mouldking.store\/de\/wp-json\/wp\/v2\/comments?post=36856"}],"wp:featuredmedia":[{"embeddable":true,"href":"https:\/\/mouldking.store\/de\/wp-json\/wp\/v2\/media\/36862"}],"wp:attachment":[{"href":"https:\/\/mouldking.store\/de\/wp-json\/wp\/v2\/media?parent=36856"}],"wp:term":[{"taxonomy":"product_cat","embeddable":true,"href":"https:\/\/mouldking.store\/de\/wp-json\/wp\/v2\/product_cat?post=36856"},{"taxonomy":"product_tag","embeddable":true,"href":"https:\/\/mouldking.store\/de\/wp-json\/wp\/v2\/product_tag?post=36856"}],"curies":[{"name":"wp","href":"https:\/\/api.w.org\/{rel}","templated":true}]}}