{"id":36912,"date":"2022-12-01T12:13:09","date_gmt":"2022-12-01T05:13:09","guid":{"rendered":"https:\/\/mouldking.store\/?post_type=product&#038;p=36912"},"modified":"2025-12-25T09:12:18","modified_gmt":"2025-12-25T02:12:18","slug":"moc-89540-medieval-ruins-military-war-scene-with-2179pcs","status":"publish","type":"product","link":"https:\/\/mouldking.store\/de\/shop\/moc-89540-medieval-ruins-military-war-scene-with-2179pcs\/","title":{"rendered":"MOC-89540 Mittelalterliche Ruinen Milit\u00e4rische Kriegsszene mit 2179PCS"},"content":{"rendered":"<p>Produktinformation:<\/p>\n<ol>\n<li>Marke: MOC<\/li>\n<li>Geschlecht: Unisex<\/li>\n<li>Name: Medieval Ruins Military War Scene<\/li>\n<li>Altersspanne: &gt; 6 Jahre alt<\/li>\n<li>Model Number: 89540<\/li>\n<li>Einstufung: Assemblage<\/li>\n<li>Kunststoffblockform: Selbstsichernde Steine<\/li>\n<li>Material: Kunststoff<\/li>\n<li>Kunststofftyp: ABS<\/li>\n<li>Bricks Blocks:2179 PCS<\/li>\n<li>Size: 37 x 27 x 14cm<\/li>\n<li>Gewicht: 1322 g<\/li>\n<li>Enth\u00e4lt eine ausf\u00fchrliche Montageanleitung.<\/li>\n<\/ol>\n<p>Notiz:<br \/>\n1. Ohne Originalverpackung, aber wir garantieren, dass unsere Produkte eine Qualit\u00e4tssicherung und eine sch\u00f6ne Verpackung haben.<br \/>\n2. Wie alle Teile, die wir vor dem Versand \u00fcberpr\u00fcft haben, machen Sie sich keine Sorgen, wenn Sie feststellen, dass einige Teile fehlen oder besch\u00e4digt sind, und kontaktieren Sie uns einfach, und wir k\u00f6nnen sie Ihnen umgehend kostenlos erneut zusenden.<\/p>\n<figure id=\"attachment_36913\" aria-describedby=\"caption-attachment-36913\" style=\"width: 1024px\" class=\"wp-caption aligncenter\"><img fetchpriority=\"high\" decoding=\"async\" class=\"wp-image-36913 size-large\" src=\"https:\/\/mouldking.store\/wp-content\/uploads\/2022\/12\/MOC-89540-Modular-Building-Medieval-Ruins-Military-War-Scene-MOC-FACTORY-1024x1024.png\" alt=\"MOC-89540 Medieval Ruins Military War Scene With 2179PCS \" width=\"1024\" height=\"1024\" title=\"-\" srcset=\"https:\/\/mouldking.store\/wp-content\/uploads\/2022\/12\/MOC-89540-Modular-Building-Medieval-Ruins-Military-War-Scene-MOC-FACTORY-1024x1024.png 1024w, https:\/\/mouldking.store\/wp-content\/uploads\/2022\/12\/MOC-89540-Modular-Building-Medieval-Ruins-Military-War-Scene-MOC-FACTORY-300x300.png 300w, https:\/\/mouldking.store\/wp-content\/uploads\/2022\/12\/MOC-89540-Modular-Building-Medieval-Ruins-Military-War-Scene-MOC-FACTORY-768x768.png 768w, https:\/\/mouldking.store\/wp-content\/uploads\/2022\/12\/MOC-89540-Modular-Building-Medieval-Ruins-Military-War-Scene-MOC-FACTORY-600x600.png 600w, https:\/\/mouldking.store\/wp-content\/uploads\/2022\/12\/MOC-89540-Modular-Building-Medieval-Ruins-Military-War-Scene-MOC-FACTORY-150x150.png 150w, https:\/\/mouldking.store\/wp-content\/uploads\/2022\/12\/MOC-89540-Modular-Building-Medieval-Ruins-Military-War-Scene-MOC-FACTORY-60x60.png 60w, https:\/\/mouldking.store\/wp-content\/uploads\/2022\/12\/MOC-89540-Modular-Building-Medieval-Ruins-Military-War-Scene-MOC-FACTORY-90x90.png 90w, https:\/\/mouldking.store\/wp-content\/uploads\/2022\/12\/MOC-89540-Modular-Building-Medieval-Ruins-Military-War-Scene-MOC-FACTORY.png 1095w\" sizes=\"(max-width: 1024px) 100vw, 1024px\" \/><figcaption id=\"caption-attachment-36913\" class=\"wp-caption-text\">MOC-89540 Mittelalterliche Ruinen Milit\u00e4rische Kriegsszene mit 2179PCS<\/figcaption><\/figure>\n<figure id=\"attachment_36914\" aria-describedby=\"caption-attachment-36914\" style=\"width: 1024px\" class=\"wp-caption aligncenter\"><img decoding=\"async\" class=\"wp-image-36914 size-large\" src=\"https:\/\/mouldking.store\/wp-content\/uploads\/2022\/12\/authorized-medieval-ruins-military-war-s_main-5-1024x1024.jpg\" alt=\"MOC-89540 Medieval Ruins Military War Scene With 2179PCS \" width=\"1024\" height=\"1024\" title=\"-\" srcset=\"https:\/\/mouldking.store\/wp-content\/uploads\/2022\/12\/authorized-medieval-ruins-military-war-s_main-5-1024x1024.jpg 1024w, https:\/\/mouldking.store\/wp-content\/uploads\/2022\/12\/authorized-medieval-ruins-military-war-s_main-5-300x300.jpg 300w, https:\/\/mouldking.store\/wp-content\/uploads\/2022\/12\/authorized-medieval-ruins-military-war-s_main-5-768x768.jpg 768w, https:\/\/mouldking.store\/wp-content\/uploads\/2022\/12\/authorized-medieval-ruins-military-war-s_main-5-600x600.jpg 600w, https:\/\/mouldking.store\/wp-content\/uploads\/2022\/12\/authorized-medieval-ruins-military-war-s_main-5-150x150.jpg 150w, https:\/\/mouldking.store\/wp-content\/uploads\/2022\/12\/authorized-medieval-ruins-military-war-s_main-5-60x60.jpg 60w, https:\/\/mouldking.store\/wp-content\/uploads\/2022\/12\/authorized-medieval-ruins-military-war-s_main-5-90x90.jpg 90w, https:\/\/mouldking.store\/wp-content\/uploads\/2022\/12\/authorized-medieval-ruins-military-war-s_main-5.jpg 1100w\" sizes=\"(max-width: 1024px) 100vw, 1024px\" \/><figcaption id=\"caption-attachment-36914\" class=\"wp-caption-text\">MOC-89540 Mittelalterliche Ruinen Milit\u00e4rische Kriegsszene mit 2179PCS<\/figcaption><\/figure>\n<figure id=\"attachment_36915\" aria-describedby=\"caption-attachment-36915\" style=\"width: 1024px\" class=\"wp-caption aligncenter\"><img decoding=\"async\" class=\"wp-image-36915 size-large\" src=\"https:\/\/mouldking.store\/wp-content\/uploads\/2022\/12\/authorized-medieval-ruins-military-war-s_main-4-1024x1024.jpg\" alt=\"MOC-89540 Medieval Ruins Military War Scene With 2179PCS \" width=\"1024\" height=\"1024\" title=\"-\" srcset=\"https:\/\/mouldking.store\/wp-content\/uploads\/2022\/12\/authorized-medieval-ruins-military-war-s_main-4-1024x1024.jpg 1024w, https:\/\/mouldking.store\/wp-content\/uploads\/2022\/12\/authorized-medieval-ruins-military-war-s_main-4-300x300.jpg 300w, https:\/\/mouldking.store\/wp-content\/uploads\/2022\/12\/authorized-medieval-ruins-military-war-s_main-4-768x768.jpg 768w, https:\/\/mouldking.store\/wp-content\/uploads\/2022\/12\/authorized-medieval-ruins-military-war-s_main-4-600x600.jpg 600w, https:\/\/mouldking.store\/wp-content\/uploads\/2022\/12\/authorized-medieval-ruins-military-war-s_main-4-150x150.jpg 150w, https:\/\/mouldking.store\/wp-content\/uploads\/2022\/12\/authorized-medieval-ruins-military-war-s_main-4-60x60.jpg 60w, https:\/\/mouldking.store\/wp-content\/uploads\/2022\/12\/authorized-medieval-ruins-military-war-s_main-4-90x90.jpg 90w, https:\/\/mouldking.store\/wp-content\/uploads\/2022\/12\/authorized-medieval-ruins-military-war-s_main-4.jpg 1100w\" sizes=\"(max-width: 1024px) 100vw, 1024px\" \/><figcaption id=\"caption-attachment-36915\" class=\"wp-caption-text\">MOC-89540 Mittelalterliche Ruinen Milit\u00e4rische Kriegsszene mit 2179PCS<\/figcaption><\/figure>\n<figure id=\"attachment_36916\" aria-describedby=\"caption-attachment-36916\" style=\"width: 1024px\" class=\"wp-caption aligncenter\"><img loading=\"lazy\" decoding=\"async\" class=\"wp-image-36916 size-large\" src=\"https:\/\/mouldking.store\/wp-content\/uploads\/2022\/12\/authorized-medieval-ruins-military-war-s_main-3-1024x1024.jpg\" alt=\"MOC-89540 Medieval Ruins Military War Scene With 2179PCS \" width=\"1024\" height=\"1024\" title=\"-\" srcset=\"https:\/\/mouldking.store\/wp-content\/uploads\/2022\/12\/authorized-medieval-ruins-military-war-s_main-3-1024x1024.jpg 1024w, https:\/\/mouldking.store\/wp-content\/uploads\/2022\/12\/authorized-medieval-ruins-military-war-s_main-3-300x300.jpg 300w, https:\/\/mouldking.store\/wp-content\/uploads\/2022\/12\/authorized-medieval-ruins-military-war-s_main-3-768x768.jpg 768w, https:\/\/mouldking.store\/wp-content\/uploads\/2022\/12\/authorized-medieval-ruins-military-war-s_main-3-600x600.jpg 600w, https:\/\/mouldking.store\/wp-content\/uploads\/2022\/12\/authorized-medieval-ruins-military-war-s_main-3-150x150.jpg 150w, https:\/\/mouldking.store\/wp-content\/uploads\/2022\/12\/authorized-medieval-ruins-military-war-s_main-3-60x60.jpg 60w, https:\/\/mouldking.store\/wp-content\/uploads\/2022\/12\/authorized-medieval-ruins-military-war-s_main-3-90x90.jpg 90w, https:\/\/mouldking.store\/wp-content\/uploads\/2022\/12\/authorized-medieval-ruins-military-war-s_main-3.jpg 1100w\" sizes=\"(max-width: 1024px) 100vw, 1024px\" \/><figcaption id=\"caption-attachment-36916\" class=\"wp-caption-text\">MOC-89540 Mittelalterliche Ruinen Milit\u00e4rische Kriegsszene mit 2179PCS<\/figcaption><\/figure>\n<figure id=\"attachment_36917\" aria-describedby=\"caption-attachment-36917\" style=\"width: 1024px\" class=\"wp-caption aligncenter\"><img loading=\"lazy\" decoding=\"async\" class=\"wp-image-36917 size-large\" src=\"https:\/\/mouldking.store\/wp-content\/uploads\/2022\/12\/authorized-medieval-ruins-military-war-s_main-1-1024x1024.jpg\" alt=\"MOC-89540 Medieval Ruins Military War Scene With 2179PCS \" width=\"1024\" height=\"1024\" title=\"-\" srcset=\"https:\/\/mouldking.store\/wp-content\/uploads\/2022\/12\/authorized-medieval-ruins-military-war-s_main-1-1024x1024.jpg 1024w, https:\/\/mouldking.store\/wp-content\/uploads\/2022\/12\/authorized-medieval-ruins-military-war-s_main-1-300x300.jpg 300w, https:\/\/mouldking.store\/wp-content\/uploads\/2022\/12\/authorized-medieval-ruins-military-war-s_main-1-768x768.jpg 768w, https:\/\/mouldking.store\/wp-content\/uploads\/2022\/12\/authorized-medieval-ruins-military-war-s_main-1-600x600.jpg 600w, https:\/\/mouldking.store\/wp-content\/uploads\/2022\/12\/authorized-medieval-ruins-military-war-s_main-1-150x150.jpg 150w, https:\/\/mouldking.store\/wp-content\/uploads\/2022\/12\/authorized-medieval-ruins-military-war-s_main-1-60x60.jpg 60w, https:\/\/mouldking.store\/wp-content\/uploads\/2022\/12\/authorized-medieval-ruins-military-war-s_main-1-90x90.jpg 90w, https:\/\/mouldking.store\/wp-content\/uploads\/2022\/12\/authorized-medieval-ruins-military-war-s_main-1.jpg 1100w\" sizes=\"(max-width: 1024px) 100vw, 1024px\" \/><figcaption id=\"caption-attachment-36917\" class=\"wp-caption-text\">MOC-89540 Mittelalterliche Ruinen Milit\u00e4rische Kriegsszene mit 2179PCS<\/figcaption><\/figure>\n<figure id=\"attachment_36918\" aria-describedby=\"caption-attachment-36918\" style=\"width: 1024px\" class=\"wp-caption aligncenter\"><img loading=\"lazy\" decoding=\"async\" class=\"wp-image-36918 size-large\" src=\"https:\/\/mouldking.store\/wp-content\/uploads\/2022\/12\/authorized-medieval-ruins-military-war-s_main-2-1024x1024.jpg\" alt=\"MOC-89540 Medieval Ruins Military War Scene With 2179PCS \" width=\"1024\" height=\"1024\" title=\"-\" srcset=\"https:\/\/mouldking.store\/wp-content\/uploads\/2022\/12\/authorized-medieval-ruins-military-war-s_main-2-1024x1024.jpg 1024w, https:\/\/mouldking.store\/wp-content\/uploads\/2022\/12\/authorized-medieval-ruins-military-war-s_main-2-300x300.jpg 300w, https:\/\/mouldking.store\/wp-content\/uploads\/2022\/12\/authorized-medieval-ruins-military-war-s_main-2-768x768.jpg 768w, https:\/\/mouldking.store\/wp-content\/uploads\/2022\/12\/authorized-medieval-ruins-military-war-s_main-2-600x600.jpg 600w, https:\/\/mouldking.store\/wp-content\/uploads\/2022\/12\/authorized-medieval-ruins-military-war-s_main-2-150x150.jpg 150w, https:\/\/mouldking.store\/wp-content\/uploads\/2022\/12\/authorized-medieval-ruins-military-war-s_main-2-60x60.jpg 60w, https:\/\/mouldking.store\/wp-content\/uploads\/2022\/12\/authorized-medieval-ruins-military-war-s_main-2-90x90.jpg 90w, https:\/\/mouldking.store\/wp-content\/uploads\/2022\/12\/authorized-medieval-ruins-military-war-s_main-2.jpg 1100w\" sizes=\"(max-width: 1024px) 100vw, 1024px\" \/><figcaption id=\"caption-attachment-36918\" class=\"wp-caption-text\">MOC-89540 Mittelalterliche Ruinen Milit\u00e4rische Kriegsszene mit 2179PCS<\/figcaption><\/figure>\n<figure id=\"attachment_36919\" aria-describedby=\"caption-attachment-36919\" style=\"width: 1024px\" class=\"wp-caption aligncenter\"><img loading=\"lazy\" decoding=\"async\" class=\"wp-image-36919 size-large\" src=\"https:\/\/mouldking.store\/wp-content\/uploads\/2022\/12\/authorized-medieval-ruins-military-war-s_main-0-1024x1024.jpg\" alt=\"MOC-89540 Medieval Ruins Military War Scene With 2179PCS \" width=\"1024\" height=\"1024\" title=\"-\" srcset=\"https:\/\/mouldking.store\/wp-content\/uploads\/2022\/12\/authorized-medieval-ruins-military-war-s_main-0-1024x1024.jpg 1024w, https:\/\/mouldking.store\/wp-content\/uploads\/2022\/12\/authorized-medieval-ruins-military-war-s_main-0-300x300.jpg 300w, https:\/\/mouldking.store\/wp-content\/uploads\/2022\/12\/authorized-medieval-ruins-military-war-s_main-0-768x768.jpg 768w, https:\/\/mouldking.store\/wp-content\/uploads\/2022\/12\/authorized-medieval-ruins-military-war-s_main-0-600x600.jpg 600w, https:\/\/mouldking.store\/wp-content\/uploads\/2022\/12\/authorized-medieval-ruins-military-war-s_main-0-150x150.jpg 150w, https:\/\/mouldking.store\/wp-content\/uploads\/2022\/12\/authorized-medieval-ruins-military-war-s_main-0-60x60.jpg 60w, https:\/\/mouldking.store\/wp-content\/uploads\/2022\/12\/authorized-medieval-ruins-military-war-s_main-0-90x90.jpg 90w, https:\/\/mouldking.store\/wp-content\/uploads\/2022\/12\/authorized-medieval-ruins-military-war-s_main-0.jpg 1100w\" sizes=\"(max-width: 1024px) 100vw, 1024px\" \/><figcaption id=\"caption-attachment-36919\" class=\"wp-caption-text\">MOC-89540 Mittelalterliche Ruinen Milit\u00e4rische Kriegsszene mit 2179PCS<\/figcaption><\/figure>","protected":false},"excerpt":{"rendered":"<p>Zeiteinteilung: 4-8 Wochen<\/p>","protected":false},"featured_media":36913,"comment_status":"closed","ping_status":"closed","template":"","meta":{"_acf_changed":false},"product_cat":[1395,1406,390],"product_tag":[4996,8624,8625,374,8622,8626,8621,8589,8623],"class_list":["product","first","instock","shipping-taxable","purchasable","product-type-simple"],"acf":[],"_links":{"self":[{"href":"https:\/\/mouldking.store\/de\/wp-json\/wp\/v2\/product\/36912","targetHints":{"allow":["GET"]}}],"collection":[{"href":"https:\/\/mouldking.store\/de\/wp-json\/wp\/v2\/product"}],"about":[{"href":"https:\/\/mouldking.store\/de\/wp-json\/wp\/v2\/types\/product"}],"replies":[{"embeddable":true,"href":"https:\/\/mouldking.store\/de\/wp-json\/wp\/v2\/comments?post=36912"}],"wp:featuredmedia":[{"embeddable":true,"href":"https:\/\/mouldking.store\/de\/wp-json\/wp\/v2\/media\/36913"}],"wp:attachment":[{"href":"https:\/\/mouldking.store\/de\/wp-json\/wp\/v2\/media?parent=36912"}],"wp:term":[{"taxonomy":"product_cat","embeddable":true,"href":"https:\/\/mouldking.store\/de\/wp-json\/wp\/v2\/product_cat?post=36912"},{"taxonomy":"product_tag","embeddable":true,"href":"https:\/\/mouldking.store\/de\/wp-json\/wp\/v2\/product_tag?post=36912"}],"curies":[{"name":"wp","href":"https:\/\/api.w.org\/{rel}","templated":true}]}}