{"id":36995,"date":"2022-12-01T15:09:27","date_gmt":"2022-12-01T08:09:27","guid":{"rendered":"https:\/\/mouldking.store\/?post_type=product&#038;p=36995"},"modified":"2025-12-25T09:12:17","modified_gmt":"2025-12-25T02:12:17","slug":"moc-89537-super-heavy-tank-with-1121pcs","status":"publish","type":"product","link":"https:\/\/mouldking.store\/de\/shop\/moc-89537-super-heavy-tank-with-1121pcs\/","title":{"rendered":"MOC-89537 Superschwerer Panzer mit 1121 STK"},"content":{"rendered":"<p>Produktinformation:<\/p>\n<ol>\n<li>Marke: MOC<\/li>\n<li>Geschlecht: Unisex<\/li>\n<li>Name: Super Heavy Tank<\/li>\n<li>Altersspanne: &gt; 6 Jahre alt<\/li>\n<li>Model Number: 89537<\/li>\n<li>Einstufung: Assemblage<\/li>\n<li>Kunststoffblockform: Selbstsichernde Steine<\/li>\n<li>Material: Kunststoff<\/li>\n<li>Kunststofftyp: ABS<\/li>\n<li>Bricks Blocks:1121PCS<\/li>\n<li>Size: 32 x 12.5 x 11cm<\/li>\n<li>Gewicht: 1500 g<\/li>\n<li>Enth\u00e4lt eine ausf\u00fchrliche Montageanleitung.<\/li>\n<\/ol>\n<p>Notiz:<br \/>\n1. Ohne Originalverpackung, aber wir garantieren, dass unsere Produkte eine Qualit\u00e4tssicherung und eine sch\u00f6ne Verpackung haben.<br \/>\n2. Wie alle Teile, die wir vor dem Versand \u00fcberpr\u00fcft haben, machen Sie sich keine Sorgen, wenn Sie feststellen, dass einige Teile fehlen oder besch\u00e4digt sind, und kontaktieren Sie uns einfach, und wir k\u00f6nnen sie Ihnen umgehend kostenlos erneut zusenden.<\/p>\n<figure id=\"attachment_37001\" aria-describedby=\"caption-attachment-37001\" style=\"width: 1024px\" class=\"wp-caption aligncenter\"><img fetchpriority=\"high\" decoding=\"async\" class=\"wp-image-37001 size-large\" src=\"https:\/\/mouldking.store\/wp-content\/uploads\/2022\/12\/MOC-89537-Military-Super-Heavy-Tank-MOC-FACTORY-1024x1024.png\" alt=\"MOC-89537 Super Heavy Tank With 1121PCS \" width=\"1024\" height=\"1024\" title=\"-\" srcset=\"https:\/\/mouldking.store\/wp-content\/uploads\/2022\/12\/MOC-89537-Military-Super-Heavy-Tank-MOC-FACTORY-1024x1024.png 1024w, https:\/\/mouldking.store\/wp-content\/uploads\/2022\/12\/MOC-89537-Military-Super-Heavy-Tank-MOC-FACTORY-300x300.png 300w, https:\/\/mouldking.store\/wp-content\/uploads\/2022\/12\/MOC-89537-Military-Super-Heavy-Tank-MOC-FACTORY-768x768.png 768w, https:\/\/mouldking.store\/wp-content\/uploads\/2022\/12\/MOC-89537-Military-Super-Heavy-Tank-MOC-FACTORY-600x600.png 600w, https:\/\/mouldking.store\/wp-content\/uploads\/2022\/12\/MOC-89537-Military-Super-Heavy-Tank-MOC-FACTORY-150x150.png 150w, https:\/\/mouldking.store\/wp-content\/uploads\/2022\/12\/MOC-89537-Military-Super-Heavy-Tank-MOC-FACTORY-60x60.png 60w, https:\/\/mouldking.store\/wp-content\/uploads\/2022\/12\/MOC-89537-Military-Super-Heavy-Tank-MOC-FACTORY-90x90.png 90w, https:\/\/mouldking.store\/wp-content\/uploads\/2022\/12\/MOC-89537-Military-Super-Heavy-Tank-MOC-FACTORY.png 1095w\" sizes=\"(max-width: 1024px) 100vw, 1024px\" \/><figcaption id=\"caption-attachment-37001\" class=\"wp-caption-text\">MOC-89537 Superschwerer Panzer mit 1121 STK<\/figcaption><\/figure>\n<figure id=\"attachment_37002\" aria-describedby=\"caption-attachment-37002\" style=\"width: 1024px\" class=\"wp-caption aligncenter\"><img decoding=\"async\" class=\"wp-image-37002 size-large\" src=\"https:\/\/mouldking.store\/wp-content\/uploads\/2022\/12\/super-heavy-tank-model-diy-building-bloc_main-5-1024x1024.jpg\" alt=\"MOC-89537 Super Heavy Tank With 1121PCS \" width=\"1024\" height=\"1024\" title=\"-\" srcset=\"https:\/\/mouldking.store\/wp-content\/uploads\/2022\/12\/super-heavy-tank-model-diy-building-bloc_main-5-1024x1024.jpg 1024w, https:\/\/mouldking.store\/wp-content\/uploads\/2022\/12\/super-heavy-tank-model-diy-building-bloc_main-5-300x300.jpg 300w, https:\/\/mouldking.store\/wp-content\/uploads\/2022\/12\/super-heavy-tank-model-diy-building-bloc_main-5-768x768.jpg 768w, https:\/\/mouldking.store\/wp-content\/uploads\/2022\/12\/super-heavy-tank-model-diy-building-bloc_main-5-600x600.jpg 600w, https:\/\/mouldking.store\/wp-content\/uploads\/2022\/12\/super-heavy-tank-model-diy-building-bloc_main-5-150x150.jpg 150w, https:\/\/mouldking.store\/wp-content\/uploads\/2022\/12\/super-heavy-tank-model-diy-building-bloc_main-5-60x60.jpg 60w, https:\/\/mouldking.store\/wp-content\/uploads\/2022\/12\/super-heavy-tank-model-diy-building-bloc_main-5-90x90.jpg 90w, https:\/\/mouldking.store\/wp-content\/uploads\/2022\/12\/super-heavy-tank-model-diy-building-bloc_main-5.jpg 1100w\" sizes=\"(max-width: 1024px) 100vw, 1024px\" \/><figcaption id=\"caption-attachment-37002\" class=\"wp-caption-text\">MOC-89537 Superschwerer Panzer mit 1121 STK<\/figcaption><\/figure>\n<figure id=\"attachment_37000\" aria-describedby=\"caption-attachment-37000\" style=\"width: 1024px\" class=\"wp-caption aligncenter\"><img decoding=\"async\" class=\"wp-image-37000 size-large\" src=\"https:\/\/mouldking.store\/wp-content\/uploads\/2022\/12\/super-heavy-tank-model-diy-building-bloc_main-0-1024x1024.jpg\" alt=\"MOC-89537 Super Heavy Tank With 1121PCS \" width=\"1024\" height=\"1024\" title=\"-\" srcset=\"https:\/\/mouldking.store\/wp-content\/uploads\/2022\/12\/super-heavy-tank-model-diy-building-bloc_main-0-1024x1024.jpg 1024w, https:\/\/mouldking.store\/wp-content\/uploads\/2022\/12\/super-heavy-tank-model-diy-building-bloc_main-0-300x300.jpg 300w, https:\/\/mouldking.store\/wp-content\/uploads\/2022\/12\/super-heavy-tank-model-diy-building-bloc_main-0-768x768.jpg 768w, https:\/\/mouldking.store\/wp-content\/uploads\/2022\/12\/super-heavy-tank-model-diy-building-bloc_main-0-600x600.jpg 600w, https:\/\/mouldking.store\/wp-content\/uploads\/2022\/12\/super-heavy-tank-model-diy-building-bloc_main-0-150x150.jpg 150w, https:\/\/mouldking.store\/wp-content\/uploads\/2022\/12\/super-heavy-tank-model-diy-building-bloc_main-0-60x60.jpg 60w, https:\/\/mouldking.store\/wp-content\/uploads\/2022\/12\/super-heavy-tank-model-diy-building-bloc_main-0-90x90.jpg 90w, https:\/\/mouldking.store\/wp-content\/uploads\/2022\/12\/super-heavy-tank-model-diy-building-bloc_main-0.jpg 1100w\" sizes=\"(max-width: 1024px) 100vw, 1024px\" \/><figcaption id=\"caption-attachment-37000\" class=\"wp-caption-text\">MOC-89537 Superschwerer Panzer mit 1121 STK<\/figcaption><\/figure>\n<figure id=\"attachment_36999\" aria-describedby=\"caption-attachment-36999\" style=\"width: 1024px\" class=\"wp-caption aligncenter\"><img loading=\"lazy\" decoding=\"async\" class=\"wp-image-36999 size-large\" src=\"https:\/\/mouldking.store\/wp-content\/uploads\/2022\/12\/super-heavy-tank-model-diy-building-bloc_main-1-1024x1024.jpg\" alt=\"MOC-89537 Super Heavy Tank With 1121PCS \" width=\"1024\" height=\"1024\" title=\"-\" srcset=\"https:\/\/mouldking.store\/wp-content\/uploads\/2022\/12\/super-heavy-tank-model-diy-building-bloc_main-1-1024x1024.jpg 1024w, https:\/\/mouldking.store\/wp-content\/uploads\/2022\/12\/super-heavy-tank-model-diy-building-bloc_main-1-300x300.jpg 300w, https:\/\/mouldking.store\/wp-content\/uploads\/2022\/12\/super-heavy-tank-model-diy-building-bloc_main-1-768x768.jpg 768w, https:\/\/mouldking.store\/wp-content\/uploads\/2022\/12\/super-heavy-tank-model-diy-building-bloc_main-1-600x600.jpg 600w, https:\/\/mouldking.store\/wp-content\/uploads\/2022\/12\/super-heavy-tank-model-diy-building-bloc_main-1-150x150.jpg 150w, https:\/\/mouldking.store\/wp-content\/uploads\/2022\/12\/super-heavy-tank-model-diy-building-bloc_main-1-60x60.jpg 60w, https:\/\/mouldking.store\/wp-content\/uploads\/2022\/12\/super-heavy-tank-model-diy-building-bloc_main-1-90x90.jpg 90w, https:\/\/mouldking.store\/wp-content\/uploads\/2022\/12\/super-heavy-tank-model-diy-building-bloc_main-1.jpg 1100w\" sizes=\"(max-width: 1024px) 100vw, 1024px\" \/><figcaption id=\"caption-attachment-36999\" class=\"wp-caption-text\">MOC-89537 Superschwerer Panzer mit 1121 STK<\/figcaption><\/figure>\n<figure id=\"attachment_36998\" aria-describedby=\"caption-attachment-36998\" style=\"width: 1024px\" class=\"wp-caption aligncenter\"><img loading=\"lazy\" decoding=\"async\" class=\"wp-image-36998 size-large\" src=\"https:\/\/mouldking.store\/wp-content\/uploads\/2022\/12\/super-heavy-tank-model-diy-building-bloc_main-2-1024x1024.jpg\" alt=\"MOC-89537 Super Heavy Tank With 1121PCS \" width=\"1024\" height=\"1024\" title=\"-\" srcset=\"https:\/\/mouldking.store\/wp-content\/uploads\/2022\/12\/super-heavy-tank-model-diy-building-bloc_main-2-1024x1024.jpg 1024w, https:\/\/mouldking.store\/wp-content\/uploads\/2022\/12\/super-heavy-tank-model-diy-building-bloc_main-2-300x300.jpg 300w, https:\/\/mouldking.store\/wp-content\/uploads\/2022\/12\/super-heavy-tank-model-diy-building-bloc_main-2-768x768.jpg 768w, https:\/\/mouldking.store\/wp-content\/uploads\/2022\/12\/super-heavy-tank-model-diy-building-bloc_main-2-600x600.jpg 600w, https:\/\/mouldking.store\/wp-content\/uploads\/2022\/12\/super-heavy-tank-model-diy-building-bloc_main-2-150x150.jpg 150w, https:\/\/mouldking.store\/wp-content\/uploads\/2022\/12\/super-heavy-tank-model-diy-building-bloc_main-2-60x60.jpg 60w, https:\/\/mouldking.store\/wp-content\/uploads\/2022\/12\/super-heavy-tank-model-diy-building-bloc_main-2-90x90.jpg 90w, https:\/\/mouldking.store\/wp-content\/uploads\/2022\/12\/super-heavy-tank-model-diy-building-bloc_main-2.jpg 1100w\" sizes=\"(max-width: 1024px) 100vw, 1024px\" \/><figcaption id=\"caption-attachment-36998\" class=\"wp-caption-text\">MOC-89537 Superschwerer Panzer mit 1121 STK<\/figcaption><\/figure>\n<figure id=\"attachment_36997\" aria-describedby=\"caption-attachment-36997\" style=\"width: 1100px\" class=\"wp-caption aligncenter\"><img loading=\"lazy\" decoding=\"async\" class=\"wp-image-36997 size-full\" src=\"https:\/\/mouldking.store\/wp-content\/uploads\/2022\/12\/super-heavy-tank-model-diy-building-bloc_main-3.jpg\" alt=\"MOC-89537 Super Heavy Tank With 1121PCS \" width=\"1100\" height=\"1100\" title=\"-\" srcset=\"https:\/\/mouldking.store\/wp-content\/uploads\/2022\/12\/super-heavy-tank-model-diy-building-bloc_main-3.jpg 1100w, https:\/\/mouldking.store\/wp-content\/uploads\/2022\/12\/super-heavy-tank-model-diy-building-bloc_main-3-300x300.jpg 300w, https:\/\/mouldking.store\/wp-content\/uploads\/2022\/12\/super-heavy-tank-model-diy-building-bloc_main-3-1024x1024.jpg 1024w, https:\/\/mouldking.store\/wp-content\/uploads\/2022\/12\/super-heavy-tank-model-diy-building-bloc_main-3-768x768.jpg 768w, https:\/\/mouldking.store\/wp-content\/uploads\/2022\/12\/super-heavy-tank-model-diy-building-bloc_main-3-600x600.jpg 600w, https:\/\/mouldking.store\/wp-content\/uploads\/2022\/12\/super-heavy-tank-model-diy-building-bloc_main-3-150x150.jpg 150w, https:\/\/mouldking.store\/wp-content\/uploads\/2022\/12\/super-heavy-tank-model-diy-building-bloc_main-3-60x60.jpg 60w, https:\/\/mouldking.store\/wp-content\/uploads\/2022\/12\/super-heavy-tank-model-diy-building-bloc_main-3-90x90.jpg 90w\" sizes=\"(max-width: 1100px) 100vw, 1100px\" \/><figcaption id=\"caption-attachment-36997\" class=\"wp-caption-text\">MOC-89537 Superschwerer Panzer mit 1121 STK<\/figcaption><\/figure>\n<figure id=\"attachment_36996\" aria-describedby=\"caption-attachment-36996\" style=\"width: 1024px\" class=\"wp-caption aligncenter\"><img loading=\"lazy\" decoding=\"async\" class=\"wp-image-36996 size-large\" src=\"https:\/\/mouldking.store\/wp-content\/uploads\/2022\/12\/super-heavy-tank-model-diy-building-bloc_main-4-Copy-1024x1024.jpg\" alt=\"MOC-89537 Super Heavy Tank With 1121PCS \" width=\"1024\" height=\"1024\" title=\"-\" srcset=\"https:\/\/mouldking.store\/wp-content\/uploads\/2022\/12\/super-heavy-tank-model-diy-building-bloc_main-4-Copy-1024x1024.jpg 1024w, https:\/\/mouldking.store\/wp-content\/uploads\/2022\/12\/super-heavy-tank-model-diy-building-bloc_main-4-Copy-300x300.jpg 300w, https:\/\/mouldking.store\/wp-content\/uploads\/2022\/12\/super-heavy-tank-model-diy-building-bloc_main-4-Copy-768x768.jpg 768w, https:\/\/mouldking.store\/wp-content\/uploads\/2022\/12\/super-heavy-tank-model-diy-building-bloc_main-4-Copy-600x600.jpg 600w, https:\/\/mouldking.store\/wp-content\/uploads\/2022\/12\/super-heavy-tank-model-diy-building-bloc_main-4-Copy-150x150.jpg 150w, https:\/\/mouldking.store\/wp-content\/uploads\/2022\/12\/super-heavy-tank-model-diy-building-bloc_main-4-Copy-60x60.jpg 60w, https:\/\/mouldking.store\/wp-content\/uploads\/2022\/12\/super-heavy-tank-model-diy-building-bloc_main-4-Copy-90x90.jpg 90w, https:\/\/mouldking.store\/wp-content\/uploads\/2022\/12\/super-heavy-tank-model-diy-building-bloc_main-4-Copy.jpg 1100w\" sizes=\"(max-width: 1024px) 100vw, 1024px\" \/><figcaption id=\"caption-attachment-36996\" class=\"wp-caption-text\">MOC-89537 Superschwerer Panzer mit 1121 STK<\/figcaption><\/figure>","protected":false},"excerpt":{"rendered":"<p>Zeiteinteilung: 4-8 Wochen<\/p>","protected":false},"featured_media":37001,"comment_status":"closed","ping_status":"closed","template":"","meta":{"_acf_changed":false},"product_cat":[1350,1406,372],"product_tag":[5469,8687,8688,8686,6192,485],"class_list":["product","first","instock","shipping-taxable","purchasable","product-type-simple"],"acf":[],"_links":{"self":[{"href":"https:\/\/mouldking.store\/de\/wp-json\/wp\/v2\/product\/36995","targetHints":{"allow":["GET"]}}],"collection":[{"href":"https:\/\/mouldking.store\/de\/wp-json\/wp\/v2\/product"}],"about":[{"href":"https:\/\/mouldking.store\/de\/wp-json\/wp\/v2\/types\/product"}],"replies":[{"embeddable":true,"href":"https:\/\/mouldking.store\/de\/wp-json\/wp\/v2\/comments?post=36995"}],"wp:featuredmedia":[{"embeddable":true,"href":"https:\/\/mouldking.store\/de\/wp-json\/wp\/v2\/media\/37001"}],"wp:attachment":[{"href":"https:\/\/mouldking.store\/de\/wp-json\/wp\/v2\/media?parent=36995"}],"wp:term":[{"taxonomy":"product_cat","embeddable":true,"href":"https:\/\/mouldking.store\/de\/wp-json\/wp\/v2\/product_cat?post=36995"},{"taxonomy":"product_tag","embeddable":true,"href":"https:\/\/mouldking.store\/de\/wp-json\/wp\/v2\/product_tag?post=36995"}],"curies":[{"name":"wp","href":"https:\/\/api.w.org\/{rel}","templated":true}]}}