{"id":37030,"date":"2022-12-01T15:49:18","date_gmt":"2022-12-01T08:49:18","guid":{"rendered":"https:\/\/mouldking.store\/?post_type=product&#038;p=37030"},"modified":"2025-12-25T09:12:17","modified_gmt":"2025-12-25T02:12:17","slug":"moc-60106-uh-60-black-hawk-helicopter-with-912-pieces","status":"publish","type":"product","link":"https:\/\/mouldking.store\/de\/shop\/moc-60106-uh-60-black-hawk-helicopter-with-912-pieces\/","title":{"rendered":"MOC-60106 UH-60 Black Hawk Hubschrauber mit 912 Teilen"},"content":{"rendered":"<p>Produktinformation:<\/p>\n<ol>\n<li>Marke: MOC<\/li>\n<li>Geschlecht: Unisex<\/li>\n<li>Name: UH-60 Black Hawk Helicopter<\/li>\n<li>Altersspanne: &gt; 6 Jahre alt<\/li>\n<li>Model Number: 60106<\/li>\n<li>Einstufung: Assemblage<\/li>\n<li>Kunststoffblockform: Selbstsichernde Steine<\/li>\n<li>Material: Kunststoff<\/li>\n<li>Kunststofftyp: ABS<\/li>\n<li>Bricks Blocks:912 PCS<\/li>\n<li>Gr\u00f6\u00dfe: 37 x 27 x 7 cm<\/li>\n<li>Weight: 912g<\/li>\n<li>Enth\u00e4lt eine ausf\u00fchrliche Montageanleitung.<\/li>\n<\/ol>\n<p>Notiz:<br \/>\n1. Ohne Originalverpackung, aber wir garantieren, dass unsere Produkte eine Qualit\u00e4tssicherung und eine sch\u00f6ne Verpackung haben.<br \/>\n2. Wie alle Teile, die wir vor dem Versand \u00fcberpr\u00fcft haben, machen Sie sich keine Sorgen, wenn Sie feststellen, dass einige Teile fehlen oder besch\u00e4digt sind, und kontaktieren Sie uns einfach, und wir k\u00f6nnen sie Ihnen umgehend kostenlos erneut zusenden.<\/p>\n<figure id=\"attachment_37033\" aria-describedby=\"caption-attachment-37033\" style=\"width: 1024px\" class=\"wp-caption aligncenter\"><img fetchpriority=\"high\" decoding=\"async\" class=\"wp-image-37033 size-large\" src=\"https:\/\/mouldking.store\/wp-content\/uploads\/2022\/12\/MOC-60106-Military-UH-60-Black-Hawk-Helicopter-MOC-FACTORY-1024x1024.png\" alt=\"MOC-60106 UH-60 Black Hawk Helicopter With 912 Pieces\" width=\"1024\" height=\"1024\" title=\"-\" srcset=\"https:\/\/mouldking.store\/wp-content\/uploads\/2022\/12\/MOC-60106-Military-UH-60-Black-Hawk-Helicopter-MOC-FACTORY-1024x1024.png 1024w, https:\/\/mouldking.store\/wp-content\/uploads\/2022\/12\/MOC-60106-Military-UH-60-Black-Hawk-Helicopter-MOC-FACTORY-300x300.png 300w, https:\/\/mouldking.store\/wp-content\/uploads\/2022\/12\/MOC-60106-Military-UH-60-Black-Hawk-Helicopter-MOC-FACTORY-768x768.png 768w, https:\/\/mouldking.store\/wp-content\/uploads\/2022\/12\/MOC-60106-Military-UH-60-Black-Hawk-Helicopter-MOC-FACTORY-600x600.png 600w, https:\/\/mouldking.store\/wp-content\/uploads\/2022\/12\/MOC-60106-Military-UH-60-Black-Hawk-Helicopter-MOC-FACTORY-150x150.png 150w, https:\/\/mouldking.store\/wp-content\/uploads\/2022\/12\/MOC-60106-Military-UH-60-Black-Hawk-Helicopter-MOC-FACTORY-60x60.png 60w, https:\/\/mouldking.store\/wp-content\/uploads\/2022\/12\/MOC-60106-Military-UH-60-Black-Hawk-Helicopter-MOC-FACTORY-90x90.png 90w, https:\/\/mouldking.store\/wp-content\/uploads\/2022\/12\/MOC-60106-Military-UH-60-Black-Hawk-Helicopter-MOC-FACTORY.png 1095w\" sizes=\"(max-width: 1024px) 100vw, 1024px\" \/><figcaption id=\"caption-attachment-37033\" class=\"wp-caption-text\">MOC-60106 UH-60 Black Hawk Hubschrauber mit 912 Teilen<\/figcaption><\/figure>\n<figure id=\"attachment_37034\" aria-describedby=\"caption-attachment-37034\" style=\"width: 1024px\" class=\"wp-caption aligncenter\"><img decoding=\"async\" class=\"wp-image-37034 size-large\" src=\"https:\/\/mouldking.store\/wp-content\/uploads\/2022\/12\/moc-60106-uh-60-black-hawk-helicopter-mi_main-5-1024x1024.jpg\" alt=\"MOC-60106 UH-60 Black Hawk Helicopter With 912 Pieces\" width=\"1024\" height=\"1024\" title=\"-\" srcset=\"https:\/\/mouldking.store\/wp-content\/uploads\/2022\/12\/moc-60106-uh-60-black-hawk-helicopter-mi_main-5-1024x1024.jpg 1024w, https:\/\/mouldking.store\/wp-content\/uploads\/2022\/12\/moc-60106-uh-60-black-hawk-helicopter-mi_main-5-300x300.jpg 300w, https:\/\/mouldking.store\/wp-content\/uploads\/2022\/12\/moc-60106-uh-60-black-hawk-helicopter-mi_main-5-768x768.jpg 768w, https:\/\/mouldking.store\/wp-content\/uploads\/2022\/12\/moc-60106-uh-60-black-hawk-helicopter-mi_main-5-600x600.jpg 600w, https:\/\/mouldking.store\/wp-content\/uploads\/2022\/12\/moc-60106-uh-60-black-hawk-helicopter-mi_main-5-150x150.jpg 150w, https:\/\/mouldking.store\/wp-content\/uploads\/2022\/12\/moc-60106-uh-60-black-hawk-helicopter-mi_main-5-60x60.jpg 60w, https:\/\/mouldking.store\/wp-content\/uploads\/2022\/12\/moc-60106-uh-60-black-hawk-helicopter-mi_main-5-90x90.jpg 90w, https:\/\/mouldking.store\/wp-content\/uploads\/2022\/12\/moc-60106-uh-60-black-hawk-helicopter-mi_main-5.jpg 1100w\" sizes=\"(max-width: 1024px) 100vw, 1024px\" \/><figcaption id=\"caption-attachment-37034\" class=\"wp-caption-text\">MOC-60106 UH-60 Black Hawk Hubschrauber mit 912 Teilen<\/figcaption><\/figure>\n<figure id=\"attachment_37035\" aria-describedby=\"caption-attachment-37035\" style=\"width: 1024px\" class=\"wp-caption aligncenter\"><img decoding=\"async\" class=\"wp-image-37035 size-large\" src=\"https:\/\/mouldking.store\/wp-content\/uploads\/2022\/12\/moc-60106-uh-60-black-hawk-helicopter-mi_main-4-1024x1024.jpg\" alt=\"MOC-60106 UH-60 Black Hawk Helicopter With 912 Pieces\" width=\"1024\" height=\"1024\" title=\"-\" srcset=\"https:\/\/mouldking.store\/wp-content\/uploads\/2022\/12\/moc-60106-uh-60-black-hawk-helicopter-mi_main-4-1024x1024.jpg 1024w, https:\/\/mouldking.store\/wp-content\/uploads\/2022\/12\/moc-60106-uh-60-black-hawk-helicopter-mi_main-4-300x300.jpg 300w, https:\/\/mouldking.store\/wp-content\/uploads\/2022\/12\/moc-60106-uh-60-black-hawk-helicopter-mi_main-4-768x768.jpg 768w, https:\/\/mouldking.store\/wp-content\/uploads\/2022\/12\/moc-60106-uh-60-black-hawk-helicopter-mi_main-4-600x600.jpg 600w, https:\/\/mouldking.store\/wp-content\/uploads\/2022\/12\/moc-60106-uh-60-black-hawk-helicopter-mi_main-4-150x150.jpg 150w, https:\/\/mouldking.store\/wp-content\/uploads\/2022\/12\/moc-60106-uh-60-black-hawk-helicopter-mi_main-4-60x60.jpg 60w, https:\/\/mouldking.store\/wp-content\/uploads\/2022\/12\/moc-60106-uh-60-black-hawk-helicopter-mi_main-4-90x90.jpg 90w, https:\/\/mouldking.store\/wp-content\/uploads\/2022\/12\/moc-60106-uh-60-black-hawk-helicopter-mi_main-4.jpg 1100w\" sizes=\"(max-width: 1024px) 100vw, 1024px\" \/><figcaption id=\"caption-attachment-37035\" class=\"wp-caption-text\">MOC-60106 UH-60 Black Hawk Hubschrauber mit 912 Teilen<\/figcaption><\/figure>\n<figure id=\"attachment_37036\" aria-describedby=\"caption-attachment-37036\" style=\"width: 1024px\" class=\"wp-caption aligncenter\"><img loading=\"lazy\" decoding=\"async\" class=\"wp-image-37036 size-large\" src=\"https:\/\/mouldking.store\/wp-content\/uploads\/2022\/12\/moc-60106-uh-60-black-hawk-helicopter-mi_main-3-1024x1024.jpg\" alt=\"MOC-60106 UH-60 Black Hawk Helicopter With 912 Pieces\" width=\"1024\" height=\"1024\" title=\"-\" srcset=\"https:\/\/mouldking.store\/wp-content\/uploads\/2022\/12\/moc-60106-uh-60-black-hawk-helicopter-mi_main-3-1024x1024.jpg 1024w, https:\/\/mouldking.store\/wp-content\/uploads\/2022\/12\/moc-60106-uh-60-black-hawk-helicopter-mi_main-3-300x300.jpg 300w, https:\/\/mouldking.store\/wp-content\/uploads\/2022\/12\/moc-60106-uh-60-black-hawk-helicopter-mi_main-3-768x768.jpg 768w, https:\/\/mouldking.store\/wp-content\/uploads\/2022\/12\/moc-60106-uh-60-black-hawk-helicopter-mi_main-3-600x600.jpg 600w, https:\/\/mouldking.store\/wp-content\/uploads\/2022\/12\/moc-60106-uh-60-black-hawk-helicopter-mi_main-3-150x150.jpg 150w, https:\/\/mouldking.store\/wp-content\/uploads\/2022\/12\/moc-60106-uh-60-black-hawk-helicopter-mi_main-3-60x60.jpg 60w, https:\/\/mouldking.store\/wp-content\/uploads\/2022\/12\/moc-60106-uh-60-black-hawk-helicopter-mi_main-3-90x90.jpg 90w, https:\/\/mouldking.store\/wp-content\/uploads\/2022\/12\/moc-60106-uh-60-black-hawk-helicopter-mi_main-3.jpg 1100w\" sizes=\"(max-width: 1024px) 100vw, 1024px\" \/><figcaption id=\"caption-attachment-37036\" class=\"wp-caption-text\">MOC-60106 UH-60 Black Hawk Hubschrauber mit 912 Teilen<\/figcaption><\/figure>\n<figure id=\"attachment_37037\" aria-describedby=\"caption-attachment-37037\" style=\"width: 1024px\" class=\"wp-caption aligncenter\"><img loading=\"lazy\" decoding=\"async\" class=\"wp-image-37037 size-large\" src=\"https:\/\/mouldking.store\/wp-content\/uploads\/2022\/12\/moc-60106-uh-60-black-hawk-helicopter-mi_main-2-1024x1024.jpg\" alt=\"MOC-60106 UH-60 Black Hawk Helicopter With 912 Pieces\" width=\"1024\" height=\"1024\" title=\"-\" srcset=\"https:\/\/mouldking.store\/wp-content\/uploads\/2022\/12\/moc-60106-uh-60-black-hawk-helicopter-mi_main-2-1024x1024.jpg 1024w, https:\/\/mouldking.store\/wp-content\/uploads\/2022\/12\/moc-60106-uh-60-black-hawk-helicopter-mi_main-2-300x300.jpg 300w, https:\/\/mouldking.store\/wp-content\/uploads\/2022\/12\/moc-60106-uh-60-black-hawk-helicopter-mi_main-2-768x768.jpg 768w, https:\/\/mouldking.store\/wp-content\/uploads\/2022\/12\/moc-60106-uh-60-black-hawk-helicopter-mi_main-2-600x600.jpg 600w, https:\/\/mouldking.store\/wp-content\/uploads\/2022\/12\/moc-60106-uh-60-black-hawk-helicopter-mi_main-2-150x150.jpg 150w, https:\/\/mouldking.store\/wp-content\/uploads\/2022\/12\/moc-60106-uh-60-black-hawk-helicopter-mi_main-2-60x60.jpg 60w, https:\/\/mouldking.store\/wp-content\/uploads\/2022\/12\/moc-60106-uh-60-black-hawk-helicopter-mi_main-2-90x90.jpg 90w, https:\/\/mouldking.store\/wp-content\/uploads\/2022\/12\/moc-60106-uh-60-black-hawk-helicopter-mi_main-2.jpg 1100w\" sizes=\"(max-width: 1024px) 100vw, 1024px\" \/><figcaption id=\"caption-attachment-37037\" class=\"wp-caption-text\">MOC-60106 UH-60 Black Hawk Hubschrauber mit 912 Teilen<\/figcaption><\/figure>\n<figure id=\"attachment_37038\" aria-describedby=\"caption-attachment-37038\" style=\"width: 1024px\" class=\"wp-caption aligncenter\"><img loading=\"lazy\" decoding=\"async\" class=\"wp-image-37038 size-large\" src=\"https:\/\/mouldking.store\/wp-content\/uploads\/2022\/12\/moc-60106-uh-60-black-hawk-helicopter-mi_main-1-1024x1024.jpg\" alt=\"MOC-60106 UH-60 Black Hawk Helicopter With 912 Pieces\" width=\"1024\" height=\"1024\" title=\"-\" srcset=\"https:\/\/mouldking.store\/wp-content\/uploads\/2022\/12\/moc-60106-uh-60-black-hawk-helicopter-mi_main-1-1024x1024.jpg 1024w, https:\/\/mouldking.store\/wp-content\/uploads\/2022\/12\/moc-60106-uh-60-black-hawk-helicopter-mi_main-1-300x300.jpg 300w, https:\/\/mouldking.store\/wp-content\/uploads\/2022\/12\/moc-60106-uh-60-black-hawk-helicopter-mi_main-1-768x768.jpg 768w, https:\/\/mouldking.store\/wp-content\/uploads\/2022\/12\/moc-60106-uh-60-black-hawk-helicopter-mi_main-1-600x600.jpg 600w, https:\/\/mouldking.store\/wp-content\/uploads\/2022\/12\/moc-60106-uh-60-black-hawk-helicopter-mi_main-1-150x150.jpg 150w, https:\/\/mouldking.store\/wp-content\/uploads\/2022\/12\/moc-60106-uh-60-black-hawk-helicopter-mi_main-1-60x60.jpg 60w, https:\/\/mouldking.store\/wp-content\/uploads\/2022\/12\/moc-60106-uh-60-black-hawk-helicopter-mi_main-1-90x90.jpg 90w, https:\/\/mouldking.store\/wp-content\/uploads\/2022\/12\/moc-60106-uh-60-black-hawk-helicopter-mi_main-1.jpg 1100w\" sizes=\"(max-width: 1024px) 100vw, 1024px\" \/><figcaption id=\"caption-attachment-37038\" class=\"wp-caption-text\">MOC-60106 UH-60 Black Hawk Hubschrauber mit 912 Teilen<\/figcaption><\/figure>\n<figure id=\"attachment_37032\" aria-describedby=\"caption-attachment-37032\" style=\"width: 1024px\" class=\"wp-caption aligncenter\"><img loading=\"lazy\" decoding=\"async\" class=\"wp-image-37032 size-large\" src=\"https:\/\/mouldking.store\/wp-content\/uploads\/2022\/12\/moc-60106-uh-60-black-hawk-helicopter-mi_main-0-1024x1024.jpg\" alt=\"MOC-60106 UH-60 Black Hawk Helicopter With 912 Pieces\" width=\"1024\" height=\"1024\" title=\"-\" srcset=\"https:\/\/mouldking.store\/wp-content\/uploads\/2022\/12\/moc-60106-uh-60-black-hawk-helicopter-mi_main-0-1024x1024.jpg 1024w, https:\/\/mouldking.store\/wp-content\/uploads\/2022\/12\/moc-60106-uh-60-black-hawk-helicopter-mi_main-0-300x300.jpg 300w, https:\/\/mouldking.store\/wp-content\/uploads\/2022\/12\/moc-60106-uh-60-black-hawk-helicopter-mi_main-0-768x768.jpg 768w, https:\/\/mouldking.store\/wp-content\/uploads\/2022\/12\/moc-60106-uh-60-black-hawk-helicopter-mi_main-0-600x600.jpg 600w, https:\/\/mouldking.store\/wp-content\/uploads\/2022\/12\/moc-60106-uh-60-black-hawk-helicopter-mi_main-0-150x150.jpg 150w, https:\/\/mouldking.store\/wp-content\/uploads\/2022\/12\/moc-60106-uh-60-black-hawk-helicopter-mi_main-0-60x60.jpg 60w, https:\/\/mouldking.store\/wp-content\/uploads\/2022\/12\/moc-60106-uh-60-black-hawk-helicopter-mi_main-0-90x90.jpg 90w, https:\/\/mouldking.store\/wp-content\/uploads\/2022\/12\/moc-60106-uh-60-black-hawk-helicopter-mi_main-0.jpg 1100w\" sizes=\"(max-width: 1024px) 100vw, 1024px\" \/><figcaption id=\"caption-attachment-37032\" class=\"wp-caption-text\">MOC-60106 UH-60 Black Hawk Hubschrauber mit 912 Teilen<\/figcaption><\/figure>","protected":false},"excerpt":{"rendered":"<p>Zeiteinteilung: 4-8 Wochen<\/p>","protected":false},"featured_media":37033,"comment_status":"closed","ping_status":"closed","template":"","meta":{"_acf_changed":false},"product_cat":[1406,372],"product_tag":[8711,8712,5298,8709,8714,8708,8710,8713],"class_list":["product","first","instock","shipping-taxable","purchasable","product-type-simple"],"acf":[],"_links":{"self":[{"href":"https:\/\/mouldking.store\/de\/wp-json\/wp\/v2\/product\/37030","targetHints":{"allow":["GET"]}}],"collection":[{"href":"https:\/\/mouldking.store\/de\/wp-json\/wp\/v2\/product"}],"about":[{"href":"https:\/\/mouldking.store\/de\/wp-json\/wp\/v2\/types\/product"}],"replies":[{"embeddable":true,"href":"https:\/\/mouldking.store\/de\/wp-json\/wp\/v2\/comments?post=37030"}],"wp:featuredmedia":[{"embeddable":true,"href":"https:\/\/mouldking.store\/de\/wp-json\/wp\/v2\/media\/37033"}],"wp:attachment":[{"href":"https:\/\/mouldking.store\/de\/wp-json\/wp\/v2\/media?parent=37030"}],"wp:term":[{"taxonomy":"product_cat","embeddable":true,"href":"https:\/\/mouldking.store\/de\/wp-json\/wp\/v2\/product_cat?post=37030"},{"taxonomy":"product_tag","embeddable":true,"href":"https:\/\/mouldking.store\/de\/wp-json\/wp\/v2\/product_tag?post=37030"}],"curies":[{"name":"wp","href":"https:\/\/api.w.org\/{rel}","templated":true}]}}