{"id":37054,"date":"2022-12-01T16:16:36","date_gmt":"2022-12-01T09:16:36","guid":{"rendered":"https:\/\/mouldking.store\/?post_type=product&#038;p=37054"},"modified":"2025-12-25T09:12:16","modified_gmt":"2025-12-25T02:12:16","slug":"moc-89536-ww2-barbara-tank-with-2800-pieces","status":"publish","type":"product","link":"https:\/\/mouldking.store\/de\/shop\/moc-89536-ww2-barbara-tank-with-2800-pieces\/","title":{"rendered":"MOC-89536 WW2 BARBARA Panzer mit 2800 St\u00fcck"},"content":{"rendered":"<p>Produktinformation:<\/p>\n<ol>\n<li>Marke: MOC<\/li>\n<li>Geschlecht: Unisex<\/li>\n<li>Name:WW2 BARBARA Tank<\/li>\n<li>Altersspanne: &gt; 6 Jahre alt<\/li>\n<li>Model Number: 89536<\/li>\n<li>Einstufung: Assemblage<\/li>\n<li>Kunststoffblockform: Selbstsichernde Steine<\/li>\n<li>Material: Kunststoff<\/li>\n<li>Kunststofftyp: ABS<\/li>\n<li>Bricks Blocks:2800 PCS<\/li>\n<li>Size: 31.2 x 17 x 7cm<\/li>\n<li>Weight: 2800g<\/li>\n<li>Enth\u00e4lt eine ausf\u00fchrliche Montageanleitung.<\/li>\n<\/ol>\n<p>Notiz:<br \/>\n1. Ohne Originalverpackung, aber wir garantieren, dass unsere Produkte eine Qualit\u00e4tssicherung und eine sch\u00f6ne Verpackung haben.<br \/>\n2. Wie alle Teile, die wir vor dem Versand \u00fcberpr\u00fcft haben, machen Sie sich keine Sorgen, wenn Sie feststellen, dass einige Teile fehlen oder besch\u00e4digt sind, und kontaktieren Sie uns einfach, und wir k\u00f6nnen sie Ihnen umgehend kostenlos erneut zusenden.<\/p>\n<figure id=\"attachment_37058\" aria-describedby=\"caption-attachment-37058\" style=\"width: 1024px\" class=\"wp-caption aligncenter\"><img fetchpriority=\"high\" decoding=\"async\" class=\"wp-image-37058 size-large\" src=\"https:\/\/mouldking.store\/wp-content\/uploads\/2022\/12\/MOC-89536-Military-WW2-BARBARA-Tank-MOC-FACTORY-1024x1024.png\" alt=\"MOC-89536 WW2 BARBARA Tank With 2800 Pieces\" width=\"1024\" height=\"1024\" title=\"-\" srcset=\"https:\/\/mouldking.store\/wp-content\/uploads\/2022\/12\/MOC-89536-Military-WW2-BARBARA-Tank-MOC-FACTORY-1024x1024.png 1024w, https:\/\/mouldking.store\/wp-content\/uploads\/2022\/12\/MOC-89536-Military-WW2-BARBARA-Tank-MOC-FACTORY-300x300.png 300w, https:\/\/mouldking.store\/wp-content\/uploads\/2022\/12\/MOC-89536-Military-WW2-BARBARA-Tank-MOC-FACTORY-768x768.png 768w, https:\/\/mouldking.store\/wp-content\/uploads\/2022\/12\/MOC-89536-Military-WW2-BARBARA-Tank-MOC-FACTORY-600x600.png 600w, https:\/\/mouldking.store\/wp-content\/uploads\/2022\/12\/MOC-89536-Military-WW2-BARBARA-Tank-MOC-FACTORY-150x150.png 150w, https:\/\/mouldking.store\/wp-content\/uploads\/2022\/12\/MOC-89536-Military-WW2-BARBARA-Tank-MOC-FACTORY-60x60.png 60w, https:\/\/mouldking.store\/wp-content\/uploads\/2022\/12\/MOC-89536-Military-WW2-BARBARA-Tank-MOC-FACTORY-90x90.png 90w, https:\/\/mouldking.store\/wp-content\/uploads\/2022\/12\/MOC-89536-Military-WW2-BARBARA-Tank-MOC-FACTORY.png 1095w\" sizes=\"(max-width: 1024px) 100vw, 1024px\" \/><figcaption id=\"caption-attachment-37058\" class=\"wp-caption-text\">MOC-89536 WW2 BARBARA Panzer mit 2800 St\u00fcck<\/figcaption><\/figure>\n<figure id=\"attachment_37059\" aria-describedby=\"caption-attachment-37059\" style=\"width: 1024px\" class=\"wp-caption aligncenter\"><img decoding=\"async\" class=\"wp-image-37059 size-large\" src=\"https:\/\/mouldking.store\/wp-content\/uploads\/2022\/12\/authorized-ww-2-barbara-tank-model-buildi_main-5-1024x1024.jpg\" alt=\"MOC-89536 WW2 BARBARA Tank With 2800 Pieces\" width=\"1024\" height=\"1024\" title=\"-\" srcset=\"https:\/\/mouldking.store\/wp-content\/uploads\/2022\/12\/authorized-ww-2-barbara-tank-model-buildi_main-5-1024x1024.jpg 1024w, https:\/\/mouldking.store\/wp-content\/uploads\/2022\/12\/authorized-ww-2-barbara-tank-model-buildi_main-5-300x300.jpg 300w, https:\/\/mouldking.store\/wp-content\/uploads\/2022\/12\/authorized-ww-2-barbara-tank-model-buildi_main-5-768x768.jpg 768w, https:\/\/mouldking.store\/wp-content\/uploads\/2022\/12\/authorized-ww-2-barbara-tank-model-buildi_main-5-600x600.jpg 600w, https:\/\/mouldking.store\/wp-content\/uploads\/2022\/12\/authorized-ww-2-barbara-tank-model-buildi_main-5-150x150.jpg 150w, https:\/\/mouldking.store\/wp-content\/uploads\/2022\/12\/authorized-ww-2-barbara-tank-model-buildi_main-5-60x60.jpg 60w, https:\/\/mouldking.store\/wp-content\/uploads\/2022\/12\/authorized-ww-2-barbara-tank-model-buildi_main-5-90x90.jpg 90w, https:\/\/mouldking.store\/wp-content\/uploads\/2022\/12\/authorized-ww-2-barbara-tank-model-buildi_main-5.jpg 1100w\" sizes=\"(max-width: 1024px) 100vw, 1024px\" \/><figcaption id=\"caption-attachment-37059\" class=\"wp-caption-text\">MOC-89536 WW2 BARBARA Panzer mit 2800 St\u00fcck<\/figcaption><\/figure>\n<figure id=\"attachment_37060\" aria-describedby=\"caption-attachment-37060\" style=\"width: 1024px\" class=\"wp-caption aligncenter\"><img decoding=\"async\" class=\"wp-image-37060 size-large\" src=\"https:\/\/mouldking.store\/wp-content\/uploads\/2022\/12\/authorized-ww-2-barbara-tank-model-buildi_main-4-1024x1024.jpg\" alt=\"MOC-89536 WW2 BARBARA Tank With 2800 Pieces\" width=\"1024\" height=\"1024\" title=\"-\" srcset=\"https:\/\/mouldking.store\/wp-content\/uploads\/2022\/12\/authorized-ww-2-barbara-tank-model-buildi_main-4-1024x1024.jpg 1024w, https:\/\/mouldking.store\/wp-content\/uploads\/2022\/12\/authorized-ww-2-barbara-tank-model-buildi_main-4-300x300.jpg 300w, https:\/\/mouldking.store\/wp-content\/uploads\/2022\/12\/authorized-ww-2-barbara-tank-model-buildi_main-4-768x768.jpg 768w, https:\/\/mouldking.store\/wp-content\/uploads\/2022\/12\/authorized-ww-2-barbara-tank-model-buildi_main-4-600x600.jpg 600w, https:\/\/mouldking.store\/wp-content\/uploads\/2022\/12\/authorized-ww-2-barbara-tank-model-buildi_main-4-150x150.jpg 150w, https:\/\/mouldking.store\/wp-content\/uploads\/2022\/12\/authorized-ww-2-barbara-tank-model-buildi_main-4-60x60.jpg 60w, https:\/\/mouldking.store\/wp-content\/uploads\/2022\/12\/authorized-ww-2-barbara-tank-model-buildi_main-4-90x90.jpg 90w, https:\/\/mouldking.store\/wp-content\/uploads\/2022\/12\/authorized-ww-2-barbara-tank-model-buildi_main-4.jpg 1100w\" sizes=\"(max-width: 1024px) 100vw, 1024px\" \/><figcaption id=\"caption-attachment-37060\" class=\"wp-caption-text\">MOC-89536 WW2 BARBARA Panzer mit 2800 St\u00fcck<\/figcaption><\/figure>\n<figure id=\"attachment_37061\" aria-describedby=\"caption-attachment-37061\" style=\"width: 1024px\" class=\"wp-caption aligncenter\"><img loading=\"lazy\" decoding=\"async\" class=\"wp-image-37061 size-large\" src=\"https:\/\/mouldking.store\/wp-content\/uploads\/2022\/12\/authorized-ww-2-barbara-tank-model-buildi_main-1-1024x1024.jpg\" alt=\"MOC-89536 WW2 BARBARA Tank With 2800 Pieces\" width=\"1024\" height=\"1024\" title=\"-\" srcset=\"https:\/\/mouldking.store\/wp-content\/uploads\/2022\/12\/authorized-ww-2-barbara-tank-model-buildi_main-1-1024x1024.jpg 1024w, https:\/\/mouldking.store\/wp-content\/uploads\/2022\/12\/authorized-ww-2-barbara-tank-model-buildi_main-1-300x300.jpg 300w, https:\/\/mouldking.store\/wp-content\/uploads\/2022\/12\/authorized-ww-2-barbara-tank-model-buildi_main-1-768x768.jpg 768w, https:\/\/mouldking.store\/wp-content\/uploads\/2022\/12\/authorized-ww-2-barbara-tank-model-buildi_main-1-600x600.jpg 600w, https:\/\/mouldking.store\/wp-content\/uploads\/2022\/12\/authorized-ww-2-barbara-tank-model-buildi_main-1-150x150.jpg 150w, https:\/\/mouldking.store\/wp-content\/uploads\/2022\/12\/authorized-ww-2-barbara-tank-model-buildi_main-1-60x60.jpg 60w, https:\/\/mouldking.store\/wp-content\/uploads\/2022\/12\/authorized-ww-2-barbara-tank-model-buildi_main-1-90x90.jpg 90w, https:\/\/mouldking.store\/wp-content\/uploads\/2022\/12\/authorized-ww-2-barbara-tank-model-buildi_main-1.jpg 1100w\" sizes=\"(max-width: 1024px) 100vw, 1024px\" \/><figcaption id=\"caption-attachment-37061\" class=\"wp-caption-text\">MOC-89536 WW2 BARBARA Panzer mit 2800 St\u00fcck<\/figcaption><\/figure>\n<figure id=\"attachment_37055\" aria-describedby=\"caption-attachment-37055\" style=\"width: 1024px\" class=\"wp-caption aligncenter\"><img loading=\"lazy\" decoding=\"async\" class=\"wp-image-37055 size-large\" src=\"https:\/\/mouldking.store\/wp-content\/uploads\/2022\/12\/authorized-ww-2-barbara-tank-model-buildi_main-2-1024x1024.jpg\" alt=\"MOC-89536 WW2 BARBARA Tank With 2800 Pieces\" width=\"1024\" height=\"1024\" title=\"-\" srcset=\"https:\/\/mouldking.store\/wp-content\/uploads\/2022\/12\/authorized-ww-2-barbara-tank-model-buildi_main-2-1024x1024.jpg 1024w, https:\/\/mouldking.store\/wp-content\/uploads\/2022\/12\/authorized-ww-2-barbara-tank-model-buildi_main-2-300x300.jpg 300w, https:\/\/mouldking.store\/wp-content\/uploads\/2022\/12\/authorized-ww-2-barbara-tank-model-buildi_main-2-768x768.jpg 768w, https:\/\/mouldking.store\/wp-content\/uploads\/2022\/12\/authorized-ww-2-barbara-tank-model-buildi_main-2-600x600.jpg 600w, https:\/\/mouldking.store\/wp-content\/uploads\/2022\/12\/authorized-ww-2-barbara-tank-model-buildi_main-2-150x150.jpg 150w, https:\/\/mouldking.store\/wp-content\/uploads\/2022\/12\/authorized-ww-2-barbara-tank-model-buildi_main-2-60x60.jpg 60w, https:\/\/mouldking.store\/wp-content\/uploads\/2022\/12\/authorized-ww-2-barbara-tank-model-buildi_main-2-90x90.jpg 90w, https:\/\/mouldking.store\/wp-content\/uploads\/2022\/12\/authorized-ww-2-barbara-tank-model-buildi_main-2.jpg 1100w\" sizes=\"(max-width: 1024px) 100vw, 1024px\" \/><figcaption id=\"caption-attachment-37055\" class=\"wp-caption-text\">MOC-89536 WW2 BARBARA Panzer mit 2800 St\u00fcck<\/figcaption><\/figure>\n<figure id=\"attachment_37057\" aria-describedby=\"caption-attachment-37057\" style=\"width: 1024px\" class=\"wp-caption aligncenter\"><img loading=\"lazy\" decoding=\"async\" class=\"wp-image-37057 size-large\" src=\"https:\/\/mouldking.store\/wp-content\/uploads\/2022\/12\/authorized-ww-2-barbara-tank-model-buildi_main-0-1024x1024.jpg\" alt=\"MOC-89536 WW2 BARBARA Tank With 2800 Pieces\" width=\"1024\" height=\"1024\" title=\"-\" srcset=\"https:\/\/mouldking.store\/wp-content\/uploads\/2022\/12\/authorized-ww-2-barbara-tank-model-buildi_main-0-1024x1024.jpg 1024w, https:\/\/mouldking.store\/wp-content\/uploads\/2022\/12\/authorized-ww-2-barbara-tank-model-buildi_main-0-300x300.jpg 300w, https:\/\/mouldking.store\/wp-content\/uploads\/2022\/12\/authorized-ww-2-barbara-tank-model-buildi_main-0-768x768.jpg 768w, https:\/\/mouldking.store\/wp-content\/uploads\/2022\/12\/authorized-ww-2-barbara-tank-model-buildi_main-0-600x600.jpg 600w, https:\/\/mouldking.store\/wp-content\/uploads\/2022\/12\/authorized-ww-2-barbara-tank-model-buildi_main-0-150x150.jpg 150w, https:\/\/mouldking.store\/wp-content\/uploads\/2022\/12\/authorized-ww-2-barbara-tank-model-buildi_main-0-60x60.jpg 60w, https:\/\/mouldking.store\/wp-content\/uploads\/2022\/12\/authorized-ww-2-barbara-tank-model-buildi_main-0-90x90.jpg 90w, https:\/\/mouldking.store\/wp-content\/uploads\/2022\/12\/authorized-ww-2-barbara-tank-model-buildi_main-0.jpg 1100w\" sizes=\"(max-width: 1024px) 100vw, 1024px\" \/><figcaption id=\"caption-attachment-37057\" class=\"wp-caption-text\">MOC-89536 WW2 BARBARA Panzer mit 2800 St\u00fcck<\/figcaption><\/figure>\n<figure id=\"attachment_37056\" aria-describedby=\"caption-attachment-37056\" style=\"width: 1024px\" class=\"wp-caption aligncenter\"><img loading=\"lazy\" decoding=\"async\" class=\"wp-image-37056 size-large\" src=\"https:\/\/mouldking.store\/wp-content\/uploads\/2022\/12\/authorized-ww-2-barbara-tank-model-buildi_main-3-1024x1024.jpg\" alt=\"MOC-89536 WW2 BARBARA Tank With 2800 Pieces\" width=\"1024\" height=\"1024\" title=\"-\" srcset=\"https:\/\/mouldking.store\/wp-content\/uploads\/2022\/12\/authorized-ww-2-barbara-tank-model-buildi_main-3-1024x1024.jpg 1024w, https:\/\/mouldking.store\/wp-content\/uploads\/2022\/12\/authorized-ww-2-barbara-tank-model-buildi_main-3-300x300.jpg 300w, https:\/\/mouldking.store\/wp-content\/uploads\/2022\/12\/authorized-ww-2-barbara-tank-model-buildi_main-3-768x768.jpg 768w, https:\/\/mouldking.store\/wp-content\/uploads\/2022\/12\/authorized-ww-2-barbara-tank-model-buildi_main-3-600x600.jpg 600w, https:\/\/mouldking.store\/wp-content\/uploads\/2022\/12\/authorized-ww-2-barbara-tank-model-buildi_main-3-150x150.jpg 150w, https:\/\/mouldking.store\/wp-content\/uploads\/2022\/12\/authorized-ww-2-barbara-tank-model-buildi_main-3-60x60.jpg 60w, https:\/\/mouldking.store\/wp-content\/uploads\/2022\/12\/authorized-ww-2-barbara-tank-model-buildi_main-3-90x90.jpg 90w, https:\/\/mouldking.store\/wp-content\/uploads\/2022\/12\/authorized-ww-2-barbara-tank-model-buildi_main-3.jpg 1100w\" sizes=\"(max-width: 1024px) 100vw, 1024px\" \/><figcaption id=\"caption-attachment-37056\" class=\"wp-caption-text\">MOC-89536 WW2 BARBARA Panzer mit 2800 St\u00fcck<\/figcaption><\/figure>","protected":false},"excerpt":{"rendered":"<p>Zeiteinteilung: 4-8 Wochen<\/p>","protected":false},"featured_media":37058,"comment_status":"closed","ping_status":"closed","template":"","meta":{"_acf_changed":false},"product_cat":[1350,1406,372],"product_tag":[8728,8729,8726,8731,8725,485,8727,8730],"class_list":["product","first","instock","shipping-taxable","purchasable","product-type-simple"],"acf":[],"_links":{"self":[{"href":"https:\/\/mouldking.store\/de\/wp-json\/wp\/v2\/product\/37054","targetHints":{"allow":["GET"]}}],"collection":[{"href":"https:\/\/mouldking.store\/de\/wp-json\/wp\/v2\/product"}],"about":[{"href":"https:\/\/mouldking.store\/de\/wp-json\/wp\/v2\/types\/product"}],"replies":[{"embeddable":true,"href":"https:\/\/mouldking.store\/de\/wp-json\/wp\/v2\/comments?post=37054"}],"wp:featuredmedia":[{"embeddable":true,"href":"https:\/\/mouldking.store\/de\/wp-json\/wp\/v2\/media\/37058"}],"wp:attachment":[{"href":"https:\/\/mouldking.store\/de\/wp-json\/wp\/v2\/media?parent=37054"}],"wp:term":[{"taxonomy":"product_cat","embeddable":true,"href":"https:\/\/mouldking.store\/de\/wp-json\/wp\/v2\/product_cat?post=37054"},{"taxonomy":"product_tag","embeddable":true,"href":"https:\/\/mouldking.store\/de\/wp-json\/wp\/v2\/product_tag?post=37054"}],"curies":[{"name":"wp","href":"https:\/\/api.w.org\/{rel}","templated":true}]}}