{"id":37143,"date":"2022-12-01T18:05:47","date_gmt":"2022-12-01T11:05:47","guid":{"rendered":"https:\/\/mouldking.store\/?post_type=product&#038;p=37143"},"modified":"2025-12-25T09:12:15","modified_gmt":"2025-12-25T02:12:15","slug":"moc-125916-boeing-737-southwest-heart-with-1038-pieces","status":"publish","type":"product","link":"https:\/\/mouldking.store\/de\/shop\/moc-125916-boeing-737-southwest-heart-with-1038-pieces\/","title":{"rendered":"MOC-125916 Boeing 737 \u2013 Southwest Heart mit 1038 Teilen"},"content":{"rendered":"<p>Produktinformation:<\/p>\n<ol>\n<li>Marke: MOC<\/li>\n<li>Geschlecht: Unisex<\/li>\n<li>Name: Boeing 737 \u2013 Southwest Heart<\/li>\n<li>Altersspanne: &gt; 6 Jahre alt<\/li>\n<li>Modellnummer: 125916<\/li>\n<li>Einstufung: Assemblage<\/li>\n<li>Kunststoffblockform: Selbstsichernde Steine<\/li>\n<li>Material: Kunststoff<\/li>\n<li>Kunststofftyp: ABS<\/li>\n<li>Ziegelsteine: 1038 St\u00fcck<\/li>\n<li>Gr\u00f6\u00dfe: 44 x 42,8 x 15 cm<\/li>\n<li>Gewicht: 700 g<\/li>\n<li>Enth\u00e4lt eine ausf\u00fchrliche Montageanleitung.<\/li>\n<\/ol>\n<p>Notiz:<br \/>\n1. Ohne Originalverpackung, aber wir garantieren, dass unsere Produkte eine Qualit\u00e4tssicherung und eine sch\u00f6ne Verpackung haben.<br \/>\n2. Wie alle Teile, die wir vor dem Versand \u00fcberpr\u00fcft haben, machen Sie sich keine Sorgen, wenn Sie feststellen, dass einige Teile fehlen oder besch\u00e4digt sind, und kontaktieren Sie uns einfach, und wir k\u00f6nnen sie Ihnen umgehend kostenlos erneut zusenden.<\/p>\n<figure id=\"attachment_37150\" aria-describedby=\"caption-attachment-37150\" style=\"width: 1024px\" class=\"wp-caption aligncenter\"><img fetchpriority=\"high\" decoding=\"async\" class=\"wp-image-37150 size-large\" src=\"https:\/\/mouldking.store\/wp-content\/uploads\/2022\/12\/MOC-125916-Technic-Boeing-737-\u2013-Southwest-Heart-MOC-FACTORY-1024x1024.png\" alt=\"MOC-125916 Boeing 737 \u2013 Southwest Heart With 1038 Pieces\" width=\"1024\" height=\"1024\" title=\"-\" srcset=\"https:\/\/mouldking.store\/wp-content\/uploads\/2022\/12\/MOC-125916-Technic-Boeing-737-\u2013-Southwest-Heart-MOC-FACTORY-1024x1024.png 1024w, https:\/\/mouldking.store\/wp-content\/uploads\/2022\/12\/MOC-125916-Technic-Boeing-737-\u2013-Southwest-Heart-MOC-FACTORY-300x300.png 300w, https:\/\/mouldking.store\/wp-content\/uploads\/2022\/12\/MOC-125916-Technic-Boeing-737-\u2013-Southwest-Heart-MOC-FACTORY-768x768.png 768w, https:\/\/mouldking.store\/wp-content\/uploads\/2022\/12\/MOC-125916-Technic-Boeing-737-\u2013-Southwest-Heart-MOC-FACTORY-600x600.png 600w, https:\/\/mouldking.store\/wp-content\/uploads\/2022\/12\/MOC-125916-Technic-Boeing-737-\u2013-Southwest-Heart-MOC-FACTORY-150x150.png 150w, https:\/\/mouldking.store\/wp-content\/uploads\/2022\/12\/MOC-125916-Technic-Boeing-737-\u2013-Southwest-Heart-MOC-FACTORY-60x60.png 60w, https:\/\/mouldking.store\/wp-content\/uploads\/2022\/12\/MOC-125916-Technic-Boeing-737-\u2013-Southwest-Heart-MOC-FACTORY-90x90.png 90w, https:\/\/mouldking.store\/wp-content\/uploads\/2022\/12\/MOC-125916-Technic-Boeing-737-\u2013-Southwest-Heart-MOC-FACTORY.png 1095w\" sizes=\"(max-width: 1024px) 100vw, 1024px\" \/><figcaption id=\"caption-attachment-37150\" class=\"wp-caption-text\">MOC-125916 Boeing 737 \u2013 Southwest Heart mit 1038 Teilen<\/figcaption><\/figure>\n<figure id=\"attachment_37149\" aria-describedby=\"caption-attachment-37149\" style=\"width: 1024px\" class=\"wp-caption aligncenter\"><img decoding=\"async\" class=\"wp-image-37149 size-large\" src=\"https:\/\/mouldking.store\/wp-content\/uploads\/2022\/12\/moc-125916-1-80-737-southwest-large-je_main-0-1024x1024.jpg\" alt=\"MOC-125916 Boeing 737 \u2013 Southwest Heart With 1038 Pieces\" width=\"1024\" height=\"1024\" title=\"-\" srcset=\"https:\/\/mouldking.store\/wp-content\/uploads\/2022\/12\/moc-125916-1-80-737-southwest-large-je_main-0-1024x1024.jpg 1024w, https:\/\/mouldking.store\/wp-content\/uploads\/2022\/12\/moc-125916-1-80-737-southwest-large-je_main-0-300x300.jpg 300w, https:\/\/mouldking.store\/wp-content\/uploads\/2022\/12\/moc-125916-1-80-737-southwest-large-je_main-0-768x768.jpg 768w, https:\/\/mouldking.store\/wp-content\/uploads\/2022\/12\/moc-125916-1-80-737-southwest-large-je_main-0-600x600.jpg 600w, https:\/\/mouldking.store\/wp-content\/uploads\/2022\/12\/moc-125916-1-80-737-southwest-large-je_main-0-150x150.jpg 150w, https:\/\/mouldking.store\/wp-content\/uploads\/2022\/12\/moc-125916-1-80-737-southwest-large-je_main-0-60x60.jpg 60w, https:\/\/mouldking.store\/wp-content\/uploads\/2022\/12\/moc-125916-1-80-737-southwest-large-je_main-0-90x90.jpg 90w, https:\/\/mouldking.store\/wp-content\/uploads\/2022\/12\/moc-125916-1-80-737-southwest-large-je_main-0.jpg 1100w\" sizes=\"(max-width: 1024px) 100vw, 1024px\" \/><figcaption id=\"caption-attachment-37149\" class=\"wp-caption-text\">MOC-125916 Boeing 737 \u2013 Southwest Heart mit 1038 Teilen<\/figcaption><\/figure>\n<figure id=\"attachment_37148\" aria-describedby=\"caption-attachment-37148\" style=\"width: 1024px\" class=\"wp-caption aligncenter\"><img decoding=\"async\" class=\"wp-image-37148 size-large\" src=\"https:\/\/mouldking.store\/wp-content\/uploads\/2022\/12\/moc-125916-1-80-737-southwest-large-je_main-1-1024x1024.jpg\" alt=\"MOC-125916 Boeing 737 \u2013 Southwest Heart With 1038 Pieces\" width=\"1024\" height=\"1024\" title=\"-\" srcset=\"https:\/\/mouldking.store\/wp-content\/uploads\/2022\/12\/moc-125916-1-80-737-southwest-large-je_main-1-1024x1024.jpg 1024w, https:\/\/mouldking.store\/wp-content\/uploads\/2022\/12\/moc-125916-1-80-737-southwest-large-je_main-1-300x300.jpg 300w, https:\/\/mouldking.store\/wp-content\/uploads\/2022\/12\/moc-125916-1-80-737-southwest-large-je_main-1-768x768.jpg 768w, https:\/\/mouldking.store\/wp-content\/uploads\/2022\/12\/moc-125916-1-80-737-southwest-large-je_main-1-600x600.jpg 600w, https:\/\/mouldking.store\/wp-content\/uploads\/2022\/12\/moc-125916-1-80-737-southwest-large-je_main-1-150x150.jpg 150w, https:\/\/mouldking.store\/wp-content\/uploads\/2022\/12\/moc-125916-1-80-737-southwest-large-je_main-1-60x60.jpg 60w, https:\/\/mouldking.store\/wp-content\/uploads\/2022\/12\/moc-125916-1-80-737-southwest-large-je_main-1-90x90.jpg 90w, https:\/\/mouldking.store\/wp-content\/uploads\/2022\/12\/moc-125916-1-80-737-southwest-large-je_main-1.jpg 1100w\" sizes=\"(max-width: 1024px) 100vw, 1024px\" \/><figcaption id=\"caption-attachment-37148\" class=\"wp-caption-text\">MOC-125916 Boeing 737 \u2013 Southwest Heart mit 1038 Teilen<\/figcaption><\/figure>\n<figure id=\"attachment_37147\" aria-describedby=\"caption-attachment-37147\" style=\"width: 1024px\" class=\"wp-caption aligncenter\"><img loading=\"lazy\" decoding=\"async\" class=\"wp-image-37147 size-large\" src=\"https:\/\/mouldking.store\/wp-content\/uploads\/2022\/12\/moc-125916-1-80-737-southwest-large-je_main-2-1024x1024.jpg\" alt=\"MOC-125916 Boeing 737 \u2013 Southwest Heart With 1038 Pieces\" width=\"1024\" height=\"1024\" title=\"-\" srcset=\"https:\/\/mouldking.store\/wp-content\/uploads\/2022\/12\/moc-125916-1-80-737-southwest-large-je_main-2-1024x1024.jpg 1024w, https:\/\/mouldking.store\/wp-content\/uploads\/2022\/12\/moc-125916-1-80-737-southwest-large-je_main-2-300x300.jpg 300w, https:\/\/mouldking.store\/wp-content\/uploads\/2022\/12\/moc-125916-1-80-737-southwest-large-je_main-2-768x768.jpg 768w, https:\/\/mouldking.store\/wp-content\/uploads\/2022\/12\/moc-125916-1-80-737-southwest-large-je_main-2-600x600.jpg 600w, https:\/\/mouldking.store\/wp-content\/uploads\/2022\/12\/moc-125916-1-80-737-southwest-large-je_main-2-150x150.jpg 150w, https:\/\/mouldking.store\/wp-content\/uploads\/2022\/12\/moc-125916-1-80-737-southwest-large-je_main-2-60x60.jpg 60w, https:\/\/mouldking.store\/wp-content\/uploads\/2022\/12\/moc-125916-1-80-737-southwest-large-je_main-2-90x90.jpg 90w, https:\/\/mouldking.store\/wp-content\/uploads\/2022\/12\/moc-125916-1-80-737-southwest-large-je_main-2.jpg 1100w\" sizes=\"(max-width: 1024px) 100vw, 1024px\" \/><figcaption id=\"caption-attachment-37147\" class=\"wp-caption-text\">MOC-125916 Boeing 737 \u2013 Southwest Heart mit 1038 Teilen<\/figcaption><\/figure>\n<figure id=\"attachment_37146\" aria-describedby=\"caption-attachment-37146\" style=\"width: 1024px\" class=\"wp-caption aligncenter\"><img loading=\"lazy\" decoding=\"async\" class=\"wp-image-37146 size-large\" src=\"https:\/\/mouldking.store\/wp-content\/uploads\/2022\/12\/moc-125916-1-80-737-southwest-large-je_main-3-1024x1024.jpg\" alt=\"MOC-125916 Boeing 737 \u2013 Southwest Heart With 1038 Pieces\" width=\"1024\" height=\"1024\" title=\"-\" srcset=\"https:\/\/mouldking.store\/wp-content\/uploads\/2022\/12\/moc-125916-1-80-737-southwest-large-je_main-3-1024x1024.jpg 1024w, https:\/\/mouldking.store\/wp-content\/uploads\/2022\/12\/moc-125916-1-80-737-southwest-large-je_main-3-300x300.jpg 300w, https:\/\/mouldking.store\/wp-content\/uploads\/2022\/12\/moc-125916-1-80-737-southwest-large-je_main-3-768x768.jpg 768w, https:\/\/mouldking.store\/wp-content\/uploads\/2022\/12\/moc-125916-1-80-737-southwest-large-je_main-3-600x600.jpg 600w, https:\/\/mouldking.store\/wp-content\/uploads\/2022\/12\/moc-125916-1-80-737-southwest-large-je_main-3-150x150.jpg 150w, https:\/\/mouldking.store\/wp-content\/uploads\/2022\/12\/moc-125916-1-80-737-southwest-large-je_main-3-60x60.jpg 60w, https:\/\/mouldking.store\/wp-content\/uploads\/2022\/12\/moc-125916-1-80-737-southwest-large-je_main-3-90x90.jpg 90w, https:\/\/mouldking.store\/wp-content\/uploads\/2022\/12\/moc-125916-1-80-737-southwest-large-je_main-3.jpg 1100w\" sizes=\"(max-width: 1024px) 100vw, 1024px\" \/><figcaption id=\"caption-attachment-37146\" class=\"wp-caption-text\">MOC-125916 Boeing 737 \u2013 Southwest Heart mit 1038 Teilen<\/figcaption><\/figure>\n<figure id=\"attachment_37145\" aria-describedby=\"caption-attachment-37145\" style=\"width: 1024px\" class=\"wp-caption aligncenter\"><img loading=\"lazy\" decoding=\"async\" class=\"wp-image-37145 size-large\" src=\"https:\/\/mouldking.store\/wp-content\/uploads\/2022\/12\/moc-125916-1-80-737-southwest-large-je_main-4-1024x1024.jpg\" alt=\"MOC-125916 Boeing 737 \u2013 Southwest Heart With 1038 Pieces\" width=\"1024\" height=\"1024\" title=\"-\" srcset=\"https:\/\/mouldking.store\/wp-content\/uploads\/2022\/12\/moc-125916-1-80-737-southwest-large-je_main-4-1024x1024.jpg 1024w, https:\/\/mouldking.store\/wp-content\/uploads\/2022\/12\/moc-125916-1-80-737-southwest-large-je_main-4-300x300.jpg 300w, https:\/\/mouldking.store\/wp-content\/uploads\/2022\/12\/moc-125916-1-80-737-southwest-large-je_main-4-768x768.jpg 768w, https:\/\/mouldking.store\/wp-content\/uploads\/2022\/12\/moc-125916-1-80-737-southwest-large-je_main-4-600x600.jpg 600w, https:\/\/mouldking.store\/wp-content\/uploads\/2022\/12\/moc-125916-1-80-737-southwest-large-je_main-4-150x150.jpg 150w, https:\/\/mouldking.store\/wp-content\/uploads\/2022\/12\/moc-125916-1-80-737-southwest-large-je_main-4-60x60.jpg 60w, https:\/\/mouldking.store\/wp-content\/uploads\/2022\/12\/moc-125916-1-80-737-southwest-large-je_main-4-90x90.jpg 90w, https:\/\/mouldking.store\/wp-content\/uploads\/2022\/12\/moc-125916-1-80-737-southwest-large-je_main-4.jpg 1100w\" sizes=\"(max-width: 1024px) 100vw, 1024px\" \/><figcaption id=\"caption-attachment-37145\" class=\"wp-caption-text\">MOC-125916 Boeing 737 \u2013 Southwest Heart mit 1038 Teilen<\/figcaption><\/figure>\n<figure id=\"attachment_37144\" aria-describedby=\"caption-attachment-37144\" style=\"width: 1024px\" class=\"wp-caption aligncenter\"><img loading=\"lazy\" decoding=\"async\" class=\"wp-image-37144 size-large\" src=\"https:\/\/mouldking.store\/wp-content\/uploads\/2022\/12\/moc-125916-1-80-737-southwest-large-je_main-5-1024x1024.jpg\" alt=\"MOC-125916 Boeing 737 \u2013 Southwest Heart With 1038 Pieces\" width=\"1024\" height=\"1024\" title=\"-\" srcset=\"https:\/\/mouldking.store\/wp-content\/uploads\/2022\/12\/moc-125916-1-80-737-southwest-large-je_main-5-1024x1024.jpg 1024w, https:\/\/mouldking.store\/wp-content\/uploads\/2022\/12\/moc-125916-1-80-737-southwest-large-je_main-5-300x300.jpg 300w, https:\/\/mouldking.store\/wp-content\/uploads\/2022\/12\/moc-125916-1-80-737-southwest-large-je_main-5-768x768.jpg 768w, https:\/\/mouldking.store\/wp-content\/uploads\/2022\/12\/moc-125916-1-80-737-southwest-large-je_main-5-600x600.jpg 600w, https:\/\/mouldking.store\/wp-content\/uploads\/2022\/12\/moc-125916-1-80-737-southwest-large-je_main-5-150x150.jpg 150w, https:\/\/mouldking.store\/wp-content\/uploads\/2022\/12\/moc-125916-1-80-737-southwest-large-je_main-5-60x60.jpg 60w, https:\/\/mouldking.store\/wp-content\/uploads\/2022\/12\/moc-125916-1-80-737-southwest-large-je_main-5-90x90.jpg 90w, https:\/\/mouldking.store\/wp-content\/uploads\/2022\/12\/moc-125916-1-80-737-southwest-large-je_main-5.jpg 1100w\" sizes=\"(max-width: 1024px) 100vw, 1024px\" \/><figcaption id=\"caption-attachment-37144\" class=\"wp-caption-text\">MOC-125916 Boeing 737 \u2013 Southwest Heart mit 1038 Teilen<\/figcaption><\/figure>","protected":false},"excerpt":{"rendered":"<p>Zeiteinteilung: 4-8 Wochen<\/p>","protected":false},"featured_media":37150,"comment_status":"closed","ping_status":"closed","template":"","meta":{"_acf_changed":false},"product_cat":[1357,1406,364],"product_tag":[8794,3191,8797,8799,1028,8793,8798,8792,8795,8796],"class_list":["product","first","instock","shipping-taxable","purchasable","product-type-simple"],"acf":[],"_links":{"self":[{"href":"https:\/\/mouldking.store\/de\/wp-json\/wp\/v2\/product\/37143","targetHints":{"allow":["GET"]}}],"collection":[{"href":"https:\/\/mouldking.store\/de\/wp-json\/wp\/v2\/product"}],"about":[{"href":"https:\/\/mouldking.store\/de\/wp-json\/wp\/v2\/types\/product"}],"replies":[{"embeddable":true,"href":"https:\/\/mouldking.store\/de\/wp-json\/wp\/v2\/comments?post=37143"}],"wp:featuredmedia":[{"embeddable":true,"href":"https:\/\/mouldking.store\/de\/wp-json\/wp\/v2\/media\/37150"}],"wp:attachment":[{"href":"https:\/\/mouldking.store\/de\/wp-json\/wp\/v2\/media?parent=37143"}],"wp:term":[{"taxonomy":"product_cat","embeddable":true,"href":"https:\/\/mouldking.store\/de\/wp-json\/wp\/v2\/product_cat?post=37143"},{"taxonomy":"product_tag","embeddable":true,"href":"https:\/\/mouldking.store\/de\/wp-json\/wp\/v2\/product_tag?post=37143"}],"curies":[{"name":"wp","href":"https:\/\/api.w.org\/{rel}","templated":true}]}}