{"id":37219,"date":"2022-12-02T10:15:02","date_gmt":"2022-12-02T03:15:02","guid":{"rendered":"https:\/\/mouldking.store\/?post_type=product&#038;p=37219"},"modified":"2025-12-25T09:12:15","modified_gmt":"2025-12-25T02:12:15","slug":"moc-120588-the-highlander-pub-with-4737-pieces","status":"publish","type":"product","link":"https:\/\/mouldking.store\/de\/shop\/moc-120588-the-highlander-pub-with-4737-pieces\/","title":{"rendered":"MOC-120588 The Highlander Pub mit 4737 Teilen"},"content":{"rendered":"<p>Produktinformation:<\/p>\n<ol>\n<li>Marke: MOC<\/li>\n<li>Geschlecht: Unisex<\/li>\n<li>Name: The Highlander Pub<\/li>\n<li>Altersspanne: &gt; 6 Jahre alt<\/li>\n<li>Modellnummer: 120588<\/li>\n<li>Einstufung: Assemblage<\/li>\n<li>Kunststoffblockform: Selbstsichernde Steine<\/li>\n<li>Material: Kunststoff<\/li>\n<li>Kunststofftyp: ABS<\/li>\n<li>Ziegelsteine: 4737 ST\u00dcCKE<\/li>\n<li>Gr\u00f6\u00dfe: 35 cm<\/li>\n<li>Gewicht: 5000g<\/li>\n<li>Enth\u00e4lt eine ausf\u00fchrliche Montageanleitung.<\/li>\n<\/ol>\n<p>Notiz:<br \/>\n1. Ohne Originalverpackung, aber wir garantieren, dass unsere Produkte eine Qualit\u00e4tssicherung und eine sch\u00f6ne Verpackung haben.<br \/>\n2. Wie alle Teile, die wir vor dem Versand \u00fcberpr\u00fcft haben, machen Sie sich keine Sorgen, wenn Sie feststellen, dass einige Teile fehlen oder besch\u00e4digt sind, und kontaktieren Sie uns einfach, und wir k\u00f6nnen sie Ihnen umgehend kostenlos erneut zusenden.<\/p>\n<figure id=\"attachment_37221\" aria-describedby=\"caption-attachment-37221\" style=\"width: 1004px\" class=\"wp-caption aligncenter\"><img fetchpriority=\"high\" decoding=\"async\" class=\"wp-image-37221 size-full\" src=\"https:\/\/mouldking.store\/wp-content\/uploads\/2022\/12\/MOC-120588-Modular-Building-The-Highlander-Pub-MOC-FACTORY.png\" alt=\"MOC-120588 The Highlander Pub With 4737 Pieces\" width=\"1004\" height=\"1004\" title=\"-\" srcset=\"https:\/\/mouldking.store\/wp-content\/uploads\/2022\/12\/MOC-120588-Modular-Building-The-Highlander-Pub-MOC-FACTORY.png 1004w, https:\/\/mouldking.store\/wp-content\/uploads\/2022\/12\/MOC-120588-Modular-Building-The-Highlander-Pub-MOC-FACTORY-300x300.png 300w, https:\/\/mouldking.store\/wp-content\/uploads\/2022\/12\/MOC-120588-Modular-Building-The-Highlander-Pub-MOC-FACTORY-768x768.png 768w, https:\/\/mouldking.store\/wp-content\/uploads\/2022\/12\/MOC-120588-Modular-Building-The-Highlander-Pub-MOC-FACTORY-600x600.png 600w, https:\/\/mouldking.store\/wp-content\/uploads\/2022\/12\/MOC-120588-Modular-Building-The-Highlander-Pub-MOC-FACTORY-150x150.png 150w, https:\/\/mouldking.store\/wp-content\/uploads\/2022\/12\/MOC-120588-Modular-Building-The-Highlander-Pub-MOC-FACTORY-60x60.png 60w, https:\/\/mouldking.store\/wp-content\/uploads\/2022\/12\/MOC-120588-Modular-Building-The-Highlander-Pub-MOC-FACTORY-90x90.png 90w\" sizes=\"(max-width: 1004px) 100vw, 1004px\" \/><figcaption id=\"caption-attachment-37221\" class=\"wp-caption-text\">MOC-120588 The Highlander Pub mit 4737 Teilen<\/figcaption><\/figure>\n<figure id=\"attachment_37222\" aria-describedby=\"caption-attachment-37222\" style=\"width: 1100px\" class=\"wp-caption aligncenter\"><img decoding=\"async\" class=\"wp-image-37222 size-full\" src=\"https:\/\/mouldking.store\/wp-content\/uploads\/2022\/12\/moc-120588-the-highlander-pub-modular-st_main-5.jpg\" alt=\"MOC-120588 The Highlander Pub With 4737 Pieces\" width=\"1100\" height=\"1100\" title=\"-\" srcset=\"https:\/\/mouldking.store\/wp-content\/uploads\/2022\/12\/moc-120588-the-highlander-pub-modular-st_main-5.jpg 1100w, https:\/\/mouldking.store\/wp-content\/uploads\/2022\/12\/moc-120588-the-highlander-pub-modular-st_main-5-300x300.jpg 300w, https:\/\/mouldking.store\/wp-content\/uploads\/2022\/12\/moc-120588-the-highlander-pub-modular-st_main-5-1024x1024.jpg 1024w, https:\/\/mouldking.store\/wp-content\/uploads\/2022\/12\/moc-120588-the-highlander-pub-modular-st_main-5-768x768.jpg 768w, https:\/\/mouldking.store\/wp-content\/uploads\/2022\/12\/moc-120588-the-highlander-pub-modular-st_main-5-600x600.jpg 600w, https:\/\/mouldking.store\/wp-content\/uploads\/2022\/12\/moc-120588-the-highlander-pub-modular-st_main-5-150x150.jpg 150w, https:\/\/mouldking.store\/wp-content\/uploads\/2022\/12\/moc-120588-the-highlander-pub-modular-st_main-5-60x60.jpg 60w, https:\/\/mouldking.store\/wp-content\/uploads\/2022\/12\/moc-120588-the-highlander-pub-modular-st_main-5-90x90.jpg 90w\" sizes=\"(max-width: 1100px) 100vw, 1100px\" \/><figcaption id=\"caption-attachment-37222\" class=\"wp-caption-text\">MOC-120588 The Highlander Pub mit 4737 Teilen<\/figcaption><\/figure>\n<figure id=\"attachment_37223\" aria-describedby=\"caption-attachment-37223\" style=\"width: 1024px\" class=\"wp-caption aligncenter\"><img decoding=\"async\" class=\"wp-image-37223 size-large\" src=\"https:\/\/mouldking.store\/wp-content\/uploads\/2022\/12\/moc-120588-the-highlander-pub-modular-st_main-4-1024x1024.jpg\" alt=\"MOC-120588 The Highlander Pub With 4737 Pieces\" width=\"1024\" height=\"1024\" title=\"-\" srcset=\"https:\/\/mouldking.store\/wp-content\/uploads\/2022\/12\/moc-120588-the-highlander-pub-modular-st_main-4-1024x1024.jpg 1024w, https:\/\/mouldking.store\/wp-content\/uploads\/2022\/12\/moc-120588-the-highlander-pub-modular-st_main-4-300x300.jpg 300w, https:\/\/mouldking.store\/wp-content\/uploads\/2022\/12\/moc-120588-the-highlander-pub-modular-st_main-4-768x768.jpg 768w, https:\/\/mouldking.store\/wp-content\/uploads\/2022\/12\/moc-120588-the-highlander-pub-modular-st_main-4-600x600.jpg 600w, https:\/\/mouldking.store\/wp-content\/uploads\/2022\/12\/moc-120588-the-highlander-pub-modular-st_main-4-150x150.jpg 150w, https:\/\/mouldking.store\/wp-content\/uploads\/2022\/12\/moc-120588-the-highlander-pub-modular-st_main-4-60x60.jpg 60w, https:\/\/mouldking.store\/wp-content\/uploads\/2022\/12\/moc-120588-the-highlander-pub-modular-st_main-4-90x90.jpg 90w, https:\/\/mouldking.store\/wp-content\/uploads\/2022\/12\/moc-120588-the-highlander-pub-modular-st_main-4.jpg 1100w\" sizes=\"(max-width: 1024px) 100vw, 1024px\" \/><figcaption id=\"caption-attachment-37223\" class=\"wp-caption-text\">MOC-120588 The Highlander Pub mit 4737 Teilen<\/figcaption><\/figure>\n<figure id=\"attachment_37224\" aria-describedby=\"caption-attachment-37224\" style=\"width: 1024px\" class=\"wp-caption aligncenter\"><img loading=\"lazy\" decoding=\"async\" class=\"wp-image-37224 size-large\" src=\"https:\/\/mouldking.store\/wp-content\/uploads\/2022\/12\/moc-120588-the-highlander-pub-modular-st_main-3-1024x1024.jpg\" alt=\"MOC-120588 The Highlander Pub With 4737 Pieces\" width=\"1024\" height=\"1024\" title=\"-\" srcset=\"https:\/\/mouldking.store\/wp-content\/uploads\/2022\/12\/moc-120588-the-highlander-pub-modular-st_main-3-1024x1024.jpg 1024w, https:\/\/mouldking.store\/wp-content\/uploads\/2022\/12\/moc-120588-the-highlander-pub-modular-st_main-3-300x300.jpg 300w, https:\/\/mouldking.store\/wp-content\/uploads\/2022\/12\/moc-120588-the-highlander-pub-modular-st_main-3-768x768.jpg 768w, https:\/\/mouldking.store\/wp-content\/uploads\/2022\/12\/moc-120588-the-highlander-pub-modular-st_main-3-600x600.jpg 600w, https:\/\/mouldking.store\/wp-content\/uploads\/2022\/12\/moc-120588-the-highlander-pub-modular-st_main-3-150x150.jpg 150w, https:\/\/mouldking.store\/wp-content\/uploads\/2022\/12\/moc-120588-the-highlander-pub-modular-st_main-3-60x60.jpg 60w, https:\/\/mouldking.store\/wp-content\/uploads\/2022\/12\/moc-120588-the-highlander-pub-modular-st_main-3-90x90.jpg 90w, https:\/\/mouldking.store\/wp-content\/uploads\/2022\/12\/moc-120588-the-highlander-pub-modular-st_main-3.jpg 1100w\" sizes=\"(max-width: 1024px) 100vw, 1024px\" \/><figcaption id=\"caption-attachment-37224\" class=\"wp-caption-text\">MOC-120588 The Highlander Pub mit 4737 Teilen<\/figcaption><\/figure>\n<figure id=\"attachment_37225\" aria-describedby=\"caption-attachment-37225\" style=\"width: 1100px\" class=\"wp-caption aligncenter\"><img loading=\"lazy\" decoding=\"async\" class=\"wp-image-37225 size-full\" src=\"https:\/\/mouldking.store\/wp-content\/uploads\/2022\/12\/moc-120588-the-highlander-pub-modular-st_main-2.jpg\" alt=\"MOC-120588 The Highlander Pub With 4737 Pieces\" width=\"1100\" height=\"1100\" title=\"-\" srcset=\"https:\/\/mouldking.store\/wp-content\/uploads\/2022\/12\/moc-120588-the-highlander-pub-modular-st_main-2.jpg 1100w, https:\/\/mouldking.store\/wp-content\/uploads\/2022\/12\/moc-120588-the-highlander-pub-modular-st_main-2-300x300.jpg 300w, https:\/\/mouldking.store\/wp-content\/uploads\/2022\/12\/moc-120588-the-highlander-pub-modular-st_main-2-1024x1024.jpg 1024w, https:\/\/mouldking.store\/wp-content\/uploads\/2022\/12\/moc-120588-the-highlander-pub-modular-st_main-2-768x768.jpg 768w, https:\/\/mouldking.store\/wp-content\/uploads\/2022\/12\/moc-120588-the-highlander-pub-modular-st_main-2-600x600.jpg 600w, https:\/\/mouldking.store\/wp-content\/uploads\/2022\/12\/moc-120588-the-highlander-pub-modular-st_main-2-150x150.jpg 150w, https:\/\/mouldking.store\/wp-content\/uploads\/2022\/12\/moc-120588-the-highlander-pub-modular-st_main-2-60x60.jpg 60w, https:\/\/mouldking.store\/wp-content\/uploads\/2022\/12\/moc-120588-the-highlander-pub-modular-st_main-2-90x90.jpg 90w\" sizes=\"(max-width: 1100px) 100vw, 1100px\" \/><figcaption id=\"caption-attachment-37225\" class=\"wp-caption-text\">MOC-120588 The Highlander Pub mit 4737 Teilen<\/figcaption><\/figure>\n<figure id=\"attachment_37226\" aria-describedby=\"caption-attachment-37226\" style=\"width: 1024px\" class=\"wp-caption aligncenter\"><img loading=\"lazy\" decoding=\"async\" class=\"wp-image-37226 size-large\" src=\"https:\/\/mouldking.store\/wp-content\/uploads\/2022\/12\/moc-120588-the-highlander-pub-modular-st_main-1-1024x1024.jpg\" alt=\"MOC-120588 The Highlander Pub With 4737 Pieces\" width=\"1024\" height=\"1024\" title=\"-\" srcset=\"https:\/\/mouldking.store\/wp-content\/uploads\/2022\/12\/moc-120588-the-highlander-pub-modular-st_main-1-1024x1024.jpg 1024w, https:\/\/mouldking.store\/wp-content\/uploads\/2022\/12\/moc-120588-the-highlander-pub-modular-st_main-1-300x300.jpg 300w, https:\/\/mouldking.store\/wp-content\/uploads\/2022\/12\/moc-120588-the-highlander-pub-modular-st_main-1-768x768.jpg 768w, https:\/\/mouldking.store\/wp-content\/uploads\/2022\/12\/moc-120588-the-highlander-pub-modular-st_main-1-600x600.jpg 600w, https:\/\/mouldking.store\/wp-content\/uploads\/2022\/12\/moc-120588-the-highlander-pub-modular-st_main-1-150x150.jpg 150w, https:\/\/mouldking.store\/wp-content\/uploads\/2022\/12\/moc-120588-the-highlander-pub-modular-st_main-1-60x60.jpg 60w, https:\/\/mouldking.store\/wp-content\/uploads\/2022\/12\/moc-120588-the-highlander-pub-modular-st_main-1-90x90.jpg 90w, https:\/\/mouldking.store\/wp-content\/uploads\/2022\/12\/moc-120588-the-highlander-pub-modular-st_main-1.jpg 1100w\" sizes=\"(max-width: 1024px) 100vw, 1024px\" \/><figcaption id=\"caption-attachment-37226\" class=\"wp-caption-text\">MOC-120588 The Highlander Pub mit 4737 Teilen<\/figcaption><\/figure>\n<figure id=\"attachment_37220\" aria-describedby=\"caption-attachment-37220\" style=\"width: 1024px\" class=\"wp-caption aligncenter\"><img loading=\"lazy\" decoding=\"async\" class=\"wp-image-37220 size-large\" src=\"https:\/\/mouldking.store\/wp-content\/uploads\/2022\/12\/moc-120588-the-highlander-pub-modular-st_main-0-1024x1024.jpg\" alt=\"MOC-120588 The Highlander Pub With 4737 Pieces\" width=\"1024\" height=\"1024\" title=\"-\" srcset=\"https:\/\/mouldking.store\/wp-content\/uploads\/2022\/12\/moc-120588-the-highlander-pub-modular-st_main-0-1024x1024.jpg 1024w, https:\/\/mouldking.store\/wp-content\/uploads\/2022\/12\/moc-120588-the-highlander-pub-modular-st_main-0-300x300.jpg 300w, https:\/\/mouldking.store\/wp-content\/uploads\/2022\/12\/moc-120588-the-highlander-pub-modular-st_main-0-768x768.jpg 768w, https:\/\/mouldking.store\/wp-content\/uploads\/2022\/12\/moc-120588-the-highlander-pub-modular-st_main-0-600x600.jpg 600w, https:\/\/mouldking.store\/wp-content\/uploads\/2022\/12\/moc-120588-the-highlander-pub-modular-st_main-0-150x150.jpg 150w, https:\/\/mouldking.store\/wp-content\/uploads\/2022\/12\/moc-120588-the-highlander-pub-modular-st_main-0-60x60.jpg 60w, https:\/\/mouldking.store\/wp-content\/uploads\/2022\/12\/moc-120588-the-highlander-pub-modular-st_main-0-90x90.jpg 90w, https:\/\/mouldking.store\/wp-content\/uploads\/2022\/12\/moc-120588-the-highlander-pub-modular-st_main-0.jpg 1100w\" sizes=\"(max-width: 1024px) 100vw, 1024px\" \/><figcaption id=\"caption-attachment-37220\" class=\"wp-caption-text\">MOC-120588 The Highlander Pub mit 4737 Teilen<\/figcaption><\/figure>","protected":false},"excerpt":{"rendered":"<p>Zeiteinteilung: 4-8 Wochen<\/p>","protected":false},"featured_media":37221,"comment_status":"closed","ping_status":"closed","template":"","meta":{"_acf_changed":false},"product_cat":[1395,1406,390],"product_tag":[8851,8850,8854,8849,8852,8853],"class_list":["product","first","instock","shipping-taxable","purchasable","product-type-simple"],"acf":[],"_links":{"self":[{"href":"https:\/\/mouldking.store\/de\/wp-json\/wp\/v2\/product\/37219","targetHints":{"allow":["GET"]}}],"collection":[{"href":"https:\/\/mouldking.store\/de\/wp-json\/wp\/v2\/product"}],"about":[{"href":"https:\/\/mouldking.store\/de\/wp-json\/wp\/v2\/types\/product"}],"replies":[{"embeddable":true,"href":"https:\/\/mouldking.store\/de\/wp-json\/wp\/v2\/comments?post=37219"}],"wp:featuredmedia":[{"embeddable":true,"href":"https:\/\/mouldking.store\/de\/wp-json\/wp\/v2\/media\/37221"}],"wp:attachment":[{"href":"https:\/\/mouldking.store\/de\/wp-json\/wp\/v2\/media?parent=37219"}],"wp:term":[{"taxonomy":"product_cat","embeddable":true,"href":"https:\/\/mouldking.store\/de\/wp-json\/wp\/v2\/product_cat?post=37219"},{"taxonomy":"product_tag","embeddable":true,"href":"https:\/\/mouldking.store\/de\/wp-json\/wp\/v2\/product_tag?post=37219"}],"curies":[{"name":"wp","href":"https:\/\/api.w.org\/{rel}","templated":true}]}}