{"id":37240,"date":"2022-12-02T10:35:13","date_gmt":"2022-12-02T03:35:13","guid":{"rendered":"https:\/\/mouldking.store\/?post_type=product&#038;p=37240"},"modified":"2025-12-25T09:12:15","modified_gmt":"2025-12-25T02:12:15","slug":"moc-106675-br-601-vt-11-5-triebwagen-with-3243-pieces","status":"publish","type":"product","link":"https:\/\/mouldking.store\/de\/shop\/moc-106675-br-601-vt-11-5-triebwagen-with-3243-pieces\/","title":{"rendered":"MOC-106675 BR 601 \u201eVT 11.5 Triebwagen\u201c mit 3243 Teilen"},"content":{"rendered":"<p>Produktinformation:<\/p>\n<ol>\n<li>Marke: MOC<\/li>\n<li>Geschlecht: Unisex<\/li>\n<li>Name: BR 601 \u201cVT 11.5 Triebwagen\u201d<\/li>\n<li>Altersspanne: &gt; 6 Jahre alt<\/li>\n<li>Model Number: 106675<\/li>\n<li>Einstufung: Assemblage<\/li>\n<li>Kunststoffblockform: Selbstsichernde Steine<\/li>\n<li>Material: Kunststoff<\/li>\n<li>Kunststofftyp: ABS<\/li>\n<li>Bricks Blocks:3243 PCS<\/li>\n<li>Size: 37 x 27 x 14cm<\/li>\n<li>Weight: 3300g<\/li>\n<li>Enth\u00e4lt eine ausf\u00fchrliche Montageanleitung.<\/li>\n<\/ol>\n<p>Notiz:<br \/>\n1. Ohne Originalverpackung, aber wir garantieren, dass unsere Produkte eine Qualit\u00e4tssicherung und eine sch\u00f6ne Verpackung haben.<br \/>\n2. Wie alle Teile, die wir vor dem Versand \u00fcberpr\u00fcft haben, machen Sie sich keine Sorgen, wenn Sie feststellen, dass einige Teile fehlen oder besch\u00e4digt sind, und kontaktieren Sie uns einfach, und wir k\u00f6nnen sie Ihnen umgehend kostenlos erneut zusenden.<\/p>\n<figure id=\"attachment_37242\" aria-describedby=\"caption-attachment-37242\" style=\"width: 1004px\" class=\"wp-caption aligncenter\"><img fetchpriority=\"high\" decoding=\"async\" class=\"wp-image-37242 size-full\" src=\"https:\/\/mouldking.store\/wp-content\/uploads\/2022\/12\/MOC-106675-Technic-BR-601-VT-11.5-Triebwagen-MOC-FACTORY.png\" alt=\"MOC-106675 BR 601 \u201cVT 11.5 Triebwagen\u201d With 3243 Pieces\" width=\"1004\" height=\"1004\" title=\"-\" srcset=\"https:\/\/mouldking.store\/wp-content\/uploads\/2022\/12\/MOC-106675-Technic-BR-601-VT-11.5-Triebwagen-MOC-FACTORY.png 1004w, https:\/\/mouldking.store\/wp-content\/uploads\/2022\/12\/MOC-106675-Technic-BR-601-VT-11.5-Triebwagen-MOC-FACTORY-300x300.png 300w, https:\/\/mouldking.store\/wp-content\/uploads\/2022\/12\/MOC-106675-Technic-BR-601-VT-11.5-Triebwagen-MOC-FACTORY-768x768.png 768w, https:\/\/mouldking.store\/wp-content\/uploads\/2022\/12\/MOC-106675-Technic-BR-601-VT-11.5-Triebwagen-MOC-FACTORY-600x600.png 600w, https:\/\/mouldking.store\/wp-content\/uploads\/2022\/12\/MOC-106675-Technic-BR-601-VT-11.5-Triebwagen-MOC-FACTORY-150x150.png 150w, https:\/\/mouldking.store\/wp-content\/uploads\/2022\/12\/MOC-106675-Technic-BR-601-VT-11.5-Triebwagen-MOC-FACTORY-60x60.png 60w, https:\/\/mouldking.store\/wp-content\/uploads\/2022\/12\/MOC-106675-Technic-BR-601-VT-11.5-Triebwagen-MOC-FACTORY-90x90.png 90w\" sizes=\"(max-width: 1004px) 100vw, 1004px\" \/><figcaption id=\"caption-attachment-37242\" class=\"wp-caption-text\">MOC-106675 BR 601 \u201eVT 11.5 Triebwagen\u201c mit 3243 Teilen<\/figcaption><\/figure>\n<figure id=\"attachment_37243\" aria-describedby=\"caption-attachment-37243\" style=\"width: 1024px\" class=\"wp-caption aligncenter\"><img decoding=\"async\" class=\"wp-image-37243 size-large\" src=\"https:\/\/mouldking.store\/wp-content\/uploads\/2022\/12\/authorized-moc-106675-br-601-vt-11-5-tr_main-2-1024x1024.jpg\" alt=\"MOC-106675 BR 601 \u201cVT 11.5 Triebwagen\u201d With 3243 Pieces\" width=\"1024\" height=\"1024\" title=\"-\" srcset=\"https:\/\/mouldking.store\/wp-content\/uploads\/2022\/12\/authorized-moc-106675-br-601-vt-11-5-tr_main-2-1024x1024.jpg 1024w, https:\/\/mouldking.store\/wp-content\/uploads\/2022\/12\/authorized-moc-106675-br-601-vt-11-5-tr_main-2-300x300.jpg 300w, https:\/\/mouldking.store\/wp-content\/uploads\/2022\/12\/authorized-moc-106675-br-601-vt-11-5-tr_main-2-768x768.jpg 768w, https:\/\/mouldking.store\/wp-content\/uploads\/2022\/12\/authorized-moc-106675-br-601-vt-11-5-tr_main-2-600x600.jpg 600w, https:\/\/mouldking.store\/wp-content\/uploads\/2022\/12\/authorized-moc-106675-br-601-vt-11-5-tr_main-2-150x150.jpg 150w, https:\/\/mouldking.store\/wp-content\/uploads\/2022\/12\/authorized-moc-106675-br-601-vt-11-5-tr_main-2-60x60.jpg 60w, https:\/\/mouldking.store\/wp-content\/uploads\/2022\/12\/authorized-moc-106675-br-601-vt-11-5-tr_main-2-90x90.jpg 90w, https:\/\/mouldking.store\/wp-content\/uploads\/2022\/12\/authorized-moc-106675-br-601-vt-11-5-tr_main-2.jpg 1100w\" sizes=\"(max-width: 1024px) 100vw, 1024px\" \/><figcaption id=\"caption-attachment-37243\" class=\"wp-caption-text\">MOC-106675 BR 601 \u201eVT 11.5 Triebwagen\u201c mit 3243 Teilen<\/figcaption><\/figure>\n<figure id=\"attachment_37244\" aria-describedby=\"caption-attachment-37244\" style=\"width: 1024px\" class=\"wp-caption aligncenter\"><img decoding=\"async\" class=\"wp-image-37244 size-large\" src=\"https:\/\/mouldking.store\/wp-content\/uploads\/2022\/12\/authorized-moc-106675-br-601-vt-11-5-tr_main-1-1024x1024.jpg\" alt=\"MOC-106675 BR 601 \u201cVT 11.5 Triebwagen\u201d With 3243 Pieces\" width=\"1024\" height=\"1024\" title=\"-\" srcset=\"https:\/\/mouldking.store\/wp-content\/uploads\/2022\/12\/authorized-moc-106675-br-601-vt-11-5-tr_main-1-1024x1024.jpg 1024w, https:\/\/mouldking.store\/wp-content\/uploads\/2022\/12\/authorized-moc-106675-br-601-vt-11-5-tr_main-1-300x300.jpg 300w, https:\/\/mouldking.store\/wp-content\/uploads\/2022\/12\/authorized-moc-106675-br-601-vt-11-5-tr_main-1-768x768.jpg 768w, https:\/\/mouldking.store\/wp-content\/uploads\/2022\/12\/authorized-moc-106675-br-601-vt-11-5-tr_main-1-600x600.jpg 600w, https:\/\/mouldking.store\/wp-content\/uploads\/2022\/12\/authorized-moc-106675-br-601-vt-11-5-tr_main-1-150x150.jpg 150w, https:\/\/mouldking.store\/wp-content\/uploads\/2022\/12\/authorized-moc-106675-br-601-vt-11-5-tr_main-1-60x60.jpg 60w, https:\/\/mouldking.store\/wp-content\/uploads\/2022\/12\/authorized-moc-106675-br-601-vt-11-5-tr_main-1-90x90.jpg 90w, https:\/\/mouldking.store\/wp-content\/uploads\/2022\/12\/authorized-moc-106675-br-601-vt-11-5-tr_main-1.jpg 1100w\" sizes=\"(max-width: 1024px) 100vw, 1024px\" \/><figcaption id=\"caption-attachment-37244\" class=\"wp-caption-text\">MOC-106675 BR 601 \u201eVT 11.5 Triebwagen\u201c mit 3243 Teilen<\/figcaption><\/figure>\n<figure id=\"attachment_37241\" aria-describedby=\"caption-attachment-37241\" style=\"width: 1024px\" class=\"wp-caption aligncenter\"><img loading=\"lazy\" decoding=\"async\" class=\"wp-image-37241 size-large\" src=\"https:\/\/mouldking.store\/wp-content\/uploads\/2022\/12\/authorized-moc-106675-br-601-vt-11-5-tr_main-0-1024x1024.jpg\" alt=\"MOC-106675 BR 601 \u201cVT 11.5 Triebwagen\u201d With 3243 Pieces\" width=\"1024\" height=\"1024\" title=\"-\" srcset=\"https:\/\/mouldking.store\/wp-content\/uploads\/2022\/12\/authorized-moc-106675-br-601-vt-11-5-tr_main-0-1024x1024.jpg 1024w, https:\/\/mouldking.store\/wp-content\/uploads\/2022\/12\/authorized-moc-106675-br-601-vt-11-5-tr_main-0-300x300.jpg 300w, https:\/\/mouldking.store\/wp-content\/uploads\/2022\/12\/authorized-moc-106675-br-601-vt-11-5-tr_main-0-768x768.jpg 768w, https:\/\/mouldking.store\/wp-content\/uploads\/2022\/12\/authorized-moc-106675-br-601-vt-11-5-tr_main-0-600x600.jpg 600w, https:\/\/mouldking.store\/wp-content\/uploads\/2022\/12\/authorized-moc-106675-br-601-vt-11-5-tr_main-0-150x150.jpg 150w, https:\/\/mouldking.store\/wp-content\/uploads\/2022\/12\/authorized-moc-106675-br-601-vt-11-5-tr_main-0-60x60.jpg 60w, https:\/\/mouldking.store\/wp-content\/uploads\/2022\/12\/authorized-moc-106675-br-601-vt-11-5-tr_main-0-90x90.jpg 90w, https:\/\/mouldking.store\/wp-content\/uploads\/2022\/12\/authorized-moc-106675-br-601-vt-11-5-tr_main-0.jpg 1100w\" sizes=\"(max-width: 1024px) 100vw, 1024px\" \/><figcaption id=\"caption-attachment-37241\" class=\"wp-caption-text\">MOC-106675 BR 601 \u201eVT 11.5 Triebwagen\u201c mit 3243 Teilen<\/figcaption><\/figure>","protected":false},"excerpt":{"rendered":"<p>Zeiteinteilung: 4-8 Wochen<\/p>","protected":false},"featured_media":37242,"comment_status":"closed","ping_status":"closed","template":"","meta":{"_acf_changed":false},"product_cat":[1357,1406,364],"product_tag":[8870,8873,8869,8874,8868,8871,8872],"class_list":["product","first","instock","shipping-taxable","purchasable","product-type-simple"],"acf":[],"_links":{"self":[{"href":"https:\/\/mouldking.store\/de\/wp-json\/wp\/v2\/product\/37240","targetHints":{"allow":["GET"]}}],"collection":[{"href":"https:\/\/mouldking.store\/de\/wp-json\/wp\/v2\/product"}],"about":[{"href":"https:\/\/mouldking.store\/de\/wp-json\/wp\/v2\/types\/product"}],"replies":[{"embeddable":true,"href":"https:\/\/mouldking.store\/de\/wp-json\/wp\/v2\/comments?post=37240"}],"wp:featuredmedia":[{"embeddable":true,"href":"https:\/\/mouldking.store\/de\/wp-json\/wp\/v2\/media\/37242"}],"wp:attachment":[{"href":"https:\/\/mouldking.store\/de\/wp-json\/wp\/v2\/media?parent=37240"}],"wp:term":[{"taxonomy":"product_cat","embeddable":true,"href":"https:\/\/mouldking.store\/de\/wp-json\/wp\/v2\/product_cat?post=37240"},{"taxonomy":"product_tag","embeddable":true,"href":"https:\/\/mouldking.store\/de\/wp-json\/wp\/v2\/product_tag?post=37240"}],"curies":[{"name":"wp","href":"https:\/\/api.w.org\/{rel}","templated":true}]}}