{"id":37283,"date":"2022-12-02T11:30:05","date_gmt":"2022-12-02T04:30:05","guid":{"rendered":"https:\/\/mouldking.store\/?post_type=product&#038;p=37283"},"modified":"2025-12-25T09:12:14","modified_gmt":"2025-12-25T02:12:14","slug":"moc-120961-120912-db-baureihe-194-e94-8w-with-1267-pieces","status":"publish","type":"product","link":"https:\/\/mouldking.store\/de\/shop\/moc-120961-120912-db-baureihe-194-e94-8w-with-1267-pieces\/","title":{"rendered":"MOC-120961-120912 DB-Baureihe 194 E94 (8w) mit 1267 St\u00fcck"},"content":{"rendered":"<p>Produktinformation:<\/p>\n<ol>\n<li>Marke: MOC<\/li>\n<li>Geschlecht: Unisex<\/li>\n<li>Name: DB-Baureihe 194 E94 (8w)<\/li>\n<li>Altersspanne: &gt; 6 Jahre alt<\/li>\n<li>Model Number: 120961-120912<\/li>\n<li>Einstufung: Assemblage<\/li>\n<li>Kunststoffblockform: Selbstsichernde Steine<\/li>\n<li>Material: Kunststoff<\/li>\n<li>Kunststofftyp: ABS<\/li>\n<li>Bricks Blocks:1267 PCS<\/li>\n<li>Size: 57 x 8 x 13 Studs<\/li>\n<li>Gewicht: 1500g<\/li>\n<li>Enth\u00e4lt eine ausf\u00fchrliche Montageanleitung.<\/li>\n<\/ol>\n<p>Notiz:<br \/>\n1. Ohne Originalverpackung, aber wir garantieren, dass unsere Produkte eine Qualit\u00e4tssicherung und eine sch\u00f6ne Verpackung haben.<br \/>\n2. Wie alle Teile, die wir vor dem Versand \u00fcberpr\u00fcft haben, machen Sie sich keine Sorgen, wenn Sie feststellen, dass einige Teile fehlen oder besch\u00e4digt sind, und kontaktieren Sie uns einfach, und wir k\u00f6nnen sie Ihnen umgehend kostenlos erneut zusenden.<\/p>\n<figure id=\"attachment_37290\" aria-describedby=\"caption-attachment-37290\" style=\"width: 1004px\" class=\"wp-caption aligncenter\"><img fetchpriority=\"high\" decoding=\"async\" class=\"wp-image-37290 size-full\" src=\"https:\/\/mouldking.store\/wp-content\/uploads\/2022\/12\/MOC-120961-120912-Technic-DB-Baureihe-194-E94-8w-MOC-FACTORY.png\" alt=\"MOC-120961-120912 DB-Baureihe 194 E94 (8w) With 1267 Pieces\" width=\"1004\" height=\"1004\" title=\"-\" srcset=\"https:\/\/mouldking.store\/wp-content\/uploads\/2022\/12\/MOC-120961-120912-Technic-DB-Baureihe-194-E94-8w-MOC-FACTORY.png 1004w, https:\/\/mouldking.store\/wp-content\/uploads\/2022\/12\/MOC-120961-120912-Technic-DB-Baureihe-194-E94-8w-MOC-FACTORY-300x300.png 300w, https:\/\/mouldking.store\/wp-content\/uploads\/2022\/12\/MOC-120961-120912-Technic-DB-Baureihe-194-E94-8w-MOC-FACTORY-768x768.png 768w, https:\/\/mouldking.store\/wp-content\/uploads\/2022\/12\/MOC-120961-120912-Technic-DB-Baureihe-194-E94-8w-MOC-FACTORY-600x600.png 600w, https:\/\/mouldking.store\/wp-content\/uploads\/2022\/12\/MOC-120961-120912-Technic-DB-Baureihe-194-E94-8w-MOC-FACTORY-150x150.png 150w, https:\/\/mouldking.store\/wp-content\/uploads\/2022\/12\/MOC-120961-120912-Technic-DB-Baureihe-194-E94-8w-MOC-FACTORY-60x60.png 60w, https:\/\/mouldking.store\/wp-content\/uploads\/2022\/12\/MOC-120961-120912-Technic-DB-Baureihe-194-E94-8w-MOC-FACTORY-90x90.png 90w\" sizes=\"(max-width: 1004px) 100vw, 1004px\" \/><figcaption id=\"caption-attachment-37290\" class=\"wp-caption-text\">MOC-120961-120912 DB-Baureihe 194 E94 (8w) mit 1267 St\u00fcck<\/figcaption><\/figure>\n<figure id=\"attachment_37291\" aria-describedby=\"caption-attachment-37291\" style=\"width: 1024px\" class=\"wp-caption aligncenter\"><img decoding=\"async\" class=\"wp-image-37291 size-large\" src=\"https:\/\/mouldking.store\/wp-content\/uploads\/2022\/12\/authorized-moc-120961-moc-120912-8-w-db-b_main-5-1024x1024.jpg\" alt=\"MOC-120961-120912 DB-Baureihe 194 E94 (8w) With 1267 Pieces\" width=\"1024\" height=\"1024\" title=\"-\" srcset=\"https:\/\/mouldking.store\/wp-content\/uploads\/2022\/12\/authorized-moc-120961-moc-120912-8-w-db-b_main-5-1024x1024.jpg 1024w, https:\/\/mouldking.store\/wp-content\/uploads\/2022\/12\/authorized-moc-120961-moc-120912-8-w-db-b_main-5-300x300.jpg 300w, https:\/\/mouldking.store\/wp-content\/uploads\/2022\/12\/authorized-moc-120961-moc-120912-8-w-db-b_main-5-768x768.jpg 768w, https:\/\/mouldking.store\/wp-content\/uploads\/2022\/12\/authorized-moc-120961-moc-120912-8-w-db-b_main-5-600x600.jpg 600w, https:\/\/mouldking.store\/wp-content\/uploads\/2022\/12\/authorized-moc-120961-moc-120912-8-w-db-b_main-5-150x150.jpg 150w, https:\/\/mouldking.store\/wp-content\/uploads\/2022\/12\/authorized-moc-120961-moc-120912-8-w-db-b_main-5-60x60.jpg 60w, https:\/\/mouldking.store\/wp-content\/uploads\/2022\/12\/authorized-moc-120961-moc-120912-8-w-db-b_main-5-90x90.jpg 90w, https:\/\/mouldking.store\/wp-content\/uploads\/2022\/12\/authorized-moc-120961-moc-120912-8-w-db-b_main-5.jpg 1100w\" sizes=\"(max-width: 1024px) 100vw, 1024px\" \/><figcaption id=\"caption-attachment-37291\" class=\"wp-caption-text\">MOC-120961-120912 DB-Baureihe 194 E94 (8w) mit 1267 St\u00fcck<\/figcaption><\/figure>\n<figure id=\"attachment_37292\" aria-describedby=\"caption-attachment-37292\" style=\"width: 1024px\" class=\"wp-caption aligncenter\"><img decoding=\"async\" class=\"wp-image-37292 size-large\" src=\"https:\/\/mouldking.store\/wp-content\/uploads\/2022\/12\/authorized-moc-120961-moc-120912-8-w-db-b_main-3-1024x1024.jpg\" alt=\"MOC-120961-120912 DB-Baureihe 194 E94 (8w) With 1267 Pieces\" width=\"1024\" height=\"1024\" title=\"-\" srcset=\"https:\/\/mouldking.store\/wp-content\/uploads\/2022\/12\/authorized-moc-120961-moc-120912-8-w-db-b_main-3-1024x1024.jpg 1024w, https:\/\/mouldking.store\/wp-content\/uploads\/2022\/12\/authorized-moc-120961-moc-120912-8-w-db-b_main-3-300x300.jpg 300w, https:\/\/mouldking.store\/wp-content\/uploads\/2022\/12\/authorized-moc-120961-moc-120912-8-w-db-b_main-3-768x768.jpg 768w, https:\/\/mouldking.store\/wp-content\/uploads\/2022\/12\/authorized-moc-120961-moc-120912-8-w-db-b_main-3-600x600.jpg 600w, https:\/\/mouldking.store\/wp-content\/uploads\/2022\/12\/authorized-moc-120961-moc-120912-8-w-db-b_main-3-150x150.jpg 150w, https:\/\/mouldking.store\/wp-content\/uploads\/2022\/12\/authorized-moc-120961-moc-120912-8-w-db-b_main-3-60x60.jpg 60w, https:\/\/mouldking.store\/wp-content\/uploads\/2022\/12\/authorized-moc-120961-moc-120912-8-w-db-b_main-3-90x90.jpg 90w, https:\/\/mouldking.store\/wp-content\/uploads\/2022\/12\/authorized-moc-120961-moc-120912-8-w-db-b_main-3.jpg 1100w\" sizes=\"(max-width: 1024px) 100vw, 1024px\" \/><figcaption id=\"caption-attachment-37292\" class=\"wp-caption-text\">MOC-120961-120912 DB-Baureihe 194 E94 (8w) mit 1267 St\u00fcck<\/figcaption><\/figure>\n<figure id=\"attachment_37284\" aria-describedby=\"caption-attachment-37284\" style=\"width: 1024px\" class=\"wp-caption aligncenter\"><img loading=\"lazy\" decoding=\"async\" class=\"wp-image-37284 size-large\" src=\"https:\/\/mouldking.store\/wp-content\/uploads\/2022\/12\/authorized-moc-120961-moc-120912-8-w-db-b_main-4-1024x1024.jpg\" alt=\"MOC-120961-120912 DB-Baureihe 194 E94 (8w) With 1267 Pieces\" width=\"1024\" height=\"1024\" title=\"-\" srcset=\"https:\/\/mouldking.store\/wp-content\/uploads\/2022\/12\/authorized-moc-120961-moc-120912-8-w-db-b_main-4-1024x1024.jpg 1024w, https:\/\/mouldking.store\/wp-content\/uploads\/2022\/12\/authorized-moc-120961-moc-120912-8-w-db-b_main-4-300x300.jpg 300w, https:\/\/mouldking.store\/wp-content\/uploads\/2022\/12\/authorized-moc-120961-moc-120912-8-w-db-b_main-4-768x768.jpg 768w, https:\/\/mouldking.store\/wp-content\/uploads\/2022\/12\/authorized-moc-120961-moc-120912-8-w-db-b_main-4-600x600.jpg 600w, https:\/\/mouldking.store\/wp-content\/uploads\/2022\/12\/authorized-moc-120961-moc-120912-8-w-db-b_main-4-150x150.jpg 150w, https:\/\/mouldking.store\/wp-content\/uploads\/2022\/12\/authorized-moc-120961-moc-120912-8-w-db-b_main-4-60x60.jpg 60w, https:\/\/mouldking.store\/wp-content\/uploads\/2022\/12\/authorized-moc-120961-moc-120912-8-w-db-b_main-4-90x90.jpg 90w, https:\/\/mouldking.store\/wp-content\/uploads\/2022\/12\/authorized-moc-120961-moc-120912-8-w-db-b_main-4.jpg 1100w\" sizes=\"(max-width: 1024px) 100vw, 1024px\" \/><figcaption id=\"caption-attachment-37284\" class=\"wp-caption-text\">MOC-120961-120912 DB-Baureihe 194 E94 (8w) mit 1267 St\u00fcck<\/figcaption><\/figure>\n<figure id=\"attachment_37285\" aria-describedby=\"caption-attachment-37285\" style=\"width: 1024px\" class=\"wp-caption aligncenter\"><img loading=\"lazy\" decoding=\"async\" class=\"wp-image-37285 size-large\" src=\"https:\/\/mouldking.store\/wp-content\/uploads\/2022\/12\/authorized-moc-120961-moc-120912-8-w-db-b_main-1-1024x1024.jpg\" alt=\"MOC-120961-120912 DB-Baureihe 194 E94 (8w) With 1267 Pieces\" width=\"1024\" height=\"1024\" title=\"-\" srcset=\"https:\/\/mouldking.store\/wp-content\/uploads\/2022\/12\/authorized-moc-120961-moc-120912-8-w-db-b_main-1-1024x1024.jpg 1024w, https:\/\/mouldking.store\/wp-content\/uploads\/2022\/12\/authorized-moc-120961-moc-120912-8-w-db-b_main-1-300x300.jpg 300w, https:\/\/mouldking.store\/wp-content\/uploads\/2022\/12\/authorized-moc-120961-moc-120912-8-w-db-b_main-1-768x768.jpg 768w, https:\/\/mouldking.store\/wp-content\/uploads\/2022\/12\/authorized-moc-120961-moc-120912-8-w-db-b_main-1-600x600.jpg 600w, https:\/\/mouldking.store\/wp-content\/uploads\/2022\/12\/authorized-moc-120961-moc-120912-8-w-db-b_main-1-150x150.jpg 150w, https:\/\/mouldking.store\/wp-content\/uploads\/2022\/12\/authorized-moc-120961-moc-120912-8-w-db-b_main-1-60x60.jpg 60w, https:\/\/mouldking.store\/wp-content\/uploads\/2022\/12\/authorized-moc-120961-moc-120912-8-w-db-b_main-1-90x90.jpg 90w, https:\/\/mouldking.store\/wp-content\/uploads\/2022\/12\/authorized-moc-120961-moc-120912-8-w-db-b_main-1.jpg 1100w\" sizes=\"(max-width: 1024px) 100vw, 1024px\" \/><figcaption id=\"caption-attachment-37285\" class=\"wp-caption-text\">MOC-120961-120912 DB-Baureihe 194 E94 (8w) mit 1267 St\u00fcck<\/figcaption><\/figure>\n<figure id=\"attachment_37286\" aria-describedby=\"caption-attachment-37286\" style=\"width: 1024px\" class=\"wp-caption aligncenter\"><img loading=\"lazy\" decoding=\"async\" class=\"wp-image-37286 size-large\" src=\"https:\/\/mouldking.store\/wp-content\/uploads\/2022\/12\/authorized-moc-120961-moc-120912-8-w-db-b_main-2-1024x1024.jpg\" alt=\"MOC-120961-120912 DB-Baureihe 194 E94 (8w) With 1267 Pieces\" width=\"1024\" height=\"1024\" title=\"-\" srcset=\"https:\/\/mouldking.store\/wp-content\/uploads\/2022\/12\/authorized-moc-120961-moc-120912-8-w-db-b_main-2-1024x1024.jpg 1024w, https:\/\/mouldking.store\/wp-content\/uploads\/2022\/12\/authorized-moc-120961-moc-120912-8-w-db-b_main-2-300x300.jpg 300w, https:\/\/mouldking.store\/wp-content\/uploads\/2022\/12\/authorized-moc-120961-moc-120912-8-w-db-b_main-2-768x768.jpg 768w, https:\/\/mouldking.store\/wp-content\/uploads\/2022\/12\/authorized-moc-120961-moc-120912-8-w-db-b_main-2-600x600.jpg 600w, https:\/\/mouldking.store\/wp-content\/uploads\/2022\/12\/authorized-moc-120961-moc-120912-8-w-db-b_main-2-150x150.jpg 150w, https:\/\/mouldking.store\/wp-content\/uploads\/2022\/12\/authorized-moc-120961-moc-120912-8-w-db-b_main-2-60x60.jpg 60w, https:\/\/mouldking.store\/wp-content\/uploads\/2022\/12\/authorized-moc-120961-moc-120912-8-w-db-b_main-2-90x90.jpg 90w, https:\/\/mouldking.store\/wp-content\/uploads\/2022\/12\/authorized-moc-120961-moc-120912-8-w-db-b_main-2.jpg 1100w\" sizes=\"(max-width: 1024px) 100vw, 1024px\" \/><figcaption id=\"caption-attachment-37286\" class=\"wp-caption-text\">MOC-120961-120912 DB-Baureihe 194 E94 (8w) mit 1267 St\u00fcck<\/figcaption><\/figure>\n<figure id=\"attachment_37289\" aria-describedby=\"caption-attachment-37289\" style=\"width: 1024px\" class=\"wp-caption aligncenter\"><img loading=\"lazy\" decoding=\"async\" class=\"wp-image-37289 size-large\" src=\"https:\/\/mouldking.store\/wp-content\/uploads\/2022\/12\/Gray_authorized-moc-120961-moc-120912-8-w-db-b_variants-0-1024x1024.jpg\" alt=\"MOC-120961-120912 DB-Baureihe 194 E94 (8w) With 1267 Pieces\" width=\"1024\" height=\"1024\" title=\"-\" srcset=\"https:\/\/mouldking.store\/wp-content\/uploads\/2022\/12\/Gray_authorized-moc-120961-moc-120912-8-w-db-b_variants-0-1024x1024.jpg 1024w, https:\/\/mouldking.store\/wp-content\/uploads\/2022\/12\/Gray_authorized-moc-120961-moc-120912-8-w-db-b_variants-0-300x300.jpg 300w, https:\/\/mouldking.store\/wp-content\/uploads\/2022\/12\/Gray_authorized-moc-120961-moc-120912-8-w-db-b_variants-0-768x768.jpg 768w, https:\/\/mouldking.store\/wp-content\/uploads\/2022\/12\/Gray_authorized-moc-120961-moc-120912-8-w-db-b_variants-0-600x600.jpg 600w, https:\/\/mouldking.store\/wp-content\/uploads\/2022\/12\/Gray_authorized-moc-120961-moc-120912-8-w-db-b_variants-0-150x150.jpg 150w, https:\/\/mouldking.store\/wp-content\/uploads\/2022\/12\/Gray_authorized-moc-120961-moc-120912-8-w-db-b_variants-0-60x60.jpg 60w, https:\/\/mouldking.store\/wp-content\/uploads\/2022\/12\/Gray_authorized-moc-120961-moc-120912-8-w-db-b_variants-0-90x90.jpg 90w, https:\/\/mouldking.store\/wp-content\/uploads\/2022\/12\/Gray_authorized-moc-120961-moc-120912-8-w-db-b_variants-0.jpg 1100w\" sizes=\"(max-width: 1024px) 100vw, 1024px\" \/><figcaption id=\"caption-attachment-37289\" class=\"wp-caption-text\">MOC-120961-120912 DB-Baureihe 194 E94 (8w) mit 1267 St\u00fcck<\/figcaption><\/figure>\n<figure id=\"attachment_37288\" aria-describedby=\"caption-attachment-37288\" style=\"width: 1024px\" class=\"wp-caption aligncenter\"><img loading=\"lazy\" decoding=\"async\" class=\"wp-image-37288 size-large\" src=\"https:\/\/mouldking.store\/wp-content\/uploads\/2022\/12\/Blue_authorized-moc-120961-moc-120912-8-w-db-b_variants-1-1024x1024.jpg\" alt=\"MOC-120961-120912 DB-Baureihe 194 E94 (8w) With 1267 Pieces\" width=\"1024\" height=\"1024\" title=\"-\" srcset=\"https:\/\/mouldking.store\/wp-content\/uploads\/2022\/12\/Blue_authorized-moc-120961-moc-120912-8-w-db-b_variants-1-1024x1024.jpg 1024w, https:\/\/mouldking.store\/wp-content\/uploads\/2022\/12\/Blue_authorized-moc-120961-moc-120912-8-w-db-b_variants-1-300x300.jpg 300w, https:\/\/mouldking.store\/wp-content\/uploads\/2022\/12\/Blue_authorized-moc-120961-moc-120912-8-w-db-b_variants-1-768x768.jpg 768w, https:\/\/mouldking.store\/wp-content\/uploads\/2022\/12\/Blue_authorized-moc-120961-moc-120912-8-w-db-b_variants-1-600x600.jpg 600w, https:\/\/mouldking.store\/wp-content\/uploads\/2022\/12\/Blue_authorized-moc-120961-moc-120912-8-w-db-b_variants-1-150x150.jpg 150w, https:\/\/mouldking.store\/wp-content\/uploads\/2022\/12\/Blue_authorized-moc-120961-moc-120912-8-w-db-b_variants-1-60x60.jpg 60w, https:\/\/mouldking.store\/wp-content\/uploads\/2022\/12\/Blue_authorized-moc-120961-moc-120912-8-w-db-b_variants-1-90x90.jpg 90w, https:\/\/mouldking.store\/wp-content\/uploads\/2022\/12\/Blue_authorized-moc-120961-moc-120912-8-w-db-b_variants-1.jpg 1100w\" sizes=\"(max-width: 1024px) 100vw, 1024px\" \/><figcaption id=\"caption-attachment-37288\" class=\"wp-caption-text\">MOC-120961-120912 DB-Baureihe 194 E94 (8w) mit 1267 St\u00fcck<\/figcaption><\/figure>\n<figure id=\"attachment_37287\" aria-describedby=\"caption-attachment-37287\" style=\"width: 1024px\" class=\"wp-caption aligncenter\"><img loading=\"lazy\" decoding=\"async\" class=\"wp-image-37287 size-large\" src=\"https:\/\/mouldking.store\/wp-content\/uploads\/2022\/12\/authorized-moc-120961-moc-120912-8-w-db-b_main-0-1024x1024.jpg\" alt=\"MOC-120961-120912 DB-Baureihe 194 E94 (8w) With 1267 Pieces\" width=\"1024\" height=\"1024\" title=\"-\" srcset=\"https:\/\/mouldking.store\/wp-content\/uploads\/2022\/12\/authorized-moc-120961-moc-120912-8-w-db-b_main-0-1024x1024.jpg 1024w, https:\/\/mouldking.store\/wp-content\/uploads\/2022\/12\/authorized-moc-120961-moc-120912-8-w-db-b_main-0-300x300.jpg 300w, https:\/\/mouldking.store\/wp-content\/uploads\/2022\/12\/authorized-moc-120961-moc-120912-8-w-db-b_main-0-768x768.jpg 768w, https:\/\/mouldking.store\/wp-content\/uploads\/2022\/12\/authorized-moc-120961-moc-120912-8-w-db-b_main-0-600x600.jpg 600w, https:\/\/mouldking.store\/wp-content\/uploads\/2022\/12\/authorized-moc-120961-moc-120912-8-w-db-b_main-0-150x150.jpg 150w, https:\/\/mouldking.store\/wp-content\/uploads\/2022\/12\/authorized-moc-120961-moc-120912-8-w-db-b_main-0-60x60.jpg 60w, https:\/\/mouldking.store\/wp-content\/uploads\/2022\/12\/authorized-moc-120961-moc-120912-8-w-db-b_main-0-90x90.jpg 90w, https:\/\/mouldking.store\/wp-content\/uploads\/2022\/12\/authorized-moc-120961-moc-120912-8-w-db-b_main-0.jpg 1100w\" sizes=\"(max-width: 1024px) 100vw, 1024px\" \/><figcaption id=\"caption-attachment-37287\" class=\"wp-caption-text\">MOC-120961-120912 DB-Baureihe 194 E94 (8w) mit 1267 St\u00fcck<\/figcaption><\/figure>","protected":false},"excerpt":{"rendered":"<p>Zeiteinteilung: 4-8 Wochen<\/p>","protected":false},"featured_media":37290,"comment_status":"closed","ping_status":"closed","template":"","meta":{"_acf_changed":false},"product_cat":[1357,1406,364],"product_tag":[8911,8910,8912,8913,8914,430,8909,8915,8908],"class_list":["product","first","instock","shipping-taxable","purchasable","product-type-variable"],"acf":[],"_links":{"self":[{"href":"https:\/\/mouldking.store\/de\/wp-json\/wp\/v2\/product\/37283","targetHints":{"allow":["GET"]}}],"collection":[{"href":"https:\/\/mouldking.store\/de\/wp-json\/wp\/v2\/product"}],"about":[{"href":"https:\/\/mouldking.store\/de\/wp-json\/wp\/v2\/types\/product"}],"replies":[{"embeddable":true,"href":"https:\/\/mouldking.store\/de\/wp-json\/wp\/v2\/comments?post=37283"}],"wp:featuredmedia":[{"embeddable":true,"href":"https:\/\/mouldking.store\/de\/wp-json\/wp\/v2\/media\/37290"}],"wp:attachment":[{"href":"https:\/\/mouldking.store\/de\/wp-json\/wp\/v2\/media?parent=37283"}],"wp:term":[{"taxonomy":"product_cat","embeddable":true,"href":"https:\/\/mouldking.store\/de\/wp-json\/wp\/v2\/product_cat?post=37283"},{"taxonomy":"product_tag","embeddable":true,"href":"https:\/\/mouldking.store\/de\/wp-json\/wp\/v2\/product_tag?post=37283"}],"curies":[{"name":"wp","href":"https:\/\/api.w.org\/{rel}","templated":true}]}}