{"id":37295,"date":"2022-12-02T11:39:33","date_gmt":"2022-12-02T04:39:33","guid":{"rendered":"https:\/\/mouldking.store\/?post_type=product&#038;p=37295"},"modified":"2025-12-25T09:12:13","modified_gmt":"2025-12-25T02:12:13","slug":"moc-118323-pacific-gtel-8500-veranda-and-fuel-tender-train-with-3588-pieces","status":"publish","type":"product","link":"https:\/\/mouldking.store\/de\/shop\/moc-118323-pacific-gtel-8500-veranda-and-fuel-tender-train-with-3588-pieces\/","title":{"rendered":"MOC-118323 Pacific GTEL 8500 Veranda- und Treibstofftenderzug mit 3588 Teilen"},"content":{"rendered":"<p>Produktinformation:<\/p>\n<ol>\n<li>Marke: MOC<\/li>\n<li>Geschlecht: Unisex<\/li>\n<li>Name: Pacific GTEL 8500 Veranda und Treibstoff-Tenderzug<\/li>\n<li>Altersspanne: &gt; 6 Jahre alt<\/li>\n<li>Modellnummer: 118323<\/li>\n<li>Einstufung: Assemblage<\/li>\n<li>Kunststoffblockform: Selbstsichernde Steine<\/li>\n<li>Material: Kunststoff<\/li>\n<li>Kunststofftyp: ABS<\/li>\n<li>Ziegelsteine: 3588 PCS<\/li>\n<li>Gr\u00f6\u00dfe: B: 96,9 L: 8,8 H: 13,1 cm<\/li>\n<li>Gewicht: 3400 g<\/li>\n<li>Enth\u00e4lt eine ausf\u00fchrliche Montageanleitung.<\/li>\n<\/ol>\n<p>Notiz:<br \/>\n1. Ohne Originalverpackung, aber wir garantieren, dass unsere Produkte eine Qualit\u00e4tssicherung und eine sch\u00f6ne Verpackung haben.<br \/>\n2. Wie alle Teile, die wir vor dem Versand \u00fcberpr\u00fcft haben, machen Sie sich keine Sorgen, wenn Sie feststellen, dass einige Teile fehlen oder besch\u00e4digt sind, und kontaktieren Sie uns einfach, und wir k\u00f6nnen sie Ihnen umgehend kostenlos erneut zusenden.<\/p>\n<figure id=\"attachment_37299\" aria-describedby=\"caption-attachment-37299\" style=\"width: 1004px\" class=\"wp-caption aligncenter\"><img fetchpriority=\"high\" decoding=\"async\" class=\"wp-image-37299 size-full\" src=\"https:\/\/mouldking.store\/wp-content\/uploads\/2022\/12\/MOC-118323-Technic-Pacific-GTEL-8500-Veranda-And-Fuel-Tender-Train-MOC-FACTORY-Copy.png\" alt=\"MOC-118323 Pacific GTEL 8500 Veranda And Fuel Tender Train With 3588 Pieces\" width=\"1004\" height=\"1004\" title=\"-\" srcset=\"https:\/\/mouldking.store\/wp-content\/uploads\/2022\/12\/MOC-118323-Technic-Pacific-GTEL-8500-Veranda-And-Fuel-Tender-Train-MOC-FACTORY-Copy.png 1004w, https:\/\/mouldking.store\/wp-content\/uploads\/2022\/12\/MOC-118323-Technic-Pacific-GTEL-8500-Veranda-And-Fuel-Tender-Train-MOC-FACTORY-Copy-300x300.png 300w, https:\/\/mouldking.store\/wp-content\/uploads\/2022\/12\/MOC-118323-Technic-Pacific-GTEL-8500-Veranda-And-Fuel-Tender-Train-MOC-FACTORY-Copy-768x768.png 768w, https:\/\/mouldking.store\/wp-content\/uploads\/2022\/12\/MOC-118323-Technic-Pacific-GTEL-8500-Veranda-And-Fuel-Tender-Train-MOC-FACTORY-Copy-600x600.png 600w, https:\/\/mouldking.store\/wp-content\/uploads\/2022\/12\/MOC-118323-Technic-Pacific-GTEL-8500-Veranda-And-Fuel-Tender-Train-MOC-FACTORY-Copy-150x150.png 150w, https:\/\/mouldking.store\/wp-content\/uploads\/2022\/12\/MOC-118323-Technic-Pacific-GTEL-8500-Veranda-And-Fuel-Tender-Train-MOC-FACTORY-Copy-60x60.png 60w, https:\/\/mouldking.store\/wp-content\/uploads\/2022\/12\/MOC-118323-Technic-Pacific-GTEL-8500-Veranda-And-Fuel-Tender-Train-MOC-FACTORY-Copy-90x90.png 90w\" sizes=\"(max-width: 1004px) 100vw, 1004px\" \/><figcaption id=\"caption-attachment-37299\" class=\"wp-caption-text\">MOC-118323 Pacific GTEL 8500 Veranda- und Treibstofftenderzug mit 3588 Teilen<\/figcaption><\/figure>\n<figure id=\"attachment_37300\" aria-describedby=\"caption-attachment-37300\" style=\"width: 1024px\" class=\"wp-caption aligncenter\"><img decoding=\"async\" class=\"wp-image-37300 size-large\" src=\"https:\/\/mouldking.store\/wp-content\/uploads\/2022\/12\/authorized-3588-pcs-moc-118323-pacific-gt_main-5-1024x1024.jpg\" alt=\"MOC-118323 Pacific GTEL 8500 Veranda And Fuel Tender Train With 3588 Pieces\" width=\"1024\" height=\"1024\" title=\"-\" srcset=\"https:\/\/mouldking.store\/wp-content\/uploads\/2022\/12\/authorized-3588-pcs-moc-118323-pacific-gt_main-5-1024x1024.jpg 1024w, https:\/\/mouldking.store\/wp-content\/uploads\/2022\/12\/authorized-3588-pcs-moc-118323-pacific-gt_main-5-300x300.jpg 300w, https:\/\/mouldking.store\/wp-content\/uploads\/2022\/12\/authorized-3588-pcs-moc-118323-pacific-gt_main-5-768x768.jpg 768w, https:\/\/mouldking.store\/wp-content\/uploads\/2022\/12\/authorized-3588-pcs-moc-118323-pacific-gt_main-5-600x600.jpg 600w, https:\/\/mouldking.store\/wp-content\/uploads\/2022\/12\/authorized-3588-pcs-moc-118323-pacific-gt_main-5-150x150.jpg 150w, https:\/\/mouldking.store\/wp-content\/uploads\/2022\/12\/authorized-3588-pcs-moc-118323-pacific-gt_main-5-60x60.jpg 60w, https:\/\/mouldking.store\/wp-content\/uploads\/2022\/12\/authorized-3588-pcs-moc-118323-pacific-gt_main-5-90x90.jpg 90w, https:\/\/mouldking.store\/wp-content\/uploads\/2022\/12\/authorized-3588-pcs-moc-118323-pacific-gt_main-5.jpg 1100w\" sizes=\"(max-width: 1024px) 100vw, 1024px\" \/><figcaption id=\"caption-attachment-37300\" class=\"wp-caption-text\">MOC-118323 Pacific GTEL 8500 Veranda- und Treibstofftenderzug mit 3588 Teilen<\/figcaption><\/figure>\n<figure id=\"attachment_37301\" aria-describedby=\"caption-attachment-37301\" style=\"width: 1024px\" class=\"wp-caption aligncenter\"><img decoding=\"async\" class=\"wp-image-37301 size-large\" src=\"https:\/\/mouldking.store\/wp-content\/uploads\/2022\/12\/authorized-3588-pcs-moc-118323-pacific-gt_main-4-1024x1024.jpg\" alt=\"MOC-118323 Pacific GTEL 8500 Veranda And Fuel Tender Train With 3588 Pieces\" width=\"1024\" height=\"1024\" title=\"-\" srcset=\"https:\/\/mouldking.store\/wp-content\/uploads\/2022\/12\/authorized-3588-pcs-moc-118323-pacific-gt_main-4-1024x1024.jpg 1024w, https:\/\/mouldking.store\/wp-content\/uploads\/2022\/12\/authorized-3588-pcs-moc-118323-pacific-gt_main-4-300x300.jpg 300w, https:\/\/mouldking.store\/wp-content\/uploads\/2022\/12\/authorized-3588-pcs-moc-118323-pacific-gt_main-4-768x768.jpg 768w, https:\/\/mouldking.store\/wp-content\/uploads\/2022\/12\/authorized-3588-pcs-moc-118323-pacific-gt_main-4-600x600.jpg 600w, https:\/\/mouldking.store\/wp-content\/uploads\/2022\/12\/authorized-3588-pcs-moc-118323-pacific-gt_main-4-150x150.jpg 150w, https:\/\/mouldking.store\/wp-content\/uploads\/2022\/12\/authorized-3588-pcs-moc-118323-pacific-gt_main-4-60x60.jpg 60w, https:\/\/mouldking.store\/wp-content\/uploads\/2022\/12\/authorized-3588-pcs-moc-118323-pacific-gt_main-4-90x90.jpg 90w, https:\/\/mouldking.store\/wp-content\/uploads\/2022\/12\/authorized-3588-pcs-moc-118323-pacific-gt_main-4.jpg 1100w\" sizes=\"(max-width: 1024px) 100vw, 1024px\" \/><figcaption id=\"caption-attachment-37301\" class=\"wp-caption-text\">MOC-118323 Pacific GTEL 8500 Veranda- und Treibstofftenderzug mit 3588 Teilen<\/figcaption><\/figure>\n<figure id=\"attachment_37302\" aria-describedby=\"caption-attachment-37302\" style=\"width: 1024px\" class=\"wp-caption aligncenter\"><img loading=\"lazy\" decoding=\"async\" class=\"wp-image-37302 size-large\" src=\"https:\/\/mouldking.store\/wp-content\/uploads\/2022\/12\/authorized-3588-pcs-moc-118323-pacific-gt_main-3-1024x1024.jpg\" alt=\"MOC-118323 Pacific GTEL 8500 Veranda And Fuel Tender Train With 3588 Pieces\" width=\"1024\" height=\"1024\" title=\"-\" srcset=\"https:\/\/mouldking.store\/wp-content\/uploads\/2022\/12\/authorized-3588-pcs-moc-118323-pacific-gt_main-3-1024x1024.jpg 1024w, https:\/\/mouldking.store\/wp-content\/uploads\/2022\/12\/authorized-3588-pcs-moc-118323-pacific-gt_main-3-300x300.jpg 300w, https:\/\/mouldking.store\/wp-content\/uploads\/2022\/12\/authorized-3588-pcs-moc-118323-pacific-gt_main-3-768x768.jpg 768w, https:\/\/mouldking.store\/wp-content\/uploads\/2022\/12\/authorized-3588-pcs-moc-118323-pacific-gt_main-3-600x600.jpg 600w, https:\/\/mouldking.store\/wp-content\/uploads\/2022\/12\/authorized-3588-pcs-moc-118323-pacific-gt_main-3-150x150.jpg 150w, https:\/\/mouldking.store\/wp-content\/uploads\/2022\/12\/authorized-3588-pcs-moc-118323-pacific-gt_main-3-60x60.jpg 60w, https:\/\/mouldking.store\/wp-content\/uploads\/2022\/12\/authorized-3588-pcs-moc-118323-pacific-gt_main-3-90x90.jpg 90w, https:\/\/mouldking.store\/wp-content\/uploads\/2022\/12\/authorized-3588-pcs-moc-118323-pacific-gt_main-3.jpg 1100w\" sizes=\"(max-width: 1024px) 100vw, 1024px\" \/><figcaption id=\"caption-attachment-37302\" class=\"wp-caption-text\">MOC-118323 Pacific GTEL 8500 Veranda- und Treibstofftenderzug mit 3588 Teilen<\/figcaption><\/figure>\n<figure id=\"attachment_37298\" aria-describedby=\"caption-attachment-37298\" style=\"width: 1024px\" class=\"wp-caption aligncenter\"><img loading=\"lazy\" decoding=\"async\" class=\"wp-image-37298 size-large\" src=\"https:\/\/mouldking.store\/wp-content\/uploads\/2022\/12\/authorized-3588-pcs-moc-118323-pacific-gt_main-0-1024x1024.jpg\" alt=\"MOC-118323 Pacific GTEL 8500 Veranda And Fuel Tender Train With 3588 Pieces\" width=\"1024\" height=\"1024\" title=\"-\" srcset=\"https:\/\/mouldking.store\/wp-content\/uploads\/2022\/12\/authorized-3588-pcs-moc-118323-pacific-gt_main-0-1024x1024.jpg 1024w, https:\/\/mouldking.store\/wp-content\/uploads\/2022\/12\/authorized-3588-pcs-moc-118323-pacific-gt_main-0-300x300.jpg 300w, https:\/\/mouldking.store\/wp-content\/uploads\/2022\/12\/authorized-3588-pcs-moc-118323-pacific-gt_main-0-768x768.jpg 768w, https:\/\/mouldking.store\/wp-content\/uploads\/2022\/12\/authorized-3588-pcs-moc-118323-pacific-gt_main-0-600x600.jpg 600w, https:\/\/mouldking.store\/wp-content\/uploads\/2022\/12\/authorized-3588-pcs-moc-118323-pacific-gt_main-0-150x150.jpg 150w, https:\/\/mouldking.store\/wp-content\/uploads\/2022\/12\/authorized-3588-pcs-moc-118323-pacific-gt_main-0-60x60.jpg 60w, https:\/\/mouldking.store\/wp-content\/uploads\/2022\/12\/authorized-3588-pcs-moc-118323-pacific-gt_main-0-90x90.jpg 90w, https:\/\/mouldking.store\/wp-content\/uploads\/2022\/12\/authorized-3588-pcs-moc-118323-pacific-gt_main-0.jpg 1100w\" sizes=\"(max-width: 1024px) 100vw, 1024px\" \/><figcaption id=\"caption-attachment-37298\" class=\"wp-caption-text\">MOC-118323 Pacific GTEL 8500 Veranda- und Treibstofftenderzug mit 3588 Teilen<\/figcaption><\/figure>\n<figure id=\"attachment_37297\" aria-describedby=\"caption-attachment-37297\" style=\"width: 1024px\" class=\"wp-caption aligncenter\"><img loading=\"lazy\" decoding=\"async\" class=\"wp-image-37297 size-large\" src=\"https:\/\/mouldking.store\/wp-content\/uploads\/2022\/12\/authorized-3588-pcs-moc-118323-pacific-gt_main-1-1024x1024.jpg\" alt=\"MOC-118323 Pacific GTEL 8500 Veranda And Fuel Tender Train With 3588 Pieces\" width=\"1024\" height=\"1024\" title=\"-\" srcset=\"https:\/\/mouldking.store\/wp-content\/uploads\/2022\/12\/authorized-3588-pcs-moc-118323-pacific-gt_main-1-1024x1024.jpg 1024w, https:\/\/mouldking.store\/wp-content\/uploads\/2022\/12\/authorized-3588-pcs-moc-118323-pacific-gt_main-1-300x300.jpg 300w, https:\/\/mouldking.store\/wp-content\/uploads\/2022\/12\/authorized-3588-pcs-moc-118323-pacific-gt_main-1-768x768.jpg 768w, https:\/\/mouldking.store\/wp-content\/uploads\/2022\/12\/authorized-3588-pcs-moc-118323-pacific-gt_main-1-600x600.jpg 600w, https:\/\/mouldking.store\/wp-content\/uploads\/2022\/12\/authorized-3588-pcs-moc-118323-pacific-gt_main-1-150x150.jpg 150w, https:\/\/mouldking.store\/wp-content\/uploads\/2022\/12\/authorized-3588-pcs-moc-118323-pacific-gt_main-1-60x60.jpg 60w, https:\/\/mouldking.store\/wp-content\/uploads\/2022\/12\/authorized-3588-pcs-moc-118323-pacific-gt_main-1-90x90.jpg 90w, https:\/\/mouldking.store\/wp-content\/uploads\/2022\/12\/authorized-3588-pcs-moc-118323-pacific-gt_main-1.jpg 1100w\" sizes=\"(max-width: 1024px) 100vw, 1024px\" \/><figcaption id=\"caption-attachment-37297\" class=\"wp-caption-text\">MOC-118323 Pacific GTEL 8500 Veranda- und Treibstofftenderzug mit 3588 Teilen<\/figcaption><\/figure>\n<figure id=\"attachment_37296\" aria-describedby=\"caption-attachment-37296\" style=\"width: 1024px\" class=\"wp-caption aligncenter\"><img loading=\"lazy\" decoding=\"async\" class=\"wp-image-37296 size-large\" src=\"https:\/\/mouldking.store\/wp-content\/uploads\/2022\/12\/authorized-3588-pcs-moc-118323-pacific-gt_main-2-1024x1024.jpg\" alt=\"MOC-118323 Pacific GTEL 8500 Veranda And Fuel Tender Train With 3588 Pieces\" width=\"1024\" height=\"1024\" title=\"-\" srcset=\"https:\/\/mouldking.store\/wp-content\/uploads\/2022\/12\/authorized-3588-pcs-moc-118323-pacific-gt_main-2-1024x1024.jpg 1024w, https:\/\/mouldking.store\/wp-content\/uploads\/2022\/12\/authorized-3588-pcs-moc-118323-pacific-gt_main-2-300x300.jpg 300w, https:\/\/mouldking.store\/wp-content\/uploads\/2022\/12\/authorized-3588-pcs-moc-118323-pacific-gt_main-2-768x768.jpg 768w, https:\/\/mouldking.store\/wp-content\/uploads\/2022\/12\/authorized-3588-pcs-moc-118323-pacific-gt_main-2-600x600.jpg 600w, https:\/\/mouldking.store\/wp-content\/uploads\/2022\/12\/authorized-3588-pcs-moc-118323-pacific-gt_main-2-150x150.jpg 150w, https:\/\/mouldking.store\/wp-content\/uploads\/2022\/12\/authorized-3588-pcs-moc-118323-pacific-gt_main-2-60x60.jpg 60w, https:\/\/mouldking.store\/wp-content\/uploads\/2022\/12\/authorized-3588-pcs-moc-118323-pacific-gt_main-2-90x90.jpg 90w, https:\/\/mouldking.store\/wp-content\/uploads\/2022\/12\/authorized-3588-pcs-moc-118323-pacific-gt_main-2.jpg 1100w\" sizes=\"(max-width: 1024px) 100vw, 1024px\" \/><figcaption id=\"caption-attachment-37296\" class=\"wp-caption-text\">MOC-118323 Pacific GTEL 8500 Veranda- und Treibstofftenderzug mit 3588 Teilen<\/figcaption><\/figure>","protected":false},"excerpt":{"rendered":"<p>Zeiteinteilung: 4-8 Wochen<\/p>","protected":false},"featured_media":37299,"comment_status":"closed","ping_status":"closed","template":"","meta":{"_acf_changed":false},"product_cat":[1357,1406,364],"product_tag":[8921,8923,8919,8917,8925,8916,8918,8922,8924,300,8920],"class_list":["product","first","instock","shipping-taxable","purchasable","product-type-simple"],"acf":[],"_links":{"self":[{"href":"https:\/\/mouldking.store\/de\/wp-json\/wp\/v2\/product\/37295","targetHints":{"allow":["GET"]}}],"collection":[{"href":"https:\/\/mouldking.store\/de\/wp-json\/wp\/v2\/product"}],"about":[{"href":"https:\/\/mouldking.store\/de\/wp-json\/wp\/v2\/types\/product"}],"replies":[{"embeddable":true,"href":"https:\/\/mouldking.store\/de\/wp-json\/wp\/v2\/comments?post=37295"}],"wp:featuredmedia":[{"embeddable":true,"href":"https:\/\/mouldking.store\/de\/wp-json\/wp\/v2\/media\/37299"}],"wp:attachment":[{"href":"https:\/\/mouldking.store\/de\/wp-json\/wp\/v2\/media?parent=37295"}],"wp:term":[{"taxonomy":"product_cat","embeddable":true,"href":"https:\/\/mouldking.store\/de\/wp-json\/wp\/v2\/product_cat?post=37295"},{"taxonomy":"product_tag","embeddable":true,"href":"https:\/\/mouldking.store\/de\/wp-json\/wp\/v2\/product_tag?post=37295"}],"curies":[{"name":"wp","href":"https:\/\/api.w.org\/{rel}","templated":true}]}}