{"id":37310,"date":"2022-12-02T12:00:10","date_gmt":"2022-12-02T05:00:10","guid":{"rendered":"https:\/\/mouldking.store\/?post_type=product&#038;p=37310"},"modified":"2025-12-25T09:12:13","modified_gmt":"2025-12-25T02:12:13","slug":"moc-117021-rsc-2-union-pacific-train-with-117021-pieces","status":"publish","type":"product","link":"https:\/\/mouldking.store\/de\/shop\/moc-117021-rsc-2-union-pacific-train-with-117021-pieces\/","title":{"rendered":"MOC-117021 RSC-2 Union Pacific Train mit 117021 Teilen"},"content":{"rendered":"<p>Produktinformation:<\/p>\n<ol>\n<li>Marke: MOC<\/li>\n<li>Geschlecht: Unisex<\/li>\n<li>Name: RSC-2 Union Pacific Train<\/li>\n<li>Altersspanne: &gt; 6 Jahre alt<\/li>\n<li>Model Number: 117021<\/li>\n<li>Einstufung: Assemblage<\/li>\n<li>Kunststoffblockform: Selbstsichernde Steine<\/li>\n<li>Material: Kunststoff<\/li>\n<li>Kunststofftyp: ABS<\/li>\n<li>Bricks Blocks:117021 PCS<\/li>\n<li>Gr\u00f6\u00dfe: B: 43,6 L: 8,1 H: 11,2 cm<\/li>\n<li>Gewicht: 1100 g<\/li>\n<li>Enth\u00e4lt eine ausf\u00fchrliche Montageanleitung.<\/li>\n<\/ol>\n<p>Notiz:<br \/>\n1. Ohne Originalverpackung, aber wir garantieren, dass unsere Produkte eine Qualit\u00e4tssicherung und eine sch\u00f6ne Verpackung haben.<br \/>\n2. Wie alle Teile, die wir vor dem Versand \u00fcberpr\u00fcft haben, machen Sie sich keine Sorgen, wenn Sie feststellen, dass einige Teile fehlen oder besch\u00e4digt sind, und kontaktieren Sie uns einfach, und wir k\u00f6nnen sie Ihnen umgehend kostenlos erneut zusenden.<\/p>\n<figure id=\"attachment_37313\" aria-describedby=\"caption-attachment-37313\" style=\"width: 1004px\" class=\"wp-caption aligncenter\"><img fetchpriority=\"high\" decoding=\"async\" class=\"wp-image-37313 size-full\" src=\"https:\/\/mouldking.store\/wp-content\/uploads\/2022\/12\/MOC-117021-Technic-RSC-2-Union-Pacific-Train-MOC-FACTORY.png\" alt=\"MOC-117021 RSC-2 Union Pacific Train With 117021 Pieces\" width=\"1004\" height=\"1004\" title=\"-\" srcset=\"https:\/\/mouldking.store\/wp-content\/uploads\/2022\/12\/MOC-117021-Technic-RSC-2-Union-Pacific-Train-MOC-FACTORY.png 1004w, https:\/\/mouldking.store\/wp-content\/uploads\/2022\/12\/MOC-117021-Technic-RSC-2-Union-Pacific-Train-MOC-FACTORY-300x300.png 300w, https:\/\/mouldking.store\/wp-content\/uploads\/2022\/12\/MOC-117021-Technic-RSC-2-Union-Pacific-Train-MOC-FACTORY-768x768.png 768w, https:\/\/mouldking.store\/wp-content\/uploads\/2022\/12\/MOC-117021-Technic-RSC-2-Union-Pacific-Train-MOC-FACTORY-600x600.png 600w, https:\/\/mouldking.store\/wp-content\/uploads\/2022\/12\/MOC-117021-Technic-RSC-2-Union-Pacific-Train-MOC-FACTORY-150x150.png 150w, https:\/\/mouldking.store\/wp-content\/uploads\/2022\/12\/MOC-117021-Technic-RSC-2-Union-Pacific-Train-MOC-FACTORY-60x60.png 60w, https:\/\/mouldking.store\/wp-content\/uploads\/2022\/12\/MOC-117021-Technic-RSC-2-Union-Pacific-Train-MOC-FACTORY-90x90.png 90w\" sizes=\"(max-width: 1004px) 100vw, 1004px\" \/><figcaption id=\"caption-attachment-37313\" class=\"wp-caption-text\">MOC-117021 RSC-2 Union Pacific Train mit 117021 Teilen<\/figcaption><\/figure>\n<figure id=\"attachment_37314\" aria-describedby=\"caption-attachment-37314\" style=\"width: 1024px\" class=\"wp-caption aligncenter\"><img decoding=\"async\" class=\"wp-image-37314 size-large\" src=\"https:\/\/mouldking.store\/wp-content\/uploads\/2022\/12\/authorized-1283-pcs-moc-117021-rsc-2-unio_main-4-1024x1024.jpg\" alt=\"MOC-117021 RSC-2 Union Pacific Train With 117021 Pieces\" width=\"1024\" height=\"1024\" title=\"-\" srcset=\"https:\/\/mouldking.store\/wp-content\/uploads\/2022\/12\/authorized-1283-pcs-moc-117021-rsc-2-unio_main-4-1024x1024.jpg 1024w, https:\/\/mouldking.store\/wp-content\/uploads\/2022\/12\/authorized-1283-pcs-moc-117021-rsc-2-unio_main-4-300x300.jpg 300w, https:\/\/mouldking.store\/wp-content\/uploads\/2022\/12\/authorized-1283-pcs-moc-117021-rsc-2-unio_main-4-768x768.jpg 768w, https:\/\/mouldking.store\/wp-content\/uploads\/2022\/12\/authorized-1283-pcs-moc-117021-rsc-2-unio_main-4-600x600.jpg 600w, https:\/\/mouldking.store\/wp-content\/uploads\/2022\/12\/authorized-1283-pcs-moc-117021-rsc-2-unio_main-4-150x150.jpg 150w, https:\/\/mouldking.store\/wp-content\/uploads\/2022\/12\/authorized-1283-pcs-moc-117021-rsc-2-unio_main-4-60x60.jpg 60w, https:\/\/mouldking.store\/wp-content\/uploads\/2022\/12\/authorized-1283-pcs-moc-117021-rsc-2-unio_main-4-90x90.jpg 90w, https:\/\/mouldking.store\/wp-content\/uploads\/2022\/12\/authorized-1283-pcs-moc-117021-rsc-2-unio_main-4.jpg 1100w\" sizes=\"(max-width: 1024px) 100vw, 1024px\" \/><figcaption id=\"caption-attachment-37314\" class=\"wp-caption-text\">MOC-117021 RSC-2 Union Pacific Train mit 117021 Teilen<\/figcaption><\/figure>\n<figure id=\"attachment_37315\" aria-describedby=\"caption-attachment-37315\" style=\"width: 1024px\" class=\"wp-caption aligncenter\"><img decoding=\"async\" class=\"wp-image-37315 size-large\" src=\"https:\/\/mouldking.store\/wp-content\/uploads\/2022\/12\/authorized-1283-pcs-moc-117021-rsc-2-unio_main-3-1024x1024.jpg\" alt=\"MOC-117021 RSC-2 Union Pacific Train With 117021 Pieces\" width=\"1024\" height=\"1024\" title=\"-\" srcset=\"https:\/\/mouldking.store\/wp-content\/uploads\/2022\/12\/authorized-1283-pcs-moc-117021-rsc-2-unio_main-3-1024x1024.jpg 1024w, https:\/\/mouldking.store\/wp-content\/uploads\/2022\/12\/authorized-1283-pcs-moc-117021-rsc-2-unio_main-3-300x300.jpg 300w, https:\/\/mouldking.store\/wp-content\/uploads\/2022\/12\/authorized-1283-pcs-moc-117021-rsc-2-unio_main-3-768x768.jpg 768w, https:\/\/mouldking.store\/wp-content\/uploads\/2022\/12\/authorized-1283-pcs-moc-117021-rsc-2-unio_main-3-600x600.jpg 600w, https:\/\/mouldking.store\/wp-content\/uploads\/2022\/12\/authorized-1283-pcs-moc-117021-rsc-2-unio_main-3-150x150.jpg 150w, https:\/\/mouldking.store\/wp-content\/uploads\/2022\/12\/authorized-1283-pcs-moc-117021-rsc-2-unio_main-3-60x60.jpg 60w, https:\/\/mouldking.store\/wp-content\/uploads\/2022\/12\/authorized-1283-pcs-moc-117021-rsc-2-unio_main-3-90x90.jpg 90w, https:\/\/mouldking.store\/wp-content\/uploads\/2022\/12\/authorized-1283-pcs-moc-117021-rsc-2-unio_main-3.jpg 1100w\" sizes=\"(max-width: 1024px) 100vw, 1024px\" \/><figcaption id=\"caption-attachment-37315\" class=\"wp-caption-text\">MOC-117021 RSC-2 Union Pacific Train mit 117021 Teilen<\/figcaption><\/figure>\n<figure id=\"attachment_37316\" aria-describedby=\"caption-attachment-37316\" style=\"width: 1024px\" class=\"wp-caption aligncenter\"><img loading=\"lazy\" decoding=\"async\" class=\"wp-image-37316 size-large\" src=\"https:\/\/mouldking.store\/wp-content\/uploads\/2022\/12\/authorized-1283-pcs-moc-117021-rsc-2-unio_main-2-1024x1024.jpg\" alt=\"MOC-117021 RSC-2 Union Pacific Train With 117021 Pieces\" width=\"1024\" height=\"1024\" title=\"-\" srcset=\"https:\/\/mouldking.store\/wp-content\/uploads\/2022\/12\/authorized-1283-pcs-moc-117021-rsc-2-unio_main-2-1024x1024.jpg 1024w, https:\/\/mouldking.store\/wp-content\/uploads\/2022\/12\/authorized-1283-pcs-moc-117021-rsc-2-unio_main-2-300x300.jpg 300w, https:\/\/mouldking.store\/wp-content\/uploads\/2022\/12\/authorized-1283-pcs-moc-117021-rsc-2-unio_main-2-768x768.jpg 768w, https:\/\/mouldking.store\/wp-content\/uploads\/2022\/12\/authorized-1283-pcs-moc-117021-rsc-2-unio_main-2-600x600.jpg 600w, https:\/\/mouldking.store\/wp-content\/uploads\/2022\/12\/authorized-1283-pcs-moc-117021-rsc-2-unio_main-2-150x150.jpg 150w, https:\/\/mouldking.store\/wp-content\/uploads\/2022\/12\/authorized-1283-pcs-moc-117021-rsc-2-unio_main-2-60x60.jpg 60w, https:\/\/mouldking.store\/wp-content\/uploads\/2022\/12\/authorized-1283-pcs-moc-117021-rsc-2-unio_main-2-90x90.jpg 90w, https:\/\/mouldking.store\/wp-content\/uploads\/2022\/12\/authorized-1283-pcs-moc-117021-rsc-2-unio_main-2.jpg 1100w\" sizes=\"(max-width: 1024px) 100vw, 1024px\" \/><figcaption id=\"caption-attachment-37316\" class=\"wp-caption-text\">MOC-117021 RSC-2 Union Pacific Train mit 117021 Teilen<\/figcaption><\/figure>\n<figure id=\"attachment_37312\" aria-describedby=\"caption-attachment-37312\" style=\"width: 1024px\" class=\"wp-caption aligncenter\"><img loading=\"lazy\" decoding=\"async\" class=\"wp-image-37312 size-large\" src=\"https:\/\/mouldking.store\/wp-content\/uploads\/2022\/12\/authorized-1283-pcs-moc-117021-rsc-2-unio_main-0-1024x1024.jpg\" alt=\"MOC-117021 RSC-2 Union Pacific Train With 117021 Pieces\" width=\"1024\" height=\"1024\" title=\"-\" srcset=\"https:\/\/mouldking.store\/wp-content\/uploads\/2022\/12\/authorized-1283-pcs-moc-117021-rsc-2-unio_main-0-1024x1024.jpg 1024w, https:\/\/mouldking.store\/wp-content\/uploads\/2022\/12\/authorized-1283-pcs-moc-117021-rsc-2-unio_main-0-300x300.jpg 300w, https:\/\/mouldking.store\/wp-content\/uploads\/2022\/12\/authorized-1283-pcs-moc-117021-rsc-2-unio_main-0-768x768.jpg 768w, https:\/\/mouldking.store\/wp-content\/uploads\/2022\/12\/authorized-1283-pcs-moc-117021-rsc-2-unio_main-0-600x600.jpg 600w, https:\/\/mouldking.store\/wp-content\/uploads\/2022\/12\/authorized-1283-pcs-moc-117021-rsc-2-unio_main-0-150x150.jpg 150w, https:\/\/mouldking.store\/wp-content\/uploads\/2022\/12\/authorized-1283-pcs-moc-117021-rsc-2-unio_main-0-60x60.jpg 60w, https:\/\/mouldking.store\/wp-content\/uploads\/2022\/12\/authorized-1283-pcs-moc-117021-rsc-2-unio_main-0-90x90.jpg 90w, https:\/\/mouldking.store\/wp-content\/uploads\/2022\/12\/authorized-1283-pcs-moc-117021-rsc-2-unio_main-0.jpg 1100w\" sizes=\"(max-width: 1024px) 100vw, 1024px\" \/><figcaption id=\"caption-attachment-37312\" class=\"wp-caption-text\">MOC-117021 RSC-2 Union Pacific Train mit 117021 Teilen<\/figcaption><\/figure>\n<figure id=\"attachment_37311\" aria-describedby=\"caption-attachment-37311\" style=\"width: 1024px\" class=\"wp-caption aligncenter\"><img loading=\"lazy\" decoding=\"async\" class=\"wp-image-37311 size-large\" src=\"https:\/\/mouldking.store\/wp-content\/uploads\/2022\/12\/authorized-1283-pcs-moc-117021-rsc-2-unio_main-1-1024x1024.jpg\" alt=\"MOC-117021 RSC-2 Union Pacific Train With 117021 Pieces\" width=\"1024\" height=\"1024\" title=\"-\" srcset=\"https:\/\/mouldking.store\/wp-content\/uploads\/2022\/12\/authorized-1283-pcs-moc-117021-rsc-2-unio_main-1-1024x1024.jpg 1024w, https:\/\/mouldking.store\/wp-content\/uploads\/2022\/12\/authorized-1283-pcs-moc-117021-rsc-2-unio_main-1-300x300.jpg 300w, https:\/\/mouldking.store\/wp-content\/uploads\/2022\/12\/authorized-1283-pcs-moc-117021-rsc-2-unio_main-1-768x768.jpg 768w, https:\/\/mouldking.store\/wp-content\/uploads\/2022\/12\/authorized-1283-pcs-moc-117021-rsc-2-unio_main-1-600x600.jpg 600w, https:\/\/mouldking.store\/wp-content\/uploads\/2022\/12\/authorized-1283-pcs-moc-117021-rsc-2-unio_main-1-150x150.jpg 150w, https:\/\/mouldking.store\/wp-content\/uploads\/2022\/12\/authorized-1283-pcs-moc-117021-rsc-2-unio_main-1-60x60.jpg 60w, https:\/\/mouldking.store\/wp-content\/uploads\/2022\/12\/authorized-1283-pcs-moc-117021-rsc-2-unio_main-1-90x90.jpg 90w, https:\/\/mouldking.store\/wp-content\/uploads\/2022\/12\/authorized-1283-pcs-moc-117021-rsc-2-unio_main-1.jpg 1100w\" sizes=\"(max-width: 1024px) 100vw, 1024px\" \/><figcaption id=\"caption-attachment-37311\" class=\"wp-caption-text\">MOC-117021 RSC-2 Union Pacific Train mit 117021 Teilen<\/figcaption><\/figure>","protected":false},"excerpt":{"rendered":"<p>Zeiteinteilung: 4-8 Wochen<\/p>","protected":false},"featured_media":37313,"comment_status":"closed","ping_status":"closed","template":"","meta":{"_acf_changed":false},"product_cat":[1357,1406,364],"product_tag":[8934,8938,8933,8918,8928,8936,300,8935,8937],"class_list":["product","first","instock","shipping-taxable","purchasable","product-type-simple"],"acf":[],"_links":{"self":[{"href":"https:\/\/mouldking.store\/de\/wp-json\/wp\/v2\/product\/37310","targetHints":{"allow":["GET"]}}],"collection":[{"href":"https:\/\/mouldking.store\/de\/wp-json\/wp\/v2\/product"}],"about":[{"href":"https:\/\/mouldking.store\/de\/wp-json\/wp\/v2\/types\/product"}],"replies":[{"embeddable":true,"href":"https:\/\/mouldking.store\/de\/wp-json\/wp\/v2\/comments?post=37310"}],"wp:featuredmedia":[{"embeddable":true,"href":"https:\/\/mouldking.store\/de\/wp-json\/wp\/v2\/media\/37313"}],"wp:attachment":[{"href":"https:\/\/mouldking.store\/de\/wp-json\/wp\/v2\/media?parent=37310"}],"wp:term":[{"taxonomy":"product_cat","embeddable":true,"href":"https:\/\/mouldking.store\/de\/wp-json\/wp\/v2\/product_cat?post=37310"},{"taxonomy":"product_tag","embeddable":true,"href":"https:\/\/mouldking.store\/de\/wp-json\/wp\/v2\/product_tag?post=37310"}],"curies":[{"name":"wp","href":"https:\/\/api.w.org\/{rel}","templated":true}]}}