{"id":37381,"date":"2022-12-06T17:27:58","date_gmt":"2022-12-06T10:27:58","guid":{"rendered":"https:\/\/mouldking.store\/?post_type=product&#038;p=37381"},"modified":"2025-12-25T09:12:13","modified_gmt":"2025-12-25T02:12:13","slug":"moc-115684-horizon-forbidden-west-cervus-machina-with-162-pieces","status":"publish","type":"product","link":"https:\/\/mouldking.store\/de\/shop\/moc-115684-horizon-forbidden-west-cervus-machina-with-162-pieces\/","title":{"rendered":"MOC-115684 Horizon Forbidden West Cervus Machina mit 162 Teilen"},"content":{"rendered":"<p>Produktinformation:<\/p>\n<ol>\n<li>Marke: MOC<\/li>\n<li>Geschlecht: Unisex<\/li>\n<li>Name: Horizon Forbidden West Cervus Machina<\/li>\n<li>Altersspanne: &gt; 6 Jahre alt<\/li>\n<li>Model Number: 115684<\/li>\n<li>Einstufung: Assemblage<\/li>\n<li>Kunststoffblockform: Selbstsichernde Steine<\/li>\n<li>Material: Kunststoff<\/li>\n<li>Kunststofftyp: ABS<\/li>\n<li>Bricks Blocks:162 PCS<\/li>\n<li>Size: 8 x 6 x 12 cm<\/li>\n<li>Weight: \u00a00.24 kg<\/li>\n<li>Enth\u00e4lt eine ausf\u00fchrliche Montageanleitung.<\/li>\n<\/ol>\n<p>Notiz:<br \/>\n1. Ohne Originalverpackung, aber wir garantieren, dass unsere Produkte eine Qualit\u00e4tssicherung und eine sch\u00f6ne Verpackung haben.<br \/>\n2. Wie alle Teile, die wir vor dem Versand \u00fcberpr\u00fcft haben, machen Sie sich keine Sorgen, wenn Sie feststellen, dass einige Teile fehlen oder besch\u00e4digt sind, und kontaktieren Sie uns einfach, und wir k\u00f6nnen sie Ihnen umgehend kostenlos erneut zusenden.<\/p>\n<figure id=\"attachment_37382\" aria-describedby=\"caption-attachment-37382\" style=\"width: 1004px\" class=\"wp-caption aligncenter\"><img fetchpriority=\"high\" decoding=\"async\" class=\"wp-image-37382 size-full\" src=\"https:\/\/mouldking.store\/wp-content\/uploads\/2022\/12\/MOC-115684-Creator-Horizon-Forbidden-West-Cervus-Machina-MOC-FACTORY.png\" alt=\"MOC-115684 Horizon Forbidden West Cervus Machina With 162 Pieces\" width=\"1004\" height=\"1004\" title=\"-\" srcset=\"https:\/\/mouldking.store\/wp-content\/uploads\/2022\/12\/MOC-115684-Creator-Horizon-Forbidden-West-Cervus-Machina-MOC-FACTORY.png 1004w, https:\/\/mouldking.store\/wp-content\/uploads\/2022\/12\/MOC-115684-Creator-Horizon-Forbidden-West-Cervus-Machina-MOC-FACTORY-300x300.png 300w, https:\/\/mouldking.store\/wp-content\/uploads\/2022\/12\/MOC-115684-Creator-Horizon-Forbidden-West-Cervus-Machina-MOC-FACTORY-768x768.png 768w, https:\/\/mouldking.store\/wp-content\/uploads\/2022\/12\/MOC-115684-Creator-Horizon-Forbidden-West-Cervus-Machina-MOC-FACTORY-600x600.png 600w, https:\/\/mouldking.store\/wp-content\/uploads\/2022\/12\/MOC-115684-Creator-Horizon-Forbidden-West-Cervus-Machina-MOC-FACTORY-150x150.png 150w, https:\/\/mouldking.store\/wp-content\/uploads\/2022\/12\/MOC-115684-Creator-Horizon-Forbidden-West-Cervus-Machina-MOC-FACTORY-60x60.png 60w, https:\/\/mouldking.store\/wp-content\/uploads\/2022\/12\/MOC-115684-Creator-Horizon-Forbidden-West-Cervus-Machina-MOC-FACTORY-90x90.png 90w\" sizes=\"(max-width: 1004px) 100vw, 1004px\" \/><figcaption id=\"caption-attachment-37382\" class=\"wp-caption-text\">MOC-115684 Horizon Forbidden West Cervus Machina mit 162 Teilen<\/figcaption><\/figure>\n<figure id=\"attachment_37383\" aria-describedby=\"caption-attachment-37383\" style=\"width: 1000px\" class=\"wp-caption aligncenter\"><img decoding=\"async\" class=\"wp-image-37383 size-full\" src=\"https:\/\/mouldking.store\/wp-content\/uploads\/2022\/12\/MOC-115684-Horizon-Forbidden-West-Cervus-Machina-4.jpg\" alt=\"MOC-115684 Horizon Forbidden West Cervus Machina With 162 Pieces\" width=\"1000\" height=\"1000\" title=\"-\" srcset=\"https:\/\/mouldking.store\/wp-content\/uploads\/2022\/12\/MOC-115684-Horizon-Forbidden-West-Cervus-Machina-4.jpg 1000w, https:\/\/mouldking.store\/wp-content\/uploads\/2022\/12\/MOC-115684-Horizon-Forbidden-West-Cervus-Machina-4-300x300.jpg 300w, https:\/\/mouldking.store\/wp-content\/uploads\/2022\/12\/MOC-115684-Horizon-Forbidden-West-Cervus-Machina-4-768x768.jpg 768w, https:\/\/mouldking.store\/wp-content\/uploads\/2022\/12\/MOC-115684-Horizon-Forbidden-West-Cervus-Machina-4-600x600.jpg 600w, https:\/\/mouldking.store\/wp-content\/uploads\/2022\/12\/MOC-115684-Horizon-Forbidden-West-Cervus-Machina-4-150x150.jpg 150w, https:\/\/mouldking.store\/wp-content\/uploads\/2022\/12\/MOC-115684-Horizon-Forbidden-West-Cervus-Machina-4-60x60.jpg 60w, https:\/\/mouldking.store\/wp-content\/uploads\/2022\/12\/MOC-115684-Horizon-Forbidden-West-Cervus-Machina-4-90x90.jpg 90w\" sizes=\"(max-width: 1000px) 100vw, 1000px\" \/><figcaption id=\"caption-attachment-37383\" class=\"wp-caption-text\">MOC-115684 Horizon Forbidden West Cervus Machina mit 162 Teilen<\/figcaption><\/figure>\n<figure id=\"attachment_37384\" aria-describedby=\"caption-attachment-37384\" style=\"width: 1000px\" class=\"wp-caption aligncenter\"><img decoding=\"async\" class=\"wp-image-37384 size-full\" src=\"https:\/\/mouldking.store\/wp-content\/uploads\/2022\/12\/MOC-115684-Horizon-Forbidden-West-Cervus-Machina-3.jpg\" alt=\"MOC-115684 Horizon Forbidden West Cervus Machina With 162 Pieces\" width=\"1000\" height=\"1000\" title=\"-\" srcset=\"https:\/\/mouldking.store\/wp-content\/uploads\/2022\/12\/MOC-115684-Horizon-Forbidden-West-Cervus-Machina-3.jpg 1000w, https:\/\/mouldking.store\/wp-content\/uploads\/2022\/12\/MOC-115684-Horizon-Forbidden-West-Cervus-Machina-3-300x300.jpg 300w, https:\/\/mouldking.store\/wp-content\/uploads\/2022\/12\/MOC-115684-Horizon-Forbidden-West-Cervus-Machina-3-768x768.jpg 768w, https:\/\/mouldking.store\/wp-content\/uploads\/2022\/12\/MOC-115684-Horizon-Forbidden-West-Cervus-Machina-3-600x600.jpg 600w, https:\/\/mouldking.store\/wp-content\/uploads\/2022\/12\/MOC-115684-Horizon-Forbidden-West-Cervus-Machina-3-150x150.jpg 150w, https:\/\/mouldking.store\/wp-content\/uploads\/2022\/12\/MOC-115684-Horizon-Forbidden-West-Cervus-Machina-3-60x60.jpg 60w, https:\/\/mouldking.store\/wp-content\/uploads\/2022\/12\/MOC-115684-Horizon-Forbidden-West-Cervus-Machina-3-90x90.jpg 90w\" sizes=\"(max-width: 1000px) 100vw, 1000px\" \/><figcaption id=\"caption-attachment-37384\" class=\"wp-caption-text\">MOC-115684 Horizon Forbidden West Cervus Machina mit 162 Teilen<\/figcaption><\/figure>\n<figure id=\"attachment_37385\" aria-describedby=\"caption-attachment-37385\" style=\"width: 1000px\" class=\"wp-caption aligncenter\"><img loading=\"lazy\" decoding=\"async\" class=\"wp-image-37385 size-full\" src=\"https:\/\/mouldking.store\/wp-content\/uploads\/2022\/12\/MOC-115684-Horizon-Forbidden-West-Cervus-Machina-2.jpg\" alt=\"MOC-115684 Horizon Forbidden West Cervus Machina With 162 Pieces\" width=\"1000\" height=\"1000\" title=\"-\" srcset=\"https:\/\/mouldking.store\/wp-content\/uploads\/2022\/12\/MOC-115684-Horizon-Forbidden-West-Cervus-Machina-2.jpg 1000w, https:\/\/mouldking.store\/wp-content\/uploads\/2022\/12\/MOC-115684-Horizon-Forbidden-West-Cervus-Machina-2-300x300.jpg 300w, https:\/\/mouldking.store\/wp-content\/uploads\/2022\/12\/MOC-115684-Horizon-Forbidden-West-Cervus-Machina-2-768x768.jpg 768w, https:\/\/mouldking.store\/wp-content\/uploads\/2022\/12\/MOC-115684-Horizon-Forbidden-West-Cervus-Machina-2-600x600.jpg 600w, https:\/\/mouldking.store\/wp-content\/uploads\/2022\/12\/MOC-115684-Horizon-Forbidden-West-Cervus-Machina-2-150x150.jpg 150w, https:\/\/mouldking.store\/wp-content\/uploads\/2022\/12\/MOC-115684-Horizon-Forbidden-West-Cervus-Machina-2-60x60.jpg 60w, https:\/\/mouldking.store\/wp-content\/uploads\/2022\/12\/MOC-115684-Horizon-Forbidden-West-Cervus-Machina-2-90x90.jpg 90w\" sizes=\"(max-width: 1000px) 100vw, 1000px\" \/><figcaption id=\"caption-attachment-37385\" class=\"wp-caption-text\">MOC-115684 Horizon Forbidden West Cervus Machina mit 162 Teilen<\/figcaption><\/figure>\n<figure id=\"attachment_37386\" aria-describedby=\"caption-attachment-37386\" style=\"width: 1000px\" class=\"wp-caption aligncenter\"><img loading=\"lazy\" decoding=\"async\" class=\"wp-image-37386 size-full\" src=\"https:\/\/mouldking.store\/wp-content\/uploads\/2022\/12\/MOC-115684-Horizon-Forbidden-West-Cervus-Machina-1.jpg\" alt=\"MOC-115684 Horizon Forbidden West Cervus Machina With 162 Pieces\" width=\"1000\" height=\"1000\" title=\"-\" srcset=\"https:\/\/mouldking.store\/wp-content\/uploads\/2022\/12\/MOC-115684-Horizon-Forbidden-West-Cervus-Machina-1.jpg 1000w, https:\/\/mouldking.store\/wp-content\/uploads\/2022\/12\/MOC-115684-Horizon-Forbidden-West-Cervus-Machina-1-300x300.jpg 300w, https:\/\/mouldking.store\/wp-content\/uploads\/2022\/12\/MOC-115684-Horizon-Forbidden-West-Cervus-Machina-1-768x768.jpg 768w, https:\/\/mouldking.store\/wp-content\/uploads\/2022\/12\/MOC-115684-Horizon-Forbidden-West-Cervus-Machina-1-600x600.jpg 600w, https:\/\/mouldking.store\/wp-content\/uploads\/2022\/12\/MOC-115684-Horizon-Forbidden-West-Cervus-Machina-1-150x150.jpg 150w, https:\/\/mouldking.store\/wp-content\/uploads\/2022\/12\/MOC-115684-Horizon-Forbidden-West-Cervus-Machina-1-60x60.jpg 60w, https:\/\/mouldking.store\/wp-content\/uploads\/2022\/12\/MOC-115684-Horizon-Forbidden-West-Cervus-Machina-1-90x90.jpg 90w\" sizes=\"(max-width: 1000px) 100vw, 1000px\" \/><figcaption id=\"caption-attachment-37386\" class=\"wp-caption-text\">MOC-115684 Horizon Forbidden West Cervus Machina mit 162 Teilen<\/figcaption><\/figure>","protected":false},"excerpt":{"rendered":"<p>Product information: Brand: MOC Gender: Unisex Name: Horizon Forbidden West Cervus Machina Age Range: &gt; 6 years old Model Number: 115684 Classification: Assemblage Plastic Block Shape: Self-Locking Bricks Material: Plastic Plastic Type: ABS Bricks Blocks:162 PCS Size: 8 x 6 x 12 cm Weight: \u00a00.24 kg Contains detailed assembly instructions. Notice: 1. Without an original [&hellip;]<\/p>","protected":false},"featured_media":37382,"comment_status":"closed","ping_status":"closed","template":"","meta":{"_acf_changed":false},"product_cat":[1365,1406,371],"product_tag":[8956,8958,8957,8960,5606,8959,430,8961,8962,8955],"class_list":["product","first","instock","shipping-taxable","purchasable","product-type-simple"],"acf":[],"_links":{"self":[{"href":"https:\/\/mouldking.store\/de\/wp-json\/wp\/v2\/product\/37381","targetHints":{"allow":["GET"]}}],"collection":[{"href":"https:\/\/mouldking.store\/de\/wp-json\/wp\/v2\/product"}],"about":[{"href":"https:\/\/mouldking.store\/de\/wp-json\/wp\/v2\/types\/product"}],"replies":[{"embeddable":true,"href":"https:\/\/mouldking.store\/de\/wp-json\/wp\/v2\/comments?post=37381"}],"wp:featuredmedia":[{"embeddable":true,"href":"https:\/\/mouldking.store\/de\/wp-json\/wp\/v2\/media\/37382"}],"wp:attachment":[{"href":"https:\/\/mouldking.store\/de\/wp-json\/wp\/v2\/media?parent=37381"}],"wp:term":[{"taxonomy":"product_cat","embeddable":true,"href":"https:\/\/mouldking.store\/de\/wp-json\/wp\/v2\/product_cat?post=37381"},{"taxonomy":"product_tag","embeddable":true,"href":"https:\/\/mouldking.store\/de\/wp-json\/wp\/v2\/product_tag?post=37381"}],"curies":[{"name":"wp","href":"https:\/\/api.w.org\/{rel}","templated":true}]}}