{"id":37388,"date":"2022-12-06T17:34:59","date_gmt":"2022-12-06T10:34:59","guid":{"rendered":"https:\/\/mouldking.store\/?post_type=product&#038;p=37388"},"modified":"2025-12-25T09:12:13","modified_gmt":"2025-12-25T02:12:13","slug":"moc-124102-horizon-forbidden-west-slitherfang-with-1431-pieces","status":"publish","type":"product","link":"https:\/\/mouldking.store\/de\/shop\/moc-124102-horizon-forbidden-west-slitherfang-with-1431-pieces\/","title":{"rendered":"MOC-124102 Horizon Forbidden West Slitherfang mit 1431 Teilen"},"content":{"rendered":"<p>Produktinformation:<\/p>\n<ol>\n<li>Marke: MOC<\/li>\n<li>Geschlecht: Unisex<\/li>\n<li>Name: Horizon Forbidden West Slitherfang<\/li>\n<li>Altersspanne: &gt; 6 Jahre alt<\/li>\n<li>Model Number: 124102<\/li>\n<li>Einstufung: Assemblage<\/li>\n<li>Kunststoffblockform: Selbstsichernde Steine<\/li>\n<li>Material: Kunststoff<\/li>\n<li>Kunststofftyp: ABS<\/li>\n<li>Bricks Blocks:1431 PCS<\/li>\n<li>Size: 52.8 x 28.7 x 44.2 cm<\/li>\n<li>Gewicht: 0,93 kg<\/li>\n<li>Enth\u00e4lt eine ausf\u00fchrliche Montageanleitung.<\/li>\n<\/ol>\n<p>Notiz:<br \/>\n1. Ohne Originalverpackung, aber wir garantieren, dass unsere Produkte eine Qualit\u00e4tssicherung und eine sch\u00f6ne Verpackung haben.<br \/>\n2. Wie alle Teile, die wir vor dem Versand \u00fcberpr\u00fcft haben, machen Sie sich keine Sorgen, wenn Sie feststellen, dass einige Teile fehlen oder besch\u00e4digt sind, und kontaktieren Sie uns einfach, und wir k\u00f6nnen sie Ihnen umgehend kostenlos erneut zusenden.<\/p>\n<figure id=\"attachment_37389\" aria-describedby=\"caption-attachment-37389\" style=\"width: 1004px\" class=\"wp-caption aligncenter\"><img fetchpriority=\"high\" decoding=\"async\" class=\"wp-image-37389 size-full\" src=\"https:\/\/mouldking.store\/wp-content\/uploads\/2022\/12\/MOC-124102-Creator-Horizon-Forbidden-West-Slitherfang-MOC-FACTORY.png\" alt=\"MOC-124102 Horizon Forbidden West Slitherfang With 1431 Pieces\" width=\"1004\" height=\"1004\" title=\"-\" srcset=\"https:\/\/mouldking.store\/wp-content\/uploads\/2022\/12\/MOC-124102-Creator-Horizon-Forbidden-West-Slitherfang-MOC-FACTORY.png 1004w, https:\/\/mouldking.store\/wp-content\/uploads\/2022\/12\/MOC-124102-Creator-Horizon-Forbidden-West-Slitherfang-MOC-FACTORY-300x300.png 300w, https:\/\/mouldking.store\/wp-content\/uploads\/2022\/12\/MOC-124102-Creator-Horizon-Forbidden-West-Slitherfang-MOC-FACTORY-768x768.png 768w, https:\/\/mouldking.store\/wp-content\/uploads\/2022\/12\/MOC-124102-Creator-Horizon-Forbidden-West-Slitherfang-MOC-FACTORY-600x600.png 600w, https:\/\/mouldking.store\/wp-content\/uploads\/2022\/12\/MOC-124102-Creator-Horizon-Forbidden-West-Slitherfang-MOC-FACTORY-150x150.png 150w, https:\/\/mouldking.store\/wp-content\/uploads\/2022\/12\/MOC-124102-Creator-Horizon-Forbidden-West-Slitherfang-MOC-FACTORY-60x60.png 60w, https:\/\/mouldking.store\/wp-content\/uploads\/2022\/12\/MOC-124102-Creator-Horizon-Forbidden-West-Slitherfang-MOC-FACTORY-90x90.png 90w\" sizes=\"(max-width: 1004px) 100vw, 1004px\" \/><figcaption id=\"caption-attachment-37389\" class=\"wp-caption-text\">MOC-124102 Horizon Forbidden West Slitherfang mit 1431 Teilen<\/figcaption><\/figure>\n<figure id=\"attachment_37390\" aria-describedby=\"caption-attachment-37390\" style=\"width: 1000px\" class=\"wp-caption aligncenter\"><img decoding=\"async\" class=\"wp-image-37390 size-full\" src=\"https:\/\/mouldking.store\/wp-content\/uploads\/2022\/12\/MOC-124102-Horizon-Forbidden-West-Slitherfang-7.jpg\" alt=\"MOC-124102 Horizon Forbidden West Slitherfang With 1431 Pieces\" width=\"1000\" height=\"1000\" title=\"-\" srcset=\"https:\/\/mouldking.store\/wp-content\/uploads\/2022\/12\/MOC-124102-Horizon-Forbidden-West-Slitherfang-7.jpg 1000w, https:\/\/mouldking.store\/wp-content\/uploads\/2022\/12\/MOC-124102-Horizon-Forbidden-West-Slitherfang-7-300x300.jpg 300w, https:\/\/mouldking.store\/wp-content\/uploads\/2022\/12\/MOC-124102-Horizon-Forbidden-West-Slitherfang-7-768x768.jpg 768w, https:\/\/mouldking.store\/wp-content\/uploads\/2022\/12\/MOC-124102-Horizon-Forbidden-West-Slitherfang-7-600x600.jpg 600w, https:\/\/mouldking.store\/wp-content\/uploads\/2022\/12\/MOC-124102-Horizon-Forbidden-West-Slitherfang-7-150x150.jpg 150w, https:\/\/mouldking.store\/wp-content\/uploads\/2022\/12\/MOC-124102-Horizon-Forbidden-West-Slitherfang-7-60x60.jpg 60w, https:\/\/mouldking.store\/wp-content\/uploads\/2022\/12\/MOC-124102-Horizon-Forbidden-West-Slitherfang-7-90x90.jpg 90w\" sizes=\"(max-width: 1000px) 100vw, 1000px\" \/><figcaption id=\"caption-attachment-37390\" class=\"wp-caption-text\">MOC-124102 Horizon Forbidden West Slitherfang mit 1431 Teilen<\/figcaption><\/figure>\n<figure id=\"attachment_37391\" aria-describedby=\"caption-attachment-37391\" style=\"width: 1000px\" class=\"wp-caption aligncenter\"><img decoding=\"async\" class=\"wp-image-37391 size-full\" src=\"https:\/\/mouldking.store\/wp-content\/uploads\/2022\/12\/MOC-124102-Horizon-Forbidden-West-Slitherfang-6.jpg\" alt=\"MOC-124102 Horizon Forbidden West Slitherfang With 1431 Pieces\" width=\"1000\" height=\"1000\" title=\"-\" srcset=\"https:\/\/mouldking.store\/wp-content\/uploads\/2022\/12\/MOC-124102-Horizon-Forbidden-West-Slitherfang-6.jpg 1000w, https:\/\/mouldking.store\/wp-content\/uploads\/2022\/12\/MOC-124102-Horizon-Forbidden-West-Slitherfang-6-300x300.jpg 300w, https:\/\/mouldking.store\/wp-content\/uploads\/2022\/12\/MOC-124102-Horizon-Forbidden-West-Slitherfang-6-768x768.jpg 768w, https:\/\/mouldking.store\/wp-content\/uploads\/2022\/12\/MOC-124102-Horizon-Forbidden-West-Slitherfang-6-600x600.jpg 600w, https:\/\/mouldking.store\/wp-content\/uploads\/2022\/12\/MOC-124102-Horizon-Forbidden-West-Slitherfang-6-150x150.jpg 150w, https:\/\/mouldking.store\/wp-content\/uploads\/2022\/12\/MOC-124102-Horizon-Forbidden-West-Slitherfang-6-60x60.jpg 60w, https:\/\/mouldking.store\/wp-content\/uploads\/2022\/12\/MOC-124102-Horizon-Forbidden-West-Slitherfang-6-90x90.jpg 90w\" sizes=\"(max-width: 1000px) 100vw, 1000px\" \/><figcaption id=\"caption-attachment-37391\" class=\"wp-caption-text\">MOC-124102 Horizon Forbidden West Slitherfang mit 1431 Teilen<\/figcaption><\/figure>\n<figure id=\"attachment_37392\" aria-describedby=\"caption-attachment-37392\" style=\"width: 1000px\" class=\"wp-caption aligncenter\"><img loading=\"lazy\" decoding=\"async\" class=\"wp-image-37392 size-full\" src=\"https:\/\/mouldking.store\/wp-content\/uploads\/2022\/12\/MOC-124102-Horizon-Forbidden-West-Slitherfang-5.jpg\" alt=\"MOC-124102 Horizon Forbidden West Slitherfang With 1431 Pieces\" width=\"1000\" height=\"1000\" title=\"-\" srcset=\"https:\/\/mouldking.store\/wp-content\/uploads\/2022\/12\/MOC-124102-Horizon-Forbidden-West-Slitherfang-5.jpg 1000w, https:\/\/mouldking.store\/wp-content\/uploads\/2022\/12\/MOC-124102-Horizon-Forbidden-West-Slitherfang-5-300x300.jpg 300w, https:\/\/mouldking.store\/wp-content\/uploads\/2022\/12\/MOC-124102-Horizon-Forbidden-West-Slitherfang-5-768x768.jpg 768w, https:\/\/mouldking.store\/wp-content\/uploads\/2022\/12\/MOC-124102-Horizon-Forbidden-West-Slitherfang-5-600x600.jpg 600w, https:\/\/mouldking.store\/wp-content\/uploads\/2022\/12\/MOC-124102-Horizon-Forbidden-West-Slitherfang-5-150x150.jpg 150w, https:\/\/mouldking.store\/wp-content\/uploads\/2022\/12\/MOC-124102-Horizon-Forbidden-West-Slitherfang-5-60x60.jpg 60w, https:\/\/mouldking.store\/wp-content\/uploads\/2022\/12\/MOC-124102-Horizon-Forbidden-West-Slitherfang-5-90x90.jpg 90w\" sizes=\"(max-width: 1000px) 100vw, 1000px\" \/><figcaption id=\"caption-attachment-37392\" class=\"wp-caption-text\">MOC-124102 Horizon Forbidden West Slitherfang mit 1431 Teilen<\/figcaption><\/figure>\n<figure id=\"attachment_37393\" aria-describedby=\"caption-attachment-37393\" style=\"width: 1000px\" class=\"wp-caption aligncenter\"><img loading=\"lazy\" decoding=\"async\" class=\"wp-image-37393 size-full\" src=\"https:\/\/mouldking.store\/wp-content\/uploads\/2022\/12\/MOC-124102-Horizon-Forbidden-West-Slitherfang-4.jpg\" alt=\"MOC-124102 Horizon Forbidden West Slitherfang With 1431 Pieces\" width=\"1000\" height=\"1000\" title=\"-\" srcset=\"https:\/\/mouldking.store\/wp-content\/uploads\/2022\/12\/MOC-124102-Horizon-Forbidden-West-Slitherfang-4.jpg 1000w, https:\/\/mouldking.store\/wp-content\/uploads\/2022\/12\/MOC-124102-Horizon-Forbidden-West-Slitherfang-4-300x300.jpg 300w, https:\/\/mouldking.store\/wp-content\/uploads\/2022\/12\/MOC-124102-Horizon-Forbidden-West-Slitherfang-4-768x768.jpg 768w, https:\/\/mouldking.store\/wp-content\/uploads\/2022\/12\/MOC-124102-Horizon-Forbidden-West-Slitherfang-4-600x600.jpg 600w, https:\/\/mouldking.store\/wp-content\/uploads\/2022\/12\/MOC-124102-Horizon-Forbidden-West-Slitherfang-4-150x150.jpg 150w, https:\/\/mouldking.store\/wp-content\/uploads\/2022\/12\/MOC-124102-Horizon-Forbidden-West-Slitherfang-4-60x60.jpg 60w, https:\/\/mouldking.store\/wp-content\/uploads\/2022\/12\/MOC-124102-Horizon-Forbidden-West-Slitherfang-4-90x90.jpg 90w\" sizes=\"(max-width: 1000px) 100vw, 1000px\" \/><figcaption id=\"caption-attachment-37393\" class=\"wp-caption-text\">MOC-124102 Horizon Forbidden West Slitherfang mit 1431 Teilen<\/figcaption><\/figure>\n<figure id=\"attachment_37394\" aria-describedby=\"caption-attachment-37394\" style=\"width: 1000px\" class=\"wp-caption aligncenter\"><img loading=\"lazy\" decoding=\"async\" class=\"wp-image-37394 size-full\" src=\"https:\/\/mouldking.store\/wp-content\/uploads\/2022\/12\/MOC-124102-Horizon-Forbidden-West-Slitherfang-3.jpg\" alt=\"MOC-124102 Horizon Forbidden West Slitherfang With 1431 Pieces\" width=\"1000\" height=\"1000\" title=\"-\" srcset=\"https:\/\/mouldking.store\/wp-content\/uploads\/2022\/12\/MOC-124102-Horizon-Forbidden-West-Slitherfang-3.jpg 1000w, https:\/\/mouldking.store\/wp-content\/uploads\/2022\/12\/MOC-124102-Horizon-Forbidden-West-Slitherfang-3-300x300.jpg 300w, https:\/\/mouldking.store\/wp-content\/uploads\/2022\/12\/MOC-124102-Horizon-Forbidden-West-Slitherfang-3-768x768.jpg 768w, https:\/\/mouldking.store\/wp-content\/uploads\/2022\/12\/MOC-124102-Horizon-Forbidden-West-Slitherfang-3-600x600.jpg 600w, https:\/\/mouldking.store\/wp-content\/uploads\/2022\/12\/MOC-124102-Horizon-Forbidden-West-Slitherfang-3-150x150.jpg 150w, https:\/\/mouldking.store\/wp-content\/uploads\/2022\/12\/MOC-124102-Horizon-Forbidden-West-Slitherfang-3-60x60.jpg 60w, https:\/\/mouldking.store\/wp-content\/uploads\/2022\/12\/MOC-124102-Horizon-Forbidden-West-Slitherfang-3-90x90.jpg 90w\" sizes=\"(max-width: 1000px) 100vw, 1000px\" \/><figcaption id=\"caption-attachment-37394\" class=\"wp-caption-text\">MOC-124102 Horizon Forbidden West Slitherfang mit 1431 Teilen<\/figcaption><\/figure>\n<figure id=\"attachment_37395\" aria-describedby=\"caption-attachment-37395\" style=\"width: 1000px\" class=\"wp-caption aligncenter\"><img loading=\"lazy\" decoding=\"async\" class=\"wp-image-37395 size-full\" src=\"https:\/\/mouldking.store\/wp-content\/uploads\/2022\/12\/MOC-124102-Horizon-Forbidden-West-Slitherfang-2.jpg\" alt=\"MOC-124102 Horizon Forbidden West Slitherfang With 1431 Pieces\" width=\"1000\" height=\"1000\" title=\"-\" srcset=\"https:\/\/mouldking.store\/wp-content\/uploads\/2022\/12\/MOC-124102-Horizon-Forbidden-West-Slitherfang-2.jpg 1000w, https:\/\/mouldking.store\/wp-content\/uploads\/2022\/12\/MOC-124102-Horizon-Forbidden-West-Slitherfang-2-300x300.jpg 300w, https:\/\/mouldking.store\/wp-content\/uploads\/2022\/12\/MOC-124102-Horizon-Forbidden-West-Slitherfang-2-768x768.jpg 768w, https:\/\/mouldking.store\/wp-content\/uploads\/2022\/12\/MOC-124102-Horizon-Forbidden-West-Slitherfang-2-600x600.jpg 600w, https:\/\/mouldking.store\/wp-content\/uploads\/2022\/12\/MOC-124102-Horizon-Forbidden-West-Slitherfang-2-150x150.jpg 150w, https:\/\/mouldking.store\/wp-content\/uploads\/2022\/12\/MOC-124102-Horizon-Forbidden-West-Slitherfang-2-60x60.jpg 60w, https:\/\/mouldking.store\/wp-content\/uploads\/2022\/12\/MOC-124102-Horizon-Forbidden-West-Slitherfang-2-90x90.jpg 90w\" sizes=\"(max-width: 1000px) 100vw, 1000px\" \/><figcaption id=\"caption-attachment-37395\" class=\"wp-caption-text\">MOC-124102 Horizon Forbidden West Slitherfang mit 1431 Teilen<\/figcaption><\/figure>\n<figure id=\"attachment_37396\" aria-describedby=\"caption-attachment-37396\" style=\"width: 1000px\" class=\"wp-caption aligncenter\"><img loading=\"lazy\" decoding=\"async\" class=\"wp-image-37396 size-full\" src=\"https:\/\/mouldking.store\/wp-content\/uploads\/2022\/12\/MOC-124102-Horizon-Forbidden-West-Slitherfang-1.jpg\" alt=\"MOC-124102 Horizon Forbidden West Slitherfang With 1431 Pieces\" width=\"1000\" height=\"1000\" title=\"-\" srcset=\"https:\/\/mouldking.store\/wp-content\/uploads\/2022\/12\/MOC-124102-Horizon-Forbidden-West-Slitherfang-1.jpg 1000w, https:\/\/mouldking.store\/wp-content\/uploads\/2022\/12\/MOC-124102-Horizon-Forbidden-West-Slitherfang-1-300x300.jpg 300w, https:\/\/mouldking.store\/wp-content\/uploads\/2022\/12\/MOC-124102-Horizon-Forbidden-West-Slitherfang-1-768x768.jpg 768w, https:\/\/mouldking.store\/wp-content\/uploads\/2022\/12\/MOC-124102-Horizon-Forbidden-West-Slitherfang-1-600x600.jpg 600w, https:\/\/mouldking.store\/wp-content\/uploads\/2022\/12\/MOC-124102-Horizon-Forbidden-West-Slitherfang-1-150x150.jpg 150w, https:\/\/mouldking.store\/wp-content\/uploads\/2022\/12\/MOC-124102-Horizon-Forbidden-West-Slitherfang-1-60x60.jpg 60w, https:\/\/mouldking.store\/wp-content\/uploads\/2022\/12\/MOC-124102-Horizon-Forbidden-West-Slitherfang-1-90x90.jpg 90w\" sizes=\"(max-width: 1000px) 100vw, 1000px\" \/><figcaption id=\"caption-attachment-37396\" class=\"wp-caption-text\">MOC-124102 Horizon Forbidden West Slitherfang mit 1431 Teilen<\/figcaption><\/figure>","protected":false},"excerpt":{"rendered":"<p>Product information: Brand: MOC Gender: Unisex Name: Horizon Forbidden West Slitherfang Age Range: &gt; 6 years old Model Number: 124102 Classification: Assemblage Plastic Block Shape: Self-Locking Bricks Material: Plastic Plastic Type: ABS Bricks Blocks:1431 PCS Size: 52.8 x 28.7 x 44.2 cm Weight: 0.93 kg Contains detailed assembly instructions. Notice: 1. Without an original box, [&hellip;]<\/p>","protected":false},"featured_media":37389,"comment_status":"closed","ping_status":"closed","template":"","meta":{"_acf_changed":false},"product_cat":[1365,1406,371],"product_tag":[8964,8957,8967,5606,430,8968,8969,8963,8966,8965],"class_list":["product","first","instock","shipping-taxable","purchasable","product-type-simple"],"acf":[],"_links":{"self":[{"href":"https:\/\/mouldking.store\/de\/wp-json\/wp\/v2\/product\/37388","targetHints":{"allow":["GET"]}}],"collection":[{"href":"https:\/\/mouldking.store\/de\/wp-json\/wp\/v2\/product"}],"about":[{"href":"https:\/\/mouldking.store\/de\/wp-json\/wp\/v2\/types\/product"}],"replies":[{"embeddable":true,"href":"https:\/\/mouldking.store\/de\/wp-json\/wp\/v2\/comments?post=37388"}],"wp:featuredmedia":[{"embeddable":true,"href":"https:\/\/mouldking.store\/de\/wp-json\/wp\/v2\/media\/37389"}],"wp:attachment":[{"href":"https:\/\/mouldking.store\/de\/wp-json\/wp\/v2\/media?parent=37388"}],"wp:term":[{"taxonomy":"product_cat","embeddable":true,"href":"https:\/\/mouldking.store\/de\/wp-json\/wp\/v2\/product_cat?post=37388"},{"taxonomy":"product_tag","embeddable":true,"href":"https:\/\/mouldking.store\/de\/wp-json\/wp\/v2\/product_tag?post=37388"}],"curies":[{"name":"wp","href":"https:\/\/api.w.org\/{rel}","templated":true}]}}