{"id":37427,"date":"2022-12-06T18:14:10","date_gmt":"2022-12-06T11:14:10","guid":{"rendered":"https:\/\/mouldking.store\/?post_type=product&#038;p=37427"},"modified":"2025-12-25T09:12:13","modified_gmt":"2025-12-25T02:12:13","slug":"moc-99761-magellan-spacecraft-with-617-pieces","status":"publish","type":"product","link":"https:\/\/mouldking.store\/de\/shop\/moc-99761-magellan-spacecraft-with-617-pieces\/","title":{"rendered":"MOC-99761 Magellan-Raumschiff mit 617 Teilen"},"content":{"rendered":"<p>Produktinformation:<\/p>\n<ol>\n<li>Marke: MOC<\/li>\n<li>Geschlecht: Unisex<\/li>\n<li>Name: Magellan Spacecraft<\/li>\n<li>Altersspanne: &gt; 6 Jahre alt<\/li>\n<li>Model Number: 99761<\/li>\n<li>Einstufung: Assemblage<\/li>\n<li>Kunststoffblockform: Selbstsichernde Steine<\/li>\n<li>Material: Kunststoff<\/li>\n<li>Kunststofftyp: ABS<\/li>\n<li>Bricks Blocks:617 PCS<\/li>\n<li>Size: 24 x 19.8 x 21.8 cm<\/li>\n<li>Gewicht: 0,42 kg<\/li>\n<li>Enth\u00e4lt eine ausf\u00fchrliche Montageanleitung.<\/li>\n<\/ol>\n<p>Notiz:<br \/>\n1. Ohne Originalverpackung, aber wir garantieren, dass unsere Produkte eine Qualit\u00e4tssicherung und eine sch\u00f6ne Verpackung haben.<br \/>\n2. Wie alle Teile, die wir vor dem Versand \u00fcberpr\u00fcft haben, machen Sie sich keine Sorgen, wenn Sie feststellen, dass einige Teile fehlen oder besch\u00e4digt sind, und kontaktieren Sie uns einfach, und wir k\u00f6nnen sie Ihnen umgehend kostenlos erneut zusenden.<\/p>\n<figure id=\"attachment_37428\" aria-describedby=\"caption-attachment-37428\" style=\"width: 1004px\" class=\"wp-caption aligncenter\"><img fetchpriority=\"high\" decoding=\"async\" class=\"wp-image-37428 size-full\" src=\"https:\/\/mouldking.store\/wp-content\/uploads\/2022\/12\/MOC-99761-Space-Magellan-Spacecraft-MOC-FACTORY.png\" alt=\"MOC-99761 Magellan Spacecraft With 617 Pieces\" width=\"1004\" height=\"1004\" title=\"-\" srcset=\"https:\/\/mouldking.store\/wp-content\/uploads\/2022\/12\/MOC-99761-Space-Magellan-Spacecraft-MOC-FACTORY.png 1004w, https:\/\/mouldking.store\/wp-content\/uploads\/2022\/12\/MOC-99761-Space-Magellan-Spacecraft-MOC-FACTORY-300x300.png 300w, https:\/\/mouldking.store\/wp-content\/uploads\/2022\/12\/MOC-99761-Space-Magellan-Spacecraft-MOC-FACTORY-768x768.png 768w, https:\/\/mouldking.store\/wp-content\/uploads\/2022\/12\/MOC-99761-Space-Magellan-Spacecraft-MOC-FACTORY-600x600.png 600w, https:\/\/mouldking.store\/wp-content\/uploads\/2022\/12\/MOC-99761-Space-Magellan-Spacecraft-MOC-FACTORY-150x150.png 150w, https:\/\/mouldking.store\/wp-content\/uploads\/2022\/12\/MOC-99761-Space-Magellan-Spacecraft-MOC-FACTORY-60x60.png 60w, https:\/\/mouldking.store\/wp-content\/uploads\/2022\/12\/MOC-99761-Space-Magellan-Spacecraft-MOC-FACTORY-90x90.png 90w\" sizes=\"(max-width: 1004px) 100vw, 1004px\" \/><figcaption id=\"caption-attachment-37428\" class=\"wp-caption-text\">MOC-99761 Magellan-Raumschiff mit 617 Teilen<\/figcaption><\/figure>\n<figure id=\"attachment_37429\" aria-describedby=\"caption-attachment-37429\" style=\"width: 1000px\" class=\"wp-caption aligncenter\"><img decoding=\"async\" class=\"wp-image-37429 size-full\" src=\"https:\/\/mouldking.store\/wp-content\/uploads\/2022\/12\/MOC-99761-Magellan-spacecraft-5.jpg\" alt=\"MOC-99761 Magellan Spacecraft With 617 Pieces\" width=\"1000\" height=\"1000\" title=\"-\" srcset=\"https:\/\/mouldking.store\/wp-content\/uploads\/2022\/12\/MOC-99761-Magellan-spacecraft-5.jpg 1000w, https:\/\/mouldking.store\/wp-content\/uploads\/2022\/12\/MOC-99761-Magellan-spacecraft-5-300x300.jpg 300w, https:\/\/mouldking.store\/wp-content\/uploads\/2022\/12\/MOC-99761-Magellan-spacecraft-5-768x768.jpg 768w, https:\/\/mouldking.store\/wp-content\/uploads\/2022\/12\/MOC-99761-Magellan-spacecraft-5-600x600.jpg 600w, https:\/\/mouldking.store\/wp-content\/uploads\/2022\/12\/MOC-99761-Magellan-spacecraft-5-150x150.jpg 150w, https:\/\/mouldking.store\/wp-content\/uploads\/2022\/12\/MOC-99761-Magellan-spacecraft-5-60x60.jpg 60w, https:\/\/mouldking.store\/wp-content\/uploads\/2022\/12\/MOC-99761-Magellan-spacecraft-5-90x90.jpg 90w\" sizes=\"(max-width: 1000px) 100vw, 1000px\" \/><figcaption id=\"caption-attachment-37429\" class=\"wp-caption-text\">MOC-99761 Magellan-Raumschiff mit 617 Teilen<\/figcaption><\/figure>\n<figure id=\"attachment_37430\" aria-describedby=\"caption-attachment-37430\" style=\"width: 1000px\" class=\"wp-caption aligncenter\"><img decoding=\"async\" class=\"wp-image-37430 size-full\" src=\"https:\/\/mouldking.store\/wp-content\/uploads\/2022\/12\/MOC-99761-Magellan-spacecraft-4.jpg\" alt=\"MOC-99761 Magellan Spacecraft With 617 Pieces\" width=\"1000\" height=\"1000\" title=\"-\" srcset=\"https:\/\/mouldking.store\/wp-content\/uploads\/2022\/12\/MOC-99761-Magellan-spacecraft-4.jpg 1000w, https:\/\/mouldking.store\/wp-content\/uploads\/2022\/12\/MOC-99761-Magellan-spacecraft-4-300x300.jpg 300w, https:\/\/mouldking.store\/wp-content\/uploads\/2022\/12\/MOC-99761-Magellan-spacecraft-4-768x768.jpg 768w, https:\/\/mouldking.store\/wp-content\/uploads\/2022\/12\/MOC-99761-Magellan-spacecraft-4-600x600.jpg 600w, https:\/\/mouldking.store\/wp-content\/uploads\/2022\/12\/MOC-99761-Magellan-spacecraft-4-150x150.jpg 150w, https:\/\/mouldking.store\/wp-content\/uploads\/2022\/12\/MOC-99761-Magellan-spacecraft-4-60x60.jpg 60w, https:\/\/mouldking.store\/wp-content\/uploads\/2022\/12\/MOC-99761-Magellan-spacecraft-4-90x90.jpg 90w\" sizes=\"(max-width: 1000px) 100vw, 1000px\" \/><figcaption id=\"caption-attachment-37430\" class=\"wp-caption-text\">MOC-99761 Magellan-Raumschiff mit 617 Teilen<\/figcaption><\/figure>\n<figure id=\"attachment_37431\" aria-describedby=\"caption-attachment-37431\" style=\"width: 1000px\" class=\"wp-caption aligncenter\"><img loading=\"lazy\" decoding=\"async\" class=\"wp-image-37431 size-full\" src=\"https:\/\/mouldking.store\/wp-content\/uploads\/2022\/12\/MOC-99761-Magellan-spacecraft-3.jpg\" alt=\"MOC-99761 Magellan Spacecraft With 617 Pieces\" width=\"1000\" height=\"1000\" title=\"-\" srcset=\"https:\/\/mouldking.store\/wp-content\/uploads\/2022\/12\/MOC-99761-Magellan-spacecraft-3.jpg 1000w, https:\/\/mouldking.store\/wp-content\/uploads\/2022\/12\/MOC-99761-Magellan-spacecraft-3-300x300.jpg 300w, https:\/\/mouldking.store\/wp-content\/uploads\/2022\/12\/MOC-99761-Magellan-spacecraft-3-768x768.jpg 768w, https:\/\/mouldking.store\/wp-content\/uploads\/2022\/12\/MOC-99761-Magellan-spacecraft-3-600x600.jpg 600w, https:\/\/mouldking.store\/wp-content\/uploads\/2022\/12\/MOC-99761-Magellan-spacecraft-3-150x150.jpg 150w, https:\/\/mouldking.store\/wp-content\/uploads\/2022\/12\/MOC-99761-Magellan-spacecraft-3-60x60.jpg 60w, https:\/\/mouldking.store\/wp-content\/uploads\/2022\/12\/MOC-99761-Magellan-spacecraft-3-90x90.jpg 90w\" sizes=\"(max-width: 1000px) 100vw, 1000px\" \/><figcaption id=\"caption-attachment-37431\" class=\"wp-caption-text\">MOC-99761 Magellan-Raumschiff mit 617 Teilen<\/figcaption><\/figure>\n<figure id=\"attachment_37432\" aria-describedby=\"caption-attachment-37432\" style=\"width: 1000px\" class=\"wp-caption aligncenter\"><img loading=\"lazy\" decoding=\"async\" class=\"wp-image-37432 size-full\" src=\"https:\/\/mouldking.store\/wp-content\/uploads\/2022\/12\/MOC-99761-Magellan-spacecraft-2.jpg\" alt=\"MOC-99761 Magellan Spacecraft With 617 Pieces\" width=\"1000\" height=\"1000\" title=\"-\" srcset=\"https:\/\/mouldking.store\/wp-content\/uploads\/2022\/12\/MOC-99761-Magellan-spacecraft-2.jpg 1000w, https:\/\/mouldking.store\/wp-content\/uploads\/2022\/12\/MOC-99761-Magellan-spacecraft-2-300x300.jpg 300w, https:\/\/mouldking.store\/wp-content\/uploads\/2022\/12\/MOC-99761-Magellan-spacecraft-2-768x768.jpg 768w, https:\/\/mouldking.store\/wp-content\/uploads\/2022\/12\/MOC-99761-Magellan-spacecraft-2-600x600.jpg 600w, https:\/\/mouldking.store\/wp-content\/uploads\/2022\/12\/MOC-99761-Magellan-spacecraft-2-150x150.jpg 150w, https:\/\/mouldking.store\/wp-content\/uploads\/2022\/12\/MOC-99761-Magellan-spacecraft-2-60x60.jpg 60w, https:\/\/mouldking.store\/wp-content\/uploads\/2022\/12\/MOC-99761-Magellan-spacecraft-2-90x90.jpg 90w\" sizes=\"(max-width: 1000px) 100vw, 1000px\" \/><figcaption id=\"caption-attachment-37432\" class=\"wp-caption-text\">MOC-99761 Magellan-Raumschiff mit 617 Teilen<\/figcaption><\/figure>\n<figure id=\"attachment_37433\" aria-describedby=\"caption-attachment-37433\" style=\"width: 848px\" class=\"wp-caption aligncenter\"><img loading=\"lazy\" decoding=\"async\" class=\"wp-image-37433 size-full\" src=\"https:\/\/mouldking.store\/wp-content\/uploads\/2022\/12\/MOC-99761-Magellan-spacecraft-1.jpg\" alt=\"MOC-99761 Magellan Spacecraft With 617 Pieces\" width=\"848\" height=\"1200\" title=\"-\" srcset=\"https:\/\/mouldking.store\/wp-content\/uploads\/2022\/12\/MOC-99761-Magellan-spacecraft-1.jpg 848w, https:\/\/mouldking.store\/wp-content\/uploads\/2022\/12\/MOC-99761-Magellan-spacecraft-1-212x300.jpg 212w, https:\/\/mouldking.store\/wp-content\/uploads\/2022\/12\/MOC-99761-Magellan-spacecraft-1-724x1024.jpg 724w, https:\/\/mouldking.store\/wp-content\/uploads\/2022\/12\/MOC-99761-Magellan-spacecraft-1-768x1087.jpg 768w, https:\/\/mouldking.store\/wp-content\/uploads\/2022\/12\/MOC-99761-Magellan-spacecraft-1-300x425.jpg 300w, https:\/\/mouldking.store\/wp-content\/uploads\/2022\/12\/MOC-99761-Magellan-spacecraft-1-600x849.jpg 600w, https:\/\/mouldking.store\/wp-content\/uploads\/2022\/12\/MOC-99761-Magellan-spacecraft-1-106x150.jpg 106w, https:\/\/mouldking.store\/wp-content\/uploads\/2022\/12\/MOC-99761-Magellan-spacecraft-1-42x60.jpg 42w, https:\/\/mouldking.store\/wp-content\/uploads\/2022\/12\/MOC-99761-Magellan-spacecraft-1-64x90.jpg 64w\" sizes=\"(max-width: 848px) 100vw, 848px\" \/><figcaption id=\"caption-attachment-37433\" class=\"wp-caption-text\">MOC-99761 Magellan-Raumschiff mit 617 Teilen<\/figcaption><\/figure>","protected":false},"excerpt":{"rendered":"<p>Product information: Brand: MOC Gender: Unisex Name: Magellan Spacecraft Age Range: &gt; 6 years old Model Number: 99761 Classification: Assemblage Plastic Block Shape: Self-Locking Bricks Material: Plastic Plastic Type: ABS Bricks Blocks:617 PCS Size: 24 x 19.8 x 21.8 cm Weight: 0.42 kg Contains detailed assembly instructions. Notice: 1. Without an original box, but we [&hellip;]<\/p>","protected":false},"featured_media":37428,"comment_status":"closed","ping_status":"closed","template":"","meta":{"_acf_changed":false},"product_cat":[1406,6016],"product_tag":[9000,9001,9003,430,9004,9005,8999,9002],"class_list":["product","first","instock","shipping-taxable","purchasable","product-type-simple"],"acf":[],"_links":{"self":[{"href":"https:\/\/mouldking.store\/de\/wp-json\/wp\/v2\/product\/37427","targetHints":{"allow":["GET"]}}],"collection":[{"href":"https:\/\/mouldking.store\/de\/wp-json\/wp\/v2\/product"}],"about":[{"href":"https:\/\/mouldking.store\/de\/wp-json\/wp\/v2\/types\/product"}],"replies":[{"embeddable":true,"href":"https:\/\/mouldking.store\/de\/wp-json\/wp\/v2\/comments?post=37427"}],"wp:featuredmedia":[{"embeddable":true,"href":"https:\/\/mouldking.store\/de\/wp-json\/wp\/v2\/media\/37428"}],"wp:attachment":[{"href":"https:\/\/mouldking.store\/de\/wp-json\/wp\/v2\/media?parent=37427"}],"wp:term":[{"taxonomy":"product_cat","embeddable":true,"href":"https:\/\/mouldking.store\/de\/wp-json\/wp\/v2\/product_cat?post=37427"},{"taxonomy":"product_tag","embeddable":true,"href":"https:\/\/mouldking.store\/de\/wp-json\/wp\/v2\/product_tag?post=37427"}],"curies":[{"name":"wp","href":"https:\/\/api.w.org\/{rel}","templated":true}]}}