{"id":37450,"date":"2022-12-06T18:38:50","date_gmt":"2022-12-06T11:38:50","guid":{"rendered":"https:\/\/mouldking.store\/?post_type=product&#038;p=37450"},"modified":"2025-12-25T09:12:12","modified_gmt":"2025-12-25T02:12:12","slug":"moc-124574-robotech-macross-valkyrie-b-mech-mode-with-484-pieces","status":"publish","type":"product","link":"https:\/\/mouldking.store\/de\/shop\/moc-124574-robotech-macross-valkyrie-b-mech-mode-with-484-pieces\/","title":{"rendered":"MOC-124574 Robotech \/ Macross Valkyrie B \u2013 Mech-Modus mit 484 Teilen"},"content":{"rendered":"<p>Produktinformation:<\/p>\n<ol>\n<li>Marke: MOC<\/li>\n<li>Geschlecht: Unisex<\/li>\n<li>Name: Robotech \/ Macross Valkyrie B \u2013 Mech-Modus<\/li>\n<li>Altersspanne: &gt; 6 Jahre alt<\/li>\n<li>Modellnummer: 124574<\/li>\n<li>Einstufung: Assemblage<\/li>\n<li>Kunststoffblockform: Selbstsichernde Steine<\/li>\n<li>Material: Kunststoff<\/li>\n<li>Kunststofftyp: ABS<\/li>\n<li>Ziegelsteine: 484 ST\u00dcCKE<\/li>\n<li>Gr\u00f6\u00dfe: 12 x 8 x 24 cm<\/li>\n<li>Gewicht: 0,34 kg<\/li>\n<li>Enth\u00e4lt eine ausf\u00fchrliche Montageanleitung.<\/li>\n<\/ol>\n<p>Notiz:<br \/>\n1. Ohne Originalverpackung, aber wir garantieren, dass unsere Produkte eine Qualit\u00e4tssicherung und eine sch\u00f6ne Verpackung haben.<br \/>\n2. Wie alle Teile, die wir vor dem Versand \u00fcberpr\u00fcft haben, machen Sie sich keine Sorgen, wenn Sie feststellen, dass einige Teile fehlen oder besch\u00e4digt sind, und kontaktieren Sie uns einfach, und wir k\u00f6nnen sie Ihnen umgehend kostenlos erneut zusenden.<\/p>\n<figure id=\"attachment_37451\" aria-describedby=\"caption-attachment-37451\" style=\"width: 1004px\" class=\"wp-caption aligncenter\"><img fetchpriority=\"high\" decoding=\"async\" class=\"wp-image-37451 size-full\" src=\"https:\/\/mouldking.store\/wp-content\/uploads\/2022\/12\/MOC-124574-Creator-Robotech-Macross-Valkyrie-B-\u2013-Mech-Mode-MOC-FACTORY.png\" alt=\"MOC-124574 Robotech \/ Macross Valkyrie B \u2013 Mech Mode With 484 Pieces\" width=\"1004\" height=\"1004\" title=\"-\" srcset=\"https:\/\/mouldking.store\/wp-content\/uploads\/2022\/12\/MOC-124574-Creator-Robotech-Macross-Valkyrie-B-\u2013-Mech-Mode-MOC-FACTORY.png 1004w, https:\/\/mouldking.store\/wp-content\/uploads\/2022\/12\/MOC-124574-Creator-Robotech-Macross-Valkyrie-B-\u2013-Mech-Mode-MOC-FACTORY-300x300.png 300w, https:\/\/mouldking.store\/wp-content\/uploads\/2022\/12\/MOC-124574-Creator-Robotech-Macross-Valkyrie-B-\u2013-Mech-Mode-MOC-FACTORY-768x768.png 768w, https:\/\/mouldking.store\/wp-content\/uploads\/2022\/12\/MOC-124574-Creator-Robotech-Macross-Valkyrie-B-\u2013-Mech-Mode-MOC-FACTORY-600x600.png 600w, https:\/\/mouldking.store\/wp-content\/uploads\/2022\/12\/MOC-124574-Creator-Robotech-Macross-Valkyrie-B-\u2013-Mech-Mode-MOC-FACTORY-150x150.png 150w, https:\/\/mouldking.store\/wp-content\/uploads\/2022\/12\/MOC-124574-Creator-Robotech-Macross-Valkyrie-B-\u2013-Mech-Mode-MOC-FACTORY-60x60.png 60w, https:\/\/mouldking.store\/wp-content\/uploads\/2022\/12\/MOC-124574-Creator-Robotech-Macross-Valkyrie-B-\u2013-Mech-Mode-MOC-FACTORY-90x90.png 90w\" sizes=\"(max-width: 1004px) 100vw, 1004px\" \/><figcaption id=\"caption-attachment-37451\" class=\"wp-caption-text\">MOC-124574 Robotech \/ Macross Valkyrie B \u2013 Mech-Modus mit 484 Teilen<\/figcaption><\/figure>\n<figure id=\"attachment_37452\" aria-describedby=\"caption-attachment-37452\" style=\"width: 1000px\" class=\"wp-caption aligncenter\"><img decoding=\"async\" class=\"wp-image-37452 size-full\" src=\"https:\/\/mouldking.store\/wp-content\/uploads\/2022\/12\/MOC-124574-Robotech-Macross-Valkyrie-B-Mech-mode-8.jpg\" alt=\"MOC-124574 Robotech \/ Macross Valkyrie B \u2013 Mech Mode With 484 Pieces\" width=\"1000\" height=\"1000\" title=\"-\" srcset=\"https:\/\/mouldking.store\/wp-content\/uploads\/2022\/12\/MOC-124574-Robotech-Macross-Valkyrie-B-Mech-mode-8.jpg 1000w, https:\/\/mouldking.store\/wp-content\/uploads\/2022\/12\/MOC-124574-Robotech-Macross-Valkyrie-B-Mech-mode-8-300x300.jpg 300w, https:\/\/mouldking.store\/wp-content\/uploads\/2022\/12\/MOC-124574-Robotech-Macross-Valkyrie-B-Mech-mode-8-768x768.jpg 768w, https:\/\/mouldking.store\/wp-content\/uploads\/2022\/12\/MOC-124574-Robotech-Macross-Valkyrie-B-Mech-mode-8-600x600.jpg 600w, https:\/\/mouldking.store\/wp-content\/uploads\/2022\/12\/MOC-124574-Robotech-Macross-Valkyrie-B-Mech-mode-8-150x150.jpg 150w, https:\/\/mouldking.store\/wp-content\/uploads\/2022\/12\/MOC-124574-Robotech-Macross-Valkyrie-B-Mech-mode-8-60x60.jpg 60w, https:\/\/mouldking.store\/wp-content\/uploads\/2022\/12\/MOC-124574-Robotech-Macross-Valkyrie-B-Mech-mode-8-90x90.jpg 90w\" sizes=\"(max-width: 1000px) 100vw, 1000px\" \/><figcaption id=\"caption-attachment-37452\" class=\"wp-caption-text\">MOC-124574 Robotech \/ Macross Valkyrie B \u2013 Mech-Modus mit 484 Teilen<\/figcaption><\/figure>\n<figure id=\"attachment_37453\" aria-describedby=\"caption-attachment-37453\" style=\"width: 1000px\" class=\"wp-caption aligncenter\"><img decoding=\"async\" class=\"wp-image-37453 size-full\" src=\"https:\/\/mouldking.store\/wp-content\/uploads\/2022\/12\/MOC-124574-Robotech-Macross-Valkyrie-B-Mech-mode-7.jpg\" alt=\"MOC-124574 Robotech \/ Macross Valkyrie B \u2013 Mech Mode With 484 Pieces\" width=\"1000\" height=\"1000\" title=\"-\" srcset=\"https:\/\/mouldking.store\/wp-content\/uploads\/2022\/12\/MOC-124574-Robotech-Macross-Valkyrie-B-Mech-mode-7.jpg 1000w, https:\/\/mouldking.store\/wp-content\/uploads\/2022\/12\/MOC-124574-Robotech-Macross-Valkyrie-B-Mech-mode-7-300x300.jpg 300w, https:\/\/mouldking.store\/wp-content\/uploads\/2022\/12\/MOC-124574-Robotech-Macross-Valkyrie-B-Mech-mode-7-768x768.jpg 768w, https:\/\/mouldking.store\/wp-content\/uploads\/2022\/12\/MOC-124574-Robotech-Macross-Valkyrie-B-Mech-mode-7-600x600.jpg 600w, https:\/\/mouldking.store\/wp-content\/uploads\/2022\/12\/MOC-124574-Robotech-Macross-Valkyrie-B-Mech-mode-7-150x150.jpg 150w, https:\/\/mouldking.store\/wp-content\/uploads\/2022\/12\/MOC-124574-Robotech-Macross-Valkyrie-B-Mech-mode-7-60x60.jpg 60w, https:\/\/mouldking.store\/wp-content\/uploads\/2022\/12\/MOC-124574-Robotech-Macross-Valkyrie-B-Mech-mode-7-90x90.jpg 90w\" sizes=\"(max-width: 1000px) 100vw, 1000px\" \/><figcaption id=\"caption-attachment-37453\" class=\"wp-caption-text\">MOC-124574 Robotech \/ Macross Valkyrie B \u2013 Mech-Modus mit 484 Teilen<\/figcaption><\/figure>\n<figure id=\"attachment_37454\" aria-describedby=\"caption-attachment-37454\" style=\"width: 1000px\" class=\"wp-caption aligncenter\"><img loading=\"lazy\" decoding=\"async\" class=\"wp-image-37454 size-full\" src=\"https:\/\/mouldking.store\/wp-content\/uploads\/2022\/12\/MOC-124574-Robotech-Macross-Valkyrie-B-Mech-mode-6.jpg\" alt=\"MOC-124574 Robotech \/ Macross Valkyrie B \u2013 Mech Mode With 484 Pieces\" width=\"1000\" height=\"1000\" title=\"-\" srcset=\"https:\/\/mouldking.store\/wp-content\/uploads\/2022\/12\/MOC-124574-Robotech-Macross-Valkyrie-B-Mech-mode-6.jpg 1000w, https:\/\/mouldking.store\/wp-content\/uploads\/2022\/12\/MOC-124574-Robotech-Macross-Valkyrie-B-Mech-mode-6-300x300.jpg 300w, https:\/\/mouldking.store\/wp-content\/uploads\/2022\/12\/MOC-124574-Robotech-Macross-Valkyrie-B-Mech-mode-6-768x768.jpg 768w, https:\/\/mouldking.store\/wp-content\/uploads\/2022\/12\/MOC-124574-Robotech-Macross-Valkyrie-B-Mech-mode-6-600x600.jpg 600w, https:\/\/mouldking.store\/wp-content\/uploads\/2022\/12\/MOC-124574-Robotech-Macross-Valkyrie-B-Mech-mode-6-150x150.jpg 150w, https:\/\/mouldking.store\/wp-content\/uploads\/2022\/12\/MOC-124574-Robotech-Macross-Valkyrie-B-Mech-mode-6-60x60.jpg 60w, https:\/\/mouldking.store\/wp-content\/uploads\/2022\/12\/MOC-124574-Robotech-Macross-Valkyrie-B-Mech-mode-6-90x90.jpg 90w\" sizes=\"(max-width: 1000px) 100vw, 1000px\" \/><figcaption id=\"caption-attachment-37454\" class=\"wp-caption-text\">MOC-124574 Robotech \/ Macross Valkyrie B \u2013 Mech-Modus mit 484 Teilen<\/figcaption><\/figure>\n<figure id=\"attachment_37455\" aria-describedby=\"caption-attachment-37455\" style=\"width: 1000px\" class=\"wp-caption aligncenter\"><img loading=\"lazy\" decoding=\"async\" class=\"wp-image-37455 size-full\" src=\"https:\/\/mouldking.store\/wp-content\/uploads\/2022\/12\/MOC-124574-Robotech-Macross-Valkyrie-B-Mech-mode-5.jpg\" alt=\"MOC-124574 Robotech \/ Macross Valkyrie B \u2013 Mech Mode With 484 Pieces\" width=\"1000\" height=\"1000\" title=\"-\" srcset=\"https:\/\/mouldking.store\/wp-content\/uploads\/2022\/12\/MOC-124574-Robotech-Macross-Valkyrie-B-Mech-mode-5.jpg 1000w, https:\/\/mouldking.store\/wp-content\/uploads\/2022\/12\/MOC-124574-Robotech-Macross-Valkyrie-B-Mech-mode-5-300x300.jpg 300w, https:\/\/mouldking.store\/wp-content\/uploads\/2022\/12\/MOC-124574-Robotech-Macross-Valkyrie-B-Mech-mode-5-768x768.jpg 768w, https:\/\/mouldking.store\/wp-content\/uploads\/2022\/12\/MOC-124574-Robotech-Macross-Valkyrie-B-Mech-mode-5-600x600.jpg 600w, https:\/\/mouldking.store\/wp-content\/uploads\/2022\/12\/MOC-124574-Robotech-Macross-Valkyrie-B-Mech-mode-5-150x150.jpg 150w, https:\/\/mouldking.store\/wp-content\/uploads\/2022\/12\/MOC-124574-Robotech-Macross-Valkyrie-B-Mech-mode-5-60x60.jpg 60w, https:\/\/mouldking.store\/wp-content\/uploads\/2022\/12\/MOC-124574-Robotech-Macross-Valkyrie-B-Mech-mode-5-90x90.jpg 90w\" sizes=\"(max-width: 1000px) 100vw, 1000px\" \/><figcaption id=\"caption-attachment-37455\" class=\"wp-caption-text\">MOC-124574 Robotech \/ Macross Valkyrie B \u2013 Mech-Modus mit 484 Teilen<\/figcaption><\/figure>\n<figure id=\"attachment_37456\" aria-describedby=\"caption-attachment-37456\" style=\"width: 1000px\" class=\"wp-caption aligncenter\"><img loading=\"lazy\" decoding=\"async\" class=\"wp-image-37456 size-full\" src=\"https:\/\/mouldking.store\/wp-content\/uploads\/2022\/12\/MOC-124574-Robotech-Macross-Valkyrie-B-Mech-mode-4.jpg\" alt=\"MOC-124574 Robotech \/ Macross Valkyrie B \u2013 Mech Mode With 484 Pieces\" width=\"1000\" height=\"1000\" title=\"-\" srcset=\"https:\/\/mouldking.store\/wp-content\/uploads\/2022\/12\/MOC-124574-Robotech-Macross-Valkyrie-B-Mech-mode-4.jpg 1000w, https:\/\/mouldking.store\/wp-content\/uploads\/2022\/12\/MOC-124574-Robotech-Macross-Valkyrie-B-Mech-mode-4-300x300.jpg 300w, https:\/\/mouldking.store\/wp-content\/uploads\/2022\/12\/MOC-124574-Robotech-Macross-Valkyrie-B-Mech-mode-4-768x768.jpg 768w, https:\/\/mouldking.store\/wp-content\/uploads\/2022\/12\/MOC-124574-Robotech-Macross-Valkyrie-B-Mech-mode-4-600x600.jpg 600w, https:\/\/mouldking.store\/wp-content\/uploads\/2022\/12\/MOC-124574-Robotech-Macross-Valkyrie-B-Mech-mode-4-150x150.jpg 150w, https:\/\/mouldking.store\/wp-content\/uploads\/2022\/12\/MOC-124574-Robotech-Macross-Valkyrie-B-Mech-mode-4-60x60.jpg 60w, https:\/\/mouldking.store\/wp-content\/uploads\/2022\/12\/MOC-124574-Robotech-Macross-Valkyrie-B-Mech-mode-4-90x90.jpg 90w\" sizes=\"(max-width: 1000px) 100vw, 1000px\" \/><figcaption id=\"caption-attachment-37456\" class=\"wp-caption-text\">MOC-124574 Robotech \/ Macross Valkyrie B \u2013 Mech-Modus mit 484 Teilen<\/figcaption><\/figure>\n<figure id=\"attachment_37457\" aria-describedby=\"caption-attachment-37457\" style=\"width: 1000px\" class=\"wp-caption aligncenter\"><img loading=\"lazy\" decoding=\"async\" class=\"wp-image-37457 size-full\" src=\"https:\/\/mouldking.store\/wp-content\/uploads\/2022\/12\/MOC-124574-Robotech-Macross-Valkyrie-B-Mech-mode-3.jpg\" alt=\"MOC-124574 Robotech \/ Macross Valkyrie B \u2013 Mech Mode With 484 Pieces\" width=\"1000\" height=\"1000\" title=\"-\" srcset=\"https:\/\/mouldking.store\/wp-content\/uploads\/2022\/12\/MOC-124574-Robotech-Macross-Valkyrie-B-Mech-mode-3.jpg 1000w, https:\/\/mouldking.store\/wp-content\/uploads\/2022\/12\/MOC-124574-Robotech-Macross-Valkyrie-B-Mech-mode-3-300x300.jpg 300w, https:\/\/mouldking.store\/wp-content\/uploads\/2022\/12\/MOC-124574-Robotech-Macross-Valkyrie-B-Mech-mode-3-768x768.jpg 768w, https:\/\/mouldking.store\/wp-content\/uploads\/2022\/12\/MOC-124574-Robotech-Macross-Valkyrie-B-Mech-mode-3-600x600.jpg 600w, https:\/\/mouldking.store\/wp-content\/uploads\/2022\/12\/MOC-124574-Robotech-Macross-Valkyrie-B-Mech-mode-3-150x150.jpg 150w, https:\/\/mouldking.store\/wp-content\/uploads\/2022\/12\/MOC-124574-Robotech-Macross-Valkyrie-B-Mech-mode-3-60x60.jpg 60w, https:\/\/mouldking.store\/wp-content\/uploads\/2022\/12\/MOC-124574-Robotech-Macross-Valkyrie-B-Mech-mode-3-90x90.jpg 90w\" sizes=\"(max-width: 1000px) 100vw, 1000px\" \/><figcaption id=\"caption-attachment-37457\" class=\"wp-caption-text\">MOC-124574 Robotech \/ Macross Valkyrie B \u2013 Mech-Modus mit 484 Teilen<\/figcaption><\/figure>\n<figure id=\"attachment_37458\" aria-describedby=\"caption-attachment-37458\" style=\"width: 1000px\" class=\"wp-caption aligncenter\"><img loading=\"lazy\" decoding=\"async\" class=\"wp-image-37458 size-full\" src=\"https:\/\/mouldking.store\/wp-content\/uploads\/2022\/12\/MOC-124574-Robotech-Macross-Valkyrie-B-Mech-mode-2.jpg\" alt=\"MOC-124574 Robotech \/ Macross Valkyrie B \u2013 Mech Mode With 484 Pieces\" width=\"1000\" height=\"1000\" title=\"-\" srcset=\"https:\/\/mouldking.store\/wp-content\/uploads\/2022\/12\/MOC-124574-Robotech-Macross-Valkyrie-B-Mech-mode-2.jpg 1000w, https:\/\/mouldking.store\/wp-content\/uploads\/2022\/12\/MOC-124574-Robotech-Macross-Valkyrie-B-Mech-mode-2-300x300.jpg 300w, https:\/\/mouldking.store\/wp-content\/uploads\/2022\/12\/MOC-124574-Robotech-Macross-Valkyrie-B-Mech-mode-2-768x768.jpg 768w, https:\/\/mouldking.store\/wp-content\/uploads\/2022\/12\/MOC-124574-Robotech-Macross-Valkyrie-B-Mech-mode-2-600x600.jpg 600w, https:\/\/mouldking.store\/wp-content\/uploads\/2022\/12\/MOC-124574-Robotech-Macross-Valkyrie-B-Mech-mode-2-150x150.jpg 150w, https:\/\/mouldking.store\/wp-content\/uploads\/2022\/12\/MOC-124574-Robotech-Macross-Valkyrie-B-Mech-mode-2-60x60.jpg 60w, https:\/\/mouldking.store\/wp-content\/uploads\/2022\/12\/MOC-124574-Robotech-Macross-Valkyrie-B-Mech-mode-2-90x90.jpg 90w\" sizes=\"(max-width: 1000px) 100vw, 1000px\" \/><figcaption id=\"caption-attachment-37458\" class=\"wp-caption-text\">MOC-124574 Robotech \/ Macross Valkyrie B \u2013 Mech-Modus mit 484 Teilen<\/figcaption><\/figure>\n<figure id=\"attachment_37459\" aria-describedby=\"caption-attachment-37459\" style=\"width: 753px\" class=\"wp-caption aligncenter\"><img loading=\"lazy\" decoding=\"async\" class=\"wp-image-37459 size-large\" src=\"https:\/\/mouldking.store\/wp-content\/uploads\/2022\/12\/MOC-124574-Robotech-Macross-Valkyrie-B-Mech-mode-1-753x1024.jpg\" alt=\"MOC-124574 Robotech \/ Macross Valkyrie B \u2013 Mech Mode With 484 Pieces\" width=\"753\" height=\"1024\" title=\"-\" srcset=\"https:\/\/mouldking.store\/wp-content\/uploads\/2022\/12\/MOC-124574-Robotech-Macross-Valkyrie-B-Mech-mode-1-753x1024.jpg 753w, https:\/\/mouldking.store\/wp-content\/uploads\/2022\/12\/MOC-124574-Robotech-Macross-Valkyrie-B-Mech-mode-1-221x300.jpg 221w, https:\/\/mouldking.store\/wp-content\/uploads\/2022\/12\/MOC-124574-Robotech-Macross-Valkyrie-B-Mech-mode-1-768x1044.jpg 768w, https:\/\/mouldking.store\/wp-content\/uploads\/2022\/12\/MOC-124574-Robotech-Macross-Valkyrie-B-Mech-mode-1-300x408.jpg 300w, https:\/\/mouldking.store\/wp-content\/uploads\/2022\/12\/MOC-124574-Robotech-Macross-Valkyrie-B-Mech-mode-1-600x815.jpg 600w, https:\/\/mouldking.store\/wp-content\/uploads\/2022\/12\/MOC-124574-Robotech-Macross-Valkyrie-B-Mech-mode-1-110x150.jpg 110w, https:\/\/mouldking.store\/wp-content\/uploads\/2022\/12\/MOC-124574-Robotech-Macross-Valkyrie-B-Mech-mode-1-44x60.jpg 44w, https:\/\/mouldking.store\/wp-content\/uploads\/2022\/12\/MOC-124574-Robotech-Macross-Valkyrie-B-Mech-mode-1-66x90.jpg 66w, https:\/\/mouldking.store\/wp-content\/uploads\/2022\/12\/MOC-124574-Robotech-Macross-Valkyrie-B-Mech-mode-1.jpg 883w\" sizes=\"(max-width: 753px) 100vw, 753px\" \/><figcaption id=\"caption-attachment-37459\" class=\"wp-caption-text\">MOC-124574 Robotech \/ Macross Valkyrie B \u2013 Mech-Modus mit 484 Teilen<\/figcaption><\/figure>","protected":false},"excerpt":{"rendered":"<p>Product information: Brand: MOC Gender: Unisex Name: Robotech \/ Macross Valkyrie B \u2013 Mech Mode Age Range: &gt; 6 years old Model Number: 124574 Classification: Assemblage Plastic Block Shape: Self-Locking Bricks Material: Plastic Plastic Type: ABS Bricks Blocks:484 PCS Size: 12 x 8 x 24 cm Weight:0.34 kg Contains detailed assembly instructions. Notice: 1. Without [&hellip;]<\/p>","protected":false},"featured_media":37451,"comment_status":"closed","ping_status":"closed","template":"","meta":{"_acf_changed":false},"product_cat":[1365,1406,371],"product_tag":[9023,9025,9028,9027,430,9031,9032,9022,9024,9029,9030,9026],"class_list":["product","first","instock","shipping-taxable","purchasable","product-type-simple"],"acf":[],"_links":{"self":[{"href":"https:\/\/mouldking.store\/de\/wp-json\/wp\/v2\/product\/37450","targetHints":{"allow":["GET"]}}],"collection":[{"href":"https:\/\/mouldking.store\/de\/wp-json\/wp\/v2\/product"}],"about":[{"href":"https:\/\/mouldking.store\/de\/wp-json\/wp\/v2\/types\/product"}],"replies":[{"embeddable":true,"href":"https:\/\/mouldking.store\/de\/wp-json\/wp\/v2\/comments?post=37450"}],"wp:featuredmedia":[{"embeddable":true,"href":"https:\/\/mouldking.store\/de\/wp-json\/wp\/v2\/media\/37451"}],"wp:attachment":[{"href":"https:\/\/mouldking.store\/de\/wp-json\/wp\/v2\/media?parent=37450"}],"wp:term":[{"taxonomy":"product_cat","embeddable":true,"href":"https:\/\/mouldking.store\/de\/wp-json\/wp\/v2\/product_cat?post=37450"},{"taxonomy":"product_tag","embeddable":true,"href":"https:\/\/mouldking.store\/de\/wp-json\/wp\/v2\/product_tag?post=37450"}],"curies":[{"name":"wp","href":"https:\/\/api.w.org\/{rel}","templated":true}]}}