{"id":37464,"date":"2022-12-07T09:25:43","date_gmt":"2022-12-07T02:25:43","guid":{"rendered":"https:\/\/mouldking.store\/?post_type=product&#038;p=37464"},"modified":"2025-12-25T09:12:12","modified_gmt":"2025-12-25T02:12:12","slug":"moc-89529-rick-and-morty-ricks-ship-with-554-pieces","status":"publish","type":"product","link":"https:\/\/mouldking.store\/de\/shop\/moc-89529-rick-and-morty-ricks-ship-with-554-pieces\/","title":{"rendered":"MOC-89529 Rick und Morty-Ricks Schiff mit 554 Teilen"},"content":{"rendered":"<p>Produktinformation:<\/p>\n<ol>\n<li>Marke: MOC<\/li>\n<li>Geschlecht: Unisex<\/li>\n<li>Name: Rick und Morty-Ricks Schiff<\/li>\n<li>Altersspanne: &gt; 6 Jahre alt<\/li>\n<li>Modellnummer: 89529<\/li>\n<li>Einstufung: Assemblage<\/li>\n<li>Kunststoffblockform: Selbstsichernde Steine<\/li>\n<li>Material: Kunststoff<\/li>\n<li>Kunststofftyp: ABS<\/li>\n<li>Ziegelsteine: 554 ST\u00dcCKE<\/li>\n<li>Gr\u00f6\u00dfe: 18 x 16 x 21 cm<\/li>\n<li>Gewicht: 0,26 kg<\/li>\n<li>Enth\u00e4lt eine ausf\u00fchrliche Montageanleitung.<\/li>\n<\/ol>\n<p>Notiz:<br \/>\n1. Ohne Originalverpackung, aber wir garantieren, dass unsere Produkte eine Qualit\u00e4tssicherung und eine sch\u00f6ne Verpackung haben.<br \/>\n2. Wie alle Teile, die wir vor dem Versand \u00fcberpr\u00fcft haben, machen Sie sich keine Sorgen, wenn Sie feststellen, dass einige Teile fehlen oder besch\u00e4digt sind, und kontaktieren Sie uns einfach, und wir k\u00f6nnen sie Ihnen umgehend kostenlos erneut zusenden.<\/p>\n<figure id=\"attachment_37465\" aria-describedby=\"caption-attachment-37465\" style=\"width: 1004px\" class=\"wp-caption aligncenter\"><img fetchpriority=\"high\" decoding=\"async\" class=\"wp-image-37465 size-full\" src=\"https:\/\/mouldking.store\/wp-content\/uploads\/2022\/12\/MOC-89529-Creator-Rick-and-Morty-Ricks-Ship-MOC-FACTORY.png\" alt=\"MOC-89529 Rick and Morty-Rick\u2019s Ship With 554 Pieces\" width=\"1004\" height=\"1004\" title=\"-\" srcset=\"https:\/\/mouldking.store\/wp-content\/uploads\/2022\/12\/MOC-89529-Creator-Rick-and-Morty-Ricks-Ship-MOC-FACTORY.png 1004w, https:\/\/mouldking.store\/wp-content\/uploads\/2022\/12\/MOC-89529-Creator-Rick-and-Morty-Ricks-Ship-MOC-FACTORY-300x300.png 300w, https:\/\/mouldking.store\/wp-content\/uploads\/2022\/12\/MOC-89529-Creator-Rick-and-Morty-Ricks-Ship-MOC-FACTORY-768x768.png 768w, https:\/\/mouldking.store\/wp-content\/uploads\/2022\/12\/MOC-89529-Creator-Rick-and-Morty-Ricks-Ship-MOC-FACTORY-600x600.png 600w, https:\/\/mouldking.store\/wp-content\/uploads\/2022\/12\/MOC-89529-Creator-Rick-and-Morty-Ricks-Ship-MOC-FACTORY-150x150.png 150w, https:\/\/mouldking.store\/wp-content\/uploads\/2022\/12\/MOC-89529-Creator-Rick-and-Morty-Ricks-Ship-MOC-FACTORY-60x60.png 60w, https:\/\/mouldking.store\/wp-content\/uploads\/2022\/12\/MOC-89529-Creator-Rick-and-Morty-Ricks-Ship-MOC-FACTORY-90x90.png 90w\" sizes=\"(max-width: 1004px) 100vw, 1004px\" \/><figcaption id=\"caption-attachment-37465\" class=\"wp-caption-text\">MOC-89529 Rick und Morty-Ricks Schiff mit 554 Teilen<\/figcaption><\/figure>\n<figure id=\"attachment_37466\" aria-describedby=\"caption-attachment-37466\" style=\"width: 1000px\" class=\"wp-caption aligncenter\"><img decoding=\"async\" class=\"wp-image-37466 size-full\" src=\"https:\/\/mouldking.store\/wp-content\/uploads\/2022\/12\/MOC-Rick-and-Morty-Ricks-Ship-7.jpg\" alt=\"MOC-89529 Rick and Morty-Rick\u2019s Ship With 554 Pieces\" width=\"1000\" height=\"1000\" title=\"-\" srcset=\"https:\/\/mouldking.store\/wp-content\/uploads\/2022\/12\/MOC-Rick-and-Morty-Ricks-Ship-7.jpg 1000w, https:\/\/mouldking.store\/wp-content\/uploads\/2022\/12\/MOC-Rick-and-Morty-Ricks-Ship-7-300x300.jpg 300w, https:\/\/mouldking.store\/wp-content\/uploads\/2022\/12\/MOC-Rick-and-Morty-Ricks-Ship-7-768x768.jpg 768w, https:\/\/mouldking.store\/wp-content\/uploads\/2022\/12\/MOC-Rick-and-Morty-Ricks-Ship-7-600x600.jpg 600w, https:\/\/mouldking.store\/wp-content\/uploads\/2022\/12\/MOC-Rick-and-Morty-Ricks-Ship-7-150x150.jpg 150w, https:\/\/mouldking.store\/wp-content\/uploads\/2022\/12\/MOC-Rick-and-Morty-Ricks-Ship-7-60x60.jpg 60w, https:\/\/mouldking.store\/wp-content\/uploads\/2022\/12\/MOC-Rick-and-Morty-Ricks-Ship-7-90x90.jpg 90w\" sizes=\"(max-width: 1000px) 100vw, 1000px\" \/><figcaption id=\"caption-attachment-37466\" class=\"wp-caption-text\">MOC-89529 Rick und Morty-Ricks Schiff mit 554 Teilen<\/figcaption><\/figure>\n<figure id=\"attachment_37467\" aria-describedby=\"caption-attachment-37467\" style=\"width: 1000px\" class=\"wp-caption aligncenter\"><img decoding=\"async\" class=\"wp-image-37467 size-full\" src=\"https:\/\/mouldking.store\/wp-content\/uploads\/2022\/12\/MOC-Rick-and-Morty-Ricks-Ship-6.jpg\" alt=\"MOC-89529 Rick and Morty-Rick\u2019s Ship With 554 Pieces\" width=\"1000\" height=\"1000\" title=\"-\" srcset=\"https:\/\/mouldking.store\/wp-content\/uploads\/2022\/12\/MOC-Rick-and-Morty-Ricks-Ship-6.jpg 1000w, https:\/\/mouldking.store\/wp-content\/uploads\/2022\/12\/MOC-Rick-and-Morty-Ricks-Ship-6-300x300.jpg 300w, https:\/\/mouldking.store\/wp-content\/uploads\/2022\/12\/MOC-Rick-and-Morty-Ricks-Ship-6-768x768.jpg 768w, https:\/\/mouldking.store\/wp-content\/uploads\/2022\/12\/MOC-Rick-and-Morty-Ricks-Ship-6-600x600.jpg 600w, https:\/\/mouldking.store\/wp-content\/uploads\/2022\/12\/MOC-Rick-and-Morty-Ricks-Ship-6-150x150.jpg 150w, https:\/\/mouldking.store\/wp-content\/uploads\/2022\/12\/MOC-Rick-and-Morty-Ricks-Ship-6-60x60.jpg 60w, https:\/\/mouldking.store\/wp-content\/uploads\/2022\/12\/MOC-Rick-and-Morty-Ricks-Ship-6-90x90.jpg 90w\" sizes=\"(max-width: 1000px) 100vw, 1000px\" \/><figcaption id=\"caption-attachment-37467\" class=\"wp-caption-text\">MOC-89529 Rick und Morty-Ricks Schiff mit 554 Teilen<\/figcaption><\/figure>\n<figure id=\"attachment_37468\" aria-describedby=\"caption-attachment-37468\" style=\"width: 1000px\" class=\"wp-caption aligncenter\"><img loading=\"lazy\" decoding=\"async\" class=\"wp-image-37468 size-full\" src=\"https:\/\/mouldking.store\/wp-content\/uploads\/2022\/12\/MOC-Rick-and-Morty-Ricks-Ship-5.jpg\" alt=\"MOC-89529 Rick and Morty-Rick\u2019s Ship With 554 Pieces\" width=\"1000\" height=\"1000\" title=\"-\" srcset=\"https:\/\/mouldking.store\/wp-content\/uploads\/2022\/12\/MOC-Rick-and-Morty-Ricks-Ship-5.jpg 1000w, https:\/\/mouldking.store\/wp-content\/uploads\/2022\/12\/MOC-Rick-and-Morty-Ricks-Ship-5-300x300.jpg 300w, https:\/\/mouldking.store\/wp-content\/uploads\/2022\/12\/MOC-Rick-and-Morty-Ricks-Ship-5-768x768.jpg 768w, https:\/\/mouldking.store\/wp-content\/uploads\/2022\/12\/MOC-Rick-and-Morty-Ricks-Ship-5-600x600.jpg 600w, https:\/\/mouldking.store\/wp-content\/uploads\/2022\/12\/MOC-Rick-and-Morty-Ricks-Ship-5-150x150.jpg 150w, https:\/\/mouldking.store\/wp-content\/uploads\/2022\/12\/MOC-Rick-and-Morty-Ricks-Ship-5-60x60.jpg 60w, https:\/\/mouldking.store\/wp-content\/uploads\/2022\/12\/MOC-Rick-and-Morty-Ricks-Ship-5-90x90.jpg 90w\" sizes=\"(max-width: 1000px) 100vw, 1000px\" \/><figcaption id=\"caption-attachment-37468\" class=\"wp-caption-text\">MOC-89529 Rick und Morty-Ricks Schiff mit 554 Teilen<\/figcaption><\/figure>\n<figure id=\"attachment_37469\" aria-describedby=\"caption-attachment-37469\" style=\"width: 1000px\" class=\"wp-caption aligncenter\"><img loading=\"lazy\" decoding=\"async\" class=\"wp-image-37469 size-full\" src=\"https:\/\/mouldking.store\/wp-content\/uploads\/2022\/12\/MOC-Rick-and-Morty-Ricks-Ship-4.jpg\" alt=\"MOC-89529 Rick and Morty-Rick\u2019s Ship With 554 Pieces\" width=\"1000\" height=\"1000\" title=\"-\" srcset=\"https:\/\/mouldking.store\/wp-content\/uploads\/2022\/12\/MOC-Rick-and-Morty-Ricks-Ship-4.jpg 1000w, https:\/\/mouldking.store\/wp-content\/uploads\/2022\/12\/MOC-Rick-and-Morty-Ricks-Ship-4-300x300.jpg 300w, https:\/\/mouldking.store\/wp-content\/uploads\/2022\/12\/MOC-Rick-and-Morty-Ricks-Ship-4-768x768.jpg 768w, https:\/\/mouldking.store\/wp-content\/uploads\/2022\/12\/MOC-Rick-and-Morty-Ricks-Ship-4-600x600.jpg 600w, https:\/\/mouldking.store\/wp-content\/uploads\/2022\/12\/MOC-Rick-and-Morty-Ricks-Ship-4-150x150.jpg 150w, https:\/\/mouldking.store\/wp-content\/uploads\/2022\/12\/MOC-Rick-and-Morty-Ricks-Ship-4-60x60.jpg 60w, https:\/\/mouldking.store\/wp-content\/uploads\/2022\/12\/MOC-Rick-and-Morty-Ricks-Ship-4-90x90.jpg 90w\" sizes=\"(max-width: 1000px) 100vw, 1000px\" \/><figcaption id=\"caption-attachment-37469\" class=\"wp-caption-text\">MOC-89529 Rick und Morty-Ricks Schiff mit 554 Teilen<\/figcaption><\/figure>\n<figure id=\"attachment_37470\" aria-describedby=\"caption-attachment-37470\" style=\"width: 1000px\" class=\"wp-caption aligncenter\"><img loading=\"lazy\" decoding=\"async\" class=\"wp-image-37470 size-full\" src=\"https:\/\/mouldking.store\/wp-content\/uploads\/2022\/12\/MOC-Rick-and-Morty-Ricks-Ship-3.jpg\" alt=\"MOC-89529 Rick and Morty-Rick\u2019s Ship With 554 Pieces\" width=\"1000\" height=\"1000\" title=\"-\" srcset=\"https:\/\/mouldking.store\/wp-content\/uploads\/2022\/12\/MOC-Rick-and-Morty-Ricks-Ship-3.jpg 1000w, https:\/\/mouldking.store\/wp-content\/uploads\/2022\/12\/MOC-Rick-and-Morty-Ricks-Ship-3-300x300.jpg 300w, https:\/\/mouldking.store\/wp-content\/uploads\/2022\/12\/MOC-Rick-and-Morty-Ricks-Ship-3-768x768.jpg 768w, https:\/\/mouldking.store\/wp-content\/uploads\/2022\/12\/MOC-Rick-and-Morty-Ricks-Ship-3-600x600.jpg 600w, https:\/\/mouldking.store\/wp-content\/uploads\/2022\/12\/MOC-Rick-and-Morty-Ricks-Ship-3-150x150.jpg 150w, https:\/\/mouldking.store\/wp-content\/uploads\/2022\/12\/MOC-Rick-and-Morty-Ricks-Ship-3-60x60.jpg 60w, https:\/\/mouldking.store\/wp-content\/uploads\/2022\/12\/MOC-Rick-and-Morty-Ricks-Ship-3-90x90.jpg 90w\" sizes=\"(max-width: 1000px) 100vw, 1000px\" \/><figcaption id=\"caption-attachment-37470\" class=\"wp-caption-text\">MOC-89529 Rick und Morty-Ricks Schiff mit 554 Teilen<\/figcaption><\/figure>\n<figure id=\"attachment_37471\" aria-describedby=\"caption-attachment-37471\" style=\"width: 1000px\" class=\"wp-caption aligncenter\"><img loading=\"lazy\" decoding=\"async\" class=\"wp-image-37471 size-full\" src=\"https:\/\/mouldking.store\/wp-content\/uploads\/2022\/12\/MOC-Rick-and-Morty-Ricks-Ship-2.jpg\" alt=\"MOC-89529 Rick and Morty-Rick\u2019s Ship With 554 Pieces\" width=\"1000\" height=\"1000\" title=\"-\" srcset=\"https:\/\/mouldking.store\/wp-content\/uploads\/2022\/12\/MOC-Rick-and-Morty-Ricks-Ship-2.jpg 1000w, https:\/\/mouldking.store\/wp-content\/uploads\/2022\/12\/MOC-Rick-and-Morty-Ricks-Ship-2-300x300.jpg 300w, https:\/\/mouldking.store\/wp-content\/uploads\/2022\/12\/MOC-Rick-and-Morty-Ricks-Ship-2-768x768.jpg 768w, https:\/\/mouldking.store\/wp-content\/uploads\/2022\/12\/MOC-Rick-and-Morty-Ricks-Ship-2-600x600.jpg 600w, https:\/\/mouldking.store\/wp-content\/uploads\/2022\/12\/MOC-Rick-and-Morty-Ricks-Ship-2-150x150.jpg 150w, https:\/\/mouldking.store\/wp-content\/uploads\/2022\/12\/MOC-Rick-and-Morty-Ricks-Ship-2-60x60.jpg 60w, https:\/\/mouldking.store\/wp-content\/uploads\/2022\/12\/MOC-Rick-and-Morty-Ricks-Ship-2-90x90.jpg 90w\" sizes=\"(max-width: 1000px) 100vw, 1000px\" \/><figcaption id=\"caption-attachment-37471\" class=\"wp-caption-text\">MOC-89529 Rick und Morty-Ricks Schiff mit 554 Teilen<\/figcaption><\/figure>\n<figure id=\"attachment_37472\" aria-describedby=\"caption-attachment-37472\" style=\"width: 747px\" class=\"wp-caption aligncenter\"><img loading=\"lazy\" decoding=\"async\" class=\"wp-image-37472 size-large\" src=\"https:\/\/mouldking.store\/wp-content\/uploads\/2022\/12\/MOC-Rick-and-Morty-Ricks-Ship-1-747x1024.jpg\" alt=\"MOC-89529 Rick and Morty-Rick\u2019s Ship With 554 Pieces\" width=\"747\" height=\"1024\" title=\"-\" srcset=\"https:\/\/mouldking.store\/wp-content\/uploads\/2022\/12\/MOC-Rick-and-Morty-Ricks-Ship-1-747x1024.jpg 747w, https:\/\/mouldking.store\/wp-content\/uploads\/2022\/12\/MOC-Rick-and-Morty-Ricks-Ship-1-219x300.jpg 219w, https:\/\/mouldking.store\/wp-content\/uploads\/2022\/12\/MOC-Rick-and-Morty-Ricks-Ship-1-768x1053.jpg 768w, https:\/\/mouldking.store\/wp-content\/uploads\/2022\/12\/MOC-Rick-and-Morty-Ricks-Ship-1-300x411.jpg 300w, https:\/\/mouldking.store\/wp-content\/uploads\/2022\/12\/MOC-Rick-and-Morty-Ricks-Ship-1-600x823.jpg 600w, https:\/\/mouldking.store\/wp-content\/uploads\/2022\/12\/MOC-Rick-and-Morty-Ricks-Ship-1-109x150.jpg 109w, https:\/\/mouldking.store\/wp-content\/uploads\/2022\/12\/MOC-Rick-and-Morty-Ricks-Ship-1-44x60.jpg 44w, https:\/\/mouldking.store\/wp-content\/uploads\/2022\/12\/MOC-Rick-and-Morty-Ricks-Ship-1-66x90.jpg 66w, https:\/\/mouldking.store\/wp-content\/uploads\/2022\/12\/MOC-Rick-and-Morty-Ricks-Ship-1.jpg 875w\" sizes=\"(max-width: 747px) 100vw, 747px\" \/><figcaption id=\"caption-attachment-37472\" class=\"wp-caption-text\">MOC-89529 Rick und Morty-Ricks Schiff mit 554 Teilen<\/figcaption><\/figure>","protected":false},"excerpt":{"rendered":"<p>Product information: Brand: MOC Gender: Unisex Name: Rick and Morty-Rick\u2019s Ship Age Range: &gt; 6 years old Model Number: 89529 Classification: Assemblage Plastic Block Shape: Self-Locking Bricks Material: Plastic Plastic Type: ABS Bricks Blocks:554 PCS Size:18 x 16 x 21 cm Weight:0.26 kg Contains detailed assembly instructions. Notice: 1. Without an original box, but we [&hellip;]<\/p>","protected":false},"featured_media":37465,"comment_status":"closed","ping_status":"closed","template":"","meta":{"_acf_changed":false},"product_cat":[1365,1406,371],"product_tag":[9034,430,9039,9040,9033,9036,9035,9037,9038,304],"class_list":["product","first","instock","shipping-taxable","purchasable","product-type-simple"],"acf":[],"_links":{"self":[{"href":"https:\/\/mouldking.store\/de\/wp-json\/wp\/v2\/product\/37464","targetHints":{"allow":["GET"]}}],"collection":[{"href":"https:\/\/mouldking.store\/de\/wp-json\/wp\/v2\/product"}],"about":[{"href":"https:\/\/mouldking.store\/de\/wp-json\/wp\/v2\/types\/product"}],"replies":[{"embeddable":true,"href":"https:\/\/mouldking.store\/de\/wp-json\/wp\/v2\/comments?post=37464"}],"wp:featuredmedia":[{"embeddable":true,"href":"https:\/\/mouldking.store\/de\/wp-json\/wp\/v2\/media\/37465"}],"wp:attachment":[{"href":"https:\/\/mouldking.store\/de\/wp-json\/wp\/v2\/media?parent=37464"}],"wp:term":[{"taxonomy":"product_cat","embeddable":true,"href":"https:\/\/mouldking.store\/de\/wp-json\/wp\/v2\/product_cat?post=37464"},{"taxonomy":"product_tag","embeddable":true,"href":"https:\/\/mouldking.store\/de\/wp-json\/wp\/v2\/product_tag?post=37464"}],"curies":[{"name":"wp","href":"https:\/\/api.w.org\/{rel}","templated":true}]}}