{"id":37474,"date":"2022-12-07T09:34:20","date_gmt":"2022-12-07T02:34:20","guid":{"rendered":"https:\/\/mouldking.store\/?post_type=product&#038;p=37474"},"modified":"2025-12-25T09:12:12","modified_gmt":"2025-12-25T02:12:12","slug":"moc-114029-nexu-beast-from-petranaki-geonosian-arena-with-346-pieces","status":"publish","type":"product","link":"https:\/\/mouldking.store\/de\/shop\/moc-114029-nexu-beast-from-petranaki-geonosian-arena-with-346-pieces\/","title":{"rendered":"MOC-114029 Nexu Beast \u2013 Aus Petranaki \/ Geonosian Arena mit 346 Teilen"},"content":{"rendered":"<p>Produktinformation:<\/p>\n<ol>\n<li>Marke: MOC<\/li>\n<li>Geschlecht: Unisex<\/li>\n<li>Name: Nexu Beast \u2013 From Petranaki \/ Geonosian Arena<\/li>\n<li>Altersspanne: &gt; 6 Jahre alt<\/li>\n<li>Model Number: 114029<\/li>\n<li>Einstufung: Assemblage<\/li>\n<li>Kunststoffblockform: Selbstsichernde Steine<\/li>\n<li>Material: Kunststoff<\/li>\n<li>Kunststofftyp: ABS<\/li>\n<li>Bricks Blocks:346 PCS<\/li>\n<li>Size: \u00a016 x 8 x 5.6 cm<\/li>\n<li>Weight:0.14 kg<\/li>\n<li>Enth\u00e4lt eine ausf\u00fchrliche Montageanleitung.<\/li>\n<\/ol>\n<p>Notiz:<br \/>\n1. Ohne Originalverpackung, aber wir garantieren, dass unsere Produkte eine Qualit\u00e4tssicherung und eine sch\u00f6ne Verpackung haben.<br \/>\n2. Wie alle Teile, die wir vor dem Versand \u00fcberpr\u00fcft haben, machen Sie sich keine Sorgen, wenn Sie feststellen, dass einige Teile fehlen oder besch\u00e4digt sind, und kontaktieren Sie uns einfach, und wir k\u00f6nnen sie Ihnen umgehend kostenlos erneut zusenden.<\/p>\n<figure id=\"attachment_37475\" aria-describedby=\"caption-attachment-37475\" style=\"width: 1024px\" class=\"wp-caption aligncenter\"><img fetchpriority=\"high\" decoding=\"async\" class=\"wp-image-37475 size-large\" src=\"https:\/\/mouldking.store\/wp-content\/uploads\/2022\/12\/MOC-114029-Creator-Nexu-Beast-1024x1024.png\" alt=\"MOC-114029 Nexu Beast \u2013 From Petranaki \/ Geonosian Arena With 346 Pieces\" width=\"1024\" height=\"1024\" title=\"-\" srcset=\"https:\/\/mouldking.store\/wp-content\/uploads\/2022\/12\/MOC-114029-Creator-Nexu-Beast-1024x1024.png 1024w, https:\/\/mouldking.store\/wp-content\/uploads\/2022\/12\/MOC-114029-Creator-Nexu-Beast-300x300.png 300w, https:\/\/mouldking.store\/wp-content\/uploads\/2022\/12\/MOC-114029-Creator-Nexu-Beast-768x768.png 768w, https:\/\/mouldking.store\/wp-content\/uploads\/2022\/12\/MOC-114029-Creator-Nexu-Beast-600x600.png 600w, https:\/\/mouldking.store\/wp-content\/uploads\/2022\/12\/MOC-114029-Creator-Nexu-Beast-150x150.png 150w, https:\/\/mouldking.store\/wp-content\/uploads\/2022\/12\/MOC-114029-Creator-Nexu-Beast-60x60.png 60w, https:\/\/mouldking.store\/wp-content\/uploads\/2022\/12\/MOC-114029-Creator-Nexu-Beast-90x90.png 90w, https:\/\/mouldking.store\/wp-content\/uploads\/2022\/12\/MOC-114029-Creator-Nexu-Beast.png 1095w\" sizes=\"(max-width: 1024px) 100vw, 1024px\" \/><figcaption id=\"caption-attachment-37475\" class=\"wp-caption-text\">MOC-114029 Nexu Beast \u2013 Aus Petranaki \/ Geonosian Arena mit 346 Teilen<\/figcaption><\/figure>\n<figure id=\"attachment_37476\" aria-describedby=\"caption-attachment-37476\" style=\"width: 1000px\" class=\"wp-caption aligncenter\"><img decoding=\"async\" class=\"wp-image-37476 size-full\" src=\"https:\/\/mouldking.store\/wp-content\/uploads\/2022\/12\/MOC-114029-Nexu-Beast-From-Petranaki-6.jpg\" alt=\"MOC-114029 Nexu Beast \u2013 From Petranaki \/ Geonosian Arena With 346 Pieces\" width=\"1000\" height=\"1000\" title=\"-\" srcset=\"https:\/\/mouldking.store\/wp-content\/uploads\/2022\/12\/MOC-114029-Nexu-Beast-From-Petranaki-6.jpg 1000w, https:\/\/mouldking.store\/wp-content\/uploads\/2022\/12\/MOC-114029-Nexu-Beast-From-Petranaki-6-300x300.jpg 300w, https:\/\/mouldking.store\/wp-content\/uploads\/2022\/12\/MOC-114029-Nexu-Beast-From-Petranaki-6-768x768.jpg 768w, https:\/\/mouldking.store\/wp-content\/uploads\/2022\/12\/MOC-114029-Nexu-Beast-From-Petranaki-6-600x600.jpg 600w, https:\/\/mouldking.store\/wp-content\/uploads\/2022\/12\/MOC-114029-Nexu-Beast-From-Petranaki-6-150x150.jpg 150w, https:\/\/mouldking.store\/wp-content\/uploads\/2022\/12\/MOC-114029-Nexu-Beast-From-Petranaki-6-60x60.jpg 60w, https:\/\/mouldking.store\/wp-content\/uploads\/2022\/12\/MOC-114029-Nexu-Beast-From-Petranaki-6-90x90.jpg 90w\" sizes=\"(max-width: 1000px) 100vw, 1000px\" \/><figcaption id=\"caption-attachment-37476\" class=\"wp-caption-text\">MOC-114029 Nexu Beast \u2013 Aus Petranaki \/ Geonosian Arena mit 346 Teilen<\/figcaption><\/figure>\n<figure id=\"attachment_37477\" aria-describedby=\"caption-attachment-37477\" style=\"width: 1000px\" class=\"wp-caption aligncenter\"><img decoding=\"async\" class=\"wp-image-37477 size-full\" src=\"https:\/\/mouldking.store\/wp-content\/uploads\/2022\/12\/MOC-114029-Nexu-Beast-From-Petranaki-5.jpg\" alt=\"MOC-114029 Nexu Beast \u2013 From Petranaki \/ Geonosian Arena With 346 Pieces\" width=\"1000\" height=\"1000\" title=\"-\" srcset=\"https:\/\/mouldking.store\/wp-content\/uploads\/2022\/12\/MOC-114029-Nexu-Beast-From-Petranaki-5.jpg 1000w, https:\/\/mouldking.store\/wp-content\/uploads\/2022\/12\/MOC-114029-Nexu-Beast-From-Petranaki-5-300x300.jpg 300w, https:\/\/mouldking.store\/wp-content\/uploads\/2022\/12\/MOC-114029-Nexu-Beast-From-Petranaki-5-768x768.jpg 768w, https:\/\/mouldking.store\/wp-content\/uploads\/2022\/12\/MOC-114029-Nexu-Beast-From-Petranaki-5-600x600.jpg 600w, https:\/\/mouldking.store\/wp-content\/uploads\/2022\/12\/MOC-114029-Nexu-Beast-From-Petranaki-5-150x150.jpg 150w, https:\/\/mouldking.store\/wp-content\/uploads\/2022\/12\/MOC-114029-Nexu-Beast-From-Petranaki-5-60x60.jpg 60w, https:\/\/mouldking.store\/wp-content\/uploads\/2022\/12\/MOC-114029-Nexu-Beast-From-Petranaki-5-90x90.jpg 90w\" sizes=\"(max-width: 1000px) 100vw, 1000px\" \/><figcaption id=\"caption-attachment-37477\" class=\"wp-caption-text\">MOC-114029 Nexu Beast \u2013 Aus Petranaki \/ Geonosian Arena mit 346 Teilen<\/figcaption><\/figure>\n<figure id=\"attachment_37478\" aria-describedby=\"caption-attachment-37478\" style=\"width: 1000px\" class=\"wp-caption aligncenter\"><img loading=\"lazy\" decoding=\"async\" class=\"wp-image-37478 size-full\" src=\"https:\/\/mouldking.store\/wp-content\/uploads\/2022\/12\/MOC-114029-Nexu-Beast-From-Petranaki-4.jpg\" alt=\"MOC-114029 Nexu Beast \u2013 From Petranaki \/ Geonosian Arena With 346 Pieces\" width=\"1000\" height=\"1000\" title=\"-\" srcset=\"https:\/\/mouldking.store\/wp-content\/uploads\/2022\/12\/MOC-114029-Nexu-Beast-From-Petranaki-4.jpg 1000w, https:\/\/mouldking.store\/wp-content\/uploads\/2022\/12\/MOC-114029-Nexu-Beast-From-Petranaki-4-300x300.jpg 300w, https:\/\/mouldking.store\/wp-content\/uploads\/2022\/12\/MOC-114029-Nexu-Beast-From-Petranaki-4-768x768.jpg 768w, https:\/\/mouldking.store\/wp-content\/uploads\/2022\/12\/MOC-114029-Nexu-Beast-From-Petranaki-4-600x600.jpg 600w, https:\/\/mouldking.store\/wp-content\/uploads\/2022\/12\/MOC-114029-Nexu-Beast-From-Petranaki-4-150x150.jpg 150w, https:\/\/mouldking.store\/wp-content\/uploads\/2022\/12\/MOC-114029-Nexu-Beast-From-Petranaki-4-60x60.jpg 60w, https:\/\/mouldking.store\/wp-content\/uploads\/2022\/12\/MOC-114029-Nexu-Beast-From-Petranaki-4-90x90.jpg 90w\" sizes=\"(max-width: 1000px) 100vw, 1000px\" \/><figcaption id=\"caption-attachment-37478\" class=\"wp-caption-text\">MOC-114029 Nexu Beast \u2013 Aus Petranaki \/ Geonosian Arena mit 346 Teilen<\/figcaption><\/figure>\n<figure id=\"attachment_37479\" aria-describedby=\"caption-attachment-37479\" style=\"width: 1000px\" class=\"wp-caption aligncenter\"><img loading=\"lazy\" decoding=\"async\" class=\"wp-image-37479 size-full\" src=\"https:\/\/mouldking.store\/wp-content\/uploads\/2022\/12\/MOC-114029-Nexu-Beast-From-Petranaki-3.jpg\" alt=\"MOC-114029 Nexu Beast \u2013 From Petranaki \/ Geonosian Arena With 346 Pieces\" width=\"1000\" height=\"1000\" title=\"-\" srcset=\"https:\/\/mouldking.store\/wp-content\/uploads\/2022\/12\/MOC-114029-Nexu-Beast-From-Petranaki-3.jpg 1000w, https:\/\/mouldking.store\/wp-content\/uploads\/2022\/12\/MOC-114029-Nexu-Beast-From-Petranaki-3-300x300.jpg 300w, https:\/\/mouldking.store\/wp-content\/uploads\/2022\/12\/MOC-114029-Nexu-Beast-From-Petranaki-3-768x768.jpg 768w, https:\/\/mouldking.store\/wp-content\/uploads\/2022\/12\/MOC-114029-Nexu-Beast-From-Petranaki-3-600x600.jpg 600w, https:\/\/mouldking.store\/wp-content\/uploads\/2022\/12\/MOC-114029-Nexu-Beast-From-Petranaki-3-150x150.jpg 150w, https:\/\/mouldking.store\/wp-content\/uploads\/2022\/12\/MOC-114029-Nexu-Beast-From-Petranaki-3-60x60.jpg 60w, https:\/\/mouldking.store\/wp-content\/uploads\/2022\/12\/MOC-114029-Nexu-Beast-From-Petranaki-3-90x90.jpg 90w\" sizes=\"(max-width: 1000px) 100vw, 1000px\" \/><figcaption id=\"caption-attachment-37479\" class=\"wp-caption-text\">MOC-114029 Nexu Beast \u2013 Aus Petranaki \/ Geonosian Arena mit 346 Teilen<\/figcaption><\/figure>\n<figure id=\"attachment_37480\" aria-describedby=\"caption-attachment-37480\" style=\"width: 1000px\" class=\"wp-caption aligncenter\"><img loading=\"lazy\" decoding=\"async\" class=\"wp-image-37480 size-full\" src=\"https:\/\/mouldking.store\/wp-content\/uploads\/2022\/12\/MOC-114029-Nexu-Beast-From-Petranaki-2.jpg\" alt=\"MOC-114029 Nexu Beast \u2013 From Petranaki \/ Geonosian Arena With 346 Pieces\" width=\"1000\" height=\"1000\" title=\"-\" srcset=\"https:\/\/mouldking.store\/wp-content\/uploads\/2022\/12\/MOC-114029-Nexu-Beast-From-Petranaki-2.jpg 1000w, https:\/\/mouldking.store\/wp-content\/uploads\/2022\/12\/MOC-114029-Nexu-Beast-From-Petranaki-2-300x300.jpg 300w, https:\/\/mouldking.store\/wp-content\/uploads\/2022\/12\/MOC-114029-Nexu-Beast-From-Petranaki-2-768x768.jpg 768w, https:\/\/mouldking.store\/wp-content\/uploads\/2022\/12\/MOC-114029-Nexu-Beast-From-Petranaki-2-600x600.jpg 600w, https:\/\/mouldking.store\/wp-content\/uploads\/2022\/12\/MOC-114029-Nexu-Beast-From-Petranaki-2-150x150.jpg 150w, https:\/\/mouldking.store\/wp-content\/uploads\/2022\/12\/MOC-114029-Nexu-Beast-From-Petranaki-2-60x60.jpg 60w, https:\/\/mouldking.store\/wp-content\/uploads\/2022\/12\/MOC-114029-Nexu-Beast-From-Petranaki-2-90x90.jpg 90w\" sizes=\"(max-width: 1000px) 100vw, 1000px\" \/><figcaption id=\"caption-attachment-37480\" class=\"wp-caption-text\">MOC-114029 Nexu Beast \u2013 Aus Petranaki \/ Geonosian Arena mit 346 Teilen<\/figcaption><\/figure>\n<figure id=\"attachment_37481\" aria-describedby=\"caption-attachment-37481\" style=\"width: 538px\" class=\"wp-caption aligncenter\"><img loading=\"lazy\" decoding=\"async\" class=\"wp-image-37481 size-large\" src=\"https:\/\/mouldking.store\/wp-content\/uploads\/2022\/12\/MOC-114029-Nexu-Beast-From-Petranaki-1-538x1024.jpg\" alt=\"MOC-114029 Nexu Beast \u2013 From Petranaki \/ Geonosian Arena With 346 Pieces\" width=\"538\" height=\"1024\" title=\"-\" srcset=\"https:\/\/mouldking.store\/wp-content\/uploads\/2022\/12\/MOC-114029-Nexu-Beast-From-Petranaki-1-538x1024.jpg 538w, https:\/\/mouldking.store\/wp-content\/uploads\/2022\/12\/MOC-114029-Nexu-Beast-From-Petranaki-1-158x300.jpg 158w, https:\/\/mouldking.store\/wp-content\/uploads\/2022\/12\/MOC-114029-Nexu-Beast-From-Petranaki-1-300x571.jpg 300w, https:\/\/mouldking.store\/wp-content\/uploads\/2022\/12\/MOC-114029-Nexu-Beast-From-Petranaki-1-600x1143.jpg 600w, https:\/\/mouldking.store\/wp-content\/uploads\/2022\/12\/MOC-114029-Nexu-Beast-From-Petranaki-1-79x150.jpg 79w, https:\/\/mouldking.store\/wp-content\/uploads\/2022\/12\/MOC-114029-Nexu-Beast-From-Petranaki-1-32x60.jpg 32w, https:\/\/mouldking.store\/wp-content\/uploads\/2022\/12\/MOC-114029-Nexu-Beast-From-Petranaki-1-47x90.jpg 47w, https:\/\/mouldking.store\/wp-content\/uploads\/2022\/12\/MOC-114029-Nexu-Beast-From-Petranaki-1.jpg 630w\" sizes=\"(max-width: 538px) 100vw, 538px\" \/><figcaption id=\"caption-attachment-37481\" class=\"wp-caption-text\">MOC-114029 Nexu Beast \u2013 Aus Petranaki \/ Geonosian Arena mit 346 Teilen<\/figcaption><\/figure>","protected":false},"excerpt":{"rendered":"<p>Product information: Brand: MOC Gender: Unisex Name: Nexu Beast \u2013 From Petranaki \/ Geonosian Arena Age Range: &gt; 6 years old Model Number: 114029 Classification: Assemblage Plastic Block Shape: Self-Locking Bricks Material: Plastic Plastic Type: ABS Bricks Blocks:346 PCS Size: \u00a016 x 8 x 5.6 cm Weight:0.14 kg Contains detailed assembly instructions. Notice: 1. Without [&hellip;]<\/p>","protected":false},"featured_media":37475,"comment_status":"closed","ping_status":"closed","template":"","meta":{"_acf_changed":false},"product_cat":[1365,1406,371],"product_tag":[9042,8199,8201,8198,8200,430,9045,9046,9041,9043,9044,8197],"class_list":["product","first","instock","shipping-taxable","purchasable","product-type-simple"],"acf":[],"_links":{"self":[{"href":"https:\/\/mouldking.store\/de\/wp-json\/wp\/v2\/product\/37474","targetHints":{"allow":["GET"]}}],"collection":[{"href":"https:\/\/mouldking.store\/de\/wp-json\/wp\/v2\/product"}],"about":[{"href":"https:\/\/mouldking.store\/de\/wp-json\/wp\/v2\/types\/product"}],"replies":[{"embeddable":true,"href":"https:\/\/mouldking.store\/de\/wp-json\/wp\/v2\/comments?post=37474"}],"wp:featuredmedia":[{"embeddable":true,"href":"https:\/\/mouldking.store\/de\/wp-json\/wp\/v2\/media\/37475"}],"wp:attachment":[{"href":"https:\/\/mouldking.store\/de\/wp-json\/wp\/v2\/media?parent=37474"}],"wp:term":[{"taxonomy":"product_cat","embeddable":true,"href":"https:\/\/mouldking.store\/de\/wp-json\/wp\/v2\/product_cat?post=37474"},{"taxonomy":"product_tag","embeddable":true,"href":"https:\/\/mouldking.store\/de\/wp-json\/wp\/v2\/product_tag?post=37474"}],"curies":[{"name":"wp","href":"https:\/\/api.w.org\/{rel}","templated":true}]}}