{"id":37495,"date":"2022-12-07T09:50:39","date_gmt":"2022-12-07T02:50:39","guid":{"rendered":"https:\/\/mouldking.store\/?post_type=product&#038;p=37495"},"modified":"2022-12-07T09:50:39","modified_gmt":"2022-12-07T02:50:39","slug":"fiftyseven-no-57-2-deepsea-ripper","status":"publish","type":"product","link":"https:\/\/mouldking.store\/de\/shop\/fiftyseven-no-57-2-deepsea-ripper\/","title":{"rendered":"Siebenundf\u00fcnfzig Nr. 57 2 DEEPSEA RIPPER"},"content":{"rendered":"<p>Produktinformation:<\/p>\n<ol>\n<li>Marke: FIFTYSEVEN<\/li>\n<li>Geschlecht: Unisex<\/li>\n<li>Name: DEEPSEA RIPPER<\/li>\n<li>Altersspanne: &gt; 6 Jahre alt<\/li>\n<li>Modellnummer: Nr. 57 2<\/li>\n<li>Einstufung: Assemblage<\/li>\n<li>Kunststoffblockform: Selbstsichernde Steine<\/li>\n<li>Material: Kunststoff<\/li>\n<li>Kunststofftyp: ABS<\/li>\n<li>Enth\u00e4lt eine ausf\u00fchrliche Montageanleitung.<\/li>\n<\/ol>\n<p>Notiz:<br \/>\n1. Ohne Originalverpackung, aber wir garantieren, dass unsere Produkte eine Qualit\u00e4tssicherung und eine sch\u00f6ne Verpackung haben.<br \/>\n2. Wie alle Teile, die wir vor dem Versand \u00fcberpr\u00fcft haben, machen Sie sich keine Sorgen, wenn Sie feststellen, dass einige Teile fehlen oder besch\u00e4digt sind, und kontaktieren Sie uns einfach, und wir k\u00f6nnen sie Ihnen umgehend kostenlos erneut zusenden.<\/p>\n<figure id=\"attachment_37496\" aria-describedby=\"caption-attachment-37496\" style=\"width: 800px\" class=\"wp-caption aligncenter\"><img fetchpriority=\"high\" decoding=\"async\" class=\"wp-image-37496 size-full\" src=\"https:\/\/mouldking.store\/wp-content\/uploads\/2022\/12\/FIFTYSEVEN-No-57-DEEPSEA-RIPPER-7.jpg\" alt=\"FIFTYSEVEN No 57 2 DEEPSEA RIPPER\" width=\"800\" height=\"800\" title=\"-\" srcset=\"https:\/\/mouldking.store\/wp-content\/uploads\/2022\/12\/FIFTYSEVEN-No-57-DEEPSEA-RIPPER-7.jpg 800w, https:\/\/mouldking.store\/wp-content\/uploads\/2022\/12\/FIFTYSEVEN-No-57-DEEPSEA-RIPPER-7-300x300.jpg 300w, https:\/\/mouldking.store\/wp-content\/uploads\/2022\/12\/FIFTYSEVEN-No-57-DEEPSEA-RIPPER-7-768x768.jpg 768w, https:\/\/mouldking.store\/wp-content\/uploads\/2022\/12\/FIFTYSEVEN-No-57-DEEPSEA-RIPPER-7-600x600.jpg 600w, https:\/\/mouldking.store\/wp-content\/uploads\/2022\/12\/FIFTYSEVEN-No-57-DEEPSEA-RIPPER-7-150x150.jpg 150w, https:\/\/mouldking.store\/wp-content\/uploads\/2022\/12\/FIFTYSEVEN-No-57-DEEPSEA-RIPPER-7-60x60.jpg 60w, https:\/\/mouldking.store\/wp-content\/uploads\/2022\/12\/FIFTYSEVEN-No-57-DEEPSEA-RIPPER-7-90x90.jpg 90w\" sizes=\"(max-width: 800px) 100vw, 800px\" \/><figcaption id=\"caption-attachment-37496\" class=\"wp-caption-text\">Siebenundf\u00fcnfzig Nr. 57 2 DEEPSEA RIPPER<\/figcaption><\/figure>\n<figure id=\"attachment_37497\" aria-describedby=\"caption-attachment-37497\" style=\"width: 800px\" class=\"wp-caption aligncenter\"><img decoding=\"async\" class=\"wp-image-37497 size-full\" src=\"https:\/\/mouldking.store\/wp-content\/uploads\/2022\/12\/FIFTYSEVEN-No-57-DEEPSEA-RIPPER-6.jpg\" alt=\"FIFTYSEVEN No 57 2 DEEPSEA RIPPER\" width=\"800\" height=\"800\" title=\"-\" srcset=\"https:\/\/mouldking.store\/wp-content\/uploads\/2022\/12\/FIFTYSEVEN-No-57-DEEPSEA-RIPPER-6.jpg 800w, https:\/\/mouldking.store\/wp-content\/uploads\/2022\/12\/FIFTYSEVEN-No-57-DEEPSEA-RIPPER-6-300x300.jpg 300w, https:\/\/mouldking.store\/wp-content\/uploads\/2022\/12\/FIFTYSEVEN-No-57-DEEPSEA-RIPPER-6-768x768.jpg 768w, https:\/\/mouldking.store\/wp-content\/uploads\/2022\/12\/FIFTYSEVEN-No-57-DEEPSEA-RIPPER-6-600x600.jpg 600w, https:\/\/mouldking.store\/wp-content\/uploads\/2022\/12\/FIFTYSEVEN-No-57-DEEPSEA-RIPPER-6-150x150.jpg 150w, https:\/\/mouldking.store\/wp-content\/uploads\/2022\/12\/FIFTYSEVEN-No-57-DEEPSEA-RIPPER-6-60x60.jpg 60w, https:\/\/mouldking.store\/wp-content\/uploads\/2022\/12\/FIFTYSEVEN-No-57-DEEPSEA-RIPPER-6-90x90.jpg 90w\" sizes=\"(max-width: 800px) 100vw, 800px\" \/><figcaption id=\"caption-attachment-37497\" class=\"wp-caption-text\">Siebenundf\u00fcnfzig Nr. 57 2 DEEPSEA RIPPER<\/figcaption><\/figure>\n<figure id=\"attachment_37498\" aria-describedby=\"caption-attachment-37498\" style=\"width: 800px\" class=\"wp-caption aligncenter\"><img decoding=\"async\" class=\"wp-image-37498 size-full\" src=\"https:\/\/mouldking.store\/wp-content\/uploads\/2022\/12\/FIFTYSEVEN-No-57-DEEPSEA-RIPPER-5.jpg\" alt=\"FIFTYSEVEN No 57 2 DEEPSEA RIPPER\" width=\"800\" height=\"800\" title=\"-\" srcset=\"https:\/\/mouldking.store\/wp-content\/uploads\/2022\/12\/FIFTYSEVEN-No-57-DEEPSEA-RIPPER-5.jpg 800w, https:\/\/mouldking.store\/wp-content\/uploads\/2022\/12\/FIFTYSEVEN-No-57-DEEPSEA-RIPPER-5-300x300.jpg 300w, https:\/\/mouldking.store\/wp-content\/uploads\/2022\/12\/FIFTYSEVEN-No-57-DEEPSEA-RIPPER-5-768x768.jpg 768w, https:\/\/mouldking.store\/wp-content\/uploads\/2022\/12\/FIFTYSEVEN-No-57-DEEPSEA-RIPPER-5-600x600.jpg 600w, https:\/\/mouldking.store\/wp-content\/uploads\/2022\/12\/FIFTYSEVEN-No-57-DEEPSEA-RIPPER-5-150x150.jpg 150w, https:\/\/mouldking.store\/wp-content\/uploads\/2022\/12\/FIFTYSEVEN-No-57-DEEPSEA-RIPPER-5-60x60.jpg 60w, https:\/\/mouldking.store\/wp-content\/uploads\/2022\/12\/FIFTYSEVEN-No-57-DEEPSEA-RIPPER-5-90x90.jpg 90w\" sizes=\"(max-width: 800px) 100vw, 800px\" \/><figcaption id=\"caption-attachment-37498\" class=\"wp-caption-text\">Siebenundf\u00fcnfzig Nr. 57 2 DEEPSEA RIPPER<\/figcaption><\/figure>\n<figure id=\"attachment_37499\" aria-describedby=\"caption-attachment-37499\" style=\"width: 800px\" class=\"wp-caption aligncenter\"><img loading=\"lazy\" decoding=\"async\" class=\"wp-image-37499 size-full\" src=\"https:\/\/mouldking.store\/wp-content\/uploads\/2022\/12\/FIFTYSEVEN-No-57-DEEPSEA-RIPPER-4.jpg\" alt=\"FIFTYSEVEN No 57 2 DEEPSEA RIPPER\" width=\"800\" height=\"800\" title=\"-\" srcset=\"https:\/\/mouldking.store\/wp-content\/uploads\/2022\/12\/FIFTYSEVEN-No-57-DEEPSEA-RIPPER-4.jpg 800w, https:\/\/mouldking.store\/wp-content\/uploads\/2022\/12\/FIFTYSEVEN-No-57-DEEPSEA-RIPPER-4-300x300.jpg 300w, https:\/\/mouldking.store\/wp-content\/uploads\/2022\/12\/FIFTYSEVEN-No-57-DEEPSEA-RIPPER-4-768x768.jpg 768w, https:\/\/mouldking.store\/wp-content\/uploads\/2022\/12\/FIFTYSEVEN-No-57-DEEPSEA-RIPPER-4-600x600.jpg 600w, https:\/\/mouldking.store\/wp-content\/uploads\/2022\/12\/FIFTYSEVEN-No-57-DEEPSEA-RIPPER-4-150x150.jpg 150w, https:\/\/mouldking.store\/wp-content\/uploads\/2022\/12\/FIFTYSEVEN-No-57-DEEPSEA-RIPPER-4-60x60.jpg 60w, https:\/\/mouldking.store\/wp-content\/uploads\/2022\/12\/FIFTYSEVEN-No-57-DEEPSEA-RIPPER-4-90x90.jpg 90w\" sizes=\"(max-width: 800px) 100vw, 800px\" \/><figcaption id=\"caption-attachment-37499\" class=\"wp-caption-text\">Siebenundf\u00fcnfzig Nr. 57 2 DEEPSEA RIPPER<\/figcaption><\/figure>\n<figure id=\"attachment_37500\" aria-describedby=\"caption-attachment-37500\" style=\"width: 790px\" class=\"wp-caption aligncenter\"><img loading=\"lazy\" decoding=\"async\" class=\"wp-image-37500 size-full\" src=\"https:\/\/mouldking.store\/wp-content\/uploads\/2022\/12\/FIFTYSEVEN-No-57-DEEPSEA-RIPPER-3.jpg\" alt=\"FIFTYSEVEN No 57 2 DEEPSEA RIPPER\" width=\"790\" height=\"530\" title=\"-\" srcset=\"https:\/\/mouldking.store\/wp-content\/uploads\/2022\/12\/FIFTYSEVEN-No-57-DEEPSEA-RIPPER-3.jpg 790w, https:\/\/mouldking.store\/wp-content\/uploads\/2022\/12\/FIFTYSEVEN-No-57-DEEPSEA-RIPPER-3-300x201.jpg 300w, https:\/\/mouldking.store\/wp-content\/uploads\/2022\/12\/FIFTYSEVEN-No-57-DEEPSEA-RIPPER-3-768x515.jpg 768w, https:\/\/mouldking.store\/wp-content\/uploads\/2022\/12\/FIFTYSEVEN-No-57-DEEPSEA-RIPPER-3-600x403.jpg 600w, https:\/\/mouldking.store\/wp-content\/uploads\/2022\/12\/FIFTYSEVEN-No-57-DEEPSEA-RIPPER-3-150x101.jpg 150w, https:\/\/mouldking.store\/wp-content\/uploads\/2022\/12\/FIFTYSEVEN-No-57-DEEPSEA-RIPPER-3-89x60.jpg 89w, https:\/\/mouldking.store\/wp-content\/uploads\/2022\/12\/FIFTYSEVEN-No-57-DEEPSEA-RIPPER-3-134x90.jpg 134w\" sizes=\"(max-width: 790px) 100vw, 790px\" \/><figcaption id=\"caption-attachment-37500\" class=\"wp-caption-text\">Siebenundf\u00fcnfzig Nr. 57 2 DEEPSEA RIPPER<\/figcaption><\/figure>\n<figure id=\"attachment_37501\" aria-describedby=\"caption-attachment-37501\" style=\"width: 790px\" class=\"wp-caption aligncenter\"><img loading=\"lazy\" decoding=\"async\" class=\"wp-image-37501 size-full\" src=\"https:\/\/mouldking.store\/wp-content\/uploads\/2022\/12\/FIFTYSEVEN-No-57-DEEPSEA-RIPPER-2.jpg\" alt=\"FIFTYSEVEN No 57 2 DEEPSEA RIPPER\" width=\"790\" height=\"530\" title=\"-\" srcset=\"https:\/\/mouldking.store\/wp-content\/uploads\/2022\/12\/FIFTYSEVEN-No-57-DEEPSEA-RIPPER-2.jpg 790w, https:\/\/mouldking.store\/wp-content\/uploads\/2022\/12\/FIFTYSEVEN-No-57-DEEPSEA-RIPPER-2-300x201.jpg 300w, https:\/\/mouldking.store\/wp-content\/uploads\/2022\/12\/FIFTYSEVEN-No-57-DEEPSEA-RIPPER-2-768x515.jpg 768w, https:\/\/mouldking.store\/wp-content\/uploads\/2022\/12\/FIFTYSEVEN-No-57-DEEPSEA-RIPPER-2-600x403.jpg 600w, https:\/\/mouldking.store\/wp-content\/uploads\/2022\/12\/FIFTYSEVEN-No-57-DEEPSEA-RIPPER-2-150x101.jpg 150w, https:\/\/mouldking.store\/wp-content\/uploads\/2022\/12\/FIFTYSEVEN-No-57-DEEPSEA-RIPPER-2-89x60.jpg 89w, https:\/\/mouldking.store\/wp-content\/uploads\/2022\/12\/FIFTYSEVEN-No-57-DEEPSEA-RIPPER-2-134x90.jpg 134w\" sizes=\"(max-width: 790px) 100vw, 790px\" \/><figcaption id=\"caption-attachment-37501\" class=\"wp-caption-text\">Siebenundf\u00fcnfzig Nr. 57 2 DEEPSEA RIPPER<\/figcaption><\/figure>\n<figure id=\"attachment_37502\" aria-describedby=\"caption-attachment-37502\" style=\"width: 790px\" class=\"wp-caption aligncenter\"><img loading=\"lazy\" decoding=\"async\" class=\"wp-image-37502 size-full\" src=\"https:\/\/mouldking.store\/wp-content\/uploads\/2022\/12\/FIFTYSEVEN-No-57-DEEPSEA-RIPPER-1.jpg\" alt=\"FIFTYSEVEN No 57 2 DEEPSEA RIPPER\" width=\"790\" height=\"530\" title=\"-\" srcset=\"https:\/\/mouldking.store\/wp-content\/uploads\/2022\/12\/FIFTYSEVEN-No-57-DEEPSEA-RIPPER-1.jpg 790w, https:\/\/mouldking.store\/wp-content\/uploads\/2022\/12\/FIFTYSEVEN-No-57-DEEPSEA-RIPPER-1-300x201.jpg 300w, https:\/\/mouldking.store\/wp-content\/uploads\/2022\/12\/FIFTYSEVEN-No-57-DEEPSEA-RIPPER-1-768x515.jpg 768w, https:\/\/mouldking.store\/wp-content\/uploads\/2022\/12\/FIFTYSEVEN-No-57-DEEPSEA-RIPPER-1-600x403.jpg 600w, https:\/\/mouldking.store\/wp-content\/uploads\/2022\/12\/FIFTYSEVEN-No-57-DEEPSEA-RIPPER-1-150x101.jpg 150w, https:\/\/mouldking.store\/wp-content\/uploads\/2022\/12\/FIFTYSEVEN-No-57-DEEPSEA-RIPPER-1-89x60.jpg 89w, https:\/\/mouldking.store\/wp-content\/uploads\/2022\/12\/FIFTYSEVEN-No-57-DEEPSEA-RIPPER-1-134x90.jpg 134w\" sizes=\"(max-width: 790px) 100vw, 790px\" \/><figcaption id=\"caption-attachment-37502\" class=\"wp-caption-text\">Siebenundf\u00fcnfzig Nr. 57 2 DEEPSEA RIPPER<\/figcaption><\/figure>","protected":false},"excerpt":{"rendered":"<p>Product information: Brand: FIFTYSEVEN Gender: Unisex Name: DEEPSEA RIPPER Age Range: &gt; 6 years old Model Number: No 57 2 Classification: Assemblage Plastic Block Shape: Self-Locking Bricks Material: Plastic Plastic Type: ABS Contains detailed assembly instructions. Notice: 1. Without an original box, but we guarantee our products have quality assurance and nice packaging. 2. As [&hellip;]<\/p>","protected":false},"featured_media":37496,"comment_status":"closed","ping_status":"closed","template":"","meta":{"_acf_changed":false},"product_cat":[1365],"product_tag":[9065,9068,9056,9061,9067,9064,9057,9069,9066],"class_list":["product","first","instock","shipping-taxable","purchasable","product-type-simple"],"acf":[],"_links":{"self":[{"href":"https:\/\/mouldking.store\/de\/wp-json\/wp\/v2\/product\/37495","targetHints":{"allow":["GET"]}}],"collection":[{"href":"https:\/\/mouldking.store\/de\/wp-json\/wp\/v2\/product"}],"about":[{"href":"https:\/\/mouldking.store\/de\/wp-json\/wp\/v2\/types\/product"}],"replies":[{"embeddable":true,"href":"https:\/\/mouldking.store\/de\/wp-json\/wp\/v2\/comments?post=37495"}],"wp:featuredmedia":[{"embeddable":true,"href":"https:\/\/mouldking.store\/de\/wp-json\/wp\/v2\/media\/37496"}],"wp:attachment":[{"href":"https:\/\/mouldking.store\/de\/wp-json\/wp\/v2\/media?parent=37495"}],"wp:term":[{"taxonomy":"product_cat","embeddable":true,"href":"https:\/\/mouldking.store\/de\/wp-json\/wp\/v2\/product_cat?post=37495"},{"taxonomy":"product_tag","embeddable":true,"href":"https:\/\/mouldking.store\/de\/wp-json\/wp\/v2\/product_tag?post=37495"}],"curies":[{"name":"wp","href":"https:\/\/api.w.org\/{rel}","templated":true}]}}