{"id":37515,"date":"2022-12-07T10:09:02","date_gmt":"2022-12-07T03:09:02","guid":{"rendered":"https:\/\/mouldking.store\/?post_type=product&#038;p=37515"},"modified":"2022-12-07T10:09:02","modified_gmt":"2022-12-07T03:09:02","slug":"fiftyseven-no-57-5-battle-type-5","status":"publish","type":"product","link":"https:\/\/mouldking.store\/de\/shop\/fiftyseven-no-57-5-battle-type-5\/","title":{"rendered":"FIFTYSEVEN Nr. 57 5 BATTLE TYPE.5"},"content":{"rendered":"<p>Produktinformation:<\/p>\n<ol>\n<li>Marke: FIFTYSEVEN<\/li>\n<li>Geschlecht: Unisex<\/li>\n<li>Name: BATTLE TYPE.5<\/li>\n<li>Altersspanne: &gt; 6 Jahre alt<\/li>\n<li>Model Number: No 57 5<\/li>\n<li>Einstufung: Assemblage<\/li>\n<li>Kunststoffblockform: Selbstsichernde Steine<\/li>\n<li>Material: Kunststoff<\/li>\n<li>Kunststofftyp: ABS<\/li>\n<li>Enth\u00e4lt eine ausf\u00fchrliche Montageanleitung.<\/li>\n<\/ol>\n<p>Notiz:<br \/>\n1. Ohne Originalverpackung, aber wir garantieren, dass unsere Produkte eine Qualit\u00e4tssicherung und eine sch\u00f6ne Verpackung haben.<br \/>\n2. Wie alle Teile, die wir vor dem Versand \u00fcberpr\u00fcft haben, machen Sie sich keine Sorgen, wenn Sie feststellen, dass einige Teile fehlen oder besch\u00e4digt sind, und kontaktieren Sie uns einfach, und wir k\u00f6nnen sie Ihnen umgehend kostenlos erneut zusenden.<\/p>\n<figure id=\"attachment_37516\" aria-describedby=\"caption-attachment-37516\" style=\"width: 800px\" class=\"wp-caption aligncenter\"><img fetchpriority=\"high\" decoding=\"async\" class=\"wp-image-37516 size-full\" src=\"https:\/\/mouldking.store\/wp-content\/uploads\/2022\/12\/FIFTYSEVEN-No-57-BATTLE-TYPE.5-5.jpg\" alt=\"FIFTYSEVEN No 57 5 BATTLE TYPE.5\" width=\"800\" height=\"800\" title=\"-\" srcset=\"https:\/\/mouldking.store\/wp-content\/uploads\/2022\/12\/FIFTYSEVEN-No-57-BATTLE-TYPE.5-5.jpg 800w, https:\/\/mouldking.store\/wp-content\/uploads\/2022\/12\/FIFTYSEVEN-No-57-BATTLE-TYPE.5-5-300x300.jpg 300w, https:\/\/mouldking.store\/wp-content\/uploads\/2022\/12\/FIFTYSEVEN-No-57-BATTLE-TYPE.5-5-768x768.jpg 768w, https:\/\/mouldking.store\/wp-content\/uploads\/2022\/12\/FIFTYSEVEN-No-57-BATTLE-TYPE.5-5-600x600.jpg 600w, https:\/\/mouldking.store\/wp-content\/uploads\/2022\/12\/FIFTYSEVEN-No-57-BATTLE-TYPE.5-5-150x150.jpg 150w, https:\/\/mouldking.store\/wp-content\/uploads\/2022\/12\/FIFTYSEVEN-No-57-BATTLE-TYPE.5-5-60x60.jpg 60w, https:\/\/mouldking.store\/wp-content\/uploads\/2022\/12\/FIFTYSEVEN-No-57-BATTLE-TYPE.5-5-90x90.jpg 90w\" sizes=\"(max-width: 800px) 100vw, 800px\" \/><figcaption id=\"caption-attachment-37516\" class=\"wp-caption-text\">FIFTYSEVEN Nr. 57 5 BATTLE TYPE.5<\/figcaption><\/figure>\n<figure id=\"attachment_37517\" aria-describedby=\"caption-attachment-37517\" style=\"width: 743px\" class=\"wp-caption aligncenter\"><img decoding=\"async\" class=\"wp-image-37517 size-full\" src=\"https:\/\/mouldking.store\/wp-content\/uploads\/2022\/12\/FIFTYSEVEN-No-57-BATTLE-TYPE.5-4.jpg\" alt=\"FIFTYSEVEN No 57 5 BATTLE TYPE.5\" width=\"743\" height=\"1024\" title=\"-\" srcset=\"https:\/\/mouldking.store\/wp-content\/uploads\/2022\/12\/FIFTYSEVEN-No-57-BATTLE-TYPE.5-4.jpg 743w, https:\/\/mouldking.store\/wp-content\/uploads\/2022\/12\/FIFTYSEVEN-No-57-BATTLE-TYPE.5-4-218x300.jpg 218w, https:\/\/mouldking.store\/wp-content\/uploads\/2022\/12\/FIFTYSEVEN-No-57-BATTLE-TYPE.5-4-300x413.jpg 300w, https:\/\/mouldking.store\/wp-content\/uploads\/2022\/12\/FIFTYSEVEN-No-57-BATTLE-TYPE.5-4-600x827.jpg 600w, https:\/\/mouldking.store\/wp-content\/uploads\/2022\/12\/FIFTYSEVEN-No-57-BATTLE-TYPE.5-4-109x150.jpg 109w, https:\/\/mouldking.store\/wp-content\/uploads\/2022\/12\/FIFTYSEVEN-No-57-BATTLE-TYPE.5-4-44x60.jpg 44w, https:\/\/mouldking.store\/wp-content\/uploads\/2022\/12\/FIFTYSEVEN-No-57-BATTLE-TYPE.5-4-65x90.jpg 65w\" sizes=\"(max-width: 743px) 100vw, 743px\" \/><figcaption id=\"caption-attachment-37517\" class=\"wp-caption-text\">FIFTYSEVEN Nr. 57 5 BATTLE TYPE.5<\/figcaption><\/figure>\n<figure id=\"attachment_37518\" aria-describedby=\"caption-attachment-37518\" style=\"width: 790px\" class=\"wp-caption aligncenter\"><img decoding=\"async\" class=\"wp-image-37518 size-full\" src=\"https:\/\/mouldking.store\/wp-content\/uploads\/2022\/12\/FIFTYSEVEN-No-57-BATTLE-TYPE.5-3.jpg\" alt=\"FIFTYSEVEN No 57 5 BATTLE TYPE.5\" width=\"790\" height=\"790\" title=\"-\" srcset=\"https:\/\/mouldking.store\/wp-content\/uploads\/2022\/12\/FIFTYSEVEN-No-57-BATTLE-TYPE.5-3.jpg 790w, https:\/\/mouldking.store\/wp-content\/uploads\/2022\/12\/FIFTYSEVEN-No-57-BATTLE-TYPE.5-3-300x300.jpg 300w, https:\/\/mouldking.store\/wp-content\/uploads\/2022\/12\/FIFTYSEVEN-No-57-BATTLE-TYPE.5-3-768x768.jpg 768w, https:\/\/mouldking.store\/wp-content\/uploads\/2022\/12\/FIFTYSEVEN-No-57-BATTLE-TYPE.5-3-600x600.jpg 600w, https:\/\/mouldking.store\/wp-content\/uploads\/2022\/12\/FIFTYSEVEN-No-57-BATTLE-TYPE.5-3-150x150.jpg 150w, https:\/\/mouldking.store\/wp-content\/uploads\/2022\/12\/FIFTYSEVEN-No-57-BATTLE-TYPE.5-3-60x60.jpg 60w, https:\/\/mouldking.store\/wp-content\/uploads\/2022\/12\/FIFTYSEVEN-No-57-BATTLE-TYPE.5-3-90x90.jpg 90w\" sizes=\"(max-width: 790px) 100vw, 790px\" \/><figcaption id=\"caption-attachment-37518\" class=\"wp-caption-text\">FIFTYSEVEN Nr. 57 5 BATTLE TYPE.5<\/figcaption><\/figure>\n<figure id=\"attachment_37519\" aria-describedby=\"caption-attachment-37519\" style=\"width: 689px\" class=\"wp-caption aligncenter\"><img loading=\"lazy\" decoding=\"async\" class=\"wp-image-37519 size-full\" src=\"https:\/\/mouldking.store\/wp-content\/uploads\/2022\/12\/FIFTYSEVEN-No-57-BATTLE-TYPE.5-2.jpg\" alt=\"FIFTYSEVEN No 57 5 BATTLE TYPE.5\" width=\"689\" height=\"1024\" title=\"-\" srcset=\"https:\/\/mouldking.store\/wp-content\/uploads\/2022\/12\/FIFTYSEVEN-No-57-BATTLE-TYPE.5-2.jpg 689w, https:\/\/mouldking.store\/wp-content\/uploads\/2022\/12\/FIFTYSEVEN-No-57-BATTLE-TYPE.5-2-202x300.jpg 202w, https:\/\/mouldking.store\/wp-content\/uploads\/2022\/12\/FIFTYSEVEN-No-57-BATTLE-TYPE.5-2-300x446.jpg 300w, https:\/\/mouldking.store\/wp-content\/uploads\/2022\/12\/FIFTYSEVEN-No-57-BATTLE-TYPE.5-2-600x892.jpg 600w, https:\/\/mouldking.store\/wp-content\/uploads\/2022\/12\/FIFTYSEVEN-No-57-BATTLE-TYPE.5-2-101x150.jpg 101w, https:\/\/mouldking.store\/wp-content\/uploads\/2022\/12\/FIFTYSEVEN-No-57-BATTLE-TYPE.5-2-40x60.jpg 40w, https:\/\/mouldking.store\/wp-content\/uploads\/2022\/12\/FIFTYSEVEN-No-57-BATTLE-TYPE.5-2-61x90.jpg 61w\" sizes=\"(max-width: 689px) 100vw, 689px\" \/><figcaption id=\"caption-attachment-37519\" class=\"wp-caption-text\">FIFTYSEVEN Nr. 57 5 BATTLE TYPE.5<\/figcaption><\/figure>\n<figure id=\"attachment_37520\" aria-describedby=\"caption-attachment-37520\" style=\"width: 726px\" class=\"wp-caption aligncenter\"><img loading=\"lazy\" decoding=\"async\" class=\"wp-image-37520 size-full\" src=\"https:\/\/mouldking.store\/wp-content\/uploads\/2022\/12\/FIFTYSEVEN-No-57-BATTLE-TYPE.5-1.jpg\" alt=\"FIFTYSEVEN No 57 5 BATTLE TYPE.5\" width=\"726\" height=\"1024\" title=\"-\" srcset=\"https:\/\/mouldking.store\/wp-content\/uploads\/2022\/12\/FIFTYSEVEN-No-57-BATTLE-TYPE.5-1.jpg 726w, https:\/\/mouldking.store\/wp-content\/uploads\/2022\/12\/FIFTYSEVEN-No-57-BATTLE-TYPE.5-1-213x300.jpg 213w, https:\/\/mouldking.store\/wp-content\/uploads\/2022\/12\/FIFTYSEVEN-No-57-BATTLE-TYPE.5-1-300x423.jpg 300w, https:\/\/mouldking.store\/wp-content\/uploads\/2022\/12\/FIFTYSEVEN-No-57-BATTLE-TYPE.5-1-600x846.jpg 600w, https:\/\/mouldking.store\/wp-content\/uploads\/2022\/12\/FIFTYSEVEN-No-57-BATTLE-TYPE.5-1-106x150.jpg 106w, https:\/\/mouldking.store\/wp-content\/uploads\/2022\/12\/FIFTYSEVEN-No-57-BATTLE-TYPE.5-1-43x60.jpg 43w, https:\/\/mouldking.store\/wp-content\/uploads\/2022\/12\/FIFTYSEVEN-No-57-BATTLE-TYPE.5-1-64x90.jpg 64w\" sizes=\"(max-width: 726px) 100vw, 726px\" \/><figcaption id=\"caption-attachment-37520\" class=\"wp-caption-text\">FIFTYSEVEN Nr. 57 5 BATTLE TYPE.5<\/figcaption><\/figure>","protected":false},"excerpt":{"rendered":"<p>Product information: Brand: FIFTYSEVEN Gender: Unisex Name: BATTLE TYPE.5 Age Range: &gt; 6 years old Model Number: No 57 5 Classification: Assemblage Plastic Block Shape: Self-Locking Bricks Material: Plastic Plastic Type: ABS Contains detailed assembly instructions. Notice: 1. Without an original box, but we guarantee our products have quality assurance and nice packaging. 2. As [&hellip;]<\/p>","protected":false},"featured_media":37516,"comment_status":"closed","ping_status":"closed","template":"","meta":{"_acf_changed":false},"product_cat":[1365],"product_tag":[9077,9084,9056,9061,9085,9082,9057,9086,9083],"class_list":["product","first","instock","shipping-taxable","purchasable","product-type-simple"],"acf":[],"_links":{"self":[{"href":"https:\/\/mouldking.store\/de\/wp-json\/wp\/v2\/product\/37515","targetHints":{"allow":["GET"]}}],"collection":[{"href":"https:\/\/mouldking.store\/de\/wp-json\/wp\/v2\/product"}],"about":[{"href":"https:\/\/mouldking.store\/de\/wp-json\/wp\/v2\/types\/product"}],"replies":[{"embeddable":true,"href":"https:\/\/mouldking.store\/de\/wp-json\/wp\/v2\/comments?post=37515"}],"wp:featuredmedia":[{"embeddable":true,"href":"https:\/\/mouldking.store\/de\/wp-json\/wp\/v2\/media\/37516"}],"wp:attachment":[{"href":"https:\/\/mouldking.store\/de\/wp-json\/wp\/v2\/media?parent=37515"}],"wp:term":[{"taxonomy":"product_cat","embeddable":true,"href":"https:\/\/mouldking.store\/de\/wp-json\/wp\/v2\/product_cat?post=37515"},{"taxonomy":"product_tag","embeddable":true,"href":"https:\/\/mouldking.store\/de\/wp-json\/wp\/v2\/product_tag?post=37515"}],"curies":[{"name":"wp","href":"https:\/\/api.w.org\/{rel}","templated":true}]}}