{"id":37545,"date":"2022-12-08T12:05:18","date_gmt":"2022-12-08T05:05:18","guid":{"rendered":"https:\/\/mouldking.store\/?post_type=product&#038;p=37545"},"modified":"2025-12-25T09:12:11","modified_gmt":"2025-12-25T02:12:11","slug":"moc-2803-honda-ra-300-with-1199-pieces","status":"publish","type":"product","link":"https:\/\/mouldking.store\/de\/shop\/moc-2803-honda-ra-300-with-1199-pieces\/","title":{"rendered":"MOC-2803 Honda RA 300 mit 1199 St\u00fcck"},"content":{"rendered":"<p>Produktinformation:<\/p>\n<ol>\n<li>Marke: MOC<\/li>\n<li>Geschlecht: Unisex<\/li>\n<li>Name: Honda RA 300<\/li>\n<li>Altersspanne: &gt; 6 Jahre alt<\/li>\n<li>Model Number: 2803<\/li>\n<li>Einstufung: Assemblage<\/li>\n<li>Kunststoffblockform: Selbstsichernde Steine<\/li>\n<li>Material: Kunststoff<\/li>\n<li>Kunststofftyp: ABS<\/li>\n<li>Bricks Blocks:1199 PCS<\/li>\n<li>Enth\u00e4lt eine ausf\u00fchrliche Montageanleitung.<\/li>\n<li>Zeiteinteilung: 4-8 Wochen<\/li>\n<\/ol>\n<p>Notiz:<br \/>\n1. Ohne Originalverpackung, aber wir garantieren, dass unsere Produkte eine Qualit\u00e4tssicherung und eine sch\u00f6ne Verpackung haben.<br \/>\n2. Wie alle Teile, die wir vor dem Versand \u00fcberpr\u00fcft haben, machen Sie sich keine Sorgen, wenn Sie feststellen, dass einige Teile fehlen oder besch\u00e4digt sind, und kontaktieren Sie uns einfach, und wir k\u00f6nnen sie Ihnen umgehend kostenlos erneut zusenden.<\/p>\n<figure id=\"attachment_37546\" aria-describedby=\"caption-attachment-37546\" style=\"width: 1004px\" class=\"wp-caption aligncenter\"><img fetchpriority=\"high\" decoding=\"async\" class=\"wp-image-37546 size-full\" src=\"https:\/\/mouldking.store\/wp-content\/uploads\/2022\/12\/MOC-2803-Technic-Honda-RA-300-MOC-FACTORY.png\" alt=\"MOC-2803 Honda RA 300 With 1199 Pieces\" width=\"1004\" height=\"1004\" title=\"-\" srcset=\"https:\/\/mouldking.store\/wp-content\/uploads\/2022\/12\/MOC-2803-Technic-Honda-RA-300-MOC-FACTORY.png 1004w, https:\/\/mouldking.store\/wp-content\/uploads\/2022\/12\/MOC-2803-Technic-Honda-RA-300-MOC-FACTORY-300x300.png 300w, https:\/\/mouldking.store\/wp-content\/uploads\/2022\/12\/MOC-2803-Technic-Honda-RA-300-MOC-FACTORY-768x768.png 768w, https:\/\/mouldking.store\/wp-content\/uploads\/2022\/12\/MOC-2803-Technic-Honda-RA-300-MOC-FACTORY-600x600.png 600w, https:\/\/mouldking.store\/wp-content\/uploads\/2022\/12\/MOC-2803-Technic-Honda-RA-300-MOC-FACTORY-150x150.png 150w, https:\/\/mouldking.store\/wp-content\/uploads\/2022\/12\/MOC-2803-Technic-Honda-RA-300-MOC-FACTORY-60x60.png 60w, https:\/\/mouldking.store\/wp-content\/uploads\/2022\/12\/MOC-2803-Technic-Honda-RA-300-MOC-FACTORY-90x90.png 90w\" sizes=\"(max-width: 1004px) 100vw, 1004px\" \/><figcaption id=\"caption-attachment-37546\" class=\"wp-caption-text\">MOC-2803 Honda RA 300 mit 1199 St\u00fcck<\/figcaption><\/figure>\n<figure id=\"attachment_37547\" aria-describedby=\"caption-attachment-37547\" style=\"width: 1000px\" class=\"wp-caption aligncenter\"><img decoding=\"async\" class=\"wp-image-37547 size-full\" src=\"https:\/\/mouldking.store\/wp-content\/uploads\/2022\/12\/Honda-RA-300-MOC-2803-2.png\" alt=\"MOC-2803 Honda RA 300 With 1199 Pieces\" width=\"1000\" height=\"1000\" title=\"-\" srcset=\"https:\/\/mouldking.store\/wp-content\/uploads\/2022\/12\/Honda-RA-300-MOC-2803-2.png 1000w, https:\/\/mouldking.store\/wp-content\/uploads\/2022\/12\/Honda-RA-300-MOC-2803-2-300x300.png 300w, https:\/\/mouldking.store\/wp-content\/uploads\/2022\/12\/Honda-RA-300-MOC-2803-2-768x768.png 768w, https:\/\/mouldking.store\/wp-content\/uploads\/2022\/12\/Honda-RA-300-MOC-2803-2-600x600.png 600w, https:\/\/mouldking.store\/wp-content\/uploads\/2022\/12\/Honda-RA-300-MOC-2803-2-150x150.png 150w, https:\/\/mouldking.store\/wp-content\/uploads\/2022\/12\/Honda-RA-300-MOC-2803-2-60x60.png 60w, https:\/\/mouldking.store\/wp-content\/uploads\/2022\/12\/Honda-RA-300-MOC-2803-2-90x90.png 90w\" sizes=\"(max-width: 1000px) 100vw, 1000px\" \/><figcaption id=\"caption-attachment-37547\" class=\"wp-caption-text\">MOC-2803 Honda RA 300 mit 1199 St\u00fcck<\/figcaption><\/figure>\n<figure id=\"attachment_37548\" aria-describedby=\"caption-attachment-37548\" style=\"width: 1000px\" class=\"wp-caption aligncenter\"><img decoding=\"async\" class=\"wp-image-37548 size-full\" src=\"https:\/\/mouldking.store\/wp-content\/uploads\/2022\/12\/Honda-RA-300-MOC-2803-3.png\" alt=\"MOC-2803 Honda RA 300 With 1199 Pieces\" width=\"1000\" height=\"1000\" title=\"-\" srcset=\"https:\/\/mouldking.store\/wp-content\/uploads\/2022\/12\/Honda-RA-300-MOC-2803-3.png 1000w, https:\/\/mouldking.store\/wp-content\/uploads\/2022\/12\/Honda-RA-300-MOC-2803-3-300x300.png 300w, https:\/\/mouldking.store\/wp-content\/uploads\/2022\/12\/Honda-RA-300-MOC-2803-3-768x768.png 768w, https:\/\/mouldking.store\/wp-content\/uploads\/2022\/12\/Honda-RA-300-MOC-2803-3-600x600.png 600w, https:\/\/mouldking.store\/wp-content\/uploads\/2022\/12\/Honda-RA-300-MOC-2803-3-150x150.png 150w, https:\/\/mouldking.store\/wp-content\/uploads\/2022\/12\/Honda-RA-300-MOC-2803-3-60x60.png 60w, https:\/\/mouldking.store\/wp-content\/uploads\/2022\/12\/Honda-RA-300-MOC-2803-3-90x90.png 90w\" sizes=\"(max-width: 1000px) 100vw, 1000px\" \/><figcaption id=\"caption-attachment-37548\" class=\"wp-caption-text\">MOC-2803 Honda RA 300 mit 1199 St\u00fcck<\/figcaption><\/figure>\n<figure id=\"attachment_37549\" aria-describedby=\"caption-attachment-37549\" style=\"width: 1000px\" class=\"wp-caption aligncenter\"><img loading=\"lazy\" decoding=\"async\" class=\"wp-image-37549 size-full\" src=\"https:\/\/mouldking.store\/wp-content\/uploads\/2022\/12\/Honda-RA-300-MOC-2803-4.png\" alt=\"MOC-2803 Honda RA 300 With 1199 Pieces\" width=\"1000\" height=\"1000\" title=\"-\" srcset=\"https:\/\/mouldking.store\/wp-content\/uploads\/2022\/12\/Honda-RA-300-MOC-2803-4.png 1000w, https:\/\/mouldking.store\/wp-content\/uploads\/2022\/12\/Honda-RA-300-MOC-2803-4-300x300.png 300w, https:\/\/mouldking.store\/wp-content\/uploads\/2022\/12\/Honda-RA-300-MOC-2803-4-768x768.png 768w, https:\/\/mouldking.store\/wp-content\/uploads\/2022\/12\/Honda-RA-300-MOC-2803-4-600x600.png 600w, https:\/\/mouldking.store\/wp-content\/uploads\/2022\/12\/Honda-RA-300-MOC-2803-4-150x150.png 150w, https:\/\/mouldking.store\/wp-content\/uploads\/2022\/12\/Honda-RA-300-MOC-2803-4-60x60.png 60w, https:\/\/mouldking.store\/wp-content\/uploads\/2022\/12\/Honda-RA-300-MOC-2803-4-90x90.png 90w\" sizes=\"(max-width: 1000px) 100vw, 1000px\" \/><figcaption id=\"caption-attachment-37549\" class=\"wp-caption-text\">MOC-2803 Honda RA 300 mit 1199 St\u00fcck<\/figcaption><\/figure>\n<figure id=\"attachment_37550\" aria-describedby=\"caption-attachment-37550\" style=\"width: 1000px\" class=\"wp-caption aligncenter\"><img loading=\"lazy\" decoding=\"async\" class=\"wp-image-37550 size-full\" src=\"https:\/\/mouldking.store\/wp-content\/uploads\/2022\/12\/Honda-RA-300-MOC-2803-5.png\" alt=\"MOC-2803 Honda RA 300 With 1199 Pieces\" width=\"1000\" height=\"1000\" title=\"-\" srcset=\"https:\/\/mouldking.store\/wp-content\/uploads\/2022\/12\/Honda-RA-300-MOC-2803-5.png 1000w, https:\/\/mouldking.store\/wp-content\/uploads\/2022\/12\/Honda-RA-300-MOC-2803-5-300x300.png 300w, https:\/\/mouldking.store\/wp-content\/uploads\/2022\/12\/Honda-RA-300-MOC-2803-5-768x768.png 768w, https:\/\/mouldking.store\/wp-content\/uploads\/2022\/12\/Honda-RA-300-MOC-2803-5-600x600.png 600w, https:\/\/mouldking.store\/wp-content\/uploads\/2022\/12\/Honda-RA-300-MOC-2803-5-150x150.png 150w, https:\/\/mouldking.store\/wp-content\/uploads\/2022\/12\/Honda-RA-300-MOC-2803-5-60x60.png 60w, https:\/\/mouldking.store\/wp-content\/uploads\/2022\/12\/Honda-RA-300-MOC-2803-5-90x90.png 90w\" sizes=\"(max-width: 1000px) 100vw, 1000px\" \/><figcaption id=\"caption-attachment-37550\" class=\"wp-caption-text\">MOC-2803 Honda RA 300 mit 1199 St\u00fcck<\/figcaption><\/figure>","protected":false},"excerpt":{"rendered":"<p>Product information: Brand: MOC Gender: Unisex Name: Honda RA 300 Age Range: &gt; 6 years old Model Number: 2803 Classification: Assemblage Plastic Block Shape: Self-Locking Bricks Material: Plastic Plastic Type: ABS Bricks Blocks:1199 PCS Contains detailed assembly instructions. Time arrange: 4-8 weeks Notice: 1. Without an original box, but we guarantee our products have quality [&hellip;]<\/p>","protected":false},"featured_media":37546,"comment_status":"closed","ping_status":"closed","template":"","meta":{"_acf_changed":false},"product_cat":[1406,364],"product_tag":[9118,9120,430,9117,9121,9116,9119],"class_list":["product","first","instock","shipping-taxable","purchasable","product-type-simple"],"acf":[],"_links":{"self":[{"href":"https:\/\/mouldking.store\/de\/wp-json\/wp\/v2\/product\/37545","targetHints":{"allow":["GET"]}}],"collection":[{"href":"https:\/\/mouldking.store\/de\/wp-json\/wp\/v2\/product"}],"about":[{"href":"https:\/\/mouldking.store\/de\/wp-json\/wp\/v2\/types\/product"}],"replies":[{"embeddable":true,"href":"https:\/\/mouldking.store\/de\/wp-json\/wp\/v2\/comments?post=37545"}],"wp:featuredmedia":[{"embeddable":true,"href":"https:\/\/mouldking.store\/de\/wp-json\/wp\/v2\/media\/37546"}],"wp:attachment":[{"href":"https:\/\/mouldking.store\/de\/wp-json\/wp\/v2\/media?parent=37545"}],"wp:term":[{"taxonomy":"product_cat","embeddable":true,"href":"https:\/\/mouldking.store\/de\/wp-json\/wp\/v2\/product_cat?post=37545"},{"taxonomy":"product_tag","embeddable":true,"href":"https:\/\/mouldking.store\/de\/wp-json\/wp\/v2\/product_tag?post=37545"}],"curies":[{"name":"wp","href":"https:\/\/api.w.org\/{rel}","templated":true}]}}