{"id":37594,"date":"2022-12-08T15:21:39","date_gmt":"2022-12-08T08:21:39","guid":{"rendered":"https:\/\/mouldking.store\/?post_type=product&#038;p=37594"},"modified":"2025-12-25T09:12:11","modified_gmt":"2025-12-25T02:12:11","slug":"moc-119049-wheeled-excavator-with-2585-pieces","status":"publish","type":"product","link":"https:\/\/mouldking.store\/de\/shop\/moc-119049-wheeled-excavator-with-2585-pieces\/","title":{"rendered":"MOC-119049 Mobilbagger mit 2585 Teilen"},"content":{"rendered":"<p>Produktinformation:<\/p>\n<ol>\n<li>Marke: MOC<\/li>\n<li>Geschlecht: Unisex<\/li>\n<li>Name: Wheeled Excavator<\/li>\n<li>Altersspanne: &gt; 6 Jahre alt<\/li>\n<li>Model Number: 119049<\/li>\n<li>Einstufung: Assemblage<\/li>\n<li>Kunststoffblockform: Selbstsichernde Steine<\/li>\n<li>Material: Kunststoff<\/li>\n<li>Kunststofftyp: ABS<\/li>\n<li>Bricks Blocks:2585 PCS<\/li>\n<li>Size: Height: ~ 51,9 cm Lenght: ~ 55 cm Width\u00a0: 23.3 cm<\/li>\n<li>Weight:\u00a02.12 kg<\/li>\n<li>Enth\u00e4lt eine ausf\u00fchrliche Montageanleitung.<\/li>\n<li>Zeiteinteilung: 4-8 Wochen<\/li>\n<\/ol>\n<p>Notiz:<br \/>\n1. Ohne Originalverpackung, aber wir garantieren, dass unsere Produkte eine Qualit\u00e4tssicherung und eine sch\u00f6ne Verpackung haben.<br \/>\n2. Wie alle Teile, die wir vor dem Versand \u00fcberpr\u00fcft haben, machen Sie sich keine Sorgen, wenn Sie feststellen, dass einige Teile fehlen oder besch\u00e4digt sind, und kontaktieren Sie uns einfach, und wir k\u00f6nnen sie Ihnen umgehend kostenlos erneut zusenden.<\/p>\n<figure id=\"attachment_37595\" aria-describedby=\"caption-attachment-37595\" style=\"width: 1004px\" class=\"wp-caption aligncenter\"><img fetchpriority=\"high\" decoding=\"async\" class=\"wp-image-37595 size-full\" src=\"https:\/\/mouldking.store\/wp-content\/uploads\/2022\/12\/MOC-119049-Technic-Wheeled-Excavator-MOC-FACTORY.png\" alt=\"MOC-119049 Wheeled Excavator With 2585 Pieces\" width=\"1004\" height=\"1004\" title=\"-\" srcset=\"https:\/\/mouldking.store\/wp-content\/uploads\/2022\/12\/MOC-119049-Technic-Wheeled-Excavator-MOC-FACTORY.png 1004w, https:\/\/mouldking.store\/wp-content\/uploads\/2022\/12\/MOC-119049-Technic-Wheeled-Excavator-MOC-FACTORY-300x300.png 300w, https:\/\/mouldking.store\/wp-content\/uploads\/2022\/12\/MOC-119049-Technic-Wheeled-Excavator-MOC-FACTORY-768x768.png 768w, https:\/\/mouldking.store\/wp-content\/uploads\/2022\/12\/MOC-119049-Technic-Wheeled-Excavator-MOC-FACTORY-600x600.png 600w, https:\/\/mouldking.store\/wp-content\/uploads\/2022\/12\/MOC-119049-Technic-Wheeled-Excavator-MOC-FACTORY-150x150.png 150w, https:\/\/mouldking.store\/wp-content\/uploads\/2022\/12\/MOC-119049-Technic-Wheeled-Excavator-MOC-FACTORY-60x60.png 60w, https:\/\/mouldking.store\/wp-content\/uploads\/2022\/12\/MOC-119049-Technic-Wheeled-Excavator-MOC-FACTORY-90x90.png 90w\" sizes=\"(max-width: 1004px) 100vw, 1004px\" \/><figcaption id=\"caption-attachment-37595\" class=\"wp-caption-text\">MOC-119049 Mobilbagger mit 2585 Teilen<\/figcaption><\/figure>\n<figure id=\"attachment_37596\" aria-describedby=\"caption-attachment-37596\" style=\"width: 1000px\" class=\"wp-caption aligncenter\"><img decoding=\"async\" class=\"wp-image-37596 size-full\" src=\"https:\/\/mouldking.store\/wp-content\/uploads\/2022\/12\/Wheeled-Excavator-MOC-119049-2.png\" alt=\"MOC-119049 Wheeled Excavator With 2585 Pieces\" width=\"1000\" height=\"1000\" title=\"-\" srcset=\"https:\/\/mouldking.store\/wp-content\/uploads\/2022\/12\/Wheeled-Excavator-MOC-119049-2.png 1000w, https:\/\/mouldking.store\/wp-content\/uploads\/2022\/12\/Wheeled-Excavator-MOC-119049-2-300x300.png 300w, https:\/\/mouldking.store\/wp-content\/uploads\/2022\/12\/Wheeled-Excavator-MOC-119049-2-768x768.png 768w, https:\/\/mouldking.store\/wp-content\/uploads\/2022\/12\/Wheeled-Excavator-MOC-119049-2-600x600.png 600w, https:\/\/mouldking.store\/wp-content\/uploads\/2022\/12\/Wheeled-Excavator-MOC-119049-2-150x150.png 150w, https:\/\/mouldking.store\/wp-content\/uploads\/2022\/12\/Wheeled-Excavator-MOC-119049-2-60x60.png 60w, https:\/\/mouldking.store\/wp-content\/uploads\/2022\/12\/Wheeled-Excavator-MOC-119049-2-90x90.png 90w\" sizes=\"(max-width: 1000px) 100vw, 1000px\" \/><figcaption id=\"caption-attachment-37596\" class=\"wp-caption-text\">MOC-119049 Mobilbagger mit 2585 Teilen<\/figcaption><\/figure>\n<figure id=\"attachment_37597\" aria-describedby=\"caption-attachment-37597\" style=\"width: 1000px\" class=\"wp-caption aligncenter\"><img decoding=\"async\" class=\"wp-image-37597 size-full\" src=\"https:\/\/mouldking.store\/wp-content\/uploads\/2022\/12\/Wheeled-Excavator-MOC-119049-3.png\" alt=\"MOC-119049 Wheeled Excavator With 2585 Pieces\" width=\"1000\" height=\"1000\" title=\"-\" srcset=\"https:\/\/mouldking.store\/wp-content\/uploads\/2022\/12\/Wheeled-Excavator-MOC-119049-3.png 1000w, https:\/\/mouldking.store\/wp-content\/uploads\/2022\/12\/Wheeled-Excavator-MOC-119049-3-300x300.png 300w, https:\/\/mouldking.store\/wp-content\/uploads\/2022\/12\/Wheeled-Excavator-MOC-119049-3-768x768.png 768w, https:\/\/mouldking.store\/wp-content\/uploads\/2022\/12\/Wheeled-Excavator-MOC-119049-3-600x600.png 600w, https:\/\/mouldking.store\/wp-content\/uploads\/2022\/12\/Wheeled-Excavator-MOC-119049-3-150x150.png 150w, https:\/\/mouldking.store\/wp-content\/uploads\/2022\/12\/Wheeled-Excavator-MOC-119049-3-60x60.png 60w, https:\/\/mouldking.store\/wp-content\/uploads\/2022\/12\/Wheeled-Excavator-MOC-119049-3-90x90.png 90w\" sizes=\"(max-width: 1000px) 100vw, 1000px\" \/><figcaption id=\"caption-attachment-37597\" class=\"wp-caption-text\">MOC-119049 Mobilbagger mit 2585 Teilen<\/figcaption><\/figure>\n<figure id=\"attachment_37598\" aria-describedby=\"caption-attachment-37598\" style=\"width: 1000px\" class=\"wp-caption aligncenter\"><img loading=\"lazy\" decoding=\"async\" class=\"wp-image-37598 size-full\" src=\"https:\/\/mouldking.store\/wp-content\/uploads\/2022\/12\/Wheeled-Excavator-MOC-119049-4.png\" alt=\"MOC-119049 Wheeled Excavator With 2585 Pieces\" width=\"1000\" height=\"1000\" title=\"-\" srcset=\"https:\/\/mouldking.store\/wp-content\/uploads\/2022\/12\/Wheeled-Excavator-MOC-119049-4.png 1000w, https:\/\/mouldking.store\/wp-content\/uploads\/2022\/12\/Wheeled-Excavator-MOC-119049-4-300x300.png 300w, https:\/\/mouldking.store\/wp-content\/uploads\/2022\/12\/Wheeled-Excavator-MOC-119049-4-768x768.png 768w, https:\/\/mouldking.store\/wp-content\/uploads\/2022\/12\/Wheeled-Excavator-MOC-119049-4-600x600.png 600w, https:\/\/mouldking.store\/wp-content\/uploads\/2022\/12\/Wheeled-Excavator-MOC-119049-4-150x150.png 150w, https:\/\/mouldking.store\/wp-content\/uploads\/2022\/12\/Wheeled-Excavator-MOC-119049-4-60x60.png 60w, https:\/\/mouldking.store\/wp-content\/uploads\/2022\/12\/Wheeled-Excavator-MOC-119049-4-90x90.png 90w\" sizes=\"(max-width: 1000px) 100vw, 1000px\" \/><figcaption id=\"caption-attachment-37598\" class=\"wp-caption-text\">MOC-119049 Mobilbagger mit 2585 Teilen<\/figcaption><\/figure>\n<figure id=\"attachment_37599\" aria-describedby=\"caption-attachment-37599\" style=\"width: 1000px\" class=\"wp-caption aligncenter\"><img loading=\"lazy\" decoding=\"async\" class=\"wp-image-37599 size-full\" src=\"https:\/\/mouldking.store\/wp-content\/uploads\/2022\/12\/Wheeled-Excavator-MOC-119049-5.png\" alt=\"MOC-119049 Wheeled Excavator With 2585 Pieces\" width=\"1000\" height=\"1000\" title=\"-\" srcset=\"https:\/\/mouldking.store\/wp-content\/uploads\/2022\/12\/Wheeled-Excavator-MOC-119049-5.png 1000w, https:\/\/mouldking.store\/wp-content\/uploads\/2022\/12\/Wheeled-Excavator-MOC-119049-5-300x300.png 300w, https:\/\/mouldking.store\/wp-content\/uploads\/2022\/12\/Wheeled-Excavator-MOC-119049-5-768x768.png 768w, https:\/\/mouldking.store\/wp-content\/uploads\/2022\/12\/Wheeled-Excavator-MOC-119049-5-600x600.png 600w, https:\/\/mouldking.store\/wp-content\/uploads\/2022\/12\/Wheeled-Excavator-MOC-119049-5-150x150.png 150w, https:\/\/mouldking.store\/wp-content\/uploads\/2022\/12\/Wheeled-Excavator-MOC-119049-5-60x60.png 60w, https:\/\/mouldking.store\/wp-content\/uploads\/2022\/12\/Wheeled-Excavator-MOC-119049-5-90x90.png 90w\" sizes=\"(max-width: 1000px) 100vw, 1000px\" \/><figcaption id=\"caption-attachment-37599\" class=\"wp-caption-text\">MOC-119049 Mobilbagger mit 2585 Teilen<\/figcaption><\/figure>\n<figure id=\"attachment_37600\" aria-describedby=\"caption-attachment-37600\" style=\"width: 1000px\" class=\"wp-caption aligncenter\"><img loading=\"lazy\" decoding=\"async\" class=\"wp-image-37600 size-full\" src=\"https:\/\/mouldking.store\/wp-content\/uploads\/2022\/12\/Wheeled-Excavator-MOC-119049-6.png\" alt=\"MOC-119049 Wheeled Excavator With 2585 Pieces\" width=\"1000\" height=\"1000\" title=\"-\" srcset=\"https:\/\/mouldking.store\/wp-content\/uploads\/2022\/12\/Wheeled-Excavator-MOC-119049-6.png 1000w, https:\/\/mouldking.store\/wp-content\/uploads\/2022\/12\/Wheeled-Excavator-MOC-119049-6-300x300.png 300w, https:\/\/mouldking.store\/wp-content\/uploads\/2022\/12\/Wheeled-Excavator-MOC-119049-6-768x768.png 768w, https:\/\/mouldking.store\/wp-content\/uploads\/2022\/12\/Wheeled-Excavator-MOC-119049-6-600x600.png 600w, https:\/\/mouldking.store\/wp-content\/uploads\/2022\/12\/Wheeled-Excavator-MOC-119049-6-150x150.png 150w, https:\/\/mouldking.store\/wp-content\/uploads\/2022\/12\/Wheeled-Excavator-MOC-119049-6-60x60.png 60w, https:\/\/mouldking.store\/wp-content\/uploads\/2022\/12\/Wheeled-Excavator-MOC-119049-6-90x90.png 90w\" sizes=\"(max-width: 1000px) 100vw, 1000px\" \/><figcaption id=\"caption-attachment-37600\" class=\"wp-caption-text\">MOC-119049 Mobilbagger mit 2585 Teilen<\/figcaption><\/figure>","protected":false},"excerpt":{"rendered":"<p>Product information: Brand: MOC Gender: Unisex Name: Wheeled Excavator Age Range: &gt; 6 years old Model Number: 119049 Classification: Assemblage Plastic Block Shape: Self-Locking Bricks Material: Plastic Plastic Type: ABS Bricks Blocks:2585 PCS Size: Height: ~ 51,9 cm Lenght: ~ 55 cm Width\u00a0: 23.3 cm Weight:\u00a02.12 kg Contains detailed assembly instructions. Time arrange: 4-8 weeks [&hellip;]<\/p>","protected":false},"featured_media":37595,"comment_status":"closed","ping_status":"closed","template":"","meta":{"_acf_changed":false},"product_cat":[1406,364],"product_tag":[755,430,9182,9185,9181,9183,9184],"class_list":["product","first","instock","shipping-taxable","purchasable","product-type-simple"],"acf":[],"_links":{"self":[{"href":"https:\/\/mouldking.store\/de\/wp-json\/wp\/v2\/product\/37594","targetHints":{"allow":["GET"]}}],"collection":[{"href":"https:\/\/mouldking.store\/de\/wp-json\/wp\/v2\/product"}],"about":[{"href":"https:\/\/mouldking.store\/de\/wp-json\/wp\/v2\/types\/product"}],"replies":[{"embeddable":true,"href":"https:\/\/mouldking.store\/de\/wp-json\/wp\/v2\/comments?post=37594"}],"wp:featuredmedia":[{"embeddable":true,"href":"https:\/\/mouldking.store\/de\/wp-json\/wp\/v2\/media\/37595"}],"wp:attachment":[{"href":"https:\/\/mouldking.store\/de\/wp-json\/wp\/v2\/media?parent=37594"}],"wp:term":[{"taxonomy":"product_cat","embeddable":true,"href":"https:\/\/mouldking.store\/de\/wp-json\/wp\/v2\/product_cat?post=37594"},{"taxonomy":"product_tag","embeddable":true,"href":"https:\/\/mouldking.store\/de\/wp-json\/wp\/v2\/product_tag?post=37594"}],"curies":[{"name":"wp","href":"https:\/\/api.w.org\/{rel}","templated":true}]}}