{"id":37601,"date":"2022-12-08T15:28:24","date_gmt":"2022-12-08T08:28:24","guid":{"rendered":"https:\/\/mouldking.store\/?post_type=product&#038;p=37601"},"modified":"2025-12-25T09:12:11","modified_gmt":"2025-12-25T02:12:11","slug":"moc-59230-gbc-chairlift-detachable-car-with-8314-pieces","status":"publish","type":"product","link":"https:\/\/mouldking.store\/de\/shop\/moc-59230-gbc-chairlift-detachable-car-with-8314-pieces\/","title":{"rendered":"MOC-59230 GBC Sessellift Abkoppelwagen mit 8314 Teilen"},"content":{"rendered":"<p>Produktinformation:<\/p>\n<ol>\n<li>Marke: MOC<\/li>\n<li>Geschlecht: Unisex<\/li>\n<li>Name: GBC Chairlift Detachable Car<\/li>\n<li>Altersspanne: &gt; 6 Jahre alt<\/li>\n<li>Modellnummer: 59230<\/li>\n<li>Einstufung: Assemblage<\/li>\n<li>Kunststoffblockform: Selbstsichernde Steine<\/li>\n<li>Material: Kunststoff<\/li>\n<li>Kunststofftyp: ABS<\/li>\n<li>Ziegelsteine: 8314 ST\u00dcCKE<\/li>\n<li>Enth\u00e4lt eine ausf\u00fchrliche Montageanleitung.<\/li>\n<li>Zeiteinteilung: 4-8 Wochen<\/li>\n<\/ol>\n<p>Notiz:<br \/>\n1. Ohne Originalverpackung, aber wir garantieren, dass unsere Produkte eine Qualit\u00e4tssicherung und eine sch\u00f6ne Verpackung haben.<br \/>\n2. Wie alle Teile, die wir vor dem Versand \u00fcberpr\u00fcft haben, machen Sie sich keine Sorgen, wenn Sie feststellen, dass einige Teile fehlen oder besch\u00e4digt sind, und kontaktieren Sie uns einfach, und wir k\u00f6nnen sie Ihnen umgehend kostenlos erneut zusenden.<\/p>\n<figure id=\"attachment_37602\" aria-describedby=\"caption-attachment-37602\" style=\"width: 1004px\" class=\"wp-caption aligncenter\"><img fetchpriority=\"high\" decoding=\"async\" class=\"wp-image-37602 size-full\" src=\"https:\/\/mouldking.store\/wp-content\/uploads\/2022\/12\/MOC-59230-Technic-GBC-Chairlift-Detachable-Car-MOC-FACTORY.png\" alt=\"MOC-59230 GBC Chairlift Detachable Car With 8314 Pieces\" width=\"1004\" height=\"1004\" title=\"-\" srcset=\"https:\/\/mouldking.store\/wp-content\/uploads\/2022\/12\/MOC-59230-Technic-GBC-Chairlift-Detachable-Car-MOC-FACTORY.png 1004w, https:\/\/mouldking.store\/wp-content\/uploads\/2022\/12\/MOC-59230-Technic-GBC-Chairlift-Detachable-Car-MOC-FACTORY-300x300.png 300w, https:\/\/mouldking.store\/wp-content\/uploads\/2022\/12\/MOC-59230-Technic-GBC-Chairlift-Detachable-Car-MOC-FACTORY-768x768.png 768w, https:\/\/mouldking.store\/wp-content\/uploads\/2022\/12\/MOC-59230-Technic-GBC-Chairlift-Detachable-Car-MOC-FACTORY-600x600.png 600w, https:\/\/mouldking.store\/wp-content\/uploads\/2022\/12\/MOC-59230-Technic-GBC-Chairlift-Detachable-Car-MOC-FACTORY-150x150.png 150w, https:\/\/mouldking.store\/wp-content\/uploads\/2022\/12\/MOC-59230-Technic-GBC-Chairlift-Detachable-Car-MOC-FACTORY-60x60.png 60w, https:\/\/mouldking.store\/wp-content\/uploads\/2022\/12\/MOC-59230-Technic-GBC-Chairlift-Detachable-Car-MOC-FACTORY-90x90.png 90w\" sizes=\"(max-width: 1004px) 100vw, 1004px\" \/><figcaption id=\"caption-attachment-37602\" class=\"wp-caption-text\">MOC-59230 GBC Sessellift Abkoppelwagen mit 8314 Teilen<\/figcaption><\/figure>\n<figure id=\"attachment_37603\" aria-describedby=\"caption-attachment-37603\" style=\"width: 1000px\" class=\"wp-caption aligncenter\"><img decoding=\"async\" class=\"wp-image-37603 size-full\" src=\"https:\/\/mouldking.store\/wp-content\/uploads\/2022\/12\/GBC-Chairlift-Detachable-Cable-Car-MOC-59230-2.png\" alt=\"MOC-59230 GBC Chairlift Detachable Car With 8314 Pieces\" width=\"1000\" height=\"1000\" title=\"-\" srcset=\"https:\/\/mouldking.store\/wp-content\/uploads\/2022\/12\/GBC-Chairlift-Detachable-Cable-Car-MOC-59230-2.png 1000w, https:\/\/mouldking.store\/wp-content\/uploads\/2022\/12\/GBC-Chairlift-Detachable-Cable-Car-MOC-59230-2-300x300.png 300w, https:\/\/mouldking.store\/wp-content\/uploads\/2022\/12\/GBC-Chairlift-Detachable-Cable-Car-MOC-59230-2-768x768.png 768w, https:\/\/mouldking.store\/wp-content\/uploads\/2022\/12\/GBC-Chairlift-Detachable-Cable-Car-MOC-59230-2-600x600.png 600w, https:\/\/mouldking.store\/wp-content\/uploads\/2022\/12\/GBC-Chairlift-Detachable-Cable-Car-MOC-59230-2-150x150.png 150w, https:\/\/mouldking.store\/wp-content\/uploads\/2022\/12\/GBC-Chairlift-Detachable-Cable-Car-MOC-59230-2-60x60.png 60w, https:\/\/mouldking.store\/wp-content\/uploads\/2022\/12\/GBC-Chairlift-Detachable-Cable-Car-MOC-59230-2-90x90.png 90w\" sizes=\"(max-width: 1000px) 100vw, 1000px\" \/><figcaption id=\"caption-attachment-37603\" class=\"wp-caption-text\">MOC-59230 GBC Sessellift Abkoppelwagen mit 8314 Teilen<\/figcaption><\/figure>","protected":false},"excerpt":{"rendered":"<p>Product information: Brand: MOC Gender: Unisex Name: GBC Chairlift Detachable Car Age Range: &gt; 6 years old Model Number: 59230 Classification: Assemblage Plastic Block Shape: Self-Locking Bricks Material: Plastic Plastic Type: ABS Bricks Blocks:8314PCS Contains detailed assembly instructions. Time arrange: 4-8 weeks Notice: 1. Without an original box, but we guarantee our products have quality [&hellip;]<\/p>","protected":false},"featured_media":37602,"comment_status":"closed","ping_status":"closed","template":"","meta":{"_acf_changed":false},"product_cat":[1406,364],"product_tag":[9189,9190,9188,9191,430,9187,9192,9186],"class_list":["product","first","instock","shipping-taxable","purchasable","product-type-simple"],"acf":[],"_links":{"self":[{"href":"https:\/\/mouldking.store\/de\/wp-json\/wp\/v2\/product\/37601","targetHints":{"allow":["GET"]}}],"collection":[{"href":"https:\/\/mouldking.store\/de\/wp-json\/wp\/v2\/product"}],"about":[{"href":"https:\/\/mouldking.store\/de\/wp-json\/wp\/v2\/types\/product"}],"replies":[{"embeddable":true,"href":"https:\/\/mouldking.store\/de\/wp-json\/wp\/v2\/comments?post=37601"}],"wp:featuredmedia":[{"embeddable":true,"href":"https:\/\/mouldking.store\/de\/wp-json\/wp\/v2\/media\/37602"}],"wp:attachment":[{"href":"https:\/\/mouldking.store\/de\/wp-json\/wp\/v2\/media?parent=37601"}],"wp:term":[{"taxonomy":"product_cat","embeddable":true,"href":"https:\/\/mouldking.store\/de\/wp-json\/wp\/v2\/product_cat?post=37601"},{"taxonomy":"product_tag","embeddable":true,"href":"https:\/\/mouldking.store\/de\/wp-json\/wp\/v2\/product_tag?post=37601"}],"curies":[{"name":"wp","href":"https:\/\/api.w.org\/{rel}","templated":true}]}}