{"id":37614,"date":"2022-12-08T15:48:41","date_gmt":"2022-12-08T08:48:41","guid":{"rendered":"https:\/\/mouldking.store\/?post_type=product&#038;p=37614"},"modified":"2025-12-25T09:12:11","modified_gmt":"2025-12-25T02:12:11","slug":"moc-89528-halloween-big-pot-with-3869-pieces","status":"publish","type":"product","link":"https:\/\/mouldking.store\/de\/shop\/moc-89528-halloween-big-pot-with-3869-pieces\/","title":{"rendered":"MOC-89528 Halloween Gro\u00dfer Topf mit 3869 Teilen"},"content":{"rendered":"<p>Produktinformation:<\/p>\n<ol>\n<li>Marke: MOC<\/li>\n<li>Geschlecht: Unisex<\/li>\n<li>Name: Halloween Big Pot<\/li>\n<li>Altersspanne: &gt; 6 Jahre alt<\/li>\n<li>Model Number: 89528<\/li>\n<li>Einstufung: Assemblage<\/li>\n<li>Kunststoffblockform: Selbstsichernde Steine<\/li>\n<li>Material: Kunststoff<\/li>\n<li>Kunststofftyp: ABS<\/li>\n<li>Bricks Blocks:3869 PCS<\/li>\n<li>Enth\u00e4lt eine ausf\u00fchrliche Montageanleitung.<\/li>\n<li>Zeiteinteilung: 4-8 Wochen<\/li>\n<\/ol>\n<p>Notiz:<br \/>\n1. Ohne Originalverpackung, aber wir garantieren, dass unsere Produkte eine Qualit\u00e4tssicherung und eine sch\u00f6ne Verpackung haben.<br \/>\n2. Wie alle Teile, die wir vor dem Versand \u00fcberpr\u00fcft haben, machen Sie sich keine Sorgen, wenn Sie feststellen, dass einige Teile fehlen oder besch\u00e4digt sind, und kontaktieren Sie uns einfach, und wir k\u00f6nnen sie Ihnen umgehend kostenlos erneut zusenden.<\/p>\n<figure id=\"attachment_37615\" aria-describedby=\"caption-attachment-37615\" style=\"width: 1004px\" class=\"wp-caption aligncenter\"><img fetchpriority=\"high\" decoding=\"async\" class=\"wp-image-37615 size-full\" src=\"https:\/\/mouldking.store\/wp-content\/uploads\/2022\/12\/MOC-89528-Creator-Halloween-Big-Pot-MOC-FACTORY.png\" alt=\"MOC-89528 Halloween Big Pot With 3869 Pieces\" width=\"1004\" height=\"1004\" title=\"-\" srcset=\"https:\/\/mouldking.store\/wp-content\/uploads\/2022\/12\/MOC-89528-Creator-Halloween-Big-Pot-MOC-FACTORY.png 1004w, https:\/\/mouldking.store\/wp-content\/uploads\/2022\/12\/MOC-89528-Creator-Halloween-Big-Pot-MOC-FACTORY-300x300.png 300w, https:\/\/mouldking.store\/wp-content\/uploads\/2022\/12\/MOC-89528-Creator-Halloween-Big-Pot-MOC-FACTORY-768x768.png 768w, https:\/\/mouldking.store\/wp-content\/uploads\/2022\/12\/MOC-89528-Creator-Halloween-Big-Pot-MOC-FACTORY-600x600.png 600w, https:\/\/mouldking.store\/wp-content\/uploads\/2022\/12\/MOC-89528-Creator-Halloween-Big-Pot-MOC-FACTORY-150x150.png 150w, https:\/\/mouldking.store\/wp-content\/uploads\/2022\/12\/MOC-89528-Creator-Halloween-Big-Pot-MOC-FACTORY-60x60.png 60w, https:\/\/mouldking.store\/wp-content\/uploads\/2022\/12\/MOC-89528-Creator-Halloween-Big-Pot-MOC-FACTORY-90x90.png 90w\" sizes=\"(max-width: 1004px) 100vw, 1004px\" \/><figcaption id=\"caption-attachment-37615\" class=\"wp-caption-text\">MOC-89528 Halloween Gro\u00dfer Topf mit 3869 Teilen<\/figcaption><\/figure>\n<figure id=\"attachment_37616\" aria-describedby=\"caption-attachment-37616\" style=\"width: 1000px\" class=\"wp-caption aligncenter\"><img decoding=\"async\" class=\"wp-image-37616 size-full\" src=\"https:\/\/mouldking.store\/wp-content\/uploads\/2022\/12\/Halloween-Big-Pot-MOC-89528-2.png\" alt=\"MOC-89528 Halloween Big Pot With 3869 Pieces\" width=\"1000\" height=\"1000\" title=\"-\" srcset=\"https:\/\/mouldking.store\/wp-content\/uploads\/2022\/12\/Halloween-Big-Pot-MOC-89528-2.png 1000w, https:\/\/mouldking.store\/wp-content\/uploads\/2022\/12\/Halloween-Big-Pot-MOC-89528-2-300x300.png 300w, https:\/\/mouldking.store\/wp-content\/uploads\/2022\/12\/Halloween-Big-Pot-MOC-89528-2-768x768.png 768w, https:\/\/mouldking.store\/wp-content\/uploads\/2022\/12\/Halloween-Big-Pot-MOC-89528-2-600x600.png 600w, https:\/\/mouldking.store\/wp-content\/uploads\/2022\/12\/Halloween-Big-Pot-MOC-89528-2-150x150.png 150w, https:\/\/mouldking.store\/wp-content\/uploads\/2022\/12\/Halloween-Big-Pot-MOC-89528-2-60x60.png 60w, https:\/\/mouldking.store\/wp-content\/uploads\/2022\/12\/Halloween-Big-Pot-MOC-89528-2-90x90.png 90w\" sizes=\"(max-width: 1000px) 100vw, 1000px\" \/><figcaption id=\"caption-attachment-37616\" class=\"wp-caption-text\">MOC-89528 Halloween Gro\u00dfer Topf mit 3869 Teilen<\/figcaption><\/figure>\n<figure id=\"attachment_37617\" aria-describedby=\"caption-attachment-37617\" style=\"width: 1000px\" class=\"wp-caption aligncenter\"><img decoding=\"async\" class=\"wp-image-37617 size-full\" src=\"https:\/\/mouldking.store\/wp-content\/uploads\/2022\/12\/Halloween-Big-Pot-MOC-89528-3.png\" alt=\"MOC-89528 Halloween Big Pot With 3869 Pieces\" width=\"1000\" height=\"1000\" title=\"-\" srcset=\"https:\/\/mouldking.store\/wp-content\/uploads\/2022\/12\/Halloween-Big-Pot-MOC-89528-3.png 1000w, https:\/\/mouldking.store\/wp-content\/uploads\/2022\/12\/Halloween-Big-Pot-MOC-89528-3-300x300.png 300w, https:\/\/mouldking.store\/wp-content\/uploads\/2022\/12\/Halloween-Big-Pot-MOC-89528-3-768x768.png 768w, https:\/\/mouldking.store\/wp-content\/uploads\/2022\/12\/Halloween-Big-Pot-MOC-89528-3-600x600.png 600w, https:\/\/mouldking.store\/wp-content\/uploads\/2022\/12\/Halloween-Big-Pot-MOC-89528-3-150x150.png 150w, https:\/\/mouldking.store\/wp-content\/uploads\/2022\/12\/Halloween-Big-Pot-MOC-89528-3-60x60.png 60w, https:\/\/mouldking.store\/wp-content\/uploads\/2022\/12\/Halloween-Big-Pot-MOC-89528-3-90x90.png 90w\" sizes=\"(max-width: 1000px) 100vw, 1000px\" \/><figcaption id=\"caption-attachment-37617\" class=\"wp-caption-text\">MOC-89528 Halloween Gro\u00dfer Topf mit 3869 Teilen<\/figcaption><\/figure>\n<figure id=\"attachment_37618\" aria-describedby=\"caption-attachment-37618\" style=\"width: 1000px\" class=\"wp-caption aligncenter\"><img loading=\"lazy\" decoding=\"async\" class=\"wp-image-37618 size-full\" src=\"https:\/\/mouldking.store\/wp-content\/uploads\/2022\/12\/Halloween-Big-Pot-MOC-89528-4.png\" alt=\"MOC-89528 Halloween Big Pot With 3869 Pieces\" width=\"1000\" height=\"1000\" title=\"-\" srcset=\"https:\/\/mouldking.store\/wp-content\/uploads\/2022\/12\/Halloween-Big-Pot-MOC-89528-4.png 1000w, https:\/\/mouldking.store\/wp-content\/uploads\/2022\/12\/Halloween-Big-Pot-MOC-89528-4-300x300.png 300w, https:\/\/mouldking.store\/wp-content\/uploads\/2022\/12\/Halloween-Big-Pot-MOC-89528-4-768x768.png 768w, https:\/\/mouldking.store\/wp-content\/uploads\/2022\/12\/Halloween-Big-Pot-MOC-89528-4-600x600.png 600w, https:\/\/mouldking.store\/wp-content\/uploads\/2022\/12\/Halloween-Big-Pot-MOC-89528-4-150x150.png 150w, https:\/\/mouldking.store\/wp-content\/uploads\/2022\/12\/Halloween-Big-Pot-MOC-89528-4-60x60.png 60w, https:\/\/mouldking.store\/wp-content\/uploads\/2022\/12\/Halloween-Big-Pot-MOC-89528-4-90x90.png 90w\" sizes=\"(max-width: 1000px) 100vw, 1000px\" \/><figcaption id=\"caption-attachment-37618\" class=\"wp-caption-text\">MOC-89528 Halloween Gro\u00dfer Topf mit 3869 Teilen<\/figcaption><\/figure>","protected":false},"excerpt":{"rendered":"<p>Product information: Brand: MOC Gender: Unisex Name: Halloween Big Pot Age Range: &gt; 6 years old Model Number: 89528 Classification: Assemblage Plastic Block Shape: Self-Locking Bricks Material: Plastic Plastic Type: ABS Bricks Blocks:3869 PCS Contains detailed assembly instructions. Time arrange: 4-8 weeks Notice: 1. Without an original box, but we guarantee our products have quality [&hellip;]<\/p>","protected":false},"featured_media":37615,"comment_status":"closed","ping_status":"closed","template":"","meta":{"_acf_changed":false},"product_cat":[1406,371],"product_tag":[9210,2859,430,9208,9211,9207,9209],"class_list":["product","first","instock","shipping-taxable","purchasable","product-type-simple"],"acf":[],"_links":{"self":[{"href":"https:\/\/mouldking.store\/de\/wp-json\/wp\/v2\/product\/37614","targetHints":{"allow":["GET"]}}],"collection":[{"href":"https:\/\/mouldking.store\/de\/wp-json\/wp\/v2\/product"}],"about":[{"href":"https:\/\/mouldking.store\/de\/wp-json\/wp\/v2\/types\/product"}],"replies":[{"embeddable":true,"href":"https:\/\/mouldking.store\/de\/wp-json\/wp\/v2\/comments?post=37614"}],"wp:featuredmedia":[{"embeddable":true,"href":"https:\/\/mouldking.store\/de\/wp-json\/wp\/v2\/media\/37615"}],"wp:attachment":[{"href":"https:\/\/mouldking.store\/de\/wp-json\/wp\/v2\/media?parent=37614"}],"wp:term":[{"taxonomy":"product_cat","embeddable":true,"href":"https:\/\/mouldking.store\/de\/wp-json\/wp\/v2\/product_cat?post=37614"},{"taxonomy":"product_tag","embeddable":true,"href":"https:\/\/mouldking.store\/de\/wp-json\/wp\/v2\/product_tag?post=37614"}],"curies":[{"name":"wp","href":"https:\/\/api.w.org\/{rel}","templated":true}]}}