{"id":37633,"date":"2022-12-08T16:14:45","date_gmt":"2022-12-08T09:14:45","guid":{"rendered":"https:\/\/mouldking.store\/?post_type=product&#038;p=37633"},"modified":"2025-12-25T09:12:09","modified_gmt":"2025-12-25T02:12:09","slug":"moc-49856-main-train-station-interlockingen-with-13922-pieces","status":"publish","type":"product","link":"https:\/\/mouldking.store\/de\/shop\/moc-49856-main-train-station-interlockingen-with-13922-pieces\/","title":{"rendered":"MOC-49856 Hauptbahnhof \u201eInterlockingen\u201c mit 13922 Teilen"},"content":{"rendered":"<p>Produktinformation:<\/p>\n<ol>\n<li>Marke: MOC<\/li>\n<li>Geschlecht: Unisex<\/li>\n<li>Name: Main Train Station \u201cInterlockingen\u201d<\/li>\n<li>Altersspanne: &gt; 6 Jahre alt<\/li>\n<li>Model Number: 49856<\/li>\n<li>Einstufung: Assemblage<\/li>\n<li>Kunststoffblockform: Selbstsichernde Steine<\/li>\n<li>Material: Kunststoff<\/li>\n<li>Kunststofftyp: ABS<\/li>\n<li>Bricks Blocks:13922 PCS<\/li>\n<li>Size: length 210 studs, depth 49 studs, height 39 studs<\/li>\n<li>Weight:\u00a013.3 kg<\/li>\n<li>Enth\u00e4lt eine ausf\u00fchrliche Montageanleitung.<\/li>\n<li>Zeiteinteilung: 4-8 Wochen<\/li>\n<\/ol>\n<p>Notiz:<br \/>\n1. Ohne Originalverpackung, aber wir garantieren, dass unsere Produkte eine Qualit\u00e4tssicherung und eine sch\u00f6ne Verpackung haben.<br \/>\n2. Wie alle Teile, die wir vor dem Versand \u00fcberpr\u00fcft haben, machen Sie sich keine Sorgen, wenn Sie feststellen, dass einige Teile fehlen oder besch\u00e4digt sind, und kontaktieren Sie uns einfach, und wir k\u00f6nnen sie Ihnen umgehend kostenlos erneut zusenden.<\/p>\n<figure id=\"attachment_37634\" aria-describedby=\"caption-attachment-37634\" style=\"width: 1004px\" class=\"wp-caption aligncenter\"><img fetchpriority=\"high\" decoding=\"async\" class=\"wp-image-37634 size-full\" src=\"https:\/\/mouldking.store\/wp-content\/uploads\/2022\/12\/MOC-49856-Modular-Building-Main-Train-Station-Interlockingen-MOC-FACTORY.png\" alt=\"MOC-49856 Main Train Station \u201cInterlockingen\u201d With 13922 Pieces\" width=\"1004\" height=\"1004\" title=\"-\" srcset=\"https:\/\/mouldking.store\/wp-content\/uploads\/2022\/12\/MOC-49856-Modular-Building-Main-Train-Station-Interlockingen-MOC-FACTORY.png 1004w, https:\/\/mouldking.store\/wp-content\/uploads\/2022\/12\/MOC-49856-Modular-Building-Main-Train-Station-Interlockingen-MOC-FACTORY-300x300.png 300w, https:\/\/mouldking.store\/wp-content\/uploads\/2022\/12\/MOC-49856-Modular-Building-Main-Train-Station-Interlockingen-MOC-FACTORY-768x768.png 768w, https:\/\/mouldking.store\/wp-content\/uploads\/2022\/12\/MOC-49856-Modular-Building-Main-Train-Station-Interlockingen-MOC-FACTORY-600x600.png 600w, https:\/\/mouldking.store\/wp-content\/uploads\/2022\/12\/MOC-49856-Modular-Building-Main-Train-Station-Interlockingen-MOC-FACTORY-150x150.png 150w, https:\/\/mouldking.store\/wp-content\/uploads\/2022\/12\/MOC-49856-Modular-Building-Main-Train-Station-Interlockingen-MOC-FACTORY-60x60.png 60w, https:\/\/mouldking.store\/wp-content\/uploads\/2022\/12\/MOC-49856-Modular-Building-Main-Train-Station-Interlockingen-MOC-FACTORY-90x90.png 90w\" sizes=\"(max-width: 1004px) 100vw, 1004px\" \/><figcaption id=\"caption-attachment-37634\" class=\"wp-caption-text\">MOC-49856 Hauptbahnhof \u201eInterlockingen\u201c mit 13922 Teilen<\/figcaption><\/figure>\n<figure id=\"attachment_37635\" aria-describedby=\"caption-attachment-37635\" style=\"width: 1000px\" class=\"wp-caption aligncenter\"><img decoding=\"async\" class=\"wp-image-37635 size-full\" src=\"https:\/\/mouldking.store\/wp-content\/uploads\/2022\/12\/Main-Train-Station-Interlockingen-MOC-49856-2.png\" alt=\"MOC-49856 Main Train Station \u201cInterlockingen\u201d With 13922 Pieces\" width=\"1000\" height=\"1000\" title=\"-\" srcset=\"https:\/\/mouldking.store\/wp-content\/uploads\/2022\/12\/Main-Train-Station-Interlockingen-MOC-49856-2.png 1000w, https:\/\/mouldking.store\/wp-content\/uploads\/2022\/12\/Main-Train-Station-Interlockingen-MOC-49856-2-300x300.png 300w, https:\/\/mouldking.store\/wp-content\/uploads\/2022\/12\/Main-Train-Station-Interlockingen-MOC-49856-2-768x768.png 768w, https:\/\/mouldking.store\/wp-content\/uploads\/2022\/12\/Main-Train-Station-Interlockingen-MOC-49856-2-600x600.png 600w, https:\/\/mouldking.store\/wp-content\/uploads\/2022\/12\/Main-Train-Station-Interlockingen-MOC-49856-2-150x150.png 150w, https:\/\/mouldking.store\/wp-content\/uploads\/2022\/12\/Main-Train-Station-Interlockingen-MOC-49856-2-60x60.png 60w, https:\/\/mouldking.store\/wp-content\/uploads\/2022\/12\/Main-Train-Station-Interlockingen-MOC-49856-2-90x90.png 90w\" sizes=\"(max-width: 1000px) 100vw, 1000px\" \/><figcaption id=\"caption-attachment-37635\" class=\"wp-caption-text\">MOC-49856 Hauptbahnhof \u201eInterlockingen\u201c mit 13922 Teilen<\/figcaption><\/figure>\n<figure id=\"attachment_37636\" aria-describedby=\"caption-attachment-37636\" style=\"width: 1000px\" class=\"wp-caption aligncenter\"><img decoding=\"async\" class=\"wp-image-37636 size-full\" src=\"https:\/\/mouldking.store\/wp-content\/uploads\/2022\/12\/Main-Train-Station-Interlockingen-MOC-49856-3.png\" alt=\"MOC-49856 Main Train Station \u201cInterlockingen\u201d With 13922 Pieces\" width=\"1000\" height=\"1000\" title=\"-\" srcset=\"https:\/\/mouldking.store\/wp-content\/uploads\/2022\/12\/Main-Train-Station-Interlockingen-MOC-49856-3.png 1000w, https:\/\/mouldking.store\/wp-content\/uploads\/2022\/12\/Main-Train-Station-Interlockingen-MOC-49856-3-300x300.png 300w, https:\/\/mouldking.store\/wp-content\/uploads\/2022\/12\/Main-Train-Station-Interlockingen-MOC-49856-3-768x768.png 768w, https:\/\/mouldking.store\/wp-content\/uploads\/2022\/12\/Main-Train-Station-Interlockingen-MOC-49856-3-600x600.png 600w, https:\/\/mouldking.store\/wp-content\/uploads\/2022\/12\/Main-Train-Station-Interlockingen-MOC-49856-3-150x150.png 150w, https:\/\/mouldking.store\/wp-content\/uploads\/2022\/12\/Main-Train-Station-Interlockingen-MOC-49856-3-60x60.png 60w, https:\/\/mouldking.store\/wp-content\/uploads\/2022\/12\/Main-Train-Station-Interlockingen-MOC-49856-3-90x90.png 90w\" sizes=\"(max-width: 1000px) 100vw, 1000px\" \/><figcaption id=\"caption-attachment-37636\" class=\"wp-caption-text\">MOC-49856 Hauptbahnhof \u201eInterlockingen\u201c mit 13922 Teilen<\/figcaption><\/figure>\n<figure id=\"attachment_37637\" aria-describedby=\"caption-attachment-37637\" style=\"width: 1000px\" class=\"wp-caption aligncenter\"><img loading=\"lazy\" decoding=\"async\" class=\"wp-image-37637 size-full\" src=\"https:\/\/mouldking.store\/wp-content\/uploads\/2022\/12\/Main-Train-Station-Interlockingen-MOC-49856-4.png\" alt=\"MOC-49856 Main Train Station \u201cInterlockingen\u201d With 13922 Pieces\" width=\"1000\" height=\"1000\" title=\"-\" srcset=\"https:\/\/mouldking.store\/wp-content\/uploads\/2022\/12\/Main-Train-Station-Interlockingen-MOC-49856-4.png 1000w, https:\/\/mouldking.store\/wp-content\/uploads\/2022\/12\/Main-Train-Station-Interlockingen-MOC-49856-4-300x300.png 300w, https:\/\/mouldking.store\/wp-content\/uploads\/2022\/12\/Main-Train-Station-Interlockingen-MOC-49856-4-768x768.png 768w, https:\/\/mouldking.store\/wp-content\/uploads\/2022\/12\/Main-Train-Station-Interlockingen-MOC-49856-4-600x600.png 600w, https:\/\/mouldking.store\/wp-content\/uploads\/2022\/12\/Main-Train-Station-Interlockingen-MOC-49856-4-150x150.png 150w, https:\/\/mouldking.store\/wp-content\/uploads\/2022\/12\/Main-Train-Station-Interlockingen-MOC-49856-4-60x60.png 60w, https:\/\/mouldking.store\/wp-content\/uploads\/2022\/12\/Main-Train-Station-Interlockingen-MOC-49856-4-90x90.png 90w\" sizes=\"(max-width: 1000px) 100vw, 1000px\" \/><figcaption id=\"caption-attachment-37637\" class=\"wp-caption-text\">MOC-49856 Hauptbahnhof \u201eInterlockingen\u201c mit 13922 Teilen<\/figcaption><\/figure>\n<figure id=\"attachment_37638\" aria-describedby=\"caption-attachment-37638\" style=\"width: 1000px\" class=\"wp-caption aligncenter\"><img loading=\"lazy\" decoding=\"async\" class=\"wp-image-37638 size-full\" src=\"https:\/\/mouldking.store\/wp-content\/uploads\/2022\/12\/Main-Train-Station-Interlockingen-MOC-49856-5.png\" alt=\"MOC-49856 Main Train Station \u201cInterlockingen\u201d With 13922 Pieces\" width=\"1000\" height=\"1000\" title=\"-\" srcset=\"https:\/\/mouldking.store\/wp-content\/uploads\/2022\/12\/Main-Train-Station-Interlockingen-MOC-49856-5.png 1000w, https:\/\/mouldking.store\/wp-content\/uploads\/2022\/12\/Main-Train-Station-Interlockingen-MOC-49856-5-300x300.png 300w, https:\/\/mouldking.store\/wp-content\/uploads\/2022\/12\/Main-Train-Station-Interlockingen-MOC-49856-5-768x768.png 768w, https:\/\/mouldking.store\/wp-content\/uploads\/2022\/12\/Main-Train-Station-Interlockingen-MOC-49856-5-600x600.png 600w, https:\/\/mouldking.store\/wp-content\/uploads\/2022\/12\/Main-Train-Station-Interlockingen-MOC-49856-5-150x150.png 150w, https:\/\/mouldking.store\/wp-content\/uploads\/2022\/12\/Main-Train-Station-Interlockingen-MOC-49856-5-60x60.png 60w, https:\/\/mouldking.store\/wp-content\/uploads\/2022\/12\/Main-Train-Station-Interlockingen-MOC-49856-5-90x90.png 90w\" sizes=\"(max-width: 1000px) 100vw, 1000px\" \/><figcaption id=\"caption-attachment-37638\" class=\"wp-caption-text\">MOC-49856 Hauptbahnhof \u201eInterlockingen\u201c mit 13922 Teilen<\/figcaption><\/figure>\n<figure id=\"attachment_37639\" aria-describedby=\"caption-attachment-37639\" style=\"width: 1000px\" class=\"wp-caption aligncenter\"><img loading=\"lazy\" decoding=\"async\" class=\"wp-image-37639 size-full\" src=\"https:\/\/mouldking.store\/wp-content\/uploads\/2022\/12\/Main-Train-Station-Interlockingen-MOC-49856-6.png\" alt=\"MOC-49856 Main Train Station \u201cInterlockingen\u201d With 13922 Pieces\" width=\"1000\" height=\"1000\" title=\"-\" srcset=\"https:\/\/mouldking.store\/wp-content\/uploads\/2022\/12\/Main-Train-Station-Interlockingen-MOC-49856-6.png 1000w, https:\/\/mouldking.store\/wp-content\/uploads\/2022\/12\/Main-Train-Station-Interlockingen-MOC-49856-6-300x300.png 300w, https:\/\/mouldking.store\/wp-content\/uploads\/2022\/12\/Main-Train-Station-Interlockingen-MOC-49856-6-768x768.png 768w, https:\/\/mouldking.store\/wp-content\/uploads\/2022\/12\/Main-Train-Station-Interlockingen-MOC-49856-6-600x600.png 600w, https:\/\/mouldking.store\/wp-content\/uploads\/2022\/12\/Main-Train-Station-Interlockingen-MOC-49856-6-150x150.png 150w, https:\/\/mouldking.store\/wp-content\/uploads\/2022\/12\/Main-Train-Station-Interlockingen-MOC-49856-6-60x60.png 60w, https:\/\/mouldking.store\/wp-content\/uploads\/2022\/12\/Main-Train-Station-Interlockingen-MOC-49856-6-90x90.png 90w\" sizes=\"(max-width: 1000px) 100vw, 1000px\" \/><figcaption id=\"caption-attachment-37639\" class=\"wp-caption-text\">MOC-49856 Hauptbahnhof \u201eInterlockingen\u201c mit 13922 Teilen<\/figcaption><\/figure>","protected":false},"excerpt":{"rendered":"<p>Product information: Brand: MOC Gender: Unisex Name: Main Train Station \u201cInterlockingen\u201d Age Range: &gt; 6 years old Model Number: 49856 Classification: Assemblage Plastic Block Shape: Self-Locking Bricks Material: Plastic Plastic Type: ABS Bricks Blocks:13922 PCS Size: length 210 studs, depth 49 studs, height 39 studs Weight:\u00a013.3 kg Contains detailed assembly instructions. Time arrange: 4-8 weeks [&hellip;]<\/p>","protected":false},"featured_media":37634,"comment_status":"closed","ping_status":"closed","template":"","meta":{"_acf_changed":false},"product_cat":[1395,1406,390],"product_tag":[9225,9224,9226,430,9223,9227,9222,9102],"class_list":["product","first","instock","shipping-taxable","purchasable","product-type-simple"],"acf":[],"_links":{"self":[{"href":"https:\/\/mouldking.store\/de\/wp-json\/wp\/v2\/product\/37633","targetHints":{"allow":["GET"]}}],"collection":[{"href":"https:\/\/mouldking.store\/de\/wp-json\/wp\/v2\/product"}],"about":[{"href":"https:\/\/mouldking.store\/de\/wp-json\/wp\/v2\/types\/product"}],"replies":[{"embeddable":true,"href":"https:\/\/mouldking.store\/de\/wp-json\/wp\/v2\/comments?post=37633"}],"wp:featuredmedia":[{"embeddable":true,"href":"https:\/\/mouldking.store\/de\/wp-json\/wp\/v2\/media\/37634"}],"wp:attachment":[{"href":"https:\/\/mouldking.store\/de\/wp-json\/wp\/v2\/media?parent=37633"}],"wp:term":[{"taxonomy":"product_cat","embeddable":true,"href":"https:\/\/mouldking.store\/de\/wp-json\/wp\/v2\/product_cat?post=37633"},{"taxonomy":"product_tag","embeddable":true,"href":"https:\/\/mouldking.store\/de\/wp-json\/wp\/v2\/product_tag?post=37633"}],"curies":[{"name":"wp","href":"https:\/\/api.w.org\/{rel}","templated":true}]}}