{"id":37659,"date":"2022-12-09T10:03:04","date_gmt":"2022-12-09T03:03:04","guid":{"rendered":"https:\/\/mouldking.store\/?post_type=product&#038;p=37659"},"modified":"2022-12-09T10:03:04","modified_gmt":"2022-12-09T03:03:04","slug":"tgl-t4018-15-motocross-with-1302-pieces","status":"publish","type":"product","link":"https:\/\/mouldking.store\/de\/shop\/tgl-t4018-15-motocross-with-1302-pieces\/","title":{"rendered":"TGL T4018 1:5 Motocross mit 1302 Teilen"},"content":{"rendered":"<p>Produktinformation:<\/p>\n<ol>\n<li>Marke: TGL<\/li>\n<li>Geschlecht: Unisex<\/li>\n<li>Name: 1:5 Motocross<\/li>\n<li>Altersspanne: &gt; 6 Jahre alt<\/li>\n<li>Model Number: T4018<\/li>\n<li>Einstufung: Assemblage<\/li>\n<li>Kunststoffblockform: Selbstsichernde Steine<\/li>\n<li>Material: Kunststoff<\/li>\n<li>Kunststofftyp: ABS<\/li>\n<li>Bricks Blocks:1302 PCS<\/li>\n<li>Size: 45.8 \u00d7 16.6 \u00d7 25.7 cm<\/li>\n<li>Enth\u00e4lt eine ausf\u00fchrliche Montageanleitung.<\/li>\n<\/ol>\n<p>Notiz:<br \/>\n1. Ohne Originalverpackung, aber wir garantieren, dass unsere Produkte eine Qualit\u00e4tssicherung und eine sch\u00f6ne Verpackung haben.<br \/>\n2. Wie alle Teile, die wir vor dem Versand \u00fcberpr\u00fcft haben, machen Sie sich keine Sorgen, wenn Sie feststellen, dass einige Teile fehlen oder besch\u00e4digt sind, und kontaktieren Sie uns einfach, und wir k\u00f6nnen sie Ihnen umgehend kostenlos erneut zusenden.<\/p>\n<figure id=\"attachment_37698\" aria-describedby=\"caption-attachment-37698\" style=\"width: 800px\" class=\"wp-caption aligncenter\"><img fetchpriority=\"high\" decoding=\"async\" class=\"wp-image-37698 size-full\" src=\"https:\/\/mouldking.store\/wp-content\/uploads\/2022\/12\/TGL-T4018-Motocross-10.jpg\" alt=\"TGL T4018 1:5 Motocross With 1302 Pieces\" width=\"800\" height=\"800\" title=\"-\" srcset=\"https:\/\/mouldking.store\/wp-content\/uploads\/2022\/12\/TGL-T4018-Motocross-10.jpg 800w, https:\/\/mouldking.store\/wp-content\/uploads\/2022\/12\/TGL-T4018-Motocross-10-300x300.jpg 300w, https:\/\/mouldking.store\/wp-content\/uploads\/2022\/12\/TGL-T4018-Motocross-10-768x768.jpg 768w, https:\/\/mouldking.store\/wp-content\/uploads\/2022\/12\/TGL-T4018-Motocross-10-600x600.jpg 600w, https:\/\/mouldking.store\/wp-content\/uploads\/2022\/12\/TGL-T4018-Motocross-10-150x150.jpg 150w, https:\/\/mouldking.store\/wp-content\/uploads\/2022\/12\/TGL-T4018-Motocross-10-60x60.jpg 60w, https:\/\/mouldking.store\/wp-content\/uploads\/2022\/12\/TGL-T4018-Motocross-10-90x90.jpg 90w\" sizes=\"(max-width: 800px) 100vw, 800px\" \/><figcaption id=\"caption-attachment-37698\" class=\"wp-caption-text\">TGL T4018 1:5 Motocross mit 1302 Teilen<\/figcaption><\/figure>\n<figure id=\"attachment_37699\" aria-describedby=\"caption-attachment-37699\" style=\"width: 800px\" class=\"wp-caption aligncenter\"><img decoding=\"async\" class=\"wp-image-37699 size-full\" src=\"https:\/\/mouldking.store\/wp-content\/uploads\/2022\/12\/TGL-T4018-Motocross-9.jpg\" alt=\"TGL T4018 1:5 Motocross With 1302 Pieces\" width=\"800\" height=\"800\" title=\"-\" srcset=\"https:\/\/mouldking.store\/wp-content\/uploads\/2022\/12\/TGL-T4018-Motocross-9.jpg 800w, https:\/\/mouldking.store\/wp-content\/uploads\/2022\/12\/TGL-T4018-Motocross-9-300x300.jpg 300w, https:\/\/mouldking.store\/wp-content\/uploads\/2022\/12\/TGL-T4018-Motocross-9-768x768.jpg 768w, https:\/\/mouldking.store\/wp-content\/uploads\/2022\/12\/TGL-T4018-Motocross-9-600x600.jpg 600w, https:\/\/mouldking.store\/wp-content\/uploads\/2022\/12\/TGL-T4018-Motocross-9-150x150.jpg 150w, https:\/\/mouldking.store\/wp-content\/uploads\/2022\/12\/TGL-T4018-Motocross-9-60x60.jpg 60w, https:\/\/mouldking.store\/wp-content\/uploads\/2022\/12\/TGL-T4018-Motocross-9-90x90.jpg 90w\" sizes=\"(max-width: 800px) 100vw, 800px\" \/><figcaption id=\"caption-attachment-37699\" class=\"wp-caption-text\">TGL T4018 1:5 Motocross mit 1302 Teilen<\/figcaption><\/figure>\n<figure id=\"attachment_37700\" aria-describedby=\"caption-attachment-37700\" style=\"width: 800px\" class=\"wp-caption aligncenter\"><img decoding=\"async\" class=\"wp-image-37700 size-full\" src=\"https:\/\/mouldking.store\/wp-content\/uploads\/2022\/12\/TGL-T4018-Motocross-8.jpg\" alt=\"TGL T4018 1:5 Motocross With 1302 Pieces\" width=\"800\" height=\"800\" title=\"-\" srcset=\"https:\/\/mouldking.store\/wp-content\/uploads\/2022\/12\/TGL-T4018-Motocross-8.jpg 800w, https:\/\/mouldking.store\/wp-content\/uploads\/2022\/12\/TGL-T4018-Motocross-8-300x300.jpg 300w, https:\/\/mouldking.store\/wp-content\/uploads\/2022\/12\/TGL-T4018-Motocross-8-768x768.jpg 768w, https:\/\/mouldking.store\/wp-content\/uploads\/2022\/12\/TGL-T4018-Motocross-8-600x600.jpg 600w, https:\/\/mouldking.store\/wp-content\/uploads\/2022\/12\/TGL-T4018-Motocross-8-150x150.jpg 150w, https:\/\/mouldking.store\/wp-content\/uploads\/2022\/12\/TGL-T4018-Motocross-8-60x60.jpg 60w, https:\/\/mouldking.store\/wp-content\/uploads\/2022\/12\/TGL-T4018-Motocross-8-90x90.jpg 90w\" sizes=\"(max-width: 800px) 100vw, 800px\" \/><figcaption id=\"caption-attachment-37700\" class=\"wp-caption-text\">TGL T4018 1:5 Motocross mit 1302 Teilen<\/figcaption><\/figure>\n<figure id=\"attachment_37701\" aria-describedby=\"caption-attachment-37701\" style=\"width: 800px\" class=\"wp-caption aligncenter\"><img loading=\"lazy\" decoding=\"async\" class=\"wp-image-37701 size-full\" src=\"https:\/\/mouldking.store\/wp-content\/uploads\/2022\/12\/TGL-T4018-Motocross-7.jpg\" alt=\"TGL T4018 1:5 Motocross With 1302 Pieces\" width=\"800\" height=\"800\" title=\"-\" srcset=\"https:\/\/mouldking.store\/wp-content\/uploads\/2022\/12\/TGL-T4018-Motocross-7.jpg 800w, https:\/\/mouldking.store\/wp-content\/uploads\/2022\/12\/TGL-T4018-Motocross-7-300x300.jpg 300w, https:\/\/mouldking.store\/wp-content\/uploads\/2022\/12\/TGL-T4018-Motocross-7-768x768.jpg 768w, https:\/\/mouldking.store\/wp-content\/uploads\/2022\/12\/TGL-T4018-Motocross-7-600x600.jpg 600w, https:\/\/mouldking.store\/wp-content\/uploads\/2022\/12\/TGL-T4018-Motocross-7-150x150.jpg 150w, https:\/\/mouldking.store\/wp-content\/uploads\/2022\/12\/TGL-T4018-Motocross-7-60x60.jpg 60w, https:\/\/mouldking.store\/wp-content\/uploads\/2022\/12\/TGL-T4018-Motocross-7-90x90.jpg 90w\" sizes=\"(max-width: 800px) 100vw, 800px\" \/><figcaption id=\"caption-attachment-37701\" class=\"wp-caption-text\">TGL T4018 1:5 Motocross mit 1302 Teilen<\/figcaption><\/figure>\n<figure id=\"attachment_37702\" aria-describedby=\"caption-attachment-37702\" style=\"width: 800px\" class=\"wp-caption aligncenter\"><img loading=\"lazy\" decoding=\"async\" class=\"wp-image-37702 size-full\" src=\"https:\/\/mouldking.store\/wp-content\/uploads\/2022\/12\/TGL-T4018-Motocross-6.jpg\" alt=\"TGL T4018 1:5 Motocross With 1302 Pieces\" width=\"800\" height=\"800\" title=\"-\" srcset=\"https:\/\/mouldking.store\/wp-content\/uploads\/2022\/12\/TGL-T4018-Motocross-6.jpg 800w, https:\/\/mouldking.store\/wp-content\/uploads\/2022\/12\/TGL-T4018-Motocross-6-300x300.jpg 300w, https:\/\/mouldking.store\/wp-content\/uploads\/2022\/12\/TGL-T4018-Motocross-6-768x768.jpg 768w, https:\/\/mouldking.store\/wp-content\/uploads\/2022\/12\/TGL-T4018-Motocross-6-600x600.jpg 600w, https:\/\/mouldking.store\/wp-content\/uploads\/2022\/12\/TGL-T4018-Motocross-6-150x150.jpg 150w, https:\/\/mouldking.store\/wp-content\/uploads\/2022\/12\/TGL-T4018-Motocross-6-60x60.jpg 60w, https:\/\/mouldking.store\/wp-content\/uploads\/2022\/12\/TGL-T4018-Motocross-6-90x90.jpg 90w\" sizes=\"(max-width: 800px) 100vw, 800px\" \/><figcaption id=\"caption-attachment-37702\" class=\"wp-caption-text\">TGL T4018 1:5 Motocross mit 1302 Teilen<\/figcaption><\/figure>\n<figure id=\"attachment_37703\" aria-describedby=\"caption-attachment-37703\" style=\"width: 595px\" class=\"wp-caption aligncenter\"><img loading=\"lazy\" decoding=\"async\" class=\"wp-image-37703 size-full\" src=\"https:\/\/mouldking.store\/wp-content\/uploads\/2022\/12\/TGL-T4018-Motocross-5.jpg\" alt=\"TGL T4018 1:5 Motocross With 1302 Pieces\" width=\"595\" height=\"1024\" title=\"-\" srcset=\"https:\/\/mouldking.store\/wp-content\/uploads\/2022\/12\/TGL-T4018-Motocross-5.jpg 595w, https:\/\/mouldking.store\/wp-content\/uploads\/2022\/12\/TGL-T4018-Motocross-5-174x300.jpg 174w, https:\/\/mouldking.store\/wp-content\/uploads\/2022\/12\/TGL-T4018-Motocross-5-300x516.jpg 300w, https:\/\/mouldking.store\/wp-content\/uploads\/2022\/12\/TGL-T4018-Motocross-5-87x150.jpg 87w, https:\/\/mouldking.store\/wp-content\/uploads\/2022\/12\/TGL-T4018-Motocross-5-35x60.jpg 35w, https:\/\/mouldking.store\/wp-content\/uploads\/2022\/12\/TGL-T4018-Motocross-5-52x90.jpg 52w\" sizes=\"(max-width: 595px) 100vw, 595px\" \/><figcaption id=\"caption-attachment-37703\" class=\"wp-caption-text\">TGL T4018 1:5 Motocross mit 1302 Teilen<\/figcaption><\/figure>\n<figure id=\"attachment_37704\" aria-describedby=\"caption-attachment-37704\" style=\"width: 711px\" class=\"wp-caption aligncenter\"><img loading=\"lazy\" decoding=\"async\" class=\"wp-image-37704 size-full\" src=\"https:\/\/mouldking.store\/wp-content\/uploads\/2022\/12\/TGL-T4018-Motocross-4.jpg\" alt=\"TGL T4018 1:5 Motocross With 1302 Pieces\" width=\"711\" height=\"1024\" title=\"-\" srcset=\"https:\/\/mouldking.store\/wp-content\/uploads\/2022\/12\/TGL-T4018-Motocross-4.jpg 711w, https:\/\/mouldking.store\/wp-content\/uploads\/2022\/12\/TGL-T4018-Motocross-4-208x300.jpg 208w, https:\/\/mouldking.store\/wp-content\/uploads\/2022\/12\/TGL-T4018-Motocross-4-300x432.jpg 300w, https:\/\/mouldking.store\/wp-content\/uploads\/2022\/12\/TGL-T4018-Motocross-4-600x864.jpg 600w, https:\/\/mouldking.store\/wp-content\/uploads\/2022\/12\/TGL-T4018-Motocross-4-104x150.jpg 104w, https:\/\/mouldking.store\/wp-content\/uploads\/2022\/12\/TGL-T4018-Motocross-4-42x60.jpg 42w, https:\/\/mouldking.store\/wp-content\/uploads\/2022\/12\/TGL-T4018-Motocross-4-62x90.jpg 62w\" sizes=\"(max-width: 711px) 100vw, 711px\" \/><figcaption id=\"caption-attachment-37704\" class=\"wp-caption-text\">TGL T4018 1:5 Motocross mit 1302 Teilen<\/figcaption><\/figure>\n<figure id=\"attachment_37705\" aria-describedby=\"caption-attachment-37705\" style=\"width: 615px\" class=\"wp-caption aligncenter\"><img loading=\"lazy\" decoding=\"async\" class=\"wp-image-37705 size-full\" src=\"https:\/\/mouldking.store\/wp-content\/uploads\/2022\/12\/TGL-T4018-Motocross-3.jpg\" alt=\"TGL T4018 1:5 Motocross With 1302 Pieces\" width=\"615\" height=\"1024\" title=\"-\" srcset=\"https:\/\/mouldking.store\/wp-content\/uploads\/2022\/12\/TGL-T4018-Motocross-3.jpg 615w, https:\/\/mouldking.store\/wp-content\/uploads\/2022\/12\/TGL-T4018-Motocross-3-180x300.jpg 180w, https:\/\/mouldking.store\/wp-content\/uploads\/2022\/12\/TGL-T4018-Motocross-3-300x500.jpg 300w, https:\/\/mouldking.store\/wp-content\/uploads\/2022\/12\/TGL-T4018-Motocross-3-600x999.jpg 600w, https:\/\/mouldking.store\/wp-content\/uploads\/2022\/12\/TGL-T4018-Motocross-3-90x150.jpg 90w, https:\/\/mouldking.store\/wp-content\/uploads\/2022\/12\/TGL-T4018-Motocross-3-36x60.jpg 36w, https:\/\/mouldking.store\/wp-content\/uploads\/2022\/12\/TGL-T4018-Motocross-3-54x90.jpg 54w\" sizes=\"(max-width: 615px) 100vw, 615px\" \/><figcaption id=\"caption-attachment-37705\" class=\"wp-caption-text\">TGL T4018 1:5 Motocross mit 1302 Teilen<\/figcaption><\/figure>\n<figure id=\"attachment_37706\" aria-describedby=\"caption-attachment-37706\" style=\"width: 538px\" class=\"wp-caption aligncenter\"><img loading=\"lazy\" decoding=\"async\" class=\"wp-image-37706 size-full\" src=\"https:\/\/mouldking.store\/wp-content\/uploads\/2022\/12\/TGL-T4018-Motocross-2.jpg\" alt=\"TGL T4018 1:5 Motocross With 1302 Pieces\" width=\"538\" height=\"1024\" title=\"-\" srcset=\"https:\/\/mouldking.store\/wp-content\/uploads\/2022\/12\/TGL-T4018-Motocross-2.jpg 538w, https:\/\/mouldking.store\/wp-content\/uploads\/2022\/12\/TGL-T4018-Motocross-2-158x300.jpg 158w, https:\/\/mouldking.store\/wp-content\/uploads\/2022\/12\/TGL-T4018-Motocross-2-300x571.jpg 300w, https:\/\/mouldking.store\/wp-content\/uploads\/2022\/12\/TGL-T4018-Motocross-2-79x150.jpg 79w, https:\/\/mouldking.store\/wp-content\/uploads\/2022\/12\/TGL-T4018-Motocross-2-32x60.jpg 32w, https:\/\/mouldking.store\/wp-content\/uploads\/2022\/12\/TGL-T4018-Motocross-2-47x90.jpg 47w\" sizes=\"(max-width: 538px) 100vw, 538px\" \/><figcaption id=\"caption-attachment-37706\" class=\"wp-caption-text\">TGL T4018 1:5 Motocross mit 1302 Teilen<\/figcaption><\/figure>\n<figure id=\"attachment_37707\" aria-describedby=\"caption-attachment-37707\" style=\"width: 571px\" class=\"wp-caption aligncenter\"><img loading=\"lazy\" decoding=\"async\" class=\"wp-image-37707 size-full\" src=\"https:\/\/mouldking.store\/wp-content\/uploads\/2022\/12\/TGL-T4018-Motocross-1.jpg\" alt=\"TGL T4018 1:5 Motocross With 1302 Pieces\" width=\"571\" height=\"1024\" title=\"-\" srcset=\"https:\/\/mouldking.store\/wp-content\/uploads\/2022\/12\/TGL-T4018-Motocross-1.jpg 571w, https:\/\/mouldking.store\/wp-content\/uploads\/2022\/12\/TGL-T4018-Motocross-1-167x300.jpg 167w, https:\/\/mouldking.store\/wp-content\/uploads\/2022\/12\/TGL-T4018-Motocross-1-300x538.jpg 300w, https:\/\/mouldking.store\/wp-content\/uploads\/2022\/12\/TGL-T4018-Motocross-1-84x150.jpg 84w, https:\/\/mouldking.store\/wp-content\/uploads\/2022\/12\/TGL-T4018-Motocross-1-33x60.jpg 33w, https:\/\/mouldking.store\/wp-content\/uploads\/2022\/12\/TGL-T4018-Motocross-1-50x90.jpg 50w\" sizes=\"(max-width: 571px) 100vw, 571px\" \/><figcaption id=\"caption-attachment-37707\" class=\"wp-caption-text\">TGL T4018 1:5 Motocross mit 1302 Teilen<\/figcaption><\/figure>","protected":false},"excerpt":{"rendered":"<p>Product information: Brand: TGL Gender: Unisex Name: 1:5 Motocross Age Range: &gt; 6 years old Model Number: T4018 Classification: Assemblage Plastic Block Shape: Self-Locking Bricks Material: Plastic Plastic Type: ABS Bricks Blocks:1302 PCS Size: 45.8 \u00d7 16.6 \u00d7 25.7 cm Contains detailed assembly instructions. Notice: 1. Without an original box, but we guarantee our products [&hellip;]<\/p>","protected":false},"featured_media":37698,"comment_status":"closed","ping_status":"closed","template":"","meta":{"_acf_changed":false},"product_cat":[1357],"product_tag":[9297,9296,9295,2739,9298,9299,9294],"class_list":["product","first","instock","shipping-taxable","purchasable","product-type-simple"],"acf":[],"_links":{"self":[{"href":"https:\/\/mouldking.store\/de\/wp-json\/wp\/v2\/product\/37659","targetHints":{"allow":["GET"]}}],"collection":[{"href":"https:\/\/mouldking.store\/de\/wp-json\/wp\/v2\/product"}],"about":[{"href":"https:\/\/mouldking.store\/de\/wp-json\/wp\/v2\/types\/product"}],"replies":[{"embeddable":true,"href":"https:\/\/mouldking.store\/de\/wp-json\/wp\/v2\/comments?post=37659"}],"wp:featuredmedia":[{"embeddable":true,"href":"https:\/\/mouldking.store\/de\/wp-json\/wp\/v2\/media\/37698"}],"wp:attachment":[{"href":"https:\/\/mouldking.store\/de\/wp-json\/wp\/v2\/media?parent=37659"}],"wp:term":[{"taxonomy":"product_cat","embeddable":true,"href":"https:\/\/mouldking.store\/de\/wp-json\/wp\/v2\/product_cat?post=37659"},{"taxonomy":"product_tag","embeddable":true,"href":"https:\/\/mouldking.store\/de\/wp-json\/wp\/v2\/product_tag?post=37659"}],"curies":[{"name":"wp","href":"https:\/\/api.w.org\/{rel}","templated":true}]}}