{"id":37660,"date":"2022-12-09T09:26:58","date_gmt":"2022-12-09T02:26:58","guid":{"rendered":"https:\/\/mouldking.store\/?post_type=product&#038;p=37660"},"modified":"2022-12-09T09:27:00","modified_gmt":"2022-12-09T02:27:00","slug":"jiestar-89148-amedieva-inn-with-2710-pcs","status":"publish","type":"product","link":"https:\/\/mouldking.store\/de\/shop\/jiestar-89148-amedieva-inn-with-2710-pcs\/","title":{"rendered":"JIESTAR 89148 Amedieva Inn Mit 2710-tlg"},"content":{"rendered":"<p>Produktinformation:<\/p>\n<ol>\n<li>Marke: JIESTAR<\/li>\n<li>Geschlecht: Unisex<\/li>\n<li>Name: Amedieva Inn<\/li>\n<li>Altersspanne: &gt; 6 Jahre alt<\/li>\n<li>Model Number: 89148<\/li>\n<li>Einstufung: Assemblage<\/li>\n<li>Kunststoffblockform: Selbstsichernde Steine<\/li>\n<li>Material: Kunststoff<\/li>\n<li>Kunststofftyp: ABS<\/li>\n<li>Bricks Blocks:2710 PCS<\/li>\n<li>Size:\u00a030 x 27 x 27 cm<\/li>\n<li>Enth\u00e4lt eine ausf\u00fchrliche Montageanleitung.<\/li>\n<\/ol>\n<p>Notiz:<br \/>\n1. Ohne Originalverpackung, aber wir garantieren, dass unsere Produkte eine Qualit\u00e4tssicherung und eine sch\u00f6ne Verpackung haben.<br \/>\n2. Wie alle Teile, die wir vor dem Versand \u00fcberpr\u00fcft haben, machen Sie sich keine Sorgen, wenn Sie feststellen, dass einige Teile fehlen oder besch\u00e4digt sind, und kontaktieren Sie uns einfach, und wir k\u00f6nnen sie Ihnen umgehend kostenlos erneut zusenden.<\/p>\n<figure id=\"attachment_37661\" aria-describedby=\"caption-attachment-37661\" style=\"width: 800px\" class=\"wp-caption aligncenter\"><img fetchpriority=\"high\" decoding=\"async\" class=\"wp-image-37661 size-full\" src=\"https:\/\/mouldking.store\/wp-content\/uploads\/2022\/12\/Amedieva-Inn-JIESTAR-89148-6.jpg\" alt=\"JIESTAR 89148 Amedieva Inn With 2710 pcs\" width=\"800\" height=\"800\" title=\"-\" srcset=\"https:\/\/mouldking.store\/wp-content\/uploads\/2022\/12\/Amedieva-Inn-JIESTAR-89148-6.jpg 800w, https:\/\/mouldking.store\/wp-content\/uploads\/2022\/12\/Amedieva-Inn-JIESTAR-89148-6-300x300.jpg 300w, https:\/\/mouldking.store\/wp-content\/uploads\/2022\/12\/Amedieva-Inn-JIESTAR-89148-6-768x768.jpg 768w, https:\/\/mouldking.store\/wp-content\/uploads\/2022\/12\/Amedieva-Inn-JIESTAR-89148-6-600x600.jpg 600w, https:\/\/mouldking.store\/wp-content\/uploads\/2022\/12\/Amedieva-Inn-JIESTAR-89148-6-150x150.jpg 150w, https:\/\/mouldking.store\/wp-content\/uploads\/2022\/12\/Amedieva-Inn-JIESTAR-89148-6-60x60.jpg 60w, https:\/\/mouldking.store\/wp-content\/uploads\/2022\/12\/Amedieva-Inn-JIESTAR-89148-6-90x90.jpg 90w\" sizes=\"(max-width: 800px) 100vw, 800px\" \/><figcaption id=\"caption-attachment-37661\" class=\"wp-caption-text\">JIESTAR 89148 Amedieva Inn Mit 2710-tlg<\/figcaption><\/figure>\n<figure id=\"attachment_37662\" aria-describedby=\"caption-attachment-37662\" style=\"width: 800px\" class=\"wp-caption aligncenter\"><img decoding=\"async\" class=\"wp-image-37662 size-full\" src=\"https:\/\/mouldking.store\/wp-content\/uploads\/2022\/12\/Amedieva-Inn-JIESTAR-89148-5.jpg\" alt=\"JIESTAR 89148 Amedieva Inn With 2710 pcs\" width=\"800\" height=\"800\" title=\"-\" srcset=\"https:\/\/mouldking.store\/wp-content\/uploads\/2022\/12\/Amedieva-Inn-JIESTAR-89148-5.jpg 800w, https:\/\/mouldking.store\/wp-content\/uploads\/2022\/12\/Amedieva-Inn-JIESTAR-89148-5-300x300.jpg 300w, https:\/\/mouldking.store\/wp-content\/uploads\/2022\/12\/Amedieva-Inn-JIESTAR-89148-5-768x768.jpg 768w, https:\/\/mouldking.store\/wp-content\/uploads\/2022\/12\/Amedieva-Inn-JIESTAR-89148-5-600x600.jpg 600w, https:\/\/mouldking.store\/wp-content\/uploads\/2022\/12\/Amedieva-Inn-JIESTAR-89148-5-150x150.jpg 150w, https:\/\/mouldking.store\/wp-content\/uploads\/2022\/12\/Amedieva-Inn-JIESTAR-89148-5-60x60.jpg 60w, https:\/\/mouldking.store\/wp-content\/uploads\/2022\/12\/Amedieva-Inn-JIESTAR-89148-5-90x90.jpg 90w\" sizes=\"(max-width: 800px) 100vw, 800px\" \/><figcaption id=\"caption-attachment-37662\" class=\"wp-caption-text\">JIESTAR 89148 Amedieva Inn Mit 2710-tlg<\/figcaption><\/figure>\n<figure id=\"attachment_37663\" aria-describedby=\"caption-attachment-37663\" style=\"width: 800px\" class=\"wp-caption aligncenter\"><img decoding=\"async\" class=\"wp-image-37663 size-full\" src=\"https:\/\/mouldking.store\/wp-content\/uploads\/2022\/12\/Amedieva-Inn-JIESTAR-89148-4.jpg\" alt=\"JIESTAR 89148 Amedieva Inn With 2710 pcs\" width=\"800\" height=\"800\" title=\"-\" srcset=\"https:\/\/mouldking.store\/wp-content\/uploads\/2022\/12\/Amedieva-Inn-JIESTAR-89148-4.jpg 800w, https:\/\/mouldking.store\/wp-content\/uploads\/2022\/12\/Amedieva-Inn-JIESTAR-89148-4-300x300.jpg 300w, https:\/\/mouldking.store\/wp-content\/uploads\/2022\/12\/Amedieva-Inn-JIESTAR-89148-4-768x768.jpg 768w, https:\/\/mouldking.store\/wp-content\/uploads\/2022\/12\/Amedieva-Inn-JIESTAR-89148-4-600x600.jpg 600w, https:\/\/mouldking.store\/wp-content\/uploads\/2022\/12\/Amedieva-Inn-JIESTAR-89148-4-150x150.jpg 150w, https:\/\/mouldking.store\/wp-content\/uploads\/2022\/12\/Amedieva-Inn-JIESTAR-89148-4-60x60.jpg 60w, https:\/\/mouldking.store\/wp-content\/uploads\/2022\/12\/Amedieva-Inn-JIESTAR-89148-4-90x90.jpg 90w\" sizes=\"(max-width: 800px) 100vw, 800px\" \/><figcaption id=\"caption-attachment-37663\" class=\"wp-caption-text\">JIESTAR 89148 Amedieva Inn Mit 2710-tlg<\/figcaption><\/figure>\n<figure id=\"attachment_37664\" aria-describedby=\"caption-attachment-37664\" style=\"width: 800px\" class=\"wp-caption aligncenter\"><img loading=\"lazy\" decoding=\"async\" class=\"wp-image-37664 size-full\" src=\"https:\/\/mouldking.store\/wp-content\/uploads\/2022\/12\/Amedieva-Inn-JIESTAR-89148-3.jpg\" alt=\"JIESTAR 89148 Amedieva Inn With 2710 pcs\" width=\"800\" height=\"800\" title=\"-\" srcset=\"https:\/\/mouldking.store\/wp-content\/uploads\/2022\/12\/Amedieva-Inn-JIESTAR-89148-3.jpg 800w, https:\/\/mouldking.store\/wp-content\/uploads\/2022\/12\/Amedieva-Inn-JIESTAR-89148-3-300x300.jpg 300w, https:\/\/mouldking.store\/wp-content\/uploads\/2022\/12\/Amedieva-Inn-JIESTAR-89148-3-768x768.jpg 768w, https:\/\/mouldking.store\/wp-content\/uploads\/2022\/12\/Amedieva-Inn-JIESTAR-89148-3-600x600.jpg 600w, https:\/\/mouldking.store\/wp-content\/uploads\/2022\/12\/Amedieva-Inn-JIESTAR-89148-3-150x150.jpg 150w, https:\/\/mouldking.store\/wp-content\/uploads\/2022\/12\/Amedieva-Inn-JIESTAR-89148-3-60x60.jpg 60w, https:\/\/mouldking.store\/wp-content\/uploads\/2022\/12\/Amedieva-Inn-JIESTAR-89148-3-90x90.jpg 90w\" sizes=\"(max-width: 800px) 100vw, 800px\" \/><figcaption id=\"caption-attachment-37664\" class=\"wp-caption-text\">JIESTAR 89148 Amedieva Inn Mit 2710-tlg<\/figcaption><\/figure>\n<figure id=\"attachment_37665\" aria-describedby=\"caption-attachment-37665\" style=\"width: 800px\" class=\"wp-caption aligncenter\"><img loading=\"lazy\" decoding=\"async\" class=\"wp-image-37665 size-full\" src=\"https:\/\/mouldking.store\/wp-content\/uploads\/2022\/12\/Amedieva-Inn-JIESTAR-89148-2.jpg\" alt=\"JIESTAR 89148 Amedieva Inn With 2710 pcs\" width=\"800\" height=\"800\" title=\"-\" srcset=\"https:\/\/mouldking.store\/wp-content\/uploads\/2022\/12\/Amedieva-Inn-JIESTAR-89148-2.jpg 800w, https:\/\/mouldking.store\/wp-content\/uploads\/2022\/12\/Amedieva-Inn-JIESTAR-89148-2-300x300.jpg 300w, https:\/\/mouldking.store\/wp-content\/uploads\/2022\/12\/Amedieva-Inn-JIESTAR-89148-2-768x768.jpg 768w, https:\/\/mouldking.store\/wp-content\/uploads\/2022\/12\/Amedieva-Inn-JIESTAR-89148-2-600x600.jpg 600w, https:\/\/mouldking.store\/wp-content\/uploads\/2022\/12\/Amedieva-Inn-JIESTAR-89148-2-150x150.jpg 150w, https:\/\/mouldking.store\/wp-content\/uploads\/2022\/12\/Amedieva-Inn-JIESTAR-89148-2-60x60.jpg 60w, https:\/\/mouldking.store\/wp-content\/uploads\/2022\/12\/Amedieva-Inn-JIESTAR-89148-2-90x90.jpg 90w\" sizes=\"(max-width: 800px) 100vw, 800px\" \/><figcaption id=\"caption-attachment-37665\" class=\"wp-caption-text\">JIESTAR 89148 Amedieva Inn Mit 2710-tlg<\/figcaption><\/figure>\n<figure id=\"attachment_37666\" aria-describedby=\"caption-attachment-37666\" style=\"width: 800px\" class=\"wp-caption aligncenter\"><img loading=\"lazy\" decoding=\"async\" class=\"wp-image-37666 size-full\" src=\"https:\/\/mouldking.store\/wp-content\/uploads\/2022\/12\/Amedieva-Inn-JIESTAR-89148-1.jpg\" alt=\"JIESTAR 89148 Amedieva Inn With 2710 pcs\" width=\"800\" height=\"800\" title=\"-\" srcset=\"https:\/\/mouldking.store\/wp-content\/uploads\/2022\/12\/Amedieva-Inn-JIESTAR-89148-1.jpg 800w, https:\/\/mouldking.store\/wp-content\/uploads\/2022\/12\/Amedieva-Inn-JIESTAR-89148-1-300x300.jpg 300w, https:\/\/mouldking.store\/wp-content\/uploads\/2022\/12\/Amedieva-Inn-JIESTAR-89148-1-768x768.jpg 768w, https:\/\/mouldking.store\/wp-content\/uploads\/2022\/12\/Amedieva-Inn-JIESTAR-89148-1-600x600.jpg 600w, https:\/\/mouldking.store\/wp-content\/uploads\/2022\/12\/Amedieva-Inn-JIESTAR-89148-1-150x150.jpg 150w, https:\/\/mouldking.store\/wp-content\/uploads\/2022\/12\/Amedieva-Inn-JIESTAR-89148-1-60x60.jpg 60w, https:\/\/mouldking.store\/wp-content\/uploads\/2022\/12\/Amedieva-Inn-JIESTAR-89148-1-90x90.jpg 90w\" sizes=\"(max-width: 800px) 100vw, 800px\" \/><figcaption id=\"caption-attachment-37666\" class=\"wp-caption-text\">JIESTAR 89148 Amedieva Inn Mit 2710-tlg<\/figcaption><\/figure>","protected":false},"excerpt":{"rendered":"<p>Product information: Brand: JIESTAR Gender: Unisex Name: Amedieva Inn Age Range: &gt; 6 years old Model Number: 89148 Classification: Assemblage Plastic Block Shape: Self-Locking Bricks Material: Plastic Plastic Type: ABS Bricks Blocks:2710 PCS Size:\u00a030 x 27 x 27 cm Contains detailed assembly instructions. Notice: 1. Without an original box, but we guarantee our products have [&hellip;]<\/p>","protected":false},"featured_media":37661,"comment_status":"closed","ping_status":"closed","template":"","meta":{"_acf_changed":false},"product_cat":[1395],"product_tag":[9256,9257,9259,9258,3075,9260,9261,9255],"class_list":["product","first","instock","shipping-taxable","purchasable","product-type-simple"],"acf":[],"_links":{"self":[{"href":"https:\/\/mouldking.store\/de\/wp-json\/wp\/v2\/product\/37660","targetHints":{"allow":["GET"]}}],"collection":[{"href":"https:\/\/mouldking.store\/de\/wp-json\/wp\/v2\/product"}],"about":[{"href":"https:\/\/mouldking.store\/de\/wp-json\/wp\/v2\/types\/product"}],"replies":[{"embeddable":true,"href":"https:\/\/mouldking.store\/de\/wp-json\/wp\/v2\/comments?post=37660"}],"wp:featuredmedia":[{"embeddable":true,"href":"https:\/\/mouldking.store\/de\/wp-json\/wp\/v2\/media\/37661"}],"wp:attachment":[{"href":"https:\/\/mouldking.store\/de\/wp-json\/wp\/v2\/media?parent=37660"}],"wp:term":[{"taxonomy":"product_cat","embeddable":true,"href":"https:\/\/mouldking.store\/de\/wp-json\/wp\/v2\/product_cat?post=37660"},{"taxonomy":"product_tag","embeddable":true,"href":"https:\/\/mouldking.store\/de\/wp-json\/wp\/v2\/product_tag?post=37660"}],"curies":[{"name":"wp","href":"https:\/\/api.w.org\/{rel}","templated":true}]}}