{"id":37674,"date":"2022-12-09T09:41:30","date_gmt":"2022-12-09T02:41:30","guid":{"rendered":"https:\/\/mouldking.store\/?post_type=product&#038;p=37674"},"modified":"2022-12-09T09:41:30","modified_gmt":"2022-12-09T02:41:30","slug":"jiestar-89149-riverside-scholars-with-2488pcs","status":"publish","type":"product","link":"https:\/\/mouldking.store\/de\/shop\/jiestar-89149-riverside-scholars-with-2488pcs\/","title":{"rendered":"JIESTAR 89149 Riverside Scholars mit 2488tlg"},"content":{"rendered":"<p>Produktinformation:<\/p>\n<ol>\n<li>Marke: JIESTAR<\/li>\n<li>Geschlecht: Unisex<\/li>\n<li>Name: Riverside Scholars<\/li>\n<li>Altersspanne: &gt; 6 Jahre alt<\/li>\n<li>Model Number: 89149<\/li>\n<li>Einstufung: Assemblage<\/li>\n<li>Kunststoffblockform: Selbstsichernde Steine<\/li>\n<li>Material: Kunststoff<\/li>\n<li>Kunststofftyp: ABS<\/li>\n<li>Bricks Blocks:2488 PCS<\/li>\n<li>Size: 25.5 \u00d7 25.5 \u00d7 40 cm<\/li>\n<li>Enth\u00e4lt eine ausf\u00fchrliche Montageanleitung.<\/li>\n<\/ol>\n<p>Notiz:<br \/>\n1. Ohne Originalverpackung, aber wir garantieren, dass unsere Produkte eine Qualit\u00e4tssicherung und eine sch\u00f6ne Verpackung haben.<br \/>\n2. Wie alle Teile, die wir vor dem Versand \u00fcberpr\u00fcft haben, machen Sie sich keine Sorgen, wenn Sie feststellen, dass einige Teile fehlen oder besch\u00e4digt sind, und kontaktieren Sie uns einfach, und wir k\u00f6nnen sie Ihnen umgehend kostenlos erneut zusenden.<\/p>\n<figure id=\"attachment_37675\" aria-describedby=\"caption-attachment-37675\" style=\"width: 800px\" class=\"wp-caption aligncenter\"><img fetchpriority=\"high\" decoding=\"async\" class=\"wp-image-37675 size-full\" src=\"https:\/\/mouldking.store\/wp-content\/uploads\/2022\/12\/Riverside-Scholars-JIESTAR-89149-2.jpg\" alt=\"JIESTAR 89149 Riverside Scholars With 2488pcs\" width=\"800\" height=\"800\" title=\"-\" srcset=\"https:\/\/mouldking.store\/wp-content\/uploads\/2022\/12\/Riverside-Scholars-JIESTAR-89149-2.jpg 800w, https:\/\/mouldking.store\/wp-content\/uploads\/2022\/12\/Riverside-Scholars-JIESTAR-89149-2-300x300.jpg 300w, https:\/\/mouldking.store\/wp-content\/uploads\/2022\/12\/Riverside-Scholars-JIESTAR-89149-2-768x768.jpg 768w, https:\/\/mouldking.store\/wp-content\/uploads\/2022\/12\/Riverside-Scholars-JIESTAR-89149-2-600x600.jpg 600w, https:\/\/mouldking.store\/wp-content\/uploads\/2022\/12\/Riverside-Scholars-JIESTAR-89149-2-150x150.jpg 150w, https:\/\/mouldking.store\/wp-content\/uploads\/2022\/12\/Riverside-Scholars-JIESTAR-89149-2-60x60.jpg 60w, https:\/\/mouldking.store\/wp-content\/uploads\/2022\/12\/Riverside-Scholars-JIESTAR-89149-2-90x90.jpg 90w\" sizes=\"(max-width: 800px) 100vw, 800px\" \/><figcaption id=\"caption-attachment-37675\" class=\"wp-caption-text\">JIESTAR 89149 Riverside Scholars mit 2488tlg<\/figcaption><\/figure>\n<figure id=\"attachment_37676\" aria-describedby=\"caption-attachment-37676\" style=\"width: 800px\" class=\"wp-caption aligncenter\"><img decoding=\"async\" class=\"wp-image-37676 size-full\" src=\"https:\/\/mouldking.store\/wp-content\/uploads\/2022\/12\/Riverside-Scholars-JIESTAR-89149-1.jpg\" alt=\"JIESTAR 89149 Riverside Scholars With 2488pcs\" width=\"800\" height=\"800\" title=\"-\" srcset=\"https:\/\/mouldking.store\/wp-content\/uploads\/2022\/12\/Riverside-Scholars-JIESTAR-89149-1.jpg 800w, https:\/\/mouldking.store\/wp-content\/uploads\/2022\/12\/Riverside-Scholars-JIESTAR-89149-1-300x300.jpg 300w, https:\/\/mouldking.store\/wp-content\/uploads\/2022\/12\/Riverside-Scholars-JIESTAR-89149-1-768x768.jpg 768w, https:\/\/mouldking.store\/wp-content\/uploads\/2022\/12\/Riverside-Scholars-JIESTAR-89149-1-600x600.jpg 600w, https:\/\/mouldking.store\/wp-content\/uploads\/2022\/12\/Riverside-Scholars-JIESTAR-89149-1-150x150.jpg 150w, https:\/\/mouldking.store\/wp-content\/uploads\/2022\/12\/Riverside-Scholars-JIESTAR-89149-1-60x60.jpg 60w, https:\/\/mouldking.store\/wp-content\/uploads\/2022\/12\/Riverside-Scholars-JIESTAR-89149-1-90x90.jpg 90w\" sizes=\"(max-width: 800px) 100vw, 800px\" \/><figcaption id=\"caption-attachment-37676\" class=\"wp-caption-text\">JIESTAR 89149 Riverside Scholars mit 2488tlg<\/figcaption><\/figure>","protected":false},"excerpt":{"rendered":"<p>Product information: Brand: JIESTAR Gender: Unisex Name: Riverside Scholars Age Range: &gt; 6 years old Model Number: 89149 Classification: Assemblage Plastic Block Shape: Self-Locking Bricks Material: Plastic Plastic Type: ABS Bricks Blocks:2488 PCS Size: 25.5 \u00d7 25.5 \u00d7 40 cm Contains detailed assembly instructions. Notice: 1. Without an original box, but we guarantee our products [&hellip;]<\/p>","protected":false},"featured_media":37675,"comment_status":"closed","ping_status":"closed","template":"","meta":{"_acf_changed":false},"product_cat":[1395],"product_tag":[9271,3075,9275,9276,9270,9272,9274,9273],"class_list":["product","first","instock","shipping-taxable","purchasable","product-type-simple"],"acf":[],"_links":{"self":[{"href":"https:\/\/mouldking.store\/de\/wp-json\/wp\/v2\/product\/37674","targetHints":{"allow":["GET"]}}],"collection":[{"href":"https:\/\/mouldking.store\/de\/wp-json\/wp\/v2\/product"}],"about":[{"href":"https:\/\/mouldking.store\/de\/wp-json\/wp\/v2\/types\/product"}],"replies":[{"embeddable":true,"href":"https:\/\/mouldking.store\/de\/wp-json\/wp\/v2\/comments?post=37674"}],"wp:featuredmedia":[{"embeddable":true,"href":"https:\/\/mouldking.store\/de\/wp-json\/wp\/v2\/media\/37675"}],"wp:attachment":[{"href":"https:\/\/mouldking.store\/de\/wp-json\/wp\/v2\/media?parent=37674"}],"wp:term":[{"taxonomy":"product_cat","embeddable":true,"href":"https:\/\/mouldking.store\/de\/wp-json\/wp\/v2\/product_cat?post=37674"},{"taxonomy":"product_tag","embeddable":true,"href":"https:\/\/mouldking.store\/de\/wp-json\/wp\/v2\/product_tag?post=37674"}],"curies":[{"name":"wp","href":"https:\/\/api.w.org\/{rel}","templated":true}]}}