{"id":37677,"date":"2022-12-09T09:48:12","date_gmt":"2022-12-09T02:48:12","guid":{"rendered":"https:\/\/mouldking.store\/?post_type=product&#038;p=37677"},"modified":"2023-02-13T08:57:37","modified_gmt":"2023-02-13T01:57:37","slug":"pantasy-11008-igame-host-with-1000-pieces","status":"publish","type":"product","link":"https:\/\/mouldking.store\/de\/shop\/pantasy-11008-igame-host-with-1000-pieces\/","title":{"rendered":"PANTASY 11008 IGame Host mit 1000 St\u00fcck"},"content":{"rendered":"<p>Produktinformation:<\/p>\n<ol>\n<li>Marke: PANTASY<\/li>\n<li>Geschlecht: Unisex<\/li>\n<li>Name: IGame Host<\/li>\n<li>Altersspanne: &gt; 6 Jahre alt<\/li>\n<li>Model Number: 11008<\/li>\n<li>Einstufung: Assemblage<\/li>\n<li>Kunststoffblockform: Selbstsichernde Steine<\/li>\n<li>Material: Kunststoff<\/li>\n<li>Kunststofftyp: ABS<\/li>\n<li>Bricks Blocks:1000 \u00a0PCS<\/li>\n<li>Size:\u00a021 \u00d7 8.6 \u00d7 21.7 cm<\/li>\n<li>Enth\u00e4lt eine ausf\u00fchrliche Montageanleitung.<\/li>\n<\/ol>\n<p>Notiz:<br \/>\n1. Ohne Originalverpackung, aber wir garantieren, dass unsere Produkte eine Qualit\u00e4tssicherung und eine sch\u00f6ne Verpackung haben.<br \/>\n2. Wie alle Teile, die wir vor dem Versand \u00fcberpr\u00fcft haben, machen Sie sich keine Sorgen, wenn Sie feststellen, dass einige Teile fehlen oder besch\u00e4digt sind, und kontaktieren Sie uns einfach, und wir k\u00f6nnen sie Ihnen umgehend kostenlos erneut zusenden.<\/p>\n<figure id=\"attachment_37678\" aria-describedby=\"caption-attachment-37678\" style=\"width: 800px\" class=\"wp-caption aligncenter\"><img fetchpriority=\"high\" decoding=\"async\" class=\"wp-image-37678 size-full\" src=\"https:\/\/mouldking.store\/wp-content\/uploads\/2022\/12\/PANTASY-11008-iGame-9.jpg\" alt=\"PANTASY 11008 IGame Host With 1000 Pieces\" width=\"800\" height=\"800\" title=\"-\" srcset=\"https:\/\/mouldking.store\/wp-content\/uploads\/2022\/12\/PANTASY-11008-iGame-9.jpg 800w, https:\/\/mouldking.store\/wp-content\/uploads\/2022\/12\/PANTASY-11008-iGame-9-300x300.jpg 300w, https:\/\/mouldking.store\/wp-content\/uploads\/2022\/12\/PANTASY-11008-iGame-9-768x768.jpg 768w, https:\/\/mouldking.store\/wp-content\/uploads\/2022\/12\/PANTASY-11008-iGame-9-600x600.jpg 600w, https:\/\/mouldking.store\/wp-content\/uploads\/2022\/12\/PANTASY-11008-iGame-9-150x150.jpg 150w, https:\/\/mouldking.store\/wp-content\/uploads\/2022\/12\/PANTASY-11008-iGame-9-60x60.jpg 60w, https:\/\/mouldking.store\/wp-content\/uploads\/2022\/12\/PANTASY-11008-iGame-9-90x90.jpg 90w\" sizes=\"(max-width: 800px) 100vw, 800px\" \/><figcaption id=\"caption-attachment-37678\" class=\"wp-caption-text\">PANTASY 11008 IGame Host mit 1000 St\u00fcck<\/figcaption><\/figure>\n<figure id=\"attachment_37679\" aria-describedby=\"caption-attachment-37679\" style=\"width: 696px\" class=\"wp-caption aligncenter\"><img decoding=\"async\" class=\"wp-image-37679 size-full\" src=\"https:\/\/mouldking.store\/wp-content\/uploads\/2022\/12\/PANTASY-11008-iGame-8.jpg\" alt=\"PANTASY 11008 IGame Host With 1000 Pieces\" width=\"696\" height=\"1024\" title=\"-\" srcset=\"https:\/\/mouldking.store\/wp-content\/uploads\/2022\/12\/PANTASY-11008-iGame-8.jpg 696w, https:\/\/mouldking.store\/wp-content\/uploads\/2022\/12\/PANTASY-11008-iGame-8-204x300.jpg 204w, https:\/\/mouldking.store\/wp-content\/uploads\/2022\/12\/PANTASY-11008-iGame-8-300x441.jpg 300w, https:\/\/mouldking.store\/wp-content\/uploads\/2022\/12\/PANTASY-11008-iGame-8-600x883.jpg 600w, https:\/\/mouldking.store\/wp-content\/uploads\/2022\/12\/PANTASY-11008-iGame-8-102x150.jpg 102w, https:\/\/mouldking.store\/wp-content\/uploads\/2022\/12\/PANTASY-11008-iGame-8-41x60.jpg 41w, https:\/\/mouldking.store\/wp-content\/uploads\/2022\/12\/PANTASY-11008-iGame-8-61x90.jpg 61w\" sizes=\"(max-width: 696px) 100vw, 696px\" \/><figcaption id=\"caption-attachment-37679\" class=\"wp-caption-text\">PANTASY 11008 IGame Host mit 1000 St\u00fcck<\/figcaption><\/figure>\n<figure id=\"attachment_37680\" aria-describedby=\"caption-attachment-37680\" style=\"width: 746px\" class=\"wp-caption aligncenter\"><img decoding=\"async\" class=\"wp-image-37680 size-full\" src=\"https:\/\/mouldking.store\/wp-content\/uploads\/2022\/12\/PANTASY-11008-iGame-7.jpg\" alt=\"PANTASY 11008 IGame Host With 1000 Pieces\" width=\"746\" height=\"1024\" title=\"-\" srcset=\"https:\/\/mouldking.store\/wp-content\/uploads\/2022\/12\/PANTASY-11008-iGame-7.jpg 746w, https:\/\/mouldking.store\/wp-content\/uploads\/2022\/12\/PANTASY-11008-iGame-7-219x300.jpg 219w, https:\/\/mouldking.store\/wp-content\/uploads\/2022\/12\/PANTASY-11008-iGame-7-300x412.jpg 300w, https:\/\/mouldking.store\/wp-content\/uploads\/2022\/12\/PANTASY-11008-iGame-7-600x824.jpg 600w, https:\/\/mouldking.store\/wp-content\/uploads\/2022\/12\/PANTASY-11008-iGame-7-109x150.jpg 109w, https:\/\/mouldking.store\/wp-content\/uploads\/2022\/12\/PANTASY-11008-iGame-7-44x60.jpg 44w, https:\/\/mouldking.store\/wp-content\/uploads\/2022\/12\/PANTASY-11008-iGame-7-66x90.jpg 66w\" sizes=\"(max-width: 746px) 100vw, 746px\" \/><figcaption id=\"caption-attachment-37680\" class=\"wp-caption-text\">PANTASY 11008 IGame Host mit 1000 St\u00fcck<\/figcaption><\/figure>\n<figure id=\"attachment_37681\" aria-describedby=\"caption-attachment-37681\" style=\"width: 766px\" class=\"wp-caption aligncenter\"><img loading=\"lazy\" decoding=\"async\" class=\"wp-image-37681 size-full\" src=\"https:\/\/mouldking.store\/wp-content\/uploads\/2022\/12\/PANTASY-11008-iGame-6.jpg\" alt=\"PANTASY 11008 IGame Host With 1000 Pieces\" width=\"766\" height=\"1024\" title=\"-\" srcset=\"https:\/\/mouldking.store\/wp-content\/uploads\/2022\/12\/PANTASY-11008-iGame-6.jpg 766w, https:\/\/mouldking.store\/wp-content\/uploads\/2022\/12\/PANTASY-11008-iGame-6-224x300.jpg 224w, https:\/\/mouldking.store\/wp-content\/uploads\/2022\/12\/PANTASY-11008-iGame-6-300x401.jpg 300w, https:\/\/mouldking.store\/wp-content\/uploads\/2022\/12\/PANTASY-11008-iGame-6-600x802.jpg 600w, https:\/\/mouldking.store\/wp-content\/uploads\/2022\/12\/PANTASY-11008-iGame-6-112x150.jpg 112w, https:\/\/mouldking.store\/wp-content\/uploads\/2022\/12\/PANTASY-11008-iGame-6-45x60.jpg 45w, https:\/\/mouldking.store\/wp-content\/uploads\/2022\/12\/PANTASY-11008-iGame-6-67x90.jpg 67w\" sizes=\"(max-width: 766px) 100vw, 766px\" \/><figcaption id=\"caption-attachment-37681\" class=\"wp-caption-text\">PANTASY 11008 IGame Host mit 1000 St\u00fcck<\/figcaption><\/figure>\n<figure id=\"attachment_37682\" aria-describedby=\"caption-attachment-37682\" style=\"width: 808px\" class=\"wp-caption aligncenter\"><img loading=\"lazy\" decoding=\"async\" class=\"wp-image-37682 size-full\" src=\"https:\/\/mouldking.store\/wp-content\/uploads\/2022\/12\/PANTASY-11008-iGame-5.jpg\" alt=\"PANTASY 11008 IGame Host With 1000 Pieces\" width=\"808\" height=\"1024\" title=\"-\" srcset=\"https:\/\/mouldking.store\/wp-content\/uploads\/2022\/12\/PANTASY-11008-iGame-5.jpg 808w, https:\/\/mouldking.store\/wp-content\/uploads\/2022\/12\/PANTASY-11008-iGame-5-237x300.jpg 237w, https:\/\/mouldking.store\/wp-content\/uploads\/2022\/12\/PANTASY-11008-iGame-5-768x973.jpg 768w, https:\/\/mouldking.store\/wp-content\/uploads\/2022\/12\/PANTASY-11008-iGame-5-300x380.jpg 300w, https:\/\/mouldking.store\/wp-content\/uploads\/2022\/12\/PANTASY-11008-iGame-5-600x760.jpg 600w, https:\/\/mouldking.store\/wp-content\/uploads\/2022\/12\/PANTASY-11008-iGame-5-118x150.jpg 118w, https:\/\/mouldking.store\/wp-content\/uploads\/2022\/12\/PANTASY-11008-iGame-5-47x60.jpg 47w, https:\/\/mouldking.store\/wp-content\/uploads\/2022\/12\/PANTASY-11008-iGame-5-71x90.jpg 71w\" sizes=\"(max-width: 808px) 100vw, 808px\" \/><figcaption id=\"caption-attachment-37682\" class=\"wp-caption-text\">PANTASY 11008 IGame Host mit 1000 St\u00fcck<\/figcaption><\/figure>\n<figure id=\"attachment_37683\" aria-describedby=\"caption-attachment-37683\" style=\"width: 1024px\" class=\"wp-caption aligncenter\"><img loading=\"lazy\" decoding=\"async\" class=\"wp-image-37683 size-full\" src=\"https:\/\/mouldking.store\/wp-content\/uploads\/2022\/12\/PANTASY-11008-iGame-4.jpg\" alt=\"PANTASY 11008 IGame Host With 1000 Pieces\" width=\"1024\" height=\"922\" title=\"-\" srcset=\"https:\/\/mouldking.store\/wp-content\/uploads\/2022\/12\/PANTASY-11008-iGame-4.jpg 1024w, https:\/\/mouldking.store\/wp-content\/uploads\/2022\/12\/PANTASY-11008-iGame-4-300x270.jpg 300w, https:\/\/mouldking.store\/wp-content\/uploads\/2022\/12\/PANTASY-11008-iGame-4-768x692.jpg 768w, https:\/\/mouldking.store\/wp-content\/uploads\/2022\/12\/PANTASY-11008-iGame-4-600x540.jpg 600w, https:\/\/mouldking.store\/wp-content\/uploads\/2022\/12\/PANTASY-11008-iGame-4-150x135.jpg 150w, https:\/\/mouldking.store\/wp-content\/uploads\/2022\/12\/PANTASY-11008-iGame-4-67x60.jpg 67w, https:\/\/mouldking.store\/wp-content\/uploads\/2022\/12\/PANTASY-11008-iGame-4-100x90.jpg 100w\" sizes=\"(max-width: 1024px) 100vw, 1024px\" \/><figcaption id=\"caption-attachment-37683\" class=\"wp-caption-text\">PANTASY 11008 IGame Host mit 1000 St\u00fcck<\/figcaption><\/figure>\n<figure id=\"attachment_37684\" aria-describedby=\"caption-attachment-37684\" style=\"width: 1024px\" class=\"wp-caption aligncenter\"><img loading=\"lazy\" decoding=\"async\" class=\"wp-image-37684 size-full\" src=\"https:\/\/mouldking.store\/wp-content\/uploads\/2022\/12\/PANTASY-11008-iGame-3.jpg\" alt=\"PANTASY 11008 IGame Host With 1000 Pieces\" width=\"1024\" height=\"1016\" title=\"-\" srcset=\"https:\/\/mouldking.store\/wp-content\/uploads\/2022\/12\/PANTASY-11008-iGame-3.jpg 1024w, https:\/\/mouldking.store\/wp-content\/uploads\/2022\/12\/PANTASY-11008-iGame-3-300x298.jpg 300w, https:\/\/mouldking.store\/wp-content\/uploads\/2022\/12\/PANTASY-11008-iGame-3-768x762.jpg 768w, https:\/\/mouldking.store\/wp-content\/uploads\/2022\/12\/PANTASY-11008-iGame-3-600x595.jpg 600w, https:\/\/mouldking.store\/wp-content\/uploads\/2022\/12\/PANTASY-11008-iGame-3-150x150.jpg 150w, https:\/\/mouldking.store\/wp-content\/uploads\/2022\/12\/PANTASY-11008-iGame-3-60x60.jpg 60w, https:\/\/mouldking.store\/wp-content\/uploads\/2022\/12\/PANTASY-11008-iGame-3-91x90.jpg 91w\" sizes=\"(max-width: 1024px) 100vw, 1024px\" \/><figcaption id=\"caption-attachment-37684\" class=\"wp-caption-text\">PANTASY 11008 IGame Host mit 1000 St\u00fcck<\/figcaption><\/figure>\n<figure id=\"attachment_37685\" aria-describedby=\"caption-attachment-37685\" style=\"width: 1024px\" class=\"wp-caption aligncenter\"><img loading=\"lazy\" decoding=\"async\" class=\"wp-image-37685 size-full\" src=\"https:\/\/mouldking.store\/wp-content\/uploads\/2022\/12\/PANTASY-11008-iGame-2.jpg\" alt=\"PANTASY 11008 IGame Host With 1000 Pieces\" width=\"1024\" height=\"994\" title=\"-\" srcset=\"https:\/\/mouldking.store\/wp-content\/uploads\/2022\/12\/PANTASY-11008-iGame-2.jpg 1024w, https:\/\/mouldking.store\/wp-content\/uploads\/2022\/12\/PANTASY-11008-iGame-2-300x291.jpg 300w, https:\/\/mouldking.store\/wp-content\/uploads\/2022\/12\/PANTASY-11008-iGame-2-768x746.jpg 768w, https:\/\/mouldking.store\/wp-content\/uploads\/2022\/12\/PANTASY-11008-iGame-2-600x582.jpg 600w, https:\/\/mouldking.store\/wp-content\/uploads\/2022\/12\/PANTASY-11008-iGame-2-150x146.jpg 150w, https:\/\/mouldking.store\/wp-content\/uploads\/2022\/12\/PANTASY-11008-iGame-2-62x60.jpg 62w, https:\/\/mouldking.store\/wp-content\/uploads\/2022\/12\/PANTASY-11008-iGame-2-93x90.jpg 93w\" sizes=\"(max-width: 1024px) 100vw, 1024px\" \/><figcaption id=\"caption-attachment-37685\" class=\"wp-caption-text\">PANTASY 11008 IGame Host mit 1000 St\u00fcck<\/figcaption><\/figure>\n<figure id=\"attachment_37686\" aria-describedby=\"caption-attachment-37686\" style=\"width: 800px\" class=\"wp-caption aligncenter\"><img loading=\"lazy\" decoding=\"async\" class=\"wp-image-37686 size-full\" src=\"https:\/\/mouldking.store\/wp-content\/uploads\/2022\/12\/PANTASY-11008-iGame-1.jpg\" alt=\"PANTASY 11008 IGame Host With 1000 Pieces\" width=\"800\" height=\"800\" title=\"-\" srcset=\"https:\/\/mouldking.store\/wp-content\/uploads\/2022\/12\/PANTASY-11008-iGame-1.jpg 800w, https:\/\/mouldking.store\/wp-content\/uploads\/2022\/12\/PANTASY-11008-iGame-1-300x300.jpg 300w, https:\/\/mouldking.store\/wp-content\/uploads\/2022\/12\/PANTASY-11008-iGame-1-768x768.jpg 768w, https:\/\/mouldking.store\/wp-content\/uploads\/2022\/12\/PANTASY-11008-iGame-1-600x600.jpg 600w, https:\/\/mouldking.store\/wp-content\/uploads\/2022\/12\/PANTASY-11008-iGame-1-150x150.jpg 150w, https:\/\/mouldking.store\/wp-content\/uploads\/2022\/12\/PANTASY-11008-iGame-1-60x60.jpg 60w, https:\/\/mouldking.store\/wp-content\/uploads\/2022\/12\/PANTASY-11008-iGame-1-90x90.jpg 90w\" sizes=\"(max-width: 800px) 100vw, 800px\" \/><figcaption id=\"caption-attachment-37686\" class=\"wp-caption-text\">PANTASY 11008 IGame Host mit 1000 St\u00fcck<\/figcaption><\/figure>","protected":false},"excerpt":{"rendered":"<p>Product information: Brand: PANTASY Gender: Unisex Name: IGame Host Age Range: &gt; 6 years old Model Number: 11008 Classification: Assemblage Plastic Block Shape: Self-Locking Bricks Material: Plastic Plastic Type: ABS Bricks Blocks:1000 \u00a0PCS Size:\u00a021 \u00d7 8.6 \u00d7 21.7 cm Contains detailed assembly instructions. Notice: 1. Without an original box, but we guarantee our products have [&hellip;]<\/p>","protected":false},"featured_media":37678,"comment_status":"closed","ping_status":"closed","template":"","meta":{"_acf_changed":false},"product_cat":[1365],"product_tag":[9278,9280,9279,9281,6280,9282,9283,9277],"class_list":["product","first","outofstock","shipping-taxable","purchasable","product-type-simple"],"acf":[],"_links":{"self":[{"href":"https:\/\/mouldking.store\/de\/wp-json\/wp\/v2\/product\/37677","targetHints":{"allow":["GET"]}}],"collection":[{"href":"https:\/\/mouldking.store\/de\/wp-json\/wp\/v2\/product"}],"about":[{"href":"https:\/\/mouldking.store\/de\/wp-json\/wp\/v2\/types\/product"}],"replies":[{"embeddable":true,"href":"https:\/\/mouldking.store\/de\/wp-json\/wp\/v2\/comments?post=37677"}],"wp:featuredmedia":[{"embeddable":true,"href":"https:\/\/mouldking.store\/de\/wp-json\/wp\/v2\/media\/37678"}],"wp:attachment":[{"href":"https:\/\/mouldking.store\/de\/wp-json\/wp\/v2\/media?parent=37677"}],"wp:term":[{"taxonomy":"product_cat","embeddable":true,"href":"https:\/\/mouldking.store\/de\/wp-json\/wp\/v2\/product_cat?post=37677"},{"taxonomy":"product_tag","embeddable":true,"href":"https:\/\/mouldking.store\/de\/wp-json\/wp\/v2\/product_tag?post=37677"}],"curies":[{"name":"wp","href":"https:\/\/api.w.org\/{rel}","templated":true}]}}