{"id":37747,"date":"2022-12-09T10:44:16","date_gmt":"2022-12-09T03:44:16","guid":{"rendered":"https:\/\/mouldking.store\/?post_type=product&#038;p=37747"},"modified":"2025-12-25T09:12:09","modified_gmt":"2025-12-25T02:12:09","slug":"moc-124601-demon-samurai-mech-with-1512-pieces","status":"publish","type":"product","link":"https:\/\/mouldking.store\/de\/shop\/moc-124601-demon-samurai-mech-with-1512-pieces\/","title":{"rendered":"MOC-124601 D\u00e4monen-Samurai-Mech mit 1512 Teilen"},"content":{"rendered":"<p>Produktinformation:<\/p>\n<ol>\n<li>Marke: MOC<\/li>\n<li>Geschlecht: Unisex<\/li>\n<li>Name: Demon Samurai Mech<\/li>\n<li>Altersspanne: &gt; 6 Jahre alt<\/li>\n<li>Model Number: 124601<\/li>\n<li>Einstufung: Assemblage<\/li>\n<li>Kunststoffblockform: Selbstsichernde Steine<\/li>\n<li>Material: Kunststoff<\/li>\n<li>Kunststofftyp: ABS<\/li>\n<li>Bricks Blocks:1512 PCS<\/li>\n<li>Size:16 x 10 x 37 cm<\/li>\n<li>Weight: \u00a00.9 kg<\/li>\n<li>Enth\u00e4lt eine ausf\u00fchrliche Montageanleitung.<\/li>\n<\/ol>\n<p>Notiz:<br \/>\n1. Ohne Originalverpackung, aber wir garantieren, dass unsere Produkte eine Qualit\u00e4tssicherung und eine sch\u00f6ne Verpackung haben.<br \/>\n2. Wie alle Teile, die wir vor dem Versand \u00fcberpr\u00fcft haben, machen Sie sich keine Sorgen, wenn Sie feststellen, dass einige Teile fehlen oder besch\u00e4digt sind, und kontaktieren Sie uns einfach, und wir k\u00f6nnen sie Ihnen umgehend kostenlos erneut zusenden.<\/p>\n<figure id=\"attachment_37748\" aria-describedby=\"caption-attachment-37748\" style=\"width: 1004px\" class=\"wp-caption aligncenter\"><img fetchpriority=\"high\" decoding=\"async\" class=\"wp-image-37748 size-full\" src=\"https:\/\/mouldking.store\/wp-content\/uploads\/2022\/12\/MOC-124601-Movie-Demon-Samurai-Mech-MOC-FACTORY.png\" alt=\"MOC-124601 Demon Samurai Mech With 1512 Pieces\" width=\"1004\" height=\"1004\" title=\"-\" srcset=\"https:\/\/mouldking.store\/wp-content\/uploads\/2022\/12\/MOC-124601-Movie-Demon-Samurai-Mech-MOC-FACTORY.png 1004w, https:\/\/mouldking.store\/wp-content\/uploads\/2022\/12\/MOC-124601-Movie-Demon-Samurai-Mech-MOC-FACTORY-300x300.png 300w, https:\/\/mouldking.store\/wp-content\/uploads\/2022\/12\/MOC-124601-Movie-Demon-Samurai-Mech-MOC-FACTORY-768x768.png 768w, https:\/\/mouldking.store\/wp-content\/uploads\/2022\/12\/MOC-124601-Movie-Demon-Samurai-Mech-MOC-FACTORY-600x600.png 600w, https:\/\/mouldking.store\/wp-content\/uploads\/2022\/12\/MOC-124601-Movie-Demon-Samurai-Mech-MOC-FACTORY-150x150.png 150w, https:\/\/mouldking.store\/wp-content\/uploads\/2022\/12\/MOC-124601-Movie-Demon-Samurai-Mech-MOC-FACTORY-60x60.png 60w, https:\/\/mouldking.store\/wp-content\/uploads\/2022\/12\/MOC-124601-Movie-Demon-Samurai-Mech-MOC-FACTORY-90x90.png 90w\" sizes=\"(max-width: 1004px) 100vw, 1004px\" \/><figcaption id=\"caption-attachment-37748\" class=\"wp-caption-text\">MOC-124601 D\u00e4monen-Samurai-Mech mit 1512 Teilen<\/figcaption><\/figure>\n<figure id=\"attachment_37749\" aria-describedby=\"caption-attachment-37749\" style=\"width: 1000px\" class=\"wp-caption aligncenter\"><img decoding=\"async\" class=\"wp-image-37749 size-full\" src=\"https:\/\/mouldking.store\/wp-content\/uploads\/2022\/12\/Demon-Samurai-Mech-MOC-124601-4.jpg\" alt=\"MOC-124601 Demon Samurai Mech With 1512 Pieces\" width=\"1000\" height=\"1000\" title=\"-\" srcset=\"https:\/\/mouldking.store\/wp-content\/uploads\/2022\/12\/Demon-Samurai-Mech-MOC-124601-4.jpg 1000w, https:\/\/mouldking.store\/wp-content\/uploads\/2022\/12\/Demon-Samurai-Mech-MOC-124601-4-300x300.jpg 300w, https:\/\/mouldking.store\/wp-content\/uploads\/2022\/12\/Demon-Samurai-Mech-MOC-124601-4-768x768.jpg 768w, https:\/\/mouldking.store\/wp-content\/uploads\/2022\/12\/Demon-Samurai-Mech-MOC-124601-4-600x600.jpg 600w, https:\/\/mouldking.store\/wp-content\/uploads\/2022\/12\/Demon-Samurai-Mech-MOC-124601-4-150x150.jpg 150w, https:\/\/mouldking.store\/wp-content\/uploads\/2022\/12\/Demon-Samurai-Mech-MOC-124601-4-60x60.jpg 60w, https:\/\/mouldking.store\/wp-content\/uploads\/2022\/12\/Demon-Samurai-Mech-MOC-124601-4-90x90.jpg 90w\" sizes=\"(max-width: 1000px) 100vw, 1000px\" \/><figcaption id=\"caption-attachment-37749\" class=\"wp-caption-text\">MOC-124601 D\u00e4monen-Samurai-Mech mit 1512 Teilen<\/figcaption><\/figure>\n<figure id=\"attachment_37750\" aria-describedby=\"caption-attachment-37750\" style=\"width: 1000px\" class=\"wp-caption aligncenter\"><img decoding=\"async\" class=\"wp-image-37750 size-full\" src=\"https:\/\/mouldking.store\/wp-content\/uploads\/2022\/12\/Demon-Samurai-Mech-MOC-124601-3.jpg\" alt=\"MOC-124601 Demon Samurai Mech With 1512 Pieces\" width=\"1000\" height=\"1000\" title=\"-\" srcset=\"https:\/\/mouldking.store\/wp-content\/uploads\/2022\/12\/Demon-Samurai-Mech-MOC-124601-3.jpg 1000w, https:\/\/mouldking.store\/wp-content\/uploads\/2022\/12\/Demon-Samurai-Mech-MOC-124601-3-300x300.jpg 300w, https:\/\/mouldking.store\/wp-content\/uploads\/2022\/12\/Demon-Samurai-Mech-MOC-124601-3-768x768.jpg 768w, https:\/\/mouldking.store\/wp-content\/uploads\/2022\/12\/Demon-Samurai-Mech-MOC-124601-3-600x600.jpg 600w, https:\/\/mouldking.store\/wp-content\/uploads\/2022\/12\/Demon-Samurai-Mech-MOC-124601-3-150x150.jpg 150w, https:\/\/mouldking.store\/wp-content\/uploads\/2022\/12\/Demon-Samurai-Mech-MOC-124601-3-60x60.jpg 60w, https:\/\/mouldking.store\/wp-content\/uploads\/2022\/12\/Demon-Samurai-Mech-MOC-124601-3-90x90.jpg 90w\" sizes=\"(max-width: 1000px) 100vw, 1000px\" \/><figcaption id=\"caption-attachment-37750\" class=\"wp-caption-text\">MOC-124601 D\u00e4monen-Samurai-Mech mit 1512 Teilen<\/figcaption><\/figure>\n<figure id=\"attachment_37751\" aria-describedby=\"caption-attachment-37751\" style=\"width: 1000px\" class=\"wp-caption aligncenter\"><img loading=\"lazy\" decoding=\"async\" class=\"wp-image-37751 size-full\" src=\"https:\/\/mouldking.store\/wp-content\/uploads\/2022\/12\/Demon-Samurai-Mech-MOC-124601-2.jpg\" alt=\"MOC-124601 Demon Samurai Mech With 1512 Pieces\" width=\"1000\" height=\"1000\" title=\"-\" srcset=\"https:\/\/mouldking.store\/wp-content\/uploads\/2022\/12\/Demon-Samurai-Mech-MOC-124601-2.jpg 1000w, https:\/\/mouldking.store\/wp-content\/uploads\/2022\/12\/Demon-Samurai-Mech-MOC-124601-2-300x300.jpg 300w, https:\/\/mouldking.store\/wp-content\/uploads\/2022\/12\/Demon-Samurai-Mech-MOC-124601-2-768x768.jpg 768w, https:\/\/mouldking.store\/wp-content\/uploads\/2022\/12\/Demon-Samurai-Mech-MOC-124601-2-600x600.jpg 600w, https:\/\/mouldking.store\/wp-content\/uploads\/2022\/12\/Demon-Samurai-Mech-MOC-124601-2-150x150.jpg 150w, https:\/\/mouldking.store\/wp-content\/uploads\/2022\/12\/Demon-Samurai-Mech-MOC-124601-2-60x60.jpg 60w, https:\/\/mouldking.store\/wp-content\/uploads\/2022\/12\/Demon-Samurai-Mech-MOC-124601-2-90x90.jpg 90w\" sizes=\"(max-width: 1000px) 100vw, 1000px\" \/><figcaption id=\"caption-attachment-37751\" class=\"wp-caption-text\">MOC-124601 D\u00e4monen-Samurai-Mech mit 1512 Teilen<\/figcaption><\/figure>\n<figure id=\"attachment_37752\" aria-describedby=\"caption-attachment-37752\" style=\"width: 596px\" class=\"wp-caption aligncenter\"><img loading=\"lazy\" decoding=\"async\" class=\"wp-image-37752 size-large\" src=\"https:\/\/mouldking.store\/wp-content\/uploads\/2022\/12\/Demon-Samurai-Mech-MOC-124601-1-596x1024.jpg\" alt=\"MOC-124601 Demon Samurai Mech With 1512 Pieces\" width=\"596\" height=\"1024\" title=\"-\" srcset=\"https:\/\/mouldking.store\/wp-content\/uploads\/2022\/12\/Demon-Samurai-Mech-MOC-124601-1-596x1024.jpg 596w, https:\/\/mouldking.store\/wp-content\/uploads\/2022\/12\/Demon-Samurai-Mech-MOC-124601-1-175x300.jpg 175w, https:\/\/mouldking.store\/wp-content\/uploads\/2022\/12\/Demon-Samurai-Mech-MOC-124601-1-300x516.jpg 300w, https:\/\/mouldking.store\/wp-content\/uploads\/2022\/12\/Demon-Samurai-Mech-MOC-124601-1-600x1032.jpg 600w, https:\/\/mouldking.store\/wp-content\/uploads\/2022\/12\/Demon-Samurai-Mech-MOC-124601-1-87x150.jpg 87w, https:\/\/mouldking.store\/wp-content\/uploads\/2022\/12\/Demon-Samurai-Mech-MOC-124601-1-35x60.jpg 35w, https:\/\/mouldking.store\/wp-content\/uploads\/2022\/12\/Demon-Samurai-Mech-MOC-124601-1-52x90.jpg 52w, https:\/\/mouldking.store\/wp-content\/uploads\/2022\/12\/Demon-Samurai-Mech-MOC-124601-1.jpg 698w\" sizes=\"(max-width: 596px) 100vw, 596px\" \/><figcaption id=\"caption-attachment-37752\" class=\"wp-caption-text\">MOC-124601 D\u00e4monen-Samurai-Mech mit 1512 Teilen<\/figcaption><\/figure>","protected":false},"excerpt":{"rendered":"<p>Product information: Brand: MOC Gender: Unisex Name: Demon Samurai Mech Age Range: &gt; 6 years old Model Number: 124601 Classification: Assemblage Plastic Block Shape: Self-Locking Bricks Material: Plastic Plastic Type: ABS Bricks Blocks:1512 PCS Size:16 x 10 x 37 cm Weight: \u00a00.9 kg Contains detailed assembly instructions. Notice: 1. Without an original box, but we [&hellip;]<\/p>","protected":false},"featured_media":37748,"comment_status":"closed","ping_status":"closed","template":"","meta":{"_acf_changed":false},"product_cat":[1406,581],"product_tag":[9324,9327,430,9323,9328,9322,9325,9326],"class_list":["product","first","instock","shipping-taxable","purchasable","product-type-simple"],"acf":[],"_links":{"self":[{"href":"https:\/\/mouldking.store\/de\/wp-json\/wp\/v2\/product\/37747","targetHints":{"allow":["GET"]}}],"collection":[{"href":"https:\/\/mouldking.store\/de\/wp-json\/wp\/v2\/product"}],"about":[{"href":"https:\/\/mouldking.store\/de\/wp-json\/wp\/v2\/types\/product"}],"replies":[{"embeddable":true,"href":"https:\/\/mouldking.store\/de\/wp-json\/wp\/v2\/comments?post=37747"}],"wp:featuredmedia":[{"embeddable":true,"href":"https:\/\/mouldking.store\/de\/wp-json\/wp\/v2\/media\/37748"}],"wp:attachment":[{"href":"https:\/\/mouldking.store\/de\/wp-json\/wp\/v2\/media?parent=37747"}],"wp:term":[{"taxonomy":"product_cat","embeddable":true,"href":"https:\/\/mouldking.store\/de\/wp-json\/wp\/v2\/product_cat?post=37747"},{"taxonomy":"product_tag","embeddable":true,"href":"https:\/\/mouldking.store\/de\/wp-json\/wp\/v2\/product_tag?post=37747"}],"curies":[{"name":"wp","href":"https:\/\/api.w.org\/{rel}","templated":true}]}}