{"id":37759,"date":"2022-12-09T10:59:12","date_gmt":"2022-12-09T03:59:12","guid":{"rendered":"https:\/\/mouldking.store\/?post_type=product&#038;p=37759"},"modified":"2025-12-25T09:12:09","modified_gmt":"2025-12-25T02:12:09","slug":"moc-95452-rocinante-mid-scale-with-1930-pieces","status":"publish","type":"product","link":"https:\/\/mouldking.store\/de\/shop\/moc-95452-rocinante-mid-scale-with-1930-pieces\/","title":{"rendered":"MOC-95452 Rosinante Mid Scale mit 1930 St\u00fcck"},"content":{"rendered":"<p>Produktinformation:<\/p>\n<ol>\n<li>Marke: MOC<\/li>\n<li>Geschlecht: Unisex<\/li>\n<li>Name: Rosinante Mid Scale<\/li>\n<li>Altersspanne: &gt; 6 Jahre alt<\/li>\n<li>Modellnummer: 95452<\/li>\n<li>Einstufung: Assemblage<\/li>\n<li>Kunststoffblockform: Selbstsichernde Steine<\/li>\n<li>Material: Kunststoff<\/li>\n<li>Kunststofftyp: ABS<\/li>\n<li>Ziegelsteine: 1930 St\u00fcck<\/li>\n<li>Gr\u00f6\u00dfe: 52 x 17,6 x 25 cm<\/li>\n<li>Gewicht: 1,54 kg<\/li>\n<li>Enth\u00e4lt eine ausf\u00fchrliche Montageanleitung.<\/li>\n<\/ol>\n<p>Notiz:<br \/>\n1. Ohne Originalverpackung, aber wir garantieren, dass unsere Produkte eine Qualit\u00e4tssicherung und eine sch\u00f6ne Verpackung haben.<br \/>\n2. Wie alle Teile, die wir vor dem Versand \u00fcberpr\u00fcft haben, machen Sie sich keine Sorgen, wenn Sie feststellen, dass einige Teile fehlen oder besch\u00e4digt sind, und kontaktieren Sie uns einfach, und wir k\u00f6nnen sie Ihnen umgehend kostenlos erneut zusenden.<\/p>\n<figure id=\"attachment_37760\" aria-describedby=\"caption-attachment-37760\" style=\"width: 1004px\" class=\"wp-caption aligncenter\"><img fetchpriority=\"high\" decoding=\"async\" class=\"wp-image-37760 size-full\" src=\"https:\/\/mouldking.store\/wp-content\/uploads\/2022\/12\/MOC-95452-Space-Rocinante-Mid-Scale-MOC-FACTORY.png\" alt=\"MOC-95452 Rocinante Mid Scale With 1930 Pieces\" width=\"1004\" height=\"1004\" title=\"-\" srcset=\"https:\/\/mouldking.store\/wp-content\/uploads\/2022\/12\/MOC-95452-Space-Rocinante-Mid-Scale-MOC-FACTORY.png 1004w, https:\/\/mouldking.store\/wp-content\/uploads\/2022\/12\/MOC-95452-Space-Rocinante-Mid-Scale-MOC-FACTORY-300x300.png 300w, https:\/\/mouldking.store\/wp-content\/uploads\/2022\/12\/MOC-95452-Space-Rocinante-Mid-Scale-MOC-FACTORY-768x768.png 768w, https:\/\/mouldking.store\/wp-content\/uploads\/2022\/12\/MOC-95452-Space-Rocinante-Mid-Scale-MOC-FACTORY-600x600.png 600w, https:\/\/mouldking.store\/wp-content\/uploads\/2022\/12\/MOC-95452-Space-Rocinante-Mid-Scale-MOC-FACTORY-150x150.png 150w, https:\/\/mouldking.store\/wp-content\/uploads\/2022\/12\/MOC-95452-Space-Rocinante-Mid-Scale-MOC-FACTORY-60x60.png 60w, https:\/\/mouldking.store\/wp-content\/uploads\/2022\/12\/MOC-95452-Space-Rocinante-Mid-Scale-MOC-FACTORY-90x90.png 90w\" sizes=\"(max-width: 1004px) 100vw, 1004px\" \/><figcaption id=\"caption-attachment-37760\" class=\"wp-caption-text\">MOC-95452 Rosinante Mid Scale mit 1930 St\u00fcck<\/figcaption><\/figure>\n<figure id=\"attachment_37761\" aria-describedby=\"caption-attachment-37761\" style=\"width: 1000px\" class=\"wp-caption aligncenter\"><img decoding=\"async\" class=\"wp-image-37761 size-full\" src=\"https:\/\/mouldking.store\/wp-content\/uploads\/2022\/12\/MOC-95452-Rocinante-Mid-Scale-11.jpg\" alt=\"MOC-95452 Rocinante Mid Scale With 1930 Pieces\" width=\"1000\" height=\"1000\" title=\"-\" srcset=\"https:\/\/mouldking.store\/wp-content\/uploads\/2022\/12\/MOC-95452-Rocinante-Mid-Scale-11.jpg 1000w, https:\/\/mouldking.store\/wp-content\/uploads\/2022\/12\/MOC-95452-Rocinante-Mid-Scale-11-300x300.jpg 300w, https:\/\/mouldking.store\/wp-content\/uploads\/2022\/12\/MOC-95452-Rocinante-Mid-Scale-11-768x768.jpg 768w, https:\/\/mouldking.store\/wp-content\/uploads\/2022\/12\/MOC-95452-Rocinante-Mid-Scale-11-600x600.jpg 600w, https:\/\/mouldking.store\/wp-content\/uploads\/2022\/12\/MOC-95452-Rocinante-Mid-Scale-11-150x150.jpg 150w, https:\/\/mouldking.store\/wp-content\/uploads\/2022\/12\/MOC-95452-Rocinante-Mid-Scale-11-60x60.jpg 60w, https:\/\/mouldking.store\/wp-content\/uploads\/2022\/12\/MOC-95452-Rocinante-Mid-Scale-11-90x90.jpg 90w\" sizes=\"(max-width: 1000px) 100vw, 1000px\" \/><figcaption id=\"caption-attachment-37761\" class=\"wp-caption-text\">MOC-95452 Rosinante Mid Scale mit 1930 St\u00fcck<\/figcaption><\/figure>\n<figure id=\"attachment_37762\" aria-describedby=\"caption-attachment-37762\" style=\"width: 1000px\" class=\"wp-caption aligncenter\"><img decoding=\"async\" class=\"wp-image-37762 size-full\" src=\"https:\/\/mouldking.store\/wp-content\/uploads\/2022\/12\/MOC-95452-Rocinante-Mid-Scale-10.jpg\" alt=\"MOC-95452 Rocinante Mid Scale With 1930 Pieces\" width=\"1000\" height=\"1000\" title=\"-\" srcset=\"https:\/\/mouldking.store\/wp-content\/uploads\/2022\/12\/MOC-95452-Rocinante-Mid-Scale-10.jpg 1000w, https:\/\/mouldking.store\/wp-content\/uploads\/2022\/12\/MOC-95452-Rocinante-Mid-Scale-10-300x300.jpg 300w, https:\/\/mouldking.store\/wp-content\/uploads\/2022\/12\/MOC-95452-Rocinante-Mid-Scale-10-768x768.jpg 768w, https:\/\/mouldking.store\/wp-content\/uploads\/2022\/12\/MOC-95452-Rocinante-Mid-Scale-10-600x600.jpg 600w, https:\/\/mouldking.store\/wp-content\/uploads\/2022\/12\/MOC-95452-Rocinante-Mid-Scale-10-150x150.jpg 150w, https:\/\/mouldking.store\/wp-content\/uploads\/2022\/12\/MOC-95452-Rocinante-Mid-Scale-10-60x60.jpg 60w, https:\/\/mouldking.store\/wp-content\/uploads\/2022\/12\/MOC-95452-Rocinante-Mid-Scale-10-90x90.jpg 90w\" sizes=\"(max-width: 1000px) 100vw, 1000px\" \/><figcaption id=\"caption-attachment-37762\" class=\"wp-caption-text\">MOC-95452 Rosinante Mid Scale mit 1930 St\u00fcck<\/figcaption><\/figure>\n<figure id=\"attachment_37763\" aria-describedby=\"caption-attachment-37763\" style=\"width: 1000px\" class=\"wp-caption aligncenter\"><img loading=\"lazy\" decoding=\"async\" class=\"wp-image-37763 size-full\" src=\"https:\/\/mouldking.store\/wp-content\/uploads\/2022\/12\/MOC-95452-Rocinante-Mid-Scale-9.jpg\" alt=\"MOC-95452 Rocinante Mid Scale With 1930 Pieces\" width=\"1000\" height=\"1000\" title=\"-\" srcset=\"https:\/\/mouldking.store\/wp-content\/uploads\/2022\/12\/MOC-95452-Rocinante-Mid-Scale-9.jpg 1000w, https:\/\/mouldking.store\/wp-content\/uploads\/2022\/12\/MOC-95452-Rocinante-Mid-Scale-9-300x300.jpg 300w, https:\/\/mouldking.store\/wp-content\/uploads\/2022\/12\/MOC-95452-Rocinante-Mid-Scale-9-768x768.jpg 768w, https:\/\/mouldking.store\/wp-content\/uploads\/2022\/12\/MOC-95452-Rocinante-Mid-Scale-9-600x600.jpg 600w, https:\/\/mouldking.store\/wp-content\/uploads\/2022\/12\/MOC-95452-Rocinante-Mid-Scale-9-150x150.jpg 150w, https:\/\/mouldking.store\/wp-content\/uploads\/2022\/12\/MOC-95452-Rocinante-Mid-Scale-9-60x60.jpg 60w, https:\/\/mouldking.store\/wp-content\/uploads\/2022\/12\/MOC-95452-Rocinante-Mid-Scale-9-90x90.jpg 90w\" sizes=\"(max-width: 1000px) 100vw, 1000px\" \/><figcaption id=\"caption-attachment-37763\" class=\"wp-caption-text\">MOC-95452 Rosinante Mid Scale mit 1930 St\u00fcck<\/figcaption><\/figure>\n<figure id=\"attachment_37764\" aria-describedby=\"caption-attachment-37764\" style=\"width: 1000px\" class=\"wp-caption aligncenter\"><img loading=\"lazy\" decoding=\"async\" class=\"wp-image-37764 size-full\" src=\"https:\/\/mouldking.store\/wp-content\/uploads\/2022\/12\/MOC-95452-Rocinante-Mid-Scale-8.jpg\" alt=\"MOC-95452 Rocinante Mid Scale With 1930 Pieces\" width=\"1000\" height=\"1000\" title=\"-\" srcset=\"https:\/\/mouldking.store\/wp-content\/uploads\/2022\/12\/MOC-95452-Rocinante-Mid-Scale-8.jpg 1000w, https:\/\/mouldking.store\/wp-content\/uploads\/2022\/12\/MOC-95452-Rocinante-Mid-Scale-8-300x300.jpg 300w, https:\/\/mouldking.store\/wp-content\/uploads\/2022\/12\/MOC-95452-Rocinante-Mid-Scale-8-768x768.jpg 768w, https:\/\/mouldking.store\/wp-content\/uploads\/2022\/12\/MOC-95452-Rocinante-Mid-Scale-8-600x600.jpg 600w, https:\/\/mouldking.store\/wp-content\/uploads\/2022\/12\/MOC-95452-Rocinante-Mid-Scale-8-150x150.jpg 150w, https:\/\/mouldking.store\/wp-content\/uploads\/2022\/12\/MOC-95452-Rocinante-Mid-Scale-8-60x60.jpg 60w, https:\/\/mouldking.store\/wp-content\/uploads\/2022\/12\/MOC-95452-Rocinante-Mid-Scale-8-90x90.jpg 90w\" sizes=\"(max-width: 1000px) 100vw, 1000px\" \/><figcaption id=\"caption-attachment-37764\" class=\"wp-caption-text\">MOC-95452 Rosinante Mid Scale mit 1930 St\u00fcck<\/figcaption><\/figure>\n<figure id=\"attachment_37765\" aria-describedby=\"caption-attachment-37765\" style=\"width: 1000px\" class=\"wp-caption aligncenter\"><img loading=\"lazy\" decoding=\"async\" class=\"wp-image-37765 size-full\" src=\"https:\/\/mouldking.store\/wp-content\/uploads\/2022\/12\/MOC-95452-Rocinante-Mid-Scale-7.jpg\" alt=\"MOC-95452 Rocinante Mid Scale With 1930 Pieces\" width=\"1000\" height=\"1000\" title=\"-\" srcset=\"https:\/\/mouldking.store\/wp-content\/uploads\/2022\/12\/MOC-95452-Rocinante-Mid-Scale-7.jpg 1000w, https:\/\/mouldking.store\/wp-content\/uploads\/2022\/12\/MOC-95452-Rocinante-Mid-Scale-7-300x300.jpg 300w, https:\/\/mouldking.store\/wp-content\/uploads\/2022\/12\/MOC-95452-Rocinante-Mid-Scale-7-768x768.jpg 768w, https:\/\/mouldking.store\/wp-content\/uploads\/2022\/12\/MOC-95452-Rocinante-Mid-Scale-7-600x600.jpg 600w, https:\/\/mouldking.store\/wp-content\/uploads\/2022\/12\/MOC-95452-Rocinante-Mid-Scale-7-150x150.jpg 150w, https:\/\/mouldking.store\/wp-content\/uploads\/2022\/12\/MOC-95452-Rocinante-Mid-Scale-7-60x60.jpg 60w, https:\/\/mouldking.store\/wp-content\/uploads\/2022\/12\/MOC-95452-Rocinante-Mid-Scale-7-90x90.jpg 90w\" sizes=\"(max-width: 1000px) 100vw, 1000px\" \/><figcaption id=\"caption-attachment-37765\" class=\"wp-caption-text\">MOC-95452 Rosinante Mid Scale mit 1930 St\u00fcck<\/figcaption><\/figure>\n<figure id=\"attachment_37766\" aria-describedby=\"caption-attachment-37766\" style=\"width: 1000px\" class=\"wp-caption aligncenter\"><img loading=\"lazy\" decoding=\"async\" class=\"wp-image-37766 size-full\" src=\"https:\/\/mouldking.store\/wp-content\/uploads\/2022\/12\/MOC-95452-Rocinante-Mid-Scale-6.jpg\" alt=\"MOC-95452 Rocinante Mid Scale With 1930 Pieces\" width=\"1000\" height=\"1000\" title=\"-\" srcset=\"https:\/\/mouldking.store\/wp-content\/uploads\/2022\/12\/MOC-95452-Rocinante-Mid-Scale-6.jpg 1000w, https:\/\/mouldking.store\/wp-content\/uploads\/2022\/12\/MOC-95452-Rocinante-Mid-Scale-6-300x300.jpg 300w, https:\/\/mouldking.store\/wp-content\/uploads\/2022\/12\/MOC-95452-Rocinante-Mid-Scale-6-768x768.jpg 768w, https:\/\/mouldking.store\/wp-content\/uploads\/2022\/12\/MOC-95452-Rocinante-Mid-Scale-6-600x600.jpg 600w, https:\/\/mouldking.store\/wp-content\/uploads\/2022\/12\/MOC-95452-Rocinante-Mid-Scale-6-150x150.jpg 150w, https:\/\/mouldking.store\/wp-content\/uploads\/2022\/12\/MOC-95452-Rocinante-Mid-Scale-6-60x60.jpg 60w, https:\/\/mouldking.store\/wp-content\/uploads\/2022\/12\/MOC-95452-Rocinante-Mid-Scale-6-90x90.jpg 90w\" sizes=\"(max-width: 1000px) 100vw, 1000px\" \/><figcaption id=\"caption-attachment-37766\" class=\"wp-caption-text\">MOC-95452 Rosinante Mid Scale mit 1930 St\u00fcck<\/figcaption><\/figure>\n<figure id=\"attachment_37767\" aria-describedby=\"caption-attachment-37767\" style=\"width: 1000px\" class=\"wp-caption aligncenter\"><img loading=\"lazy\" decoding=\"async\" class=\"wp-image-37767 size-full\" src=\"https:\/\/mouldking.store\/wp-content\/uploads\/2022\/12\/MOC-95452-Rocinante-Mid-Scale-5.jpg\" alt=\"MOC-95452 Rocinante Mid Scale With 1930 Pieces\" width=\"1000\" height=\"1000\" title=\"-\" srcset=\"https:\/\/mouldking.store\/wp-content\/uploads\/2022\/12\/MOC-95452-Rocinante-Mid-Scale-5.jpg 1000w, https:\/\/mouldking.store\/wp-content\/uploads\/2022\/12\/MOC-95452-Rocinante-Mid-Scale-5-300x300.jpg 300w, https:\/\/mouldking.store\/wp-content\/uploads\/2022\/12\/MOC-95452-Rocinante-Mid-Scale-5-768x768.jpg 768w, https:\/\/mouldking.store\/wp-content\/uploads\/2022\/12\/MOC-95452-Rocinante-Mid-Scale-5-600x600.jpg 600w, https:\/\/mouldking.store\/wp-content\/uploads\/2022\/12\/MOC-95452-Rocinante-Mid-Scale-5-150x150.jpg 150w, https:\/\/mouldking.store\/wp-content\/uploads\/2022\/12\/MOC-95452-Rocinante-Mid-Scale-5-60x60.jpg 60w, https:\/\/mouldking.store\/wp-content\/uploads\/2022\/12\/MOC-95452-Rocinante-Mid-Scale-5-90x90.jpg 90w\" sizes=\"(max-width: 1000px) 100vw, 1000px\" \/><figcaption id=\"caption-attachment-37767\" class=\"wp-caption-text\">MOC-95452 Rosinante Mid Scale mit 1930 St\u00fcck<\/figcaption><\/figure>\n<figure id=\"attachment_37768\" aria-describedby=\"caption-attachment-37768\" style=\"width: 1000px\" class=\"wp-caption aligncenter\"><img loading=\"lazy\" decoding=\"async\" class=\"wp-image-37768 size-full\" src=\"https:\/\/mouldking.store\/wp-content\/uploads\/2022\/12\/MOC-95452-Rocinante-Mid-Scale-4.jpg\" alt=\"MOC-95452 Rocinante Mid Scale With 1930 Pieces\" width=\"1000\" height=\"1000\" title=\"-\" srcset=\"https:\/\/mouldking.store\/wp-content\/uploads\/2022\/12\/MOC-95452-Rocinante-Mid-Scale-4.jpg 1000w, https:\/\/mouldking.store\/wp-content\/uploads\/2022\/12\/MOC-95452-Rocinante-Mid-Scale-4-300x300.jpg 300w, https:\/\/mouldking.store\/wp-content\/uploads\/2022\/12\/MOC-95452-Rocinante-Mid-Scale-4-768x768.jpg 768w, https:\/\/mouldking.store\/wp-content\/uploads\/2022\/12\/MOC-95452-Rocinante-Mid-Scale-4-600x600.jpg 600w, https:\/\/mouldking.store\/wp-content\/uploads\/2022\/12\/MOC-95452-Rocinante-Mid-Scale-4-150x150.jpg 150w, https:\/\/mouldking.store\/wp-content\/uploads\/2022\/12\/MOC-95452-Rocinante-Mid-Scale-4-60x60.jpg 60w, https:\/\/mouldking.store\/wp-content\/uploads\/2022\/12\/MOC-95452-Rocinante-Mid-Scale-4-90x90.jpg 90w\" sizes=\"(max-width: 1000px) 100vw, 1000px\" \/><figcaption id=\"caption-attachment-37768\" class=\"wp-caption-text\">MOC-95452 Rosinante Mid Scale mit 1930 St\u00fcck<\/figcaption><\/figure>\n<figure id=\"attachment_37769\" aria-describedby=\"caption-attachment-37769\" style=\"width: 819px\" class=\"wp-caption aligncenter\"><img loading=\"lazy\" decoding=\"async\" class=\"wp-image-37769 size-large\" src=\"https:\/\/mouldking.store\/wp-content\/uploads\/2022\/12\/MOC-95452-Rocinante-Mid-Scale-3-819x1024.jpeg\" alt=\"MOC-95452 Rocinante Mid Scale With 1930 Pieces\" width=\"819\" height=\"1024\" title=\"-\" srcset=\"https:\/\/mouldking.store\/wp-content\/uploads\/2022\/12\/MOC-95452-Rocinante-Mid-Scale-3-819x1024.jpeg 819w, https:\/\/mouldking.store\/wp-content\/uploads\/2022\/12\/MOC-95452-Rocinante-Mid-Scale-3-240x300.jpeg 240w, https:\/\/mouldking.store\/wp-content\/uploads\/2022\/12\/MOC-95452-Rocinante-Mid-Scale-3-768x960.jpeg 768w, https:\/\/mouldking.store\/wp-content\/uploads\/2022\/12\/MOC-95452-Rocinante-Mid-Scale-3-300x375.jpeg 300w, https:\/\/mouldking.store\/wp-content\/uploads\/2022\/12\/MOC-95452-Rocinante-Mid-Scale-3-600x750.jpeg 600w, https:\/\/mouldking.store\/wp-content\/uploads\/2022\/12\/MOC-95452-Rocinante-Mid-Scale-3-120x150.jpeg 120w, https:\/\/mouldking.store\/wp-content\/uploads\/2022\/12\/MOC-95452-Rocinante-Mid-Scale-3-48x60.jpeg 48w, https:\/\/mouldking.store\/wp-content\/uploads\/2022\/12\/MOC-95452-Rocinante-Mid-Scale-3-72x90.jpeg 72w, https:\/\/mouldking.store\/wp-content\/uploads\/2022\/12\/MOC-95452-Rocinante-Mid-Scale-3.jpeg 960w\" sizes=\"(max-width: 819px) 100vw, 819px\" \/><figcaption id=\"caption-attachment-37769\" class=\"wp-caption-text\">MOC-95452 Rosinante Mid Scale mit 1930 St\u00fcck<\/figcaption><\/figure>\n<figure id=\"attachment_37770\" aria-describedby=\"caption-attachment-37770\" style=\"width: 819px\" class=\"wp-caption aligncenter\"><img loading=\"lazy\" decoding=\"async\" class=\"wp-image-37770 size-large\" src=\"https:\/\/mouldking.store\/wp-content\/uploads\/2022\/12\/MOC-95452-Rocinante-Mid-Scale-2-819x1024.jpeg\" alt=\"MOC-95452 Rocinante Mid Scale With 1930 Pieces\" width=\"819\" height=\"1024\" title=\"-\" srcset=\"https:\/\/mouldking.store\/wp-content\/uploads\/2022\/12\/MOC-95452-Rocinante-Mid-Scale-2-819x1024.jpeg 819w, https:\/\/mouldking.store\/wp-content\/uploads\/2022\/12\/MOC-95452-Rocinante-Mid-Scale-2-240x300.jpeg 240w, https:\/\/mouldking.store\/wp-content\/uploads\/2022\/12\/MOC-95452-Rocinante-Mid-Scale-2-768x960.jpeg 768w, https:\/\/mouldking.store\/wp-content\/uploads\/2022\/12\/MOC-95452-Rocinante-Mid-Scale-2-300x375.jpeg 300w, https:\/\/mouldking.store\/wp-content\/uploads\/2022\/12\/MOC-95452-Rocinante-Mid-Scale-2-600x750.jpeg 600w, https:\/\/mouldking.store\/wp-content\/uploads\/2022\/12\/MOC-95452-Rocinante-Mid-Scale-2-120x150.jpeg 120w, https:\/\/mouldking.store\/wp-content\/uploads\/2022\/12\/MOC-95452-Rocinante-Mid-Scale-2-48x60.jpeg 48w, https:\/\/mouldking.store\/wp-content\/uploads\/2022\/12\/MOC-95452-Rocinante-Mid-Scale-2-72x90.jpeg 72w, https:\/\/mouldking.store\/wp-content\/uploads\/2022\/12\/MOC-95452-Rocinante-Mid-Scale-2.jpeg 960w\" sizes=\"(max-width: 819px) 100vw, 819px\" \/><figcaption id=\"caption-attachment-37770\" class=\"wp-caption-text\">MOC-95452 Rosinante Mid Scale mit 1930 St\u00fcck<\/figcaption><\/figure>\n<figure id=\"attachment_37771\" aria-describedby=\"caption-attachment-37771\" style=\"width: 737px\" class=\"wp-caption aligncenter\"><img loading=\"lazy\" decoding=\"async\" class=\"wp-image-37771 size-large\" src=\"https:\/\/mouldking.store\/wp-content\/uploads\/2022\/12\/MOC-95452-Rocinante-Mid-Scale-1-737x1024.jpg\" alt=\"MOC-95452 Rocinante Mid Scale With 1930 Pieces\" width=\"737\" height=\"1024\" title=\"-\" srcset=\"https:\/\/mouldking.store\/wp-content\/uploads\/2022\/12\/MOC-95452-Rocinante-Mid-Scale-1-737x1024.jpg 737w, https:\/\/mouldking.store\/wp-content\/uploads\/2022\/12\/MOC-95452-Rocinante-Mid-Scale-1-216x300.jpg 216w, https:\/\/mouldking.store\/wp-content\/uploads\/2022\/12\/MOC-95452-Rocinante-Mid-Scale-1-768x1067.jpg 768w, https:\/\/mouldking.store\/wp-content\/uploads\/2022\/12\/MOC-95452-Rocinante-Mid-Scale-1-300x417.jpg 300w, https:\/\/mouldking.store\/wp-content\/uploads\/2022\/12\/MOC-95452-Rocinante-Mid-Scale-1-600x833.jpg 600w, https:\/\/mouldking.store\/wp-content\/uploads\/2022\/12\/MOC-95452-Rocinante-Mid-Scale-1-108x150.jpg 108w, https:\/\/mouldking.store\/wp-content\/uploads\/2022\/12\/MOC-95452-Rocinante-Mid-Scale-1-43x60.jpg 43w, https:\/\/mouldking.store\/wp-content\/uploads\/2022\/12\/MOC-95452-Rocinante-Mid-Scale-1-65x90.jpg 65w, https:\/\/mouldking.store\/wp-content\/uploads\/2022\/12\/MOC-95452-Rocinante-Mid-Scale-1.jpg 864w\" sizes=\"(max-width: 737px) 100vw, 737px\" \/><figcaption id=\"caption-attachment-37771\" class=\"wp-caption-text\">MOC-95452 Rosinante Mid Scale mit 1930 St\u00fcck<\/figcaption><\/figure>","protected":false},"excerpt":{"rendered":"<p>Product information: Brand: MOC Gender: Unisex Name: Rocinante Mid Scale Age Range: &gt; 6 years old Model Number: 95452 Classification: Assemblage Plastic Block Shape: Self-Locking Bricks Material: Plastic Plastic Type: ABS Bricks Blocks:1930 PCS Size: 52 x 17.6 x 25 cm Weight: 1.54 kg Contains detailed assembly instructions. Notice: 1. Without an original box, but [&hellip;]<\/p>","protected":false},"featured_media":37760,"comment_status":"closed","ping_status":"closed","template":"","meta":{"_acf_changed":false},"product_cat":[1406,6016],"product_tag":[9339,430,9337,9341,9336,9338,9340],"class_list":["product","first","instock","shipping-taxable","purchasable","product-type-simple"],"acf":[],"_links":{"self":[{"href":"https:\/\/mouldking.store\/de\/wp-json\/wp\/v2\/product\/37759","targetHints":{"allow":["GET"]}}],"collection":[{"href":"https:\/\/mouldking.store\/de\/wp-json\/wp\/v2\/product"}],"about":[{"href":"https:\/\/mouldking.store\/de\/wp-json\/wp\/v2\/types\/product"}],"replies":[{"embeddable":true,"href":"https:\/\/mouldking.store\/de\/wp-json\/wp\/v2\/comments?post=37759"}],"wp:featuredmedia":[{"embeddable":true,"href":"https:\/\/mouldking.store\/de\/wp-json\/wp\/v2\/media\/37760"}],"wp:attachment":[{"href":"https:\/\/mouldking.store\/de\/wp-json\/wp\/v2\/media?parent=37759"}],"wp:term":[{"taxonomy":"product_cat","embeddable":true,"href":"https:\/\/mouldking.store\/de\/wp-json\/wp\/v2\/product_cat?post=37759"},{"taxonomy":"product_tag","embeddable":true,"href":"https:\/\/mouldking.store\/de\/wp-json\/wp\/v2\/product_tag?post=37759"}],"curies":[{"name":"wp","href":"https:\/\/api.w.org\/{rel}","templated":true}]}}