{"id":37779,"date":"2022-12-09T11:22:28","date_gmt":"2022-12-09T04:22:28","guid":{"rendered":"https:\/\/mouldking.store\/?post_type=product&#038;p=37779"},"modified":"2025-12-25T09:12:09","modified_gmt":"2025-12-25T02:12:09","slug":"moc-109418-dungeons-and-dragons-beholder-with-513-pieces","status":"publish","type":"product","link":"https:\/\/mouldking.store\/de\/shop\/moc-109418-dungeons-and-dragons-beholder-with-513-pieces\/","title":{"rendered":"MOC-109418 Dungeons and Dragons \u2013 Beholder mit 513 Teilen"},"content":{"rendered":"<p>Produktinformation:<\/p>\n<ol>\n<li>Marke: MOC<\/li>\n<li>Geschlecht: Unisex<\/li>\n<li>Name: Dungeons and Dragons \u2013 Beholder<\/li>\n<li>Altersspanne: &gt; 6 Jahre alt<\/li>\n<li>Model Number: 109418<\/li>\n<li>Einstufung: Assemblage<\/li>\n<li>Kunststoffblockform: Selbstsichernde Steine<\/li>\n<li>Material: Kunststoff<\/li>\n<li>Kunststofftyp: ABS<\/li>\n<li>Bricks Blocks:513 PCS<\/li>\n<li>Size: \u00a021.2 x 16.3 x 22.5 cm<\/li>\n<li>Weight: 0.35 kg<\/li>\n<li>Enth\u00e4lt eine ausf\u00fchrliche Montageanleitung.<\/li>\n<\/ol>\n<p>Notiz:<br \/>\n1. Ohne Originalverpackung, aber wir garantieren, dass unsere Produkte eine Qualit\u00e4tssicherung und eine sch\u00f6ne Verpackung haben.<br \/>\n2. Wie alle Teile, die wir vor dem Versand \u00fcberpr\u00fcft haben, machen Sie sich keine Sorgen, wenn Sie feststellen, dass einige Teile fehlen oder besch\u00e4digt sind, und kontaktieren Sie uns einfach, und wir k\u00f6nnen sie Ihnen umgehend kostenlos erneut zusenden.<\/p>\n<figure id=\"attachment_37780\" aria-describedby=\"caption-attachment-37780\" style=\"width: 1004px\" class=\"wp-caption aligncenter\"><img fetchpriority=\"high\" decoding=\"async\" class=\"wp-image-37780 size-full\" src=\"https:\/\/mouldking.store\/wp-content\/uploads\/2022\/12\/MOC-109418-Creator-Dungeons-and-Dragons-\u2013-Beholder-MOC-FACTORY.png\" alt=\"MOC-109418 Dungeons and Dragons \u2013 Beholder With 513 Pieces\" width=\"1004\" height=\"1004\" title=\"-\" srcset=\"https:\/\/mouldking.store\/wp-content\/uploads\/2022\/12\/MOC-109418-Creator-Dungeons-and-Dragons-\u2013-Beholder-MOC-FACTORY.png 1004w, https:\/\/mouldking.store\/wp-content\/uploads\/2022\/12\/MOC-109418-Creator-Dungeons-and-Dragons-\u2013-Beholder-MOC-FACTORY-300x300.png 300w, https:\/\/mouldking.store\/wp-content\/uploads\/2022\/12\/MOC-109418-Creator-Dungeons-and-Dragons-\u2013-Beholder-MOC-FACTORY-768x768.png 768w, https:\/\/mouldking.store\/wp-content\/uploads\/2022\/12\/MOC-109418-Creator-Dungeons-and-Dragons-\u2013-Beholder-MOC-FACTORY-600x600.png 600w, https:\/\/mouldking.store\/wp-content\/uploads\/2022\/12\/MOC-109418-Creator-Dungeons-and-Dragons-\u2013-Beholder-MOC-FACTORY-150x150.png 150w, https:\/\/mouldking.store\/wp-content\/uploads\/2022\/12\/MOC-109418-Creator-Dungeons-and-Dragons-\u2013-Beholder-MOC-FACTORY-60x60.png 60w, https:\/\/mouldking.store\/wp-content\/uploads\/2022\/12\/MOC-109418-Creator-Dungeons-and-Dragons-\u2013-Beholder-MOC-FACTORY-90x90.png 90w\" sizes=\"(max-width: 1004px) 100vw, 1004px\" \/><figcaption id=\"caption-attachment-37780\" class=\"wp-caption-text\">MOC-109418 Dungeons and Dragons \u2013 Beholder mit 513 Teilen<\/figcaption><\/figure>\n<figure id=\"attachment_37781\" aria-describedby=\"caption-attachment-37781\" style=\"width: 1000px\" class=\"wp-caption aligncenter\"><img decoding=\"async\" class=\"wp-image-37781 size-full\" src=\"https:\/\/mouldking.store\/wp-content\/uploads\/2022\/12\/MOC-109418-Dungeons-and-Dragons-Beholder-9-Copy.jpg\" alt=\"MOC-109418 Dungeons and Dragons \u2013 Beholder With 513 Pieces\" width=\"1000\" height=\"1000\" title=\"-\" srcset=\"https:\/\/mouldking.store\/wp-content\/uploads\/2022\/12\/MOC-109418-Dungeons-and-Dragons-Beholder-9-Copy.jpg 1000w, https:\/\/mouldking.store\/wp-content\/uploads\/2022\/12\/MOC-109418-Dungeons-and-Dragons-Beholder-9-Copy-300x300.jpg 300w, https:\/\/mouldking.store\/wp-content\/uploads\/2022\/12\/MOC-109418-Dungeons-and-Dragons-Beholder-9-Copy-768x768.jpg 768w, https:\/\/mouldking.store\/wp-content\/uploads\/2022\/12\/MOC-109418-Dungeons-and-Dragons-Beholder-9-Copy-600x600.jpg 600w, https:\/\/mouldking.store\/wp-content\/uploads\/2022\/12\/MOC-109418-Dungeons-and-Dragons-Beholder-9-Copy-150x150.jpg 150w, https:\/\/mouldking.store\/wp-content\/uploads\/2022\/12\/MOC-109418-Dungeons-and-Dragons-Beholder-9-Copy-60x60.jpg 60w, https:\/\/mouldking.store\/wp-content\/uploads\/2022\/12\/MOC-109418-Dungeons-and-Dragons-Beholder-9-Copy-90x90.jpg 90w\" sizes=\"(max-width: 1000px) 100vw, 1000px\" \/><figcaption id=\"caption-attachment-37781\" class=\"wp-caption-text\">MOC-109418 Dungeons and Dragons \u2013 Beholder mit 513 Teilen<\/figcaption><\/figure>\n<figure id=\"attachment_37782\" aria-describedby=\"caption-attachment-37782\" style=\"width: 1000px\" class=\"wp-caption aligncenter\"><img decoding=\"async\" class=\"wp-image-37782 size-full\" src=\"https:\/\/mouldking.store\/wp-content\/uploads\/2022\/12\/MOC-109418-Dungeons-and-Dragons-Beholder-9.jpg\" alt=\"MOC-109418 Dungeons and Dragons \u2013 Beholder With 513 Pieces\" width=\"1000\" height=\"1000\" title=\"-\" srcset=\"https:\/\/mouldking.store\/wp-content\/uploads\/2022\/12\/MOC-109418-Dungeons-and-Dragons-Beholder-9.jpg 1000w, https:\/\/mouldking.store\/wp-content\/uploads\/2022\/12\/MOC-109418-Dungeons-and-Dragons-Beholder-9-300x300.jpg 300w, https:\/\/mouldking.store\/wp-content\/uploads\/2022\/12\/MOC-109418-Dungeons-and-Dragons-Beholder-9-768x768.jpg 768w, https:\/\/mouldking.store\/wp-content\/uploads\/2022\/12\/MOC-109418-Dungeons-and-Dragons-Beholder-9-600x600.jpg 600w, https:\/\/mouldking.store\/wp-content\/uploads\/2022\/12\/MOC-109418-Dungeons-and-Dragons-Beholder-9-150x150.jpg 150w, https:\/\/mouldking.store\/wp-content\/uploads\/2022\/12\/MOC-109418-Dungeons-and-Dragons-Beholder-9-60x60.jpg 60w, https:\/\/mouldking.store\/wp-content\/uploads\/2022\/12\/MOC-109418-Dungeons-and-Dragons-Beholder-9-90x90.jpg 90w\" sizes=\"(max-width: 1000px) 100vw, 1000px\" \/><figcaption id=\"caption-attachment-37782\" class=\"wp-caption-text\">MOC-109418 Dungeons and Dragons \u2013 Beholder mit 513 Teilen<\/figcaption><\/figure>\n<figure id=\"attachment_37783\" aria-describedby=\"caption-attachment-37783\" style=\"width: 1000px\" class=\"wp-caption aligncenter\"><img loading=\"lazy\" decoding=\"async\" class=\"wp-image-37783 size-full\" src=\"https:\/\/mouldking.store\/wp-content\/uploads\/2022\/12\/MOC-109418-Dungeons-and-Dragons-Beholder-8.jpg\" alt=\"MOC-109418 Dungeons and Dragons \u2013 Beholder With 513 Pieces\" width=\"1000\" height=\"1000\" title=\"-\" srcset=\"https:\/\/mouldking.store\/wp-content\/uploads\/2022\/12\/MOC-109418-Dungeons-and-Dragons-Beholder-8.jpg 1000w, https:\/\/mouldking.store\/wp-content\/uploads\/2022\/12\/MOC-109418-Dungeons-and-Dragons-Beholder-8-300x300.jpg 300w, https:\/\/mouldking.store\/wp-content\/uploads\/2022\/12\/MOC-109418-Dungeons-and-Dragons-Beholder-8-768x768.jpg 768w, https:\/\/mouldking.store\/wp-content\/uploads\/2022\/12\/MOC-109418-Dungeons-and-Dragons-Beholder-8-600x600.jpg 600w, https:\/\/mouldking.store\/wp-content\/uploads\/2022\/12\/MOC-109418-Dungeons-and-Dragons-Beholder-8-150x150.jpg 150w, https:\/\/mouldking.store\/wp-content\/uploads\/2022\/12\/MOC-109418-Dungeons-and-Dragons-Beholder-8-60x60.jpg 60w, https:\/\/mouldking.store\/wp-content\/uploads\/2022\/12\/MOC-109418-Dungeons-and-Dragons-Beholder-8-90x90.jpg 90w\" sizes=\"(max-width: 1000px) 100vw, 1000px\" \/><figcaption id=\"caption-attachment-37783\" class=\"wp-caption-text\">MOC-109418 Dungeons and Dragons \u2013 Beholder mit 513 Teilen<\/figcaption><\/figure>\n<figure id=\"attachment_37784\" aria-describedby=\"caption-attachment-37784\" style=\"width: 1000px\" class=\"wp-caption aligncenter\"><img loading=\"lazy\" decoding=\"async\" class=\"wp-image-37784 size-full\" src=\"https:\/\/mouldking.store\/wp-content\/uploads\/2022\/12\/MOC-109418-Dungeons-and-Dragons-Beholder-7.jpg\" alt=\"MOC-109418 Dungeons and Dragons \u2013 Beholder With 513 Pieces\" width=\"1000\" height=\"1000\" title=\"-\" srcset=\"https:\/\/mouldking.store\/wp-content\/uploads\/2022\/12\/MOC-109418-Dungeons-and-Dragons-Beholder-7.jpg 1000w, https:\/\/mouldking.store\/wp-content\/uploads\/2022\/12\/MOC-109418-Dungeons-and-Dragons-Beholder-7-300x300.jpg 300w, https:\/\/mouldking.store\/wp-content\/uploads\/2022\/12\/MOC-109418-Dungeons-and-Dragons-Beholder-7-768x768.jpg 768w, https:\/\/mouldking.store\/wp-content\/uploads\/2022\/12\/MOC-109418-Dungeons-and-Dragons-Beholder-7-600x600.jpg 600w, https:\/\/mouldking.store\/wp-content\/uploads\/2022\/12\/MOC-109418-Dungeons-and-Dragons-Beholder-7-150x150.jpg 150w, https:\/\/mouldking.store\/wp-content\/uploads\/2022\/12\/MOC-109418-Dungeons-and-Dragons-Beholder-7-60x60.jpg 60w, https:\/\/mouldking.store\/wp-content\/uploads\/2022\/12\/MOC-109418-Dungeons-and-Dragons-Beholder-7-90x90.jpg 90w\" sizes=\"(max-width: 1000px) 100vw, 1000px\" \/><figcaption id=\"caption-attachment-37784\" class=\"wp-caption-text\">MOC-109418 Dungeons and Dragons \u2013 Beholder mit 513 Teilen<\/figcaption><\/figure>\n<figure id=\"attachment_37785\" aria-describedby=\"caption-attachment-37785\" style=\"width: 1000px\" class=\"wp-caption aligncenter\"><img loading=\"lazy\" decoding=\"async\" class=\"wp-image-37785 size-full\" src=\"https:\/\/mouldking.store\/wp-content\/uploads\/2022\/12\/MOC-109418-Dungeons-and-Dragons-Beholder-6.jpg\" alt=\"MOC-109418 Dungeons and Dragons \u2013 Beholder With 513 Pieces\" width=\"1000\" height=\"1000\" title=\"-\" srcset=\"https:\/\/mouldking.store\/wp-content\/uploads\/2022\/12\/MOC-109418-Dungeons-and-Dragons-Beholder-6.jpg 1000w, https:\/\/mouldking.store\/wp-content\/uploads\/2022\/12\/MOC-109418-Dungeons-and-Dragons-Beholder-6-300x300.jpg 300w, https:\/\/mouldking.store\/wp-content\/uploads\/2022\/12\/MOC-109418-Dungeons-and-Dragons-Beholder-6-768x768.jpg 768w, https:\/\/mouldking.store\/wp-content\/uploads\/2022\/12\/MOC-109418-Dungeons-and-Dragons-Beholder-6-600x600.jpg 600w, https:\/\/mouldking.store\/wp-content\/uploads\/2022\/12\/MOC-109418-Dungeons-and-Dragons-Beholder-6-150x150.jpg 150w, https:\/\/mouldking.store\/wp-content\/uploads\/2022\/12\/MOC-109418-Dungeons-and-Dragons-Beholder-6-60x60.jpg 60w, https:\/\/mouldking.store\/wp-content\/uploads\/2022\/12\/MOC-109418-Dungeons-and-Dragons-Beholder-6-90x90.jpg 90w\" sizes=\"(max-width: 1000px) 100vw, 1000px\" \/><figcaption id=\"caption-attachment-37785\" class=\"wp-caption-text\">MOC-109418 Dungeons and Dragons \u2013 Beholder mit 513 Teilen<\/figcaption><\/figure>\n<figure id=\"attachment_37786\" aria-describedby=\"caption-attachment-37786\" style=\"width: 1000px\" class=\"wp-caption aligncenter\"><img loading=\"lazy\" decoding=\"async\" class=\"wp-image-37786 size-full\" src=\"https:\/\/mouldking.store\/wp-content\/uploads\/2022\/12\/MOC-109418-Dungeons-and-Dragons-Beholder-5.jpg\" alt=\"MOC-109418 Dungeons and Dragons \u2013 Beholder With 513 Pieces\" width=\"1000\" height=\"1000\" title=\"-\" srcset=\"https:\/\/mouldking.store\/wp-content\/uploads\/2022\/12\/MOC-109418-Dungeons-and-Dragons-Beholder-5.jpg 1000w, https:\/\/mouldking.store\/wp-content\/uploads\/2022\/12\/MOC-109418-Dungeons-and-Dragons-Beholder-5-300x300.jpg 300w, https:\/\/mouldking.store\/wp-content\/uploads\/2022\/12\/MOC-109418-Dungeons-and-Dragons-Beholder-5-768x768.jpg 768w, https:\/\/mouldking.store\/wp-content\/uploads\/2022\/12\/MOC-109418-Dungeons-and-Dragons-Beholder-5-600x600.jpg 600w, https:\/\/mouldking.store\/wp-content\/uploads\/2022\/12\/MOC-109418-Dungeons-and-Dragons-Beholder-5-150x150.jpg 150w, https:\/\/mouldking.store\/wp-content\/uploads\/2022\/12\/MOC-109418-Dungeons-and-Dragons-Beholder-5-60x60.jpg 60w, https:\/\/mouldking.store\/wp-content\/uploads\/2022\/12\/MOC-109418-Dungeons-and-Dragons-Beholder-5-90x90.jpg 90w\" sizes=\"(max-width: 1000px) 100vw, 1000px\" \/><figcaption id=\"caption-attachment-37786\" class=\"wp-caption-text\">MOC-109418 Dungeons and Dragons \u2013 Beholder mit 513 Teilen<\/figcaption><\/figure>\n<figure id=\"attachment_37787\" aria-describedby=\"caption-attachment-37787\" style=\"width: 1000px\" class=\"wp-caption aligncenter\"><img loading=\"lazy\" decoding=\"async\" class=\"wp-image-37787 size-full\" src=\"https:\/\/mouldking.store\/wp-content\/uploads\/2022\/12\/MOC-109418-Dungeons-and-Dragons-Beholder-4.jpg\" alt=\"MOC-109418 Dungeons and Dragons \u2013 Beholder With 513 Pieces\" width=\"1000\" height=\"1000\" title=\"-\" srcset=\"https:\/\/mouldking.store\/wp-content\/uploads\/2022\/12\/MOC-109418-Dungeons-and-Dragons-Beholder-4.jpg 1000w, https:\/\/mouldking.store\/wp-content\/uploads\/2022\/12\/MOC-109418-Dungeons-and-Dragons-Beholder-4-300x300.jpg 300w, https:\/\/mouldking.store\/wp-content\/uploads\/2022\/12\/MOC-109418-Dungeons-and-Dragons-Beholder-4-768x768.jpg 768w, https:\/\/mouldking.store\/wp-content\/uploads\/2022\/12\/MOC-109418-Dungeons-and-Dragons-Beholder-4-600x600.jpg 600w, https:\/\/mouldking.store\/wp-content\/uploads\/2022\/12\/MOC-109418-Dungeons-and-Dragons-Beholder-4-150x150.jpg 150w, https:\/\/mouldking.store\/wp-content\/uploads\/2022\/12\/MOC-109418-Dungeons-and-Dragons-Beholder-4-60x60.jpg 60w, https:\/\/mouldking.store\/wp-content\/uploads\/2022\/12\/MOC-109418-Dungeons-and-Dragons-Beholder-4-90x90.jpg 90w\" sizes=\"(max-width: 1000px) 100vw, 1000px\" \/><figcaption id=\"caption-attachment-37787\" class=\"wp-caption-text\">MOC-109418 Dungeons and Dragons \u2013 Beholder mit 513 Teilen<\/figcaption><\/figure>\n<figure id=\"attachment_37788\" aria-describedby=\"caption-attachment-37788\" style=\"width: 1000px\" class=\"wp-caption aligncenter\"><img loading=\"lazy\" decoding=\"async\" class=\"wp-image-37788 size-full\" src=\"https:\/\/mouldking.store\/wp-content\/uploads\/2022\/12\/MOC-109418-Dungeons-and-Dragons-Beholder-3.jpg\" alt=\"MOC-109418 Dungeons and Dragons \u2013 Beholder With 513 Pieces\" width=\"1000\" height=\"1000\" title=\"-\" srcset=\"https:\/\/mouldking.store\/wp-content\/uploads\/2022\/12\/MOC-109418-Dungeons-and-Dragons-Beholder-3.jpg 1000w, https:\/\/mouldking.store\/wp-content\/uploads\/2022\/12\/MOC-109418-Dungeons-and-Dragons-Beholder-3-300x300.jpg 300w, https:\/\/mouldking.store\/wp-content\/uploads\/2022\/12\/MOC-109418-Dungeons-and-Dragons-Beholder-3-768x768.jpg 768w, https:\/\/mouldking.store\/wp-content\/uploads\/2022\/12\/MOC-109418-Dungeons-and-Dragons-Beholder-3-600x600.jpg 600w, https:\/\/mouldking.store\/wp-content\/uploads\/2022\/12\/MOC-109418-Dungeons-and-Dragons-Beholder-3-150x150.jpg 150w, https:\/\/mouldking.store\/wp-content\/uploads\/2022\/12\/MOC-109418-Dungeons-and-Dragons-Beholder-3-60x60.jpg 60w, https:\/\/mouldking.store\/wp-content\/uploads\/2022\/12\/MOC-109418-Dungeons-and-Dragons-Beholder-3-90x90.jpg 90w\" sizes=\"(max-width: 1000px) 100vw, 1000px\" \/><figcaption id=\"caption-attachment-37788\" class=\"wp-caption-text\">MOC-109418 Dungeons and Dragons \u2013 Beholder mit 513 Teilen<\/figcaption><\/figure>\n<figure id=\"attachment_37789\" aria-describedby=\"caption-attachment-37789\" style=\"width: 1000px\" class=\"wp-caption aligncenter\"><img loading=\"lazy\" decoding=\"async\" class=\"wp-image-37789 size-full\" src=\"https:\/\/mouldking.store\/wp-content\/uploads\/2022\/12\/MOC-109418-Dungeons-and-Dragons-Beholder-2.jpg\" alt=\"MOC-109418 Dungeons and Dragons \u2013 Beholder With 513 Pieces\" width=\"1000\" height=\"1000\" title=\"-\" srcset=\"https:\/\/mouldking.store\/wp-content\/uploads\/2022\/12\/MOC-109418-Dungeons-and-Dragons-Beholder-2.jpg 1000w, https:\/\/mouldking.store\/wp-content\/uploads\/2022\/12\/MOC-109418-Dungeons-and-Dragons-Beholder-2-300x300.jpg 300w, https:\/\/mouldking.store\/wp-content\/uploads\/2022\/12\/MOC-109418-Dungeons-and-Dragons-Beholder-2-768x768.jpg 768w, https:\/\/mouldking.store\/wp-content\/uploads\/2022\/12\/MOC-109418-Dungeons-and-Dragons-Beholder-2-600x600.jpg 600w, https:\/\/mouldking.store\/wp-content\/uploads\/2022\/12\/MOC-109418-Dungeons-and-Dragons-Beholder-2-150x150.jpg 150w, https:\/\/mouldking.store\/wp-content\/uploads\/2022\/12\/MOC-109418-Dungeons-and-Dragons-Beholder-2-60x60.jpg 60w, https:\/\/mouldking.store\/wp-content\/uploads\/2022\/12\/MOC-109418-Dungeons-and-Dragons-Beholder-2-90x90.jpg 90w\" sizes=\"(max-width: 1000px) 100vw, 1000px\" \/><figcaption id=\"caption-attachment-37789\" class=\"wp-caption-text\">MOC-109418 Dungeons and Dragons \u2013 Beholder mit 513 Teilen<\/figcaption><\/figure>\n<figure id=\"attachment_37790\" aria-describedby=\"caption-attachment-37790\" style=\"width: 1000px\" class=\"wp-caption aligncenter\"><img loading=\"lazy\" decoding=\"async\" class=\"wp-image-37790 size-full\" src=\"https:\/\/mouldking.store\/wp-content\/uploads\/2022\/12\/MOC-109418-Dungeons-and-Dragons-Beholder-1.jpg\" alt=\"MOC-109418 Dungeons and Dragons \u2013 Beholder With 513 Pieces\" width=\"1000\" height=\"1000\" title=\"-\" srcset=\"https:\/\/mouldking.store\/wp-content\/uploads\/2022\/12\/MOC-109418-Dungeons-and-Dragons-Beholder-1.jpg 1000w, https:\/\/mouldking.store\/wp-content\/uploads\/2022\/12\/MOC-109418-Dungeons-and-Dragons-Beholder-1-300x300.jpg 300w, https:\/\/mouldking.store\/wp-content\/uploads\/2022\/12\/MOC-109418-Dungeons-and-Dragons-Beholder-1-768x768.jpg 768w, https:\/\/mouldking.store\/wp-content\/uploads\/2022\/12\/MOC-109418-Dungeons-and-Dragons-Beholder-1-600x600.jpg 600w, https:\/\/mouldking.store\/wp-content\/uploads\/2022\/12\/MOC-109418-Dungeons-and-Dragons-Beholder-1-150x150.jpg 150w, https:\/\/mouldking.store\/wp-content\/uploads\/2022\/12\/MOC-109418-Dungeons-and-Dragons-Beholder-1-60x60.jpg 60w, https:\/\/mouldking.store\/wp-content\/uploads\/2022\/12\/MOC-109418-Dungeons-and-Dragons-Beholder-1-90x90.jpg 90w\" sizes=\"(max-width: 1000px) 100vw, 1000px\" \/><figcaption id=\"caption-attachment-37790\" class=\"wp-caption-text\">MOC-109418 Dungeons and Dragons \u2013 Beholder mit 513 Teilen<\/figcaption><\/figure>","protected":false},"excerpt":{"rendered":"<p>Product information: Brand: MOC Gender: Unisex Name: Dungeons and Dragons \u2013 Beholder Age Range: &gt; 6 years old Model Number: 109418 Classification: Assemblage Plastic Block Shape: Self-Locking Bricks Material: Plastic Plastic Type: ABS Bricks Blocks:513 PCS Size: \u00a021.2 x 16.3 x 22.5 cm Weight: 0.35 kg Contains detailed assembly instructions. Notice: 1. Without an original [&hellip;]<\/p>","protected":false},"featured_media":37780,"comment_status":"closed","ping_status":"closed","template":"","meta":{"_acf_changed":false},"product_cat":[1365,1406,371],"product_tag":[9350,9349,9348,5768,9351,430,9347,9352,9346],"class_list":["product","first","instock","shipping-taxable","purchasable","product-type-simple"],"acf":[],"_links":{"self":[{"href":"https:\/\/mouldking.store\/de\/wp-json\/wp\/v2\/product\/37779","targetHints":{"allow":["GET"]}}],"collection":[{"href":"https:\/\/mouldking.store\/de\/wp-json\/wp\/v2\/product"}],"about":[{"href":"https:\/\/mouldking.store\/de\/wp-json\/wp\/v2\/types\/product"}],"replies":[{"embeddable":true,"href":"https:\/\/mouldking.store\/de\/wp-json\/wp\/v2\/comments?post=37779"}],"wp:featuredmedia":[{"embeddable":true,"href":"https:\/\/mouldking.store\/de\/wp-json\/wp\/v2\/media\/37780"}],"wp:attachment":[{"href":"https:\/\/mouldking.store\/de\/wp-json\/wp\/v2\/media?parent=37779"}],"wp:term":[{"taxonomy":"product_cat","embeddable":true,"href":"https:\/\/mouldking.store\/de\/wp-json\/wp\/v2\/product_cat?post=37779"},{"taxonomy":"product_tag","embeddable":true,"href":"https:\/\/mouldking.store\/de\/wp-json\/wp\/v2\/product_tag?post=37779"}],"curies":[{"name":"wp","href":"https:\/\/api.w.org\/{rel}","templated":true}]}}