{"id":37863,"date":"2022-12-14T10:32:15","date_gmt":"2022-12-14T03:32:15","guid":{"rendered":"https:\/\/mouldking.store\/?post_type=product&#038;p=37863"},"modified":"2025-12-25T09:12:09","modified_gmt":"2025-12-25T02:12:09","slug":"moc-t006-2-black-ferrari-daytona-sp3-sports-car-with-3778pcs","status":"publish","type":"product","link":"https:\/\/mouldking.store\/de\/shop\/moc-t006-2-black-ferrari-daytona-sp3-sports-car-with-3778pcs\/","title":{"rendered":"MOC-T006-2 Schwarzer \u201eFerrari\u201c Daytona SP3 Sportwagen mit 3778Stk"},"content":{"rendered":"<p>Produktinformation:<\/p>\n<ol>\n<li>Marke: MOC<\/li>\n<li>Geschlecht: Unisex<\/li>\n<li>Name: Schwarzer \u201eFerrari\u201c Daytona SP3 Sportwagen<\/li>\n<li>Altersspanne: &gt; 6 Jahre alt<\/li>\n<li>Modellnummer: T006-2<\/li>\n<li>Einstufung: Assemblage<\/li>\n<li>Kunststoffblockform: Selbstsichernde Steine<\/li>\n<li>Material: Kunststoff<\/li>\n<li>Kunststofftyp: ABS<\/li>\n<li>Ziegelsteine: 3778 ST\u00dcCKE<\/li>\n<li>Gr\u00f6\u00dfe: 59 x 24 x 15 cm<\/li>\n<li>Enth\u00e4lt eine ausf\u00fchrliche Montageanleitung.<\/li>\n<\/ol>\n<p>Notiz:<br \/>\n1. Ohne Originalverpackung, aber wir garantieren, dass unsere Produkte eine Qualit\u00e4tssicherung und eine sch\u00f6ne Verpackung haben.<br \/>\n2. Wie alle Teile, die wir vor dem Versand \u00fcberpr\u00fcft haben, machen Sie sich keine Sorgen, wenn Sie feststellen, dass einige Teile fehlen oder besch\u00e4digt sind, und kontaktieren Sie uns einfach, und wir k\u00f6nnen sie Ihnen umgehend kostenlos erneut zusenden.<\/p>\n<figure id=\"attachment_37864\" aria-describedby=\"caption-attachment-37864\" style=\"width: 800px\" class=\"wp-caption aligncenter\"><img fetchpriority=\"high\" decoding=\"async\" class=\"wp-image-37864 size-full\" src=\"https:\/\/mouldking.store\/wp-content\/uploads\/2022\/12\/Black-Ferrari-Daytona-SP3-Sports-Car-MOC-T006-2-8.jpg\" alt=\"MOC-T006-2 Black \u201cFerrari \u201cDaytona SP3 Sports Car With 3778pcs\" width=\"800\" height=\"800\" title=\"-\" srcset=\"https:\/\/mouldking.store\/wp-content\/uploads\/2022\/12\/Black-Ferrari-Daytona-SP3-Sports-Car-MOC-T006-2-8.jpg 800w, https:\/\/mouldking.store\/wp-content\/uploads\/2022\/12\/Black-Ferrari-Daytona-SP3-Sports-Car-MOC-T006-2-8-300x300.jpg 300w, https:\/\/mouldking.store\/wp-content\/uploads\/2022\/12\/Black-Ferrari-Daytona-SP3-Sports-Car-MOC-T006-2-8-768x768.jpg 768w, https:\/\/mouldking.store\/wp-content\/uploads\/2022\/12\/Black-Ferrari-Daytona-SP3-Sports-Car-MOC-T006-2-8-600x600.jpg 600w, https:\/\/mouldking.store\/wp-content\/uploads\/2022\/12\/Black-Ferrari-Daytona-SP3-Sports-Car-MOC-T006-2-8-150x150.jpg 150w, https:\/\/mouldking.store\/wp-content\/uploads\/2022\/12\/Black-Ferrari-Daytona-SP3-Sports-Car-MOC-T006-2-8-60x60.jpg 60w, https:\/\/mouldking.store\/wp-content\/uploads\/2022\/12\/Black-Ferrari-Daytona-SP3-Sports-Car-MOC-T006-2-8-90x90.jpg 90w\" sizes=\"(max-width: 800px) 100vw, 800px\" \/><figcaption id=\"caption-attachment-37864\" class=\"wp-caption-text\">MOC-T006-2 Schwarzer \u201eFerrari\u201c Daytona SP3 Sportwagen mit 3778Stk<\/figcaption><\/figure>\n<figure id=\"attachment_37865\" aria-describedby=\"caption-attachment-37865\" style=\"width: 800px\" class=\"wp-caption aligncenter\"><img decoding=\"async\" class=\"wp-image-37865 size-full\" src=\"https:\/\/mouldking.store\/wp-content\/uploads\/2022\/12\/Black-Ferrari-Daytona-SP3-Sports-Car-MOC-T006-2-7.jpg\" alt=\"MOC-T006-2 Black \u201cFerrari \u201cDaytona SP3 Sports Car With 3778pcs\" width=\"800\" height=\"800\" title=\"-\" srcset=\"https:\/\/mouldking.store\/wp-content\/uploads\/2022\/12\/Black-Ferrari-Daytona-SP3-Sports-Car-MOC-T006-2-7.jpg 800w, https:\/\/mouldking.store\/wp-content\/uploads\/2022\/12\/Black-Ferrari-Daytona-SP3-Sports-Car-MOC-T006-2-7-300x300.jpg 300w, https:\/\/mouldking.store\/wp-content\/uploads\/2022\/12\/Black-Ferrari-Daytona-SP3-Sports-Car-MOC-T006-2-7-768x768.jpg 768w, https:\/\/mouldking.store\/wp-content\/uploads\/2022\/12\/Black-Ferrari-Daytona-SP3-Sports-Car-MOC-T006-2-7-600x600.jpg 600w, https:\/\/mouldking.store\/wp-content\/uploads\/2022\/12\/Black-Ferrari-Daytona-SP3-Sports-Car-MOC-T006-2-7-150x150.jpg 150w, https:\/\/mouldking.store\/wp-content\/uploads\/2022\/12\/Black-Ferrari-Daytona-SP3-Sports-Car-MOC-T006-2-7-60x60.jpg 60w, https:\/\/mouldking.store\/wp-content\/uploads\/2022\/12\/Black-Ferrari-Daytona-SP3-Sports-Car-MOC-T006-2-7-90x90.jpg 90w\" sizes=\"(max-width: 800px) 100vw, 800px\" \/><figcaption id=\"caption-attachment-37865\" class=\"wp-caption-text\">MOC-T006-2 Schwarzer \u201eFerrari\u201c Daytona SP3 Sportwagen mit 3778Stk<\/figcaption><\/figure>\n<figure id=\"attachment_37866\" aria-describedby=\"caption-attachment-37866\" style=\"width: 800px\" class=\"wp-caption aligncenter\"><img decoding=\"async\" class=\"wp-image-37866 size-full\" src=\"https:\/\/mouldking.store\/wp-content\/uploads\/2022\/12\/Black-Ferrari-Daytona-SP3-Sports-Car-MOC-T006-2-6.jpg\" alt=\"MOC-T006-2 Black \u201cFerrari \u201cDaytona SP3 Sports Car With 3778pcs\" width=\"800\" height=\"800\" title=\"-\" srcset=\"https:\/\/mouldking.store\/wp-content\/uploads\/2022\/12\/Black-Ferrari-Daytona-SP3-Sports-Car-MOC-T006-2-6.jpg 800w, https:\/\/mouldking.store\/wp-content\/uploads\/2022\/12\/Black-Ferrari-Daytona-SP3-Sports-Car-MOC-T006-2-6-300x300.jpg 300w, https:\/\/mouldking.store\/wp-content\/uploads\/2022\/12\/Black-Ferrari-Daytona-SP3-Sports-Car-MOC-T006-2-6-768x768.jpg 768w, https:\/\/mouldking.store\/wp-content\/uploads\/2022\/12\/Black-Ferrari-Daytona-SP3-Sports-Car-MOC-T006-2-6-600x600.jpg 600w, https:\/\/mouldking.store\/wp-content\/uploads\/2022\/12\/Black-Ferrari-Daytona-SP3-Sports-Car-MOC-T006-2-6-150x150.jpg 150w, https:\/\/mouldking.store\/wp-content\/uploads\/2022\/12\/Black-Ferrari-Daytona-SP3-Sports-Car-MOC-T006-2-6-60x60.jpg 60w, https:\/\/mouldking.store\/wp-content\/uploads\/2022\/12\/Black-Ferrari-Daytona-SP3-Sports-Car-MOC-T006-2-6-90x90.jpg 90w\" sizes=\"(max-width: 800px) 100vw, 800px\" \/><figcaption id=\"caption-attachment-37866\" class=\"wp-caption-text\">MOC-T006-2 Schwarzer \u201eFerrari\u201c Daytona SP3 Sportwagen mit 3778Stk<\/figcaption><\/figure>\n<figure id=\"attachment_37867\" aria-describedby=\"caption-attachment-37867\" style=\"width: 800px\" class=\"wp-caption aligncenter\"><img loading=\"lazy\" decoding=\"async\" class=\"wp-image-37867 size-full\" src=\"https:\/\/mouldking.store\/wp-content\/uploads\/2022\/12\/Black-Ferrari-Daytona-SP3-Sports-Car-MOC-T006-2-5.jpg\" alt=\"MOC-T006-2 Black \u201cFerrari \u201cDaytona SP3 Sports Car With 3778pcs\" width=\"800\" height=\"800\" title=\"-\" srcset=\"https:\/\/mouldking.store\/wp-content\/uploads\/2022\/12\/Black-Ferrari-Daytona-SP3-Sports-Car-MOC-T006-2-5.jpg 800w, https:\/\/mouldking.store\/wp-content\/uploads\/2022\/12\/Black-Ferrari-Daytona-SP3-Sports-Car-MOC-T006-2-5-300x300.jpg 300w, https:\/\/mouldking.store\/wp-content\/uploads\/2022\/12\/Black-Ferrari-Daytona-SP3-Sports-Car-MOC-T006-2-5-768x768.jpg 768w, https:\/\/mouldking.store\/wp-content\/uploads\/2022\/12\/Black-Ferrari-Daytona-SP3-Sports-Car-MOC-T006-2-5-600x600.jpg 600w, https:\/\/mouldking.store\/wp-content\/uploads\/2022\/12\/Black-Ferrari-Daytona-SP3-Sports-Car-MOC-T006-2-5-150x150.jpg 150w, https:\/\/mouldking.store\/wp-content\/uploads\/2022\/12\/Black-Ferrari-Daytona-SP3-Sports-Car-MOC-T006-2-5-60x60.jpg 60w, https:\/\/mouldking.store\/wp-content\/uploads\/2022\/12\/Black-Ferrari-Daytona-SP3-Sports-Car-MOC-T006-2-5-90x90.jpg 90w\" sizes=\"(max-width: 800px) 100vw, 800px\" \/><figcaption id=\"caption-attachment-37867\" class=\"wp-caption-text\">MOC-T006-2 Schwarzer \u201eFerrari\u201c Daytona SP3 Sportwagen mit 3778Stk<\/figcaption><\/figure>\n<figure id=\"attachment_37868\" aria-describedby=\"caption-attachment-37868\" style=\"width: 800px\" class=\"wp-caption aligncenter\"><img loading=\"lazy\" decoding=\"async\" class=\"wp-image-37868 size-full\" src=\"https:\/\/mouldking.store\/wp-content\/uploads\/2022\/12\/Black-Ferrari-Daytona-SP3-Sports-Car-MOC-T006-2-4.jpg\" alt=\"MOC-T006-2 Black \u201cFerrari \u201cDaytona SP3 Sports Car With 3778pcs\" width=\"800\" height=\"800\" title=\"-\" srcset=\"https:\/\/mouldking.store\/wp-content\/uploads\/2022\/12\/Black-Ferrari-Daytona-SP3-Sports-Car-MOC-T006-2-4.jpg 800w, https:\/\/mouldking.store\/wp-content\/uploads\/2022\/12\/Black-Ferrari-Daytona-SP3-Sports-Car-MOC-T006-2-4-300x300.jpg 300w, https:\/\/mouldking.store\/wp-content\/uploads\/2022\/12\/Black-Ferrari-Daytona-SP3-Sports-Car-MOC-T006-2-4-768x768.jpg 768w, https:\/\/mouldking.store\/wp-content\/uploads\/2022\/12\/Black-Ferrari-Daytona-SP3-Sports-Car-MOC-T006-2-4-600x600.jpg 600w, https:\/\/mouldking.store\/wp-content\/uploads\/2022\/12\/Black-Ferrari-Daytona-SP3-Sports-Car-MOC-T006-2-4-150x150.jpg 150w, https:\/\/mouldking.store\/wp-content\/uploads\/2022\/12\/Black-Ferrari-Daytona-SP3-Sports-Car-MOC-T006-2-4-60x60.jpg 60w, https:\/\/mouldking.store\/wp-content\/uploads\/2022\/12\/Black-Ferrari-Daytona-SP3-Sports-Car-MOC-T006-2-4-90x90.jpg 90w\" sizes=\"(max-width: 800px) 100vw, 800px\" \/><figcaption id=\"caption-attachment-37868\" class=\"wp-caption-text\">MOC-T006-2 Schwarzer \u201eFerrari\u201c Daytona SP3 Sportwagen mit 3778Stk<\/figcaption><\/figure>\n<figure id=\"attachment_37869\" aria-describedby=\"caption-attachment-37869\" style=\"width: 800px\" class=\"wp-caption aligncenter\"><img loading=\"lazy\" decoding=\"async\" class=\"wp-image-37869 size-full\" src=\"https:\/\/mouldking.store\/wp-content\/uploads\/2022\/12\/Black-Ferrari-Daytona-SP3-Sports-Car-MOC-T006-2-3.jpg\" alt=\"MOC-T006-2 Black \u201cFerrari \u201cDaytona SP3 Sports Car With 3778pcs\" width=\"800\" height=\"800\" title=\"-\" srcset=\"https:\/\/mouldking.store\/wp-content\/uploads\/2022\/12\/Black-Ferrari-Daytona-SP3-Sports-Car-MOC-T006-2-3.jpg 800w, https:\/\/mouldking.store\/wp-content\/uploads\/2022\/12\/Black-Ferrari-Daytona-SP3-Sports-Car-MOC-T006-2-3-300x300.jpg 300w, https:\/\/mouldking.store\/wp-content\/uploads\/2022\/12\/Black-Ferrari-Daytona-SP3-Sports-Car-MOC-T006-2-3-768x768.jpg 768w, https:\/\/mouldking.store\/wp-content\/uploads\/2022\/12\/Black-Ferrari-Daytona-SP3-Sports-Car-MOC-T006-2-3-600x600.jpg 600w, https:\/\/mouldking.store\/wp-content\/uploads\/2022\/12\/Black-Ferrari-Daytona-SP3-Sports-Car-MOC-T006-2-3-150x150.jpg 150w, https:\/\/mouldking.store\/wp-content\/uploads\/2022\/12\/Black-Ferrari-Daytona-SP3-Sports-Car-MOC-T006-2-3-60x60.jpg 60w, https:\/\/mouldking.store\/wp-content\/uploads\/2022\/12\/Black-Ferrari-Daytona-SP3-Sports-Car-MOC-T006-2-3-90x90.jpg 90w\" sizes=\"(max-width: 800px) 100vw, 800px\" \/><figcaption id=\"caption-attachment-37869\" class=\"wp-caption-text\">MOC-T006-2 Schwarzer \u201eFerrari\u201c Daytona SP3 Sportwagen mit 3778Stk<\/figcaption><\/figure>\n<figure id=\"attachment_37870\" aria-describedby=\"caption-attachment-37870\" style=\"width: 800px\" class=\"wp-caption aligncenter\"><img loading=\"lazy\" decoding=\"async\" class=\"wp-image-37870 size-full\" src=\"https:\/\/mouldking.store\/wp-content\/uploads\/2022\/12\/Black-Ferrari-Daytona-SP3-Sports-Car-MOC-T006-2-2.jpg\" alt=\"MOC-T006-2 Black \u201cFerrari \u201cDaytona SP3 Sports Car With 3778pcs\" width=\"800\" height=\"800\" title=\"-\" srcset=\"https:\/\/mouldking.store\/wp-content\/uploads\/2022\/12\/Black-Ferrari-Daytona-SP3-Sports-Car-MOC-T006-2-2.jpg 800w, https:\/\/mouldking.store\/wp-content\/uploads\/2022\/12\/Black-Ferrari-Daytona-SP3-Sports-Car-MOC-T006-2-2-300x300.jpg 300w, https:\/\/mouldking.store\/wp-content\/uploads\/2022\/12\/Black-Ferrari-Daytona-SP3-Sports-Car-MOC-T006-2-2-768x768.jpg 768w, https:\/\/mouldking.store\/wp-content\/uploads\/2022\/12\/Black-Ferrari-Daytona-SP3-Sports-Car-MOC-T006-2-2-600x600.jpg 600w, https:\/\/mouldking.store\/wp-content\/uploads\/2022\/12\/Black-Ferrari-Daytona-SP3-Sports-Car-MOC-T006-2-2-150x150.jpg 150w, https:\/\/mouldking.store\/wp-content\/uploads\/2022\/12\/Black-Ferrari-Daytona-SP3-Sports-Car-MOC-T006-2-2-60x60.jpg 60w, https:\/\/mouldking.store\/wp-content\/uploads\/2022\/12\/Black-Ferrari-Daytona-SP3-Sports-Car-MOC-T006-2-2-90x90.jpg 90w\" sizes=\"(max-width: 800px) 100vw, 800px\" \/><figcaption id=\"caption-attachment-37870\" class=\"wp-caption-text\">MOC-T006-2 Schwarzer \u201eFerrari\u201c Daytona SP3 Sportwagen mit 3778Stk<\/figcaption><\/figure>\n<figure id=\"attachment_37871\" aria-describedby=\"caption-attachment-37871\" style=\"width: 800px\" class=\"wp-caption aligncenter\"><img loading=\"lazy\" decoding=\"async\" class=\"wp-image-37871 size-full\" src=\"https:\/\/mouldking.store\/wp-content\/uploads\/2022\/12\/Black-Ferrari-Daytona-SP3-Sports-Car-MOC-T006-2-1.jpg\" alt=\"MOC-T006-2 Black \u201cFerrari \u201cDaytona SP3 Sports Car With 3778pcs\" width=\"800\" height=\"800\" title=\"-\" srcset=\"https:\/\/mouldking.store\/wp-content\/uploads\/2022\/12\/Black-Ferrari-Daytona-SP3-Sports-Car-MOC-T006-2-1.jpg 800w, https:\/\/mouldking.store\/wp-content\/uploads\/2022\/12\/Black-Ferrari-Daytona-SP3-Sports-Car-MOC-T006-2-1-300x300.jpg 300w, https:\/\/mouldking.store\/wp-content\/uploads\/2022\/12\/Black-Ferrari-Daytona-SP3-Sports-Car-MOC-T006-2-1-768x768.jpg 768w, https:\/\/mouldking.store\/wp-content\/uploads\/2022\/12\/Black-Ferrari-Daytona-SP3-Sports-Car-MOC-T006-2-1-600x600.jpg 600w, https:\/\/mouldking.store\/wp-content\/uploads\/2022\/12\/Black-Ferrari-Daytona-SP3-Sports-Car-MOC-T006-2-1-150x150.jpg 150w, https:\/\/mouldking.store\/wp-content\/uploads\/2022\/12\/Black-Ferrari-Daytona-SP3-Sports-Car-MOC-T006-2-1-60x60.jpg 60w, https:\/\/mouldking.store\/wp-content\/uploads\/2022\/12\/Black-Ferrari-Daytona-SP3-Sports-Car-MOC-T006-2-1-90x90.jpg 90w\" sizes=\"(max-width: 800px) 100vw, 800px\" \/><figcaption id=\"caption-attachment-37871\" class=\"wp-caption-text\">MOC-T006-2 Schwarzer \u201eFerrari\u201c Daytona SP3 Sportwagen mit 3778Stk<\/figcaption><\/figure>","protected":false},"excerpt":{"rendered":"<p>Product information: Brand: MOC Gender: Unisex Name: Black \u201cFerrari \u201cDaytona SP3 Sports Car Age Range: &gt; 6 years old Model Number: T006-2 Classification: Assemblage Plastic Block Shape: Self-Locking Bricks Material: Plastic Plastic Type: ABS Bricks Blocks:3778PCS Size: 59 x 24 x 15 cm Contains detailed assembly instructions. Notice: 1. Without an original box, but we [&hellip;]<\/p>","protected":false},"featured_media":37864,"comment_status":"closed","ping_status":"closed","template":"","meta":{"_acf_changed":false},"product_cat":[1360,1357],"product_tag":[9383,9384,7380,1585,7381,430,9382,9385,9381,9220,5166],"class_list":["product","first","instock","shipping-taxable","purchasable","product-type-simple"],"acf":[],"_links":{"self":[{"href":"https:\/\/mouldking.store\/de\/wp-json\/wp\/v2\/product\/37863","targetHints":{"allow":["GET"]}}],"collection":[{"href":"https:\/\/mouldking.store\/de\/wp-json\/wp\/v2\/product"}],"about":[{"href":"https:\/\/mouldking.store\/de\/wp-json\/wp\/v2\/types\/product"}],"replies":[{"embeddable":true,"href":"https:\/\/mouldking.store\/de\/wp-json\/wp\/v2\/comments?post=37863"}],"wp:featuredmedia":[{"embeddable":true,"href":"https:\/\/mouldking.store\/de\/wp-json\/wp\/v2\/media\/37864"}],"wp:attachment":[{"href":"https:\/\/mouldking.store\/de\/wp-json\/wp\/v2\/media?parent=37863"}],"wp:term":[{"taxonomy":"product_cat","embeddable":true,"href":"https:\/\/mouldking.store\/de\/wp-json\/wp\/v2\/product_cat?post=37863"},{"taxonomy":"product_tag","embeddable":true,"href":"https:\/\/mouldking.store\/de\/wp-json\/wp\/v2\/product_tag?post=37863"}],"curies":[{"name":"wp","href":"https:\/\/api.w.org\/{rel}","templated":true}]}}