{"id":37872,"date":"2022-12-14T10:38:40","date_gmt":"2022-12-14T03:38:40","guid":{"rendered":"https:\/\/mouldking.store\/?post_type=product&#038;p=37872"},"modified":"2022-12-14T10:38:40","modified_gmt":"2022-12-14T03:38:40","slug":"yourbricks-20004-soundwave-with-830-pieces","status":"publish","type":"product","link":"https:\/\/mouldking.store\/de\/shop\/yourbricks-20004-soundwave-with-830-pieces\/","title":{"rendered":"YOURBRICKS 20004 Soundwave mit 830 Teilen"},"content":{"rendered":"<p>Produktinformation:<\/p>\n<ol>\n<li>Marke: YOURBRICKS<\/li>\n<li>Geschlecht: Unisex<\/li>\n<li>Name: Soundwave<\/li>\n<li>Altersspanne: &gt; 6 Jahre alt<\/li>\n<li>Model Number: 20004<\/li>\n<li>Einstufung: Assemblage<\/li>\n<li>Kunststoffblockform: Selbstsichernde Steine<\/li>\n<li>Material: Kunststoff<\/li>\n<li>Kunststofftyp: ABS<\/li>\n<li>Bricks Blocks:830 PCS<\/li>\n<li>Enth\u00e4lt eine ausf\u00fchrliche Montageanleitung.<\/li>\n<\/ol>\n<p>Notiz:<br \/>\n1. Ohne Originalverpackung, aber wir garantieren, dass unsere Produkte eine Qualit\u00e4tssicherung und eine sch\u00f6ne Verpackung haben.<br \/>\n2. Wie alle Teile, die wir vor dem Versand \u00fcberpr\u00fcft haben, machen Sie sich keine Sorgen, wenn Sie feststellen, dass einige Teile fehlen oder besch\u00e4digt sind, und kontaktieren Sie uns einfach, und wir k\u00f6nnen sie Ihnen umgehend kostenlos erneut zusenden.<\/p>\n<figure id=\"attachment_37873\" aria-describedby=\"caption-attachment-37873\" style=\"width: 800px\" class=\"wp-caption aligncenter\"><img fetchpriority=\"high\" decoding=\"async\" class=\"wp-image-37873 size-full\" src=\"https:\/\/mouldking.store\/wp-content\/uploads\/2022\/12\/YOURBRICKS-20004-Soundwave-7.jpg\" alt=\"YOURBRICKS 20004 Soundwave With 830 Pieces\" width=\"800\" height=\"800\" title=\"-\" srcset=\"https:\/\/mouldking.store\/wp-content\/uploads\/2022\/12\/YOURBRICKS-20004-Soundwave-7.jpg 800w, https:\/\/mouldking.store\/wp-content\/uploads\/2022\/12\/YOURBRICKS-20004-Soundwave-7-300x300.jpg 300w, https:\/\/mouldking.store\/wp-content\/uploads\/2022\/12\/YOURBRICKS-20004-Soundwave-7-768x768.jpg 768w, https:\/\/mouldking.store\/wp-content\/uploads\/2022\/12\/YOURBRICKS-20004-Soundwave-7-600x600.jpg 600w, https:\/\/mouldking.store\/wp-content\/uploads\/2022\/12\/YOURBRICKS-20004-Soundwave-7-150x150.jpg 150w, https:\/\/mouldking.store\/wp-content\/uploads\/2022\/12\/YOURBRICKS-20004-Soundwave-7-60x60.jpg 60w, https:\/\/mouldking.store\/wp-content\/uploads\/2022\/12\/YOURBRICKS-20004-Soundwave-7-90x90.jpg 90w\" sizes=\"(max-width: 800px) 100vw, 800px\" \/><figcaption id=\"caption-attachment-37873\" class=\"wp-caption-text\">YOURBRICKS 20004 Soundwave mit 830 Teilen<\/figcaption><\/figure>\n<figure id=\"attachment_37874\" aria-describedby=\"caption-attachment-37874\" style=\"width: 800px\" class=\"wp-caption aligncenter\"><img decoding=\"async\" class=\"wp-image-37874 size-full\" src=\"https:\/\/mouldking.store\/wp-content\/uploads\/2022\/12\/YOURBRICKS-20004-Soundwave-6.jpg\" alt=\"YOURBRICKS 20004 Soundwave With 830 Pieces\" width=\"800\" height=\"800\" title=\"-\" srcset=\"https:\/\/mouldking.store\/wp-content\/uploads\/2022\/12\/YOURBRICKS-20004-Soundwave-6.jpg 800w, https:\/\/mouldking.store\/wp-content\/uploads\/2022\/12\/YOURBRICKS-20004-Soundwave-6-300x300.jpg 300w, https:\/\/mouldking.store\/wp-content\/uploads\/2022\/12\/YOURBRICKS-20004-Soundwave-6-768x768.jpg 768w, https:\/\/mouldking.store\/wp-content\/uploads\/2022\/12\/YOURBRICKS-20004-Soundwave-6-600x600.jpg 600w, https:\/\/mouldking.store\/wp-content\/uploads\/2022\/12\/YOURBRICKS-20004-Soundwave-6-150x150.jpg 150w, https:\/\/mouldking.store\/wp-content\/uploads\/2022\/12\/YOURBRICKS-20004-Soundwave-6-60x60.jpg 60w, https:\/\/mouldking.store\/wp-content\/uploads\/2022\/12\/YOURBRICKS-20004-Soundwave-6-90x90.jpg 90w\" sizes=\"(max-width: 800px) 100vw, 800px\" \/><figcaption id=\"caption-attachment-37874\" class=\"wp-caption-text\">YOURBRICKS 20004 Soundwave mit 830 Teilen<\/figcaption><\/figure>\n<figure id=\"attachment_37875\" aria-describedby=\"caption-attachment-37875\" style=\"width: 800px\" class=\"wp-caption aligncenter\"><img decoding=\"async\" class=\"wp-image-37875 size-full\" src=\"https:\/\/mouldking.store\/wp-content\/uploads\/2022\/12\/YOURBRICKS-20004-Soundwave-5.jpg\" alt=\"YOURBRICKS 20004 Soundwave With 830 Pieces\" width=\"800\" height=\"800\" title=\"-\" srcset=\"https:\/\/mouldking.store\/wp-content\/uploads\/2022\/12\/YOURBRICKS-20004-Soundwave-5.jpg 800w, https:\/\/mouldking.store\/wp-content\/uploads\/2022\/12\/YOURBRICKS-20004-Soundwave-5-300x300.jpg 300w, https:\/\/mouldking.store\/wp-content\/uploads\/2022\/12\/YOURBRICKS-20004-Soundwave-5-768x768.jpg 768w, https:\/\/mouldking.store\/wp-content\/uploads\/2022\/12\/YOURBRICKS-20004-Soundwave-5-600x600.jpg 600w, https:\/\/mouldking.store\/wp-content\/uploads\/2022\/12\/YOURBRICKS-20004-Soundwave-5-150x150.jpg 150w, https:\/\/mouldking.store\/wp-content\/uploads\/2022\/12\/YOURBRICKS-20004-Soundwave-5-60x60.jpg 60w, https:\/\/mouldking.store\/wp-content\/uploads\/2022\/12\/YOURBRICKS-20004-Soundwave-5-90x90.jpg 90w\" sizes=\"(max-width: 800px) 100vw, 800px\" \/><figcaption id=\"caption-attachment-37875\" class=\"wp-caption-text\">YOURBRICKS 20004 Soundwave mit 830 Teilen<\/figcaption><\/figure>\n<figure id=\"attachment_37876\" aria-describedby=\"caption-attachment-37876\" style=\"width: 800px\" class=\"wp-caption aligncenter\"><img loading=\"lazy\" decoding=\"async\" class=\"wp-image-37876 size-full\" src=\"https:\/\/mouldking.store\/wp-content\/uploads\/2022\/12\/YOURBRICKS-20004-Soundwave-4.jpg\" alt=\"YOURBRICKS 20004 Soundwave With 830 Pieces\" width=\"800\" height=\"800\" title=\"-\" srcset=\"https:\/\/mouldking.store\/wp-content\/uploads\/2022\/12\/YOURBRICKS-20004-Soundwave-4.jpg 800w, https:\/\/mouldking.store\/wp-content\/uploads\/2022\/12\/YOURBRICKS-20004-Soundwave-4-300x300.jpg 300w, https:\/\/mouldking.store\/wp-content\/uploads\/2022\/12\/YOURBRICKS-20004-Soundwave-4-768x768.jpg 768w, https:\/\/mouldking.store\/wp-content\/uploads\/2022\/12\/YOURBRICKS-20004-Soundwave-4-600x600.jpg 600w, https:\/\/mouldking.store\/wp-content\/uploads\/2022\/12\/YOURBRICKS-20004-Soundwave-4-150x150.jpg 150w, https:\/\/mouldking.store\/wp-content\/uploads\/2022\/12\/YOURBRICKS-20004-Soundwave-4-60x60.jpg 60w, https:\/\/mouldking.store\/wp-content\/uploads\/2022\/12\/YOURBRICKS-20004-Soundwave-4-90x90.jpg 90w\" sizes=\"(max-width: 800px) 100vw, 800px\" \/><figcaption id=\"caption-attachment-37876\" class=\"wp-caption-text\">YOURBRICKS 20004 Soundwave mit 830 Teilen<\/figcaption><\/figure>\n<figure id=\"attachment_37877\" aria-describedby=\"caption-attachment-37877\" style=\"width: 800px\" class=\"wp-caption aligncenter\"><img loading=\"lazy\" decoding=\"async\" class=\"wp-image-37877 size-full\" src=\"https:\/\/mouldking.store\/wp-content\/uploads\/2022\/12\/YOURBRICKS-20004-Soundwave-3.jpg\" alt=\"YOURBRICKS 20004 Soundwave With 830 Pieces\" width=\"800\" height=\"800\" title=\"-\" srcset=\"https:\/\/mouldking.store\/wp-content\/uploads\/2022\/12\/YOURBRICKS-20004-Soundwave-3.jpg 800w, https:\/\/mouldking.store\/wp-content\/uploads\/2022\/12\/YOURBRICKS-20004-Soundwave-3-300x300.jpg 300w, https:\/\/mouldking.store\/wp-content\/uploads\/2022\/12\/YOURBRICKS-20004-Soundwave-3-768x768.jpg 768w, https:\/\/mouldking.store\/wp-content\/uploads\/2022\/12\/YOURBRICKS-20004-Soundwave-3-600x600.jpg 600w, https:\/\/mouldking.store\/wp-content\/uploads\/2022\/12\/YOURBRICKS-20004-Soundwave-3-150x150.jpg 150w, https:\/\/mouldking.store\/wp-content\/uploads\/2022\/12\/YOURBRICKS-20004-Soundwave-3-60x60.jpg 60w, https:\/\/mouldking.store\/wp-content\/uploads\/2022\/12\/YOURBRICKS-20004-Soundwave-3-90x90.jpg 90w\" sizes=\"(max-width: 800px) 100vw, 800px\" \/><figcaption id=\"caption-attachment-37877\" class=\"wp-caption-text\">YOURBRICKS 20004 Soundwave mit 830 Teilen<\/figcaption><\/figure>\n<figure id=\"attachment_37878\" aria-describedby=\"caption-attachment-37878\" style=\"width: 800px\" class=\"wp-caption aligncenter\"><img loading=\"lazy\" decoding=\"async\" class=\"wp-image-37878 size-full\" src=\"https:\/\/mouldking.store\/wp-content\/uploads\/2022\/12\/YOURBRICKS-20004-Soundwave-2.jpg\" alt=\"YOURBRICKS 20004 Soundwave With 830 Pieces\" width=\"800\" height=\"800\" title=\"-\" srcset=\"https:\/\/mouldking.store\/wp-content\/uploads\/2022\/12\/YOURBRICKS-20004-Soundwave-2.jpg 800w, https:\/\/mouldking.store\/wp-content\/uploads\/2022\/12\/YOURBRICKS-20004-Soundwave-2-300x300.jpg 300w, https:\/\/mouldking.store\/wp-content\/uploads\/2022\/12\/YOURBRICKS-20004-Soundwave-2-768x768.jpg 768w, https:\/\/mouldking.store\/wp-content\/uploads\/2022\/12\/YOURBRICKS-20004-Soundwave-2-600x600.jpg 600w, https:\/\/mouldking.store\/wp-content\/uploads\/2022\/12\/YOURBRICKS-20004-Soundwave-2-150x150.jpg 150w, https:\/\/mouldking.store\/wp-content\/uploads\/2022\/12\/YOURBRICKS-20004-Soundwave-2-60x60.jpg 60w, https:\/\/mouldking.store\/wp-content\/uploads\/2022\/12\/YOURBRICKS-20004-Soundwave-2-90x90.jpg 90w\" sizes=\"(max-width: 800px) 100vw, 800px\" \/><figcaption id=\"caption-attachment-37878\" class=\"wp-caption-text\">YOURBRICKS 20004 Soundwave mit 830 Teilen<\/figcaption><\/figure>\n<figure id=\"attachment_37879\" aria-describedby=\"caption-attachment-37879\" style=\"width: 800px\" class=\"wp-caption aligncenter\"><img loading=\"lazy\" decoding=\"async\" class=\"wp-image-37879 size-full\" src=\"https:\/\/mouldking.store\/wp-content\/uploads\/2022\/12\/YOURBRICKS-20004-Soundwave-1.jpg\" alt=\"YOURBRICKS 20004 Soundwave With 830 Pieces\" width=\"800\" height=\"800\" title=\"-\" srcset=\"https:\/\/mouldking.store\/wp-content\/uploads\/2022\/12\/YOURBRICKS-20004-Soundwave-1.jpg 800w, https:\/\/mouldking.store\/wp-content\/uploads\/2022\/12\/YOURBRICKS-20004-Soundwave-1-300x300.jpg 300w, https:\/\/mouldking.store\/wp-content\/uploads\/2022\/12\/YOURBRICKS-20004-Soundwave-1-768x768.jpg 768w, https:\/\/mouldking.store\/wp-content\/uploads\/2022\/12\/YOURBRICKS-20004-Soundwave-1-600x600.jpg 600w, https:\/\/mouldking.store\/wp-content\/uploads\/2022\/12\/YOURBRICKS-20004-Soundwave-1-150x150.jpg 150w, https:\/\/mouldking.store\/wp-content\/uploads\/2022\/12\/YOURBRICKS-20004-Soundwave-1-60x60.jpg 60w, https:\/\/mouldking.store\/wp-content\/uploads\/2022\/12\/YOURBRICKS-20004-Soundwave-1-90x90.jpg 90w\" sizes=\"(max-width: 800px) 100vw, 800px\" \/><figcaption id=\"caption-attachment-37879\" class=\"wp-caption-text\">YOURBRICKS 20004 Soundwave mit 830 Teilen<\/figcaption><\/figure>","protected":false},"excerpt":{"rendered":"<p>Product information: Brand: YOURBRICKS Gender: Unisex Name: Soundwave Age Range: &gt; 6 years old Model Number: 20004 Classification: Assemblage Plastic Block Shape: Self-Locking Bricks Material: Plastic Plastic Type: ABS Bricks Blocks:830 PCS Contains detailed assembly instructions. Notice: 1. Without an original box, but we guarantee our products have quality assurance and nice packaging. 2. As [&hellip;]<\/p>","protected":false},"featured_media":37873,"comment_status":"closed","ping_status":"closed","template":"","meta":{"_acf_changed":false},"product_cat":[1365],"product_tag":[9387,9388,6217,9389,9390,9386],"class_list":["product","first","instock","shipping-taxable","purchasable","product-type-simple"],"acf":[],"_links":{"self":[{"href":"https:\/\/mouldking.store\/de\/wp-json\/wp\/v2\/product\/37872","targetHints":{"allow":["GET"]}}],"collection":[{"href":"https:\/\/mouldking.store\/de\/wp-json\/wp\/v2\/product"}],"about":[{"href":"https:\/\/mouldking.store\/de\/wp-json\/wp\/v2\/types\/product"}],"replies":[{"embeddable":true,"href":"https:\/\/mouldking.store\/de\/wp-json\/wp\/v2\/comments?post=37872"}],"wp:featuredmedia":[{"embeddable":true,"href":"https:\/\/mouldking.store\/de\/wp-json\/wp\/v2\/media\/37873"}],"wp:attachment":[{"href":"https:\/\/mouldking.store\/de\/wp-json\/wp\/v2\/media?parent=37872"}],"wp:term":[{"taxonomy":"product_cat","embeddable":true,"href":"https:\/\/mouldking.store\/de\/wp-json\/wp\/v2\/product_cat?post=37872"},{"taxonomy":"product_tag","embeddable":true,"href":"https:\/\/mouldking.store\/de\/wp-json\/wp\/v2\/product_tag?post=37872"}],"curies":[{"name":"wp","href":"https:\/\/api.w.org\/{rel}","templated":true}]}}