{"id":37898,"date":"2022-12-14T11:21:20","date_gmt":"2022-12-14T04:21:20","guid":{"rendered":"https:\/\/mouldking.store\/?post_type=product&#038;p=37898"},"modified":"2025-12-25T09:12:09","modified_gmt":"2025-12-25T02:12:09","slug":"moc-38624-paths-of-the-dead-with-2706-pieces","status":"publish","type":"product","link":"https:\/\/mouldking.store\/de\/shop\/moc-38624-paths-of-the-dead-with-2706-pieces\/","title":{"rendered":"MOC-38624 Pfade der Toten mit 2706 Teilen"},"content":{"rendered":"<ol>\n<li>Marke: MOC<\/li>\n<li>Geschlecht: Unisex<\/li>\n<li>Name: Pfade der Toten<\/li>\n<li>Altersspanne: &gt; 6 Jahre alt<\/li>\n<li>Modellnummer: 38624<\/li>\n<li>Einstufung: Assemblage<\/li>\n<li>Kunststoffblockform: Selbstsichernde Steine<\/li>\n<li>Material: Kunststoff<\/li>\n<li>Kunststofftyp: ABS<\/li>\n<li>Ziegelsteine: 2706 PCS<\/li>\n<li>Enth\u00e4lt eine ausf\u00fchrliche Montageanleitung.<\/li>\n<\/ol>\n<p>Notiz:<br \/>\n1. Ohne Originalverpackung, aber wir garantieren, dass unsere Produkte eine Qualit\u00e4tssicherung und eine sch\u00f6ne Verpackung haben.<br \/>\n2. Wie alle Teile, die wir vor dem Versand \u00fcberpr\u00fcft haben, machen Sie sich keine Sorgen, wenn Sie feststellen, dass einige Teile fehlen oder besch\u00e4digt sind, und kontaktieren Sie uns einfach, und wir k\u00f6nnen sie Ihnen umgehend kostenlos erneut zusenden.<\/p>\n<figure id=\"attachment_37901\" aria-describedby=\"caption-attachment-37901\" style=\"width: 1004px\" class=\"wp-caption aligncenter\"><img fetchpriority=\"high\" decoding=\"async\" class=\"wp-image-37901 size-full\" src=\"https:\/\/mouldking.store\/wp-content\/uploads\/2022\/12\/MOC-38624-Movie-Paths-of-the-Dead-MOC-FACTORY.png\" alt=\"MOC-38624 Paths of the Dead With 2706 Pieces\" width=\"1004\" height=\"1004\" title=\"-\" srcset=\"https:\/\/mouldking.store\/wp-content\/uploads\/2022\/12\/MOC-38624-Movie-Paths-of-the-Dead-MOC-FACTORY.png 1004w, https:\/\/mouldking.store\/wp-content\/uploads\/2022\/12\/MOC-38624-Movie-Paths-of-the-Dead-MOC-FACTORY-300x300.png 300w, https:\/\/mouldking.store\/wp-content\/uploads\/2022\/12\/MOC-38624-Movie-Paths-of-the-Dead-MOC-FACTORY-768x768.png 768w, https:\/\/mouldking.store\/wp-content\/uploads\/2022\/12\/MOC-38624-Movie-Paths-of-the-Dead-MOC-FACTORY-600x600.png 600w, https:\/\/mouldking.store\/wp-content\/uploads\/2022\/12\/MOC-38624-Movie-Paths-of-the-Dead-MOC-FACTORY-150x150.png 150w, https:\/\/mouldking.store\/wp-content\/uploads\/2022\/12\/MOC-38624-Movie-Paths-of-the-Dead-MOC-FACTORY-60x60.png 60w, https:\/\/mouldking.store\/wp-content\/uploads\/2022\/12\/MOC-38624-Movie-Paths-of-the-Dead-MOC-FACTORY-90x90.png 90w\" sizes=\"(max-width: 1004px) 100vw, 1004px\" \/><figcaption id=\"caption-attachment-37901\" class=\"wp-caption-text\">MOC-38624 Pfade der Toten mit 2706 Teilen<\/figcaption><\/figure>\n<figure id=\"attachment_37902\" aria-describedby=\"caption-attachment-37902\" style=\"width: 1024px\" class=\"wp-caption aligncenter\"><img decoding=\"async\" class=\"wp-image-37902 size-large\" src=\"https:\/\/mouldking.store\/wp-content\/uploads\/2022\/12\/moc-38624-the-dark-road-movie-scene-sci_main-3-1024x1024.jpg\" alt=\"MOC-38624 Paths of the Dead With 2706 Pieces\" width=\"1024\" height=\"1024\" title=\"-\" srcset=\"https:\/\/mouldking.store\/wp-content\/uploads\/2022\/12\/moc-38624-the-dark-road-movie-scene-sci_main-3-1024x1024.jpg 1024w, https:\/\/mouldking.store\/wp-content\/uploads\/2022\/12\/moc-38624-the-dark-road-movie-scene-sci_main-3-300x300.jpg 300w, https:\/\/mouldking.store\/wp-content\/uploads\/2022\/12\/moc-38624-the-dark-road-movie-scene-sci_main-3-768x768.jpg 768w, https:\/\/mouldking.store\/wp-content\/uploads\/2022\/12\/moc-38624-the-dark-road-movie-scene-sci_main-3-600x600.jpg 600w, https:\/\/mouldking.store\/wp-content\/uploads\/2022\/12\/moc-38624-the-dark-road-movie-scene-sci_main-3-150x150.jpg 150w, https:\/\/mouldking.store\/wp-content\/uploads\/2022\/12\/moc-38624-the-dark-road-movie-scene-sci_main-3-60x60.jpg 60w, https:\/\/mouldking.store\/wp-content\/uploads\/2022\/12\/moc-38624-the-dark-road-movie-scene-sci_main-3-90x90.jpg 90w, https:\/\/mouldking.store\/wp-content\/uploads\/2022\/12\/moc-38624-the-dark-road-movie-scene-sci_main-3.jpg 1100w\" sizes=\"(max-width: 1024px) 100vw, 1024px\" \/><figcaption id=\"caption-attachment-37902\" class=\"wp-caption-text\">MOC-38624 Pfade der Toten mit 2706 Teilen<\/figcaption><\/figure>\n<figure id=\"attachment_37903\" aria-describedby=\"caption-attachment-37903\" style=\"width: 1024px\" class=\"wp-caption aligncenter\"><img decoding=\"async\" class=\"wp-image-37903 size-large\" src=\"https:\/\/mouldking.store\/wp-content\/uploads\/2022\/12\/moc-38624-the-dark-road-movie-scene-sci_main-2-1024x1024.jpg\" alt=\"MOC-38624 Paths of the Dead With 2706 Pieces\" width=\"1024\" height=\"1024\" title=\"-\" srcset=\"https:\/\/mouldking.store\/wp-content\/uploads\/2022\/12\/moc-38624-the-dark-road-movie-scene-sci_main-2-1024x1024.jpg 1024w, https:\/\/mouldking.store\/wp-content\/uploads\/2022\/12\/moc-38624-the-dark-road-movie-scene-sci_main-2-300x300.jpg 300w, https:\/\/mouldking.store\/wp-content\/uploads\/2022\/12\/moc-38624-the-dark-road-movie-scene-sci_main-2-768x768.jpg 768w, https:\/\/mouldking.store\/wp-content\/uploads\/2022\/12\/moc-38624-the-dark-road-movie-scene-sci_main-2-600x600.jpg 600w, https:\/\/mouldking.store\/wp-content\/uploads\/2022\/12\/moc-38624-the-dark-road-movie-scene-sci_main-2-150x150.jpg 150w, https:\/\/mouldking.store\/wp-content\/uploads\/2022\/12\/moc-38624-the-dark-road-movie-scene-sci_main-2-60x60.jpg 60w, https:\/\/mouldking.store\/wp-content\/uploads\/2022\/12\/moc-38624-the-dark-road-movie-scene-sci_main-2-90x90.jpg 90w, https:\/\/mouldking.store\/wp-content\/uploads\/2022\/12\/moc-38624-the-dark-road-movie-scene-sci_main-2.jpg 1100w\" sizes=\"(max-width: 1024px) 100vw, 1024px\" \/><figcaption id=\"caption-attachment-37903\" class=\"wp-caption-text\">MOC-38624 Pfade der Toten mit 2706 Teilen<\/figcaption><\/figure>\n<figure id=\"attachment_37900\" aria-describedby=\"caption-attachment-37900\" style=\"width: 1024px\" class=\"wp-caption aligncenter\"><img loading=\"lazy\" decoding=\"async\" class=\"wp-image-37900 size-large\" src=\"https:\/\/mouldking.store\/wp-content\/uploads\/2022\/12\/moc-38624-the-dark-road-movie-scene-sci_main-0-1024x1024.jpg\" alt=\"MOC-38624 Paths of the Dead With 2706 Pieces\" width=\"1024\" height=\"1024\" title=\"-\" srcset=\"https:\/\/mouldking.store\/wp-content\/uploads\/2022\/12\/moc-38624-the-dark-road-movie-scene-sci_main-0-1024x1024.jpg 1024w, https:\/\/mouldking.store\/wp-content\/uploads\/2022\/12\/moc-38624-the-dark-road-movie-scene-sci_main-0-300x300.jpg 300w, https:\/\/mouldking.store\/wp-content\/uploads\/2022\/12\/moc-38624-the-dark-road-movie-scene-sci_main-0-768x768.jpg 768w, https:\/\/mouldking.store\/wp-content\/uploads\/2022\/12\/moc-38624-the-dark-road-movie-scene-sci_main-0-600x600.jpg 600w, https:\/\/mouldking.store\/wp-content\/uploads\/2022\/12\/moc-38624-the-dark-road-movie-scene-sci_main-0-150x150.jpg 150w, https:\/\/mouldking.store\/wp-content\/uploads\/2022\/12\/moc-38624-the-dark-road-movie-scene-sci_main-0-60x60.jpg 60w, https:\/\/mouldking.store\/wp-content\/uploads\/2022\/12\/moc-38624-the-dark-road-movie-scene-sci_main-0-90x90.jpg 90w, https:\/\/mouldking.store\/wp-content\/uploads\/2022\/12\/moc-38624-the-dark-road-movie-scene-sci_main-0.jpg 1100w\" sizes=\"(max-width: 1024px) 100vw, 1024px\" \/><figcaption id=\"caption-attachment-37900\" class=\"wp-caption-text\">MOC-38624 Pfade der Toten mit 2706 Teilen<\/figcaption><\/figure>\n<figure id=\"attachment_37899\" aria-describedby=\"caption-attachment-37899\" style=\"width: 1024px\" class=\"wp-caption aligncenter\"><img loading=\"lazy\" decoding=\"async\" class=\"wp-image-37899 size-large\" src=\"https:\/\/mouldking.store\/wp-content\/uploads\/2022\/12\/moc-38624-the-dark-road-movie-scene-sci_main-1-1024x1024.jpg\" alt=\"MOC-38624 Paths of the Dead With 2706 Pieces\" width=\"1024\" height=\"1024\" title=\"-\" srcset=\"https:\/\/mouldking.store\/wp-content\/uploads\/2022\/12\/moc-38624-the-dark-road-movie-scene-sci_main-1-1024x1024.jpg 1024w, https:\/\/mouldking.store\/wp-content\/uploads\/2022\/12\/moc-38624-the-dark-road-movie-scene-sci_main-1-300x300.jpg 300w, https:\/\/mouldking.store\/wp-content\/uploads\/2022\/12\/moc-38624-the-dark-road-movie-scene-sci_main-1-768x768.jpg 768w, https:\/\/mouldking.store\/wp-content\/uploads\/2022\/12\/moc-38624-the-dark-road-movie-scene-sci_main-1-600x600.jpg 600w, https:\/\/mouldking.store\/wp-content\/uploads\/2022\/12\/moc-38624-the-dark-road-movie-scene-sci_main-1-150x150.jpg 150w, https:\/\/mouldking.store\/wp-content\/uploads\/2022\/12\/moc-38624-the-dark-road-movie-scene-sci_main-1-60x60.jpg 60w, https:\/\/mouldking.store\/wp-content\/uploads\/2022\/12\/moc-38624-the-dark-road-movie-scene-sci_main-1-90x90.jpg 90w, https:\/\/mouldking.store\/wp-content\/uploads\/2022\/12\/moc-38624-the-dark-road-movie-scene-sci_main-1.jpg 1100w\" sizes=\"(max-width: 1024px) 100vw, 1024px\" \/><figcaption id=\"caption-attachment-37899\" class=\"wp-caption-text\">MOC-38624 Pfade der Toten mit 2706 Teilen<\/figcaption><\/figure>","protected":false},"excerpt":{"rendered":"<p>PDF-Bauanleitung<\/p>\n<p>Ohne Originalverpackung<\/p>\n<p>Zeiteinteilung: 4-8 Wochen<\/p>","protected":false},"featured_media":37901,"comment_status":"closed","ping_status":"closed","template":"","meta":{"_acf_changed":false},"product_cat":[1406,1408],"product_tag":[9408,430,9410,9411,9406,9407,9409],"class_list":["product","first","instock","shipping-taxable","purchasable","product-type-simple"],"acf":[],"_links":{"self":[{"href":"https:\/\/mouldking.store\/de\/wp-json\/wp\/v2\/product\/37898","targetHints":{"allow":["GET"]}}],"collection":[{"href":"https:\/\/mouldking.store\/de\/wp-json\/wp\/v2\/product"}],"about":[{"href":"https:\/\/mouldking.store\/de\/wp-json\/wp\/v2\/types\/product"}],"replies":[{"embeddable":true,"href":"https:\/\/mouldking.store\/de\/wp-json\/wp\/v2\/comments?post=37898"}],"wp:featuredmedia":[{"embeddable":true,"href":"https:\/\/mouldking.store\/de\/wp-json\/wp\/v2\/media\/37901"}],"wp:attachment":[{"href":"https:\/\/mouldking.store\/de\/wp-json\/wp\/v2\/media?parent=37898"}],"wp:term":[{"taxonomy":"product_cat","embeddable":true,"href":"https:\/\/mouldking.store\/de\/wp-json\/wp\/v2\/product_cat?post=37898"},{"taxonomy":"product_tag","embeddable":true,"href":"https:\/\/mouldking.store\/de\/wp-json\/wp\/v2\/product_tag?post=37898"}],"curies":[{"name":"wp","href":"https:\/\/api.w.org\/{rel}","templated":true}]}}