{"id":37990,"date":"2022-12-14T14:16:52","date_gmt":"2022-12-14T07:16:52","guid":{"rendered":"https:\/\/mouldking.store\/?post_type=product&#038;p=37990"},"modified":"2025-12-25T09:12:08","modified_gmt":"2025-12-25T02:12:08","slug":"moc-89526-pirate-ship-with-1328pcs","status":"publish","type":"product","link":"https:\/\/mouldking.store\/de\/shop\/moc-89526-pirate-ship-with-1328pcs\/","title":{"rendered":"MOC-89526 Piratenschiff mit 1328PCS"},"content":{"rendered":"<ol>\n<li>Marke: MOC<\/li>\n<li>Geschlecht: Unisex<\/li>\n<li>Name: Piratenschiff<\/li>\n<li>Altersspanne: &gt; 6 Jahre alt<\/li>\n<li>Modellnummer: 89526<\/li>\n<li>Einstufung: Assemblage<\/li>\n<li>Kunststoffblockform: Selbstsichernde Steine<\/li>\n<li>Material: Kunststoff<\/li>\n<li>Kunststofftyp: ABS<\/li>\n<li>Ziegelsteine: 1328 ST\u00dcCKE<\/li>\n<li>Enth\u00e4lt eine ausf\u00fchrliche Montageanleitung.<\/li>\n<\/ol>\n<p>Notiz:<br \/>\n1. Ohne Originalverpackung, aber wir garantieren, dass unsere Produkte eine Qualit\u00e4tssicherung und eine sch\u00f6ne Verpackung haben.<br \/>\n2. Wie alle Teile, die wir vor dem Versand \u00fcberpr\u00fcft haben, machen Sie sich keine Sorgen, wenn Sie feststellen, dass einige Teile fehlen oder besch\u00e4digt sind, und kontaktieren Sie uns einfach, und wir k\u00f6nnen sie Ihnen umgehend kostenlos erneut zusenden.<\/p>\n<figure id=\"attachment_37991\" aria-describedby=\"caption-attachment-37991\" style=\"width: 1004px\" class=\"wp-caption aligncenter\"><img fetchpriority=\"high\" decoding=\"async\" class=\"wp-image-37991 size-full\" src=\"https:\/\/mouldking.store\/wp-content\/uploads\/2022\/12\/MOC-89526-Creator-Pirate-Ship-MOC-FACTORY.png\" alt=\"MOC-89526 Pirate Ship With 1328PCS\" width=\"1004\" height=\"1004\" title=\"-\" srcset=\"https:\/\/mouldking.store\/wp-content\/uploads\/2022\/12\/MOC-89526-Creator-Pirate-Ship-MOC-FACTORY.png 1004w, https:\/\/mouldking.store\/wp-content\/uploads\/2022\/12\/MOC-89526-Creator-Pirate-Ship-MOC-FACTORY-300x300.png 300w, https:\/\/mouldking.store\/wp-content\/uploads\/2022\/12\/MOC-89526-Creator-Pirate-Ship-MOC-FACTORY-768x768.png 768w, https:\/\/mouldking.store\/wp-content\/uploads\/2022\/12\/MOC-89526-Creator-Pirate-Ship-MOC-FACTORY-600x600.png 600w, https:\/\/mouldking.store\/wp-content\/uploads\/2022\/12\/MOC-89526-Creator-Pirate-Ship-MOC-FACTORY-150x150.png 150w, https:\/\/mouldking.store\/wp-content\/uploads\/2022\/12\/MOC-89526-Creator-Pirate-Ship-MOC-FACTORY-60x60.png 60w, https:\/\/mouldking.store\/wp-content\/uploads\/2022\/12\/MOC-89526-Creator-Pirate-Ship-MOC-FACTORY-90x90.png 90w\" sizes=\"(max-width: 1004px) 100vw, 1004px\" \/><figcaption id=\"caption-attachment-37991\" class=\"wp-caption-text\">MOC-89526 Piratenschiff mit 1328PCS<\/figcaption><\/figure>\n<figure id=\"attachment_37992\" aria-describedby=\"caption-attachment-37992\" style=\"width: 1024px\" class=\"wp-caption aligncenter\"><img decoding=\"async\" class=\"wp-image-37992 size-large\" src=\"https:\/\/mouldking.store\/wp-content\/uploads\/2022\/12\/diy-medieval-pirate-ship-classic-pirate_main-4-1024x1024.jpg\" alt=\"MOC-89526 Pirate Ship With 1328PCS\" width=\"1024\" height=\"1024\" title=\"-\" srcset=\"https:\/\/mouldking.store\/wp-content\/uploads\/2022\/12\/diy-medieval-pirate-ship-classic-pirate_main-4-1024x1024.jpg 1024w, https:\/\/mouldking.store\/wp-content\/uploads\/2022\/12\/diy-medieval-pirate-ship-classic-pirate_main-4-300x300.jpg 300w, https:\/\/mouldking.store\/wp-content\/uploads\/2022\/12\/diy-medieval-pirate-ship-classic-pirate_main-4-768x768.jpg 768w, https:\/\/mouldking.store\/wp-content\/uploads\/2022\/12\/diy-medieval-pirate-ship-classic-pirate_main-4-600x600.jpg 600w, https:\/\/mouldking.store\/wp-content\/uploads\/2022\/12\/diy-medieval-pirate-ship-classic-pirate_main-4-150x150.jpg 150w, https:\/\/mouldking.store\/wp-content\/uploads\/2022\/12\/diy-medieval-pirate-ship-classic-pirate_main-4-60x60.jpg 60w, https:\/\/mouldking.store\/wp-content\/uploads\/2022\/12\/diy-medieval-pirate-ship-classic-pirate_main-4-90x90.jpg 90w, https:\/\/mouldking.store\/wp-content\/uploads\/2022\/12\/diy-medieval-pirate-ship-classic-pirate_main-4.jpg 1100w\" sizes=\"(max-width: 1024px) 100vw, 1024px\" \/><figcaption id=\"caption-attachment-37992\" class=\"wp-caption-text\">MOC-89526 Piratenschiff mit 1328PCS<\/figcaption><\/figure>\n<figure id=\"attachment_37993\" aria-describedby=\"caption-attachment-37993\" style=\"width: 1024px\" class=\"wp-caption aligncenter\"><img decoding=\"async\" class=\"wp-image-37993 size-large\" src=\"https:\/\/mouldking.store\/wp-content\/uploads\/2022\/12\/diy-medieval-pirate-ship-classic-pirate_main-3-1024x1024.jpg\" alt=\"MOC-89526 Pirate Ship With 1328PCS\" width=\"1024\" height=\"1024\" title=\"-\" srcset=\"https:\/\/mouldking.store\/wp-content\/uploads\/2022\/12\/diy-medieval-pirate-ship-classic-pirate_main-3-1024x1024.jpg 1024w, https:\/\/mouldking.store\/wp-content\/uploads\/2022\/12\/diy-medieval-pirate-ship-classic-pirate_main-3-300x300.jpg 300w, https:\/\/mouldking.store\/wp-content\/uploads\/2022\/12\/diy-medieval-pirate-ship-classic-pirate_main-3-768x768.jpg 768w, https:\/\/mouldking.store\/wp-content\/uploads\/2022\/12\/diy-medieval-pirate-ship-classic-pirate_main-3-600x600.jpg 600w, https:\/\/mouldking.store\/wp-content\/uploads\/2022\/12\/diy-medieval-pirate-ship-classic-pirate_main-3-150x150.jpg 150w, https:\/\/mouldking.store\/wp-content\/uploads\/2022\/12\/diy-medieval-pirate-ship-classic-pirate_main-3-60x60.jpg 60w, https:\/\/mouldking.store\/wp-content\/uploads\/2022\/12\/diy-medieval-pirate-ship-classic-pirate_main-3-90x90.jpg 90w, https:\/\/mouldking.store\/wp-content\/uploads\/2022\/12\/diy-medieval-pirate-ship-classic-pirate_main-3.jpg 1100w\" sizes=\"(max-width: 1024px) 100vw, 1024px\" \/><figcaption id=\"caption-attachment-37993\" class=\"wp-caption-text\">MOC-89526 Piratenschiff mit 1328PCS<\/figcaption><\/figure>\n<figure id=\"attachment_37994\" aria-describedby=\"caption-attachment-37994\" style=\"width: 1024px\" class=\"wp-caption aligncenter\"><img loading=\"lazy\" decoding=\"async\" class=\"wp-image-37994 size-large\" src=\"https:\/\/mouldking.store\/wp-content\/uploads\/2022\/12\/diy-medieval-pirate-ship-classic-pirate_main-2-1024x1024.jpg\" alt=\"MOC-89526 Pirate Ship With 1328PCS\" width=\"1024\" height=\"1024\" title=\"-\" srcset=\"https:\/\/mouldking.store\/wp-content\/uploads\/2022\/12\/diy-medieval-pirate-ship-classic-pirate_main-2-1024x1024.jpg 1024w, https:\/\/mouldking.store\/wp-content\/uploads\/2022\/12\/diy-medieval-pirate-ship-classic-pirate_main-2-300x300.jpg 300w, https:\/\/mouldking.store\/wp-content\/uploads\/2022\/12\/diy-medieval-pirate-ship-classic-pirate_main-2-768x768.jpg 768w, https:\/\/mouldking.store\/wp-content\/uploads\/2022\/12\/diy-medieval-pirate-ship-classic-pirate_main-2-600x600.jpg 600w, https:\/\/mouldking.store\/wp-content\/uploads\/2022\/12\/diy-medieval-pirate-ship-classic-pirate_main-2-150x150.jpg 150w, https:\/\/mouldking.store\/wp-content\/uploads\/2022\/12\/diy-medieval-pirate-ship-classic-pirate_main-2-60x60.jpg 60w, https:\/\/mouldking.store\/wp-content\/uploads\/2022\/12\/diy-medieval-pirate-ship-classic-pirate_main-2-90x90.jpg 90w, https:\/\/mouldking.store\/wp-content\/uploads\/2022\/12\/diy-medieval-pirate-ship-classic-pirate_main-2.jpg 1100w\" sizes=\"(max-width: 1024px) 100vw, 1024px\" \/><figcaption id=\"caption-attachment-37994\" class=\"wp-caption-text\">MOC-89526 Piratenschiff mit 1328PCS<\/figcaption><\/figure>\n<figure id=\"attachment_37995\" aria-describedby=\"caption-attachment-37995\" style=\"width: 1024px\" class=\"wp-caption aligncenter\"><img loading=\"lazy\" decoding=\"async\" class=\"wp-image-37995 size-large\" src=\"https:\/\/mouldking.store\/wp-content\/uploads\/2022\/12\/diy-medieval-pirate-ship-classic-pirate_main-1-1024x1024.jpg\" alt=\"MOC-89526 Pirate Ship With 1328PCS\" width=\"1024\" height=\"1024\" title=\"-\" srcset=\"https:\/\/mouldking.store\/wp-content\/uploads\/2022\/12\/diy-medieval-pirate-ship-classic-pirate_main-1-1024x1024.jpg 1024w, https:\/\/mouldking.store\/wp-content\/uploads\/2022\/12\/diy-medieval-pirate-ship-classic-pirate_main-1-300x300.jpg 300w, https:\/\/mouldking.store\/wp-content\/uploads\/2022\/12\/diy-medieval-pirate-ship-classic-pirate_main-1-768x768.jpg 768w, https:\/\/mouldking.store\/wp-content\/uploads\/2022\/12\/diy-medieval-pirate-ship-classic-pirate_main-1-600x600.jpg 600w, https:\/\/mouldking.store\/wp-content\/uploads\/2022\/12\/diy-medieval-pirate-ship-classic-pirate_main-1-150x150.jpg 150w, https:\/\/mouldking.store\/wp-content\/uploads\/2022\/12\/diy-medieval-pirate-ship-classic-pirate_main-1-60x60.jpg 60w, https:\/\/mouldking.store\/wp-content\/uploads\/2022\/12\/diy-medieval-pirate-ship-classic-pirate_main-1-90x90.jpg 90w, https:\/\/mouldking.store\/wp-content\/uploads\/2022\/12\/diy-medieval-pirate-ship-classic-pirate_main-1.jpg 1100w\" sizes=\"(max-width: 1024px) 100vw, 1024px\" \/><figcaption id=\"caption-attachment-37995\" class=\"wp-caption-text\">MOC-89526 Piratenschiff mit 1328PCS<\/figcaption><\/figure>\n<figure id=\"attachment_37996\" aria-describedby=\"caption-attachment-37996\" style=\"width: 1024px\" class=\"wp-caption aligncenter\"><img loading=\"lazy\" decoding=\"async\" class=\"wp-image-37996 size-large\" src=\"https:\/\/mouldking.store\/wp-content\/uploads\/2022\/12\/diy-medieval-pirate-ship-classic-pirate_main-0-1024x1024.jpg\" alt=\"MOC-89526 Pirate Ship With 1328PCS\" width=\"1024\" height=\"1024\" title=\"-\" srcset=\"https:\/\/mouldking.store\/wp-content\/uploads\/2022\/12\/diy-medieval-pirate-ship-classic-pirate_main-0-1024x1024.jpg 1024w, https:\/\/mouldking.store\/wp-content\/uploads\/2022\/12\/diy-medieval-pirate-ship-classic-pirate_main-0-300x300.jpg 300w, https:\/\/mouldking.store\/wp-content\/uploads\/2022\/12\/diy-medieval-pirate-ship-classic-pirate_main-0-768x768.jpg 768w, https:\/\/mouldking.store\/wp-content\/uploads\/2022\/12\/diy-medieval-pirate-ship-classic-pirate_main-0-600x600.jpg 600w, https:\/\/mouldking.store\/wp-content\/uploads\/2022\/12\/diy-medieval-pirate-ship-classic-pirate_main-0-150x150.jpg 150w, https:\/\/mouldking.store\/wp-content\/uploads\/2022\/12\/diy-medieval-pirate-ship-classic-pirate_main-0-60x60.jpg 60w, https:\/\/mouldking.store\/wp-content\/uploads\/2022\/12\/diy-medieval-pirate-ship-classic-pirate_main-0-90x90.jpg 90w, https:\/\/mouldking.store\/wp-content\/uploads\/2022\/12\/diy-medieval-pirate-ship-classic-pirate_main-0.jpg 1100w\" sizes=\"(max-width: 1024px) 100vw, 1024px\" \/><figcaption id=\"caption-attachment-37996\" class=\"wp-caption-text\">MOC-89526 Piratenschiff mit 1328PCS<\/figcaption><\/figure>","protected":false},"excerpt":{"rendered":"<p>PDF-Bauanleitung<\/p>\n<p>Ohne Originalverpackung<\/p>\n<p>Zeiteinteilung: 4-8 Wochen<\/p>","protected":false},"featured_media":37991,"comment_status":"closed","ping_status":"closed","template":"","meta":{"_acf_changed":false},"product_cat":[1406,371],"product_tag":[9472,430,9473,9474,9471,5487,8704,304],"class_list":["product","first","instock","shipping-taxable","purchasable","product-type-simple"],"acf":[],"_links":{"self":[{"href":"https:\/\/mouldking.store\/de\/wp-json\/wp\/v2\/product\/37990","targetHints":{"allow":["GET"]}}],"collection":[{"href":"https:\/\/mouldking.store\/de\/wp-json\/wp\/v2\/product"}],"about":[{"href":"https:\/\/mouldking.store\/de\/wp-json\/wp\/v2\/types\/product"}],"replies":[{"embeddable":true,"href":"https:\/\/mouldking.store\/de\/wp-json\/wp\/v2\/comments?post=37990"}],"wp:featuredmedia":[{"embeddable":true,"href":"https:\/\/mouldking.store\/de\/wp-json\/wp\/v2\/media\/37991"}],"wp:attachment":[{"href":"https:\/\/mouldking.store\/de\/wp-json\/wp\/v2\/media?parent=37990"}],"wp:term":[{"taxonomy":"product_cat","embeddable":true,"href":"https:\/\/mouldking.store\/de\/wp-json\/wp\/v2\/product_cat?post=37990"},{"taxonomy":"product_tag","embeddable":true,"href":"https:\/\/mouldking.store\/de\/wp-json\/wp\/v2\/product_tag?post=37990"}],"curies":[{"name":"wp","href":"https:\/\/api.w.org\/{rel}","templated":true}]}}