{"id":38042,"date":"2022-12-14T15:12:48","date_gmt":"2022-12-14T08:12:48","guid":{"rendered":"https:\/\/mouldking.store\/?post_type=product&#038;p=38042"},"modified":"2025-12-25T09:12:08","modified_gmt":"2025-12-25T02:12:08","slug":"moc-79097-rebel-a-wing-microfighter-with-98-pieces","status":"publish","type":"product","link":"https:\/\/mouldking.store\/de\/shop\/moc-79097-rebel-a-wing-microfighter-with-98-pieces\/","title":{"rendered":"MOC-79097 Rebel A-Wing Microfighter mit 98 Teilen"},"content":{"rendered":"<ol>\n<li>Marke: MOC<\/li>\n<li>Geschlecht: Unisex<\/li>\n<li>Name: Rebel A-Wing Microfighter<\/li>\n<li>Altersspanne: &gt; 6 Jahre alt<\/li>\n<li>Model Number: 79097<\/li>\n<li>Einstufung: Assemblage<\/li>\n<li>Kunststoffblockform: Selbstsichernde Steine<\/li>\n<li>Material: Kunststoff<\/li>\n<li>Kunststofftyp: ABS<\/li>\n<li>Bricks Blocks:98 PCS<\/li>\n<li>Enth\u00e4lt eine ausf\u00fchrliche Montageanleitung.<\/li>\n<\/ol>\n<p>Notiz:<br \/>\n1. Ohne Originalverpackung, aber wir garantieren, dass unsere Produkte eine Qualit\u00e4tssicherung und eine sch\u00f6ne Verpackung haben.<br \/>\n2. Wie alle Teile, die wir vor dem Versand \u00fcberpr\u00fcft haben, machen Sie sich keine Sorgen, wenn Sie feststellen, dass einige Teile fehlen oder besch\u00e4digt sind, und kontaktieren Sie uns einfach, und wir k\u00f6nnen sie Ihnen umgehend kostenlos erneut zusenden.<\/p>\n<figure id=\"attachment_38043\" aria-describedby=\"caption-attachment-38043\" style=\"width: 1004px\" class=\"wp-caption aligncenter\"><img fetchpriority=\"high\" decoding=\"async\" class=\"wp-image-38043 size-full\" src=\"https:\/\/mouldking.store\/wp-content\/uploads\/2022\/12\/MOC-79097-Star-Wars-Rebel-A-Wing-Microfighter-MOC-FACTORY.png\" alt=\"MOC-79097 Rebel A-Wing Microfighter With 98 Pieces\" width=\"1004\" height=\"1004\" title=\"-\" srcset=\"https:\/\/mouldking.store\/wp-content\/uploads\/2022\/12\/MOC-79097-Star-Wars-Rebel-A-Wing-Microfighter-MOC-FACTORY.png 1004w, https:\/\/mouldking.store\/wp-content\/uploads\/2022\/12\/MOC-79097-Star-Wars-Rebel-A-Wing-Microfighter-MOC-FACTORY-300x300.png 300w, https:\/\/mouldking.store\/wp-content\/uploads\/2022\/12\/MOC-79097-Star-Wars-Rebel-A-Wing-Microfighter-MOC-FACTORY-768x768.png 768w, https:\/\/mouldking.store\/wp-content\/uploads\/2022\/12\/MOC-79097-Star-Wars-Rebel-A-Wing-Microfighter-MOC-FACTORY-600x600.png 600w, https:\/\/mouldking.store\/wp-content\/uploads\/2022\/12\/MOC-79097-Star-Wars-Rebel-A-Wing-Microfighter-MOC-FACTORY-150x150.png 150w, https:\/\/mouldking.store\/wp-content\/uploads\/2022\/12\/MOC-79097-Star-Wars-Rebel-A-Wing-Microfighter-MOC-FACTORY-60x60.png 60w, https:\/\/mouldking.store\/wp-content\/uploads\/2022\/12\/MOC-79097-Star-Wars-Rebel-A-Wing-Microfighter-MOC-FACTORY-90x90.png 90w\" sizes=\"(max-width: 1004px) 100vw, 1004px\" \/><figcaption id=\"caption-attachment-38043\" class=\"wp-caption-text\">MOC-79097 Rebel A-Wing Microfighter mit 98 Teilen<\/figcaption><\/figure>\n<figure id=\"attachment_38044\" aria-describedby=\"caption-attachment-38044\" style=\"width: 1100px\" class=\"wp-caption aligncenter\"><img decoding=\"async\" class=\"wp-image-38044 size-full\" src=\"https:\/\/mouldking.store\/wp-content\/uploads\/2022\/12\/moc-79097-rebel-a-wing-microfighter-sci_main-5.jpg\" alt=\"MOC-79097 Rebel A-Wing Microfighter With 98 Pieces\" width=\"1100\" height=\"1100\" title=\"-\" srcset=\"https:\/\/mouldking.store\/wp-content\/uploads\/2022\/12\/moc-79097-rebel-a-wing-microfighter-sci_main-5.jpg 1100w, https:\/\/mouldking.store\/wp-content\/uploads\/2022\/12\/moc-79097-rebel-a-wing-microfighter-sci_main-5-300x300.jpg 300w, https:\/\/mouldking.store\/wp-content\/uploads\/2022\/12\/moc-79097-rebel-a-wing-microfighter-sci_main-5-1024x1024.jpg 1024w, https:\/\/mouldking.store\/wp-content\/uploads\/2022\/12\/moc-79097-rebel-a-wing-microfighter-sci_main-5-768x768.jpg 768w, https:\/\/mouldking.store\/wp-content\/uploads\/2022\/12\/moc-79097-rebel-a-wing-microfighter-sci_main-5-600x600.jpg 600w, https:\/\/mouldking.store\/wp-content\/uploads\/2022\/12\/moc-79097-rebel-a-wing-microfighter-sci_main-5-150x150.jpg 150w, https:\/\/mouldking.store\/wp-content\/uploads\/2022\/12\/moc-79097-rebel-a-wing-microfighter-sci_main-5-60x60.jpg 60w, https:\/\/mouldking.store\/wp-content\/uploads\/2022\/12\/moc-79097-rebel-a-wing-microfighter-sci_main-5-90x90.jpg 90w\" sizes=\"(max-width: 1100px) 100vw, 1100px\" \/><figcaption id=\"caption-attachment-38044\" class=\"wp-caption-text\">MOC-79097 Rebel A-Wing Microfighter mit 98 Teilen<\/figcaption><\/figure>\n<figure id=\"attachment_38045\" aria-describedby=\"caption-attachment-38045\" style=\"width: 1024px\" class=\"wp-caption aligncenter\"><img decoding=\"async\" class=\"wp-image-38045 size-large\" src=\"https:\/\/mouldking.store\/wp-content\/uploads\/2022\/12\/moc-79097-rebel-a-wing-microfighter-sci_main-4-1024x1024.jpg\" alt=\"MOC-79097 Rebel A-Wing Microfighter With 98 Pieces\" width=\"1024\" height=\"1024\" title=\"-\" srcset=\"https:\/\/mouldking.store\/wp-content\/uploads\/2022\/12\/moc-79097-rebel-a-wing-microfighter-sci_main-4-1024x1024.jpg 1024w, https:\/\/mouldking.store\/wp-content\/uploads\/2022\/12\/moc-79097-rebel-a-wing-microfighter-sci_main-4-300x300.jpg 300w, https:\/\/mouldking.store\/wp-content\/uploads\/2022\/12\/moc-79097-rebel-a-wing-microfighter-sci_main-4-768x768.jpg 768w, https:\/\/mouldking.store\/wp-content\/uploads\/2022\/12\/moc-79097-rebel-a-wing-microfighter-sci_main-4-600x600.jpg 600w, https:\/\/mouldking.store\/wp-content\/uploads\/2022\/12\/moc-79097-rebel-a-wing-microfighter-sci_main-4-150x150.jpg 150w, https:\/\/mouldking.store\/wp-content\/uploads\/2022\/12\/moc-79097-rebel-a-wing-microfighter-sci_main-4-60x60.jpg 60w, https:\/\/mouldking.store\/wp-content\/uploads\/2022\/12\/moc-79097-rebel-a-wing-microfighter-sci_main-4-90x90.jpg 90w, https:\/\/mouldking.store\/wp-content\/uploads\/2022\/12\/moc-79097-rebel-a-wing-microfighter-sci_main-4.jpg 1100w\" sizes=\"(max-width: 1024px) 100vw, 1024px\" \/><figcaption id=\"caption-attachment-38045\" class=\"wp-caption-text\">MOC-79097 Rebel A-Wing Microfighter mit 98 Teilen<\/figcaption><\/figure>\n<figure id=\"attachment_38046\" aria-describedby=\"caption-attachment-38046\" style=\"width: 1100px\" class=\"wp-caption aligncenter\"><img loading=\"lazy\" decoding=\"async\" class=\"wp-image-38046 size-full\" src=\"https:\/\/mouldking.store\/wp-content\/uploads\/2022\/12\/moc-79097-rebel-a-wing-microfighter-sci_main-3.jpg\" alt=\"MOC-79097 Rebel A-Wing Microfighter With 98 Pieces\" width=\"1100\" height=\"1100\" title=\"-\" srcset=\"https:\/\/mouldking.store\/wp-content\/uploads\/2022\/12\/moc-79097-rebel-a-wing-microfighter-sci_main-3.jpg 1100w, https:\/\/mouldking.store\/wp-content\/uploads\/2022\/12\/moc-79097-rebel-a-wing-microfighter-sci_main-3-300x300.jpg 300w, https:\/\/mouldking.store\/wp-content\/uploads\/2022\/12\/moc-79097-rebel-a-wing-microfighter-sci_main-3-1024x1024.jpg 1024w, https:\/\/mouldking.store\/wp-content\/uploads\/2022\/12\/moc-79097-rebel-a-wing-microfighter-sci_main-3-768x768.jpg 768w, https:\/\/mouldking.store\/wp-content\/uploads\/2022\/12\/moc-79097-rebel-a-wing-microfighter-sci_main-3-600x600.jpg 600w, https:\/\/mouldking.store\/wp-content\/uploads\/2022\/12\/moc-79097-rebel-a-wing-microfighter-sci_main-3-150x150.jpg 150w, https:\/\/mouldking.store\/wp-content\/uploads\/2022\/12\/moc-79097-rebel-a-wing-microfighter-sci_main-3-60x60.jpg 60w, https:\/\/mouldking.store\/wp-content\/uploads\/2022\/12\/moc-79097-rebel-a-wing-microfighter-sci_main-3-90x90.jpg 90w\" sizes=\"(max-width: 1100px) 100vw, 1100px\" \/><figcaption id=\"caption-attachment-38046\" class=\"wp-caption-text\">MOC-79097 Rebel A-Wing Microfighter mit 98 Teilen<\/figcaption><\/figure>\n<figure id=\"attachment_38047\" aria-describedby=\"caption-attachment-38047\" style=\"width: 1024px\" class=\"wp-caption aligncenter\"><img loading=\"lazy\" decoding=\"async\" class=\"wp-image-38047 size-large\" src=\"https:\/\/mouldking.store\/wp-content\/uploads\/2022\/12\/moc-79097-rebel-a-wing-microfighter-sci_main-2-1024x1024.jpg\" alt=\"MOC-79097 Rebel A-Wing Microfighter With 98 Pieces\" width=\"1024\" height=\"1024\" title=\"-\" srcset=\"https:\/\/mouldking.store\/wp-content\/uploads\/2022\/12\/moc-79097-rebel-a-wing-microfighter-sci_main-2-1024x1024.jpg 1024w, https:\/\/mouldking.store\/wp-content\/uploads\/2022\/12\/moc-79097-rebel-a-wing-microfighter-sci_main-2-300x300.jpg 300w, https:\/\/mouldking.store\/wp-content\/uploads\/2022\/12\/moc-79097-rebel-a-wing-microfighter-sci_main-2-768x768.jpg 768w, https:\/\/mouldking.store\/wp-content\/uploads\/2022\/12\/moc-79097-rebel-a-wing-microfighter-sci_main-2-600x600.jpg 600w, https:\/\/mouldking.store\/wp-content\/uploads\/2022\/12\/moc-79097-rebel-a-wing-microfighter-sci_main-2-150x150.jpg 150w, https:\/\/mouldking.store\/wp-content\/uploads\/2022\/12\/moc-79097-rebel-a-wing-microfighter-sci_main-2-60x60.jpg 60w, https:\/\/mouldking.store\/wp-content\/uploads\/2022\/12\/moc-79097-rebel-a-wing-microfighter-sci_main-2-90x90.jpg 90w, https:\/\/mouldking.store\/wp-content\/uploads\/2022\/12\/moc-79097-rebel-a-wing-microfighter-sci_main-2.jpg 1100w\" sizes=\"(max-width: 1024px) 100vw, 1024px\" \/><figcaption id=\"caption-attachment-38047\" class=\"wp-caption-text\">MOC-79097 Rebel A-Wing Microfighter mit 98 Teilen<\/figcaption><\/figure>\n<figure id=\"attachment_38048\" aria-describedby=\"caption-attachment-38048\" style=\"width: 1024px\" class=\"wp-caption aligncenter\"><img loading=\"lazy\" decoding=\"async\" class=\"wp-image-38048 size-large\" src=\"https:\/\/mouldking.store\/wp-content\/uploads\/2022\/12\/moc-79097-rebel-a-wing-microfighter-sci_main-1-1024x1024.jpg\" alt=\"MOC-79097 Rebel A-Wing Microfighter With 98 Pieces\" width=\"1024\" height=\"1024\" title=\"-\" srcset=\"https:\/\/mouldking.store\/wp-content\/uploads\/2022\/12\/moc-79097-rebel-a-wing-microfighter-sci_main-1-1024x1024.jpg 1024w, https:\/\/mouldking.store\/wp-content\/uploads\/2022\/12\/moc-79097-rebel-a-wing-microfighter-sci_main-1-300x300.jpg 300w, https:\/\/mouldking.store\/wp-content\/uploads\/2022\/12\/moc-79097-rebel-a-wing-microfighter-sci_main-1-768x768.jpg 768w, https:\/\/mouldking.store\/wp-content\/uploads\/2022\/12\/moc-79097-rebel-a-wing-microfighter-sci_main-1-600x600.jpg 600w, https:\/\/mouldking.store\/wp-content\/uploads\/2022\/12\/moc-79097-rebel-a-wing-microfighter-sci_main-1-150x150.jpg 150w, https:\/\/mouldking.store\/wp-content\/uploads\/2022\/12\/moc-79097-rebel-a-wing-microfighter-sci_main-1-60x60.jpg 60w, https:\/\/mouldking.store\/wp-content\/uploads\/2022\/12\/moc-79097-rebel-a-wing-microfighter-sci_main-1-90x90.jpg 90w, https:\/\/mouldking.store\/wp-content\/uploads\/2022\/12\/moc-79097-rebel-a-wing-microfighter-sci_main-1.jpg 1100w\" sizes=\"(max-width: 1024px) 100vw, 1024px\" \/><figcaption id=\"caption-attachment-38048\" class=\"wp-caption-text\">MOC-79097 Rebel A-Wing Microfighter mit 98 Teilen<\/figcaption><\/figure>\n<figure id=\"attachment_38049\" aria-describedby=\"caption-attachment-38049\" style=\"width: 1024px\" class=\"wp-caption aligncenter\"><img loading=\"lazy\" decoding=\"async\" class=\"wp-image-38049 size-large\" src=\"https:\/\/mouldking.store\/wp-content\/uploads\/2022\/12\/moc-79097-rebel-a-wing-microfighter-sci_main-0-1024x1024.jpg\" alt=\"MOC-79097 Rebel A-Wing Microfighter With 98 Pieces\" width=\"1024\" height=\"1024\" title=\"-\" srcset=\"https:\/\/mouldking.store\/wp-content\/uploads\/2022\/12\/moc-79097-rebel-a-wing-microfighter-sci_main-0-1024x1024.jpg 1024w, https:\/\/mouldking.store\/wp-content\/uploads\/2022\/12\/moc-79097-rebel-a-wing-microfighter-sci_main-0-300x300.jpg 300w, https:\/\/mouldking.store\/wp-content\/uploads\/2022\/12\/moc-79097-rebel-a-wing-microfighter-sci_main-0-768x768.jpg 768w, https:\/\/mouldking.store\/wp-content\/uploads\/2022\/12\/moc-79097-rebel-a-wing-microfighter-sci_main-0-600x600.jpg 600w, https:\/\/mouldking.store\/wp-content\/uploads\/2022\/12\/moc-79097-rebel-a-wing-microfighter-sci_main-0-150x150.jpg 150w, https:\/\/mouldking.store\/wp-content\/uploads\/2022\/12\/moc-79097-rebel-a-wing-microfighter-sci_main-0-60x60.jpg 60w, https:\/\/mouldking.store\/wp-content\/uploads\/2022\/12\/moc-79097-rebel-a-wing-microfighter-sci_main-0-90x90.jpg 90w, https:\/\/mouldking.store\/wp-content\/uploads\/2022\/12\/moc-79097-rebel-a-wing-microfighter-sci_main-0.jpg 1100w\" sizes=\"(max-width: 1024px) 100vw, 1024px\" \/><figcaption id=\"caption-attachment-38049\" class=\"wp-caption-text\">MOC-79097 Rebel A-Wing Microfighter mit 98 Teilen<\/figcaption><\/figure>","protected":false},"excerpt":{"rendered":"<p>PDF-Bauanleitung<\/p>\n<p>Ohne Originalverpackung<\/p>\n<p>Zeiteinteilung: 4-8 Wochen<\/p>","protected":false},"featured_media":38043,"comment_status":"closed","ping_status":"closed","template":"","meta":{"_acf_changed":false},"product_cat":[1406,415],"product_tag":[9522,9523,9511,430,9521,9525,9520,435,9524],"class_list":["product","first","instock","shipping-taxable","purchasable","product-type-simple"],"acf":[],"_links":{"self":[{"href":"https:\/\/mouldking.store\/de\/wp-json\/wp\/v2\/product\/38042","targetHints":{"allow":["GET"]}}],"collection":[{"href":"https:\/\/mouldking.store\/de\/wp-json\/wp\/v2\/product"}],"about":[{"href":"https:\/\/mouldking.store\/de\/wp-json\/wp\/v2\/types\/product"}],"replies":[{"embeddable":true,"href":"https:\/\/mouldking.store\/de\/wp-json\/wp\/v2\/comments?post=38042"}],"wp:featuredmedia":[{"embeddable":true,"href":"https:\/\/mouldking.store\/de\/wp-json\/wp\/v2\/media\/38043"}],"wp:attachment":[{"href":"https:\/\/mouldking.store\/de\/wp-json\/wp\/v2\/media?parent=38042"}],"wp:term":[{"taxonomy":"product_cat","embeddable":true,"href":"https:\/\/mouldking.store\/de\/wp-json\/wp\/v2\/product_cat?post=38042"},{"taxonomy":"product_tag","embeddable":true,"href":"https:\/\/mouldking.store\/de\/wp-json\/wp\/v2\/product_tag?post=38042"}],"curies":[{"name":"wp","href":"https:\/\/api.w.org\/{rel}","templated":true}]}}