{"id":38140,"date":"2022-12-14T16:47:22","date_gmt":"2022-12-14T09:47:22","guid":{"rendered":"https:\/\/mouldking.store\/?post_type=product&#038;p=38140"},"modified":"2025-12-25T09:12:06","modified_gmt":"2025-12-25T02:12:06","slug":"moc-116972-medieval-black-castle-with-1066-pieces","status":"publish","type":"product","link":"https:\/\/mouldking.store\/de\/shop\/moc-116972-medieval-black-castle-with-1066-pieces\/","title":{"rendered":"MOC-116972 Mittelalterliches Schwarzes Schloss mit 1066 Teilen"},"content":{"rendered":"<ol>\n<li>Marke: MOC<\/li>\n<li>Geschlecht: Unisex<\/li>\n<li>Name: Medieval Black Castle<\/li>\n<li>Altersspanne: &gt; 6 Jahre alt<\/li>\n<li>Model Number: 116972<\/li>\n<li>Einstufung: Assemblage<\/li>\n<li>Kunststoffblockform: Selbstsichernde Steine<\/li>\n<li>Material: Kunststoff<\/li>\n<li>Kunststofftyp: ABS<\/li>\n<li>Bricks Blocks:1066 PCS<\/li>\n<li>Gewicht: 1100 g<\/li>\n<li>Enth\u00e4lt eine ausf\u00fchrliche Montageanleitung.<\/li>\n<\/ol>\n<p>Notiz:<br \/>\n1. Ohne Originalverpackung, aber wir garantieren, dass unsere Produkte eine Qualit\u00e4tssicherung und eine sch\u00f6ne Verpackung haben.<br \/>\n2. Wie alle Teile, die wir vor dem Versand \u00fcberpr\u00fcft haben, machen Sie sich keine Sorgen, wenn Sie feststellen, dass einige Teile fehlen oder besch\u00e4digt sind, und kontaktieren Sie uns einfach, und wir k\u00f6nnen sie Ihnen umgehend kostenlos erneut zusenden.<\/p>\n<figure id=\"attachment_38141\" aria-describedby=\"caption-attachment-38141\" style=\"width: 1004px\" class=\"wp-caption aligncenter\"><img fetchpriority=\"high\" decoding=\"async\" class=\"wp-image-38141 size-full\" src=\"https:\/\/mouldking.store\/wp-content\/uploads\/2022\/12\/MOC-116972-Creator-Medieval-Black-Castle-MOC-FACTORY.png\" alt=\"MOC-116972 Medieval Black Castle With 1066 Pieces \" width=\"1004\" height=\"1004\" title=\"-\" srcset=\"https:\/\/mouldking.store\/wp-content\/uploads\/2022\/12\/MOC-116972-Creator-Medieval-Black-Castle-MOC-FACTORY.png 1004w, https:\/\/mouldking.store\/wp-content\/uploads\/2022\/12\/MOC-116972-Creator-Medieval-Black-Castle-MOC-FACTORY-300x300.png 300w, https:\/\/mouldking.store\/wp-content\/uploads\/2022\/12\/MOC-116972-Creator-Medieval-Black-Castle-MOC-FACTORY-768x768.png 768w, https:\/\/mouldking.store\/wp-content\/uploads\/2022\/12\/MOC-116972-Creator-Medieval-Black-Castle-MOC-FACTORY-600x600.png 600w, https:\/\/mouldking.store\/wp-content\/uploads\/2022\/12\/MOC-116972-Creator-Medieval-Black-Castle-MOC-FACTORY-150x150.png 150w, https:\/\/mouldking.store\/wp-content\/uploads\/2022\/12\/MOC-116972-Creator-Medieval-Black-Castle-MOC-FACTORY-60x60.png 60w, https:\/\/mouldking.store\/wp-content\/uploads\/2022\/12\/MOC-116972-Creator-Medieval-Black-Castle-MOC-FACTORY-90x90.png 90w\" sizes=\"(max-width: 1004px) 100vw, 1004px\" \/><figcaption id=\"caption-attachment-38141\" class=\"wp-caption-text\">MOC-116972 Mittelalterliches Schwarzes Schloss mit 1066 Teilen<\/figcaption><\/figure>\n<figure id=\"attachment_38142\" aria-describedby=\"caption-attachment-38142\" style=\"width: 1024px\" class=\"wp-caption aligncenter\"><img decoding=\"async\" class=\"wp-image-38142 size-large\" src=\"https:\/\/mouldking.store\/wp-content\/uploads\/2022\/12\/authorized-moc-116972-medieval-black-cas_main-5-1024x1024.jpg\" alt=\"MOC-116972 Medieval Black Castle With 1066 Pieces \" width=\"1024\" height=\"1024\" title=\"-\" srcset=\"https:\/\/mouldking.store\/wp-content\/uploads\/2022\/12\/authorized-moc-116972-medieval-black-cas_main-5-1024x1024.jpg 1024w, https:\/\/mouldking.store\/wp-content\/uploads\/2022\/12\/authorized-moc-116972-medieval-black-cas_main-5-300x300.jpg 300w, https:\/\/mouldking.store\/wp-content\/uploads\/2022\/12\/authorized-moc-116972-medieval-black-cas_main-5-768x768.jpg 768w, https:\/\/mouldking.store\/wp-content\/uploads\/2022\/12\/authorized-moc-116972-medieval-black-cas_main-5-600x600.jpg 600w, https:\/\/mouldking.store\/wp-content\/uploads\/2022\/12\/authorized-moc-116972-medieval-black-cas_main-5-150x150.jpg 150w, https:\/\/mouldking.store\/wp-content\/uploads\/2022\/12\/authorized-moc-116972-medieval-black-cas_main-5-60x60.jpg 60w, https:\/\/mouldking.store\/wp-content\/uploads\/2022\/12\/authorized-moc-116972-medieval-black-cas_main-5-90x90.jpg 90w, https:\/\/mouldking.store\/wp-content\/uploads\/2022\/12\/authorized-moc-116972-medieval-black-cas_main-5.jpg 1100w\" sizes=\"(max-width: 1024px) 100vw, 1024px\" \/><figcaption id=\"caption-attachment-38142\" class=\"wp-caption-text\">MOC-116972 Mittelalterliches Schwarzes Schloss mit 1066 Teilen<\/figcaption><\/figure>\n<figure id=\"attachment_38143\" aria-describedby=\"caption-attachment-38143\" style=\"width: 1024px\" class=\"wp-caption aligncenter\"><img decoding=\"async\" class=\"wp-image-38143 size-large\" src=\"https:\/\/mouldking.store\/wp-content\/uploads\/2022\/12\/authorized-moc-116972-medieval-black-cas_main-4-1024x1024.jpg\" alt=\"MOC-116972 Medieval Black Castle With 1066 Pieces \" width=\"1024\" height=\"1024\" title=\"-\" srcset=\"https:\/\/mouldking.store\/wp-content\/uploads\/2022\/12\/authorized-moc-116972-medieval-black-cas_main-4-1024x1024.jpg 1024w, https:\/\/mouldking.store\/wp-content\/uploads\/2022\/12\/authorized-moc-116972-medieval-black-cas_main-4-300x300.jpg 300w, https:\/\/mouldking.store\/wp-content\/uploads\/2022\/12\/authorized-moc-116972-medieval-black-cas_main-4-768x768.jpg 768w, https:\/\/mouldking.store\/wp-content\/uploads\/2022\/12\/authorized-moc-116972-medieval-black-cas_main-4-600x600.jpg 600w, https:\/\/mouldking.store\/wp-content\/uploads\/2022\/12\/authorized-moc-116972-medieval-black-cas_main-4-150x150.jpg 150w, https:\/\/mouldking.store\/wp-content\/uploads\/2022\/12\/authorized-moc-116972-medieval-black-cas_main-4-60x60.jpg 60w, https:\/\/mouldking.store\/wp-content\/uploads\/2022\/12\/authorized-moc-116972-medieval-black-cas_main-4-90x90.jpg 90w, https:\/\/mouldking.store\/wp-content\/uploads\/2022\/12\/authorized-moc-116972-medieval-black-cas_main-4.jpg 1100w\" sizes=\"(max-width: 1024px) 100vw, 1024px\" \/><figcaption id=\"caption-attachment-38143\" class=\"wp-caption-text\">MOC-116972 Mittelalterliches Schwarzes Schloss mit 1066 Teilen<\/figcaption><\/figure>\n<figure id=\"attachment_38144\" aria-describedby=\"caption-attachment-38144\" style=\"width: 1024px\" class=\"wp-caption aligncenter\"><img loading=\"lazy\" decoding=\"async\" class=\"wp-image-38144 size-large\" src=\"https:\/\/mouldking.store\/wp-content\/uploads\/2022\/12\/authorized-moc-116972-medieval-black-cas_main-3-1024x1024.jpg\" alt=\"MOC-116972 Medieval Black Castle With 1066 Pieces \" width=\"1024\" height=\"1024\" title=\"-\" srcset=\"https:\/\/mouldking.store\/wp-content\/uploads\/2022\/12\/authorized-moc-116972-medieval-black-cas_main-3-1024x1024.jpg 1024w, https:\/\/mouldking.store\/wp-content\/uploads\/2022\/12\/authorized-moc-116972-medieval-black-cas_main-3-300x300.jpg 300w, https:\/\/mouldking.store\/wp-content\/uploads\/2022\/12\/authorized-moc-116972-medieval-black-cas_main-3-768x768.jpg 768w, https:\/\/mouldking.store\/wp-content\/uploads\/2022\/12\/authorized-moc-116972-medieval-black-cas_main-3-600x600.jpg 600w, https:\/\/mouldking.store\/wp-content\/uploads\/2022\/12\/authorized-moc-116972-medieval-black-cas_main-3-150x150.jpg 150w, https:\/\/mouldking.store\/wp-content\/uploads\/2022\/12\/authorized-moc-116972-medieval-black-cas_main-3-60x60.jpg 60w, https:\/\/mouldking.store\/wp-content\/uploads\/2022\/12\/authorized-moc-116972-medieval-black-cas_main-3-90x90.jpg 90w, https:\/\/mouldking.store\/wp-content\/uploads\/2022\/12\/authorized-moc-116972-medieval-black-cas_main-3.jpg 1100w\" sizes=\"(max-width: 1024px) 100vw, 1024px\" \/><figcaption id=\"caption-attachment-38144\" class=\"wp-caption-text\">MOC-116972 Mittelalterliches Schwarzes Schloss mit 1066 Teilen<\/figcaption><\/figure>\n<figure id=\"attachment_38145\" aria-describedby=\"caption-attachment-38145\" style=\"width: 1024px\" class=\"wp-caption aligncenter\"><img loading=\"lazy\" decoding=\"async\" class=\"wp-image-38145 size-large\" src=\"https:\/\/mouldking.store\/wp-content\/uploads\/2022\/12\/authorized-moc-116972-medieval-black-cas_main-2-1024x1024.jpg\" alt=\"MOC-116972 Medieval Black Castle With 1066 Pieces \" width=\"1024\" height=\"1024\" title=\"-\" srcset=\"https:\/\/mouldking.store\/wp-content\/uploads\/2022\/12\/authorized-moc-116972-medieval-black-cas_main-2-1024x1024.jpg 1024w, https:\/\/mouldking.store\/wp-content\/uploads\/2022\/12\/authorized-moc-116972-medieval-black-cas_main-2-300x300.jpg 300w, https:\/\/mouldking.store\/wp-content\/uploads\/2022\/12\/authorized-moc-116972-medieval-black-cas_main-2-768x768.jpg 768w, https:\/\/mouldking.store\/wp-content\/uploads\/2022\/12\/authorized-moc-116972-medieval-black-cas_main-2-600x600.jpg 600w, https:\/\/mouldking.store\/wp-content\/uploads\/2022\/12\/authorized-moc-116972-medieval-black-cas_main-2-150x150.jpg 150w, https:\/\/mouldking.store\/wp-content\/uploads\/2022\/12\/authorized-moc-116972-medieval-black-cas_main-2-60x60.jpg 60w, https:\/\/mouldking.store\/wp-content\/uploads\/2022\/12\/authorized-moc-116972-medieval-black-cas_main-2-90x90.jpg 90w, https:\/\/mouldking.store\/wp-content\/uploads\/2022\/12\/authorized-moc-116972-medieval-black-cas_main-2.jpg 1100w\" sizes=\"(max-width: 1024px) 100vw, 1024px\" \/><figcaption id=\"caption-attachment-38145\" class=\"wp-caption-text\">MOC-116972 Mittelalterliches Schwarzes Schloss mit 1066 Teilen<\/figcaption><\/figure>\n<figure id=\"attachment_38146\" aria-describedby=\"caption-attachment-38146\" style=\"width: 1024px\" class=\"wp-caption aligncenter\"><img loading=\"lazy\" decoding=\"async\" class=\"wp-image-38146 size-large\" src=\"https:\/\/mouldking.store\/wp-content\/uploads\/2022\/12\/authorized-moc-116972-medieval-black-cas_main-1-1024x1024.jpg\" alt=\"MOC-116972 Medieval Black Castle With 1066 Pieces \" width=\"1024\" height=\"1024\" title=\"-\" srcset=\"https:\/\/mouldking.store\/wp-content\/uploads\/2022\/12\/authorized-moc-116972-medieval-black-cas_main-1-1024x1024.jpg 1024w, https:\/\/mouldking.store\/wp-content\/uploads\/2022\/12\/authorized-moc-116972-medieval-black-cas_main-1-300x300.jpg 300w, https:\/\/mouldking.store\/wp-content\/uploads\/2022\/12\/authorized-moc-116972-medieval-black-cas_main-1-768x768.jpg 768w, https:\/\/mouldking.store\/wp-content\/uploads\/2022\/12\/authorized-moc-116972-medieval-black-cas_main-1-600x600.jpg 600w, https:\/\/mouldking.store\/wp-content\/uploads\/2022\/12\/authorized-moc-116972-medieval-black-cas_main-1-150x150.jpg 150w, https:\/\/mouldking.store\/wp-content\/uploads\/2022\/12\/authorized-moc-116972-medieval-black-cas_main-1-60x60.jpg 60w, https:\/\/mouldking.store\/wp-content\/uploads\/2022\/12\/authorized-moc-116972-medieval-black-cas_main-1-90x90.jpg 90w, https:\/\/mouldking.store\/wp-content\/uploads\/2022\/12\/authorized-moc-116972-medieval-black-cas_main-1.jpg 1100w\" sizes=\"(max-width: 1024px) 100vw, 1024px\" \/><figcaption id=\"caption-attachment-38146\" class=\"wp-caption-text\">MOC-116972 Mittelalterliches Schwarzes Schloss mit 1066 Teilen<\/figcaption><\/figure>\n<figure id=\"attachment_38147\" aria-describedby=\"caption-attachment-38147\" style=\"width: 800px\" class=\"wp-caption aligncenter\"><img loading=\"lazy\" decoding=\"async\" class=\"wp-image-38147 size-full\" src=\"https:\/\/mouldking.store\/wp-content\/uploads\/2022\/12\/authorized-moc-116972-medieval-black-cas_main-0.jpg\" alt=\"MOC-116972 Medieval Black Castle With 1066 Pieces \" width=\"800\" height=\"800\" title=\"-\" srcset=\"https:\/\/mouldking.store\/wp-content\/uploads\/2022\/12\/authorized-moc-116972-medieval-black-cas_main-0.jpg 800w, https:\/\/mouldking.store\/wp-content\/uploads\/2022\/12\/authorized-moc-116972-medieval-black-cas_main-0-300x300.jpg 300w, https:\/\/mouldking.store\/wp-content\/uploads\/2022\/12\/authorized-moc-116972-medieval-black-cas_main-0-768x768.jpg 768w, https:\/\/mouldking.store\/wp-content\/uploads\/2022\/12\/authorized-moc-116972-medieval-black-cas_main-0-600x600.jpg 600w, https:\/\/mouldking.store\/wp-content\/uploads\/2022\/12\/authorized-moc-116972-medieval-black-cas_main-0-150x150.jpg 150w, https:\/\/mouldking.store\/wp-content\/uploads\/2022\/12\/authorized-moc-116972-medieval-black-cas_main-0-60x60.jpg 60w, https:\/\/mouldking.store\/wp-content\/uploads\/2022\/12\/authorized-moc-116972-medieval-black-cas_main-0-90x90.jpg 90w\" sizes=\"(max-width: 800px) 100vw, 800px\" \/><figcaption id=\"caption-attachment-38147\" class=\"wp-caption-text\">MOC-116972 Mittelalterliches Schwarzes Schloss mit 1066 Teilen<\/figcaption><\/figure>","protected":false},"excerpt":{"rendered":"<p>PDF-Bauanleitung<\/p>\n<p>Ohne Originalverpackung<\/p>\n<p>Zeiteinteilung: 4-8 Wochen<\/p>","protected":false},"author":1145,"featured_media":38141,"comment_status":"closed","ping_status":"closed","template":"","meta":{"_acf_changed":false},"product_cat":[1365,1406,371],"product_tag":[9596,787,9597,430,9595,9598,9594],"class_list":["product","first","instock","shipping-taxable","purchasable","product-type-simple"],"acf":[],"_links":{"self":[{"href":"https:\/\/mouldking.store\/de\/wp-json\/wp\/v2\/product\/38140","targetHints":{"allow":["GET"]}}],"collection":[{"href":"https:\/\/mouldking.store\/de\/wp-json\/wp\/v2\/product"}],"about":[{"href":"https:\/\/mouldking.store\/de\/wp-json\/wp\/v2\/types\/product"}],"author":[{"embeddable":true,"href":"https:\/\/mouldking.store\/de\/wp-json\/wp\/v2\/users\/1145"}],"replies":[{"embeddable":true,"href":"https:\/\/mouldking.store\/de\/wp-json\/wp\/v2\/comments?post=38140"}],"wp:featuredmedia":[{"embeddable":true,"href":"https:\/\/mouldking.store\/de\/wp-json\/wp\/v2\/media\/38141"}],"wp:attachment":[{"href":"https:\/\/mouldking.store\/de\/wp-json\/wp\/v2\/media?parent=38140"}],"wp:term":[{"taxonomy":"product_cat","embeddable":true,"href":"https:\/\/mouldking.store\/de\/wp-json\/wp\/v2\/product_cat?post=38140"},{"taxonomy":"product_tag","embeddable":true,"href":"https:\/\/mouldking.store\/de\/wp-json\/wp\/v2\/product_tag?post=38140"}],"curies":[{"name":"wp","href":"https:\/\/api.w.org\/{rel}","templated":true}]}}