{"id":38184,"date":"2022-12-21T10:53:23","date_gmt":"2022-12-21T03:53:23","guid":{"rendered":"https:\/\/mouldking.store\/?post_type=product&#038;p=38184"},"modified":"2025-12-25T09:12:05","modified_gmt":"2025-12-25T02:12:05","slug":"moc-102994-kings-mountain-castle-from-7946-with-1000pcs","status":"publish","type":"product","link":"https:\/\/mouldking.store\/de\/shop\/moc-102994-kings-mountain-castle-from-7946-with-1000pcs\/","title":{"rendered":"MOC-102994 King&#039;s Mountain Castle aus 7946 mit 1000 STK"},"content":{"rendered":"<ol>\n<li>Marke: MOC<\/li>\n<li>Geschlecht: Unisex<\/li>\n<li>Name: King\u2019s Mountain Castle from 7946<\/li>\n<li>Altersspanne: &gt; 6 Jahre alt<\/li>\n<li>Model Number: 102994<\/li>\n<li>Einstufung: Assemblage<\/li>\n<li>Kunststoffblockform: Selbstsichernde Steine<\/li>\n<li>Material: Kunststoff<\/li>\n<li>Kunststofftyp: ABS<\/li>\n<li>Bricks Blocks:1000PCS<\/li>\n<li>Gewicht: 1000 g<\/li>\n<li>Enth\u00e4lt eine ausf\u00fchrliche Montageanleitung.<\/li>\n<\/ol>\n<p>Notiz:<br \/>\n1. Ohne Originalverpackung, aber wir garantieren, dass unsere Produkte eine Qualit\u00e4tssicherung und eine sch\u00f6ne Verpackung haben.<br \/>\n2. Wie alle Teile, die wir vor dem Versand \u00fcberpr\u00fcft haben, machen Sie sich keine Sorgen, wenn Sie feststellen, dass einige Teile fehlen oder besch\u00e4digt sind, und kontaktieren Sie uns einfach, und wir k\u00f6nnen sie Ihnen umgehend kostenlos erneut zusenden.<\/p>\n<figure id=\"attachment_38185\" aria-describedby=\"caption-attachment-38185\" style=\"width: 1024px\" class=\"wp-caption aligncenter\"><img fetchpriority=\"high\" decoding=\"async\" class=\"wp-image-38185 size-large\" src=\"https:\/\/mouldking.store\/wp-content\/uploads\/2022\/12\/MOC-102994-Kings-Mountain-Castle-1024x1024.png\" alt=\"MOC-102994 King\u2019s Mountain Castle from 7946 With 1000PCS\" width=\"1024\" height=\"1024\" title=\"-\" srcset=\"https:\/\/mouldking.store\/wp-content\/uploads\/2022\/12\/MOC-102994-Kings-Mountain-Castle-1024x1024.png 1024w, https:\/\/mouldking.store\/wp-content\/uploads\/2022\/12\/MOC-102994-Kings-Mountain-Castle-300x300.png 300w, https:\/\/mouldking.store\/wp-content\/uploads\/2022\/12\/MOC-102994-Kings-Mountain-Castle-768x768.png 768w, https:\/\/mouldking.store\/wp-content\/uploads\/2022\/12\/MOC-102994-Kings-Mountain-Castle-600x600.png 600w, https:\/\/mouldking.store\/wp-content\/uploads\/2022\/12\/MOC-102994-Kings-Mountain-Castle-150x150.png 150w, https:\/\/mouldking.store\/wp-content\/uploads\/2022\/12\/MOC-102994-Kings-Mountain-Castle-60x60.png 60w, https:\/\/mouldking.store\/wp-content\/uploads\/2022\/12\/MOC-102994-Kings-Mountain-Castle-90x90.png 90w, https:\/\/mouldking.store\/wp-content\/uploads\/2022\/12\/MOC-102994-Kings-Mountain-Castle.png 1095w\" sizes=\"(max-width: 1024px) 100vw, 1024px\" \/><figcaption id=\"caption-attachment-38185\" class=\"wp-caption-text\">MOC-102994 King&#039;s Mountain Castle aus 7946 mit 1000 STK<\/figcaption><\/figure>\n<figure id=\"attachment_38186\" aria-describedby=\"caption-attachment-38186\" style=\"width: 1024px\" class=\"wp-caption aligncenter\"><img decoding=\"async\" class=\"wp-image-38186 size-large\" src=\"https:\/\/mouldking.store\/wp-content\/uploads\/2022\/12\/Kings-Mountain-Castle-from-7946-MOC-102994-1-1024x1024.jpg\" alt=\"MOC-102994 King\u2019s Mountain Castle from 7946 With 1000PCS\" width=\"1024\" height=\"1024\" title=\"-\" srcset=\"https:\/\/mouldking.store\/wp-content\/uploads\/2022\/12\/Kings-Mountain-Castle-from-7946-MOC-102994-1-1024x1024.jpg 1024w, https:\/\/mouldking.store\/wp-content\/uploads\/2022\/12\/Kings-Mountain-Castle-from-7946-MOC-102994-1-300x300.jpg 300w, https:\/\/mouldking.store\/wp-content\/uploads\/2022\/12\/Kings-Mountain-Castle-from-7946-MOC-102994-1-768x768.jpg 768w, https:\/\/mouldking.store\/wp-content\/uploads\/2022\/12\/Kings-Mountain-Castle-from-7946-MOC-102994-1-600x600.jpg 600w, https:\/\/mouldking.store\/wp-content\/uploads\/2022\/12\/Kings-Mountain-Castle-from-7946-MOC-102994-1-150x150.jpg 150w, https:\/\/mouldking.store\/wp-content\/uploads\/2022\/12\/Kings-Mountain-Castle-from-7946-MOC-102994-1-60x60.jpg 60w, https:\/\/mouldking.store\/wp-content\/uploads\/2022\/12\/Kings-Mountain-Castle-from-7946-MOC-102994-1-90x90.jpg 90w, https:\/\/mouldking.store\/wp-content\/uploads\/2022\/12\/Kings-Mountain-Castle-from-7946-MOC-102994-1.jpg 1100w\" sizes=\"(max-width: 1024px) 100vw, 1024px\" \/><figcaption id=\"caption-attachment-38186\" class=\"wp-caption-text\">MOC-102994 King&#039;s Mountain Castle aus 7946 mit 1000 STK<\/figcaption><\/figure>\n<figure id=\"attachment_38188\" aria-describedby=\"caption-attachment-38188\" style=\"width: 1024px\" class=\"wp-caption aligncenter\"><img decoding=\"async\" class=\"wp-image-38188 size-large\" src=\"https:\/\/mouldking.store\/wp-content\/uploads\/2022\/12\/Kings-Mountain-Castle-from-7946-MOC-102994-2-1024x1024.jpg\" alt=\"MOC-102994 King\u2019s Mountain Castle from 7946 With 1000PCS\" width=\"1024\" height=\"1024\" title=\"-\" srcset=\"https:\/\/mouldking.store\/wp-content\/uploads\/2022\/12\/Kings-Mountain-Castle-from-7946-MOC-102994-2-1024x1024.jpg 1024w, https:\/\/mouldking.store\/wp-content\/uploads\/2022\/12\/Kings-Mountain-Castle-from-7946-MOC-102994-2-300x300.jpg 300w, https:\/\/mouldking.store\/wp-content\/uploads\/2022\/12\/Kings-Mountain-Castle-from-7946-MOC-102994-2-768x768.jpg 768w, https:\/\/mouldking.store\/wp-content\/uploads\/2022\/12\/Kings-Mountain-Castle-from-7946-MOC-102994-2-600x600.jpg 600w, https:\/\/mouldking.store\/wp-content\/uploads\/2022\/12\/Kings-Mountain-Castle-from-7946-MOC-102994-2-150x150.jpg 150w, https:\/\/mouldking.store\/wp-content\/uploads\/2022\/12\/Kings-Mountain-Castle-from-7946-MOC-102994-2-60x60.jpg 60w, https:\/\/mouldking.store\/wp-content\/uploads\/2022\/12\/Kings-Mountain-Castle-from-7946-MOC-102994-2-90x90.jpg 90w, https:\/\/mouldking.store\/wp-content\/uploads\/2022\/12\/Kings-Mountain-Castle-from-7946-MOC-102994-2.jpg 1100w\" sizes=\"(max-width: 1024px) 100vw, 1024px\" \/><figcaption id=\"caption-attachment-38188\" class=\"wp-caption-text\">MOC-102994 King&#039;s Mountain Castle aus 7946 mit 1000 STK<\/figcaption><\/figure>\n<figure id=\"attachment_38189\" aria-describedby=\"caption-attachment-38189\" style=\"width: 1024px\" class=\"wp-caption aligncenter\"><img loading=\"lazy\" decoding=\"async\" class=\"wp-image-38189 size-large\" src=\"https:\/\/mouldking.store\/wp-content\/uploads\/2022\/12\/Kings-Mountain-Castle-from-7946-MOC-102994-3-1024x1024.jpg\" alt=\"MOC-102994 King\u2019s Mountain Castle from 7946 With 1000PCS\" width=\"1024\" height=\"1024\" title=\"-\" srcset=\"https:\/\/mouldking.store\/wp-content\/uploads\/2022\/12\/Kings-Mountain-Castle-from-7946-MOC-102994-3-1024x1024.jpg 1024w, https:\/\/mouldking.store\/wp-content\/uploads\/2022\/12\/Kings-Mountain-Castle-from-7946-MOC-102994-3-300x300.jpg 300w, https:\/\/mouldking.store\/wp-content\/uploads\/2022\/12\/Kings-Mountain-Castle-from-7946-MOC-102994-3-768x768.jpg 768w, https:\/\/mouldking.store\/wp-content\/uploads\/2022\/12\/Kings-Mountain-Castle-from-7946-MOC-102994-3-600x600.jpg 600w, https:\/\/mouldking.store\/wp-content\/uploads\/2022\/12\/Kings-Mountain-Castle-from-7946-MOC-102994-3-150x150.jpg 150w, https:\/\/mouldking.store\/wp-content\/uploads\/2022\/12\/Kings-Mountain-Castle-from-7946-MOC-102994-3-60x60.jpg 60w, https:\/\/mouldking.store\/wp-content\/uploads\/2022\/12\/Kings-Mountain-Castle-from-7946-MOC-102994-3-90x90.jpg 90w, https:\/\/mouldking.store\/wp-content\/uploads\/2022\/12\/Kings-Mountain-Castle-from-7946-MOC-102994-3.jpg 1100w\" sizes=\"(max-width: 1024px) 100vw, 1024px\" \/><figcaption id=\"caption-attachment-38189\" class=\"wp-caption-text\">MOC-102994 King&#039;s Mountain Castle aus 7946 mit 1000 STK<\/figcaption><\/figure>\n<figure id=\"attachment_38190\" aria-describedby=\"caption-attachment-38190\" style=\"width: 1024px\" class=\"wp-caption alignnone\"><img loading=\"lazy\" decoding=\"async\" class=\"wp-image-38190 size-large\" src=\"https:\/\/mouldking.store\/wp-content\/uploads\/2022\/12\/Kings-Mountain-Castle-from-7946-MOC-102994-5-1024x1024.jpg\" alt=\"MOC-102994 King\u2019s Mountain Castle from 7946 With 1000PCS\" width=\"1024\" height=\"1024\" title=\"-\" srcset=\"https:\/\/mouldking.store\/wp-content\/uploads\/2022\/12\/Kings-Mountain-Castle-from-7946-MOC-102994-5-1024x1024.jpg 1024w, https:\/\/mouldking.store\/wp-content\/uploads\/2022\/12\/Kings-Mountain-Castle-from-7946-MOC-102994-5-300x300.jpg 300w, https:\/\/mouldking.store\/wp-content\/uploads\/2022\/12\/Kings-Mountain-Castle-from-7946-MOC-102994-5-768x768.jpg 768w, https:\/\/mouldking.store\/wp-content\/uploads\/2022\/12\/Kings-Mountain-Castle-from-7946-MOC-102994-5-600x600.jpg 600w, https:\/\/mouldking.store\/wp-content\/uploads\/2022\/12\/Kings-Mountain-Castle-from-7946-MOC-102994-5-150x150.jpg 150w, https:\/\/mouldking.store\/wp-content\/uploads\/2022\/12\/Kings-Mountain-Castle-from-7946-MOC-102994-5-60x60.jpg 60w, https:\/\/mouldking.store\/wp-content\/uploads\/2022\/12\/Kings-Mountain-Castle-from-7946-MOC-102994-5-90x90.jpg 90w, https:\/\/mouldking.store\/wp-content\/uploads\/2022\/12\/Kings-Mountain-Castle-from-7946-MOC-102994-5.jpg 1100w\" sizes=\"(max-width: 1024px) 100vw, 1024px\" \/><figcaption id=\"caption-attachment-38190\" class=\"wp-caption-text\">MOC-102994 King&#039;s Mountain Castle aus 7946 mit 1000 STK<\/figcaption><\/figure>\n<figure id=\"attachment_38191\" aria-describedby=\"caption-attachment-38191\" style=\"width: 1024px\" class=\"wp-caption aligncenter\"><img loading=\"lazy\" decoding=\"async\" class=\"wp-image-38191 size-large\" src=\"https:\/\/mouldking.store\/wp-content\/uploads\/2022\/12\/Kings-Mountain-Castle-from-7946-MOC-102994-4-1024x1024.jpg\" alt=\"MOC-102994 King\u2019s Mountain Castle from 7946 With 1000PCS\" width=\"1024\" height=\"1024\" title=\"-\" srcset=\"https:\/\/mouldking.store\/wp-content\/uploads\/2022\/12\/Kings-Mountain-Castle-from-7946-MOC-102994-4-1024x1024.jpg 1024w, https:\/\/mouldking.store\/wp-content\/uploads\/2022\/12\/Kings-Mountain-Castle-from-7946-MOC-102994-4-300x300.jpg 300w, https:\/\/mouldking.store\/wp-content\/uploads\/2022\/12\/Kings-Mountain-Castle-from-7946-MOC-102994-4-768x768.jpg 768w, https:\/\/mouldking.store\/wp-content\/uploads\/2022\/12\/Kings-Mountain-Castle-from-7946-MOC-102994-4-600x600.jpg 600w, https:\/\/mouldking.store\/wp-content\/uploads\/2022\/12\/Kings-Mountain-Castle-from-7946-MOC-102994-4-150x150.jpg 150w, https:\/\/mouldking.store\/wp-content\/uploads\/2022\/12\/Kings-Mountain-Castle-from-7946-MOC-102994-4-60x60.jpg 60w, https:\/\/mouldking.store\/wp-content\/uploads\/2022\/12\/Kings-Mountain-Castle-from-7946-MOC-102994-4-90x90.jpg 90w, https:\/\/mouldking.store\/wp-content\/uploads\/2022\/12\/Kings-Mountain-Castle-from-7946-MOC-102994-4.jpg 1100w\" sizes=\"(max-width: 1024px) 100vw, 1024px\" \/><figcaption id=\"caption-attachment-38191\" class=\"wp-caption-text\">MOC-102994 King&#039;s Mountain Castle aus 7946 mit 1000 STK<\/figcaption><\/figure>","protected":false},"excerpt":{"rendered":"<p>PDF-Bauanleitung<\/p>\n<p>Ohne Originalverpackung<\/p>\n<p>Zeiteinteilung: 4-8 Wochen<\/p>","protected":false},"author":1145,"featured_media":38185,"comment_status":"closed","ping_status":"closed","template":"","meta":{"_acf_changed":false},"product_cat":[1365,1395],"product_tag":[787,9603,9601,9604,9605,430,9600,9606,9599,9602],"class_list":["product","first","instock","shipping-taxable","purchasable","product-type-simple"],"acf":[],"_links":{"self":[{"href":"https:\/\/mouldking.store\/de\/wp-json\/wp\/v2\/product\/38184","targetHints":{"allow":["GET"]}}],"collection":[{"href":"https:\/\/mouldking.store\/de\/wp-json\/wp\/v2\/product"}],"about":[{"href":"https:\/\/mouldking.store\/de\/wp-json\/wp\/v2\/types\/product"}],"author":[{"embeddable":true,"href":"https:\/\/mouldking.store\/de\/wp-json\/wp\/v2\/users\/1145"}],"replies":[{"embeddable":true,"href":"https:\/\/mouldking.store\/de\/wp-json\/wp\/v2\/comments?post=38184"}],"wp:featuredmedia":[{"embeddable":true,"href":"https:\/\/mouldking.store\/de\/wp-json\/wp\/v2\/media\/38185"}],"wp:attachment":[{"href":"https:\/\/mouldking.store\/de\/wp-json\/wp\/v2\/media?parent=38184"}],"wp:term":[{"taxonomy":"product_cat","embeddable":true,"href":"https:\/\/mouldking.store\/de\/wp-json\/wp\/v2\/product_cat?post=38184"},{"taxonomy":"product_tag","embeddable":true,"href":"https:\/\/mouldking.store\/de\/wp-json\/wp\/v2\/product_tag?post=38184"}],"curies":[{"name":"wp","href":"https:\/\/api.w.org\/{rel}","templated":true}]}}