{"id":38198,"date":"2022-12-21T11:04:57","date_gmt":"2022-12-21T04:04:57","guid":{"rendered":"https:\/\/mouldking.store\/?post_type=product&#038;p=38198"},"modified":"2025-12-25T09:12:05","modified_gmt":"2025-12-25T02:12:05","slug":"moc-115655-black-falcons-tower-31120-1-alt-build-with-944pcs","status":"publish","type":"product","link":"https:\/\/mouldking.store\/de\/shop\/moc-115655-black-falcons-tower-31120-1-alt-build-with-944pcs\/","title":{"rendered":"MOC-115655 Turm des Schwarzen Falken 31120-1 Alt. Bauen Sie mit 944PCS"},"content":{"rendered":"<ol>\n<li>Marke: MOC<\/li>\n<li>Geschlecht: Unisex<\/li>\n<li>Name: Black Falcon\u2019s Tower 31120-1 Alt. Build<\/li>\n<li>Altersspanne: &gt; 6 Jahre alt<\/li>\n<li>Model Number: 115655<\/li>\n<li>Einstufung: Assemblage<\/li>\n<li>Kunststoffblockform: Selbstsichernde Steine<\/li>\n<li>Material: Kunststoff<\/li>\n<li>Kunststofftyp: ABS<\/li>\n<li>Bricks Blocks: 944PCS<\/li>\n<li>Gewicht: 1500 g<\/li>\n<li>Enth\u00e4lt eine ausf\u00fchrliche Montageanleitung.<\/li>\n<\/ol>\n<p>Notiz:<br \/>\n1. Ohne Originalverpackung, aber wir garantieren, dass unsere Produkte eine Qualit\u00e4tssicherung und eine sch\u00f6ne Verpackung haben.<br \/>\n2. Wie alle Teile, die wir vor dem Versand \u00fcberpr\u00fcft haben, machen Sie sich keine Sorgen, wenn Sie feststellen, dass einige Teile fehlen oder besch\u00e4digt sind, und kontaktieren Sie uns einfach, und wir k\u00f6nnen sie Ihnen umgehend kostenlos erneut zusenden.<\/p>\n<figure id=\"attachment_38200\" aria-describedby=\"caption-attachment-38200\" style=\"width: 1024px\" class=\"wp-caption aligncenter\"><img fetchpriority=\"high\" decoding=\"async\" class=\"wp-image-38200 size-large\" src=\"https:\/\/mouldking.store\/wp-content\/uploads\/2022\/12\/MOC-115655-Black-Falcons-Tower-1024x1024.png\" alt=\"MOC-115655 Black Falcon\u2019s Tower 31120-1 Alt. Build With 944PCS\" width=\"1024\" height=\"1024\" title=\"-\" srcset=\"https:\/\/mouldking.store\/wp-content\/uploads\/2022\/12\/MOC-115655-Black-Falcons-Tower-1024x1024.png 1024w, https:\/\/mouldking.store\/wp-content\/uploads\/2022\/12\/MOC-115655-Black-Falcons-Tower-300x300.png 300w, https:\/\/mouldking.store\/wp-content\/uploads\/2022\/12\/MOC-115655-Black-Falcons-Tower-768x768.png 768w, https:\/\/mouldking.store\/wp-content\/uploads\/2022\/12\/MOC-115655-Black-Falcons-Tower-600x600.png 600w, https:\/\/mouldking.store\/wp-content\/uploads\/2022\/12\/MOC-115655-Black-Falcons-Tower-150x150.png 150w, https:\/\/mouldking.store\/wp-content\/uploads\/2022\/12\/MOC-115655-Black-Falcons-Tower-60x60.png 60w, https:\/\/mouldking.store\/wp-content\/uploads\/2022\/12\/MOC-115655-Black-Falcons-Tower-90x90.png 90w, https:\/\/mouldking.store\/wp-content\/uploads\/2022\/12\/MOC-115655-Black-Falcons-Tower.png 1095w\" sizes=\"(max-width: 1024px) 100vw, 1024px\" \/><figcaption id=\"caption-attachment-38200\" class=\"wp-caption-text\">MOC-115655 Turm des Schwarzen Falken 31120-1 Alt. Bauen Sie mit 944PCS<\/figcaption><\/figure>\n<figure id=\"attachment_38201\" aria-describedby=\"caption-attachment-38201\" style=\"width: 1024px\" class=\"wp-caption aligncenter\"><img decoding=\"async\" class=\"wp-image-38201 size-large\" src=\"https:\/\/mouldking.store\/wp-content\/uploads\/2022\/12\/Black-Falcons-Tower-31120-1-Alt.-Build-MOC-115655-3-1024x1024.jpg\" alt=\"MOC-115655 Black Falcon\u2019s Tower 31120-1 Alt. Build With 944PCS\" width=\"1024\" height=\"1024\" title=\"-\" srcset=\"https:\/\/mouldking.store\/wp-content\/uploads\/2022\/12\/Black-Falcons-Tower-31120-1-Alt.-Build-MOC-115655-3-1024x1024.jpg 1024w, https:\/\/mouldking.store\/wp-content\/uploads\/2022\/12\/Black-Falcons-Tower-31120-1-Alt.-Build-MOC-115655-3-300x300.jpg 300w, https:\/\/mouldking.store\/wp-content\/uploads\/2022\/12\/Black-Falcons-Tower-31120-1-Alt.-Build-MOC-115655-3-768x768.jpg 768w, https:\/\/mouldking.store\/wp-content\/uploads\/2022\/12\/Black-Falcons-Tower-31120-1-Alt.-Build-MOC-115655-3-600x600.jpg 600w, https:\/\/mouldking.store\/wp-content\/uploads\/2022\/12\/Black-Falcons-Tower-31120-1-Alt.-Build-MOC-115655-3-150x150.jpg 150w, https:\/\/mouldking.store\/wp-content\/uploads\/2022\/12\/Black-Falcons-Tower-31120-1-Alt.-Build-MOC-115655-3-60x60.jpg 60w, https:\/\/mouldking.store\/wp-content\/uploads\/2022\/12\/Black-Falcons-Tower-31120-1-Alt.-Build-MOC-115655-3-90x90.jpg 90w, https:\/\/mouldking.store\/wp-content\/uploads\/2022\/12\/Black-Falcons-Tower-31120-1-Alt.-Build-MOC-115655-3.jpg 1100w\" sizes=\"(max-width: 1024px) 100vw, 1024px\" \/><figcaption id=\"caption-attachment-38201\" class=\"wp-caption-text\">MOC-115655 Turm des Schwarzen Falken 31120-1 Alt. Bauen Sie mit 944PCS<\/figcaption><\/figure>\n<figure id=\"attachment_38202\" aria-describedby=\"caption-attachment-38202\" style=\"width: 1024px\" class=\"wp-caption aligncenter\"><img decoding=\"async\" class=\"wp-image-38202 size-large\" src=\"https:\/\/mouldking.store\/wp-content\/uploads\/2022\/12\/Black-Falcons-Tower-31120-1-Alt.-Build-MOC-115655-2-1024x1024.jpg\" alt=\"MOC-115655 Black Falcon\u2019s Tower 31120-1 Alt. Build With 944PCS\" width=\"1024\" height=\"1024\" title=\"-\" srcset=\"https:\/\/mouldking.store\/wp-content\/uploads\/2022\/12\/Black-Falcons-Tower-31120-1-Alt.-Build-MOC-115655-2-1024x1024.jpg 1024w, https:\/\/mouldking.store\/wp-content\/uploads\/2022\/12\/Black-Falcons-Tower-31120-1-Alt.-Build-MOC-115655-2-300x300.jpg 300w, https:\/\/mouldking.store\/wp-content\/uploads\/2022\/12\/Black-Falcons-Tower-31120-1-Alt.-Build-MOC-115655-2-768x768.jpg 768w, https:\/\/mouldking.store\/wp-content\/uploads\/2022\/12\/Black-Falcons-Tower-31120-1-Alt.-Build-MOC-115655-2-600x600.jpg 600w, https:\/\/mouldking.store\/wp-content\/uploads\/2022\/12\/Black-Falcons-Tower-31120-1-Alt.-Build-MOC-115655-2-150x150.jpg 150w, https:\/\/mouldking.store\/wp-content\/uploads\/2022\/12\/Black-Falcons-Tower-31120-1-Alt.-Build-MOC-115655-2-60x60.jpg 60w, https:\/\/mouldking.store\/wp-content\/uploads\/2022\/12\/Black-Falcons-Tower-31120-1-Alt.-Build-MOC-115655-2-90x90.jpg 90w, https:\/\/mouldking.store\/wp-content\/uploads\/2022\/12\/Black-Falcons-Tower-31120-1-Alt.-Build-MOC-115655-2.jpg 1100w\" sizes=\"(max-width: 1024px) 100vw, 1024px\" \/><figcaption id=\"caption-attachment-38202\" class=\"wp-caption-text\">MOC-115655 Turm des Schwarzen Falken 31120-1 Alt. Bauen Sie mit 944PCS<\/figcaption><\/figure>\n<figure id=\"attachment_38203\" aria-describedby=\"caption-attachment-38203\" style=\"width: 1024px\" class=\"wp-caption aligncenter\"><img loading=\"lazy\" decoding=\"async\" class=\"wp-image-38203 size-large\" src=\"https:\/\/mouldking.store\/wp-content\/uploads\/2022\/12\/Black-Falcons-Tower-31120-1-Alt.-Build-MOC-115655-1-1024x1024.jpg\" alt=\"MOC-115655 Black Falcon\u2019s Tower 31120-1 Alt. Build With 944PCS\" width=\"1024\" height=\"1024\" title=\"-\" srcset=\"https:\/\/mouldking.store\/wp-content\/uploads\/2022\/12\/Black-Falcons-Tower-31120-1-Alt.-Build-MOC-115655-1-1024x1024.jpg 1024w, https:\/\/mouldking.store\/wp-content\/uploads\/2022\/12\/Black-Falcons-Tower-31120-1-Alt.-Build-MOC-115655-1-300x300.jpg 300w, https:\/\/mouldking.store\/wp-content\/uploads\/2022\/12\/Black-Falcons-Tower-31120-1-Alt.-Build-MOC-115655-1-768x768.jpg 768w, https:\/\/mouldking.store\/wp-content\/uploads\/2022\/12\/Black-Falcons-Tower-31120-1-Alt.-Build-MOC-115655-1-600x600.jpg 600w, https:\/\/mouldking.store\/wp-content\/uploads\/2022\/12\/Black-Falcons-Tower-31120-1-Alt.-Build-MOC-115655-1-150x150.jpg 150w, https:\/\/mouldking.store\/wp-content\/uploads\/2022\/12\/Black-Falcons-Tower-31120-1-Alt.-Build-MOC-115655-1-60x60.jpg 60w, https:\/\/mouldking.store\/wp-content\/uploads\/2022\/12\/Black-Falcons-Tower-31120-1-Alt.-Build-MOC-115655-1-90x90.jpg 90w, https:\/\/mouldking.store\/wp-content\/uploads\/2022\/12\/Black-Falcons-Tower-31120-1-Alt.-Build-MOC-115655-1.jpg 1100w\" sizes=\"(max-width: 1024px) 100vw, 1024px\" \/><figcaption id=\"caption-attachment-38203\" class=\"wp-caption-text\">MOC-115655 Turm des Schwarzen Falken 31120-1 Alt. Bauen Sie mit 944PCS<\/figcaption><\/figure>\n<figure id=\"attachment_38204\" aria-describedby=\"caption-attachment-38204\" style=\"width: 1024px\" class=\"wp-caption aligncenter\"><img loading=\"lazy\" decoding=\"async\" class=\"wp-image-38204 size-large\" src=\"https:\/\/mouldking.store\/wp-content\/uploads\/2022\/12\/Black-Falcons-Tower-31120-1-Alt.-Build-MOC-115655-4-1024x1024.jpg\" alt=\"MOC-115655 Black Falcon\u2019s Tower 31120-1 Alt. Build With 944PCS\" width=\"1024\" height=\"1024\" title=\"-\" srcset=\"https:\/\/mouldking.store\/wp-content\/uploads\/2022\/12\/Black-Falcons-Tower-31120-1-Alt.-Build-MOC-115655-4-1024x1024.jpg 1024w, https:\/\/mouldking.store\/wp-content\/uploads\/2022\/12\/Black-Falcons-Tower-31120-1-Alt.-Build-MOC-115655-4-300x300.jpg 300w, https:\/\/mouldking.store\/wp-content\/uploads\/2022\/12\/Black-Falcons-Tower-31120-1-Alt.-Build-MOC-115655-4-768x768.jpg 768w, https:\/\/mouldking.store\/wp-content\/uploads\/2022\/12\/Black-Falcons-Tower-31120-1-Alt.-Build-MOC-115655-4-600x600.jpg 600w, https:\/\/mouldking.store\/wp-content\/uploads\/2022\/12\/Black-Falcons-Tower-31120-1-Alt.-Build-MOC-115655-4-150x150.jpg 150w, https:\/\/mouldking.store\/wp-content\/uploads\/2022\/12\/Black-Falcons-Tower-31120-1-Alt.-Build-MOC-115655-4-60x60.jpg 60w, https:\/\/mouldking.store\/wp-content\/uploads\/2022\/12\/Black-Falcons-Tower-31120-1-Alt.-Build-MOC-115655-4-90x90.jpg 90w, https:\/\/mouldking.store\/wp-content\/uploads\/2022\/12\/Black-Falcons-Tower-31120-1-Alt.-Build-MOC-115655-4.jpg 1100w\" sizes=\"(max-width: 1024px) 100vw, 1024px\" \/><figcaption id=\"caption-attachment-38204\" class=\"wp-caption-text\">MOC-115655 Turm des Schwarzen Falken 31120-1 Alt. Bauen Sie mit 944PCS<\/figcaption><\/figure>","protected":false},"excerpt":{"rendered":"<p>PDF-Bauanleitung<\/p>\n<p>Ohne Originalverpackung<\/p>\n<p>Zeiteinteilung: 4-8 Wochen<\/p>","protected":false},"featured_media":38200,"comment_status":"closed","ping_status":"closed","template":"","meta":{"_acf_changed":false},"product_cat":[1365,1395,1406],"product_tag":[9616,9620,9617,9619,9621,9618,8583,430,9615,9622,9614,2302],"class_list":["product","first","instock","shipping-taxable","purchasable","product-type-simple"],"acf":[],"_links":{"self":[{"href":"https:\/\/mouldking.store\/de\/wp-json\/wp\/v2\/product\/38198","targetHints":{"allow":["GET"]}}],"collection":[{"href":"https:\/\/mouldking.store\/de\/wp-json\/wp\/v2\/product"}],"about":[{"href":"https:\/\/mouldking.store\/de\/wp-json\/wp\/v2\/types\/product"}],"replies":[{"embeddable":true,"href":"https:\/\/mouldking.store\/de\/wp-json\/wp\/v2\/comments?post=38198"}],"wp:featuredmedia":[{"embeddable":true,"href":"https:\/\/mouldking.store\/de\/wp-json\/wp\/v2\/media\/38200"}],"wp:attachment":[{"href":"https:\/\/mouldking.store\/de\/wp-json\/wp\/v2\/media?parent=38198"}],"wp:term":[{"taxonomy":"product_cat","embeddable":true,"href":"https:\/\/mouldking.store\/de\/wp-json\/wp\/v2\/product_cat?post=38198"},{"taxonomy":"product_tag","embeddable":true,"href":"https:\/\/mouldking.store\/de\/wp-json\/wp\/v2\/product_tag?post=38198"}],"curies":[{"name":"wp","href":"https:\/\/api.w.org\/{rel}","templated":true}]}}