{"id":38212,"date":"2022-12-21T11:17:04","date_gmt":"2022-12-21T04:17:04","guid":{"rendered":"https:\/\/mouldking.store\/?post_type=product&#038;p=38212"},"modified":"2025-12-25T09:12:05","modified_gmt":"2025-12-25T02:12:05","slug":"moc-117866-islands-of-barracuda-bay-21322-alt-build-with-736pcs","status":"publish","type":"product","link":"https:\/\/mouldking.store\/de\/shop\/moc-117866-islands-of-barracuda-bay-21322-alt-build-with-736pcs\/","title":{"rendered":"MOC-117866 Insel(en) der Barracuda Bay 21322 Alt. Bauen Sie mit 736PCS"},"content":{"rendered":"<ol>\n<li>Marke: MOC<\/li>\n<li>Geschlecht: Unisex<\/li>\n<li>Name: Island(s) of Barracuda Bay 21322 Alt. Build<\/li>\n<li>Altersspanne: &gt; 6 Jahre alt<\/li>\n<li>Model Number: 117866<\/li>\n<li>Einstufung: Assemblage<\/li>\n<li>Kunststoffblockform: Selbstsichernde Steine<\/li>\n<li>Material: Kunststoff<\/li>\n<li>Kunststofftyp: ABS<\/li>\n<li>Bricks Blocks:736PCS<\/li>\n<li>Weight:1200g<\/li>\n<li>Enth\u00e4lt eine ausf\u00fchrliche Montageanleitung.<\/li>\n<\/ol>\n<p>Notiz:<br \/>\n1. Ohne Originalverpackung, aber wir garantieren, dass unsere Produkte eine Qualit\u00e4tssicherung und eine sch\u00f6ne Verpackung haben.<br \/>\n2. Wie alle Teile, die wir vor dem Versand \u00fcberpr\u00fcft haben, machen Sie sich keine Sorgen, wenn Sie feststellen, dass einige Teile fehlen oder besch\u00e4digt sind, und kontaktieren Sie uns einfach, und wir k\u00f6nnen sie Ihnen umgehend kostenlos erneut zusenden.<\/p>\n<figure id=\"attachment_38217\" aria-describedby=\"caption-attachment-38217\" style=\"width: 1024px\" class=\"wp-caption aligncenter\"><img fetchpriority=\"high\" decoding=\"async\" class=\"wp-image-38217 size-large\" src=\"https:\/\/mouldking.store\/wp-content\/uploads\/2022\/12\/MOC-117866-Islands-of-Barracuda-Bay-1024x1024.png\" alt=\"MOC-117866 Island(s) of Barracuda Bay 21322 Alt. Build With 736PCS\" width=\"1024\" height=\"1024\" title=\"-\" srcset=\"https:\/\/mouldking.store\/wp-content\/uploads\/2022\/12\/MOC-117866-Islands-of-Barracuda-Bay-1024x1024.png 1024w, https:\/\/mouldking.store\/wp-content\/uploads\/2022\/12\/MOC-117866-Islands-of-Barracuda-Bay-300x300.png 300w, https:\/\/mouldking.store\/wp-content\/uploads\/2022\/12\/MOC-117866-Islands-of-Barracuda-Bay-768x768.png 768w, https:\/\/mouldking.store\/wp-content\/uploads\/2022\/12\/MOC-117866-Islands-of-Barracuda-Bay-600x600.png 600w, https:\/\/mouldking.store\/wp-content\/uploads\/2022\/12\/MOC-117866-Islands-of-Barracuda-Bay-150x150.png 150w, https:\/\/mouldking.store\/wp-content\/uploads\/2022\/12\/MOC-117866-Islands-of-Barracuda-Bay-60x60.png 60w, https:\/\/mouldking.store\/wp-content\/uploads\/2022\/12\/MOC-117866-Islands-of-Barracuda-Bay-90x90.png 90w, https:\/\/mouldking.store\/wp-content\/uploads\/2022\/12\/MOC-117866-Islands-of-Barracuda-Bay.png 1095w\" sizes=\"(max-width: 1024px) 100vw, 1024px\" \/><figcaption id=\"caption-attachment-38217\" class=\"wp-caption-text\">MOC-117866 Insel(en) der Barracuda Bay 21322 Alt. Bauen Sie mit 736PCS<\/figcaption><\/figure>\n<figure id=\"attachment_38218\" aria-describedby=\"caption-attachment-38218\" style=\"width: 1024px\" class=\"wp-caption aligncenter\"><img decoding=\"async\" class=\"wp-image-38218 size-large\" src=\"https:\/\/mouldking.store\/wp-content\/uploads\/2022\/12\/Islands-of-Barracuda-Bay-21322-Alt.-Build-MOC-117866-1-1024x1024.jpg\" alt=\"MOC-117866 Island(s) of Barracuda Bay 21322 Alt. Build With 736PCS\" width=\"1024\" height=\"1024\" title=\"-\" srcset=\"https:\/\/mouldking.store\/wp-content\/uploads\/2022\/12\/Islands-of-Barracuda-Bay-21322-Alt.-Build-MOC-117866-1-1024x1024.jpg 1024w, https:\/\/mouldking.store\/wp-content\/uploads\/2022\/12\/Islands-of-Barracuda-Bay-21322-Alt.-Build-MOC-117866-1-300x300.jpg 300w, https:\/\/mouldking.store\/wp-content\/uploads\/2022\/12\/Islands-of-Barracuda-Bay-21322-Alt.-Build-MOC-117866-1-768x768.jpg 768w, https:\/\/mouldking.store\/wp-content\/uploads\/2022\/12\/Islands-of-Barracuda-Bay-21322-Alt.-Build-MOC-117866-1-600x600.jpg 600w, https:\/\/mouldking.store\/wp-content\/uploads\/2022\/12\/Islands-of-Barracuda-Bay-21322-Alt.-Build-MOC-117866-1-150x150.jpg 150w, https:\/\/mouldking.store\/wp-content\/uploads\/2022\/12\/Islands-of-Barracuda-Bay-21322-Alt.-Build-MOC-117866-1-60x60.jpg 60w, https:\/\/mouldking.store\/wp-content\/uploads\/2022\/12\/Islands-of-Barracuda-Bay-21322-Alt.-Build-MOC-117866-1-90x90.jpg 90w, https:\/\/mouldking.store\/wp-content\/uploads\/2022\/12\/Islands-of-Barracuda-Bay-21322-Alt.-Build-MOC-117866-1.jpg 1100w\" sizes=\"(max-width: 1024px) 100vw, 1024px\" \/><figcaption id=\"caption-attachment-38218\" class=\"wp-caption-text\">MOC-117866 Insel(en) der Barracuda Bay 21322 Alt. Bauen Sie mit 736PCS<\/figcaption><\/figure>\n<figure id=\"attachment_38219\" aria-describedby=\"caption-attachment-38219\" style=\"width: 1024px\" class=\"wp-caption aligncenter\"><img decoding=\"async\" class=\"wp-image-38219 size-large\" src=\"https:\/\/mouldking.store\/wp-content\/uploads\/2022\/12\/Islands-of-Barracuda-Bay-21322-Alt.-Build-MOC-117866-2-1024x1024.jpg\" alt=\"MOC-117866 Island(s) of Barracuda Bay 21322 Alt. Build With 736PCS\" width=\"1024\" height=\"1024\" title=\"-\" srcset=\"https:\/\/mouldking.store\/wp-content\/uploads\/2022\/12\/Islands-of-Barracuda-Bay-21322-Alt.-Build-MOC-117866-2-1024x1024.jpg 1024w, https:\/\/mouldking.store\/wp-content\/uploads\/2022\/12\/Islands-of-Barracuda-Bay-21322-Alt.-Build-MOC-117866-2-300x300.jpg 300w, https:\/\/mouldking.store\/wp-content\/uploads\/2022\/12\/Islands-of-Barracuda-Bay-21322-Alt.-Build-MOC-117866-2-768x768.jpg 768w, https:\/\/mouldking.store\/wp-content\/uploads\/2022\/12\/Islands-of-Barracuda-Bay-21322-Alt.-Build-MOC-117866-2-600x600.jpg 600w, https:\/\/mouldking.store\/wp-content\/uploads\/2022\/12\/Islands-of-Barracuda-Bay-21322-Alt.-Build-MOC-117866-2-150x150.jpg 150w, https:\/\/mouldking.store\/wp-content\/uploads\/2022\/12\/Islands-of-Barracuda-Bay-21322-Alt.-Build-MOC-117866-2-60x60.jpg 60w, https:\/\/mouldking.store\/wp-content\/uploads\/2022\/12\/Islands-of-Barracuda-Bay-21322-Alt.-Build-MOC-117866-2-90x90.jpg 90w, https:\/\/mouldking.store\/wp-content\/uploads\/2022\/12\/Islands-of-Barracuda-Bay-21322-Alt.-Build-MOC-117866-2.jpg 1100w\" sizes=\"(max-width: 1024px) 100vw, 1024px\" \/><figcaption id=\"caption-attachment-38219\" class=\"wp-caption-text\">MOC-117866 Insel(en) der Barracuda Bay 21322 Alt. Bauen Sie mit 736PCS<\/figcaption><\/figure>\n<figure id=\"attachment_38220\" aria-describedby=\"caption-attachment-38220\" style=\"width: 1024px\" class=\"wp-caption aligncenter\"><img loading=\"lazy\" decoding=\"async\" class=\"wp-image-38220 size-large\" src=\"https:\/\/mouldking.store\/wp-content\/uploads\/2022\/12\/Islands-of-Barracuda-Bay-21322-Alt.-Build-MOC-117866-3-1024x1024.jpg\" alt=\"MOC-117866 Island(s) of Barracuda Bay 21322 Alt. Build With 736PCS\" width=\"1024\" height=\"1024\" title=\"-\" srcset=\"https:\/\/mouldking.store\/wp-content\/uploads\/2022\/12\/Islands-of-Barracuda-Bay-21322-Alt.-Build-MOC-117866-3-1024x1024.jpg 1024w, https:\/\/mouldking.store\/wp-content\/uploads\/2022\/12\/Islands-of-Barracuda-Bay-21322-Alt.-Build-MOC-117866-3-300x300.jpg 300w, https:\/\/mouldking.store\/wp-content\/uploads\/2022\/12\/Islands-of-Barracuda-Bay-21322-Alt.-Build-MOC-117866-3-768x768.jpg 768w, https:\/\/mouldking.store\/wp-content\/uploads\/2022\/12\/Islands-of-Barracuda-Bay-21322-Alt.-Build-MOC-117866-3-600x600.jpg 600w, https:\/\/mouldking.store\/wp-content\/uploads\/2022\/12\/Islands-of-Barracuda-Bay-21322-Alt.-Build-MOC-117866-3-150x150.jpg 150w, https:\/\/mouldking.store\/wp-content\/uploads\/2022\/12\/Islands-of-Barracuda-Bay-21322-Alt.-Build-MOC-117866-3-60x60.jpg 60w, https:\/\/mouldking.store\/wp-content\/uploads\/2022\/12\/Islands-of-Barracuda-Bay-21322-Alt.-Build-MOC-117866-3-90x90.jpg 90w, https:\/\/mouldking.store\/wp-content\/uploads\/2022\/12\/Islands-of-Barracuda-Bay-21322-Alt.-Build-MOC-117866-3.jpg 1100w\" sizes=\"(max-width: 1024px) 100vw, 1024px\" \/><figcaption id=\"caption-attachment-38220\" class=\"wp-caption-text\">MOC-117866 Insel(en) der Barracuda Bay 21322 Alt. Bauen Sie mit 736PCS<\/figcaption><\/figure>\n<figure id=\"attachment_38221\" aria-describedby=\"caption-attachment-38221\" style=\"width: 1024px\" class=\"wp-caption aligncenter\"><img loading=\"lazy\" decoding=\"async\" class=\"wp-image-38221 size-large\" src=\"https:\/\/mouldking.store\/wp-content\/uploads\/2022\/12\/Islands-of-Barracuda-Bay-21322-Alt.-Build-MOC-117866-6-1024x1024.jpg\" alt=\"MOC-117866 Island(s) of Barracuda Bay 21322 Alt. Build With 736PCS\" width=\"1024\" height=\"1024\" title=\"-\" srcset=\"https:\/\/mouldking.store\/wp-content\/uploads\/2022\/12\/Islands-of-Barracuda-Bay-21322-Alt.-Build-MOC-117866-6-1024x1024.jpg 1024w, https:\/\/mouldking.store\/wp-content\/uploads\/2022\/12\/Islands-of-Barracuda-Bay-21322-Alt.-Build-MOC-117866-6-300x300.jpg 300w, https:\/\/mouldking.store\/wp-content\/uploads\/2022\/12\/Islands-of-Barracuda-Bay-21322-Alt.-Build-MOC-117866-6-768x768.jpg 768w, https:\/\/mouldking.store\/wp-content\/uploads\/2022\/12\/Islands-of-Barracuda-Bay-21322-Alt.-Build-MOC-117866-6-600x600.jpg 600w, https:\/\/mouldking.store\/wp-content\/uploads\/2022\/12\/Islands-of-Barracuda-Bay-21322-Alt.-Build-MOC-117866-6-150x150.jpg 150w, https:\/\/mouldking.store\/wp-content\/uploads\/2022\/12\/Islands-of-Barracuda-Bay-21322-Alt.-Build-MOC-117866-6-60x60.jpg 60w, https:\/\/mouldking.store\/wp-content\/uploads\/2022\/12\/Islands-of-Barracuda-Bay-21322-Alt.-Build-MOC-117866-6-90x90.jpg 90w, https:\/\/mouldking.store\/wp-content\/uploads\/2022\/12\/Islands-of-Barracuda-Bay-21322-Alt.-Build-MOC-117866-6.jpg 1100w\" sizes=\"(max-width: 1024px) 100vw, 1024px\" \/><figcaption id=\"caption-attachment-38221\" class=\"wp-caption-text\">MOC-117866 Insel(en) der Barracuda Bay 21322 Alt. Bauen Sie mit 736PCS<\/figcaption><\/figure>\n<figure id=\"attachment_38222\" aria-describedby=\"caption-attachment-38222\" style=\"width: 1024px\" class=\"wp-caption aligncenter\"><img loading=\"lazy\" decoding=\"async\" class=\"wp-image-38222 size-large\" src=\"https:\/\/mouldking.store\/wp-content\/uploads\/2022\/12\/Islands-of-Barracuda-Bay-21322-Alt.-Build-MOC-117866-5-1024x1024.jpg\" alt=\"MOC-117866 Island(s) of Barracuda Bay 21322 Alt. Build With 736PCS\" width=\"1024\" height=\"1024\" title=\"-\" srcset=\"https:\/\/mouldking.store\/wp-content\/uploads\/2022\/12\/Islands-of-Barracuda-Bay-21322-Alt.-Build-MOC-117866-5-1024x1024.jpg 1024w, https:\/\/mouldking.store\/wp-content\/uploads\/2022\/12\/Islands-of-Barracuda-Bay-21322-Alt.-Build-MOC-117866-5-300x300.jpg 300w, https:\/\/mouldking.store\/wp-content\/uploads\/2022\/12\/Islands-of-Barracuda-Bay-21322-Alt.-Build-MOC-117866-5-768x768.jpg 768w, https:\/\/mouldking.store\/wp-content\/uploads\/2022\/12\/Islands-of-Barracuda-Bay-21322-Alt.-Build-MOC-117866-5-600x600.jpg 600w, https:\/\/mouldking.store\/wp-content\/uploads\/2022\/12\/Islands-of-Barracuda-Bay-21322-Alt.-Build-MOC-117866-5-150x150.jpg 150w, https:\/\/mouldking.store\/wp-content\/uploads\/2022\/12\/Islands-of-Barracuda-Bay-21322-Alt.-Build-MOC-117866-5-60x60.jpg 60w, https:\/\/mouldking.store\/wp-content\/uploads\/2022\/12\/Islands-of-Barracuda-Bay-21322-Alt.-Build-MOC-117866-5-90x90.jpg 90w, https:\/\/mouldking.store\/wp-content\/uploads\/2022\/12\/Islands-of-Barracuda-Bay-21322-Alt.-Build-MOC-117866-5.jpg 1100w\" sizes=\"(max-width: 1024px) 100vw, 1024px\" \/><figcaption id=\"caption-attachment-38222\" class=\"wp-caption-text\">MOC-117866 Insel(en) der Barracuda Bay 21322 Alt. Bauen Sie mit 736PCS<\/figcaption><\/figure>\n<figure id=\"attachment_38223\" aria-describedby=\"caption-attachment-38223\" style=\"width: 1024px\" class=\"wp-caption aligncenter\"><img loading=\"lazy\" decoding=\"async\" class=\"wp-image-38223 size-large\" src=\"https:\/\/mouldking.store\/wp-content\/uploads\/2022\/12\/Islands-of-Barracuda-Bay-21322-Alt.-Build-MOC-117866-4-1024x1024.jpg\" alt=\"MOC-117866 Island(s) of Barracuda Bay 21322 Alt. Build With 736PCS\" width=\"1024\" height=\"1024\" title=\"-\" srcset=\"https:\/\/mouldking.store\/wp-content\/uploads\/2022\/12\/Islands-of-Barracuda-Bay-21322-Alt.-Build-MOC-117866-4-1024x1024.jpg 1024w, https:\/\/mouldking.store\/wp-content\/uploads\/2022\/12\/Islands-of-Barracuda-Bay-21322-Alt.-Build-MOC-117866-4-300x300.jpg 300w, https:\/\/mouldking.store\/wp-content\/uploads\/2022\/12\/Islands-of-Barracuda-Bay-21322-Alt.-Build-MOC-117866-4-768x768.jpg 768w, https:\/\/mouldking.store\/wp-content\/uploads\/2022\/12\/Islands-of-Barracuda-Bay-21322-Alt.-Build-MOC-117866-4-600x600.jpg 600w, https:\/\/mouldking.store\/wp-content\/uploads\/2022\/12\/Islands-of-Barracuda-Bay-21322-Alt.-Build-MOC-117866-4-150x150.jpg 150w, https:\/\/mouldking.store\/wp-content\/uploads\/2022\/12\/Islands-of-Barracuda-Bay-21322-Alt.-Build-MOC-117866-4-60x60.jpg 60w, https:\/\/mouldking.store\/wp-content\/uploads\/2022\/12\/Islands-of-Barracuda-Bay-21322-Alt.-Build-MOC-117866-4-90x90.jpg 90w, https:\/\/mouldking.store\/wp-content\/uploads\/2022\/12\/Islands-of-Barracuda-Bay-21322-Alt.-Build-MOC-117866-4.jpg 1100w\" sizes=\"(max-width: 1024px) 100vw, 1024px\" \/><figcaption id=\"caption-attachment-38223\" class=\"wp-caption-text\">MOC-117866 Insel(en) der Barracuda Bay 21322 Alt. Bauen Sie mit 736PCS<\/figcaption><\/figure>","protected":false},"excerpt":{"rendered":"<p>PDF-Bauanleitung<\/p>\n<p>Ohne Originalverpackung<\/p>\n<p>Zeiteinteilung: 4-8 Wochen<\/p>","protected":false},"featured_media":38217,"comment_status":"closed","ping_status":"closed","template":"","meta":{"_acf_changed":false},"product_cat":[1365,1406],"product_tag":[9642,9643,9617,9641,9644,5564,9493,9645,9646,430,9640,9647,9639],"class_list":["product","first","instock","shipping-taxable","purchasable","product-type-simple"],"acf":[],"_links":{"self":[{"href":"https:\/\/mouldking.store\/de\/wp-json\/wp\/v2\/product\/38212","targetHints":{"allow":["GET"]}}],"collection":[{"href":"https:\/\/mouldking.store\/de\/wp-json\/wp\/v2\/product"}],"about":[{"href":"https:\/\/mouldking.store\/de\/wp-json\/wp\/v2\/types\/product"}],"replies":[{"embeddable":true,"href":"https:\/\/mouldking.store\/de\/wp-json\/wp\/v2\/comments?post=38212"}],"wp:featuredmedia":[{"embeddable":true,"href":"https:\/\/mouldking.store\/de\/wp-json\/wp\/v2\/media\/38217"}],"wp:attachment":[{"href":"https:\/\/mouldking.store\/de\/wp-json\/wp\/v2\/media?parent=38212"}],"wp:term":[{"taxonomy":"product_cat","embeddable":true,"href":"https:\/\/mouldking.store\/de\/wp-json\/wp\/v2\/product_cat?post=38212"},{"taxonomy":"product_tag","embeddable":true,"href":"https:\/\/mouldking.store\/de\/wp-json\/wp\/v2\/product_tag?post=38212"}],"curies":[{"name":"wp","href":"https:\/\/api.w.org\/{rel}","templated":true}]}}