{"id":38240,"date":"2022-12-21T11:37:31","date_gmt":"2022-12-21T04:37:31","guid":{"rendered":"https:\/\/mouldking.store\/?post_type=product&#038;p=38240"},"modified":"2025-12-25T09:12:05","modified_gmt":"2025-12-25T02:12:05","slug":"moc-52315-royal-navy-hms-victory-medieval-warship-with-1905pcs","status":"publish","type":"product","link":"https:\/\/mouldking.store\/de\/shop\/moc-52315-royal-navy-hms-victory-medieval-warship-with-1905pcs\/","title":{"rendered":"MOC-52315 Royal Navy HMS Victory Mittelalterliches Kriegsschiff mit 1905PCS"},"content":{"rendered":"<ol>\n<li>Marke: MOC<\/li>\n<li>Geschlecht: Unisex<\/li>\n<li>Name: Royal Navy HMS Victory Medieval Warship<\/li>\n<li>Altersspanne: &gt; 6 Jahre alt<\/li>\n<li>Model Number: 52315<\/li>\n<li>Einstufung: Assemblage<\/li>\n<li>Kunststoffblockform: Selbstsichernde Steine<\/li>\n<li>Material: Kunststoff<\/li>\n<li>Kunststofftyp: ABS<\/li>\n<li>Bricks Blocks: 1905PCS<\/li>\n<li>Gewicht: 1400 g<\/li>\n<li>Enth\u00e4lt eine ausf\u00fchrliche Montageanleitung.<\/li>\n<\/ol>\n<p>Notiz:<br \/>\n1. Ohne Originalverpackung, aber wir garantieren, dass unsere Produkte eine Qualit\u00e4tssicherung und eine sch\u00f6ne Verpackung haben.<br \/>\n2. Wie alle Teile, die wir vor dem Versand \u00fcberpr\u00fcft haben, machen Sie sich keine Sorgen, wenn Sie feststellen, dass einige Teile fehlen oder besch\u00e4digt sind, und kontaktieren Sie uns einfach, und wir k\u00f6nnen sie Ihnen umgehend kostenlos erneut zusenden.<\/p>\n<figure id=\"attachment_38241\" aria-describedby=\"caption-attachment-38241\" style=\"width: 1024px\" class=\"wp-caption aligncenter\"><img fetchpriority=\"high\" decoding=\"async\" class=\"wp-image-38241 size-large\" src=\"https:\/\/mouldking.store\/wp-content\/uploads\/2022\/12\/MOC-52315-Royal-Navy-HMS-Victory-Medieval-Warship-1024x1024.png\" alt=\"MOC-52315 Royal Navy HMS Victory Medieval Warship With 1905PCS\" width=\"1024\" height=\"1024\" title=\"-\" srcset=\"https:\/\/mouldking.store\/wp-content\/uploads\/2022\/12\/MOC-52315-Royal-Navy-HMS-Victory-Medieval-Warship-1024x1024.png 1024w, https:\/\/mouldking.store\/wp-content\/uploads\/2022\/12\/MOC-52315-Royal-Navy-HMS-Victory-Medieval-Warship-300x300.png 300w, https:\/\/mouldking.store\/wp-content\/uploads\/2022\/12\/MOC-52315-Royal-Navy-HMS-Victory-Medieval-Warship-768x768.png 768w, https:\/\/mouldking.store\/wp-content\/uploads\/2022\/12\/MOC-52315-Royal-Navy-HMS-Victory-Medieval-Warship-600x600.png 600w, https:\/\/mouldking.store\/wp-content\/uploads\/2022\/12\/MOC-52315-Royal-Navy-HMS-Victory-Medieval-Warship-150x150.png 150w, https:\/\/mouldking.store\/wp-content\/uploads\/2022\/12\/MOC-52315-Royal-Navy-HMS-Victory-Medieval-Warship-60x60.png 60w, https:\/\/mouldking.store\/wp-content\/uploads\/2022\/12\/MOC-52315-Royal-Navy-HMS-Victory-Medieval-Warship-90x90.png 90w, https:\/\/mouldking.store\/wp-content\/uploads\/2022\/12\/MOC-52315-Royal-Navy-HMS-Victory-Medieval-Warship.png 1095w\" sizes=\"(max-width: 1024px) 100vw, 1024px\" \/><figcaption id=\"caption-attachment-38241\" class=\"wp-caption-text\">MOC-52315 Royal Navy HMS Victory Mittelalterliches Kriegsschiff mit 1905PCS<\/figcaption><\/figure>\n<figure id=\"attachment_38242\" aria-describedby=\"caption-attachment-38242\" style=\"width: 1024px\" class=\"wp-caption aligncenter\"><img decoding=\"async\" class=\"wp-image-38242 size-large\" src=\"https:\/\/mouldking.store\/wp-content\/uploads\/2022\/12\/Royal-Navy-HMS-Victory-Medieval-Warship-MOC-52315-1-1024x1024.jpg\" alt=\"MOC-52315 Royal Navy HMS Victory Medieval Warship With 1905PCS\" width=\"1024\" height=\"1024\" title=\"-\" srcset=\"https:\/\/mouldking.store\/wp-content\/uploads\/2022\/12\/Royal-Navy-HMS-Victory-Medieval-Warship-MOC-52315-1-1024x1024.jpg 1024w, https:\/\/mouldking.store\/wp-content\/uploads\/2022\/12\/Royal-Navy-HMS-Victory-Medieval-Warship-MOC-52315-1-300x300.jpg 300w, https:\/\/mouldking.store\/wp-content\/uploads\/2022\/12\/Royal-Navy-HMS-Victory-Medieval-Warship-MOC-52315-1-768x768.jpg 768w, https:\/\/mouldking.store\/wp-content\/uploads\/2022\/12\/Royal-Navy-HMS-Victory-Medieval-Warship-MOC-52315-1-600x600.jpg 600w, https:\/\/mouldking.store\/wp-content\/uploads\/2022\/12\/Royal-Navy-HMS-Victory-Medieval-Warship-MOC-52315-1-150x150.jpg 150w, https:\/\/mouldking.store\/wp-content\/uploads\/2022\/12\/Royal-Navy-HMS-Victory-Medieval-Warship-MOC-52315-1-60x60.jpg 60w, https:\/\/mouldking.store\/wp-content\/uploads\/2022\/12\/Royal-Navy-HMS-Victory-Medieval-Warship-MOC-52315-1-90x90.jpg 90w, https:\/\/mouldking.store\/wp-content\/uploads\/2022\/12\/Royal-Navy-HMS-Victory-Medieval-Warship-MOC-52315-1.jpg 1100w\" sizes=\"(max-width: 1024px) 100vw, 1024px\" \/><figcaption id=\"caption-attachment-38242\" class=\"wp-caption-text\">MOC-52315 Royal Navy HMS Victory Mittelalterliches Kriegsschiff mit 1905PCS<\/figcaption><\/figure>\n<figure id=\"attachment_38243\" aria-describedby=\"caption-attachment-38243\" style=\"width: 1024px\" class=\"wp-caption aligncenter\"><img decoding=\"async\" class=\"wp-image-38243 size-large\" src=\"https:\/\/mouldking.store\/wp-content\/uploads\/2022\/12\/Royal-Navy-HMS-Victory-Medieval-Warship-MOC-52315-2-1024x1024.jpg\" alt=\"MOC-52315 Royal Navy HMS Victory Medieval Warship With 1905PCS\" width=\"1024\" height=\"1024\" title=\"-\" srcset=\"https:\/\/mouldking.store\/wp-content\/uploads\/2022\/12\/Royal-Navy-HMS-Victory-Medieval-Warship-MOC-52315-2-1024x1024.jpg 1024w, https:\/\/mouldking.store\/wp-content\/uploads\/2022\/12\/Royal-Navy-HMS-Victory-Medieval-Warship-MOC-52315-2-300x300.jpg 300w, https:\/\/mouldking.store\/wp-content\/uploads\/2022\/12\/Royal-Navy-HMS-Victory-Medieval-Warship-MOC-52315-2-768x768.jpg 768w, https:\/\/mouldking.store\/wp-content\/uploads\/2022\/12\/Royal-Navy-HMS-Victory-Medieval-Warship-MOC-52315-2-600x600.jpg 600w, https:\/\/mouldking.store\/wp-content\/uploads\/2022\/12\/Royal-Navy-HMS-Victory-Medieval-Warship-MOC-52315-2-150x150.jpg 150w, https:\/\/mouldking.store\/wp-content\/uploads\/2022\/12\/Royal-Navy-HMS-Victory-Medieval-Warship-MOC-52315-2-60x60.jpg 60w, https:\/\/mouldking.store\/wp-content\/uploads\/2022\/12\/Royal-Navy-HMS-Victory-Medieval-Warship-MOC-52315-2-90x90.jpg 90w, https:\/\/mouldking.store\/wp-content\/uploads\/2022\/12\/Royal-Navy-HMS-Victory-Medieval-Warship-MOC-52315-2.jpg 1100w\" sizes=\"(max-width: 1024px) 100vw, 1024px\" \/><figcaption id=\"caption-attachment-38243\" class=\"wp-caption-text\">MOC-52315 Royal Navy HMS Victory Mittelalterliches Kriegsschiff mit 1905PCS<\/figcaption><\/figure>\n<figure id=\"attachment_38245\" aria-describedby=\"caption-attachment-38245\" style=\"width: 1024px\" class=\"wp-caption aligncenter\"><img loading=\"lazy\" decoding=\"async\" class=\"wp-image-38245 size-large\" src=\"https:\/\/mouldking.store\/wp-content\/uploads\/2022\/12\/Royal-Navy-HMS-Victory-Medieval-Warship-MOC-52315-3-1024x1024.jpg\" alt=\"MOC-52315 Royal Navy HMS Victory Medieval Warship With 1905PCS\" width=\"1024\" height=\"1024\" title=\"-\" srcset=\"https:\/\/mouldking.store\/wp-content\/uploads\/2022\/12\/Royal-Navy-HMS-Victory-Medieval-Warship-MOC-52315-3-1024x1024.jpg 1024w, https:\/\/mouldking.store\/wp-content\/uploads\/2022\/12\/Royal-Navy-HMS-Victory-Medieval-Warship-MOC-52315-3-300x300.jpg 300w, https:\/\/mouldking.store\/wp-content\/uploads\/2022\/12\/Royal-Navy-HMS-Victory-Medieval-Warship-MOC-52315-3-768x768.jpg 768w, https:\/\/mouldking.store\/wp-content\/uploads\/2022\/12\/Royal-Navy-HMS-Victory-Medieval-Warship-MOC-52315-3-600x600.jpg 600w, https:\/\/mouldking.store\/wp-content\/uploads\/2022\/12\/Royal-Navy-HMS-Victory-Medieval-Warship-MOC-52315-3-150x150.jpg 150w, https:\/\/mouldking.store\/wp-content\/uploads\/2022\/12\/Royal-Navy-HMS-Victory-Medieval-Warship-MOC-52315-3-60x60.jpg 60w, https:\/\/mouldking.store\/wp-content\/uploads\/2022\/12\/Royal-Navy-HMS-Victory-Medieval-Warship-MOC-52315-3-90x90.jpg 90w, https:\/\/mouldking.store\/wp-content\/uploads\/2022\/12\/Royal-Navy-HMS-Victory-Medieval-Warship-MOC-52315-3.jpg 1100w\" sizes=\"(max-width: 1024px) 100vw, 1024px\" \/><figcaption id=\"caption-attachment-38245\" class=\"wp-caption-text\">MOC-52315 Royal Navy HMS Victory Mittelalterliches Kriegsschiff mit 1905PCS<\/figcaption><\/figure>\n<figure id=\"attachment_38246\" aria-describedby=\"caption-attachment-38246\" style=\"width: 1024px\" class=\"wp-caption aligncenter\"><img loading=\"lazy\" decoding=\"async\" class=\"wp-image-38246 size-large\" src=\"https:\/\/mouldking.store\/wp-content\/uploads\/2022\/12\/Royal-Navy-HMS-Victory-Medieval-Warship-MOC-52315-4-1024x1024.jpg\" alt=\"MOC-52315 Royal Navy HMS Victory Medieval Warship With 1905PCS\" width=\"1024\" height=\"1024\" title=\"-\" srcset=\"https:\/\/mouldking.store\/wp-content\/uploads\/2022\/12\/Royal-Navy-HMS-Victory-Medieval-Warship-MOC-52315-4-1024x1024.jpg 1024w, https:\/\/mouldking.store\/wp-content\/uploads\/2022\/12\/Royal-Navy-HMS-Victory-Medieval-Warship-MOC-52315-4-300x300.jpg 300w, https:\/\/mouldking.store\/wp-content\/uploads\/2022\/12\/Royal-Navy-HMS-Victory-Medieval-Warship-MOC-52315-4-768x768.jpg 768w, https:\/\/mouldking.store\/wp-content\/uploads\/2022\/12\/Royal-Navy-HMS-Victory-Medieval-Warship-MOC-52315-4-600x600.jpg 600w, https:\/\/mouldking.store\/wp-content\/uploads\/2022\/12\/Royal-Navy-HMS-Victory-Medieval-Warship-MOC-52315-4-150x150.jpg 150w, https:\/\/mouldking.store\/wp-content\/uploads\/2022\/12\/Royal-Navy-HMS-Victory-Medieval-Warship-MOC-52315-4-60x60.jpg 60w, https:\/\/mouldking.store\/wp-content\/uploads\/2022\/12\/Royal-Navy-HMS-Victory-Medieval-Warship-MOC-52315-4-90x90.jpg 90w, https:\/\/mouldking.store\/wp-content\/uploads\/2022\/12\/Royal-Navy-HMS-Victory-Medieval-Warship-MOC-52315-4.jpg 1100w\" sizes=\"(max-width: 1024px) 100vw, 1024px\" \/><figcaption id=\"caption-attachment-38246\" class=\"wp-caption-text\">MOC-52315 Royal Navy HMS Victory Mittelalterliches Kriegsschiff mit 1905PCS<\/figcaption><\/figure>","protected":false},"excerpt":{"rendered":"<p>PDF-Bauanleitung<\/p>\n<p>Ohne Originalverpackung<\/p>\n<p>Zeiteinteilung: 4-8 Wochen<\/p>","protected":false},"featured_media":38241,"comment_status":"closed","ping_status":"closed","template":"","meta":{"_acf_changed":false},"product_cat":[1365,1406],"product_tag":[9661,9663,4996,430,9659,9665,9658,9660,9664,3434,9662,9459],"class_list":["product","first","instock","shipping-taxable","purchasable","product-type-simple"],"acf":[],"_links":{"self":[{"href":"https:\/\/mouldking.store\/de\/wp-json\/wp\/v2\/product\/38240","targetHints":{"allow":["GET"]}}],"collection":[{"href":"https:\/\/mouldking.store\/de\/wp-json\/wp\/v2\/product"}],"about":[{"href":"https:\/\/mouldking.store\/de\/wp-json\/wp\/v2\/types\/product"}],"replies":[{"embeddable":true,"href":"https:\/\/mouldking.store\/de\/wp-json\/wp\/v2\/comments?post=38240"}],"wp:featuredmedia":[{"embeddable":true,"href":"https:\/\/mouldking.store\/de\/wp-json\/wp\/v2\/media\/38241"}],"wp:attachment":[{"href":"https:\/\/mouldking.store\/de\/wp-json\/wp\/v2\/media?parent=38240"}],"wp:term":[{"taxonomy":"product_cat","embeddable":true,"href":"https:\/\/mouldking.store\/de\/wp-json\/wp\/v2\/product_cat?post=38240"},{"taxonomy":"product_tag","embeddable":true,"href":"https:\/\/mouldking.store\/de\/wp-json\/wp\/v2\/product_tag?post=38240"}],"curies":[{"name":"wp","href":"https:\/\/api.w.org\/{rel}","templated":true}]}}