{"id":38255,"date":"2022-12-21T11:55:37","date_gmt":"2022-12-21T04:55:37","guid":{"rendered":"https:\/\/mouldking.store\/?post_type=product&#038;p=38255"},"modified":"2025-12-25T09:12:04","modified_gmt":"2025-12-25T02:12:04","slug":"moc-99548-f1-ferrari-412-t1-with-202-pieces","status":"publish","type":"product","link":"https:\/\/mouldking.store\/de\/shop\/moc-99548-f1-ferrari-412-t1-with-202-pieces\/","title":{"rendered":"MOC-99548 F1 Ferrari 412 T1 mit 202 Teilen"},"content":{"rendered":"<ol>\n<li>Marke: MOC<\/li>\n<li>Geschlecht: Unisex<\/li>\n<li>Name: F1-Ferrari 412 T1<\/li>\n<li>Altersspanne: &gt; 6 Jahre alt<\/li>\n<li>Modellnummer: 99548<\/li>\n<li>Einstufung: Assemblage<\/li>\n<li>Kunststoffblockform: Selbstsichernde Steine<\/li>\n<li>Material: Kunststoff<\/li>\n<li>Kunststofftyp: ABS<\/li>\n<li>Ziegelsteine: 202 St\u00fcck<\/li>\n<li>Gewicht: 300 g<\/li>\n<li>Enth\u00e4lt eine ausf\u00fchrliche Montageanleitung.<\/li>\n<\/ol>\n<p>Notiz:<br \/>\n1. Ohne Originalverpackung, aber wir garantieren, dass unsere Produkte eine Qualit\u00e4tssicherung und eine sch\u00f6ne Verpackung haben.<br \/>\n2. Wie alle Teile, die wir vor dem Versand \u00fcberpr\u00fcft haben, machen Sie sich keine Sorgen, wenn Sie feststellen, dass einige Teile fehlen oder besch\u00e4digt sind, und kontaktieren Sie uns einfach, und wir k\u00f6nnen sie Ihnen umgehend kostenlos erneut zusenden.<\/p>\n<figure id=\"attachment_38263\" aria-describedby=\"caption-attachment-38263\" style=\"width: 1024px\" class=\"wp-caption aligncenter\"><img fetchpriority=\"high\" decoding=\"async\" class=\"wp-image-38263 size-large\" src=\"https:\/\/mouldking.store\/wp-content\/uploads\/2022\/12\/MOC-99548-Technic-F1-Ferrari-412-T1-MOC-FACTORY-1024x1024.png\" alt=\"MOC-99548 F1 Ferrari 412 T1 With 202 Pieces\" width=\"1024\" height=\"1024\" title=\"-\" srcset=\"https:\/\/mouldking.store\/wp-content\/uploads\/2022\/12\/MOC-99548-Technic-F1-Ferrari-412-T1-MOC-FACTORY-1024x1024.png 1024w, https:\/\/mouldking.store\/wp-content\/uploads\/2022\/12\/MOC-99548-Technic-F1-Ferrari-412-T1-MOC-FACTORY-300x300.png 300w, https:\/\/mouldking.store\/wp-content\/uploads\/2022\/12\/MOC-99548-Technic-F1-Ferrari-412-T1-MOC-FACTORY-768x768.png 768w, https:\/\/mouldking.store\/wp-content\/uploads\/2022\/12\/MOC-99548-Technic-F1-Ferrari-412-T1-MOC-FACTORY-600x600.png 600w, https:\/\/mouldking.store\/wp-content\/uploads\/2022\/12\/MOC-99548-Technic-F1-Ferrari-412-T1-MOC-FACTORY-150x150.png 150w, https:\/\/mouldking.store\/wp-content\/uploads\/2022\/12\/MOC-99548-Technic-F1-Ferrari-412-T1-MOC-FACTORY-60x60.png 60w, https:\/\/mouldking.store\/wp-content\/uploads\/2022\/12\/MOC-99548-Technic-F1-Ferrari-412-T1-MOC-FACTORY-90x90.png 90w, https:\/\/mouldking.store\/wp-content\/uploads\/2022\/12\/MOC-99548-Technic-F1-Ferrari-412-T1-MOC-FACTORY.png 1095w\" sizes=\"(max-width: 1024px) 100vw, 1024px\" \/><figcaption id=\"caption-attachment-38263\" class=\"wp-caption-text\">MOC-99548 F1 Ferrari 412 T1 mit 202 Teilen<\/figcaption><\/figure>\n<figure id=\"attachment_38264\" aria-describedby=\"caption-attachment-38264\" style=\"width: 1024px\" class=\"wp-caption aligncenter\"><img decoding=\"async\" class=\"wp-image-38264 size-large\" src=\"https:\/\/mouldking.store\/wp-content\/uploads\/2022\/12\/F1-Ferrari-412-T1-MOC-99548-1-1024x1024.jpg\" alt=\"MOC-99548 F1 Ferrari 412 T1 With 202 Pieces\" width=\"1024\" height=\"1024\" title=\"-\" srcset=\"https:\/\/mouldking.store\/wp-content\/uploads\/2022\/12\/F1-Ferrari-412-T1-MOC-99548-1-1024x1024.jpg 1024w, https:\/\/mouldking.store\/wp-content\/uploads\/2022\/12\/F1-Ferrari-412-T1-MOC-99548-1-300x300.jpg 300w, https:\/\/mouldking.store\/wp-content\/uploads\/2022\/12\/F1-Ferrari-412-T1-MOC-99548-1-768x768.jpg 768w, https:\/\/mouldking.store\/wp-content\/uploads\/2022\/12\/F1-Ferrari-412-T1-MOC-99548-1-600x600.jpg 600w, https:\/\/mouldking.store\/wp-content\/uploads\/2022\/12\/F1-Ferrari-412-T1-MOC-99548-1-150x150.jpg 150w, https:\/\/mouldking.store\/wp-content\/uploads\/2022\/12\/F1-Ferrari-412-T1-MOC-99548-1-60x60.jpg 60w, https:\/\/mouldking.store\/wp-content\/uploads\/2022\/12\/F1-Ferrari-412-T1-MOC-99548-1-90x90.jpg 90w, https:\/\/mouldking.store\/wp-content\/uploads\/2022\/12\/F1-Ferrari-412-T1-MOC-99548-1.jpg 1100w\" sizes=\"(max-width: 1024px) 100vw, 1024px\" \/><figcaption id=\"caption-attachment-38264\" class=\"wp-caption-text\">MOC-99548 F1 Ferrari 412 T1 mit 202 Teilen<\/figcaption><\/figure>\n<figure id=\"attachment_38265\" aria-describedby=\"caption-attachment-38265\" style=\"width: 1024px\" class=\"wp-caption aligncenter\"><img decoding=\"async\" class=\"wp-image-38265 size-large\" src=\"https:\/\/mouldking.store\/wp-content\/uploads\/2022\/12\/F1-Ferrari-412-T1-MOC-99548-2-1024x1024.jpg\" alt=\"MOC-99548 F1 Ferrari 412 T1 With 202 Pieces\" width=\"1024\" height=\"1024\" title=\"-\" srcset=\"https:\/\/mouldking.store\/wp-content\/uploads\/2022\/12\/F1-Ferrari-412-T1-MOC-99548-2-1024x1024.jpg 1024w, https:\/\/mouldking.store\/wp-content\/uploads\/2022\/12\/F1-Ferrari-412-T1-MOC-99548-2-300x300.jpg 300w, https:\/\/mouldking.store\/wp-content\/uploads\/2022\/12\/F1-Ferrari-412-T1-MOC-99548-2-768x768.jpg 768w, https:\/\/mouldking.store\/wp-content\/uploads\/2022\/12\/F1-Ferrari-412-T1-MOC-99548-2-600x600.jpg 600w, https:\/\/mouldking.store\/wp-content\/uploads\/2022\/12\/F1-Ferrari-412-T1-MOC-99548-2-150x150.jpg 150w, https:\/\/mouldking.store\/wp-content\/uploads\/2022\/12\/F1-Ferrari-412-T1-MOC-99548-2-60x60.jpg 60w, https:\/\/mouldking.store\/wp-content\/uploads\/2022\/12\/F1-Ferrari-412-T1-MOC-99548-2-90x90.jpg 90w, https:\/\/mouldking.store\/wp-content\/uploads\/2022\/12\/F1-Ferrari-412-T1-MOC-99548-2.jpg 1100w\" sizes=\"(max-width: 1024px) 100vw, 1024px\" \/><figcaption id=\"caption-attachment-38265\" class=\"wp-caption-text\">MOC-99548 F1 Ferrari 412 T1 mit 202 Teilen<\/figcaption><\/figure>\n<figure id=\"attachment_38266\" aria-describedby=\"caption-attachment-38266\" style=\"width: 1024px\" class=\"wp-caption aligncenter\"><img loading=\"lazy\" decoding=\"async\" class=\"wp-image-38266 size-large\" src=\"https:\/\/mouldking.store\/wp-content\/uploads\/2022\/12\/F1-Ferrari-412-T1-MOC-99548-3-1024x1024.jpg\" alt=\"MOC-99548 F1 Ferrari 412 T1 With 202 Pieces\" width=\"1024\" height=\"1024\" title=\"-\" srcset=\"https:\/\/mouldking.store\/wp-content\/uploads\/2022\/12\/F1-Ferrari-412-T1-MOC-99548-3-1024x1024.jpg 1024w, https:\/\/mouldking.store\/wp-content\/uploads\/2022\/12\/F1-Ferrari-412-T1-MOC-99548-3-300x300.jpg 300w, https:\/\/mouldking.store\/wp-content\/uploads\/2022\/12\/F1-Ferrari-412-T1-MOC-99548-3-768x768.jpg 768w, https:\/\/mouldking.store\/wp-content\/uploads\/2022\/12\/F1-Ferrari-412-T1-MOC-99548-3-600x600.jpg 600w, https:\/\/mouldking.store\/wp-content\/uploads\/2022\/12\/F1-Ferrari-412-T1-MOC-99548-3-150x150.jpg 150w, https:\/\/mouldking.store\/wp-content\/uploads\/2022\/12\/F1-Ferrari-412-T1-MOC-99548-3-60x60.jpg 60w, https:\/\/mouldking.store\/wp-content\/uploads\/2022\/12\/F1-Ferrari-412-T1-MOC-99548-3-90x90.jpg 90w, https:\/\/mouldking.store\/wp-content\/uploads\/2022\/12\/F1-Ferrari-412-T1-MOC-99548-3.jpg 1100w\" sizes=\"(max-width: 1024px) 100vw, 1024px\" \/><figcaption id=\"caption-attachment-38266\" class=\"wp-caption-text\">MOC-99548 F1 Ferrari 412 T1 mit 202 Teilen<\/figcaption><\/figure>\n<figure id=\"attachment_38267\" aria-describedby=\"caption-attachment-38267\" style=\"width: 1024px\" class=\"wp-caption aligncenter\"><img loading=\"lazy\" decoding=\"async\" class=\"wp-image-38267 size-large\" src=\"https:\/\/mouldking.store\/wp-content\/uploads\/2022\/12\/F1-Ferrari-412-T1-MOC-99548-4-1024x1024.jpg\" alt=\"MOC-99548 F1 Ferrari 412 T1 With 202 Pieces\" width=\"1024\" height=\"1024\" title=\"-\" srcset=\"https:\/\/mouldking.store\/wp-content\/uploads\/2022\/12\/F1-Ferrari-412-T1-MOC-99548-4-1024x1024.jpg 1024w, https:\/\/mouldking.store\/wp-content\/uploads\/2022\/12\/F1-Ferrari-412-T1-MOC-99548-4-300x300.jpg 300w, https:\/\/mouldking.store\/wp-content\/uploads\/2022\/12\/F1-Ferrari-412-T1-MOC-99548-4-768x768.jpg 768w, https:\/\/mouldking.store\/wp-content\/uploads\/2022\/12\/F1-Ferrari-412-T1-MOC-99548-4-600x600.jpg 600w, https:\/\/mouldking.store\/wp-content\/uploads\/2022\/12\/F1-Ferrari-412-T1-MOC-99548-4-150x150.jpg 150w, https:\/\/mouldking.store\/wp-content\/uploads\/2022\/12\/F1-Ferrari-412-T1-MOC-99548-4-60x60.jpg 60w, https:\/\/mouldking.store\/wp-content\/uploads\/2022\/12\/F1-Ferrari-412-T1-MOC-99548-4-90x90.jpg 90w, https:\/\/mouldking.store\/wp-content\/uploads\/2022\/12\/F1-Ferrari-412-T1-MOC-99548-4.jpg 1100w\" sizes=\"(max-width: 1024px) 100vw, 1024px\" \/><figcaption id=\"caption-attachment-38267\" class=\"wp-caption-text\">MOC-99548 F1 Ferrari 412 T1 mit 202 Teilen<\/figcaption><\/figure>\n<figure id=\"attachment_38268\" aria-describedby=\"caption-attachment-38268\" style=\"width: 1024px\" class=\"wp-caption aligncenter\"><img loading=\"lazy\" decoding=\"async\" class=\"wp-image-38268 size-large\" src=\"https:\/\/mouldking.store\/wp-content\/uploads\/2022\/12\/F1-Ferrari-412-T1-MOC-99548-5-1024x1024.jpg\" alt=\"MOC-99548 F1 Ferrari 412 T1 With 202 Pieces\" width=\"1024\" height=\"1024\" title=\"-\" srcset=\"https:\/\/mouldking.store\/wp-content\/uploads\/2022\/12\/F1-Ferrari-412-T1-MOC-99548-5-1024x1024.jpg 1024w, https:\/\/mouldking.store\/wp-content\/uploads\/2022\/12\/F1-Ferrari-412-T1-MOC-99548-5-300x300.jpg 300w, https:\/\/mouldking.store\/wp-content\/uploads\/2022\/12\/F1-Ferrari-412-T1-MOC-99548-5-768x768.jpg 768w, https:\/\/mouldking.store\/wp-content\/uploads\/2022\/12\/F1-Ferrari-412-T1-MOC-99548-5-600x600.jpg 600w, https:\/\/mouldking.store\/wp-content\/uploads\/2022\/12\/F1-Ferrari-412-T1-MOC-99548-5-150x150.jpg 150w, https:\/\/mouldking.store\/wp-content\/uploads\/2022\/12\/F1-Ferrari-412-T1-MOC-99548-5-60x60.jpg 60w, https:\/\/mouldking.store\/wp-content\/uploads\/2022\/12\/F1-Ferrari-412-T1-MOC-99548-5-90x90.jpg 90w, https:\/\/mouldking.store\/wp-content\/uploads\/2022\/12\/F1-Ferrari-412-T1-MOC-99548-5.jpg 1100w\" sizes=\"(max-width: 1024px) 100vw, 1024px\" \/><figcaption id=\"caption-attachment-38268\" class=\"wp-caption-text\">MOC-99548 F1 Ferrari 412 T1 mit 202 Teilen<\/figcaption><\/figure>","protected":false},"excerpt":{"rendered":"<p>PDF-Bauanleitung<\/p>\n<p>Ohne Originalverpackung<\/p>\n<p>Zeiteinteilung: 4-8 Wochen<\/p>","protected":false},"featured_media":38263,"comment_status":"closed","ping_status":"closed","template":"","meta":{"_acf_changed":false},"product_cat":[1357,1406],"product_tag":[9679,9680,1585,430,9678,9681,9677],"class_list":["product","first","instock","shipping-taxable","purchasable","product-type-simple"],"acf":[],"_links":{"self":[{"href":"https:\/\/mouldking.store\/de\/wp-json\/wp\/v2\/product\/38255","targetHints":{"allow":["GET"]}}],"collection":[{"href":"https:\/\/mouldking.store\/de\/wp-json\/wp\/v2\/product"}],"about":[{"href":"https:\/\/mouldking.store\/de\/wp-json\/wp\/v2\/types\/product"}],"replies":[{"embeddable":true,"href":"https:\/\/mouldking.store\/de\/wp-json\/wp\/v2\/comments?post=38255"}],"wp:featuredmedia":[{"embeddable":true,"href":"https:\/\/mouldking.store\/de\/wp-json\/wp\/v2\/media\/38263"}],"wp:attachment":[{"href":"https:\/\/mouldking.store\/de\/wp-json\/wp\/v2\/media?parent=38255"}],"wp:term":[{"taxonomy":"product_cat","embeddable":true,"href":"https:\/\/mouldking.store\/de\/wp-json\/wp\/v2\/product_cat?post=38255"},{"taxonomy":"product_tag","embeddable":true,"href":"https:\/\/mouldking.store\/de\/wp-json\/wp\/v2\/product_tag?post=38255"}],"curies":[{"name":"wp","href":"https:\/\/api.w.org\/{rel}","templated":true}]}}