{"id":38269,"date":"2022-12-21T12:03:40","date_gmt":"2022-12-21T05:03:40","guid":{"rendered":"https:\/\/mouldking.store\/?post_type=product&#038;p=38269"},"modified":"2025-12-25T09:12:04","modified_gmt":"2025-12-25T02:12:04","slug":"moc-98825-f1-williams-fw-37-with-256-pieces","status":"publish","type":"product","link":"https:\/\/mouldking.store\/de\/shop\/moc-98825-f1-williams-fw-37-with-256-pieces\/","title":{"rendered":"MOC-98825 F1 Williams FW-37 mit 256 St\u00fcck"},"content":{"rendered":"<ol>\n<li>Marke: MOC<\/li>\n<li>Geschlecht: Unisex<\/li>\n<li>Name: F1 Williams FW-37<\/li>\n<li>Altersspanne: &gt; 6 Jahre alt<\/li>\n<li>Model Number: 98825<\/li>\n<li>Einstufung: Assemblage<\/li>\n<li>Kunststoffblockform: Selbstsichernde Steine<\/li>\n<li>Material: Kunststoff<\/li>\n<li>Kunststofftyp: ABS<\/li>\n<li>Bricks Blocks:256PCS<\/li>\n<li>Gewicht: 300 g<\/li>\n<li>Enth\u00e4lt eine ausf\u00fchrliche Montageanleitung.<\/li>\n<\/ol>\n<p>Notiz:<br \/>\n1. Ohne Originalverpackung, aber wir garantieren, dass unsere Produkte eine Qualit\u00e4tssicherung und eine sch\u00f6ne Verpackung haben.<br \/>\n2. Wie alle Teile, die wir vor dem Versand \u00fcberpr\u00fcft haben, machen Sie sich keine Sorgen, wenn Sie feststellen, dass einige Teile fehlen oder besch\u00e4digt sind, und kontaktieren Sie uns einfach, und wir k\u00f6nnen sie Ihnen umgehend kostenlos erneut zusenden.<\/p>\n<figure id=\"attachment_38270\" aria-describedby=\"caption-attachment-38270\" style=\"width: 1024px\" class=\"wp-caption aligncenter\"><img fetchpriority=\"high\" decoding=\"async\" class=\"wp-image-38270 size-large\" src=\"https:\/\/mouldking.store\/wp-content\/uploads\/2022\/12\/MOC-98825-Technic-F1-Williams-FW-37-MOC-FACTORY-1024x1024.png\" alt=\"MOC-98825 F1 Williams FW-37 With 256 Pieces\" width=\"1024\" height=\"1024\" title=\"-\" srcset=\"https:\/\/mouldking.store\/wp-content\/uploads\/2022\/12\/MOC-98825-Technic-F1-Williams-FW-37-MOC-FACTORY-1024x1024.png 1024w, https:\/\/mouldking.store\/wp-content\/uploads\/2022\/12\/MOC-98825-Technic-F1-Williams-FW-37-MOC-FACTORY-300x300.png 300w, https:\/\/mouldking.store\/wp-content\/uploads\/2022\/12\/MOC-98825-Technic-F1-Williams-FW-37-MOC-FACTORY-768x768.png 768w, https:\/\/mouldking.store\/wp-content\/uploads\/2022\/12\/MOC-98825-Technic-F1-Williams-FW-37-MOC-FACTORY-600x600.png 600w, https:\/\/mouldking.store\/wp-content\/uploads\/2022\/12\/MOC-98825-Technic-F1-Williams-FW-37-MOC-FACTORY-150x150.png 150w, https:\/\/mouldking.store\/wp-content\/uploads\/2022\/12\/MOC-98825-Technic-F1-Williams-FW-37-MOC-FACTORY-60x60.png 60w, https:\/\/mouldking.store\/wp-content\/uploads\/2022\/12\/MOC-98825-Technic-F1-Williams-FW-37-MOC-FACTORY-90x90.png 90w, https:\/\/mouldking.store\/wp-content\/uploads\/2022\/12\/MOC-98825-Technic-F1-Williams-FW-37-MOC-FACTORY.png 1095w\" sizes=\"(max-width: 1024px) 100vw, 1024px\" \/><figcaption id=\"caption-attachment-38270\" class=\"wp-caption-text\">MOC-98825 F1 Williams FW-37 mit 256 St\u00fcck<\/figcaption><\/figure>\n<figure id=\"attachment_38271\" aria-describedby=\"caption-attachment-38271\" style=\"width: 1024px\" class=\"wp-caption aligncenter\"><img decoding=\"async\" class=\"wp-image-38271 size-large\" src=\"https:\/\/mouldking.store\/wp-content\/uploads\/2022\/12\/F1-Williams-FW-37-MOC-98825-1-1024x1024.jpg\" alt=\"MOC-98825 F1 Williams FW-37 With 256 Pieces\" width=\"1024\" height=\"1024\" title=\"-\" srcset=\"https:\/\/mouldking.store\/wp-content\/uploads\/2022\/12\/F1-Williams-FW-37-MOC-98825-1-1024x1024.jpg 1024w, https:\/\/mouldking.store\/wp-content\/uploads\/2022\/12\/F1-Williams-FW-37-MOC-98825-1-300x300.jpg 300w, https:\/\/mouldking.store\/wp-content\/uploads\/2022\/12\/F1-Williams-FW-37-MOC-98825-1-768x768.jpg 768w, https:\/\/mouldking.store\/wp-content\/uploads\/2022\/12\/F1-Williams-FW-37-MOC-98825-1-600x600.jpg 600w, https:\/\/mouldking.store\/wp-content\/uploads\/2022\/12\/F1-Williams-FW-37-MOC-98825-1-150x150.jpg 150w, https:\/\/mouldking.store\/wp-content\/uploads\/2022\/12\/F1-Williams-FW-37-MOC-98825-1-60x60.jpg 60w, https:\/\/mouldking.store\/wp-content\/uploads\/2022\/12\/F1-Williams-FW-37-MOC-98825-1-90x90.jpg 90w, https:\/\/mouldking.store\/wp-content\/uploads\/2022\/12\/F1-Williams-FW-37-MOC-98825-1.jpg 1100w\" sizes=\"(max-width: 1024px) 100vw, 1024px\" \/><figcaption id=\"caption-attachment-38271\" class=\"wp-caption-text\">MOC-98825 F1 Williams FW-37 mit 256 St\u00fcck<\/figcaption><\/figure>\n<figure id=\"attachment_38272\" aria-describedby=\"caption-attachment-38272\" style=\"width: 1024px\" class=\"wp-caption aligncenter\"><img decoding=\"async\" class=\"wp-image-38272 size-large\" src=\"https:\/\/mouldking.store\/wp-content\/uploads\/2022\/12\/F1-Williams-FW-37-MOC-98825-2-1024x1024.jpg\" alt=\"MOC-98825 F1 Williams FW-37 With 256 Pieces\" width=\"1024\" height=\"1024\" title=\"-\" srcset=\"https:\/\/mouldking.store\/wp-content\/uploads\/2022\/12\/F1-Williams-FW-37-MOC-98825-2-1024x1024.jpg 1024w, https:\/\/mouldking.store\/wp-content\/uploads\/2022\/12\/F1-Williams-FW-37-MOC-98825-2-300x300.jpg 300w, https:\/\/mouldking.store\/wp-content\/uploads\/2022\/12\/F1-Williams-FW-37-MOC-98825-2-768x768.jpg 768w, https:\/\/mouldking.store\/wp-content\/uploads\/2022\/12\/F1-Williams-FW-37-MOC-98825-2-600x600.jpg 600w, https:\/\/mouldking.store\/wp-content\/uploads\/2022\/12\/F1-Williams-FW-37-MOC-98825-2-150x150.jpg 150w, https:\/\/mouldking.store\/wp-content\/uploads\/2022\/12\/F1-Williams-FW-37-MOC-98825-2-60x60.jpg 60w, https:\/\/mouldking.store\/wp-content\/uploads\/2022\/12\/F1-Williams-FW-37-MOC-98825-2-90x90.jpg 90w, https:\/\/mouldking.store\/wp-content\/uploads\/2022\/12\/F1-Williams-FW-37-MOC-98825-2.jpg 1100w\" sizes=\"(max-width: 1024px) 100vw, 1024px\" \/><figcaption id=\"caption-attachment-38272\" class=\"wp-caption-text\">MOC-98825 F1 Williams FW-37 mit 256 St\u00fcck<\/figcaption><\/figure>\n<figure id=\"attachment_38273\" aria-describedby=\"caption-attachment-38273\" style=\"width: 1024px\" class=\"wp-caption aligncenter\"><img loading=\"lazy\" decoding=\"async\" class=\"wp-image-38273 size-large\" src=\"https:\/\/mouldking.store\/wp-content\/uploads\/2022\/12\/F1-Williams-FW-37-MOC-98825-3-1024x1024.jpg\" alt=\"MOC-98825 F1 Williams FW-37 With 256 Pieces\" width=\"1024\" height=\"1024\" title=\"-\" srcset=\"https:\/\/mouldking.store\/wp-content\/uploads\/2022\/12\/F1-Williams-FW-37-MOC-98825-3-1024x1024.jpg 1024w, https:\/\/mouldking.store\/wp-content\/uploads\/2022\/12\/F1-Williams-FW-37-MOC-98825-3-300x300.jpg 300w, https:\/\/mouldking.store\/wp-content\/uploads\/2022\/12\/F1-Williams-FW-37-MOC-98825-3-768x768.jpg 768w, https:\/\/mouldking.store\/wp-content\/uploads\/2022\/12\/F1-Williams-FW-37-MOC-98825-3-600x600.jpg 600w, https:\/\/mouldking.store\/wp-content\/uploads\/2022\/12\/F1-Williams-FW-37-MOC-98825-3-150x150.jpg 150w, https:\/\/mouldking.store\/wp-content\/uploads\/2022\/12\/F1-Williams-FW-37-MOC-98825-3-60x60.jpg 60w, https:\/\/mouldking.store\/wp-content\/uploads\/2022\/12\/F1-Williams-FW-37-MOC-98825-3-90x90.jpg 90w, https:\/\/mouldking.store\/wp-content\/uploads\/2022\/12\/F1-Williams-FW-37-MOC-98825-3.jpg 1100w\" sizes=\"(max-width: 1024px) 100vw, 1024px\" \/><figcaption id=\"caption-attachment-38273\" class=\"wp-caption-text\">MOC-98825 F1 Williams FW-37 mit 256 St\u00fcck<\/figcaption><\/figure>\n<figure id=\"attachment_38274\" aria-describedby=\"caption-attachment-38274\" style=\"width: 1024px\" class=\"wp-caption aligncenter\"><img loading=\"lazy\" decoding=\"async\" class=\"wp-image-38274 size-large\" src=\"https:\/\/mouldking.store\/wp-content\/uploads\/2022\/12\/F1-Williams-FW-37-MOC-98825-4-1024x1024.jpg\" alt=\"MOC-98825 F1 Williams FW-37 With 256 Pieces\" width=\"1024\" height=\"1024\" title=\"-\" srcset=\"https:\/\/mouldking.store\/wp-content\/uploads\/2022\/12\/F1-Williams-FW-37-MOC-98825-4-1024x1024.jpg 1024w, https:\/\/mouldking.store\/wp-content\/uploads\/2022\/12\/F1-Williams-FW-37-MOC-98825-4-300x300.jpg 300w, https:\/\/mouldking.store\/wp-content\/uploads\/2022\/12\/F1-Williams-FW-37-MOC-98825-4-768x768.jpg 768w, https:\/\/mouldking.store\/wp-content\/uploads\/2022\/12\/F1-Williams-FW-37-MOC-98825-4-600x600.jpg 600w, https:\/\/mouldking.store\/wp-content\/uploads\/2022\/12\/F1-Williams-FW-37-MOC-98825-4-150x150.jpg 150w, https:\/\/mouldking.store\/wp-content\/uploads\/2022\/12\/F1-Williams-FW-37-MOC-98825-4-60x60.jpg 60w, https:\/\/mouldking.store\/wp-content\/uploads\/2022\/12\/F1-Williams-FW-37-MOC-98825-4-90x90.jpg 90w, https:\/\/mouldking.store\/wp-content\/uploads\/2022\/12\/F1-Williams-FW-37-MOC-98825-4.jpg 1100w\" sizes=\"(max-width: 1024px) 100vw, 1024px\" \/><figcaption id=\"caption-attachment-38274\" class=\"wp-caption-text\">MOC-98825 F1 Williams FW-37 mit 256 St\u00fcck<\/figcaption><\/figure>\n<figure id=\"attachment_38275\" aria-describedby=\"caption-attachment-38275\" style=\"width: 1024px\" class=\"wp-caption aligncenter\"><img loading=\"lazy\" decoding=\"async\" class=\"wp-image-38275 size-large\" src=\"https:\/\/mouldking.store\/wp-content\/uploads\/2022\/12\/F1-Williams-FW-37-MOC-98825-5-1024x1024.jpg\" alt=\"MOC-98825 F1 Williams FW-37 With 256 Pieces\" width=\"1024\" height=\"1024\" title=\"-\" srcset=\"https:\/\/mouldking.store\/wp-content\/uploads\/2022\/12\/F1-Williams-FW-37-MOC-98825-5-1024x1024.jpg 1024w, https:\/\/mouldking.store\/wp-content\/uploads\/2022\/12\/F1-Williams-FW-37-MOC-98825-5-300x300.jpg 300w, https:\/\/mouldking.store\/wp-content\/uploads\/2022\/12\/F1-Williams-FW-37-MOC-98825-5-768x768.jpg 768w, https:\/\/mouldking.store\/wp-content\/uploads\/2022\/12\/F1-Williams-FW-37-MOC-98825-5-600x600.jpg 600w, https:\/\/mouldking.store\/wp-content\/uploads\/2022\/12\/F1-Williams-FW-37-MOC-98825-5-150x150.jpg 150w, https:\/\/mouldking.store\/wp-content\/uploads\/2022\/12\/F1-Williams-FW-37-MOC-98825-5-60x60.jpg 60w, https:\/\/mouldking.store\/wp-content\/uploads\/2022\/12\/F1-Williams-FW-37-MOC-98825-5-90x90.jpg 90w, https:\/\/mouldking.store\/wp-content\/uploads\/2022\/12\/F1-Williams-FW-37-MOC-98825-5.jpg 1100w\" sizes=\"(max-width: 1024px) 100vw, 1024px\" \/><figcaption id=\"caption-attachment-38275\" class=\"wp-caption-text\">MOC-98825 F1 Williams FW-37 mit 256 St\u00fcck<\/figcaption><\/figure>","protected":false},"excerpt":{"rendered":"<p>PDF-Bauanleitung<\/p>\n<p>Ohne Originalverpackung<\/p>\n<p>Zeiteinteilung: 4-8 Wochen<\/p>","protected":false},"featured_media":38270,"comment_status":"closed","ping_status":"closed","template":"","meta":{"_acf_changed":false},"product_cat":[1360,1357,1406],"product_tag":[9685,9686,430,9683,9687,9682,9684],"class_list":["product","first","instock","shipping-taxable","purchasable","product-type-simple"],"acf":[],"_links":{"self":[{"href":"https:\/\/mouldking.store\/de\/wp-json\/wp\/v2\/product\/38269","targetHints":{"allow":["GET"]}}],"collection":[{"href":"https:\/\/mouldking.store\/de\/wp-json\/wp\/v2\/product"}],"about":[{"href":"https:\/\/mouldking.store\/de\/wp-json\/wp\/v2\/types\/product"}],"replies":[{"embeddable":true,"href":"https:\/\/mouldking.store\/de\/wp-json\/wp\/v2\/comments?post=38269"}],"wp:featuredmedia":[{"embeddable":true,"href":"https:\/\/mouldking.store\/de\/wp-json\/wp\/v2\/media\/38270"}],"wp:attachment":[{"href":"https:\/\/mouldking.store\/de\/wp-json\/wp\/v2\/media?parent=38269"}],"wp:term":[{"taxonomy":"product_cat","embeddable":true,"href":"https:\/\/mouldking.store\/de\/wp-json\/wp\/v2\/product_cat?post=38269"},{"taxonomy":"product_tag","embeddable":true,"href":"https:\/\/mouldking.store\/de\/wp-json\/wp\/v2\/product_tag?post=38269"}],"curies":[{"name":"wp","href":"https:\/\/api.w.org\/{rel}","templated":true}]}}