{"id":38276,"date":"2022-12-21T12:11:11","date_gmt":"2022-12-21T05:11:11","guid":{"rendered":"https:\/\/mouldking.store\/?post_type=product&#038;p=38276"},"modified":"2025-12-25T09:12:04","modified_gmt":"2025-12-25T02:12:04","slug":"moc-98621-f1-mclaren-mcl35m-abu-dhabi-with-262-pieces","status":"publish","type":"product","link":"https:\/\/mouldking.store\/de\/shop\/moc-98621-f1-mclaren-mcl35m-abu-dhabi-with-262-pieces\/","title":{"rendered":"MOC-98621 F1 McLaren MCL35M \u2013 Abu Dhabi mit 262 St\u00fcck"},"content":{"rendered":"<ol>\n<li>Marke: MOC<\/li>\n<li>Geschlecht: Unisex<\/li>\n<li>Name: F1 McLaren MCL35M \u2013 Abu Dhabi<\/li>\n<li>Altersspanne: &gt; 6 Jahre alt<\/li>\n<li>Model Number: 98621<\/li>\n<li>Einstufung: Assemblage<\/li>\n<li>Kunststoffblockform: Selbstsichernde Steine<\/li>\n<li>Material: Kunststoff<\/li>\n<li>Kunststofftyp: ABS<\/li>\n<li>Bricks Blocks:262 PCS<\/li>\n<li>Gewicht: 300 g<\/li>\n<li>Enth\u00e4lt eine ausf\u00fchrliche Montageanleitung.<\/li>\n<\/ol>\n<p>Notiz:<br \/>\n1. Ohne Originalverpackung, aber wir garantieren, dass unsere Produkte eine Qualit\u00e4tssicherung und eine sch\u00f6ne Verpackung haben.<br \/>\n2. Wie alle Teile, die wir vor dem Versand \u00fcberpr\u00fcft haben, machen Sie sich keine Sorgen, wenn Sie feststellen, dass einige Teile fehlen oder besch\u00e4digt sind, und kontaktieren Sie uns einfach, und wir k\u00f6nnen sie Ihnen umgehend kostenlos erneut zusenden.<\/p>\n<figure id=\"attachment_38277\" aria-describedby=\"caption-attachment-38277\" style=\"width: 1095px\" class=\"wp-caption aligncenter\"><img fetchpriority=\"high\" decoding=\"async\" class=\"wp-image-38277 size-full\" src=\"https:\/\/mouldking.store\/wp-content\/uploads\/2022\/12\/MOC-98621-Technic-F1-McLaren-MCL35M-\u2013-Abu-Dhabi-MOC-FACTORY.png\" alt=\"MOC-98621 F1 McLaren MCL35M \u2013 Abu Dhabi With 262 Pieces \" width=\"1095\" height=\"1095\" title=\"-\" srcset=\"https:\/\/mouldking.store\/wp-content\/uploads\/2022\/12\/MOC-98621-Technic-F1-McLaren-MCL35M-\u2013-Abu-Dhabi-MOC-FACTORY.png 1095w, https:\/\/mouldking.store\/wp-content\/uploads\/2022\/12\/MOC-98621-Technic-F1-McLaren-MCL35M-\u2013-Abu-Dhabi-MOC-FACTORY-300x300.png 300w, https:\/\/mouldking.store\/wp-content\/uploads\/2022\/12\/MOC-98621-Technic-F1-McLaren-MCL35M-\u2013-Abu-Dhabi-MOC-FACTORY-1024x1024.png 1024w, https:\/\/mouldking.store\/wp-content\/uploads\/2022\/12\/MOC-98621-Technic-F1-McLaren-MCL35M-\u2013-Abu-Dhabi-MOC-FACTORY-768x768.png 768w, https:\/\/mouldking.store\/wp-content\/uploads\/2022\/12\/MOC-98621-Technic-F1-McLaren-MCL35M-\u2013-Abu-Dhabi-MOC-FACTORY-600x600.png 600w, https:\/\/mouldking.store\/wp-content\/uploads\/2022\/12\/MOC-98621-Technic-F1-McLaren-MCL35M-\u2013-Abu-Dhabi-MOC-FACTORY-150x150.png 150w, https:\/\/mouldking.store\/wp-content\/uploads\/2022\/12\/MOC-98621-Technic-F1-McLaren-MCL35M-\u2013-Abu-Dhabi-MOC-FACTORY-60x60.png 60w, https:\/\/mouldking.store\/wp-content\/uploads\/2022\/12\/MOC-98621-Technic-F1-McLaren-MCL35M-\u2013-Abu-Dhabi-MOC-FACTORY-90x90.png 90w\" sizes=\"(max-width: 1095px) 100vw, 1095px\" \/><figcaption id=\"caption-attachment-38277\" class=\"wp-caption-text\">MOC-98621 F1 McLaren MCL35M \u2013 Abu Dhabi mit 262 St\u00fcck<\/figcaption><\/figure>\n<figure id=\"attachment_38278\" aria-describedby=\"caption-attachment-38278\" style=\"width: 1100px\" class=\"wp-caption aligncenter\"><img decoding=\"async\" class=\"wp-image-38278 size-full\" src=\"https:\/\/mouldking.store\/wp-content\/uploads\/2022\/12\/F1-McLaren-MCL35M-Abu-Dhabi-MOC-98621-1.jpg\" alt=\"MOC-98621 F1 McLaren MCL35M \u2013 Abu Dhabi With 262 Pieces \" width=\"1100\" height=\"1100\" title=\"-\" srcset=\"https:\/\/mouldking.store\/wp-content\/uploads\/2022\/12\/F1-McLaren-MCL35M-Abu-Dhabi-MOC-98621-1.jpg 1100w, https:\/\/mouldking.store\/wp-content\/uploads\/2022\/12\/F1-McLaren-MCL35M-Abu-Dhabi-MOC-98621-1-300x300.jpg 300w, https:\/\/mouldking.store\/wp-content\/uploads\/2022\/12\/F1-McLaren-MCL35M-Abu-Dhabi-MOC-98621-1-1024x1024.jpg 1024w, https:\/\/mouldking.store\/wp-content\/uploads\/2022\/12\/F1-McLaren-MCL35M-Abu-Dhabi-MOC-98621-1-768x768.jpg 768w, https:\/\/mouldking.store\/wp-content\/uploads\/2022\/12\/F1-McLaren-MCL35M-Abu-Dhabi-MOC-98621-1-600x600.jpg 600w, https:\/\/mouldking.store\/wp-content\/uploads\/2022\/12\/F1-McLaren-MCL35M-Abu-Dhabi-MOC-98621-1-150x150.jpg 150w, https:\/\/mouldking.store\/wp-content\/uploads\/2022\/12\/F1-McLaren-MCL35M-Abu-Dhabi-MOC-98621-1-60x60.jpg 60w, https:\/\/mouldking.store\/wp-content\/uploads\/2022\/12\/F1-McLaren-MCL35M-Abu-Dhabi-MOC-98621-1-90x90.jpg 90w\" sizes=\"(max-width: 1100px) 100vw, 1100px\" \/><figcaption id=\"caption-attachment-38278\" class=\"wp-caption-text\">MOC-98621 F1 McLaren MCL35M \u2013 Abu Dhabi mit 262 St\u00fcck<\/figcaption><\/figure>\n<figure id=\"attachment_38279\" aria-describedby=\"caption-attachment-38279\" style=\"width: 1024px\" class=\"wp-caption aligncenter\"><img decoding=\"async\" class=\"wp-image-38279 size-large\" src=\"https:\/\/mouldking.store\/wp-content\/uploads\/2022\/12\/F1-McLaren-MCL35M-Abu-Dhabi-MOC-98621-2-1024x1024.jpg\" alt=\"MOC-98621 F1 McLaren MCL35M \u2013 Abu Dhabi With 262 Pieces \" width=\"1024\" height=\"1024\" title=\"-\" srcset=\"https:\/\/mouldking.store\/wp-content\/uploads\/2022\/12\/F1-McLaren-MCL35M-Abu-Dhabi-MOC-98621-2-1024x1024.jpg 1024w, https:\/\/mouldking.store\/wp-content\/uploads\/2022\/12\/F1-McLaren-MCL35M-Abu-Dhabi-MOC-98621-2-300x300.jpg 300w, https:\/\/mouldking.store\/wp-content\/uploads\/2022\/12\/F1-McLaren-MCL35M-Abu-Dhabi-MOC-98621-2-768x768.jpg 768w, https:\/\/mouldking.store\/wp-content\/uploads\/2022\/12\/F1-McLaren-MCL35M-Abu-Dhabi-MOC-98621-2-600x600.jpg 600w, https:\/\/mouldking.store\/wp-content\/uploads\/2022\/12\/F1-McLaren-MCL35M-Abu-Dhabi-MOC-98621-2-150x150.jpg 150w, https:\/\/mouldking.store\/wp-content\/uploads\/2022\/12\/F1-McLaren-MCL35M-Abu-Dhabi-MOC-98621-2-60x60.jpg 60w, https:\/\/mouldking.store\/wp-content\/uploads\/2022\/12\/F1-McLaren-MCL35M-Abu-Dhabi-MOC-98621-2-90x90.jpg 90w, https:\/\/mouldking.store\/wp-content\/uploads\/2022\/12\/F1-McLaren-MCL35M-Abu-Dhabi-MOC-98621-2.jpg 1100w\" sizes=\"(max-width: 1024px) 100vw, 1024px\" \/><figcaption id=\"caption-attachment-38279\" class=\"wp-caption-text\">MOC-98621 F1 McLaren MCL35M \u2013 Abu Dhabi mit 262 St\u00fcck<\/figcaption><\/figure>\n<figure id=\"attachment_38280\" aria-describedby=\"caption-attachment-38280\" style=\"width: 1100px\" class=\"wp-caption aligncenter\"><img loading=\"lazy\" decoding=\"async\" class=\"wp-image-38280 size-full\" src=\"https:\/\/mouldking.store\/wp-content\/uploads\/2022\/12\/F1-McLaren-MCL35M-Abu-Dhabi-MOC-98621-3.jpg\" alt=\"MOC-98621 F1 McLaren MCL35M \u2013 Abu Dhabi With 262 Pieces \" width=\"1100\" height=\"1100\" title=\"-\" srcset=\"https:\/\/mouldking.store\/wp-content\/uploads\/2022\/12\/F1-McLaren-MCL35M-Abu-Dhabi-MOC-98621-3.jpg 1100w, https:\/\/mouldking.store\/wp-content\/uploads\/2022\/12\/F1-McLaren-MCL35M-Abu-Dhabi-MOC-98621-3-300x300.jpg 300w, https:\/\/mouldking.store\/wp-content\/uploads\/2022\/12\/F1-McLaren-MCL35M-Abu-Dhabi-MOC-98621-3-1024x1024.jpg 1024w, https:\/\/mouldking.store\/wp-content\/uploads\/2022\/12\/F1-McLaren-MCL35M-Abu-Dhabi-MOC-98621-3-768x768.jpg 768w, https:\/\/mouldking.store\/wp-content\/uploads\/2022\/12\/F1-McLaren-MCL35M-Abu-Dhabi-MOC-98621-3-600x600.jpg 600w, https:\/\/mouldking.store\/wp-content\/uploads\/2022\/12\/F1-McLaren-MCL35M-Abu-Dhabi-MOC-98621-3-150x150.jpg 150w, https:\/\/mouldking.store\/wp-content\/uploads\/2022\/12\/F1-McLaren-MCL35M-Abu-Dhabi-MOC-98621-3-60x60.jpg 60w, https:\/\/mouldking.store\/wp-content\/uploads\/2022\/12\/F1-McLaren-MCL35M-Abu-Dhabi-MOC-98621-3-90x90.jpg 90w\" sizes=\"(max-width: 1100px) 100vw, 1100px\" \/><figcaption id=\"caption-attachment-38280\" class=\"wp-caption-text\">MOC-98621 F1 McLaren MCL35M \u2013 Abu Dhabi mit 262 St\u00fcck<\/figcaption><\/figure>\n<figure id=\"attachment_38281\" aria-describedby=\"caption-attachment-38281\" style=\"width: 1100px\" class=\"wp-caption aligncenter\"><img loading=\"lazy\" decoding=\"async\" class=\"wp-image-38281 size-full\" src=\"https:\/\/mouldking.store\/wp-content\/uploads\/2022\/12\/F1-McLaren-MCL35M-Abu-Dhabi-MOC-98621-4.jpg\" alt=\"MOC-98621 F1 McLaren MCL35M \u2013 Abu Dhabi With 262 Pieces \" width=\"1100\" height=\"1100\" title=\"-\" srcset=\"https:\/\/mouldking.store\/wp-content\/uploads\/2022\/12\/F1-McLaren-MCL35M-Abu-Dhabi-MOC-98621-4.jpg 1100w, https:\/\/mouldking.store\/wp-content\/uploads\/2022\/12\/F1-McLaren-MCL35M-Abu-Dhabi-MOC-98621-4-300x300.jpg 300w, https:\/\/mouldking.store\/wp-content\/uploads\/2022\/12\/F1-McLaren-MCL35M-Abu-Dhabi-MOC-98621-4-1024x1024.jpg 1024w, https:\/\/mouldking.store\/wp-content\/uploads\/2022\/12\/F1-McLaren-MCL35M-Abu-Dhabi-MOC-98621-4-768x768.jpg 768w, https:\/\/mouldking.store\/wp-content\/uploads\/2022\/12\/F1-McLaren-MCL35M-Abu-Dhabi-MOC-98621-4-600x600.jpg 600w, https:\/\/mouldking.store\/wp-content\/uploads\/2022\/12\/F1-McLaren-MCL35M-Abu-Dhabi-MOC-98621-4-150x150.jpg 150w, https:\/\/mouldking.store\/wp-content\/uploads\/2022\/12\/F1-McLaren-MCL35M-Abu-Dhabi-MOC-98621-4-60x60.jpg 60w, https:\/\/mouldking.store\/wp-content\/uploads\/2022\/12\/F1-McLaren-MCL35M-Abu-Dhabi-MOC-98621-4-90x90.jpg 90w\" sizes=\"(max-width: 1100px) 100vw, 1100px\" \/><figcaption id=\"caption-attachment-38281\" class=\"wp-caption-text\">MOC-98621 F1 McLaren MCL35M \u2013 Abu Dhabi mit 262 St\u00fcck<\/figcaption><\/figure>\n<figure id=\"attachment_38282\" aria-describedby=\"caption-attachment-38282\" style=\"width: 1024px\" class=\"wp-caption aligncenter\"><img loading=\"lazy\" decoding=\"async\" class=\"wp-image-38282 size-large\" src=\"https:\/\/mouldking.store\/wp-content\/uploads\/2022\/12\/F1-McLaren-MCL35M-Abu-Dhabi-MOC-98621-5-1024x1024.jpg\" alt=\"MOC-98621 F1 McLaren MCL35M \u2013 Abu Dhabi With 262 Pieces \" width=\"1024\" height=\"1024\" title=\"-\" srcset=\"https:\/\/mouldking.store\/wp-content\/uploads\/2022\/12\/F1-McLaren-MCL35M-Abu-Dhabi-MOC-98621-5-1024x1024.jpg 1024w, https:\/\/mouldking.store\/wp-content\/uploads\/2022\/12\/F1-McLaren-MCL35M-Abu-Dhabi-MOC-98621-5-300x300.jpg 300w, https:\/\/mouldking.store\/wp-content\/uploads\/2022\/12\/F1-McLaren-MCL35M-Abu-Dhabi-MOC-98621-5-768x768.jpg 768w, https:\/\/mouldking.store\/wp-content\/uploads\/2022\/12\/F1-McLaren-MCL35M-Abu-Dhabi-MOC-98621-5-600x600.jpg 600w, https:\/\/mouldking.store\/wp-content\/uploads\/2022\/12\/F1-McLaren-MCL35M-Abu-Dhabi-MOC-98621-5-150x150.jpg 150w, https:\/\/mouldking.store\/wp-content\/uploads\/2022\/12\/F1-McLaren-MCL35M-Abu-Dhabi-MOC-98621-5-60x60.jpg 60w, https:\/\/mouldking.store\/wp-content\/uploads\/2022\/12\/F1-McLaren-MCL35M-Abu-Dhabi-MOC-98621-5-90x90.jpg 90w, https:\/\/mouldking.store\/wp-content\/uploads\/2022\/12\/F1-McLaren-MCL35M-Abu-Dhabi-MOC-98621-5.jpg 1100w\" sizes=\"(max-width: 1024px) 100vw, 1024px\" \/><figcaption id=\"caption-attachment-38282\" class=\"wp-caption-text\">MOC-98621 F1 McLaren MCL35M \u2013 Abu Dhabi mit 262 St\u00fcck<\/figcaption><\/figure>","protected":false},"excerpt":{"rendered":"<p>PDF-Bauanleitung<\/p>\n<p>Ohne Originalverpackung<\/p>\n<p>Zeiteinteilung: 4-8 Wochen<\/p>","protected":false},"featured_media":38277,"comment_status":"closed","ping_status":"closed","template":"","meta":{"_acf_changed":false},"product_cat":[1360,1357,1406],"product_tag":[9693,9691,9692,9690,1744,9694,430,9689,9695,9688],"class_list":["product","first","instock","shipping-taxable","purchasable","product-type-simple"],"acf":[],"_links":{"self":[{"href":"https:\/\/mouldking.store\/de\/wp-json\/wp\/v2\/product\/38276","targetHints":{"allow":["GET"]}}],"collection":[{"href":"https:\/\/mouldking.store\/de\/wp-json\/wp\/v2\/product"}],"about":[{"href":"https:\/\/mouldking.store\/de\/wp-json\/wp\/v2\/types\/product"}],"replies":[{"embeddable":true,"href":"https:\/\/mouldking.store\/de\/wp-json\/wp\/v2\/comments?post=38276"}],"wp:featuredmedia":[{"embeddable":true,"href":"https:\/\/mouldking.store\/de\/wp-json\/wp\/v2\/media\/38277"}],"wp:attachment":[{"href":"https:\/\/mouldking.store\/de\/wp-json\/wp\/v2\/media?parent=38276"}],"wp:term":[{"taxonomy":"product_cat","embeddable":true,"href":"https:\/\/mouldking.store\/de\/wp-json\/wp\/v2\/product_cat?post=38276"},{"taxonomy":"product_tag","embeddable":true,"href":"https:\/\/mouldking.store\/de\/wp-json\/wp\/v2\/product_tag?post=38276"}],"curies":[{"name":"wp","href":"https:\/\/api.w.org\/{rel}","templated":true}]}}