{"id":38305,"date":"2022-12-21T14:19:14","date_gmt":"2022-12-21T07:19:14","guid":{"rendered":"https:\/\/mouldking.store\/?post_type=product&#038;p=38305"},"modified":"2025-12-25T09:12:04","modified_gmt":"2025-12-25T02:12:04","slug":"moc-93214-indycar-1999-nhf-andretti-circuit-with-260-pieces","status":"publish","type":"product","link":"https:\/\/mouldking.store\/de\/shop\/moc-93214-indycar-1999-nhf-andretti-circuit-with-260-pieces\/","title":{"rendered":"MOC-93214 Indycar 1999 NHF Andretti Circuit mit 260 St\u00fcck"},"content":{"rendered":"<ol>\n<li>Marke: MOC<\/li>\n<li>Geschlecht: Unisex<\/li>\n<li>Name: Indycar 1999 NHF Andretti Circuit<\/li>\n<li>Altersspanne: &gt; 6 Jahre alt<\/li>\n<li>Model Number: 93214<\/li>\n<li>Einstufung: Assemblage<\/li>\n<li>Kunststoffblockform: Selbstsichernde Steine<\/li>\n<li>Material: Kunststoff<\/li>\n<li>Kunststofftyp: ABS<\/li>\n<li>Bricks Blocks:260 PCS<\/li>\n<li>Gewicht: 300 g<\/li>\n<li>Enth\u00e4lt eine ausf\u00fchrliche Montageanleitung.<\/li>\n<\/ol>\n<p>Notiz:<br \/>\n1. Ohne Originalverpackung, aber wir garantieren, dass unsere Produkte eine Qualit\u00e4tssicherung und eine sch\u00f6ne Verpackung haben.<br \/>\n2. Wie alle Teile, die wir vor dem Versand \u00fcberpr\u00fcft haben, machen Sie sich keine Sorgen, wenn Sie feststellen, dass einige Teile fehlen oder besch\u00e4digt sind, und kontaktieren Sie uns einfach, und wir k\u00f6nnen sie Ihnen umgehend kostenlos erneut zusenden.<\/p>\n<figure id=\"attachment_38306\" aria-describedby=\"caption-attachment-38306\" style=\"width: 1024px\" class=\"wp-caption aligncenter\"><img fetchpriority=\"high\" decoding=\"async\" class=\"wp-image-38306 size-large\" src=\"https:\/\/mouldking.store\/wp-content\/uploads\/2022\/12\/MOC-93214-Technic-Indycar-1999-NHF-Andretti-Circuit-MOC-FACTORY-1024x1024.png\" alt=\"MOC-93214 Indycar 1999 NHF Andretti Circuit With 260 Pieces\" width=\"1024\" height=\"1024\" title=\"-\" srcset=\"https:\/\/mouldking.store\/wp-content\/uploads\/2022\/12\/MOC-93214-Technic-Indycar-1999-NHF-Andretti-Circuit-MOC-FACTORY-1024x1024.png 1024w, https:\/\/mouldking.store\/wp-content\/uploads\/2022\/12\/MOC-93214-Technic-Indycar-1999-NHF-Andretti-Circuit-MOC-FACTORY-300x300.png 300w, https:\/\/mouldking.store\/wp-content\/uploads\/2022\/12\/MOC-93214-Technic-Indycar-1999-NHF-Andretti-Circuit-MOC-FACTORY-768x768.png 768w, https:\/\/mouldking.store\/wp-content\/uploads\/2022\/12\/MOC-93214-Technic-Indycar-1999-NHF-Andretti-Circuit-MOC-FACTORY-600x600.png 600w, https:\/\/mouldking.store\/wp-content\/uploads\/2022\/12\/MOC-93214-Technic-Indycar-1999-NHF-Andretti-Circuit-MOC-FACTORY-150x150.png 150w, https:\/\/mouldking.store\/wp-content\/uploads\/2022\/12\/MOC-93214-Technic-Indycar-1999-NHF-Andretti-Circuit-MOC-FACTORY-60x60.png 60w, https:\/\/mouldking.store\/wp-content\/uploads\/2022\/12\/MOC-93214-Technic-Indycar-1999-NHF-Andretti-Circuit-MOC-FACTORY-90x90.png 90w, https:\/\/mouldking.store\/wp-content\/uploads\/2022\/12\/MOC-93214-Technic-Indycar-1999-NHF-Andretti-Circuit-MOC-FACTORY.png 1095w\" sizes=\"(max-width: 1024px) 100vw, 1024px\" \/><figcaption id=\"caption-attachment-38306\" class=\"wp-caption-text\">MOC-93214 Indycar 1999 NHF Andretti Circuit mit 260 St\u00fcck<\/figcaption><\/figure>\n<figure id=\"attachment_38307\" aria-describedby=\"caption-attachment-38307\" style=\"width: 1024px\" class=\"wp-caption aligncenter\"><img decoding=\"async\" class=\"wp-image-38307 size-large\" src=\"https:\/\/mouldking.store\/wp-content\/uploads\/2022\/12\/Indycar-1999-NHF-Andretti-Circuit-MOC-93214-1-1024x1024.jpg\" alt=\"MOC-93214 Indycar 1999 NHF Andretti Circuit With 260 Pieces\" width=\"1024\" height=\"1024\" title=\"-\" srcset=\"https:\/\/mouldking.store\/wp-content\/uploads\/2022\/12\/Indycar-1999-NHF-Andretti-Circuit-MOC-93214-1-1024x1024.jpg 1024w, https:\/\/mouldking.store\/wp-content\/uploads\/2022\/12\/Indycar-1999-NHF-Andretti-Circuit-MOC-93214-1-300x300.jpg 300w, https:\/\/mouldking.store\/wp-content\/uploads\/2022\/12\/Indycar-1999-NHF-Andretti-Circuit-MOC-93214-1-768x768.jpg 768w, https:\/\/mouldking.store\/wp-content\/uploads\/2022\/12\/Indycar-1999-NHF-Andretti-Circuit-MOC-93214-1-600x600.jpg 600w, https:\/\/mouldking.store\/wp-content\/uploads\/2022\/12\/Indycar-1999-NHF-Andretti-Circuit-MOC-93214-1-150x150.jpg 150w, https:\/\/mouldking.store\/wp-content\/uploads\/2022\/12\/Indycar-1999-NHF-Andretti-Circuit-MOC-93214-1-60x60.jpg 60w, https:\/\/mouldking.store\/wp-content\/uploads\/2022\/12\/Indycar-1999-NHF-Andretti-Circuit-MOC-93214-1-90x90.jpg 90w, https:\/\/mouldking.store\/wp-content\/uploads\/2022\/12\/Indycar-1999-NHF-Andretti-Circuit-MOC-93214-1.jpg 1100w\" sizes=\"(max-width: 1024px) 100vw, 1024px\" \/><figcaption id=\"caption-attachment-38307\" class=\"wp-caption-text\">MOC-93214 Indycar 1999 NHF Andretti Circuit mit 260 St\u00fcck<\/figcaption><\/figure>\n<figure id=\"attachment_38308\" aria-describedby=\"caption-attachment-38308\" style=\"width: 1024px\" class=\"wp-caption aligncenter\"><img decoding=\"async\" class=\"wp-image-38308 size-large\" src=\"https:\/\/mouldking.store\/wp-content\/uploads\/2022\/12\/Indycar-1999-NHF-Andretti-Circuit-MOC-93214-2-1024x1024.jpg\" alt=\"MOC-93214 Indycar 1999 NHF Andretti Circuit With 260 Pieces\" width=\"1024\" height=\"1024\" title=\"-\" srcset=\"https:\/\/mouldking.store\/wp-content\/uploads\/2022\/12\/Indycar-1999-NHF-Andretti-Circuit-MOC-93214-2-1024x1024.jpg 1024w, https:\/\/mouldking.store\/wp-content\/uploads\/2022\/12\/Indycar-1999-NHF-Andretti-Circuit-MOC-93214-2-300x300.jpg 300w, https:\/\/mouldking.store\/wp-content\/uploads\/2022\/12\/Indycar-1999-NHF-Andretti-Circuit-MOC-93214-2-768x768.jpg 768w, https:\/\/mouldking.store\/wp-content\/uploads\/2022\/12\/Indycar-1999-NHF-Andretti-Circuit-MOC-93214-2-600x600.jpg 600w, https:\/\/mouldking.store\/wp-content\/uploads\/2022\/12\/Indycar-1999-NHF-Andretti-Circuit-MOC-93214-2-150x150.jpg 150w, https:\/\/mouldking.store\/wp-content\/uploads\/2022\/12\/Indycar-1999-NHF-Andretti-Circuit-MOC-93214-2-60x60.jpg 60w, https:\/\/mouldking.store\/wp-content\/uploads\/2022\/12\/Indycar-1999-NHF-Andretti-Circuit-MOC-93214-2-90x90.jpg 90w, https:\/\/mouldking.store\/wp-content\/uploads\/2022\/12\/Indycar-1999-NHF-Andretti-Circuit-MOC-93214-2.jpg 1100w\" sizes=\"(max-width: 1024px) 100vw, 1024px\" \/><figcaption id=\"caption-attachment-38308\" class=\"wp-caption-text\">MOC-93214 Indycar 1999 NHF Andretti Circuit mit 260 St\u00fcck<\/figcaption><\/figure>\n<figure id=\"attachment_38309\" aria-describedby=\"caption-attachment-38309\" style=\"width: 1024px\" class=\"wp-caption aligncenter\"><img loading=\"lazy\" decoding=\"async\" class=\"wp-image-38309 size-large\" src=\"https:\/\/mouldking.store\/wp-content\/uploads\/2022\/12\/Indycar-1999-NHF-Andretti-Circuit-MOC-93214-3-1024x1024.jpg\" alt=\"MOC-93214 Indycar 1999 NHF Andretti Circuit With 260 Pieces\" width=\"1024\" height=\"1024\" title=\"-\" srcset=\"https:\/\/mouldking.store\/wp-content\/uploads\/2022\/12\/Indycar-1999-NHF-Andretti-Circuit-MOC-93214-3-1024x1024.jpg 1024w, https:\/\/mouldking.store\/wp-content\/uploads\/2022\/12\/Indycar-1999-NHF-Andretti-Circuit-MOC-93214-3-300x300.jpg 300w, https:\/\/mouldking.store\/wp-content\/uploads\/2022\/12\/Indycar-1999-NHF-Andretti-Circuit-MOC-93214-3-768x768.jpg 768w, https:\/\/mouldking.store\/wp-content\/uploads\/2022\/12\/Indycar-1999-NHF-Andretti-Circuit-MOC-93214-3-600x600.jpg 600w, https:\/\/mouldking.store\/wp-content\/uploads\/2022\/12\/Indycar-1999-NHF-Andretti-Circuit-MOC-93214-3-150x150.jpg 150w, https:\/\/mouldking.store\/wp-content\/uploads\/2022\/12\/Indycar-1999-NHF-Andretti-Circuit-MOC-93214-3-60x60.jpg 60w, https:\/\/mouldking.store\/wp-content\/uploads\/2022\/12\/Indycar-1999-NHF-Andretti-Circuit-MOC-93214-3-90x90.jpg 90w, https:\/\/mouldking.store\/wp-content\/uploads\/2022\/12\/Indycar-1999-NHF-Andretti-Circuit-MOC-93214-3.jpg 1100w\" sizes=\"(max-width: 1024px) 100vw, 1024px\" \/><figcaption id=\"caption-attachment-38309\" class=\"wp-caption-text\">MOC-93214 Indycar 1999 NHF Andretti Circuit mit 260 St\u00fcck<\/figcaption><\/figure>\n<figure id=\"attachment_38310\" aria-describedby=\"caption-attachment-38310\" style=\"width: 1024px\" class=\"wp-caption aligncenter\"><img loading=\"lazy\" decoding=\"async\" class=\"wp-image-38310 size-large\" src=\"https:\/\/mouldking.store\/wp-content\/uploads\/2022\/12\/Indycar-1999-NHF-Andretti-Circuit-MOC-93214-4-1024x1024.jpg\" alt=\"MOC-93214 Indycar 1999 NHF Andretti Circuit With 260 Pieces\" width=\"1024\" height=\"1024\" title=\"-\" srcset=\"https:\/\/mouldking.store\/wp-content\/uploads\/2022\/12\/Indycar-1999-NHF-Andretti-Circuit-MOC-93214-4-1024x1024.jpg 1024w, https:\/\/mouldking.store\/wp-content\/uploads\/2022\/12\/Indycar-1999-NHF-Andretti-Circuit-MOC-93214-4-300x300.jpg 300w, https:\/\/mouldking.store\/wp-content\/uploads\/2022\/12\/Indycar-1999-NHF-Andretti-Circuit-MOC-93214-4-768x768.jpg 768w, https:\/\/mouldking.store\/wp-content\/uploads\/2022\/12\/Indycar-1999-NHF-Andretti-Circuit-MOC-93214-4-600x600.jpg 600w, https:\/\/mouldking.store\/wp-content\/uploads\/2022\/12\/Indycar-1999-NHF-Andretti-Circuit-MOC-93214-4-150x150.jpg 150w, https:\/\/mouldking.store\/wp-content\/uploads\/2022\/12\/Indycar-1999-NHF-Andretti-Circuit-MOC-93214-4-60x60.jpg 60w, https:\/\/mouldking.store\/wp-content\/uploads\/2022\/12\/Indycar-1999-NHF-Andretti-Circuit-MOC-93214-4-90x90.jpg 90w, https:\/\/mouldking.store\/wp-content\/uploads\/2022\/12\/Indycar-1999-NHF-Andretti-Circuit-MOC-93214-4.jpg 1100w\" sizes=\"(max-width: 1024px) 100vw, 1024px\" \/><figcaption id=\"caption-attachment-38310\" class=\"wp-caption-text\">MOC-93214 Indycar 1999 NHF Andretti Circuit mit 260 St\u00fcck<\/figcaption><\/figure>\n<figure id=\"attachment_38311\" aria-describedby=\"caption-attachment-38311\" style=\"width: 1024px\" class=\"wp-caption aligncenter\"><img loading=\"lazy\" decoding=\"async\" class=\"wp-image-38311 size-large\" src=\"https:\/\/mouldking.store\/wp-content\/uploads\/2022\/12\/Indycar-1999-NHF-Andretti-Circuit-MOC-93214-5-1024x1024.jpg\" alt=\"MOC-93214 Indycar 1999 NHF Andretti Circuit With 260 Pieces\" width=\"1024\" height=\"1024\" title=\"-\" srcset=\"https:\/\/mouldking.store\/wp-content\/uploads\/2022\/12\/Indycar-1999-NHF-Andretti-Circuit-MOC-93214-5-1024x1024.jpg 1024w, https:\/\/mouldking.store\/wp-content\/uploads\/2022\/12\/Indycar-1999-NHF-Andretti-Circuit-MOC-93214-5-300x300.jpg 300w, https:\/\/mouldking.store\/wp-content\/uploads\/2022\/12\/Indycar-1999-NHF-Andretti-Circuit-MOC-93214-5-768x768.jpg 768w, https:\/\/mouldking.store\/wp-content\/uploads\/2022\/12\/Indycar-1999-NHF-Andretti-Circuit-MOC-93214-5-600x600.jpg 600w, https:\/\/mouldking.store\/wp-content\/uploads\/2022\/12\/Indycar-1999-NHF-Andretti-Circuit-MOC-93214-5-150x150.jpg 150w, https:\/\/mouldking.store\/wp-content\/uploads\/2022\/12\/Indycar-1999-NHF-Andretti-Circuit-MOC-93214-5-60x60.jpg 60w, https:\/\/mouldking.store\/wp-content\/uploads\/2022\/12\/Indycar-1999-NHF-Andretti-Circuit-MOC-93214-5-90x90.jpg 90w, https:\/\/mouldking.store\/wp-content\/uploads\/2022\/12\/Indycar-1999-NHF-Andretti-Circuit-MOC-93214-5.jpg 1100w\" sizes=\"(max-width: 1024px) 100vw, 1024px\" \/><figcaption id=\"caption-attachment-38311\" class=\"wp-caption-text\">MOC-93214 Indycar 1999 NHF Andretti Circuit mit 260 St\u00fcck<\/figcaption><\/figure>","protected":false},"excerpt":{"rendered":"<p>PDF-Bauanleitung<\/p>\n<p>Ohne Originalverpackung<\/p>\n<p>Zeiteinteilung: 4-8 Wochen<\/p>","protected":false},"featured_media":38306,"comment_status":"closed","ping_status":"closed","template":"","meta":{"_acf_changed":false},"product_cat":[1360,1357,1406],"product_tag":[9719,9721,9724,9712,9709,9722,9723,9725,430,9718,9726,9717,9720],"class_list":["product","first","instock","shipping-taxable","purchasable","product-type-simple"],"acf":[],"_links":{"self":[{"href":"https:\/\/mouldking.store\/de\/wp-json\/wp\/v2\/product\/38305","targetHints":{"allow":["GET"]}}],"collection":[{"href":"https:\/\/mouldking.store\/de\/wp-json\/wp\/v2\/product"}],"about":[{"href":"https:\/\/mouldking.store\/de\/wp-json\/wp\/v2\/types\/product"}],"replies":[{"embeddable":true,"href":"https:\/\/mouldking.store\/de\/wp-json\/wp\/v2\/comments?post=38305"}],"wp:featuredmedia":[{"embeddable":true,"href":"https:\/\/mouldking.store\/de\/wp-json\/wp\/v2\/media\/38306"}],"wp:attachment":[{"href":"https:\/\/mouldking.store\/de\/wp-json\/wp\/v2\/media?parent=38305"}],"wp:term":[{"taxonomy":"product_cat","embeddable":true,"href":"https:\/\/mouldking.store\/de\/wp-json\/wp\/v2\/product_cat?post=38305"},{"taxonomy":"product_tag","embeddable":true,"href":"https:\/\/mouldking.store\/de\/wp-json\/wp\/v2\/product_tag?post=38305"}],"curies":[{"name":"wp","href":"https:\/\/api.w.org\/{rel}","templated":true}]}}